{"id":51452,"date":"2025-12-12T19:33:52","date_gmt":"2025-12-12T18:33:52","guid":{"rendered":"https:\/\/test.ecbeaute.com\/?post_type=product&#038;p=51452"},"modified":"2025-12-12T19:33:57","modified_gmt":"2025-12-12T18:33:57","slug":"skinor-huile-essentielle-de-lavande-15-ml","status":"publish","type":"product","link":"https:\/\/paracherkaoui.ma\/index.php\/produit\/skinor-huile-essentielle-de-lavande-15-ml\/","title":{"rendered":"SKINOR HUILE ESSENTIELLE DE LAVANDE 15 ML"},"content":{"rendered":"<p>Cette huile essentielle polyvalente est connue pour favoriser une circulation normale et participer \u00e0 \u00e9liminer les liquides, puis faciliter bien entendu la relaxation et le repos nocturne\u2026<br \/>\nToutefois, elle est indiqu\u00e9e \u00e9galement pour traiter et apaiser les affections cutan\u00e9es. Par exemple, elle aide \u00e0 d\u00e9sinfecter le cuir chevelu. Par ailleurs, sa magie s\u2019\u00e9tend bien au-del\u00e0\u2026 Car, concernant la peau, elle en soigne les br\u00fblures superficielles, elle favorise les cicatrisations, qu\u2019il s\u2019agisse d\u2019ecz\u00e9ma, de couperose ou autres. Elle peut \u00eatre m\u00e9lang\u00e9e \u00e0 de l\u2019huile v\u00e9g\u00e9tale selon indication.<\/p>\n","protected":false},"excerpt":{"rendered":"<p>Cette huile essentielle polyvalente est connue pour favoriser une circulation normale et participer \u00e0 \u00e9liminer les liquides, puis faciliter bien<\/p>\n","protected":false},"featured_media":51491,"comment_status":"open","ping_status":"closed","template":"","meta":[],"product_brand":[213],"product_cat":[964],"product_tag":[],"class_list":{"0":"post-51452","1":"product","2":"type-product","3":"status-publish","4":"has-post-thumbnail","6":"product_brand-skinor","7":"product_cat-aromatherapie","9":"first","10":"instock","11":"sale","12":"shipping-taxable","13":"purchasable","14":"product-type-simple"},"yoast_head":"<!-- This site is optimized with the Yoast SEO plugin v26.6 - https:\/\/yoast.com\/wordpress\/plugins\/seo\/ -->\r\n<title>SKINOR HUILE ESSENTIELLE DE LAVANDE 15 ML - Paracherkaoui.ma<\/title>\r\n<meta name=\"robots\" content=\"index, follow, max-snippet:-1, max-image-preview:large, max-video-preview:-1\" \/>\r\n<link rel=\"canonical\" href=\"https:\/\/paracherkaoui.ma\/index.php\/produit\/skinor-huile-essentielle-de-lavande-15-ml\/\" \/>\r\n<meta property=\"og:locale\" content=\"fr_FR\" \/>\r\n<meta property=\"og:type\" content=\"article\" \/>\r\n<meta property=\"og:title\" content=\"SKINOR HUILE ESSENTIELLE DE LAVANDE 15 ML - Paracherkaoui.ma\" \/>\r\n<meta property=\"og:description\" content=\"Cette huile essentielle polyvalente est connue pour favoriser une circulation normale et participer \u00e0 \u00e9liminer les liquides, puis faciliter bien\" \/>\r\n<meta property=\"og:url\" content=\"https:\/\/paracherkaoui.ma\/index.php\/produit\/skinor-huile-essentielle-de-lavande-15-ml\/\" \/>\r\n<meta property=\"og:site_name\" content=\"Paracherkaoui.ma\" \/>\r\n<meta property=\"article:modified_time\" content=\"2025-12-12T18:33:57+00:00\" \/>\r\n<meta property=\"og:image\" content=\"https:\/\/paracherkaoui.ma\/wp-content\/uploads\/2025\/12\/skinor-skinor-huile-essentielle-de-lavande-15-ml-huiles-essentielles.jpg\" \/>\r\n\t<meta property=\"og:image:width\" content=\"700\" \/>\r\n\t<meta property=\"og:image:height\" content=\"700\" \/>\r\n\t<meta property=\"og:image:type\" content=\"image\/jpeg\" \/>\r\n<meta name=\"twitter:card\" content=\"summary_large_image\" \/>\r\n<script type=\"application\/ld+json\" class=\"yoast-schema-graph\">{\"@context\":\"https:\/\/schema.org\",\"@graph\":[{\"@type\":\"WebPage\",\"@id\":\"https:\/\/paracherkaoui.ma\/index.php\/produit\/skinor-huile-essentielle-de-lavande-15-ml\/\",\"url\":\"https:\/\/paracherkaoui.ma\/index.php\/produit\/skinor-huile-essentielle-de-lavande-15-ml\/\",\"name\":\"SKINOR HUILE ESSENTIELLE DE LAVANDE 15 ML - Paracherkaoui.ma\",\"isPartOf\":{\"@id\":\"https:\/\/paracherkaoui.ma\/#website\"},\"primaryImageOfPage\":{\"@id\":\"https:\/\/paracherkaoui.ma\/index.php\/produit\/skinor-huile-essentielle-de-lavande-15-ml\/#primaryimage\"},\"image\":{\"@id\":\"https:\/\/paracherkaoui.ma\/index.php\/produit\/skinor-huile-essentielle-de-lavande-15-ml\/#primaryimage\"},\"thumbnailUrl\":\"https:\/\/paracherkaoui.ma\/wp-content\/uploads\/2025\/12\/skinor-skinor-huile-essentielle-de-lavande-15-ml-huiles-essentielles.jpg\",\"datePublished\":\"2025-12-12T18:33:52+00:00\",\"dateModified\":\"2025-12-12T18:33:57+00:00\",\"breadcrumb\":{\"@id\":\"https:\/\/paracherkaoui.ma\/index.php\/produit\/skinor-huile-essentielle-de-lavande-15-ml\/#breadcrumb\"},\"inLanguage\":\"fr-FR\",\"potentialAction\":[{\"@type\":\"ReadAction\",\"target\":[\"https:\/\/paracherkaoui.ma\/index.php\/produit\/skinor-huile-essentielle-de-lavande-15-ml\/\"]}]},{\"@type\":\"ImageObject\",\"inLanguage\":\"fr-FR\",\"@id\":\"https:\/\/paracherkaoui.ma\/index.php\/produit\/skinor-huile-essentielle-de-lavande-15-ml\/#primaryimage\",\"url\":\"https:\/\/paracherkaoui.ma\/wp-content\/uploads\/2025\/12\/skinor-skinor-huile-essentielle-de-lavande-15-ml-huiles-essentielles.jpg\",\"contentUrl\":\"https:\/\/paracherkaoui.ma\/wp-content\/uploads\/2025\/12\/skinor-skinor-huile-essentielle-de-lavande-15-ml-huiles-essentielles.jpg\",\"width\":700,\"height\":700},{\"@type\":\"BreadcrumbList\",\"@id\":\"https:\/\/paracherkaoui.ma\/index.php\/produit\/skinor-huile-essentielle-de-lavande-15-ml\/#breadcrumb\",\"itemListElement\":[{\"@type\":\"ListItem\",\"position\":1,\"name\":\"Accueil\",\"item\":\"https:\/\/paracherkaoui.ma\/\"},{\"@type\":\"ListItem\",\"position\":2,\"name\":\"Boutique\",\"item\":\"https:\/\/paracherkaoui.ma\/index.php\/boutique\/\"},{\"@type\":\"ListItem\",\"position\":3,\"name\":\"SKINOR HUILE ESSENTIELLE DE LAVANDE 15 ML\"}]},{\"@type\":\"WebSite\",\"@id\":\"https:\/\/paracherkaoui.ma\/#website\",\"url\":\"https:\/\/paracherkaoui.ma\/\",\"name\":\"Paracherkaoui.ma\",\"description\":\"Achetez en ligne sur Paracherkaoui.ma\",\"potentialAction\":[{\"@type\":\"SearchAction\",\"target\":{\"@type\":\"EntryPoint\",\"urlTemplate\":\"https:\/\/paracherkaoui.ma\/?s={search_term_string}\"},\"query-input\":{\"@type\":\"PropertyValueSpecification\",\"valueRequired\":true,\"valueName\":\"search_term_string\"}}],\"inLanguage\":\"fr-FR\"}]}<\/script>\r\n<!-- \/ Yoast SEO plugin. -->","yoast_head_json":{"title":"SKINOR HUILE ESSENTIELLE DE LAVANDE 15 ML - Paracherkaoui.ma","robots":{"index":"index","follow":"follow","max-snippet":"max-snippet:-1","max-image-preview":"max-image-preview:large","max-video-preview":"max-video-preview:-1"},"canonical":"https:\/\/paracherkaoui.ma\/index.php\/produit\/skinor-huile-essentielle-de-lavande-15-ml\/","og_locale":"fr_FR","og_type":"article","og_title":"SKINOR HUILE ESSENTIELLE DE LAVANDE 15 ML - Paracherkaoui.ma","og_description":"Cette huile essentielle polyvalente est connue pour favoriser une circulation normale et participer \u00e0 \u00e9liminer les liquides, puis faciliter bien","og_url":"https:\/\/paracherkaoui.ma\/index.php\/produit\/skinor-huile-essentielle-de-lavande-15-ml\/","og_site_name":"Paracherkaoui.ma","article_modified_time":"2025-12-12T18:33:57+00:00","og_image":[{"width":700,"height":700,"url":"https:\/\/paracherkaoui.ma\/wp-content\/uploads\/2025\/12\/skinor-skinor-huile-essentielle-de-lavande-15-ml-huiles-essentielles.jpg","type":"image\/jpeg"}],"twitter_card":"summary_large_image","schema":{"@context":"https:\/\/schema.org","@graph":[{"@type":"WebPage","@id":"https:\/\/paracherkaoui.ma\/index.php\/produit\/skinor-huile-essentielle-de-lavande-15-ml\/","url":"https:\/\/paracherkaoui.ma\/index.php\/produit\/skinor-huile-essentielle-de-lavande-15-ml\/","name":"SKINOR HUILE ESSENTIELLE DE LAVANDE 15 ML - Paracherkaoui.ma","isPartOf":{"@id":"https:\/\/paracherkaoui.ma\/#website"},"primaryImageOfPage":{"@id":"https:\/\/paracherkaoui.ma\/index.php\/produit\/skinor-huile-essentielle-de-lavande-15-ml\/#primaryimage"},"image":{"@id":"https:\/\/paracherkaoui.ma\/index.php\/produit\/skinor-huile-essentielle-de-lavande-15-ml\/#primaryimage"},"thumbnailUrl":"https:\/\/paracherkaoui.ma\/wp-content\/uploads\/2025\/12\/skinor-skinor-huile-essentielle-de-lavande-15-ml-huiles-essentielles.jpg","datePublished":"2025-12-12T18:33:52+00:00","dateModified":"2025-12-12T18:33:57+00:00","breadcrumb":{"@id":"https:\/\/paracherkaoui.ma\/index.php\/produit\/skinor-huile-essentielle-de-lavande-15-ml\/#breadcrumb"},"inLanguage":"fr-FR","potentialAction":[{"@type":"ReadAction","target":["https:\/\/paracherkaoui.ma\/index.php\/produit\/skinor-huile-essentielle-de-lavande-15-ml\/"]}]},{"@type":"ImageObject","inLanguage":"fr-FR","@id":"https:\/\/paracherkaoui.ma\/index.php\/produit\/skinor-huile-essentielle-de-lavande-15-ml\/#primaryimage","url":"https:\/\/paracherkaoui.ma\/wp-content\/uploads\/2025\/12\/skinor-skinor-huile-essentielle-de-lavande-15-ml-huiles-essentielles.jpg","contentUrl":"https:\/\/paracherkaoui.ma\/wp-content\/uploads\/2025\/12\/skinor-skinor-huile-essentielle-de-lavande-15-ml-huiles-essentielles.jpg","width":700,"height":700},{"@type":"BreadcrumbList","@id":"https:\/\/paracherkaoui.ma\/index.php\/produit\/skinor-huile-essentielle-de-lavande-15-ml\/#breadcrumb","itemListElement":[{"@type":"ListItem","position":1,"name":"Accueil","item":"https:\/\/paracherkaoui.ma\/"},{"@type":"ListItem","position":2,"name":"Boutique","item":"https:\/\/paracherkaoui.ma\/index.php\/boutique\/"},{"@type":"ListItem","position":3,"name":"SKINOR HUILE ESSENTIELLE DE LAVANDE 15 ML"}]},{"@type":"WebSite","@id":"https:\/\/paracherkaoui.ma\/#website","url":"https:\/\/paracherkaoui.ma\/","name":"Paracherkaoui.ma","description":"Achetez en ligne sur Paracherkaoui.ma","potentialAction":[{"@type":"SearchAction","target":{"@type":"EntryPoint","urlTemplate":"https:\/\/paracherkaoui.ma\/?s={search_term_string}"},"query-input":{"@type":"PropertyValueSpecification","valueRequired":true,"valueName":"search_term_string"}}],"inLanguage":"fr-FR"}]}},"_links":{"self":[{"href":"https:\/\/paracherkaoui.ma\/index.php\/wp-json\/wp\/v2\/product\/51452","targetHints":{"allow":["GET"]}}],"collection":[{"href":"https:\/\/paracherkaoui.ma\/index.php\/wp-json\/wp\/v2\/product"}],"about":[{"href":"https:\/\/paracherkaoui.ma\/index.php\/wp-json\/wp\/v2\/types\/product"}],"replies":[{"embeddable":true,"href":"https:\/\/paracherkaoui.ma\/index.php\/wp-json\/wp\/v2\/comments?post=51452"}],"version-history":[{"count":1,"href":"https:\/\/paracherkaoui.ma\/index.php\/wp-json\/wp\/v2\/product\/51452\/revisions"}],"predecessor-version":[{"id":51492,"href":"https:\/\/paracherkaoui.ma\/index.php\/wp-json\/wp\/v2\/product\/51452\/revisions\/51492"}],"wp:featuredmedia":[{"embeddable":true,"href":"https:\/\/paracherkaoui.ma\/index.php\/wp-json\/wp\/v2\/media\/51491"}],"wp:attachment":[{"href":"https:\/\/paracherkaoui.ma\/index.php\/wp-json\/wp\/v2\/media?parent=51452"}],"wp:term":[{"taxonomy":"product_brand","embeddable":true,"href":"https:\/\/paracherkaoui.ma\/index.php\/wp-json\/wp\/v2\/product_brand?post=51452"},{"taxonomy":"product_cat","embeddable":true,"href":"https:\/\/paracherkaoui.ma\/index.php\/wp-json\/wp\/v2\/product_cat?post=51452"},{"taxonomy":"product_tag","embeddable":true,"href":"https:\/\/paracherkaoui.ma\/index.php\/wp-json\/wp\/v2\/product_tag?post=51452"}],"curies":[{"name":"wp","href":"https:\/\/api.w.org\/{rel}","templated":true}]}}