{"id":51373,"date":"2025-12-12T19:33:43","date_gmt":"2025-12-12T18:33:43","guid":{"rendered":"https:\/\/test.ecbeaute.com\/?post_type=product&#038;p=51373"},"modified":"2025-12-12T19:33:50","modified_gmt":"2025-12-12T18:33:50","slug":"weleda-huile-de-massage-sport-a-larnica-100-ml","status":"publish","type":"product","link":"https:\/\/paracherkaoui.ma\/index.php\/produit\/weleda-huile-de-massage-sport-a-larnica-100-ml\/","title":{"rendered":"WELEDA HUILE DE MASSAGE SPORT A L&rsquo;ARNICA 100 ML"},"content":{"rendered":"<p>Cette huile de massage a \u00e9t\u00e9 sp\u00e9cialement formul\u00e9e pour faciliter la pr\u00e9paration et la r\u00e9cup\u00e9ration sportives. L&rsquo;extrait d&rsquo;Arnica bio soulage. Les huiles bio de tournesol et d&rsquo;olive garantissent une glisse optimale lors des massages. Les huiles essentielles de lavande et de romarin au parfum aromatique renforcent les effets tonifiants et d\u00e9contractants du massage.<br \/>\nLes masseurs-kin\u00e9sith\u00e9rapeutes et les sportifs de haut niveau pl\u00e9biscitent cette huile de massage.<br \/>\nN\u00b01 des huiles<br \/>\n*Source : IQVIA \u2013 PharmaOne \u2013 Pharmatrend \u2013 march\u00e9 des hydratants \u00e9mollients corps femme huiles en pharmacie \u2013 CUF Juin 2019 \u2013 en volume.<br \/>\nPour qui ?<br \/>\n\u2022 Pour les sportifs avant et apr\u00e8s l&rsquo;effort physique<br \/>\n\u2022 Pour les masseurs-kin\u00e9sith\u00e9rapeutes en particulier en kin\u00e9sith\u00e9rapie du sport<br \/>\n\u2022 Pour les personnes sujettes aux fatigues et raideurs apr\u00e8s l&rsquo;effort<br \/>\n\u2022 En cas de perte de tonus (frilosit\u00e9, s\u00e9dentarit\u00e9&#8230;)<br \/>\nUtilisation par le sportif<br \/>\nLes qualit\u00e9s intrins\u00e8ques de l&rsquo;Huile de Massage \u00e0 l&rsquo;Arnica Weleda sont \u00e0 l&rsquo;origine du succ\u00e8s de ce produit, qui est devenu aujourd&rsquo;hui un grand classique pour les sportifs et les masseurs-kin\u00e9sith\u00e9rapeutes. Qu&rsquo;ils soient comp\u00e9titeurs de haut niveau ou \u00ab\u00a0sportifs du dimanche\u00a0\u00bb, tous reconnaissent les bienfaits de ce produit pour la pr\u00e9paration et la r\u00e9cup\u00e9ration sportives.<br \/>\n\u2022 Avant l&rsquo;effort : Un massage l\u00e9ger sur les bras et les jambes suivi d&rsquo;un \u00e9chauffement appropri\u00e9 va permettre la pr\u00e9paration \u00e0 l&rsquo;effort.<br \/>\n\u2022 Apr\u00e8s l&rsquo;effort : Apr\u00e8s la douche ou le bain, un massage ample et lent sur une peau humide aide \u00e0 pr\u00e9venir l&rsquo;apparition des raideurs et facilite la r\u00e9cup\u00e9ration.<br \/>\nUtilisation en dehors du sport<br \/>\n\u2022 R\u00e9chauffante, elle maintient la chaleur naturelle de l&rsquo;organisme<br \/>\n\u2022 \u00c9molliente, elle nourrit, assouplit la peau<br \/>\n\u2022 De texture fluide, elle p\u00e9n\u00e8tre facilement et procure un bien-\u00eatre imm\u00e9diat et durable. Gr\u00e2ce \u00e0 son action r\u00e9chauffante, elle permet \u00e9galement de soutenir l&rsquo;organisme en cas de perte de tonus (frilosit\u00e9, s\u00e9dentarit\u00e9&#8230;)<\/p>\n","protected":false},"excerpt":{"rendered":"<p>Cette huile de massage a \u00e9t\u00e9 sp\u00e9cialement formul\u00e9e pour faciliter la pr\u00e9paration et la r\u00e9cup\u00e9ration sportives. L&rsquo;extrait d&rsquo;Arnica bio soulage.<\/p>\n","protected":false},"featured_media":51431,"comment_status":"open","ping_status":"closed","template":"","meta":[],"product_brand":[313],"product_cat":[945],"product_tag":[],"class_list":{"0":"post-51373","1":"product","2":"type-product","3":"status-publish","4":"has-post-thumbnail","6":"product_brand-weleda","7":"product_cat-soins-premiers-secours","9":"first","10":"instock","11":"shipping-taxable","12":"purchasable","13":"product-type-simple"},"yoast_head":"<!-- This site is optimized with the Yoast SEO plugin v26.6 - https:\/\/yoast.com\/wordpress\/plugins\/seo\/ -->\r\n<title>WELEDA HUILE DE MASSAGE SPORT A L&#039;ARNICA 100 ML - Paracherkaoui.ma<\/title>\r\n<meta name=\"robots\" content=\"index, follow, max-snippet:-1, max-image-preview:large, max-video-preview:-1\" \/>\r\n<link rel=\"canonical\" href=\"https:\/\/paracherkaoui.ma\/index.php\/produit\/weleda-huile-de-massage-sport-a-larnica-100-ml\/\" \/>\r\n<meta property=\"og:locale\" content=\"fr_FR\" \/>\r\n<meta property=\"og:type\" content=\"article\" \/>\r\n<meta property=\"og:title\" content=\"WELEDA HUILE DE MASSAGE SPORT A L&#039;ARNICA 100 ML - Paracherkaoui.ma\" \/>\r\n<meta property=\"og:description\" content=\"Cette huile de massage a \u00e9t\u00e9 sp\u00e9cialement formul\u00e9e pour faciliter la pr\u00e9paration et la r\u00e9cup\u00e9ration sportives. L&rsquo;extrait d&rsquo;Arnica bio soulage.\" \/>\r\n<meta property=\"og:url\" content=\"https:\/\/paracherkaoui.ma\/index.php\/produit\/weleda-huile-de-massage-sport-a-larnica-100-ml\/\" \/>\r\n<meta property=\"og:site_name\" content=\"Paracherkaoui.ma\" \/>\r\n<meta property=\"article:modified_time\" content=\"2025-12-12T18:33:50+00:00\" \/>\r\n<meta property=\"og:image\" content=\"https:\/\/paracherkaoui.ma\/wp-content\/uploads\/2025\/12\/weleda-weleda-huile-de-massage-sport-a-larnica-100-ml-soins-premiers-secours.jpg\" \/>\r\n\t<meta property=\"og:image:width\" content=\"700\" \/>\r\n\t<meta property=\"og:image:height\" content=\"700\" \/>\r\n\t<meta property=\"og:image:type\" content=\"image\/jpeg\" \/>\r\n<meta name=\"twitter:card\" content=\"summary_large_image\" \/>\r\n<meta name=\"twitter:label1\" content=\"Dur\u00e9e de lecture estim\u00e9e\" \/>\n\t<meta name=\"twitter:data1\" content=\"2 minutes\" \/>\r\n<script type=\"application\/ld+json\" class=\"yoast-schema-graph\">{\"@context\":\"https:\/\/schema.org\",\"@graph\":[{\"@type\":\"WebPage\",\"@id\":\"https:\/\/paracherkaoui.ma\/index.php\/produit\/weleda-huile-de-massage-sport-a-larnica-100-ml\/\",\"url\":\"https:\/\/paracherkaoui.ma\/index.php\/produit\/weleda-huile-de-massage-sport-a-larnica-100-ml\/\",\"name\":\"WELEDA HUILE DE MASSAGE SPORT A L'ARNICA 100 ML - Paracherkaoui.ma\",\"isPartOf\":{\"@id\":\"https:\/\/paracherkaoui.ma\/#website\"},\"primaryImageOfPage\":{\"@id\":\"https:\/\/paracherkaoui.ma\/index.php\/produit\/weleda-huile-de-massage-sport-a-larnica-100-ml\/#primaryimage\"},\"image\":{\"@id\":\"https:\/\/paracherkaoui.ma\/index.php\/produit\/weleda-huile-de-massage-sport-a-larnica-100-ml\/#primaryimage\"},\"thumbnailUrl\":\"https:\/\/paracherkaoui.ma\/wp-content\/uploads\/2025\/12\/weleda-weleda-huile-de-massage-sport-a-larnica-100-ml-soins-premiers-secours.jpg\",\"datePublished\":\"2025-12-12T18:33:43+00:00\",\"dateModified\":\"2025-12-12T18:33:50+00:00\",\"breadcrumb\":{\"@id\":\"https:\/\/paracherkaoui.ma\/index.php\/produit\/weleda-huile-de-massage-sport-a-larnica-100-ml\/#breadcrumb\"},\"inLanguage\":\"fr-FR\",\"potentialAction\":[{\"@type\":\"ReadAction\",\"target\":[\"https:\/\/paracherkaoui.ma\/index.php\/produit\/weleda-huile-de-massage-sport-a-larnica-100-ml\/\"]}]},{\"@type\":\"ImageObject\",\"inLanguage\":\"fr-FR\",\"@id\":\"https:\/\/paracherkaoui.ma\/index.php\/produit\/weleda-huile-de-massage-sport-a-larnica-100-ml\/#primaryimage\",\"url\":\"https:\/\/paracherkaoui.ma\/wp-content\/uploads\/2025\/12\/weleda-weleda-huile-de-massage-sport-a-larnica-100-ml-soins-premiers-secours.jpg\",\"contentUrl\":\"https:\/\/paracherkaoui.ma\/wp-content\/uploads\/2025\/12\/weleda-weleda-huile-de-massage-sport-a-larnica-100-ml-soins-premiers-secours.jpg\",\"width\":700,\"height\":700},{\"@type\":\"BreadcrumbList\",\"@id\":\"https:\/\/paracherkaoui.ma\/index.php\/produit\/weleda-huile-de-massage-sport-a-larnica-100-ml\/#breadcrumb\",\"itemListElement\":[{\"@type\":\"ListItem\",\"position\":1,\"name\":\"Accueil\",\"item\":\"https:\/\/paracherkaoui.ma\/\"},{\"@type\":\"ListItem\",\"position\":2,\"name\":\"Boutique\",\"item\":\"https:\/\/paracherkaoui.ma\/index.php\/boutique\/\"},{\"@type\":\"ListItem\",\"position\":3,\"name\":\"WELEDA HUILE DE MASSAGE SPORT A L&rsquo;ARNICA 100 ML\"}]},{\"@type\":\"WebSite\",\"@id\":\"https:\/\/paracherkaoui.ma\/#website\",\"url\":\"https:\/\/paracherkaoui.ma\/\",\"name\":\"Paracherkaoui.ma\",\"description\":\"Achetez en ligne sur Paracherkaoui.ma\",\"potentialAction\":[{\"@type\":\"SearchAction\",\"target\":{\"@type\":\"EntryPoint\",\"urlTemplate\":\"https:\/\/paracherkaoui.ma\/?s={search_term_string}\"},\"query-input\":{\"@type\":\"PropertyValueSpecification\",\"valueRequired\":true,\"valueName\":\"search_term_string\"}}],\"inLanguage\":\"fr-FR\"}]}<\/script>\r\n<!-- \/ Yoast SEO plugin. -->","yoast_head_json":{"title":"WELEDA HUILE DE MASSAGE SPORT A L'ARNICA 100 ML - Paracherkaoui.ma","robots":{"index":"index","follow":"follow","max-snippet":"max-snippet:-1","max-image-preview":"max-image-preview:large","max-video-preview":"max-video-preview:-1"},"canonical":"https:\/\/paracherkaoui.ma\/index.php\/produit\/weleda-huile-de-massage-sport-a-larnica-100-ml\/","og_locale":"fr_FR","og_type":"article","og_title":"WELEDA HUILE DE MASSAGE SPORT A L'ARNICA 100 ML - Paracherkaoui.ma","og_description":"Cette huile de massage a \u00e9t\u00e9 sp\u00e9cialement formul\u00e9e pour faciliter la pr\u00e9paration et la r\u00e9cup\u00e9ration sportives. L&rsquo;extrait d&rsquo;Arnica bio soulage.","og_url":"https:\/\/paracherkaoui.ma\/index.php\/produit\/weleda-huile-de-massage-sport-a-larnica-100-ml\/","og_site_name":"Paracherkaoui.ma","article_modified_time":"2025-12-12T18:33:50+00:00","og_image":[{"width":700,"height":700,"url":"https:\/\/paracherkaoui.ma\/wp-content\/uploads\/2025\/12\/weleda-weleda-huile-de-massage-sport-a-larnica-100-ml-soins-premiers-secours.jpg","type":"image\/jpeg"}],"twitter_card":"summary_large_image","twitter_misc":{"Dur\u00e9e de lecture estim\u00e9e":"2 minutes"},"schema":{"@context":"https:\/\/schema.org","@graph":[{"@type":"WebPage","@id":"https:\/\/paracherkaoui.ma\/index.php\/produit\/weleda-huile-de-massage-sport-a-larnica-100-ml\/","url":"https:\/\/paracherkaoui.ma\/index.php\/produit\/weleda-huile-de-massage-sport-a-larnica-100-ml\/","name":"WELEDA HUILE DE MASSAGE SPORT A L'ARNICA 100 ML - Paracherkaoui.ma","isPartOf":{"@id":"https:\/\/paracherkaoui.ma\/#website"},"primaryImageOfPage":{"@id":"https:\/\/paracherkaoui.ma\/index.php\/produit\/weleda-huile-de-massage-sport-a-larnica-100-ml\/#primaryimage"},"image":{"@id":"https:\/\/paracherkaoui.ma\/index.php\/produit\/weleda-huile-de-massage-sport-a-larnica-100-ml\/#primaryimage"},"thumbnailUrl":"https:\/\/paracherkaoui.ma\/wp-content\/uploads\/2025\/12\/weleda-weleda-huile-de-massage-sport-a-larnica-100-ml-soins-premiers-secours.jpg","datePublished":"2025-12-12T18:33:43+00:00","dateModified":"2025-12-12T18:33:50+00:00","breadcrumb":{"@id":"https:\/\/paracherkaoui.ma\/index.php\/produit\/weleda-huile-de-massage-sport-a-larnica-100-ml\/#breadcrumb"},"inLanguage":"fr-FR","potentialAction":[{"@type":"ReadAction","target":["https:\/\/paracherkaoui.ma\/index.php\/produit\/weleda-huile-de-massage-sport-a-larnica-100-ml\/"]}]},{"@type":"ImageObject","inLanguage":"fr-FR","@id":"https:\/\/paracherkaoui.ma\/index.php\/produit\/weleda-huile-de-massage-sport-a-larnica-100-ml\/#primaryimage","url":"https:\/\/paracherkaoui.ma\/wp-content\/uploads\/2025\/12\/weleda-weleda-huile-de-massage-sport-a-larnica-100-ml-soins-premiers-secours.jpg","contentUrl":"https:\/\/paracherkaoui.ma\/wp-content\/uploads\/2025\/12\/weleda-weleda-huile-de-massage-sport-a-larnica-100-ml-soins-premiers-secours.jpg","width":700,"height":700},{"@type":"BreadcrumbList","@id":"https:\/\/paracherkaoui.ma\/index.php\/produit\/weleda-huile-de-massage-sport-a-larnica-100-ml\/#breadcrumb","itemListElement":[{"@type":"ListItem","position":1,"name":"Accueil","item":"https:\/\/paracherkaoui.ma\/"},{"@type":"ListItem","position":2,"name":"Boutique","item":"https:\/\/paracherkaoui.ma\/index.php\/boutique\/"},{"@type":"ListItem","position":3,"name":"WELEDA HUILE DE MASSAGE SPORT A L&rsquo;ARNICA 100 ML"}]},{"@type":"WebSite","@id":"https:\/\/paracherkaoui.ma\/#website","url":"https:\/\/paracherkaoui.ma\/","name":"Paracherkaoui.ma","description":"Achetez en ligne sur Paracherkaoui.ma","potentialAction":[{"@type":"SearchAction","target":{"@type":"EntryPoint","urlTemplate":"https:\/\/paracherkaoui.ma\/?s={search_term_string}"},"query-input":{"@type":"PropertyValueSpecification","valueRequired":true,"valueName":"search_term_string"}}],"inLanguage":"fr-FR"}]}},"_links":{"self":[{"href":"https:\/\/paracherkaoui.ma\/index.php\/wp-json\/wp\/v2\/product\/51373","targetHints":{"allow":["GET"]}}],"collection":[{"href":"https:\/\/paracherkaoui.ma\/index.php\/wp-json\/wp\/v2\/product"}],"about":[{"href":"https:\/\/paracherkaoui.ma\/index.php\/wp-json\/wp\/v2\/types\/product"}],"replies":[{"embeddable":true,"href":"https:\/\/paracherkaoui.ma\/index.php\/wp-json\/wp\/v2\/comments?post=51373"}],"version-history":[{"count":1,"href":"https:\/\/paracherkaoui.ma\/index.php\/wp-json\/wp\/v2\/product\/51373\/revisions"}],"predecessor-version":[{"id":51432,"href":"https:\/\/paracherkaoui.ma\/index.php\/wp-json\/wp\/v2\/product\/51373\/revisions\/51432"}],"wp:featuredmedia":[{"embeddable":true,"href":"https:\/\/paracherkaoui.ma\/index.php\/wp-json\/wp\/v2\/media\/51431"}],"wp:attachment":[{"href":"https:\/\/paracherkaoui.ma\/index.php\/wp-json\/wp\/v2\/media?parent=51373"}],"wp:term":[{"taxonomy":"product_brand","embeddable":true,"href":"https:\/\/paracherkaoui.ma\/index.php\/wp-json\/wp\/v2\/product_brand?post=51373"},{"taxonomy":"product_cat","embeddable":true,"href":"https:\/\/paracherkaoui.ma\/index.php\/wp-json\/wp\/v2\/product_cat?post=51373"},{"taxonomy":"product_tag","embeddable":true,"href":"https:\/\/paracherkaoui.ma\/index.php\/wp-json\/wp\/v2\/product_tag?post=51373"}],"curies":[{"name":"wp","href":"https:\/\/api.w.org\/{rel}","templated":true}]}}