{"id":51364,"date":"2025-12-12T19:33:42","date_gmt":"2025-12-12T18:33:42","guid":{"rendered":"https:\/\/test.ecbeaute.com\/?post_type=product&#038;p=51364"},"modified":"2025-12-12T19:33:48","modified_gmt":"2025-12-12T18:33:48","slug":"biostop-lampe-anti-moustique","status":"publish","type":"product","link":"https:\/\/paracherkaoui.ma\/index.php\/produit\/biostop-lampe-anti-moustique\/","title":{"rendered":"BIOSTOP LAMPE ANTI MOUSTIQUE"},"content":{"rendered":"<p>Biostop Anti-Insectes Lampe Anti-Insectes est une lampe qui permet de lutter contre les insectes (moustiques, moucherons, mites, termites). Elle est efficace, sans agent chimique, sans odeur et inoffensive. Cette lampe attire les insectes gr\u00e2ce \u00e0 ses lumi\u00e8res UV. \u00c0 l&rsquo;int\u00e9rieur se trouve un ventilateur qui aspire les insectes et les retient prisonniers dans un r\u00e9servoir. Ils meurent ainsi d\u00e9shydrat\u00e9s.<\/p>\n","protected":false},"excerpt":{"rendered":"<p>Biostop Anti-Insectes Lampe Anti-Insectes est une lampe qui permet de lutter contre les insectes (moustiques, moucherons, mites, termites). Elle est<\/p>\n","protected":false},"featured_media":51413,"comment_status":"open","ping_status":"closed","template":"","meta":[],"product_brand":[206],"product_cat":[945],"product_tag":[],"class_list":{"0":"post-51364","1":"product","2":"type-product","3":"status-publish","4":"has-post-thumbnail","6":"product_brand-biostop","7":"product_cat-soins-premiers-secours","9":"first","10":"instock","11":"sale","12":"shipping-taxable","13":"purchasable","14":"product-type-simple"},"yoast_head":"<!-- This site is optimized with the Yoast SEO plugin v26.6 - https:\/\/yoast.com\/wordpress\/plugins\/seo\/ -->\r\n<title>BIOSTOP LAMPE ANTI MOUSTIQUE - Paracherkaoui.ma<\/title>\r\n<meta name=\"robots\" content=\"index, follow, max-snippet:-1, max-image-preview:large, max-video-preview:-1\" \/>\r\n<link rel=\"canonical\" href=\"https:\/\/paracherkaoui.ma\/index.php\/produit\/biostop-lampe-anti-moustique\/\" \/>\r\n<meta property=\"og:locale\" content=\"fr_FR\" \/>\r\n<meta property=\"og:type\" content=\"article\" \/>\r\n<meta property=\"og:title\" content=\"BIOSTOP LAMPE ANTI MOUSTIQUE - Paracherkaoui.ma\" \/>\r\n<meta property=\"og:description\" content=\"Biostop Anti-Insectes Lampe Anti-Insectes est une lampe qui permet de lutter contre les insectes (moustiques, moucherons, mites, termites). Elle est\" \/>\r\n<meta property=\"og:url\" content=\"https:\/\/paracherkaoui.ma\/index.php\/produit\/biostop-lampe-anti-moustique\/\" \/>\r\n<meta property=\"og:site_name\" content=\"Paracherkaoui.ma\" \/>\r\n<meta property=\"article:modified_time\" content=\"2025-12-12T18:33:48+00:00\" \/>\r\n<meta property=\"og:image\" content=\"https:\/\/paracherkaoui.ma\/wp-content\/uploads\/2025\/12\/biostop-biostop-lampe-anti-moustique-anti-moustiques.jpg\" \/>\r\n\t<meta property=\"og:image:width\" content=\"700\" \/>\r\n\t<meta property=\"og:image:height\" content=\"700\" \/>\r\n\t<meta property=\"og:image:type\" content=\"image\/jpeg\" \/>\r\n<meta name=\"twitter:card\" content=\"summary_large_image\" \/>\r\n<script type=\"application\/ld+json\" class=\"yoast-schema-graph\">{\"@context\":\"https:\/\/schema.org\",\"@graph\":[{\"@type\":\"WebPage\",\"@id\":\"https:\/\/paracherkaoui.ma\/index.php\/produit\/biostop-lampe-anti-moustique\/\",\"url\":\"https:\/\/paracherkaoui.ma\/index.php\/produit\/biostop-lampe-anti-moustique\/\",\"name\":\"BIOSTOP LAMPE ANTI MOUSTIQUE - Paracherkaoui.ma\",\"isPartOf\":{\"@id\":\"https:\/\/paracherkaoui.ma\/#website\"},\"primaryImageOfPage\":{\"@id\":\"https:\/\/paracherkaoui.ma\/index.php\/produit\/biostop-lampe-anti-moustique\/#primaryimage\"},\"image\":{\"@id\":\"https:\/\/paracherkaoui.ma\/index.php\/produit\/biostop-lampe-anti-moustique\/#primaryimage\"},\"thumbnailUrl\":\"https:\/\/paracherkaoui.ma\/wp-content\/uploads\/2025\/12\/biostop-biostop-lampe-anti-moustique-anti-moustiques.jpg\",\"datePublished\":\"2025-12-12T18:33:42+00:00\",\"dateModified\":\"2025-12-12T18:33:48+00:00\",\"breadcrumb\":{\"@id\":\"https:\/\/paracherkaoui.ma\/index.php\/produit\/biostop-lampe-anti-moustique\/#breadcrumb\"},\"inLanguage\":\"fr-FR\",\"potentialAction\":[{\"@type\":\"ReadAction\",\"target\":[\"https:\/\/paracherkaoui.ma\/index.php\/produit\/biostop-lampe-anti-moustique\/\"]}]},{\"@type\":\"ImageObject\",\"inLanguage\":\"fr-FR\",\"@id\":\"https:\/\/paracherkaoui.ma\/index.php\/produit\/biostop-lampe-anti-moustique\/#primaryimage\",\"url\":\"https:\/\/paracherkaoui.ma\/wp-content\/uploads\/2025\/12\/biostop-biostop-lampe-anti-moustique-anti-moustiques.jpg\",\"contentUrl\":\"https:\/\/paracherkaoui.ma\/wp-content\/uploads\/2025\/12\/biostop-biostop-lampe-anti-moustique-anti-moustiques.jpg\",\"width\":700,\"height\":700},{\"@type\":\"BreadcrumbList\",\"@id\":\"https:\/\/paracherkaoui.ma\/index.php\/produit\/biostop-lampe-anti-moustique\/#breadcrumb\",\"itemListElement\":[{\"@type\":\"ListItem\",\"position\":1,\"name\":\"Accueil\",\"item\":\"https:\/\/paracherkaoui.ma\/\"},{\"@type\":\"ListItem\",\"position\":2,\"name\":\"Boutique\",\"item\":\"https:\/\/paracherkaoui.ma\/index.php\/boutique\/\"},{\"@type\":\"ListItem\",\"position\":3,\"name\":\"BIOSTOP LAMPE ANTI MOUSTIQUE\"}]},{\"@type\":\"WebSite\",\"@id\":\"https:\/\/paracherkaoui.ma\/#website\",\"url\":\"https:\/\/paracherkaoui.ma\/\",\"name\":\"Paracherkaoui.ma\",\"description\":\"Achetez en ligne sur Paracherkaoui.ma\",\"potentialAction\":[{\"@type\":\"SearchAction\",\"target\":{\"@type\":\"EntryPoint\",\"urlTemplate\":\"https:\/\/paracherkaoui.ma\/?s={search_term_string}\"},\"query-input\":{\"@type\":\"PropertyValueSpecification\",\"valueRequired\":true,\"valueName\":\"search_term_string\"}}],\"inLanguage\":\"fr-FR\"}]}<\/script>\r\n<!-- \/ Yoast SEO plugin. -->","yoast_head_json":{"title":"BIOSTOP LAMPE ANTI MOUSTIQUE - Paracherkaoui.ma","robots":{"index":"index","follow":"follow","max-snippet":"max-snippet:-1","max-image-preview":"max-image-preview:large","max-video-preview":"max-video-preview:-1"},"canonical":"https:\/\/paracherkaoui.ma\/index.php\/produit\/biostop-lampe-anti-moustique\/","og_locale":"fr_FR","og_type":"article","og_title":"BIOSTOP LAMPE ANTI MOUSTIQUE - Paracherkaoui.ma","og_description":"Biostop Anti-Insectes Lampe Anti-Insectes est une lampe qui permet de lutter contre les insectes (moustiques, moucherons, mites, termites). Elle est","og_url":"https:\/\/paracherkaoui.ma\/index.php\/produit\/biostop-lampe-anti-moustique\/","og_site_name":"Paracherkaoui.ma","article_modified_time":"2025-12-12T18:33:48+00:00","og_image":[{"width":700,"height":700,"url":"https:\/\/paracherkaoui.ma\/wp-content\/uploads\/2025\/12\/biostop-biostop-lampe-anti-moustique-anti-moustiques.jpg","type":"image\/jpeg"}],"twitter_card":"summary_large_image","schema":{"@context":"https:\/\/schema.org","@graph":[{"@type":"WebPage","@id":"https:\/\/paracherkaoui.ma\/index.php\/produit\/biostop-lampe-anti-moustique\/","url":"https:\/\/paracherkaoui.ma\/index.php\/produit\/biostop-lampe-anti-moustique\/","name":"BIOSTOP LAMPE ANTI MOUSTIQUE - Paracherkaoui.ma","isPartOf":{"@id":"https:\/\/paracherkaoui.ma\/#website"},"primaryImageOfPage":{"@id":"https:\/\/paracherkaoui.ma\/index.php\/produit\/biostop-lampe-anti-moustique\/#primaryimage"},"image":{"@id":"https:\/\/paracherkaoui.ma\/index.php\/produit\/biostop-lampe-anti-moustique\/#primaryimage"},"thumbnailUrl":"https:\/\/paracherkaoui.ma\/wp-content\/uploads\/2025\/12\/biostop-biostop-lampe-anti-moustique-anti-moustiques.jpg","datePublished":"2025-12-12T18:33:42+00:00","dateModified":"2025-12-12T18:33:48+00:00","breadcrumb":{"@id":"https:\/\/paracherkaoui.ma\/index.php\/produit\/biostop-lampe-anti-moustique\/#breadcrumb"},"inLanguage":"fr-FR","potentialAction":[{"@type":"ReadAction","target":["https:\/\/paracherkaoui.ma\/index.php\/produit\/biostop-lampe-anti-moustique\/"]}]},{"@type":"ImageObject","inLanguage":"fr-FR","@id":"https:\/\/paracherkaoui.ma\/index.php\/produit\/biostop-lampe-anti-moustique\/#primaryimage","url":"https:\/\/paracherkaoui.ma\/wp-content\/uploads\/2025\/12\/biostop-biostop-lampe-anti-moustique-anti-moustiques.jpg","contentUrl":"https:\/\/paracherkaoui.ma\/wp-content\/uploads\/2025\/12\/biostop-biostop-lampe-anti-moustique-anti-moustiques.jpg","width":700,"height":700},{"@type":"BreadcrumbList","@id":"https:\/\/paracherkaoui.ma\/index.php\/produit\/biostop-lampe-anti-moustique\/#breadcrumb","itemListElement":[{"@type":"ListItem","position":1,"name":"Accueil","item":"https:\/\/paracherkaoui.ma\/"},{"@type":"ListItem","position":2,"name":"Boutique","item":"https:\/\/paracherkaoui.ma\/index.php\/boutique\/"},{"@type":"ListItem","position":3,"name":"BIOSTOP LAMPE ANTI MOUSTIQUE"}]},{"@type":"WebSite","@id":"https:\/\/paracherkaoui.ma\/#website","url":"https:\/\/paracherkaoui.ma\/","name":"Paracherkaoui.ma","description":"Achetez en ligne sur Paracherkaoui.ma","potentialAction":[{"@type":"SearchAction","target":{"@type":"EntryPoint","urlTemplate":"https:\/\/paracherkaoui.ma\/?s={search_term_string}"},"query-input":{"@type":"PropertyValueSpecification","valueRequired":true,"valueName":"search_term_string"}}],"inLanguage":"fr-FR"}]}},"_links":{"self":[{"href":"https:\/\/paracherkaoui.ma\/index.php\/wp-json\/wp\/v2\/product\/51364","targetHints":{"allow":["GET"]}}],"collection":[{"href":"https:\/\/paracherkaoui.ma\/index.php\/wp-json\/wp\/v2\/product"}],"about":[{"href":"https:\/\/paracherkaoui.ma\/index.php\/wp-json\/wp\/v2\/types\/product"}],"replies":[{"embeddable":true,"href":"https:\/\/paracherkaoui.ma\/index.php\/wp-json\/wp\/v2\/comments?post=51364"}],"version-history":[{"count":1,"href":"https:\/\/paracherkaoui.ma\/index.php\/wp-json\/wp\/v2\/product\/51364\/revisions"}],"predecessor-version":[{"id":51414,"href":"https:\/\/paracherkaoui.ma\/index.php\/wp-json\/wp\/v2\/product\/51364\/revisions\/51414"}],"wp:featuredmedia":[{"embeddable":true,"href":"https:\/\/paracherkaoui.ma\/index.php\/wp-json\/wp\/v2\/media\/51413"}],"wp:attachment":[{"href":"https:\/\/paracherkaoui.ma\/index.php\/wp-json\/wp\/v2\/media?parent=51364"}],"wp:term":[{"taxonomy":"product_brand","embeddable":true,"href":"https:\/\/paracherkaoui.ma\/index.php\/wp-json\/wp\/v2\/product_brand?post=51364"},{"taxonomy":"product_cat","embeddable":true,"href":"https:\/\/paracherkaoui.ma\/index.php\/wp-json\/wp\/v2\/product_cat?post=51364"},{"taxonomy":"product_tag","embeddable":true,"href":"https:\/\/paracherkaoui.ma\/index.php\/wp-json\/wp\/v2\/product_tag?post=51364"}],"curies":[{"name":"wp","href":"https:\/\/api.w.org\/{rel}","templated":true}]}}