{"id":51176,"date":"2025-12-12T19:33:21","date_gmt":"2025-12-12T18:33:21","guid":{"rendered":"https:\/\/test.ecbeaute.com\/?post_type=product&#038;p=51176"},"modified":"2025-12-12T19:33:26","modified_gmt":"2025-12-12T18:33:26","slug":"urgo-aqua-protect-serviette-antiseptique-lavable-10-bande-10-x-6-cm","status":"publish","type":"product","link":"https:\/\/paracherkaoui.ma\/index.php\/produit\/urgo-aqua-protect-serviette-antiseptique-lavable-10-bande-10-x-6-cm\/","title":{"rendered":"URGO AQUA PROTECT SERVIETTE ANTISEPTIQUE LAVABLE 10 BANDE 10 X 6 CM"},"content":{"rendered":"<p>URGO Aquaprotect-lavable, compresse antiseptique \u2013 Strip, un pansement r\u00e9sistant \u00e0 l&rsquo;eau !<br \/>\nIl peut \u00eatre coup\u00e9 avec des ciseaux pour \u00eatre adapt\u00e9 \u00e0 toute plaie, quelle que soit sa taille, sa mati\u00e8re r\u00e9sistante \u00e0 l&rsquo;eau prot\u00e8ge la plaie. Sa conception respirante permet \u00e0 la peau de respirer. son pansement est impr\u00e9gn\u00e9 d&rsquo;antiseptique pour assurer une protection antimicrobienne de la plaie.<br \/>\nConseils d&rsquo;utilisation:<br \/>\nNettoyer, d\u00e9sinfecter, rincer et s\u00e9cher d\u00e9licatement la plaie et son pourtour.<br \/>\n\u2013 Couper le pansement \u00e0 l&rsquo;aide de ciseaux propres et d\u00e9sinfect\u00e9s.<br \/>\n\u2013 Appliquer le pansement.<br \/>\n\u2013 Changer au moins deux fois par jour.<\/p>\n","protected":false},"excerpt":{"rendered":"<p>URGO Aquaprotect-lavable, compresse antiseptique \u2013 Strip, un pansement r\u00e9sistant \u00e0 l&rsquo;eau ! Il peut \u00eatre coup\u00e9 avec des ciseaux pour<\/p>\n","protected":false},"featured_media":51218,"comment_status":"open","ping_status":"closed","template":"","meta":[],"product_brand":[601],"product_cat":[945],"product_tag":[],"class_list":{"0":"post-51176","1":"product","2":"type-product","3":"status-publish","4":"has-post-thumbnail","6":"product_brand-urgo","7":"product_cat-soins-premiers-secours","9":"first","10":"instock","11":"sale","12":"shipping-taxable","13":"purchasable","14":"product-type-simple"},"yoast_head":"<!-- This site is optimized with the Yoast SEO plugin v26.6 - https:\/\/yoast.com\/wordpress\/plugins\/seo\/ -->\r\n<title>URGO AQUA PROTECT SERVIETTE ANTISEPTIQUE LAVABLE 10 BANDE 10 X 6 CM - Paracherkaoui.ma<\/title>\r\n<meta name=\"robots\" content=\"index, follow, max-snippet:-1, max-image-preview:large, max-video-preview:-1\" \/>\r\n<link rel=\"canonical\" href=\"https:\/\/paracherkaoui.ma\/index.php\/produit\/urgo-aqua-protect-serviette-antiseptique-lavable-10-bande-10-x-6-cm\/\" \/>\r\n<meta property=\"og:locale\" content=\"fr_FR\" \/>\r\n<meta property=\"og:type\" content=\"article\" \/>\r\n<meta property=\"og:title\" content=\"URGO AQUA PROTECT SERVIETTE ANTISEPTIQUE LAVABLE 10 BANDE 10 X 6 CM - Paracherkaoui.ma\" \/>\r\n<meta property=\"og:description\" content=\"URGO Aquaprotect-lavable, compresse antiseptique \u2013 Strip, un pansement r\u00e9sistant \u00e0 l&rsquo;eau ! Il peut \u00eatre coup\u00e9 avec des ciseaux pour\" \/>\r\n<meta property=\"og:url\" content=\"https:\/\/paracherkaoui.ma\/index.php\/produit\/urgo-aqua-protect-serviette-antiseptique-lavable-10-bande-10-x-6-cm\/\" \/>\r\n<meta property=\"og:site_name\" content=\"Paracherkaoui.ma\" \/>\r\n<meta property=\"article:modified_time\" content=\"2025-12-12T18:33:26+00:00\" \/>\r\n<meta property=\"og:image\" content=\"https:\/\/paracherkaoui.ma\/wp-content\/uploads\/2025\/12\/urgo-urgo-aqua-protect-serviette-antiseptique-lavable-10-bande-10-x-6-cm-pansements-bandages-et-compresses.jpg\" \/>\r\n\t<meta property=\"og:image:width\" content=\"700\" \/>\r\n\t<meta property=\"og:image:height\" content=\"700\" \/>\r\n\t<meta property=\"og:image:type\" content=\"image\/jpeg\" \/>\r\n<meta name=\"twitter:card\" content=\"summary_large_image\" \/>\r\n<script type=\"application\/ld+json\" class=\"yoast-schema-graph\">{\"@context\":\"https:\/\/schema.org\",\"@graph\":[{\"@type\":\"WebPage\",\"@id\":\"https:\/\/paracherkaoui.ma\/index.php\/produit\/urgo-aqua-protect-serviette-antiseptique-lavable-10-bande-10-x-6-cm\/\",\"url\":\"https:\/\/paracherkaoui.ma\/index.php\/produit\/urgo-aqua-protect-serviette-antiseptique-lavable-10-bande-10-x-6-cm\/\",\"name\":\"URGO AQUA PROTECT SERVIETTE ANTISEPTIQUE LAVABLE 10 BANDE 10 X 6 CM - Paracherkaoui.ma\",\"isPartOf\":{\"@id\":\"https:\/\/paracherkaoui.ma\/#website\"},\"primaryImageOfPage\":{\"@id\":\"https:\/\/paracherkaoui.ma\/index.php\/produit\/urgo-aqua-protect-serviette-antiseptique-lavable-10-bande-10-x-6-cm\/#primaryimage\"},\"image\":{\"@id\":\"https:\/\/paracherkaoui.ma\/index.php\/produit\/urgo-aqua-protect-serviette-antiseptique-lavable-10-bande-10-x-6-cm\/#primaryimage\"},\"thumbnailUrl\":\"https:\/\/paracherkaoui.ma\/wp-content\/uploads\/2025\/12\/urgo-urgo-aqua-protect-serviette-antiseptique-lavable-10-bande-10-x-6-cm-pansements-bandages-et-compresses.jpg\",\"datePublished\":\"2025-12-12T18:33:21+00:00\",\"dateModified\":\"2025-12-12T18:33:26+00:00\",\"breadcrumb\":{\"@id\":\"https:\/\/paracherkaoui.ma\/index.php\/produit\/urgo-aqua-protect-serviette-antiseptique-lavable-10-bande-10-x-6-cm\/#breadcrumb\"},\"inLanguage\":\"fr-FR\",\"potentialAction\":[{\"@type\":\"ReadAction\",\"target\":[\"https:\/\/paracherkaoui.ma\/index.php\/produit\/urgo-aqua-protect-serviette-antiseptique-lavable-10-bande-10-x-6-cm\/\"]}]},{\"@type\":\"ImageObject\",\"inLanguage\":\"fr-FR\",\"@id\":\"https:\/\/paracherkaoui.ma\/index.php\/produit\/urgo-aqua-protect-serviette-antiseptique-lavable-10-bande-10-x-6-cm\/#primaryimage\",\"url\":\"https:\/\/paracherkaoui.ma\/wp-content\/uploads\/2025\/12\/urgo-urgo-aqua-protect-serviette-antiseptique-lavable-10-bande-10-x-6-cm-pansements-bandages-et-compresses.jpg\",\"contentUrl\":\"https:\/\/paracherkaoui.ma\/wp-content\/uploads\/2025\/12\/urgo-urgo-aqua-protect-serviette-antiseptique-lavable-10-bande-10-x-6-cm-pansements-bandages-et-compresses.jpg\",\"width\":700,\"height\":700},{\"@type\":\"BreadcrumbList\",\"@id\":\"https:\/\/paracherkaoui.ma\/index.php\/produit\/urgo-aqua-protect-serviette-antiseptique-lavable-10-bande-10-x-6-cm\/#breadcrumb\",\"itemListElement\":[{\"@type\":\"ListItem\",\"position\":1,\"name\":\"Accueil\",\"item\":\"https:\/\/paracherkaoui.ma\/\"},{\"@type\":\"ListItem\",\"position\":2,\"name\":\"Boutique\",\"item\":\"https:\/\/paracherkaoui.ma\/index.php\/boutique\/\"},{\"@type\":\"ListItem\",\"position\":3,\"name\":\"URGO AQUA PROTECT SERVIETTE ANTISEPTIQUE LAVABLE 10 BANDE 10 X 6 CM\"}]},{\"@type\":\"WebSite\",\"@id\":\"https:\/\/paracherkaoui.ma\/#website\",\"url\":\"https:\/\/paracherkaoui.ma\/\",\"name\":\"Paracherkaoui.ma\",\"description\":\"Achetez en ligne sur Paracherkaoui.ma\",\"potentialAction\":[{\"@type\":\"SearchAction\",\"target\":{\"@type\":\"EntryPoint\",\"urlTemplate\":\"https:\/\/paracherkaoui.ma\/?s={search_term_string}\"},\"query-input\":{\"@type\":\"PropertyValueSpecification\",\"valueRequired\":true,\"valueName\":\"search_term_string\"}}],\"inLanguage\":\"fr-FR\"}]}<\/script>\r\n<!-- \/ Yoast SEO plugin. -->","yoast_head_json":{"title":"URGO AQUA PROTECT SERVIETTE ANTISEPTIQUE LAVABLE 10 BANDE 10 X 6 CM - Paracherkaoui.ma","robots":{"index":"index","follow":"follow","max-snippet":"max-snippet:-1","max-image-preview":"max-image-preview:large","max-video-preview":"max-video-preview:-1"},"canonical":"https:\/\/paracherkaoui.ma\/index.php\/produit\/urgo-aqua-protect-serviette-antiseptique-lavable-10-bande-10-x-6-cm\/","og_locale":"fr_FR","og_type":"article","og_title":"URGO AQUA PROTECT SERVIETTE ANTISEPTIQUE LAVABLE 10 BANDE 10 X 6 CM - Paracherkaoui.ma","og_description":"URGO Aquaprotect-lavable, compresse antiseptique \u2013 Strip, un pansement r\u00e9sistant \u00e0 l&rsquo;eau ! Il peut \u00eatre coup\u00e9 avec des ciseaux pour","og_url":"https:\/\/paracherkaoui.ma\/index.php\/produit\/urgo-aqua-protect-serviette-antiseptique-lavable-10-bande-10-x-6-cm\/","og_site_name":"Paracherkaoui.ma","article_modified_time":"2025-12-12T18:33:26+00:00","og_image":[{"width":700,"height":700,"url":"https:\/\/paracherkaoui.ma\/wp-content\/uploads\/2025\/12\/urgo-urgo-aqua-protect-serviette-antiseptique-lavable-10-bande-10-x-6-cm-pansements-bandages-et-compresses.jpg","type":"image\/jpeg"}],"twitter_card":"summary_large_image","schema":{"@context":"https:\/\/schema.org","@graph":[{"@type":"WebPage","@id":"https:\/\/paracherkaoui.ma\/index.php\/produit\/urgo-aqua-protect-serviette-antiseptique-lavable-10-bande-10-x-6-cm\/","url":"https:\/\/paracherkaoui.ma\/index.php\/produit\/urgo-aqua-protect-serviette-antiseptique-lavable-10-bande-10-x-6-cm\/","name":"URGO AQUA PROTECT SERVIETTE ANTISEPTIQUE LAVABLE 10 BANDE 10 X 6 CM - Paracherkaoui.ma","isPartOf":{"@id":"https:\/\/paracherkaoui.ma\/#website"},"primaryImageOfPage":{"@id":"https:\/\/paracherkaoui.ma\/index.php\/produit\/urgo-aqua-protect-serviette-antiseptique-lavable-10-bande-10-x-6-cm\/#primaryimage"},"image":{"@id":"https:\/\/paracherkaoui.ma\/index.php\/produit\/urgo-aqua-protect-serviette-antiseptique-lavable-10-bande-10-x-6-cm\/#primaryimage"},"thumbnailUrl":"https:\/\/paracherkaoui.ma\/wp-content\/uploads\/2025\/12\/urgo-urgo-aqua-protect-serviette-antiseptique-lavable-10-bande-10-x-6-cm-pansements-bandages-et-compresses.jpg","datePublished":"2025-12-12T18:33:21+00:00","dateModified":"2025-12-12T18:33:26+00:00","breadcrumb":{"@id":"https:\/\/paracherkaoui.ma\/index.php\/produit\/urgo-aqua-protect-serviette-antiseptique-lavable-10-bande-10-x-6-cm\/#breadcrumb"},"inLanguage":"fr-FR","potentialAction":[{"@type":"ReadAction","target":["https:\/\/paracherkaoui.ma\/index.php\/produit\/urgo-aqua-protect-serviette-antiseptique-lavable-10-bande-10-x-6-cm\/"]}]},{"@type":"ImageObject","inLanguage":"fr-FR","@id":"https:\/\/paracherkaoui.ma\/index.php\/produit\/urgo-aqua-protect-serviette-antiseptique-lavable-10-bande-10-x-6-cm\/#primaryimage","url":"https:\/\/paracherkaoui.ma\/wp-content\/uploads\/2025\/12\/urgo-urgo-aqua-protect-serviette-antiseptique-lavable-10-bande-10-x-6-cm-pansements-bandages-et-compresses.jpg","contentUrl":"https:\/\/paracherkaoui.ma\/wp-content\/uploads\/2025\/12\/urgo-urgo-aqua-protect-serviette-antiseptique-lavable-10-bande-10-x-6-cm-pansements-bandages-et-compresses.jpg","width":700,"height":700},{"@type":"BreadcrumbList","@id":"https:\/\/paracherkaoui.ma\/index.php\/produit\/urgo-aqua-protect-serviette-antiseptique-lavable-10-bande-10-x-6-cm\/#breadcrumb","itemListElement":[{"@type":"ListItem","position":1,"name":"Accueil","item":"https:\/\/paracherkaoui.ma\/"},{"@type":"ListItem","position":2,"name":"Boutique","item":"https:\/\/paracherkaoui.ma\/index.php\/boutique\/"},{"@type":"ListItem","position":3,"name":"URGO AQUA PROTECT SERVIETTE ANTISEPTIQUE LAVABLE 10 BANDE 10 X 6 CM"}]},{"@type":"WebSite","@id":"https:\/\/paracherkaoui.ma\/#website","url":"https:\/\/paracherkaoui.ma\/","name":"Paracherkaoui.ma","description":"Achetez en ligne sur Paracherkaoui.ma","potentialAction":[{"@type":"SearchAction","target":{"@type":"EntryPoint","urlTemplate":"https:\/\/paracherkaoui.ma\/?s={search_term_string}"},"query-input":{"@type":"PropertyValueSpecification","valueRequired":true,"valueName":"search_term_string"}}],"inLanguage":"fr-FR"}]}},"_links":{"self":[{"href":"https:\/\/paracherkaoui.ma\/index.php\/wp-json\/wp\/v2\/product\/51176","targetHints":{"allow":["GET"]}}],"collection":[{"href":"https:\/\/paracherkaoui.ma\/index.php\/wp-json\/wp\/v2\/product"}],"about":[{"href":"https:\/\/paracherkaoui.ma\/index.php\/wp-json\/wp\/v2\/types\/product"}],"replies":[{"embeddable":true,"href":"https:\/\/paracherkaoui.ma\/index.php\/wp-json\/wp\/v2\/comments?post=51176"}],"version-history":[{"count":1,"href":"https:\/\/paracherkaoui.ma\/index.php\/wp-json\/wp\/v2\/product\/51176\/revisions"}],"predecessor-version":[{"id":51219,"href":"https:\/\/paracherkaoui.ma\/index.php\/wp-json\/wp\/v2\/product\/51176\/revisions\/51219"}],"wp:featuredmedia":[{"embeddable":true,"href":"https:\/\/paracherkaoui.ma\/index.php\/wp-json\/wp\/v2\/media\/51218"}],"wp:attachment":[{"href":"https:\/\/paracherkaoui.ma\/index.php\/wp-json\/wp\/v2\/media?parent=51176"}],"wp:term":[{"taxonomy":"product_brand","embeddable":true,"href":"https:\/\/paracherkaoui.ma\/index.php\/wp-json\/wp\/v2\/product_brand?post=51176"},{"taxonomy":"product_cat","embeddable":true,"href":"https:\/\/paracherkaoui.ma\/index.php\/wp-json\/wp\/v2\/product_cat?post=51176"},{"taxonomy":"product_tag","embeddable":true,"href":"https:\/\/paracherkaoui.ma\/index.php\/wp-json\/wp\/v2\/product_tag?post=51176"}],"curies":[{"name":"wp","href":"https:\/\/api.w.org\/{rel}","templated":true}]}}