{"id":51074,"date":"2025-12-12T19:33:11","date_gmt":"2025-12-12T18:33:11","guid":{"rendered":"https:\/\/test.ecbeaute.com\/?post_type=product&#038;p=51074"},"modified":"2025-12-12T19:33:12","modified_gmt":"2025-12-12T18:33:12","slug":"urgo-brulures-blessures-superficielles-4-pansements-steriles","status":"publish","type":"product","link":"https:\/\/paracherkaoui.ma\/index.php\/produit\/urgo-brulures-blessures-superficielles-4-pansements-steriles\/","title":{"rendered":"URGO BRULURES BLESSURES SUPERFICIELLES 4 PANSEMENTS STERILES"},"content":{"rendered":"<p>Les Pansements St\u00e9riles Grand Format Br\u00fblures et Blessures Superficielles Urgo\u00a0sont adapt\u00e9s au traitement des blessures superficielles comme des \u00e9corchures ou des coupures peu profondes. Ils sont \u00e9galement con\u00e7us pour prot\u00e9ger les br\u00fblures superficielles de premier et second degr\u00e9 qui peuvent se mat\u00e9rialiser par l\u2019apparition d\u2019une cloque.<br \/>\nL\u2019utilisation des pansements Urgo favorise la cicatrisation des l\u00e9sions et soulage les douleurs gr\u00e2ce \u00e0 la technologie lipidocollo\u00efde (associant des particules d\u2019hydrollo\u00efde et de vaseline) pr\u00e9sente dans le tulle. Ces pansements adh\u00e8rent parfaitement \u00e0 la peau afin d\u2019\u00e9viter le d\u00e9veloppement de bact\u00e9ries au niveau de la plaie et r\u00e9duisent ainsi le risque d\u2019infection.<\/p>\n","protected":false},"excerpt":{"rendered":"<p>Les Pansements St\u00e9riles Grand Format Br\u00fblures et Blessures Superficielles Urgo\u00a0sont adapt\u00e9s au traitement des blessures superficielles comme des \u00e9corchures ou<\/p>\n","protected":false},"featured_media":51104,"comment_status":"open","ping_status":"closed","template":"","meta":[],"product_brand":[601],"product_cat":[945],"product_tag":[],"class_list":{"0":"post-51074","1":"product","2":"type-product","3":"status-publish","4":"has-post-thumbnail","6":"product_brand-urgo","7":"product_cat-soins-premiers-secours","9":"first","10":"instock","11":"sale","12":"shipping-taxable","13":"purchasable","14":"product-type-simple"},"yoast_head":"<!-- This site is optimized with the Yoast SEO plugin v26.6 - https:\/\/yoast.com\/wordpress\/plugins\/seo\/ -->\r\n<title>URGO BRULURES BLESSURES SUPERFICIELLES 4 PANSEMENTS STERILES - Paracherkaoui.ma<\/title>\r\n<meta name=\"robots\" content=\"index, follow, max-snippet:-1, max-image-preview:large, max-video-preview:-1\" \/>\r\n<link rel=\"canonical\" href=\"https:\/\/paracherkaoui.ma\/index.php\/produit\/urgo-brulures-blessures-superficielles-4-pansements-steriles\/\" \/>\r\n<meta property=\"og:locale\" content=\"fr_FR\" \/>\r\n<meta property=\"og:type\" content=\"article\" \/>\r\n<meta property=\"og:title\" content=\"URGO BRULURES BLESSURES SUPERFICIELLES 4 PANSEMENTS STERILES - Paracherkaoui.ma\" \/>\r\n<meta property=\"og:description\" content=\"Les Pansements St\u00e9riles Grand Format Br\u00fblures et Blessures Superficielles Urgo\u00a0sont adapt\u00e9s au traitement des blessures superficielles comme des \u00e9corchures ou\" \/>\r\n<meta property=\"og:url\" content=\"https:\/\/paracherkaoui.ma\/index.php\/produit\/urgo-brulures-blessures-superficielles-4-pansements-steriles\/\" \/>\r\n<meta property=\"og:site_name\" content=\"Paracherkaoui.ma\" \/>\r\n<meta property=\"article:modified_time\" content=\"2025-12-12T18:33:12+00:00\" \/>\r\n<meta property=\"og:image\" content=\"https:\/\/paracherkaoui.ma\/wp-content\/uploads\/2025\/12\/urgo-urgo-brulures-blessures-superficielles-4-pansements-steriles-pansements.jpg\" \/>\r\n\t<meta property=\"og:image:width\" content=\"700\" \/>\r\n\t<meta property=\"og:image:height\" content=\"700\" \/>\r\n\t<meta property=\"og:image:type\" content=\"image\/jpeg\" \/>\r\n<meta name=\"twitter:card\" content=\"summary_large_image\" \/>\r\n<meta name=\"twitter:label1\" content=\"Dur\u00e9e de lecture estim\u00e9e\" \/>\n\t<meta name=\"twitter:data1\" content=\"1 minute\" \/>\r\n<script type=\"application\/ld+json\" class=\"yoast-schema-graph\">{\"@context\":\"https:\/\/schema.org\",\"@graph\":[{\"@type\":\"WebPage\",\"@id\":\"https:\/\/paracherkaoui.ma\/index.php\/produit\/urgo-brulures-blessures-superficielles-4-pansements-steriles\/\",\"url\":\"https:\/\/paracherkaoui.ma\/index.php\/produit\/urgo-brulures-blessures-superficielles-4-pansements-steriles\/\",\"name\":\"URGO BRULURES BLESSURES SUPERFICIELLES 4 PANSEMENTS STERILES - Paracherkaoui.ma\",\"isPartOf\":{\"@id\":\"https:\/\/paracherkaoui.ma\/#website\"},\"primaryImageOfPage\":{\"@id\":\"https:\/\/paracherkaoui.ma\/index.php\/produit\/urgo-brulures-blessures-superficielles-4-pansements-steriles\/#primaryimage\"},\"image\":{\"@id\":\"https:\/\/paracherkaoui.ma\/index.php\/produit\/urgo-brulures-blessures-superficielles-4-pansements-steriles\/#primaryimage\"},\"thumbnailUrl\":\"https:\/\/paracherkaoui.ma\/wp-content\/uploads\/2025\/12\/urgo-urgo-brulures-blessures-superficielles-4-pansements-steriles-pansements.jpg\",\"datePublished\":\"2025-12-12T18:33:11+00:00\",\"dateModified\":\"2025-12-12T18:33:12+00:00\",\"breadcrumb\":{\"@id\":\"https:\/\/paracherkaoui.ma\/index.php\/produit\/urgo-brulures-blessures-superficielles-4-pansements-steriles\/#breadcrumb\"},\"inLanguage\":\"fr-FR\",\"potentialAction\":[{\"@type\":\"ReadAction\",\"target\":[\"https:\/\/paracherkaoui.ma\/index.php\/produit\/urgo-brulures-blessures-superficielles-4-pansements-steriles\/\"]}]},{\"@type\":\"ImageObject\",\"inLanguage\":\"fr-FR\",\"@id\":\"https:\/\/paracherkaoui.ma\/index.php\/produit\/urgo-brulures-blessures-superficielles-4-pansements-steriles\/#primaryimage\",\"url\":\"https:\/\/paracherkaoui.ma\/wp-content\/uploads\/2025\/12\/urgo-urgo-brulures-blessures-superficielles-4-pansements-steriles-pansements.jpg\",\"contentUrl\":\"https:\/\/paracherkaoui.ma\/wp-content\/uploads\/2025\/12\/urgo-urgo-brulures-blessures-superficielles-4-pansements-steriles-pansements.jpg\",\"width\":700,\"height\":700},{\"@type\":\"BreadcrumbList\",\"@id\":\"https:\/\/paracherkaoui.ma\/index.php\/produit\/urgo-brulures-blessures-superficielles-4-pansements-steriles\/#breadcrumb\",\"itemListElement\":[{\"@type\":\"ListItem\",\"position\":1,\"name\":\"Accueil\",\"item\":\"https:\/\/paracherkaoui.ma\/\"},{\"@type\":\"ListItem\",\"position\":2,\"name\":\"Boutique\",\"item\":\"https:\/\/paracherkaoui.ma\/index.php\/boutique\/\"},{\"@type\":\"ListItem\",\"position\":3,\"name\":\"URGO BRULURES BLESSURES SUPERFICIELLES 4 PANSEMENTS STERILES\"}]},{\"@type\":\"WebSite\",\"@id\":\"https:\/\/paracherkaoui.ma\/#website\",\"url\":\"https:\/\/paracherkaoui.ma\/\",\"name\":\"Paracherkaoui.ma\",\"description\":\"Achetez en ligne sur Paracherkaoui.ma\",\"potentialAction\":[{\"@type\":\"SearchAction\",\"target\":{\"@type\":\"EntryPoint\",\"urlTemplate\":\"https:\/\/paracherkaoui.ma\/?s={search_term_string}\"},\"query-input\":{\"@type\":\"PropertyValueSpecification\",\"valueRequired\":true,\"valueName\":\"search_term_string\"}}],\"inLanguage\":\"fr-FR\"}]}<\/script>\r\n<!-- \/ Yoast SEO plugin. -->","yoast_head_json":{"title":"URGO BRULURES BLESSURES SUPERFICIELLES 4 PANSEMENTS STERILES - Paracherkaoui.ma","robots":{"index":"index","follow":"follow","max-snippet":"max-snippet:-1","max-image-preview":"max-image-preview:large","max-video-preview":"max-video-preview:-1"},"canonical":"https:\/\/paracherkaoui.ma\/index.php\/produit\/urgo-brulures-blessures-superficielles-4-pansements-steriles\/","og_locale":"fr_FR","og_type":"article","og_title":"URGO BRULURES BLESSURES SUPERFICIELLES 4 PANSEMENTS STERILES - Paracherkaoui.ma","og_description":"Les Pansements St\u00e9riles Grand Format Br\u00fblures et Blessures Superficielles Urgo\u00a0sont adapt\u00e9s au traitement des blessures superficielles comme des \u00e9corchures ou","og_url":"https:\/\/paracherkaoui.ma\/index.php\/produit\/urgo-brulures-blessures-superficielles-4-pansements-steriles\/","og_site_name":"Paracherkaoui.ma","article_modified_time":"2025-12-12T18:33:12+00:00","og_image":[{"width":700,"height":700,"url":"https:\/\/paracherkaoui.ma\/wp-content\/uploads\/2025\/12\/urgo-urgo-brulures-blessures-superficielles-4-pansements-steriles-pansements.jpg","type":"image\/jpeg"}],"twitter_card":"summary_large_image","twitter_misc":{"Dur\u00e9e de lecture estim\u00e9e":"1 minute"},"schema":{"@context":"https:\/\/schema.org","@graph":[{"@type":"WebPage","@id":"https:\/\/paracherkaoui.ma\/index.php\/produit\/urgo-brulures-blessures-superficielles-4-pansements-steriles\/","url":"https:\/\/paracherkaoui.ma\/index.php\/produit\/urgo-brulures-blessures-superficielles-4-pansements-steriles\/","name":"URGO BRULURES BLESSURES SUPERFICIELLES 4 PANSEMENTS STERILES - Paracherkaoui.ma","isPartOf":{"@id":"https:\/\/paracherkaoui.ma\/#website"},"primaryImageOfPage":{"@id":"https:\/\/paracherkaoui.ma\/index.php\/produit\/urgo-brulures-blessures-superficielles-4-pansements-steriles\/#primaryimage"},"image":{"@id":"https:\/\/paracherkaoui.ma\/index.php\/produit\/urgo-brulures-blessures-superficielles-4-pansements-steriles\/#primaryimage"},"thumbnailUrl":"https:\/\/paracherkaoui.ma\/wp-content\/uploads\/2025\/12\/urgo-urgo-brulures-blessures-superficielles-4-pansements-steriles-pansements.jpg","datePublished":"2025-12-12T18:33:11+00:00","dateModified":"2025-12-12T18:33:12+00:00","breadcrumb":{"@id":"https:\/\/paracherkaoui.ma\/index.php\/produit\/urgo-brulures-blessures-superficielles-4-pansements-steriles\/#breadcrumb"},"inLanguage":"fr-FR","potentialAction":[{"@type":"ReadAction","target":["https:\/\/paracherkaoui.ma\/index.php\/produit\/urgo-brulures-blessures-superficielles-4-pansements-steriles\/"]}]},{"@type":"ImageObject","inLanguage":"fr-FR","@id":"https:\/\/paracherkaoui.ma\/index.php\/produit\/urgo-brulures-blessures-superficielles-4-pansements-steriles\/#primaryimage","url":"https:\/\/paracherkaoui.ma\/wp-content\/uploads\/2025\/12\/urgo-urgo-brulures-blessures-superficielles-4-pansements-steriles-pansements.jpg","contentUrl":"https:\/\/paracherkaoui.ma\/wp-content\/uploads\/2025\/12\/urgo-urgo-brulures-blessures-superficielles-4-pansements-steriles-pansements.jpg","width":700,"height":700},{"@type":"BreadcrumbList","@id":"https:\/\/paracherkaoui.ma\/index.php\/produit\/urgo-brulures-blessures-superficielles-4-pansements-steriles\/#breadcrumb","itemListElement":[{"@type":"ListItem","position":1,"name":"Accueil","item":"https:\/\/paracherkaoui.ma\/"},{"@type":"ListItem","position":2,"name":"Boutique","item":"https:\/\/paracherkaoui.ma\/index.php\/boutique\/"},{"@type":"ListItem","position":3,"name":"URGO BRULURES BLESSURES SUPERFICIELLES 4 PANSEMENTS STERILES"}]},{"@type":"WebSite","@id":"https:\/\/paracherkaoui.ma\/#website","url":"https:\/\/paracherkaoui.ma\/","name":"Paracherkaoui.ma","description":"Achetez en ligne sur Paracherkaoui.ma","potentialAction":[{"@type":"SearchAction","target":{"@type":"EntryPoint","urlTemplate":"https:\/\/paracherkaoui.ma\/?s={search_term_string}"},"query-input":{"@type":"PropertyValueSpecification","valueRequired":true,"valueName":"search_term_string"}}],"inLanguage":"fr-FR"}]}},"_links":{"self":[{"href":"https:\/\/paracherkaoui.ma\/index.php\/wp-json\/wp\/v2\/product\/51074","targetHints":{"allow":["GET"]}}],"collection":[{"href":"https:\/\/paracherkaoui.ma\/index.php\/wp-json\/wp\/v2\/product"}],"about":[{"href":"https:\/\/paracherkaoui.ma\/index.php\/wp-json\/wp\/v2\/types\/product"}],"replies":[{"embeddable":true,"href":"https:\/\/paracherkaoui.ma\/index.php\/wp-json\/wp\/v2\/comments?post=51074"}],"version-history":[{"count":1,"href":"https:\/\/paracherkaoui.ma\/index.php\/wp-json\/wp\/v2\/product\/51074\/revisions"}],"predecessor-version":[{"id":51105,"href":"https:\/\/paracherkaoui.ma\/index.php\/wp-json\/wp\/v2\/product\/51074\/revisions\/51105"}],"wp:featuredmedia":[{"embeddable":true,"href":"https:\/\/paracherkaoui.ma\/index.php\/wp-json\/wp\/v2\/media\/51104"}],"wp:attachment":[{"href":"https:\/\/paracherkaoui.ma\/index.php\/wp-json\/wp\/v2\/media?parent=51074"}],"wp:term":[{"taxonomy":"product_brand","embeddable":true,"href":"https:\/\/paracherkaoui.ma\/index.php\/wp-json\/wp\/v2\/product_brand?post=51074"},{"taxonomy":"product_cat","embeddable":true,"href":"https:\/\/paracherkaoui.ma\/index.php\/wp-json\/wp\/v2\/product_cat?post=51074"},{"taxonomy":"product_tag","embeddable":true,"href":"https:\/\/paracherkaoui.ma\/index.php\/wp-json\/wp\/v2\/product_tag?post=51074"}],"curies":[{"name":"wp","href":"https:\/\/api.w.org\/{rel}","templated":true}]}}