{"id":50998,"date":"2025-12-12T19:33:01","date_gmt":"2025-12-12T18:33:01","guid":{"rendered":"https:\/\/test.ecbeaute.com\/?post_type=product&#038;p=50998"},"modified":"2025-12-12T19:33:06","modified_gmt":"2025-12-12T18:33:06","slug":"puressentiel-articulations-et-muscles-cryo-pure-spray-150-ml","status":"publish","type":"product","link":"https:\/\/paracherkaoui.ma\/index.php\/produit\/puressentiel-articulations-et-muscles-cryo-pure-spray-150-ml\/","title":{"rendered":"PURESSENTIEL ARTICULATIONS ET MUSCLES CRYO PURE SPRAY 150 ML"},"content":{"rendered":"<p>DESCRIPTION :<br \/>\nLe Spray Cryo Pure\u00ae Puressentiel contient 14 huiles essentielles aux parfums relaxants.<br \/>\nGr\u00e2ce \u00e0 sa texture non grasse et non collante, il permet un massage rapide pour soulager efficacement, imm\u00e9diatement et durablement les zones sensibles.<br \/>\nLe Spray Cryo Pure\u00ae a \u00e9t\u00e9 formul\u00e9 selon la M\u00e9thode \u00ab\u00a0cryo\u00a0\u00bb, une application de froid traditionnellement utilis\u00e9e.<br \/>\nL&rsquo;utilisation multidirectionnelle du spray combin\u00e9e \u00e0 la p\u00e9n\u00e9tration facile du produit vous permettra une application express en 3 secondes garantissant un effet froid.<br \/>\nLe Spray Cryo Pure\u00ae, \u00e0 l&rsquo;efficacit\u00e9 approuv\u00e9e, a \u00e9t\u00e9 test\u00e9 sous contr\u00f4le dermatologique et kin\u00e9 :<br \/>\n-Effet froid intense, rapide et durable<br \/>\n-Apaise les zones sensibles<br \/>\nProduit cosm\u00e9tique issu de l&rsquo;aromath\u00e9rapie &#8211; Huiles Essentielles HEBBD (Huile Essentielle Botaniquement et Biochimiquement D\u00e9finie)<br \/>\nTol\u00e9rance test\u00e9e &#8211; Formule 100% d&rsquo;origine naturelle &#8211; Sans colorant &#8211; Sans parfum de synth\u00e8se &#8211; Sans huiles min\u00e9rales &#8211; Sans gaz propulseur nocif pour l&rsquo;environnement.<br \/>\nCONSEILS D&rsquo;UTILISATION :<br \/>\nAvant utilisation, bien agiter le Spray Cryo Pure\u00ae puis pulv\u00e9riser localement \u00e0 15 cm environ de la zone sensible (dos, nuque, \u00e9paules, coudes, poignets, mains, hanches, genoux, cuisses, mollets, chevilles, pieds,\u2026). \u00c0 utiliser d\u00e8s que le besoin s&rsquo;en fait sentir. Maximum 2 applications par jour, pas plus d&rsquo;une semaine par mois.<\/p>\n","protected":false},"excerpt":{"rendered":"<p>DESCRIPTION : Le Spray Cryo Pure\u00ae Puressentiel contient 14 huiles essentielles aux parfums relaxants. Gr\u00e2ce \u00e0 sa texture non grasse<\/p>\n","protected":false},"featured_media":51041,"comment_status":"open","ping_status":"closed","template":"","meta":[],"product_brand":[204],"product_cat":[945],"product_tag":[],"class_list":{"0":"post-50998","1":"product","2":"type-product","3":"status-publish","4":"has-post-thumbnail","6":"product_brand-puressentiel","7":"product_cat-soins-premiers-secours","9":"first","10":"instock","11":"sale","12":"shipping-taxable","13":"purchasable","14":"product-type-simple"},"yoast_head":"<!-- This site is optimized with the Yoast SEO plugin v26.6 - https:\/\/yoast.com\/wordpress\/plugins\/seo\/ -->\r\n<title>PURESSENTIEL ARTICULATIONS ET MUSCLES CRYO PURE SPRAY 150 ML - Paracherkaoui.ma<\/title>\r\n<meta name=\"robots\" content=\"index, follow, max-snippet:-1, max-image-preview:large, max-video-preview:-1\" \/>\r\n<link rel=\"canonical\" href=\"https:\/\/paracherkaoui.ma\/index.php\/produit\/puressentiel-articulations-et-muscles-cryo-pure-spray-150-ml\/\" \/>\r\n<meta property=\"og:locale\" content=\"fr_FR\" \/>\r\n<meta property=\"og:type\" content=\"article\" \/>\r\n<meta property=\"og:title\" content=\"PURESSENTIEL ARTICULATIONS ET MUSCLES CRYO PURE SPRAY 150 ML - Paracherkaoui.ma\" \/>\r\n<meta property=\"og:description\" content=\"DESCRIPTION : Le Spray Cryo Pure\u00ae Puressentiel contient 14 huiles essentielles aux parfums relaxants. Gr\u00e2ce \u00e0 sa texture non grasse\" \/>\r\n<meta property=\"og:url\" content=\"https:\/\/paracherkaoui.ma\/index.php\/produit\/puressentiel-articulations-et-muscles-cryo-pure-spray-150-ml\/\" \/>\r\n<meta property=\"og:site_name\" content=\"Paracherkaoui.ma\" \/>\r\n<meta property=\"article:modified_time\" content=\"2025-12-12T18:33:06+00:00\" \/>\r\n<meta property=\"og:image\" content=\"https:\/\/paracherkaoui.ma\/wp-content\/uploads\/2025\/12\/puressentiel-puressentiel-articulations-et-muscles-cryo-pure-spray-150-ml-orthopedie.jpg\" \/>\r\n\t<meta property=\"og:image:width\" content=\"700\" \/>\r\n\t<meta property=\"og:image:height\" content=\"700\" \/>\r\n\t<meta property=\"og:image:type\" content=\"image\/jpeg\" \/>\r\n<meta name=\"twitter:card\" content=\"summary_large_image\" \/>\r\n<meta name=\"twitter:label1\" content=\"Dur\u00e9e de lecture estim\u00e9e\" \/>\n\t<meta name=\"twitter:data1\" content=\"1 minute\" \/>\r\n<script type=\"application\/ld+json\" class=\"yoast-schema-graph\">{\"@context\":\"https:\/\/schema.org\",\"@graph\":[{\"@type\":\"WebPage\",\"@id\":\"https:\/\/paracherkaoui.ma\/index.php\/produit\/puressentiel-articulations-et-muscles-cryo-pure-spray-150-ml\/\",\"url\":\"https:\/\/paracherkaoui.ma\/index.php\/produit\/puressentiel-articulations-et-muscles-cryo-pure-spray-150-ml\/\",\"name\":\"PURESSENTIEL ARTICULATIONS ET MUSCLES CRYO PURE SPRAY 150 ML - Paracherkaoui.ma\",\"isPartOf\":{\"@id\":\"https:\/\/paracherkaoui.ma\/#website\"},\"primaryImageOfPage\":{\"@id\":\"https:\/\/paracherkaoui.ma\/index.php\/produit\/puressentiel-articulations-et-muscles-cryo-pure-spray-150-ml\/#primaryimage\"},\"image\":{\"@id\":\"https:\/\/paracherkaoui.ma\/index.php\/produit\/puressentiel-articulations-et-muscles-cryo-pure-spray-150-ml\/#primaryimage\"},\"thumbnailUrl\":\"https:\/\/paracherkaoui.ma\/wp-content\/uploads\/2025\/12\/puressentiel-puressentiel-articulations-et-muscles-cryo-pure-spray-150-ml-orthopedie.jpg\",\"datePublished\":\"2025-12-12T18:33:01+00:00\",\"dateModified\":\"2025-12-12T18:33:06+00:00\",\"breadcrumb\":{\"@id\":\"https:\/\/paracherkaoui.ma\/index.php\/produit\/puressentiel-articulations-et-muscles-cryo-pure-spray-150-ml\/#breadcrumb\"},\"inLanguage\":\"fr-FR\",\"potentialAction\":[{\"@type\":\"ReadAction\",\"target\":[\"https:\/\/paracherkaoui.ma\/index.php\/produit\/puressentiel-articulations-et-muscles-cryo-pure-spray-150-ml\/\"]}]},{\"@type\":\"ImageObject\",\"inLanguage\":\"fr-FR\",\"@id\":\"https:\/\/paracherkaoui.ma\/index.php\/produit\/puressentiel-articulations-et-muscles-cryo-pure-spray-150-ml\/#primaryimage\",\"url\":\"https:\/\/paracherkaoui.ma\/wp-content\/uploads\/2025\/12\/puressentiel-puressentiel-articulations-et-muscles-cryo-pure-spray-150-ml-orthopedie.jpg\",\"contentUrl\":\"https:\/\/paracherkaoui.ma\/wp-content\/uploads\/2025\/12\/puressentiel-puressentiel-articulations-et-muscles-cryo-pure-spray-150-ml-orthopedie.jpg\",\"width\":700,\"height\":700},{\"@type\":\"BreadcrumbList\",\"@id\":\"https:\/\/paracherkaoui.ma\/index.php\/produit\/puressentiel-articulations-et-muscles-cryo-pure-spray-150-ml\/#breadcrumb\",\"itemListElement\":[{\"@type\":\"ListItem\",\"position\":1,\"name\":\"Accueil\",\"item\":\"https:\/\/paracherkaoui.ma\/\"},{\"@type\":\"ListItem\",\"position\":2,\"name\":\"Boutique\",\"item\":\"https:\/\/paracherkaoui.ma\/index.php\/boutique\/\"},{\"@type\":\"ListItem\",\"position\":3,\"name\":\"PURESSENTIEL ARTICULATIONS ET MUSCLES CRYO PURE SPRAY 150 ML\"}]},{\"@type\":\"WebSite\",\"@id\":\"https:\/\/paracherkaoui.ma\/#website\",\"url\":\"https:\/\/paracherkaoui.ma\/\",\"name\":\"Paracherkaoui.ma\",\"description\":\"Achetez en ligne sur Paracherkaoui.ma\",\"potentialAction\":[{\"@type\":\"SearchAction\",\"target\":{\"@type\":\"EntryPoint\",\"urlTemplate\":\"https:\/\/paracherkaoui.ma\/?s={search_term_string}\"},\"query-input\":{\"@type\":\"PropertyValueSpecification\",\"valueRequired\":true,\"valueName\":\"search_term_string\"}}],\"inLanguage\":\"fr-FR\"}]}<\/script>\r\n<!-- \/ Yoast SEO plugin. -->","yoast_head_json":{"title":"PURESSENTIEL ARTICULATIONS ET MUSCLES CRYO PURE SPRAY 150 ML - Paracherkaoui.ma","robots":{"index":"index","follow":"follow","max-snippet":"max-snippet:-1","max-image-preview":"max-image-preview:large","max-video-preview":"max-video-preview:-1"},"canonical":"https:\/\/paracherkaoui.ma\/index.php\/produit\/puressentiel-articulations-et-muscles-cryo-pure-spray-150-ml\/","og_locale":"fr_FR","og_type":"article","og_title":"PURESSENTIEL ARTICULATIONS ET MUSCLES CRYO PURE SPRAY 150 ML - Paracherkaoui.ma","og_description":"DESCRIPTION : Le Spray Cryo Pure\u00ae Puressentiel contient 14 huiles essentielles aux parfums relaxants. Gr\u00e2ce \u00e0 sa texture non grasse","og_url":"https:\/\/paracherkaoui.ma\/index.php\/produit\/puressentiel-articulations-et-muscles-cryo-pure-spray-150-ml\/","og_site_name":"Paracherkaoui.ma","article_modified_time":"2025-12-12T18:33:06+00:00","og_image":[{"width":700,"height":700,"url":"https:\/\/paracherkaoui.ma\/wp-content\/uploads\/2025\/12\/puressentiel-puressentiel-articulations-et-muscles-cryo-pure-spray-150-ml-orthopedie.jpg","type":"image\/jpeg"}],"twitter_card":"summary_large_image","twitter_misc":{"Dur\u00e9e de lecture estim\u00e9e":"1 minute"},"schema":{"@context":"https:\/\/schema.org","@graph":[{"@type":"WebPage","@id":"https:\/\/paracherkaoui.ma\/index.php\/produit\/puressentiel-articulations-et-muscles-cryo-pure-spray-150-ml\/","url":"https:\/\/paracherkaoui.ma\/index.php\/produit\/puressentiel-articulations-et-muscles-cryo-pure-spray-150-ml\/","name":"PURESSENTIEL ARTICULATIONS ET MUSCLES CRYO PURE SPRAY 150 ML - Paracherkaoui.ma","isPartOf":{"@id":"https:\/\/paracherkaoui.ma\/#website"},"primaryImageOfPage":{"@id":"https:\/\/paracherkaoui.ma\/index.php\/produit\/puressentiel-articulations-et-muscles-cryo-pure-spray-150-ml\/#primaryimage"},"image":{"@id":"https:\/\/paracherkaoui.ma\/index.php\/produit\/puressentiel-articulations-et-muscles-cryo-pure-spray-150-ml\/#primaryimage"},"thumbnailUrl":"https:\/\/paracherkaoui.ma\/wp-content\/uploads\/2025\/12\/puressentiel-puressentiel-articulations-et-muscles-cryo-pure-spray-150-ml-orthopedie.jpg","datePublished":"2025-12-12T18:33:01+00:00","dateModified":"2025-12-12T18:33:06+00:00","breadcrumb":{"@id":"https:\/\/paracherkaoui.ma\/index.php\/produit\/puressentiel-articulations-et-muscles-cryo-pure-spray-150-ml\/#breadcrumb"},"inLanguage":"fr-FR","potentialAction":[{"@type":"ReadAction","target":["https:\/\/paracherkaoui.ma\/index.php\/produit\/puressentiel-articulations-et-muscles-cryo-pure-spray-150-ml\/"]}]},{"@type":"ImageObject","inLanguage":"fr-FR","@id":"https:\/\/paracherkaoui.ma\/index.php\/produit\/puressentiel-articulations-et-muscles-cryo-pure-spray-150-ml\/#primaryimage","url":"https:\/\/paracherkaoui.ma\/wp-content\/uploads\/2025\/12\/puressentiel-puressentiel-articulations-et-muscles-cryo-pure-spray-150-ml-orthopedie.jpg","contentUrl":"https:\/\/paracherkaoui.ma\/wp-content\/uploads\/2025\/12\/puressentiel-puressentiel-articulations-et-muscles-cryo-pure-spray-150-ml-orthopedie.jpg","width":700,"height":700},{"@type":"BreadcrumbList","@id":"https:\/\/paracherkaoui.ma\/index.php\/produit\/puressentiel-articulations-et-muscles-cryo-pure-spray-150-ml\/#breadcrumb","itemListElement":[{"@type":"ListItem","position":1,"name":"Accueil","item":"https:\/\/paracherkaoui.ma\/"},{"@type":"ListItem","position":2,"name":"Boutique","item":"https:\/\/paracherkaoui.ma\/index.php\/boutique\/"},{"@type":"ListItem","position":3,"name":"PURESSENTIEL ARTICULATIONS ET MUSCLES CRYO PURE SPRAY 150 ML"}]},{"@type":"WebSite","@id":"https:\/\/paracherkaoui.ma\/#website","url":"https:\/\/paracherkaoui.ma\/","name":"Paracherkaoui.ma","description":"Achetez en ligne sur Paracherkaoui.ma","potentialAction":[{"@type":"SearchAction","target":{"@type":"EntryPoint","urlTemplate":"https:\/\/paracherkaoui.ma\/?s={search_term_string}"},"query-input":{"@type":"PropertyValueSpecification","valueRequired":true,"valueName":"search_term_string"}}],"inLanguage":"fr-FR"}]}},"_links":{"self":[{"href":"https:\/\/paracherkaoui.ma\/index.php\/wp-json\/wp\/v2\/product\/50998","targetHints":{"allow":["GET"]}}],"collection":[{"href":"https:\/\/paracherkaoui.ma\/index.php\/wp-json\/wp\/v2\/product"}],"about":[{"href":"https:\/\/paracherkaoui.ma\/index.php\/wp-json\/wp\/v2\/types\/product"}],"replies":[{"embeddable":true,"href":"https:\/\/paracherkaoui.ma\/index.php\/wp-json\/wp\/v2\/comments?post=50998"}],"version-history":[{"count":1,"href":"https:\/\/paracherkaoui.ma\/index.php\/wp-json\/wp\/v2\/product\/50998\/revisions"}],"predecessor-version":[{"id":51042,"href":"https:\/\/paracherkaoui.ma\/index.php\/wp-json\/wp\/v2\/product\/50998\/revisions\/51042"}],"wp:featuredmedia":[{"embeddable":true,"href":"https:\/\/paracherkaoui.ma\/index.php\/wp-json\/wp\/v2\/media\/51041"}],"wp:attachment":[{"href":"https:\/\/paracherkaoui.ma\/index.php\/wp-json\/wp\/v2\/media?parent=50998"}],"wp:term":[{"taxonomy":"product_brand","embeddable":true,"href":"https:\/\/paracherkaoui.ma\/index.php\/wp-json\/wp\/v2\/product_brand?post=50998"},{"taxonomy":"product_cat","embeddable":true,"href":"https:\/\/paracherkaoui.ma\/index.php\/wp-json\/wp\/v2\/product_cat?post=50998"},{"taxonomy":"product_tag","embeddable":true,"href":"https:\/\/paracherkaoui.ma\/index.php\/wp-json\/wp\/v2\/product_tag?post=50998"}],"curies":[{"name":"wp","href":"https:\/\/api.w.org\/{rel}","templated":true}]}}