{"id":50993,"date":"2025-12-12T19:33:01","date_gmt":"2025-12-12T18:33:01","guid":{"rendered":"https:\/\/test.ecbeaute.com\/?post_type=product&#038;p=50993"},"modified":"2025-12-12T19:33:05","modified_gmt":"2025-12-12T18:33:05","slug":"puressentiel-assainissant-spray-aerien-aux-41-huiles-essentielles-500-ml","status":"publish","type":"product","link":"https:\/\/paracherkaoui.ma\/index.php\/produit\/puressentiel-assainissant-spray-aerien-aux-41-huiles-essentielles-500-ml\/","title":{"rendered":"PURESSENTIEL ASSAINISSANT SPRAY AERIEN AUX 41 HUILES ESSENTIELLES 500 ML"},"content":{"rendered":"<p>DESCRIPTION :<br \/>\nCe spray assainissant, avec sa formule brevet\u00e9e aux 41 huiles essentielles, d\u00e9truit les germes (bact\u00e9ries, virus, champignons microscopiques), les mauvaises odeurs et a \u00e9galement une action anti-acarien. Odeurs de literie, d\u2019animaux, chambre d\u2019enfants et d\u2019adultes, pi\u00e8ces humides, w-c, cuisine, bureaux, ateliers, lieux publics, voiture : ce Spray Assainissant Puressentiel limite les sources d\u2019allergies, assainit l\u2019air et purifie l\u2019atmosph\u00e8re pollu\u00e9e ou enfum\u00e9e. Bact\u00e9ricide &#8211; Fongicide &#8211; Virucide &#8211; Acaricide Produit issu de l&rsquo;aromath\u00e9rapie &#8211; Huiles essentielles HEBBD (Huile Essentielle Botaniquement et Biochimiquement D\u00e9finie) &#8211; Huiles essentielles et Alcool v\u00e9g\u00e9tal non d\u00e9natur\u00e9 par des phtalates : 100% d&rsquo;origine v\u00e9g\u00e9tale &#8211; Sans gaz propulseur* &#8211; Sans colorant &#8211; Sans conservateur &#8211; Sans parfum de synth\u00e8se<br \/>\nCONSEILS D&rsquo;UTILISATION :<br \/>\nASSAINISSEMENT DE LA PI\u00c8CE : Vaporisez 6 \u00e0 8 pulv\u00e9risations (3 \u00e0 5 ml) du spray assainissant \u00e0 usage atmosph\u00e9rique dans l\u2019air, aux quatre coins de l&rsquo;endroit \u00e0 assainir. Vous pouvez vaporisez ce spray Assainissant sur les moquettes et autres surfaces en r\u00e9alisant un test au pr\u00e9alable. Anti-acarien, vous pouvez l\u2019utiliser pour traiter votre literie. Sortir de la pi\u00e8ce. Laisser agir au moins 30 minutes et a\u00e9rer ensuite. UTILISATION QUOTIDIENNE : 2 pulv\u00e9risations par jour du spray assainissant en 1 ou 2 fois.<br \/>\nPRECAUTIONS D&rsquo;EMPLOI :<br \/>\nEN CAS DE CONTACT AVEC LA PEAU: laver abondamment \u00e0 l\u2019eau et au savon. EN CAS DE CONTACT AVEC LES YEUX: rincer avec pr\u00e9caution \u00e0 l\u2019eau pendant plusieurs minutes. En cas d\u2019irritation, d\u2019\u00e9ruption cutan\u00e9e ou d\u2019irritation oculaire persistante : consulter un m\u00e9decin. Ne pas avaler. En cas d\u2019ingestion, rincer la bouche puis consulter imm\u00e9diatement un m\u00e9decin et lui montrer le produit. Ne pas manger, boire et fumer pendant l&rsquo;utilisation. Conserver \u00e0 l&rsquo;\u00e9cart des aliments et boissons, y compris ceux pour animaux. \u00c9liminer le contenu \/ r\u00e9cipient conform\u00e9ment \u00e0 la r\u00e9glementation locale \/ r\u00e9gionale \/ nationale \/internationale. Ne pas utiliser pour un usage autre que celui pour lequel il est destin\u00e9. Utiliser le spray assainissant avec pr\u00e9caution, avant toute utilisation, lisez l\u2019\u00e9tiquette et les informations concernant ce produit.<\/p>\n","protected":false},"excerpt":{"rendered":"<p>DESCRIPTION : Ce spray assainissant, avec sa formule brevet\u00e9e aux 41 huiles essentielles, d\u00e9truit les germes (bact\u00e9ries, virus, champignons microscopiques),<\/p>\n","protected":false},"featured_media":51032,"comment_status":"open","ping_status":"closed","template":"","meta":[],"product_brand":[204],"product_cat":[945],"product_tag":[],"class_list":{"0":"post-50993","1":"product","2":"type-product","3":"status-publish","4":"has-post-thumbnail","6":"product_brand-puressentiel","7":"product_cat-soins-premiers-secours","9":"first","10":"instock","11":"sale","12":"shipping-taxable","13":"purchasable","14":"product-type-simple"},"yoast_head":"<!-- This site is optimized with the Yoast SEO plugin v26.6 - https:\/\/yoast.com\/wordpress\/plugins\/seo\/ -->\r\n<title>PURESSENTIEL ASSAINISSANT SPRAY AERIEN AUX 41 HUILES ESSENTIELLES 500 ML - Paracherkaoui.ma<\/title>\r\n<meta name=\"robots\" content=\"index, follow, max-snippet:-1, max-image-preview:large, max-video-preview:-1\" \/>\r\n<link rel=\"canonical\" href=\"https:\/\/paracherkaoui.ma\/index.php\/produit\/puressentiel-assainissant-spray-aerien-aux-41-huiles-essentielles-500-ml\/\" \/>\r\n<meta property=\"og:locale\" content=\"fr_FR\" \/>\r\n<meta property=\"og:type\" content=\"article\" \/>\r\n<meta property=\"og:title\" content=\"PURESSENTIEL ASSAINISSANT SPRAY AERIEN AUX 41 HUILES ESSENTIELLES 500 ML - Paracherkaoui.ma\" \/>\r\n<meta property=\"og:description\" content=\"DESCRIPTION : Ce spray assainissant, avec sa formule brevet\u00e9e aux 41 huiles essentielles, d\u00e9truit les germes (bact\u00e9ries, virus, champignons microscopiques),\" \/>\r\n<meta property=\"og:url\" content=\"https:\/\/paracherkaoui.ma\/index.php\/produit\/puressentiel-assainissant-spray-aerien-aux-41-huiles-essentielles-500-ml\/\" \/>\r\n<meta property=\"og:site_name\" content=\"Paracherkaoui.ma\" \/>\r\n<meta property=\"article:modified_time\" content=\"2025-12-12T18:33:05+00:00\" \/>\r\n<meta property=\"og:image\" content=\"https:\/\/paracherkaoui.ma\/wp-content\/uploads\/2025\/12\/puressentiel-assainissant-spray-aerien-aux-41-huiles-essentielles-500-ml.jpg\" \/>\r\n\t<meta property=\"og:image:width\" content=\"700\" \/>\r\n\t<meta property=\"og:image:height\" content=\"700\" \/>\r\n\t<meta property=\"og:image:type\" content=\"image\/jpeg\" \/>\r\n<meta name=\"twitter:card\" content=\"summary_large_image\" \/>\r\n<meta name=\"twitter:label1\" content=\"Dur\u00e9e de lecture estim\u00e9e\" \/>\n\t<meta name=\"twitter:data1\" content=\"2 minutes\" \/>\r\n<script type=\"application\/ld+json\" class=\"yoast-schema-graph\">{\"@context\":\"https:\/\/schema.org\",\"@graph\":[{\"@type\":\"WebPage\",\"@id\":\"https:\/\/paracherkaoui.ma\/index.php\/produit\/puressentiel-assainissant-spray-aerien-aux-41-huiles-essentielles-500-ml\/\",\"url\":\"https:\/\/paracherkaoui.ma\/index.php\/produit\/puressentiel-assainissant-spray-aerien-aux-41-huiles-essentielles-500-ml\/\",\"name\":\"PURESSENTIEL ASSAINISSANT SPRAY AERIEN AUX 41 HUILES ESSENTIELLES 500 ML - Paracherkaoui.ma\",\"isPartOf\":{\"@id\":\"https:\/\/paracherkaoui.ma\/#website\"},\"primaryImageOfPage\":{\"@id\":\"https:\/\/paracherkaoui.ma\/index.php\/produit\/puressentiel-assainissant-spray-aerien-aux-41-huiles-essentielles-500-ml\/#primaryimage\"},\"image\":{\"@id\":\"https:\/\/paracherkaoui.ma\/index.php\/produit\/puressentiel-assainissant-spray-aerien-aux-41-huiles-essentielles-500-ml\/#primaryimage\"},\"thumbnailUrl\":\"https:\/\/paracherkaoui.ma\/wp-content\/uploads\/2025\/12\/puressentiel-assainissant-spray-aerien-aux-41-huiles-essentielles-500-ml.jpg\",\"datePublished\":\"2025-12-12T18:33:01+00:00\",\"dateModified\":\"2025-12-12T18:33:05+00:00\",\"breadcrumb\":{\"@id\":\"https:\/\/paracherkaoui.ma\/index.php\/produit\/puressentiel-assainissant-spray-aerien-aux-41-huiles-essentielles-500-ml\/#breadcrumb\"},\"inLanguage\":\"fr-FR\",\"potentialAction\":[{\"@type\":\"ReadAction\",\"target\":[\"https:\/\/paracherkaoui.ma\/index.php\/produit\/puressentiel-assainissant-spray-aerien-aux-41-huiles-essentielles-500-ml\/\"]}]},{\"@type\":\"ImageObject\",\"inLanguage\":\"fr-FR\",\"@id\":\"https:\/\/paracherkaoui.ma\/index.php\/produit\/puressentiel-assainissant-spray-aerien-aux-41-huiles-essentielles-500-ml\/#primaryimage\",\"url\":\"https:\/\/paracherkaoui.ma\/wp-content\/uploads\/2025\/12\/puressentiel-assainissant-spray-aerien-aux-41-huiles-essentielles-500-ml.jpg\",\"contentUrl\":\"https:\/\/paracherkaoui.ma\/wp-content\/uploads\/2025\/12\/puressentiel-assainissant-spray-aerien-aux-41-huiles-essentielles-500-ml.jpg\",\"width\":700,\"height\":700},{\"@type\":\"BreadcrumbList\",\"@id\":\"https:\/\/paracherkaoui.ma\/index.php\/produit\/puressentiel-assainissant-spray-aerien-aux-41-huiles-essentielles-500-ml\/#breadcrumb\",\"itemListElement\":[{\"@type\":\"ListItem\",\"position\":1,\"name\":\"Accueil\",\"item\":\"https:\/\/paracherkaoui.ma\/\"},{\"@type\":\"ListItem\",\"position\":2,\"name\":\"Boutique\",\"item\":\"https:\/\/paracherkaoui.ma\/index.php\/boutique\/\"},{\"@type\":\"ListItem\",\"position\":3,\"name\":\"PURESSENTIEL ASSAINISSANT SPRAY AERIEN AUX 41 HUILES ESSENTIELLES 500 ML\"}]},{\"@type\":\"WebSite\",\"@id\":\"https:\/\/paracherkaoui.ma\/#website\",\"url\":\"https:\/\/paracherkaoui.ma\/\",\"name\":\"Paracherkaoui.ma\",\"description\":\"Achetez en ligne sur Paracherkaoui.ma\",\"potentialAction\":[{\"@type\":\"SearchAction\",\"target\":{\"@type\":\"EntryPoint\",\"urlTemplate\":\"https:\/\/paracherkaoui.ma\/?s={search_term_string}\"},\"query-input\":{\"@type\":\"PropertyValueSpecification\",\"valueRequired\":true,\"valueName\":\"search_term_string\"}}],\"inLanguage\":\"fr-FR\"}]}<\/script>\r\n<!-- \/ Yoast SEO plugin. -->","yoast_head_json":{"title":"PURESSENTIEL ASSAINISSANT SPRAY AERIEN AUX 41 HUILES ESSENTIELLES 500 ML - Paracherkaoui.ma","robots":{"index":"index","follow":"follow","max-snippet":"max-snippet:-1","max-image-preview":"max-image-preview:large","max-video-preview":"max-video-preview:-1"},"canonical":"https:\/\/paracherkaoui.ma\/index.php\/produit\/puressentiel-assainissant-spray-aerien-aux-41-huiles-essentielles-500-ml\/","og_locale":"fr_FR","og_type":"article","og_title":"PURESSENTIEL ASSAINISSANT SPRAY AERIEN AUX 41 HUILES ESSENTIELLES 500 ML - Paracherkaoui.ma","og_description":"DESCRIPTION : Ce spray assainissant, avec sa formule brevet\u00e9e aux 41 huiles essentielles, d\u00e9truit les germes (bact\u00e9ries, virus, champignons microscopiques),","og_url":"https:\/\/paracherkaoui.ma\/index.php\/produit\/puressentiel-assainissant-spray-aerien-aux-41-huiles-essentielles-500-ml\/","og_site_name":"Paracherkaoui.ma","article_modified_time":"2025-12-12T18:33:05+00:00","og_image":[{"width":700,"height":700,"url":"https:\/\/paracherkaoui.ma\/wp-content\/uploads\/2025\/12\/puressentiel-assainissant-spray-aerien-aux-41-huiles-essentielles-500-ml.jpg","type":"image\/jpeg"}],"twitter_card":"summary_large_image","twitter_misc":{"Dur\u00e9e de lecture estim\u00e9e":"2 minutes"},"schema":{"@context":"https:\/\/schema.org","@graph":[{"@type":"WebPage","@id":"https:\/\/paracherkaoui.ma\/index.php\/produit\/puressentiel-assainissant-spray-aerien-aux-41-huiles-essentielles-500-ml\/","url":"https:\/\/paracherkaoui.ma\/index.php\/produit\/puressentiel-assainissant-spray-aerien-aux-41-huiles-essentielles-500-ml\/","name":"PURESSENTIEL ASSAINISSANT SPRAY AERIEN AUX 41 HUILES ESSENTIELLES 500 ML - Paracherkaoui.ma","isPartOf":{"@id":"https:\/\/paracherkaoui.ma\/#website"},"primaryImageOfPage":{"@id":"https:\/\/paracherkaoui.ma\/index.php\/produit\/puressentiel-assainissant-spray-aerien-aux-41-huiles-essentielles-500-ml\/#primaryimage"},"image":{"@id":"https:\/\/paracherkaoui.ma\/index.php\/produit\/puressentiel-assainissant-spray-aerien-aux-41-huiles-essentielles-500-ml\/#primaryimage"},"thumbnailUrl":"https:\/\/paracherkaoui.ma\/wp-content\/uploads\/2025\/12\/puressentiel-assainissant-spray-aerien-aux-41-huiles-essentielles-500-ml.jpg","datePublished":"2025-12-12T18:33:01+00:00","dateModified":"2025-12-12T18:33:05+00:00","breadcrumb":{"@id":"https:\/\/paracherkaoui.ma\/index.php\/produit\/puressentiel-assainissant-spray-aerien-aux-41-huiles-essentielles-500-ml\/#breadcrumb"},"inLanguage":"fr-FR","potentialAction":[{"@type":"ReadAction","target":["https:\/\/paracherkaoui.ma\/index.php\/produit\/puressentiel-assainissant-spray-aerien-aux-41-huiles-essentielles-500-ml\/"]}]},{"@type":"ImageObject","inLanguage":"fr-FR","@id":"https:\/\/paracherkaoui.ma\/index.php\/produit\/puressentiel-assainissant-spray-aerien-aux-41-huiles-essentielles-500-ml\/#primaryimage","url":"https:\/\/paracherkaoui.ma\/wp-content\/uploads\/2025\/12\/puressentiel-assainissant-spray-aerien-aux-41-huiles-essentielles-500-ml.jpg","contentUrl":"https:\/\/paracherkaoui.ma\/wp-content\/uploads\/2025\/12\/puressentiel-assainissant-spray-aerien-aux-41-huiles-essentielles-500-ml.jpg","width":700,"height":700},{"@type":"BreadcrumbList","@id":"https:\/\/paracherkaoui.ma\/index.php\/produit\/puressentiel-assainissant-spray-aerien-aux-41-huiles-essentielles-500-ml\/#breadcrumb","itemListElement":[{"@type":"ListItem","position":1,"name":"Accueil","item":"https:\/\/paracherkaoui.ma\/"},{"@type":"ListItem","position":2,"name":"Boutique","item":"https:\/\/paracherkaoui.ma\/index.php\/boutique\/"},{"@type":"ListItem","position":3,"name":"PURESSENTIEL ASSAINISSANT SPRAY AERIEN AUX 41 HUILES ESSENTIELLES 500 ML"}]},{"@type":"WebSite","@id":"https:\/\/paracherkaoui.ma\/#website","url":"https:\/\/paracherkaoui.ma\/","name":"Paracherkaoui.ma","description":"Achetez en ligne sur Paracherkaoui.ma","potentialAction":[{"@type":"SearchAction","target":{"@type":"EntryPoint","urlTemplate":"https:\/\/paracherkaoui.ma\/?s={search_term_string}"},"query-input":{"@type":"PropertyValueSpecification","valueRequired":true,"valueName":"search_term_string"}}],"inLanguage":"fr-FR"}]}},"_links":{"self":[{"href":"https:\/\/paracherkaoui.ma\/index.php\/wp-json\/wp\/v2\/product\/50993","targetHints":{"allow":["GET"]}}],"collection":[{"href":"https:\/\/paracherkaoui.ma\/index.php\/wp-json\/wp\/v2\/product"}],"about":[{"href":"https:\/\/paracherkaoui.ma\/index.php\/wp-json\/wp\/v2\/types\/product"}],"replies":[{"embeddable":true,"href":"https:\/\/paracherkaoui.ma\/index.php\/wp-json\/wp\/v2\/comments?post=50993"}],"version-history":[{"count":1,"href":"https:\/\/paracherkaoui.ma\/index.php\/wp-json\/wp\/v2\/product\/50993\/revisions"}],"predecessor-version":[{"id":51033,"href":"https:\/\/paracherkaoui.ma\/index.php\/wp-json\/wp\/v2\/product\/50993\/revisions\/51033"}],"wp:featuredmedia":[{"embeddable":true,"href":"https:\/\/paracherkaoui.ma\/index.php\/wp-json\/wp\/v2\/media\/51032"}],"wp:attachment":[{"href":"https:\/\/paracherkaoui.ma\/index.php\/wp-json\/wp\/v2\/media?parent=50993"}],"wp:term":[{"taxonomy":"product_brand","embeddable":true,"href":"https:\/\/paracherkaoui.ma\/index.php\/wp-json\/wp\/v2\/product_brand?post=50993"},{"taxonomy":"product_cat","embeddable":true,"href":"https:\/\/paracherkaoui.ma\/index.php\/wp-json\/wp\/v2\/product_cat?post=50993"},{"taxonomy":"product_tag","embeddable":true,"href":"https:\/\/paracherkaoui.ma\/index.php\/wp-json\/wp\/v2\/product_tag?post=50993"}],"curies":[{"name":"wp","href":"https:\/\/api.w.org\/{rel}","templated":true}]}}