{"id":50992,"date":"2025-12-12T19:33:01","date_gmt":"2025-12-12T18:33:01","guid":{"rendered":"https:\/\/test.ecbeaute.com\/?post_type=product&#038;p=50992"},"modified":"2025-12-12T19:33:05","modified_gmt":"2025-12-12T18:33:05","slug":"urgo-tul-10-cm-10-cm-unite","status":"publish","type":"product","link":"https:\/\/paracherkaoui.ma\/index.php\/produit\/urgo-tul-10-cm-10-cm-unite\/","title":{"rendered":"URGO TUL 10 CM* 10 CM \/ UNITE"},"content":{"rendered":"<p>Au contact de la plaie, formation d\u2019un gel lipido-collo\u00efde de contact favorisant le processus cicatriciel<br \/>\nCicatrisation en milieu humide<br \/>\nRespecte les tissus n\u00e9o-form\u00e9s<br \/>\nPas de mac\u00e9ration<br \/>\nPas d\u2019adh\u00e9rence \u00e0 la plaie, retrait atraumatique et indolore<br \/>\nUltra-souple et tr\u00e8s confortable<br \/>\nContact \u00e9troit avec toute la surface de la plaie<br \/>\nPeut \u00eatre m\u00e9ch\u00e9<br \/>\nManipulations et poses facilit\u00e9es.<br \/>\nUrgotul peut \u00eatre d\u00e9coup\u00e9 avec du mat\u00e9riel st\u00e9rile pour adapter la taille du pansement \u00e0 la plaie.<\/p>\n","protected":false},"excerpt":{"rendered":"<p>Au contact de la plaie, formation d\u2019un gel lipido-collo\u00efde de contact favorisant le processus cicatriciel Cicatrisation en milieu humide Respecte<\/p>\n","protected":false},"featured_media":51030,"comment_status":"open","ping_status":"closed","template":"","meta":[],"product_brand":[601],"product_cat":[945],"product_tag":[],"class_list":{"0":"post-50992","1":"product","2":"type-product","3":"status-publish","4":"has-post-thumbnail","6":"product_brand-urgo","7":"product_cat-soins-premiers-secours","9":"first","10":"instock","11":"sale","12":"shipping-taxable","13":"purchasable","14":"product-type-simple"},"yoast_head":"<!-- This site is optimized with the Yoast SEO plugin v26.6 - https:\/\/yoast.com\/wordpress\/plugins\/seo\/ -->\r\n<title>URGO TUL 10 CM* 10 CM \/ UNITE - Paracherkaoui.ma<\/title>\r\n<meta name=\"robots\" content=\"index, follow, max-snippet:-1, max-image-preview:large, max-video-preview:-1\" \/>\r\n<link rel=\"canonical\" href=\"https:\/\/paracherkaoui.ma\/index.php\/produit\/urgo-tul-10-cm-10-cm-unite\/\" \/>\r\n<meta property=\"og:locale\" content=\"fr_FR\" \/>\r\n<meta property=\"og:type\" content=\"article\" \/>\r\n<meta property=\"og:title\" content=\"URGO TUL 10 CM* 10 CM \/ UNITE - Paracherkaoui.ma\" \/>\r\n<meta property=\"og:description\" content=\"Au contact de la plaie, formation d\u2019un gel lipido-collo\u00efde de contact favorisant le processus cicatriciel Cicatrisation en milieu humide Respecte\" \/>\r\n<meta property=\"og:url\" content=\"https:\/\/paracherkaoui.ma\/index.php\/produit\/urgo-tul-10-cm-10-cm-unite\/\" \/>\r\n<meta property=\"og:site_name\" content=\"Paracherkaoui.ma\" \/>\r\n<meta property=\"article:modified_time\" content=\"2025-12-12T18:33:05+00:00\" \/>\r\n<meta property=\"og:image\" content=\"https:\/\/paracherkaoui.ma\/wp-content\/uploads\/2025\/12\/urgo-tul-10-cm-10-cm-unite.jpg\" \/>\r\n\t<meta property=\"og:image:width\" content=\"700\" \/>\r\n\t<meta property=\"og:image:height\" content=\"700\" \/>\r\n\t<meta property=\"og:image:type\" content=\"image\/jpeg\" \/>\r\n<meta name=\"twitter:card\" content=\"summary_large_image\" \/>\r\n<script type=\"application\/ld+json\" class=\"yoast-schema-graph\">{\"@context\":\"https:\/\/schema.org\",\"@graph\":[{\"@type\":\"WebPage\",\"@id\":\"https:\/\/paracherkaoui.ma\/index.php\/produit\/urgo-tul-10-cm-10-cm-unite\/\",\"url\":\"https:\/\/paracherkaoui.ma\/index.php\/produit\/urgo-tul-10-cm-10-cm-unite\/\",\"name\":\"URGO TUL 10 CM* 10 CM \/ UNITE - Paracherkaoui.ma\",\"isPartOf\":{\"@id\":\"https:\/\/paracherkaoui.ma\/#website\"},\"primaryImageOfPage\":{\"@id\":\"https:\/\/paracherkaoui.ma\/index.php\/produit\/urgo-tul-10-cm-10-cm-unite\/#primaryimage\"},\"image\":{\"@id\":\"https:\/\/paracherkaoui.ma\/index.php\/produit\/urgo-tul-10-cm-10-cm-unite\/#primaryimage\"},\"thumbnailUrl\":\"https:\/\/paracherkaoui.ma\/wp-content\/uploads\/2025\/12\/urgo-tul-10-cm-10-cm-unite.jpg\",\"datePublished\":\"2025-12-12T18:33:01+00:00\",\"dateModified\":\"2025-12-12T18:33:05+00:00\",\"breadcrumb\":{\"@id\":\"https:\/\/paracherkaoui.ma\/index.php\/produit\/urgo-tul-10-cm-10-cm-unite\/#breadcrumb\"},\"inLanguage\":\"fr-FR\",\"potentialAction\":[{\"@type\":\"ReadAction\",\"target\":[\"https:\/\/paracherkaoui.ma\/index.php\/produit\/urgo-tul-10-cm-10-cm-unite\/\"]}]},{\"@type\":\"ImageObject\",\"inLanguage\":\"fr-FR\",\"@id\":\"https:\/\/paracherkaoui.ma\/index.php\/produit\/urgo-tul-10-cm-10-cm-unite\/#primaryimage\",\"url\":\"https:\/\/paracherkaoui.ma\/wp-content\/uploads\/2025\/12\/urgo-tul-10-cm-10-cm-unite.jpg\",\"contentUrl\":\"https:\/\/paracherkaoui.ma\/wp-content\/uploads\/2025\/12\/urgo-tul-10-cm-10-cm-unite.jpg\",\"width\":700,\"height\":700},{\"@type\":\"BreadcrumbList\",\"@id\":\"https:\/\/paracherkaoui.ma\/index.php\/produit\/urgo-tul-10-cm-10-cm-unite\/#breadcrumb\",\"itemListElement\":[{\"@type\":\"ListItem\",\"position\":1,\"name\":\"Accueil\",\"item\":\"https:\/\/paracherkaoui.ma\/\"},{\"@type\":\"ListItem\",\"position\":2,\"name\":\"Boutique\",\"item\":\"https:\/\/paracherkaoui.ma\/index.php\/boutique\/\"},{\"@type\":\"ListItem\",\"position\":3,\"name\":\"URGO TUL 10 CM* 10 CM \/ UNITE\"}]},{\"@type\":\"WebSite\",\"@id\":\"https:\/\/paracherkaoui.ma\/#website\",\"url\":\"https:\/\/paracherkaoui.ma\/\",\"name\":\"Paracherkaoui.ma\",\"description\":\"Achetez en ligne sur Paracherkaoui.ma\",\"potentialAction\":[{\"@type\":\"SearchAction\",\"target\":{\"@type\":\"EntryPoint\",\"urlTemplate\":\"https:\/\/paracherkaoui.ma\/?s={search_term_string}\"},\"query-input\":{\"@type\":\"PropertyValueSpecification\",\"valueRequired\":true,\"valueName\":\"search_term_string\"}}],\"inLanguage\":\"fr-FR\"}]}<\/script>\r\n<!-- \/ Yoast SEO plugin. -->","yoast_head_json":{"title":"URGO TUL 10 CM* 10 CM \/ UNITE - Paracherkaoui.ma","robots":{"index":"index","follow":"follow","max-snippet":"max-snippet:-1","max-image-preview":"max-image-preview:large","max-video-preview":"max-video-preview:-1"},"canonical":"https:\/\/paracherkaoui.ma\/index.php\/produit\/urgo-tul-10-cm-10-cm-unite\/","og_locale":"fr_FR","og_type":"article","og_title":"URGO TUL 10 CM* 10 CM \/ UNITE - Paracherkaoui.ma","og_description":"Au contact de la plaie, formation d\u2019un gel lipido-collo\u00efde de contact favorisant le processus cicatriciel Cicatrisation en milieu humide Respecte","og_url":"https:\/\/paracherkaoui.ma\/index.php\/produit\/urgo-tul-10-cm-10-cm-unite\/","og_site_name":"Paracherkaoui.ma","article_modified_time":"2025-12-12T18:33:05+00:00","og_image":[{"width":700,"height":700,"url":"https:\/\/paracherkaoui.ma\/wp-content\/uploads\/2025\/12\/urgo-tul-10-cm-10-cm-unite.jpg","type":"image\/jpeg"}],"twitter_card":"summary_large_image","schema":{"@context":"https:\/\/schema.org","@graph":[{"@type":"WebPage","@id":"https:\/\/paracherkaoui.ma\/index.php\/produit\/urgo-tul-10-cm-10-cm-unite\/","url":"https:\/\/paracherkaoui.ma\/index.php\/produit\/urgo-tul-10-cm-10-cm-unite\/","name":"URGO TUL 10 CM* 10 CM \/ UNITE - Paracherkaoui.ma","isPartOf":{"@id":"https:\/\/paracherkaoui.ma\/#website"},"primaryImageOfPage":{"@id":"https:\/\/paracherkaoui.ma\/index.php\/produit\/urgo-tul-10-cm-10-cm-unite\/#primaryimage"},"image":{"@id":"https:\/\/paracherkaoui.ma\/index.php\/produit\/urgo-tul-10-cm-10-cm-unite\/#primaryimage"},"thumbnailUrl":"https:\/\/paracherkaoui.ma\/wp-content\/uploads\/2025\/12\/urgo-tul-10-cm-10-cm-unite.jpg","datePublished":"2025-12-12T18:33:01+00:00","dateModified":"2025-12-12T18:33:05+00:00","breadcrumb":{"@id":"https:\/\/paracherkaoui.ma\/index.php\/produit\/urgo-tul-10-cm-10-cm-unite\/#breadcrumb"},"inLanguage":"fr-FR","potentialAction":[{"@type":"ReadAction","target":["https:\/\/paracherkaoui.ma\/index.php\/produit\/urgo-tul-10-cm-10-cm-unite\/"]}]},{"@type":"ImageObject","inLanguage":"fr-FR","@id":"https:\/\/paracherkaoui.ma\/index.php\/produit\/urgo-tul-10-cm-10-cm-unite\/#primaryimage","url":"https:\/\/paracherkaoui.ma\/wp-content\/uploads\/2025\/12\/urgo-tul-10-cm-10-cm-unite.jpg","contentUrl":"https:\/\/paracherkaoui.ma\/wp-content\/uploads\/2025\/12\/urgo-tul-10-cm-10-cm-unite.jpg","width":700,"height":700},{"@type":"BreadcrumbList","@id":"https:\/\/paracherkaoui.ma\/index.php\/produit\/urgo-tul-10-cm-10-cm-unite\/#breadcrumb","itemListElement":[{"@type":"ListItem","position":1,"name":"Accueil","item":"https:\/\/paracherkaoui.ma\/"},{"@type":"ListItem","position":2,"name":"Boutique","item":"https:\/\/paracherkaoui.ma\/index.php\/boutique\/"},{"@type":"ListItem","position":3,"name":"URGO TUL 10 CM* 10 CM \/ UNITE"}]},{"@type":"WebSite","@id":"https:\/\/paracherkaoui.ma\/#website","url":"https:\/\/paracherkaoui.ma\/","name":"Paracherkaoui.ma","description":"Achetez en ligne sur Paracherkaoui.ma","potentialAction":[{"@type":"SearchAction","target":{"@type":"EntryPoint","urlTemplate":"https:\/\/paracherkaoui.ma\/?s={search_term_string}"},"query-input":{"@type":"PropertyValueSpecification","valueRequired":true,"valueName":"search_term_string"}}],"inLanguage":"fr-FR"}]}},"_links":{"self":[{"href":"https:\/\/paracherkaoui.ma\/index.php\/wp-json\/wp\/v2\/product\/50992","targetHints":{"allow":["GET"]}}],"collection":[{"href":"https:\/\/paracherkaoui.ma\/index.php\/wp-json\/wp\/v2\/product"}],"about":[{"href":"https:\/\/paracherkaoui.ma\/index.php\/wp-json\/wp\/v2\/types\/product"}],"replies":[{"embeddable":true,"href":"https:\/\/paracherkaoui.ma\/index.php\/wp-json\/wp\/v2\/comments?post=50992"}],"version-history":[{"count":1,"href":"https:\/\/paracherkaoui.ma\/index.php\/wp-json\/wp\/v2\/product\/50992\/revisions"}],"predecessor-version":[{"id":51031,"href":"https:\/\/paracherkaoui.ma\/index.php\/wp-json\/wp\/v2\/product\/50992\/revisions\/51031"}],"wp:featuredmedia":[{"embeddable":true,"href":"https:\/\/paracherkaoui.ma\/index.php\/wp-json\/wp\/v2\/media\/51030"}],"wp:attachment":[{"href":"https:\/\/paracherkaoui.ma\/index.php\/wp-json\/wp\/v2\/media?parent=50992"}],"wp:term":[{"taxonomy":"product_brand","embeddable":true,"href":"https:\/\/paracherkaoui.ma\/index.php\/wp-json\/wp\/v2\/product_brand?post=50992"},{"taxonomy":"product_cat","embeddable":true,"href":"https:\/\/paracherkaoui.ma\/index.php\/wp-json\/wp\/v2\/product_cat?post=50992"},{"taxonomy":"product_tag","embeddable":true,"href":"https:\/\/paracherkaoui.ma\/index.php\/wp-json\/wp\/v2\/product_tag?post=50992"}],"curies":[{"name":"wp","href":"https:\/\/api.w.org\/{rel}","templated":true}]}}