{"id":50989,"date":"2025-12-12T19:33:01","date_gmt":"2025-12-12T18:33:01","guid":{"rendered":"https:\/\/test.ecbeaute.com\/?post_type=product&#038;p=50989"},"modified":"2025-12-12T19:33:04","modified_gmt":"2025-12-12T18:33:04","slug":"urgo-urgoderm-rouleau-5m20-cm","status":"publish","type":"product","link":"https:\/\/paracherkaoui.ma\/index.php\/produit\/urgo-urgoderm-rouleau-5m20-cm\/","title":{"rendered":"URGO URGODERM ROULEAU 5M*20 CM"},"content":{"rendered":"<p>Urgoderm suit tous les mouvements des articulations ou les plis de la peau sans risque de rupture, d\u00e9collement ou de striction vasculaire. Etant micro a\u00e9r\u00e9, il \u00e9vite toute mac\u00e9ration. Sa forte adh\u00e9sivit\u00e9 n\u2019emp\u00eache pas sa haute tol\u00e9rance pour les peaux les plus sensibles.<\/p>\n","protected":false},"excerpt":{"rendered":"<p>Urgoderm suit tous les mouvements des articulations ou les plis de la peau sans risque de rupture, d\u00e9collement ou de<\/p>\n","protected":false},"featured_media":51024,"comment_status":"open","ping_status":"closed","template":"","meta":[],"product_brand":[601],"product_cat":[945],"product_tag":[],"class_list":{"0":"post-50989","1":"product","2":"type-product","3":"status-publish","4":"has-post-thumbnail","6":"product_brand-urgo","7":"product_cat-soins-premiers-secours","9":"first","10":"instock","11":"sale","12":"shipping-taxable","13":"purchasable","14":"product-type-simple"},"yoast_head":"<!-- This site is optimized with the Yoast SEO plugin v26.6 - https:\/\/yoast.com\/wordpress\/plugins\/seo\/ -->\r\n<title>URGO URGODERM ROULEAU 5M*20 CM - Paracherkaoui.ma<\/title>\r\n<meta name=\"robots\" content=\"index, follow, max-snippet:-1, max-image-preview:large, max-video-preview:-1\" \/>\r\n<link rel=\"canonical\" href=\"https:\/\/paracherkaoui.ma\/index.php\/produit\/urgo-urgoderm-rouleau-5m20-cm\/\" \/>\r\n<meta property=\"og:locale\" content=\"fr_FR\" \/>\r\n<meta property=\"og:type\" content=\"article\" \/>\r\n<meta property=\"og:title\" content=\"URGO URGODERM ROULEAU 5M*20 CM - Paracherkaoui.ma\" \/>\r\n<meta property=\"og:description\" content=\"Urgoderm suit tous les mouvements des articulations ou les plis de la peau sans risque de rupture, d\u00e9collement ou de\" \/>\r\n<meta property=\"og:url\" content=\"https:\/\/paracherkaoui.ma\/index.php\/produit\/urgo-urgoderm-rouleau-5m20-cm\/\" \/>\r\n<meta property=\"og:site_name\" content=\"Paracherkaoui.ma\" \/>\r\n<meta property=\"article:modified_time\" content=\"2025-12-12T18:33:04+00:00\" \/>\r\n<meta property=\"og:image\" content=\"https:\/\/paracherkaoui.ma\/wp-content\/uploads\/2025\/12\/urgo-urgo-urgoderm-rouleau-5m20-cm-pansements.jpg\" \/>\r\n\t<meta property=\"og:image:width\" content=\"700\" \/>\r\n\t<meta property=\"og:image:height\" content=\"700\" \/>\r\n\t<meta property=\"og:image:type\" content=\"image\/jpeg\" \/>\r\n<meta name=\"twitter:card\" content=\"summary_large_image\" \/>\r\n<script type=\"application\/ld+json\" class=\"yoast-schema-graph\">{\"@context\":\"https:\/\/schema.org\",\"@graph\":[{\"@type\":\"WebPage\",\"@id\":\"https:\/\/paracherkaoui.ma\/index.php\/produit\/urgo-urgoderm-rouleau-5m20-cm\/\",\"url\":\"https:\/\/paracherkaoui.ma\/index.php\/produit\/urgo-urgoderm-rouleau-5m20-cm\/\",\"name\":\"URGO URGODERM ROULEAU 5M*20 CM - Paracherkaoui.ma\",\"isPartOf\":{\"@id\":\"https:\/\/paracherkaoui.ma\/#website\"},\"primaryImageOfPage\":{\"@id\":\"https:\/\/paracherkaoui.ma\/index.php\/produit\/urgo-urgoderm-rouleau-5m20-cm\/#primaryimage\"},\"image\":{\"@id\":\"https:\/\/paracherkaoui.ma\/index.php\/produit\/urgo-urgoderm-rouleau-5m20-cm\/#primaryimage\"},\"thumbnailUrl\":\"https:\/\/paracherkaoui.ma\/wp-content\/uploads\/2025\/12\/urgo-urgo-urgoderm-rouleau-5m20-cm-pansements.jpg\",\"datePublished\":\"2025-12-12T18:33:01+00:00\",\"dateModified\":\"2025-12-12T18:33:04+00:00\",\"breadcrumb\":{\"@id\":\"https:\/\/paracherkaoui.ma\/index.php\/produit\/urgo-urgoderm-rouleau-5m20-cm\/#breadcrumb\"},\"inLanguage\":\"fr-FR\",\"potentialAction\":[{\"@type\":\"ReadAction\",\"target\":[\"https:\/\/paracherkaoui.ma\/index.php\/produit\/urgo-urgoderm-rouleau-5m20-cm\/\"]}]},{\"@type\":\"ImageObject\",\"inLanguage\":\"fr-FR\",\"@id\":\"https:\/\/paracherkaoui.ma\/index.php\/produit\/urgo-urgoderm-rouleau-5m20-cm\/#primaryimage\",\"url\":\"https:\/\/paracherkaoui.ma\/wp-content\/uploads\/2025\/12\/urgo-urgo-urgoderm-rouleau-5m20-cm-pansements.jpg\",\"contentUrl\":\"https:\/\/paracherkaoui.ma\/wp-content\/uploads\/2025\/12\/urgo-urgo-urgoderm-rouleau-5m20-cm-pansements.jpg\",\"width\":700,\"height\":700},{\"@type\":\"BreadcrumbList\",\"@id\":\"https:\/\/paracherkaoui.ma\/index.php\/produit\/urgo-urgoderm-rouleau-5m20-cm\/#breadcrumb\",\"itemListElement\":[{\"@type\":\"ListItem\",\"position\":1,\"name\":\"Accueil\",\"item\":\"https:\/\/paracherkaoui.ma\/\"},{\"@type\":\"ListItem\",\"position\":2,\"name\":\"Boutique\",\"item\":\"https:\/\/paracherkaoui.ma\/index.php\/boutique\/\"},{\"@type\":\"ListItem\",\"position\":3,\"name\":\"URGO URGODERM ROULEAU 5M*20 CM\"}]},{\"@type\":\"WebSite\",\"@id\":\"https:\/\/paracherkaoui.ma\/#website\",\"url\":\"https:\/\/paracherkaoui.ma\/\",\"name\":\"Paracherkaoui.ma\",\"description\":\"Achetez en ligne sur Paracherkaoui.ma\",\"potentialAction\":[{\"@type\":\"SearchAction\",\"target\":{\"@type\":\"EntryPoint\",\"urlTemplate\":\"https:\/\/paracherkaoui.ma\/?s={search_term_string}\"},\"query-input\":{\"@type\":\"PropertyValueSpecification\",\"valueRequired\":true,\"valueName\":\"search_term_string\"}}],\"inLanguage\":\"fr-FR\"}]}<\/script>\r\n<!-- \/ Yoast SEO plugin. -->","yoast_head_json":{"title":"URGO URGODERM ROULEAU 5M*20 CM - Paracherkaoui.ma","robots":{"index":"index","follow":"follow","max-snippet":"max-snippet:-1","max-image-preview":"max-image-preview:large","max-video-preview":"max-video-preview:-1"},"canonical":"https:\/\/paracherkaoui.ma\/index.php\/produit\/urgo-urgoderm-rouleau-5m20-cm\/","og_locale":"fr_FR","og_type":"article","og_title":"URGO URGODERM ROULEAU 5M*20 CM - Paracherkaoui.ma","og_description":"Urgoderm suit tous les mouvements des articulations ou les plis de la peau sans risque de rupture, d\u00e9collement ou de","og_url":"https:\/\/paracherkaoui.ma\/index.php\/produit\/urgo-urgoderm-rouleau-5m20-cm\/","og_site_name":"Paracherkaoui.ma","article_modified_time":"2025-12-12T18:33:04+00:00","og_image":[{"width":700,"height":700,"url":"https:\/\/paracherkaoui.ma\/wp-content\/uploads\/2025\/12\/urgo-urgo-urgoderm-rouleau-5m20-cm-pansements.jpg","type":"image\/jpeg"}],"twitter_card":"summary_large_image","schema":{"@context":"https:\/\/schema.org","@graph":[{"@type":"WebPage","@id":"https:\/\/paracherkaoui.ma\/index.php\/produit\/urgo-urgoderm-rouleau-5m20-cm\/","url":"https:\/\/paracherkaoui.ma\/index.php\/produit\/urgo-urgoderm-rouleau-5m20-cm\/","name":"URGO URGODERM ROULEAU 5M*20 CM - Paracherkaoui.ma","isPartOf":{"@id":"https:\/\/paracherkaoui.ma\/#website"},"primaryImageOfPage":{"@id":"https:\/\/paracherkaoui.ma\/index.php\/produit\/urgo-urgoderm-rouleau-5m20-cm\/#primaryimage"},"image":{"@id":"https:\/\/paracherkaoui.ma\/index.php\/produit\/urgo-urgoderm-rouleau-5m20-cm\/#primaryimage"},"thumbnailUrl":"https:\/\/paracherkaoui.ma\/wp-content\/uploads\/2025\/12\/urgo-urgo-urgoderm-rouleau-5m20-cm-pansements.jpg","datePublished":"2025-12-12T18:33:01+00:00","dateModified":"2025-12-12T18:33:04+00:00","breadcrumb":{"@id":"https:\/\/paracherkaoui.ma\/index.php\/produit\/urgo-urgoderm-rouleau-5m20-cm\/#breadcrumb"},"inLanguage":"fr-FR","potentialAction":[{"@type":"ReadAction","target":["https:\/\/paracherkaoui.ma\/index.php\/produit\/urgo-urgoderm-rouleau-5m20-cm\/"]}]},{"@type":"ImageObject","inLanguage":"fr-FR","@id":"https:\/\/paracherkaoui.ma\/index.php\/produit\/urgo-urgoderm-rouleau-5m20-cm\/#primaryimage","url":"https:\/\/paracherkaoui.ma\/wp-content\/uploads\/2025\/12\/urgo-urgo-urgoderm-rouleau-5m20-cm-pansements.jpg","contentUrl":"https:\/\/paracherkaoui.ma\/wp-content\/uploads\/2025\/12\/urgo-urgo-urgoderm-rouleau-5m20-cm-pansements.jpg","width":700,"height":700},{"@type":"BreadcrumbList","@id":"https:\/\/paracherkaoui.ma\/index.php\/produit\/urgo-urgoderm-rouleau-5m20-cm\/#breadcrumb","itemListElement":[{"@type":"ListItem","position":1,"name":"Accueil","item":"https:\/\/paracherkaoui.ma\/"},{"@type":"ListItem","position":2,"name":"Boutique","item":"https:\/\/paracherkaoui.ma\/index.php\/boutique\/"},{"@type":"ListItem","position":3,"name":"URGO URGODERM ROULEAU 5M*20 CM"}]},{"@type":"WebSite","@id":"https:\/\/paracherkaoui.ma\/#website","url":"https:\/\/paracherkaoui.ma\/","name":"Paracherkaoui.ma","description":"Achetez en ligne sur Paracherkaoui.ma","potentialAction":[{"@type":"SearchAction","target":{"@type":"EntryPoint","urlTemplate":"https:\/\/paracherkaoui.ma\/?s={search_term_string}"},"query-input":{"@type":"PropertyValueSpecification","valueRequired":true,"valueName":"search_term_string"}}],"inLanguage":"fr-FR"}]}},"_links":{"self":[{"href":"https:\/\/paracherkaoui.ma\/index.php\/wp-json\/wp\/v2\/product\/50989","targetHints":{"allow":["GET"]}}],"collection":[{"href":"https:\/\/paracherkaoui.ma\/index.php\/wp-json\/wp\/v2\/product"}],"about":[{"href":"https:\/\/paracherkaoui.ma\/index.php\/wp-json\/wp\/v2\/types\/product"}],"replies":[{"embeddable":true,"href":"https:\/\/paracherkaoui.ma\/index.php\/wp-json\/wp\/v2\/comments?post=50989"}],"version-history":[{"count":1,"href":"https:\/\/paracherkaoui.ma\/index.php\/wp-json\/wp\/v2\/product\/50989\/revisions"}],"predecessor-version":[{"id":51025,"href":"https:\/\/paracherkaoui.ma\/index.php\/wp-json\/wp\/v2\/product\/50989\/revisions\/51025"}],"wp:featuredmedia":[{"embeddable":true,"href":"https:\/\/paracherkaoui.ma\/index.php\/wp-json\/wp\/v2\/media\/51024"}],"wp:attachment":[{"href":"https:\/\/paracherkaoui.ma\/index.php\/wp-json\/wp\/v2\/media?parent=50989"}],"wp:term":[{"taxonomy":"product_brand","embeddable":true,"href":"https:\/\/paracherkaoui.ma\/index.php\/wp-json\/wp\/v2\/product_brand?post=50989"},{"taxonomy":"product_cat","embeddable":true,"href":"https:\/\/paracherkaoui.ma\/index.php\/wp-json\/wp\/v2\/product_cat?post=50989"},{"taxonomy":"product_tag","embeddable":true,"href":"https:\/\/paracherkaoui.ma\/index.php\/wp-json\/wp\/v2\/product_tag?post=50989"}],"curies":[{"name":"wp","href":"https:\/\/api.w.org\/{rel}","templated":true}]}}