{"id":50986,"date":"2025-12-12T19:33:01","date_gmt":"2025-12-12T18:33:01","guid":{"rendered":"https:\/\/test.ecbeaute.com\/?post_type=product&#038;p=50986"},"modified":"2025-12-12T19:33:03","modified_gmt":"2025-12-12T18:33:03","slug":"urgo-compresses-de-gaze-steriles-40cm40cm-10-sachets-individuels","status":"publish","type":"product","link":"https:\/\/paracherkaoui.ma\/index.php\/produit\/urgo-compresses-de-gaze-steriles-40cm40cm-10-sachets-individuels\/","title":{"rendered":"URGO COMPRESSES DE GAZE STERILES 40CM*40CM 10 SACHETS INDIVIDUELS"},"content":{"rendered":"<p>Les compresses st\u00e9riles de Gaze URGO ont une forte capacit\u00e9 d\u2019absorption, sont hypoallerg\u00e9niques et st\u00e9riles pour une hygi\u00e8ne optimale<\/p>\n","protected":false},"excerpt":{"rendered":"<p>Les compresses st\u00e9riles de Gaze URGO ont une forte capacit\u00e9 d\u2019absorption, sont hypoallerg\u00e9niques et st\u00e9riles pour une hygi\u00e8ne optimale<\/p>\n","protected":false},"featured_media":51018,"comment_status":"open","ping_status":"closed","template":"","meta":[],"product_brand":[601],"product_cat":[945],"product_tag":[],"class_list":{"0":"post-50986","1":"product","2":"type-product","3":"status-publish","4":"has-post-thumbnail","6":"product_brand-urgo","7":"product_cat-soins-premiers-secours","9":"first","10":"instock","11":"sale","12":"shipping-taxable","13":"purchasable","14":"product-type-simple"},"yoast_head":"<!-- This site is optimized with the Yoast SEO plugin v26.6 - https:\/\/yoast.com\/wordpress\/plugins\/seo\/ -->\r\n<title>URGO COMPRESSES DE GAZE STERILES 40CM*40CM 10 SACHETS INDIVIDUELS - Paracherkaoui.ma<\/title>\r\n<meta name=\"robots\" content=\"index, follow, max-snippet:-1, max-image-preview:large, max-video-preview:-1\" \/>\r\n<link rel=\"canonical\" href=\"https:\/\/paracherkaoui.ma\/index.php\/produit\/urgo-compresses-de-gaze-steriles-40cm40cm-10-sachets-individuels\/\" \/>\r\n<meta property=\"og:locale\" content=\"fr_FR\" \/>\r\n<meta property=\"og:type\" content=\"article\" \/>\r\n<meta property=\"og:title\" content=\"URGO COMPRESSES DE GAZE STERILES 40CM*40CM 10 SACHETS INDIVIDUELS - Paracherkaoui.ma\" \/>\r\n<meta property=\"og:description\" content=\"Les compresses st\u00e9riles de Gaze URGO ont une forte capacit\u00e9 d\u2019absorption, sont hypoallerg\u00e9niques et st\u00e9riles pour une hygi\u00e8ne optimale\" \/>\r\n<meta property=\"og:url\" content=\"https:\/\/paracherkaoui.ma\/index.php\/produit\/urgo-compresses-de-gaze-steriles-40cm40cm-10-sachets-individuels\/\" \/>\r\n<meta property=\"og:site_name\" content=\"Paracherkaoui.ma\" \/>\r\n<meta property=\"article:modified_time\" content=\"2025-12-12T18:33:03+00:00\" \/>\r\n<meta property=\"og:image\" content=\"https:\/\/paracherkaoui.ma\/wp-content\/uploads\/2025\/12\/urgo-urgo-compresses-de-gaze-steriles-40cm40cm-10-sachets-individuels-pansements.jpg\" \/>\r\n\t<meta property=\"og:image:width\" content=\"700\" \/>\r\n\t<meta property=\"og:image:height\" content=\"700\" \/>\r\n\t<meta property=\"og:image:type\" content=\"image\/jpeg\" \/>\r\n<meta name=\"twitter:card\" content=\"summary_large_image\" \/>\r\n<script type=\"application\/ld+json\" class=\"yoast-schema-graph\">{\"@context\":\"https:\/\/schema.org\",\"@graph\":[{\"@type\":\"WebPage\",\"@id\":\"https:\/\/paracherkaoui.ma\/index.php\/produit\/urgo-compresses-de-gaze-steriles-40cm40cm-10-sachets-individuels\/\",\"url\":\"https:\/\/paracherkaoui.ma\/index.php\/produit\/urgo-compresses-de-gaze-steriles-40cm40cm-10-sachets-individuels\/\",\"name\":\"URGO COMPRESSES DE GAZE STERILES 40CM*40CM 10 SACHETS INDIVIDUELS - Paracherkaoui.ma\",\"isPartOf\":{\"@id\":\"https:\/\/paracherkaoui.ma\/#website\"},\"primaryImageOfPage\":{\"@id\":\"https:\/\/paracherkaoui.ma\/index.php\/produit\/urgo-compresses-de-gaze-steriles-40cm40cm-10-sachets-individuels\/#primaryimage\"},\"image\":{\"@id\":\"https:\/\/paracherkaoui.ma\/index.php\/produit\/urgo-compresses-de-gaze-steriles-40cm40cm-10-sachets-individuels\/#primaryimage\"},\"thumbnailUrl\":\"https:\/\/paracherkaoui.ma\/wp-content\/uploads\/2025\/12\/urgo-urgo-compresses-de-gaze-steriles-40cm40cm-10-sachets-individuels-pansements.jpg\",\"datePublished\":\"2025-12-12T18:33:01+00:00\",\"dateModified\":\"2025-12-12T18:33:03+00:00\",\"breadcrumb\":{\"@id\":\"https:\/\/paracherkaoui.ma\/index.php\/produit\/urgo-compresses-de-gaze-steriles-40cm40cm-10-sachets-individuels\/#breadcrumb\"},\"inLanguage\":\"fr-FR\",\"potentialAction\":[{\"@type\":\"ReadAction\",\"target\":[\"https:\/\/paracherkaoui.ma\/index.php\/produit\/urgo-compresses-de-gaze-steriles-40cm40cm-10-sachets-individuels\/\"]}]},{\"@type\":\"ImageObject\",\"inLanguage\":\"fr-FR\",\"@id\":\"https:\/\/paracherkaoui.ma\/index.php\/produit\/urgo-compresses-de-gaze-steriles-40cm40cm-10-sachets-individuels\/#primaryimage\",\"url\":\"https:\/\/paracherkaoui.ma\/wp-content\/uploads\/2025\/12\/urgo-urgo-compresses-de-gaze-steriles-40cm40cm-10-sachets-individuels-pansements.jpg\",\"contentUrl\":\"https:\/\/paracherkaoui.ma\/wp-content\/uploads\/2025\/12\/urgo-urgo-compresses-de-gaze-steriles-40cm40cm-10-sachets-individuels-pansements.jpg\",\"width\":700,\"height\":700},{\"@type\":\"BreadcrumbList\",\"@id\":\"https:\/\/paracherkaoui.ma\/index.php\/produit\/urgo-compresses-de-gaze-steriles-40cm40cm-10-sachets-individuels\/#breadcrumb\",\"itemListElement\":[{\"@type\":\"ListItem\",\"position\":1,\"name\":\"Accueil\",\"item\":\"https:\/\/paracherkaoui.ma\/\"},{\"@type\":\"ListItem\",\"position\":2,\"name\":\"Boutique\",\"item\":\"https:\/\/paracherkaoui.ma\/index.php\/boutique\/\"},{\"@type\":\"ListItem\",\"position\":3,\"name\":\"URGO COMPRESSES DE GAZE STERILES 40CM*40CM 10 SACHETS INDIVIDUELS\"}]},{\"@type\":\"WebSite\",\"@id\":\"https:\/\/paracherkaoui.ma\/#website\",\"url\":\"https:\/\/paracherkaoui.ma\/\",\"name\":\"Paracherkaoui.ma\",\"description\":\"Achetez en ligne sur Paracherkaoui.ma\",\"potentialAction\":[{\"@type\":\"SearchAction\",\"target\":{\"@type\":\"EntryPoint\",\"urlTemplate\":\"https:\/\/paracherkaoui.ma\/?s={search_term_string}\"},\"query-input\":{\"@type\":\"PropertyValueSpecification\",\"valueRequired\":true,\"valueName\":\"search_term_string\"}}],\"inLanguage\":\"fr-FR\"}]}<\/script>\r\n<!-- \/ Yoast SEO plugin. -->","yoast_head_json":{"title":"URGO COMPRESSES DE GAZE STERILES 40CM*40CM 10 SACHETS INDIVIDUELS - Paracherkaoui.ma","robots":{"index":"index","follow":"follow","max-snippet":"max-snippet:-1","max-image-preview":"max-image-preview:large","max-video-preview":"max-video-preview:-1"},"canonical":"https:\/\/paracherkaoui.ma\/index.php\/produit\/urgo-compresses-de-gaze-steriles-40cm40cm-10-sachets-individuels\/","og_locale":"fr_FR","og_type":"article","og_title":"URGO COMPRESSES DE GAZE STERILES 40CM*40CM 10 SACHETS INDIVIDUELS - Paracherkaoui.ma","og_description":"Les compresses st\u00e9riles de Gaze URGO ont une forte capacit\u00e9 d\u2019absorption, sont hypoallerg\u00e9niques et st\u00e9riles pour une hygi\u00e8ne optimale","og_url":"https:\/\/paracherkaoui.ma\/index.php\/produit\/urgo-compresses-de-gaze-steriles-40cm40cm-10-sachets-individuels\/","og_site_name":"Paracherkaoui.ma","article_modified_time":"2025-12-12T18:33:03+00:00","og_image":[{"width":700,"height":700,"url":"https:\/\/paracherkaoui.ma\/wp-content\/uploads\/2025\/12\/urgo-urgo-compresses-de-gaze-steriles-40cm40cm-10-sachets-individuels-pansements.jpg","type":"image\/jpeg"}],"twitter_card":"summary_large_image","schema":{"@context":"https:\/\/schema.org","@graph":[{"@type":"WebPage","@id":"https:\/\/paracherkaoui.ma\/index.php\/produit\/urgo-compresses-de-gaze-steriles-40cm40cm-10-sachets-individuels\/","url":"https:\/\/paracherkaoui.ma\/index.php\/produit\/urgo-compresses-de-gaze-steriles-40cm40cm-10-sachets-individuels\/","name":"URGO COMPRESSES DE GAZE STERILES 40CM*40CM 10 SACHETS INDIVIDUELS - Paracherkaoui.ma","isPartOf":{"@id":"https:\/\/paracherkaoui.ma\/#website"},"primaryImageOfPage":{"@id":"https:\/\/paracherkaoui.ma\/index.php\/produit\/urgo-compresses-de-gaze-steriles-40cm40cm-10-sachets-individuels\/#primaryimage"},"image":{"@id":"https:\/\/paracherkaoui.ma\/index.php\/produit\/urgo-compresses-de-gaze-steriles-40cm40cm-10-sachets-individuels\/#primaryimage"},"thumbnailUrl":"https:\/\/paracherkaoui.ma\/wp-content\/uploads\/2025\/12\/urgo-urgo-compresses-de-gaze-steriles-40cm40cm-10-sachets-individuels-pansements.jpg","datePublished":"2025-12-12T18:33:01+00:00","dateModified":"2025-12-12T18:33:03+00:00","breadcrumb":{"@id":"https:\/\/paracherkaoui.ma\/index.php\/produit\/urgo-compresses-de-gaze-steriles-40cm40cm-10-sachets-individuels\/#breadcrumb"},"inLanguage":"fr-FR","potentialAction":[{"@type":"ReadAction","target":["https:\/\/paracherkaoui.ma\/index.php\/produit\/urgo-compresses-de-gaze-steriles-40cm40cm-10-sachets-individuels\/"]}]},{"@type":"ImageObject","inLanguage":"fr-FR","@id":"https:\/\/paracherkaoui.ma\/index.php\/produit\/urgo-compresses-de-gaze-steriles-40cm40cm-10-sachets-individuels\/#primaryimage","url":"https:\/\/paracherkaoui.ma\/wp-content\/uploads\/2025\/12\/urgo-urgo-compresses-de-gaze-steriles-40cm40cm-10-sachets-individuels-pansements.jpg","contentUrl":"https:\/\/paracherkaoui.ma\/wp-content\/uploads\/2025\/12\/urgo-urgo-compresses-de-gaze-steriles-40cm40cm-10-sachets-individuels-pansements.jpg","width":700,"height":700},{"@type":"BreadcrumbList","@id":"https:\/\/paracherkaoui.ma\/index.php\/produit\/urgo-compresses-de-gaze-steriles-40cm40cm-10-sachets-individuels\/#breadcrumb","itemListElement":[{"@type":"ListItem","position":1,"name":"Accueil","item":"https:\/\/paracherkaoui.ma\/"},{"@type":"ListItem","position":2,"name":"Boutique","item":"https:\/\/paracherkaoui.ma\/index.php\/boutique\/"},{"@type":"ListItem","position":3,"name":"URGO COMPRESSES DE GAZE STERILES 40CM*40CM 10 SACHETS INDIVIDUELS"}]},{"@type":"WebSite","@id":"https:\/\/paracherkaoui.ma\/#website","url":"https:\/\/paracherkaoui.ma\/","name":"Paracherkaoui.ma","description":"Achetez en ligne sur Paracherkaoui.ma","potentialAction":[{"@type":"SearchAction","target":{"@type":"EntryPoint","urlTemplate":"https:\/\/paracherkaoui.ma\/?s={search_term_string}"},"query-input":{"@type":"PropertyValueSpecification","valueRequired":true,"valueName":"search_term_string"}}],"inLanguage":"fr-FR"}]}},"_links":{"self":[{"href":"https:\/\/paracherkaoui.ma\/index.php\/wp-json\/wp\/v2\/product\/50986","targetHints":{"allow":["GET"]}}],"collection":[{"href":"https:\/\/paracherkaoui.ma\/index.php\/wp-json\/wp\/v2\/product"}],"about":[{"href":"https:\/\/paracherkaoui.ma\/index.php\/wp-json\/wp\/v2\/types\/product"}],"replies":[{"embeddable":true,"href":"https:\/\/paracherkaoui.ma\/index.php\/wp-json\/wp\/v2\/comments?post=50986"}],"version-history":[{"count":1,"href":"https:\/\/paracherkaoui.ma\/index.php\/wp-json\/wp\/v2\/product\/50986\/revisions"}],"predecessor-version":[{"id":51019,"href":"https:\/\/paracherkaoui.ma\/index.php\/wp-json\/wp\/v2\/product\/50986\/revisions\/51019"}],"wp:featuredmedia":[{"embeddable":true,"href":"https:\/\/paracherkaoui.ma\/index.php\/wp-json\/wp\/v2\/media\/51018"}],"wp:attachment":[{"href":"https:\/\/paracherkaoui.ma\/index.php\/wp-json\/wp\/v2\/media?parent=50986"}],"wp:term":[{"taxonomy":"product_brand","embeddable":true,"href":"https:\/\/paracherkaoui.ma\/index.php\/wp-json\/wp\/v2\/product_brand?post=50986"},{"taxonomy":"product_cat","embeddable":true,"href":"https:\/\/paracherkaoui.ma\/index.php\/wp-json\/wp\/v2\/product_cat?post=50986"},{"taxonomy":"product_tag","embeddable":true,"href":"https:\/\/paracherkaoui.ma\/index.php\/wp-json\/wp\/v2\/product_tag?post=50986"}],"curies":[{"name":"wp","href":"https:\/\/api.w.org\/{rel}","templated":true}]}}