{"id":50935,"date":"2025-12-12T19:32:55","date_gmt":"2025-12-12T18:32:55","guid":{"rendered":"https:\/\/test.ecbeaute.com\/?post_type=product&#038;p=50935"},"modified":"2025-12-12T19:32:59","modified_gmt":"2025-12-12T18:32:59","slug":"codexial-enviroscab-aerosol-antiparasitaire-200-ml","status":"publish","type":"product","link":"https:\/\/paracherkaoui.ma\/index.php\/produit\/codexial-enviroscab-aerosol-antiparasitaire-200-ml\/","title":{"rendered":"CODEXIAL ENVIROSCAB AEROSOL ANTIPARASITAIRE 200 ML"},"content":{"rendered":"<p>Propri\u00e9t\u00e9s<br \/>\nEnviroscab A\u00e9rosol antiparasitaire Codexial\u00a0est un a\u00e9rosol antiparasitaire destin\u00e9 au traitement de la literie (matelas, oreillers, couvertures, couettes), des canap\u00e9s, coussins, si\u00e8ges de voiture ou autre support qui ne peut pas passer en machine \u00e0 laver (ex : certains v\u00eatements en tissus, chaussures, casques&#8230;).<br \/>\nEnviroscab A\u00e9rosol antiparasitaire Codexial\u00a0est efficace csur les sarcoptes de la gale, les poux de t\u00eate et du corps, les puces, les punaises de lit et les acariens de poussi\u00e8res. Ces parasites se transmettent par contact direct interhumain (corps \u00e0 corps ou contact avec les cheveux) ou par contact indirect (transmission par les textiles).<br \/>\nEnviroscab A\u00e9rosol antiparasitaire Codexial\u00a0doit donc \u00eatre utilis\u00e9 en compl\u00e9ment du traitement m\u00e9dical humain de la parasitose. Le traitement de l&rsquo;environnement domestique avec Enviroscab est n\u00e9cessaire pour limiter les ph\u00e9nom\u00e8ne de contamination par les supports textiles.<br \/>\nUtilisation<br \/>\nLire attentivement les recommandations qui figurent sur l&rsquo;\u00e9tui avant utilisation. Il est n\u00e9cessaire de changer dans le m\u00eame temps les v\u00eatements, le linge de lit et les serviettes de toilettes de toutes les personnes vivant sous le m\u00eame toit, utilis\u00e9s depuis moins de 72H. Si possible, laver en machine \u00e0 60\u00b0C. Dans le cas o\u00f9 le linge ne peut pas \u00eatre lav\u00e9 en machine \u00e0 cette temp\u00e9rature, l&rsquo;utilisation\u00a0Enviroscab A\u00e9rosol antiparasitaire Codexial \u00a0permet de proc\u00e9der \u00e0 une d\u00e9sinfection du linge dans un d\u00e9lai relativement court. Pulv\u00e9riser \u00e0 30 cm de la surface \u00e0 traiter et laisser s\u00e9cher avec tout contact par les personnes ou animaux. Les articles d\u00e9sinfect\u00e9s par\u00a0Enviroscab A\u00e9rosol antiparasitaire Codexial \u00a0sont r\u00e9utilisables 6h apr\u00e8s pulv\u00e9risation. A\u00e9rer la pi\u00e8ce pendant et apr\u00e8s le traitement. Ne pas traiter en pr\u00e9sence d&rsquo;enfants ou de personnes allergiques, asthmatiques ou d&rsquo;animaux. En cas de doute sur la r\u00e9action du support \u00e0 traiter, faire un essai sur une petite partie discr\u00e8te.<\/p>\n","protected":false},"excerpt":{"rendered":"<p>Propri\u00e9t\u00e9s Enviroscab A\u00e9rosol antiparasitaire Codexial\u00a0est un a\u00e9rosol antiparasitaire destin\u00e9 au traitement de la literie (matelas, oreillers, couvertures, couettes), des canap\u00e9s,<\/p>\n","protected":false},"featured_media":50970,"comment_status":"open","ping_status":"closed","template":"","meta":[],"product_brand":[367],"product_cat":[945],"product_tag":[],"class_list":{"0":"post-50935","1":"product","2":"type-product","3":"status-publish","4":"has-post-thumbnail","6":"product_brand-codexial","7":"product_cat-soins-premiers-secours","9":"first","10":"instock","11":"sale","12":"shipping-taxable","13":"purchasable","14":"product-type-simple"},"yoast_head":"<!-- This site is optimized with the Yoast SEO plugin v26.6 - https:\/\/yoast.com\/wordpress\/plugins\/seo\/ -->\r\n<title>CODEXIAL ENVIROSCAB AEROSOL ANTIPARASITAIRE 200 ML - Paracherkaoui.ma<\/title>\r\n<meta name=\"robots\" content=\"index, follow, max-snippet:-1, max-image-preview:large, max-video-preview:-1\" \/>\r\n<link rel=\"canonical\" href=\"https:\/\/paracherkaoui.ma\/index.php\/produit\/codexial-enviroscab-aerosol-antiparasitaire-200-ml\/\" \/>\r\n<meta property=\"og:locale\" content=\"fr_FR\" \/>\r\n<meta property=\"og:type\" content=\"article\" \/>\r\n<meta property=\"og:title\" content=\"CODEXIAL ENVIROSCAB AEROSOL ANTIPARASITAIRE 200 ML - Paracherkaoui.ma\" \/>\r\n<meta property=\"og:description\" content=\"Propri\u00e9t\u00e9s Enviroscab A\u00e9rosol antiparasitaire Codexial\u00a0est un a\u00e9rosol antiparasitaire destin\u00e9 au traitement de la literie (matelas, oreillers, couvertures, couettes), des canap\u00e9s,\" \/>\r\n<meta property=\"og:url\" content=\"https:\/\/paracherkaoui.ma\/index.php\/produit\/codexial-enviroscab-aerosol-antiparasitaire-200-ml\/\" \/>\r\n<meta property=\"og:site_name\" content=\"Paracherkaoui.ma\" \/>\r\n<meta property=\"article:modified_time\" content=\"2025-12-12T18:32:59+00:00\" \/>\r\n<meta property=\"og:image\" content=\"https:\/\/paracherkaoui.ma\/wp-content\/uploads\/2025\/12\/codexial-codexial-enviroscab-aerosol-antiparasitaire-200-ml-soins-antiseptiques.jpg\" \/>\r\n\t<meta property=\"og:image:width\" content=\"700\" \/>\r\n\t<meta property=\"og:image:height\" content=\"700\" \/>\r\n\t<meta property=\"og:image:type\" content=\"image\/jpeg\" \/>\r\n<meta name=\"twitter:card\" content=\"summary_large_image\" \/>\r\n<meta name=\"twitter:label1\" content=\"Dur\u00e9e de lecture estim\u00e9e\" \/>\n\t<meta name=\"twitter:data1\" content=\"2 minutes\" \/>\r\n<script type=\"application\/ld+json\" class=\"yoast-schema-graph\">{\"@context\":\"https:\/\/schema.org\",\"@graph\":[{\"@type\":\"WebPage\",\"@id\":\"https:\/\/paracherkaoui.ma\/index.php\/produit\/codexial-enviroscab-aerosol-antiparasitaire-200-ml\/\",\"url\":\"https:\/\/paracherkaoui.ma\/index.php\/produit\/codexial-enviroscab-aerosol-antiparasitaire-200-ml\/\",\"name\":\"CODEXIAL ENVIROSCAB AEROSOL ANTIPARASITAIRE 200 ML - Paracherkaoui.ma\",\"isPartOf\":{\"@id\":\"https:\/\/paracherkaoui.ma\/#website\"},\"primaryImageOfPage\":{\"@id\":\"https:\/\/paracherkaoui.ma\/index.php\/produit\/codexial-enviroscab-aerosol-antiparasitaire-200-ml\/#primaryimage\"},\"image\":{\"@id\":\"https:\/\/paracherkaoui.ma\/index.php\/produit\/codexial-enviroscab-aerosol-antiparasitaire-200-ml\/#primaryimage\"},\"thumbnailUrl\":\"https:\/\/paracherkaoui.ma\/wp-content\/uploads\/2025\/12\/codexial-codexial-enviroscab-aerosol-antiparasitaire-200-ml-soins-antiseptiques.jpg\",\"datePublished\":\"2025-12-12T18:32:55+00:00\",\"dateModified\":\"2025-12-12T18:32:59+00:00\",\"breadcrumb\":{\"@id\":\"https:\/\/paracherkaoui.ma\/index.php\/produit\/codexial-enviroscab-aerosol-antiparasitaire-200-ml\/#breadcrumb\"},\"inLanguage\":\"fr-FR\",\"potentialAction\":[{\"@type\":\"ReadAction\",\"target\":[\"https:\/\/paracherkaoui.ma\/index.php\/produit\/codexial-enviroscab-aerosol-antiparasitaire-200-ml\/\"]}]},{\"@type\":\"ImageObject\",\"inLanguage\":\"fr-FR\",\"@id\":\"https:\/\/paracherkaoui.ma\/index.php\/produit\/codexial-enviroscab-aerosol-antiparasitaire-200-ml\/#primaryimage\",\"url\":\"https:\/\/paracherkaoui.ma\/wp-content\/uploads\/2025\/12\/codexial-codexial-enviroscab-aerosol-antiparasitaire-200-ml-soins-antiseptiques.jpg\",\"contentUrl\":\"https:\/\/paracherkaoui.ma\/wp-content\/uploads\/2025\/12\/codexial-codexial-enviroscab-aerosol-antiparasitaire-200-ml-soins-antiseptiques.jpg\",\"width\":700,\"height\":700},{\"@type\":\"BreadcrumbList\",\"@id\":\"https:\/\/paracherkaoui.ma\/index.php\/produit\/codexial-enviroscab-aerosol-antiparasitaire-200-ml\/#breadcrumb\",\"itemListElement\":[{\"@type\":\"ListItem\",\"position\":1,\"name\":\"Accueil\",\"item\":\"https:\/\/paracherkaoui.ma\/\"},{\"@type\":\"ListItem\",\"position\":2,\"name\":\"Boutique\",\"item\":\"https:\/\/paracherkaoui.ma\/index.php\/boutique\/\"},{\"@type\":\"ListItem\",\"position\":3,\"name\":\"CODEXIAL ENVIROSCAB AEROSOL ANTIPARASITAIRE 200 ML\"}]},{\"@type\":\"WebSite\",\"@id\":\"https:\/\/paracherkaoui.ma\/#website\",\"url\":\"https:\/\/paracherkaoui.ma\/\",\"name\":\"Paracherkaoui.ma\",\"description\":\"Achetez en ligne sur Paracherkaoui.ma\",\"potentialAction\":[{\"@type\":\"SearchAction\",\"target\":{\"@type\":\"EntryPoint\",\"urlTemplate\":\"https:\/\/paracherkaoui.ma\/?s={search_term_string}\"},\"query-input\":{\"@type\":\"PropertyValueSpecification\",\"valueRequired\":true,\"valueName\":\"search_term_string\"}}],\"inLanguage\":\"fr-FR\"}]}<\/script>\r\n<!-- \/ Yoast SEO plugin. -->","yoast_head_json":{"title":"CODEXIAL ENVIROSCAB AEROSOL ANTIPARASITAIRE 200 ML - Paracherkaoui.ma","robots":{"index":"index","follow":"follow","max-snippet":"max-snippet:-1","max-image-preview":"max-image-preview:large","max-video-preview":"max-video-preview:-1"},"canonical":"https:\/\/paracherkaoui.ma\/index.php\/produit\/codexial-enviroscab-aerosol-antiparasitaire-200-ml\/","og_locale":"fr_FR","og_type":"article","og_title":"CODEXIAL ENVIROSCAB AEROSOL ANTIPARASITAIRE 200 ML - Paracherkaoui.ma","og_description":"Propri\u00e9t\u00e9s Enviroscab A\u00e9rosol antiparasitaire Codexial\u00a0est un a\u00e9rosol antiparasitaire destin\u00e9 au traitement de la literie (matelas, oreillers, couvertures, couettes), des canap\u00e9s,","og_url":"https:\/\/paracherkaoui.ma\/index.php\/produit\/codexial-enviroscab-aerosol-antiparasitaire-200-ml\/","og_site_name":"Paracherkaoui.ma","article_modified_time":"2025-12-12T18:32:59+00:00","og_image":[{"width":700,"height":700,"url":"https:\/\/paracherkaoui.ma\/wp-content\/uploads\/2025\/12\/codexial-codexial-enviroscab-aerosol-antiparasitaire-200-ml-soins-antiseptiques.jpg","type":"image\/jpeg"}],"twitter_card":"summary_large_image","twitter_misc":{"Dur\u00e9e de lecture estim\u00e9e":"2 minutes"},"schema":{"@context":"https:\/\/schema.org","@graph":[{"@type":"WebPage","@id":"https:\/\/paracherkaoui.ma\/index.php\/produit\/codexial-enviroscab-aerosol-antiparasitaire-200-ml\/","url":"https:\/\/paracherkaoui.ma\/index.php\/produit\/codexial-enviroscab-aerosol-antiparasitaire-200-ml\/","name":"CODEXIAL ENVIROSCAB AEROSOL ANTIPARASITAIRE 200 ML - Paracherkaoui.ma","isPartOf":{"@id":"https:\/\/paracherkaoui.ma\/#website"},"primaryImageOfPage":{"@id":"https:\/\/paracherkaoui.ma\/index.php\/produit\/codexial-enviroscab-aerosol-antiparasitaire-200-ml\/#primaryimage"},"image":{"@id":"https:\/\/paracherkaoui.ma\/index.php\/produit\/codexial-enviroscab-aerosol-antiparasitaire-200-ml\/#primaryimage"},"thumbnailUrl":"https:\/\/paracherkaoui.ma\/wp-content\/uploads\/2025\/12\/codexial-codexial-enviroscab-aerosol-antiparasitaire-200-ml-soins-antiseptiques.jpg","datePublished":"2025-12-12T18:32:55+00:00","dateModified":"2025-12-12T18:32:59+00:00","breadcrumb":{"@id":"https:\/\/paracherkaoui.ma\/index.php\/produit\/codexial-enviroscab-aerosol-antiparasitaire-200-ml\/#breadcrumb"},"inLanguage":"fr-FR","potentialAction":[{"@type":"ReadAction","target":["https:\/\/paracherkaoui.ma\/index.php\/produit\/codexial-enviroscab-aerosol-antiparasitaire-200-ml\/"]}]},{"@type":"ImageObject","inLanguage":"fr-FR","@id":"https:\/\/paracherkaoui.ma\/index.php\/produit\/codexial-enviroscab-aerosol-antiparasitaire-200-ml\/#primaryimage","url":"https:\/\/paracherkaoui.ma\/wp-content\/uploads\/2025\/12\/codexial-codexial-enviroscab-aerosol-antiparasitaire-200-ml-soins-antiseptiques.jpg","contentUrl":"https:\/\/paracherkaoui.ma\/wp-content\/uploads\/2025\/12\/codexial-codexial-enviroscab-aerosol-antiparasitaire-200-ml-soins-antiseptiques.jpg","width":700,"height":700},{"@type":"BreadcrumbList","@id":"https:\/\/paracherkaoui.ma\/index.php\/produit\/codexial-enviroscab-aerosol-antiparasitaire-200-ml\/#breadcrumb","itemListElement":[{"@type":"ListItem","position":1,"name":"Accueil","item":"https:\/\/paracherkaoui.ma\/"},{"@type":"ListItem","position":2,"name":"Boutique","item":"https:\/\/paracherkaoui.ma\/index.php\/boutique\/"},{"@type":"ListItem","position":3,"name":"CODEXIAL ENVIROSCAB AEROSOL ANTIPARASITAIRE 200 ML"}]},{"@type":"WebSite","@id":"https:\/\/paracherkaoui.ma\/#website","url":"https:\/\/paracherkaoui.ma\/","name":"Paracherkaoui.ma","description":"Achetez en ligne sur Paracherkaoui.ma","potentialAction":[{"@type":"SearchAction","target":{"@type":"EntryPoint","urlTemplate":"https:\/\/paracherkaoui.ma\/?s={search_term_string}"},"query-input":{"@type":"PropertyValueSpecification","valueRequired":true,"valueName":"search_term_string"}}],"inLanguage":"fr-FR"}]}},"_links":{"self":[{"href":"https:\/\/paracherkaoui.ma\/index.php\/wp-json\/wp\/v2\/product\/50935","targetHints":{"allow":["GET"]}}],"collection":[{"href":"https:\/\/paracherkaoui.ma\/index.php\/wp-json\/wp\/v2\/product"}],"about":[{"href":"https:\/\/paracherkaoui.ma\/index.php\/wp-json\/wp\/v2\/types\/product"}],"replies":[{"embeddable":true,"href":"https:\/\/paracherkaoui.ma\/index.php\/wp-json\/wp\/v2\/comments?post=50935"}],"version-history":[{"count":1,"href":"https:\/\/paracherkaoui.ma\/index.php\/wp-json\/wp\/v2\/product\/50935\/revisions"}],"predecessor-version":[{"id":50971,"href":"https:\/\/paracherkaoui.ma\/index.php\/wp-json\/wp\/v2\/product\/50935\/revisions\/50971"}],"wp:featuredmedia":[{"embeddable":true,"href":"https:\/\/paracherkaoui.ma\/index.php\/wp-json\/wp\/v2\/media\/50970"}],"wp:attachment":[{"href":"https:\/\/paracherkaoui.ma\/index.php\/wp-json\/wp\/v2\/media?parent=50935"}],"wp:term":[{"taxonomy":"product_brand","embeddable":true,"href":"https:\/\/paracherkaoui.ma\/index.php\/wp-json\/wp\/v2\/product_brand?post=50935"},{"taxonomy":"product_cat","embeddable":true,"href":"https:\/\/paracherkaoui.ma\/index.php\/wp-json\/wp\/v2\/product_cat?post=50935"},{"taxonomy":"product_tag","embeddable":true,"href":"https:\/\/paracherkaoui.ma\/index.php\/wp-json\/wp\/v2\/product_tag?post=50935"}],"curies":[{"name":"wp","href":"https:\/\/api.w.org\/{rel}","templated":true}]}}