{"id":50931,"date":"2025-12-12T19:32:55","date_gmt":"2025-12-12T18:32:55","guid":{"rendered":"https:\/\/test.ecbeaute.com\/?post_type=product&#038;p=50931"},"modified":"2025-12-12T19:32:58","modified_gmt":"2025-12-12T18:32:58","slug":"biosolis-lait-solaire-bebe-et-enfants-corp-et-visage-spf-50-3","status":"publish","type":"product","link":"https:\/\/paracherkaoui.ma\/index.php\/produit\/biosolis-lait-solaire-bebe-et-enfants-corp-et-visage-spf-50-3\/","title":{"rendered":"BIOSOLIS LAIT SOLAIRE BEBE ET ENFANTS CORP ET VISAGE SPF 50+"},"content":{"rendered":"<p>Description:<br \/>\nLe lait solaire Biosolis Kids est enti\u00e8rement compos\u00e9 de filtres 100% min\u00e9raux garanti sans nanoparticules. Il assure une haute protection (SPF50+) et prot\u00e8ge vos enfants de tout le spectre des rayons UVA et UVB.<br \/>\nConseils d&rsquo;utilisation :<br \/>\nAppliquer g\u00e9n\u00e9reusement sur toutes les parties du corps expos\u00e9es. Renouveler r\u00e9guli\u00e8rement.Les produits Biosolis sont r\u00e9sistants \u00e0 l\u2019eau. Il est n\u00e9anmoins conseill\u00e9 de renouveler l\u2019application apr\u00e8s une longue p\u00e9riode pass\u00e9e dans l\u2019eau.<\/p>\n","protected":false},"excerpt":{"rendered":"<p>Description: Le lait solaire Biosolis Kids est enti\u00e8rement compos\u00e9 de filtres 100% min\u00e9raux garanti sans nanoparticules. Il assure une haute<\/p>\n","protected":false},"featured_media":39364,"comment_status":"open","ping_status":"closed","template":"","meta":[],"product_brand":[670],"product_cat":[943],"product_tag":[],"class_list":{"0":"post-50931","1":"product","2":"type-product","3":"status-publish","4":"has-post-thumbnail","6":"product_brand-biosolis","7":"product_cat-enfance-et-maternite-bio","9":"first","10":"instock","11":"shipping-taxable","12":"purchasable","13":"product-type-simple"},"yoast_head":"<!-- This site is optimized with the Yoast SEO plugin v26.6 - https:\/\/yoast.com\/wordpress\/plugins\/seo\/ -->\r\n<title>BIOSOLIS LAIT SOLAIRE BEBE ET ENFANTS CORP ET VISAGE SPF 50+ - Paracherkaoui.ma<\/title>\r\n<meta name=\"robots\" content=\"index, follow, max-snippet:-1, max-image-preview:large, max-video-preview:-1\" \/>\r\n<link rel=\"canonical\" href=\"https:\/\/paracherkaoui.ma\/index.php\/produit\/biosolis-lait-solaire-bebe-et-enfants-corp-et-visage-spf-50-3\/\" \/>\r\n<meta property=\"og:locale\" content=\"fr_FR\" \/>\r\n<meta property=\"og:type\" content=\"article\" \/>\r\n<meta property=\"og:title\" content=\"BIOSOLIS LAIT SOLAIRE BEBE ET ENFANTS CORP ET VISAGE SPF 50+ - Paracherkaoui.ma\" \/>\r\n<meta property=\"og:description\" content=\"Description: Le lait solaire Biosolis Kids est enti\u00e8rement compos\u00e9 de filtres 100% min\u00e9raux garanti sans nanoparticules. Il assure une haute\" \/>\r\n<meta property=\"og:url\" content=\"https:\/\/paracherkaoui.ma\/index.php\/produit\/biosolis-lait-solaire-bebe-et-enfants-corp-et-visage-spf-50-3\/\" \/>\r\n<meta property=\"og:site_name\" content=\"Paracherkaoui.ma\" \/>\r\n<meta property=\"article:modified_time\" content=\"2025-12-12T18:32:58+00:00\" \/>\r\n<meta property=\"og:image\" content=\"https:\/\/paracherkaoui.ma\/wp-content\/uploads\/2025\/12\/biosolis-lait-solaire-bebe-et-enfants-corp-et-visage-spf-50.jpg\" \/>\r\n\t<meta property=\"og:image:width\" content=\"700\" \/>\r\n\t<meta property=\"og:image:height\" content=\"700\" \/>\r\n\t<meta property=\"og:image:type\" content=\"image\/jpeg\" \/>\r\n<meta name=\"twitter:card\" content=\"summary_large_image\" \/>\r\n<script type=\"application\/ld+json\" class=\"yoast-schema-graph\">{\"@context\":\"https:\/\/schema.org\",\"@graph\":[{\"@type\":\"WebPage\",\"@id\":\"https:\/\/paracherkaoui.ma\/index.php\/produit\/biosolis-lait-solaire-bebe-et-enfants-corp-et-visage-spf-50-3\/\",\"url\":\"https:\/\/paracherkaoui.ma\/index.php\/produit\/biosolis-lait-solaire-bebe-et-enfants-corp-et-visage-spf-50-3\/\",\"name\":\"BIOSOLIS LAIT SOLAIRE BEBE ET ENFANTS CORP ET VISAGE SPF 50+ - Paracherkaoui.ma\",\"isPartOf\":{\"@id\":\"https:\/\/paracherkaoui.ma\/#website\"},\"primaryImageOfPage\":{\"@id\":\"https:\/\/paracherkaoui.ma\/index.php\/produit\/biosolis-lait-solaire-bebe-et-enfants-corp-et-visage-spf-50-3\/#primaryimage\"},\"image\":{\"@id\":\"https:\/\/paracherkaoui.ma\/index.php\/produit\/biosolis-lait-solaire-bebe-et-enfants-corp-et-visage-spf-50-3\/#primaryimage\"},\"thumbnailUrl\":\"https:\/\/paracherkaoui.ma\/wp-content\/uploads\/2025\/12\/biosolis-lait-solaire-bebe-et-enfants-corp-et-visage-spf-50.jpg\",\"datePublished\":\"2025-12-12T18:32:55+00:00\",\"dateModified\":\"2025-12-12T18:32:58+00:00\",\"breadcrumb\":{\"@id\":\"https:\/\/paracherkaoui.ma\/index.php\/produit\/biosolis-lait-solaire-bebe-et-enfants-corp-et-visage-spf-50-3\/#breadcrumb\"},\"inLanguage\":\"fr-FR\",\"potentialAction\":[{\"@type\":\"ReadAction\",\"target\":[\"https:\/\/paracherkaoui.ma\/index.php\/produit\/biosolis-lait-solaire-bebe-et-enfants-corp-et-visage-spf-50-3\/\"]}]},{\"@type\":\"ImageObject\",\"inLanguage\":\"fr-FR\",\"@id\":\"https:\/\/paracherkaoui.ma\/index.php\/produit\/biosolis-lait-solaire-bebe-et-enfants-corp-et-visage-spf-50-3\/#primaryimage\",\"url\":\"https:\/\/paracherkaoui.ma\/wp-content\/uploads\/2025\/12\/biosolis-lait-solaire-bebe-et-enfants-corp-et-visage-spf-50.jpg\",\"contentUrl\":\"https:\/\/paracherkaoui.ma\/wp-content\/uploads\/2025\/12\/biosolis-lait-solaire-bebe-et-enfants-corp-et-visage-spf-50.jpg\",\"width\":700,\"height\":700},{\"@type\":\"BreadcrumbList\",\"@id\":\"https:\/\/paracherkaoui.ma\/index.php\/produit\/biosolis-lait-solaire-bebe-et-enfants-corp-et-visage-spf-50-3\/#breadcrumb\",\"itemListElement\":[{\"@type\":\"ListItem\",\"position\":1,\"name\":\"Accueil\",\"item\":\"https:\/\/paracherkaoui.ma\/\"},{\"@type\":\"ListItem\",\"position\":2,\"name\":\"Boutique\",\"item\":\"https:\/\/paracherkaoui.ma\/index.php\/boutique\/\"},{\"@type\":\"ListItem\",\"position\":3,\"name\":\"BIOSOLIS LAIT SOLAIRE BEBE ET ENFANTS CORP ET VISAGE SPF 50+\"}]},{\"@type\":\"WebSite\",\"@id\":\"https:\/\/paracherkaoui.ma\/#website\",\"url\":\"https:\/\/paracherkaoui.ma\/\",\"name\":\"Paracherkaoui.ma\",\"description\":\"Achetez en ligne sur Paracherkaoui.ma\",\"potentialAction\":[{\"@type\":\"SearchAction\",\"target\":{\"@type\":\"EntryPoint\",\"urlTemplate\":\"https:\/\/paracherkaoui.ma\/?s={search_term_string}\"},\"query-input\":{\"@type\":\"PropertyValueSpecification\",\"valueRequired\":true,\"valueName\":\"search_term_string\"}}],\"inLanguage\":\"fr-FR\"}]}<\/script>\r\n<!-- \/ Yoast SEO plugin. -->","yoast_head_json":{"title":"BIOSOLIS LAIT SOLAIRE BEBE ET ENFANTS CORP ET VISAGE SPF 50+ - Paracherkaoui.ma","robots":{"index":"index","follow":"follow","max-snippet":"max-snippet:-1","max-image-preview":"max-image-preview:large","max-video-preview":"max-video-preview:-1"},"canonical":"https:\/\/paracherkaoui.ma\/index.php\/produit\/biosolis-lait-solaire-bebe-et-enfants-corp-et-visage-spf-50-3\/","og_locale":"fr_FR","og_type":"article","og_title":"BIOSOLIS LAIT SOLAIRE BEBE ET ENFANTS CORP ET VISAGE SPF 50+ - Paracherkaoui.ma","og_description":"Description: Le lait solaire Biosolis Kids est enti\u00e8rement compos\u00e9 de filtres 100% min\u00e9raux garanti sans nanoparticules. Il assure une haute","og_url":"https:\/\/paracherkaoui.ma\/index.php\/produit\/biosolis-lait-solaire-bebe-et-enfants-corp-et-visage-spf-50-3\/","og_site_name":"Paracherkaoui.ma","article_modified_time":"2025-12-12T18:32:58+00:00","og_image":[{"width":700,"height":700,"url":"https:\/\/paracherkaoui.ma\/wp-content\/uploads\/2025\/12\/biosolis-lait-solaire-bebe-et-enfants-corp-et-visage-spf-50.jpg","type":"image\/jpeg"}],"twitter_card":"summary_large_image","schema":{"@context":"https:\/\/schema.org","@graph":[{"@type":"WebPage","@id":"https:\/\/paracherkaoui.ma\/index.php\/produit\/biosolis-lait-solaire-bebe-et-enfants-corp-et-visage-spf-50-3\/","url":"https:\/\/paracherkaoui.ma\/index.php\/produit\/biosolis-lait-solaire-bebe-et-enfants-corp-et-visage-spf-50-3\/","name":"BIOSOLIS LAIT SOLAIRE BEBE ET ENFANTS CORP ET VISAGE SPF 50+ - Paracherkaoui.ma","isPartOf":{"@id":"https:\/\/paracherkaoui.ma\/#website"},"primaryImageOfPage":{"@id":"https:\/\/paracherkaoui.ma\/index.php\/produit\/biosolis-lait-solaire-bebe-et-enfants-corp-et-visage-spf-50-3\/#primaryimage"},"image":{"@id":"https:\/\/paracherkaoui.ma\/index.php\/produit\/biosolis-lait-solaire-bebe-et-enfants-corp-et-visage-spf-50-3\/#primaryimage"},"thumbnailUrl":"https:\/\/paracherkaoui.ma\/wp-content\/uploads\/2025\/12\/biosolis-lait-solaire-bebe-et-enfants-corp-et-visage-spf-50.jpg","datePublished":"2025-12-12T18:32:55+00:00","dateModified":"2025-12-12T18:32:58+00:00","breadcrumb":{"@id":"https:\/\/paracherkaoui.ma\/index.php\/produit\/biosolis-lait-solaire-bebe-et-enfants-corp-et-visage-spf-50-3\/#breadcrumb"},"inLanguage":"fr-FR","potentialAction":[{"@type":"ReadAction","target":["https:\/\/paracherkaoui.ma\/index.php\/produit\/biosolis-lait-solaire-bebe-et-enfants-corp-et-visage-spf-50-3\/"]}]},{"@type":"ImageObject","inLanguage":"fr-FR","@id":"https:\/\/paracherkaoui.ma\/index.php\/produit\/biosolis-lait-solaire-bebe-et-enfants-corp-et-visage-spf-50-3\/#primaryimage","url":"https:\/\/paracherkaoui.ma\/wp-content\/uploads\/2025\/12\/biosolis-lait-solaire-bebe-et-enfants-corp-et-visage-spf-50.jpg","contentUrl":"https:\/\/paracherkaoui.ma\/wp-content\/uploads\/2025\/12\/biosolis-lait-solaire-bebe-et-enfants-corp-et-visage-spf-50.jpg","width":700,"height":700},{"@type":"BreadcrumbList","@id":"https:\/\/paracherkaoui.ma\/index.php\/produit\/biosolis-lait-solaire-bebe-et-enfants-corp-et-visage-spf-50-3\/#breadcrumb","itemListElement":[{"@type":"ListItem","position":1,"name":"Accueil","item":"https:\/\/paracherkaoui.ma\/"},{"@type":"ListItem","position":2,"name":"Boutique","item":"https:\/\/paracherkaoui.ma\/index.php\/boutique\/"},{"@type":"ListItem","position":3,"name":"BIOSOLIS LAIT SOLAIRE BEBE ET ENFANTS CORP ET VISAGE SPF 50+"}]},{"@type":"WebSite","@id":"https:\/\/paracherkaoui.ma\/#website","url":"https:\/\/paracherkaoui.ma\/","name":"Paracherkaoui.ma","description":"Achetez en ligne sur Paracherkaoui.ma","potentialAction":[{"@type":"SearchAction","target":{"@type":"EntryPoint","urlTemplate":"https:\/\/paracherkaoui.ma\/?s={search_term_string}"},"query-input":{"@type":"PropertyValueSpecification","valueRequired":true,"valueName":"search_term_string"}}],"inLanguage":"fr-FR"}]}},"_links":{"self":[{"href":"https:\/\/paracherkaoui.ma\/index.php\/wp-json\/wp\/v2\/product\/50931","targetHints":{"allow":["GET"]}}],"collection":[{"href":"https:\/\/paracherkaoui.ma\/index.php\/wp-json\/wp\/v2\/product"}],"about":[{"href":"https:\/\/paracherkaoui.ma\/index.php\/wp-json\/wp\/v2\/types\/product"}],"replies":[{"embeddable":true,"href":"https:\/\/paracherkaoui.ma\/index.php\/wp-json\/wp\/v2\/comments?post=50931"}],"version-history":[{"count":1,"href":"https:\/\/paracherkaoui.ma\/index.php\/wp-json\/wp\/v2\/product\/50931\/revisions"}],"predecessor-version":[{"id":50964,"href":"https:\/\/paracherkaoui.ma\/index.php\/wp-json\/wp\/v2\/product\/50931\/revisions\/50964"}],"wp:featuredmedia":[{"embeddable":true,"href":"https:\/\/paracherkaoui.ma\/index.php\/wp-json\/wp\/v2\/media\/39364"}],"wp:attachment":[{"href":"https:\/\/paracherkaoui.ma\/index.php\/wp-json\/wp\/v2\/media?parent=50931"}],"wp:term":[{"taxonomy":"product_brand","embeddable":true,"href":"https:\/\/paracherkaoui.ma\/index.php\/wp-json\/wp\/v2\/product_brand?post=50931"},{"taxonomy":"product_cat","embeddable":true,"href":"https:\/\/paracherkaoui.ma\/index.php\/wp-json\/wp\/v2\/product_cat?post=50931"},{"taxonomy":"product_tag","embeddable":true,"href":"https:\/\/paracherkaoui.ma\/index.php\/wp-json\/wp\/v2\/product_tag?post=50931"}],"curies":[{"name":"wp","href":"https:\/\/api.w.org\/{rel}","templated":true}]}}