{"id":50921,"date":"2025-12-12T19:32:54","date_gmt":"2025-12-12T18:32:54","guid":{"rendered":"https:\/\/test.ecbeaute.com\/?post_type=product&#038;p=50921"},"modified":"2025-12-12T19:32:57","modified_gmt":"2025-12-12T18:32:57","slug":"cattier-moussant-familial-corps-et-cheveux-bio-parfum-pamplemousse-500ml-4","status":"publish","type":"product","link":"https:\/\/paracherkaoui.ma\/index.php\/produit\/cattier-moussant-familial-corps-et-cheveux-bio-parfum-pamplemousse-500ml-4\/","title":{"rendered":"CATTIER MOUSSANT FAMILIAL CORPS ET CHEVEUX BIO PARFUM PAMPLEMOUSSE 500ML"},"content":{"rendered":"<p>CATTIER<br \/>\nMoussant familial<br \/>\nEau de bleuet et lactoserum<br \/>\nCorps et cheveux<br \/>\nCosm\u00e9tique biologique<br \/>\n500ml<br \/>\nGr\u00e2ce \u00e0 l&rsquo;extrait de saponaire, agent doux tonifiant et moussant, et aux propri\u00e9t\u00e9s moussantes d&rsquo;un d\u00e9riv\u00e9 de coco le moussant familial Cattier nettoie en douceur corps et cheveux.<br \/>\nL&rsquo;extrait de yogourt, adoucissant et hydratant, apporte tous les \u00e9l\u00e9ments nutritifs n\u00e9cessaires \u00e0 la beaut\u00e9 de la peau et des cheveux.<br \/>\nLes prot\u00e9ines de yogourt renforcent les d\u00e9fenses naturelles de la peau, redonnent brillance \u00e0 la chevelure et facilitent son d\u00e9m\u00ealage.<br \/>\nRiche en eau florale de bleuet bio, adoucissante et apaisante, ce gel lavant est id\u00e9al en usage quotidien pour l&rsquo;enfant comme pour l&rsquo;adulte.<br \/>\nConseils d&rsquo;utilisation<br \/>\nAppliquer quotidiennement le moussant au lactos\u00e9rum sur le corps et les cheveux, faire mousser et rincer \u00e0 l&rsquo;eau claire.<\/p>\n","protected":false},"excerpt":{"rendered":"<p>CATTIER Moussant familial Eau de bleuet et lactoserum Corps et cheveux Cosm\u00e9tique biologique 500ml Gr\u00e2ce \u00e0 l&rsquo;extrait de saponaire, agent<\/p>\n","protected":false},"featured_media":35371,"comment_status":"open","ping_status":"closed","template":"","meta":[],"product_brand":[187],"product_cat":[943],"product_tag":[],"class_list":{"0":"post-50921","1":"product","2":"type-product","3":"status-publish","4":"has-post-thumbnail","6":"product_brand-cattier","7":"product_cat-enfance-et-maternite-bio","9":"first","10":"instock","11":"shipping-taxable","12":"purchasable","13":"product-type-simple"},"yoast_head":"<!-- This site is optimized with the Yoast SEO plugin v26.6 - https:\/\/yoast.com\/wordpress\/plugins\/seo\/ -->\r\n<title>CATTIER MOUSSANT FAMILIAL CORPS ET CHEVEUX BIO PARFUM PAMPLEMOUSSE 500ML - Paracherkaoui.ma<\/title>\r\n<meta name=\"robots\" content=\"index, follow, max-snippet:-1, max-image-preview:large, max-video-preview:-1\" \/>\r\n<link rel=\"canonical\" href=\"https:\/\/paracherkaoui.ma\/index.php\/produit\/cattier-moussant-familial-corps-et-cheveux-bio-parfum-pamplemousse-500ml-4\/\" \/>\r\n<meta property=\"og:locale\" content=\"fr_FR\" \/>\r\n<meta property=\"og:type\" content=\"article\" \/>\r\n<meta property=\"og:title\" content=\"CATTIER MOUSSANT FAMILIAL CORPS ET CHEVEUX BIO PARFUM PAMPLEMOUSSE 500ML - Paracherkaoui.ma\" \/>\r\n<meta property=\"og:description\" content=\"CATTIER Moussant familial Eau de bleuet et lactoserum Corps et cheveux Cosm\u00e9tique biologique 500ml Gr\u00e2ce \u00e0 l&rsquo;extrait de saponaire, agent\" \/>\r\n<meta property=\"og:url\" content=\"https:\/\/paracherkaoui.ma\/index.php\/produit\/cattier-moussant-familial-corps-et-cheveux-bio-parfum-pamplemousse-500ml-4\/\" \/>\r\n<meta property=\"og:site_name\" content=\"Paracherkaoui.ma\" \/>\r\n<meta property=\"article:modified_time\" content=\"2025-12-12T18:32:57+00:00\" \/>\r\n<meta property=\"og:image\" content=\"https:\/\/paracherkaoui.ma\/wp-content\/uploads\/2025\/12\/cattier-moussant-familial-corps-et-cheveux-bio-parfum-pamplemousse-500ml.jpg\" \/>\r\n\t<meta property=\"og:image:width\" content=\"700\" \/>\r\n\t<meta property=\"og:image:height\" content=\"700\" \/>\r\n\t<meta property=\"og:image:type\" content=\"image\/jpeg\" \/>\r\n<meta name=\"twitter:card\" content=\"summary_large_image\" \/>\r\n<meta name=\"twitter:label1\" content=\"Dur\u00e9e de lecture estim\u00e9e\" \/>\n\t<meta name=\"twitter:data1\" content=\"1 minute\" \/>\r\n<script type=\"application\/ld+json\" class=\"yoast-schema-graph\">{\"@context\":\"https:\/\/schema.org\",\"@graph\":[{\"@type\":\"WebPage\",\"@id\":\"https:\/\/paracherkaoui.ma\/index.php\/produit\/cattier-moussant-familial-corps-et-cheveux-bio-parfum-pamplemousse-500ml-4\/\",\"url\":\"https:\/\/paracherkaoui.ma\/index.php\/produit\/cattier-moussant-familial-corps-et-cheveux-bio-parfum-pamplemousse-500ml-4\/\",\"name\":\"CATTIER MOUSSANT FAMILIAL CORPS ET CHEVEUX BIO PARFUM PAMPLEMOUSSE 500ML - Paracherkaoui.ma\",\"isPartOf\":{\"@id\":\"https:\/\/paracherkaoui.ma\/#website\"},\"primaryImageOfPage\":{\"@id\":\"https:\/\/paracherkaoui.ma\/index.php\/produit\/cattier-moussant-familial-corps-et-cheveux-bio-parfum-pamplemousse-500ml-4\/#primaryimage\"},\"image\":{\"@id\":\"https:\/\/paracherkaoui.ma\/index.php\/produit\/cattier-moussant-familial-corps-et-cheveux-bio-parfum-pamplemousse-500ml-4\/#primaryimage\"},\"thumbnailUrl\":\"https:\/\/paracherkaoui.ma\/wp-content\/uploads\/2025\/12\/cattier-moussant-familial-corps-et-cheveux-bio-parfum-pamplemousse-500ml.jpg\",\"datePublished\":\"2025-12-12T18:32:54+00:00\",\"dateModified\":\"2025-12-12T18:32:57+00:00\",\"breadcrumb\":{\"@id\":\"https:\/\/paracherkaoui.ma\/index.php\/produit\/cattier-moussant-familial-corps-et-cheveux-bio-parfum-pamplemousse-500ml-4\/#breadcrumb\"},\"inLanguage\":\"fr-FR\",\"potentialAction\":[{\"@type\":\"ReadAction\",\"target\":[\"https:\/\/paracherkaoui.ma\/index.php\/produit\/cattier-moussant-familial-corps-et-cheveux-bio-parfum-pamplemousse-500ml-4\/\"]}]},{\"@type\":\"ImageObject\",\"inLanguage\":\"fr-FR\",\"@id\":\"https:\/\/paracherkaoui.ma\/index.php\/produit\/cattier-moussant-familial-corps-et-cheveux-bio-parfum-pamplemousse-500ml-4\/#primaryimage\",\"url\":\"https:\/\/paracherkaoui.ma\/wp-content\/uploads\/2025\/12\/cattier-moussant-familial-corps-et-cheveux-bio-parfum-pamplemousse-500ml.jpg\",\"contentUrl\":\"https:\/\/paracherkaoui.ma\/wp-content\/uploads\/2025\/12\/cattier-moussant-familial-corps-et-cheveux-bio-parfum-pamplemousse-500ml.jpg\",\"width\":700,\"height\":700},{\"@type\":\"BreadcrumbList\",\"@id\":\"https:\/\/paracherkaoui.ma\/index.php\/produit\/cattier-moussant-familial-corps-et-cheveux-bio-parfum-pamplemousse-500ml-4\/#breadcrumb\",\"itemListElement\":[{\"@type\":\"ListItem\",\"position\":1,\"name\":\"Accueil\",\"item\":\"https:\/\/paracherkaoui.ma\/\"},{\"@type\":\"ListItem\",\"position\":2,\"name\":\"Boutique\",\"item\":\"https:\/\/paracherkaoui.ma\/index.php\/boutique\/\"},{\"@type\":\"ListItem\",\"position\":3,\"name\":\"CATTIER MOUSSANT FAMILIAL CORPS ET CHEVEUX BIO PARFUM PAMPLEMOUSSE 500ML\"}]},{\"@type\":\"WebSite\",\"@id\":\"https:\/\/paracherkaoui.ma\/#website\",\"url\":\"https:\/\/paracherkaoui.ma\/\",\"name\":\"Paracherkaoui.ma\",\"description\":\"Achetez en ligne sur Paracherkaoui.ma\",\"potentialAction\":[{\"@type\":\"SearchAction\",\"target\":{\"@type\":\"EntryPoint\",\"urlTemplate\":\"https:\/\/paracherkaoui.ma\/?s={search_term_string}\"},\"query-input\":{\"@type\":\"PropertyValueSpecification\",\"valueRequired\":true,\"valueName\":\"search_term_string\"}}],\"inLanguage\":\"fr-FR\"}]}<\/script>\r\n<!-- \/ Yoast SEO plugin. -->","yoast_head_json":{"title":"CATTIER MOUSSANT FAMILIAL CORPS ET CHEVEUX BIO PARFUM PAMPLEMOUSSE 500ML - Paracherkaoui.ma","robots":{"index":"index","follow":"follow","max-snippet":"max-snippet:-1","max-image-preview":"max-image-preview:large","max-video-preview":"max-video-preview:-1"},"canonical":"https:\/\/paracherkaoui.ma\/index.php\/produit\/cattier-moussant-familial-corps-et-cheveux-bio-parfum-pamplemousse-500ml-4\/","og_locale":"fr_FR","og_type":"article","og_title":"CATTIER MOUSSANT FAMILIAL CORPS ET CHEVEUX BIO PARFUM PAMPLEMOUSSE 500ML - Paracherkaoui.ma","og_description":"CATTIER Moussant familial Eau de bleuet et lactoserum Corps et cheveux Cosm\u00e9tique biologique 500ml Gr\u00e2ce \u00e0 l&rsquo;extrait de saponaire, agent","og_url":"https:\/\/paracherkaoui.ma\/index.php\/produit\/cattier-moussant-familial-corps-et-cheveux-bio-parfum-pamplemousse-500ml-4\/","og_site_name":"Paracherkaoui.ma","article_modified_time":"2025-12-12T18:32:57+00:00","og_image":[{"width":700,"height":700,"url":"https:\/\/paracherkaoui.ma\/wp-content\/uploads\/2025\/12\/cattier-moussant-familial-corps-et-cheveux-bio-parfum-pamplemousse-500ml.jpg","type":"image\/jpeg"}],"twitter_card":"summary_large_image","twitter_misc":{"Dur\u00e9e de lecture estim\u00e9e":"1 minute"},"schema":{"@context":"https:\/\/schema.org","@graph":[{"@type":"WebPage","@id":"https:\/\/paracherkaoui.ma\/index.php\/produit\/cattier-moussant-familial-corps-et-cheveux-bio-parfum-pamplemousse-500ml-4\/","url":"https:\/\/paracherkaoui.ma\/index.php\/produit\/cattier-moussant-familial-corps-et-cheveux-bio-parfum-pamplemousse-500ml-4\/","name":"CATTIER MOUSSANT FAMILIAL CORPS ET CHEVEUX BIO PARFUM PAMPLEMOUSSE 500ML - Paracherkaoui.ma","isPartOf":{"@id":"https:\/\/paracherkaoui.ma\/#website"},"primaryImageOfPage":{"@id":"https:\/\/paracherkaoui.ma\/index.php\/produit\/cattier-moussant-familial-corps-et-cheveux-bio-parfum-pamplemousse-500ml-4\/#primaryimage"},"image":{"@id":"https:\/\/paracherkaoui.ma\/index.php\/produit\/cattier-moussant-familial-corps-et-cheveux-bio-parfum-pamplemousse-500ml-4\/#primaryimage"},"thumbnailUrl":"https:\/\/paracherkaoui.ma\/wp-content\/uploads\/2025\/12\/cattier-moussant-familial-corps-et-cheveux-bio-parfum-pamplemousse-500ml.jpg","datePublished":"2025-12-12T18:32:54+00:00","dateModified":"2025-12-12T18:32:57+00:00","breadcrumb":{"@id":"https:\/\/paracherkaoui.ma\/index.php\/produit\/cattier-moussant-familial-corps-et-cheveux-bio-parfum-pamplemousse-500ml-4\/#breadcrumb"},"inLanguage":"fr-FR","potentialAction":[{"@type":"ReadAction","target":["https:\/\/paracherkaoui.ma\/index.php\/produit\/cattier-moussant-familial-corps-et-cheveux-bio-parfum-pamplemousse-500ml-4\/"]}]},{"@type":"ImageObject","inLanguage":"fr-FR","@id":"https:\/\/paracherkaoui.ma\/index.php\/produit\/cattier-moussant-familial-corps-et-cheveux-bio-parfum-pamplemousse-500ml-4\/#primaryimage","url":"https:\/\/paracherkaoui.ma\/wp-content\/uploads\/2025\/12\/cattier-moussant-familial-corps-et-cheveux-bio-parfum-pamplemousse-500ml.jpg","contentUrl":"https:\/\/paracherkaoui.ma\/wp-content\/uploads\/2025\/12\/cattier-moussant-familial-corps-et-cheveux-bio-parfum-pamplemousse-500ml.jpg","width":700,"height":700},{"@type":"BreadcrumbList","@id":"https:\/\/paracherkaoui.ma\/index.php\/produit\/cattier-moussant-familial-corps-et-cheveux-bio-parfum-pamplemousse-500ml-4\/#breadcrumb","itemListElement":[{"@type":"ListItem","position":1,"name":"Accueil","item":"https:\/\/paracherkaoui.ma\/"},{"@type":"ListItem","position":2,"name":"Boutique","item":"https:\/\/paracherkaoui.ma\/index.php\/boutique\/"},{"@type":"ListItem","position":3,"name":"CATTIER MOUSSANT FAMILIAL CORPS ET CHEVEUX BIO PARFUM PAMPLEMOUSSE 500ML"}]},{"@type":"WebSite","@id":"https:\/\/paracherkaoui.ma\/#website","url":"https:\/\/paracherkaoui.ma\/","name":"Paracherkaoui.ma","description":"Achetez en ligne sur Paracherkaoui.ma","potentialAction":[{"@type":"SearchAction","target":{"@type":"EntryPoint","urlTemplate":"https:\/\/paracherkaoui.ma\/?s={search_term_string}"},"query-input":{"@type":"PropertyValueSpecification","valueRequired":true,"valueName":"search_term_string"}}],"inLanguage":"fr-FR"}]}},"_links":{"self":[{"href":"https:\/\/paracherkaoui.ma\/index.php\/wp-json\/wp\/v2\/product\/50921","targetHints":{"allow":["GET"]}}],"collection":[{"href":"https:\/\/paracherkaoui.ma\/index.php\/wp-json\/wp\/v2\/product"}],"about":[{"href":"https:\/\/paracherkaoui.ma\/index.php\/wp-json\/wp\/v2\/types\/product"}],"replies":[{"embeddable":true,"href":"https:\/\/paracherkaoui.ma\/index.php\/wp-json\/wp\/v2\/comments?post=50921"}],"version-history":[{"count":1,"href":"https:\/\/paracherkaoui.ma\/index.php\/wp-json\/wp\/v2\/product\/50921\/revisions"}],"predecessor-version":[{"id":50954,"href":"https:\/\/paracherkaoui.ma\/index.php\/wp-json\/wp\/v2\/product\/50921\/revisions\/50954"}],"wp:featuredmedia":[{"embeddable":true,"href":"https:\/\/paracherkaoui.ma\/index.php\/wp-json\/wp\/v2\/media\/35371"}],"wp:attachment":[{"href":"https:\/\/paracherkaoui.ma\/index.php\/wp-json\/wp\/v2\/media?parent=50921"}],"wp:term":[{"taxonomy":"product_brand","embeddable":true,"href":"https:\/\/paracherkaoui.ma\/index.php\/wp-json\/wp\/v2\/product_brand?post=50921"},{"taxonomy":"product_cat","embeddable":true,"href":"https:\/\/paracherkaoui.ma\/index.php\/wp-json\/wp\/v2\/product_cat?post=50921"},{"taxonomy":"product_tag","embeddable":true,"href":"https:\/\/paracherkaoui.ma\/index.php\/wp-json\/wp\/v2\/product_tag?post=50921"}],"curies":[{"name":"wp","href":"https:\/\/api.w.org\/{rel}","templated":true}]}}