{"id":50806,"date":"2025-12-12T19:32:06","date_gmt":"2025-12-12T18:32:06","guid":{"rendered":"https:\/\/test.ecbeaute.com\/?post_type=product&#038;p=50806"},"modified":"2025-12-12T19:32:13","modified_gmt":"2025-12-12T18:32:13","slug":"cattier-soin-de-nuit-regenerant-2","status":"publish","type":"product","link":"https:\/\/paracherkaoui.ma\/index.php\/produit\/cattier-soin-de-nuit-regenerant-2\/","title":{"rendered":"CATTIER SOIN DE NUIT REGENERANT"},"content":{"rendered":"<p>Un soin de nuit r\u00e9g\u00e9n\u00e9rant pour une peau plus ferme.<\/p>\n<p>V\u00e9ritable cocon de nuit, le soin Songe Fleuri, \u00e0 la texture onctueuse et fondante, procure une sensation imm\u00e9diate de confort absolu.<br \/>\nAssoci\u00e9es au beurre de karit\u00e9 bio, les prot\u00e9ines de bl\u00e9 favorisent le processus naturel de renouvellement cellulaire et redonnent \u00e9lasticit\u00e9 et fermet\u00e9 \u00e0 la peau. Des phospholipides, actifs hydratants et r\u00e9g\u00e9n\u00e9rants en parfaite affinit\u00e9 avec la peau, renforcent la barri\u00e8re cutan\u00e9e et r\u00e9pondent de fa\u00e7on optimale au besoin d&rsquo;hydratation de l&rsquo;\u00e9piderme. L&rsquo;extrait de p\u00e9pins de cassis bio apporte \u00e0 la peau ses propri\u00e9t\u00e9s r\u00e9\u00e9quilibrantes et reconstituantes.<br \/>\nAirless<br \/>\nConseils d&rsquo;utilisation<br \/>\nAppuyer lentement sur la pompe pour d\u00e9livrer la dose optimale de soin. Appliquer tous les soirs sur une peau propre et s\u00e8che et faire p\u00e9n\u00e9trer sur l&rsquo;ensemble du visage, le cou et le d\u00e9collet\u00e9. Au r\u00e9veil, la peau est lumineuse, velout\u00e9e et r\u00e9g\u00e9n\u00e9r\u00e9e.<\/p>\n","protected":false},"excerpt":{"rendered":"<p>Un soin de nuit r\u00e9g\u00e9n\u00e9rant pour une peau plus ferme. V\u00e9ritable cocon de nuit, le soin Songe Fleuri, \u00e0 la<\/p>\n","protected":false},"featured_media":23456,"comment_status":"open","ping_status":"closed","template":"","meta":[],"product_brand":[187],"product_cat":[940],"product_tag":[],"class_list":{"0":"post-50806","1":"product","2":"type-product","3":"status-publish","4":"has-post-thumbnail","6":"product_brand-cattier","7":"product_cat-cosmetique-bio","9":"first","10":"instock","11":"shipping-taxable","12":"purchasable","13":"product-type-simple"},"yoast_head":"<!-- This site is optimized with the Yoast SEO plugin v26.6 - https:\/\/yoast.com\/wordpress\/plugins\/seo\/ -->\r\n<title>CATTIER SOIN DE NUIT REGENERANT - Paracherkaoui.ma<\/title>\r\n<meta name=\"robots\" content=\"index, follow, max-snippet:-1, max-image-preview:large, max-video-preview:-1\" \/>\r\n<link rel=\"canonical\" href=\"https:\/\/paracherkaoui.ma\/index.php\/produit\/cattier-soin-de-nuit-regenerant-2\/\" \/>\r\n<meta property=\"og:locale\" content=\"fr_FR\" \/>\r\n<meta property=\"og:type\" content=\"article\" \/>\r\n<meta property=\"og:title\" content=\"CATTIER SOIN DE NUIT REGENERANT - Paracherkaoui.ma\" \/>\r\n<meta property=\"og:description\" content=\"Un soin de nuit r\u00e9g\u00e9n\u00e9rant pour une peau plus ferme. V\u00e9ritable cocon de nuit, le soin Songe Fleuri, \u00e0 la\" \/>\r\n<meta property=\"og:url\" content=\"https:\/\/paracherkaoui.ma\/index.php\/produit\/cattier-soin-de-nuit-regenerant-2\/\" \/>\r\n<meta property=\"og:site_name\" content=\"Paracherkaoui.ma\" \/>\r\n<meta property=\"article:modified_time\" content=\"2025-12-12T18:32:13+00:00\" \/>\r\n<meta property=\"og:image\" content=\"https:\/\/paracherkaoui.ma\/wp-content\/uploads\/2025\/12\/cattier-soin-de-nuit-regenerant.jpg\" \/>\r\n\t<meta property=\"og:image:width\" content=\"700\" \/>\r\n\t<meta property=\"og:image:height\" content=\"700\" \/>\r\n\t<meta property=\"og:image:type\" content=\"image\/jpeg\" \/>\r\n<meta name=\"twitter:card\" content=\"summary_large_image\" \/>\r\n<meta name=\"twitter:label1\" content=\"Dur\u00e9e de lecture estim\u00e9e\" \/>\n\t<meta name=\"twitter:data1\" content=\"1 minute\" \/>\r\n<script type=\"application\/ld+json\" class=\"yoast-schema-graph\">{\"@context\":\"https:\/\/schema.org\",\"@graph\":[{\"@type\":\"WebPage\",\"@id\":\"https:\/\/paracherkaoui.ma\/index.php\/produit\/cattier-soin-de-nuit-regenerant-2\/\",\"url\":\"https:\/\/paracherkaoui.ma\/index.php\/produit\/cattier-soin-de-nuit-regenerant-2\/\",\"name\":\"CATTIER SOIN DE NUIT REGENERANT - Paracherkaoui.ma\",\"isPartOf\":{\"@id\":\"https:\/\/paracherkaoui.ma\/#website\"},\"primaryImageOfPage\":{\"@id\":\"https:\/\/paracherkaoui.ma\/index.php\/produit\/cattier-soin-de-nuit-regenerant-2\/#primaryimage\"},\"image\":{\"@id\":\"https:\/\/paracherkaoui.ma\/index.php\/produit\/cattier-soin-de-nuit-regenerant-2\/#primaryimage\"},\"thumbnailUrl\":\"https:\/\/paracherkaoui.ma\/wp-content\/uploads\/2025\/12\/cattier-soin-de-nuit-regenerant.jpg\",\"datePublished\":\"2025-12-12T18:32:06+00:00\",\"dateModified\":\"2025-12-12T18:32:13+00:00\",\"breadcrumb\":{\"@id\":\"https:\/\/paracherkaoui.ma\/index.php\/produit\/cattier-soin-de-nuit-regenerant-2\/#breadcrumb\"},\"inLanguage\":\"fr-FR\",\"potentialAction\":[{\"@type\":\"ReadAction\",\"target\":[\"https:\/\/paracherkaoui.ma\/index.php\/produit\/cattier-soin-de-nuit-regenerant-2\/\"]}]},{\"@type\":\"ImageObject\",\"inLanguage\":\"fr-FR\",\"@id\":\"https:\/\/paracherkaoui.ma\/index.php\/produit\/cattier-soin-de-nuit-regenerant-2\/#primaryimage\",\"url\":\"https:\/\/paracherkaoui.ma\/wp-content\/uploads\/2025\/12\/cattier-soin-de-nuit-regenerant.jpg\",\"contentUrl\":\"https:\/\/paracherkaoui.ma\/wp-content\/uploads\/2025\/12\/cattier-soin-de-nuit-regenerant.jpg\",\"width\":700,\"height\":700},{\"@type\":\"BreadcrumbList\",\"@id\":\"https:\/\/paracherkaoui.ma\/index.php\/produit\/cattier-soin-de-nuit-regenerant-2\/#breadcrumb\",\"itemListElement\":[{\"@type\":\"ListItem\",\"position\":1,\"name\":\"Accueil\",\"item\":\"https:\/\/paracherkaoui.ma\/\"},{\"@type\":\"ListItem\",\"position\":2,\"name\":\"Boutique\",\"item\":\"https:\/\/paracherkaoui.ma\/index.php\/boutique\/\"},{\"@type\":\"ListItem\",\"position\":3,\"name\":\"CATTIER SOIN DE NUIT REGENERANT\"}]},{\"@type\":\"WebSite\",\"@id\":\"https:\/\/paracherkaoui.ma\/#website\",\"url\":\"https:\/\/paracherkaoui.ma\/\",\"name\":\"Paracherkaoui.ma\",\"description\":\"Achetez en ligne sur Paracherkaoui.ma\",\"potentialAction\":[{\"@type\":\"SearchAction\",\"target\":{\"@type\":\"EntryPoint\",\"urlTemplate\":\"https:\/\/paracherkaoui.ma\/?s={search_term_string}\"},\"query-input\":{\"@type\":\"PropertyValueSpecification\",\"valueRequired\":true,\"valueName\":\"search_term_string\"}}],\"inLanguage\":\"fr-FR\"}]}<\/script>\r\n<!-- \/ Yoast SEO plugin. -->","yoast_head_json":{"title":"CATTIER SOIN DE NUIT REGENERANT - Paracherkaoui.ma","robots":{"index":"index","follow":"follow","max-snippet":"max-snippet:-1","max-image-preview":"max-image-preview:large","max-video-preview":"max-video-preview:-1"},"canonical":"https:\/\/paracherkaoui.ma\/index.php\/produit\/cattier-soin-de-nuit-regenerant-2\/","og_locale":"fr_FR","og_type":"article","og_title":"CATTIER SOIN DE NUIT REGENERANT - Paracherkaoui.ma","og_description":"Un soin de nuit r\u00e9g\u00e9n\u00e9rant pour une peau plus ferme. V\u00e9ritable cocon de nuit, le soin Songe Fleuri, \u00e0 la","og_url":"https:\/\/paracherkaoui.ma\/index.php\/produit\/cattier-soin-de-nuit-regenerant-2\/","og_site_name":"Paracherkaoui.ma","article_modified_time":"2025-12-12T18:32:13+00:00","og_image":[{"width":700,"height":700,"url":"https:\/\/paracherkaoui.ma\/wp-content\/uploads\/2025\/12\/cattier-soin-de-nuit-regenerant.jpg","type":"image\/jpeg"}],"twitter_card":"summary_large_image","twitter_misc":{"Dur\u00e9e de lecture estim\u00e9e":"1 minute"},"schema":{"@context":"https:\/\/schema.org","@graph":[{"@type":"WebPage","@id":"https:\/\/paracherkaoui.ma\/index.php\/produit\/cattier-soin-de-nuit-regenerant-2\/","url":"https:\/\/paracherkaoui.ma\/index.php\/produit\/cattier-soin-de-nuit-regenerant-2\/","name":"CATTIER SOIN DE NUIT REGENERANT - Paracherkaoui.ma","isPartOf":{"@id":"https:\/\/paracherkaoui.ma\/#website"},"primaryImageOfPage":{"@id":"https:\/\/paracherkaoui.ma\/index.php\/produit\/cattier-soin-de-nuit-regenerant-2\/#primaryimage"},"image":{"@id":"https:\/\/paracherkaoui.ma\/index.php\/produit\/cattier-soin-de-nuit-regenerant-2\/#primaryimage"},"thumbnailUrl":"https:\/\/paracherkaoui.ma\/wp-content\/uploads\/2025\/12\/cattier-soin-de-nuit-regenerant.jpg","datePublished":"2025-12-12T18:32:06+00:00","dateModified":"2025-12-12T18:32:13+00:00","breadcrumb":{"@id":"https:\/\/paracherkaoui.ma\/index.php\/produit\/cattier-soin-de-nuit-regenerant-2\/#breadcrumb"},"inLanguage":"fr-FR","potentialAction":[{"@type":"ReadAction","target":["https:\/\/paracherkaoui.ma\/index.php\/produit\/cattier-soin-de-nuit-regenerant-2\/"]}]},{"@type":"ImageObject","inLanguage":"fr-FR","@id":"https:\/\/paracherkaoui.ma\/index.php\/produit\/cattier-soin-de-nuit-regenerant-2\/#primaryimage","url":"https:\/\/paracherkaoui.ma\/wp-content\/uploads\/2025\/12\/cattier-soin-de-nuit-regenerant.jpg","contentUrl":"https:\/\/paracherkaoui.ma\/wp-content\/uploads\/2025\/12\/cattier-soin-de-nuit-regenerant.jpg","width":700,"height":700},{"@type":"BreadcrumbList","@id":"https:\/\/paracherkaoui.ma\/index.php\/produit\/cattier-soin-de-nuit-regenerant-2\/#breadcrumb","itemListElement":[{"@type":"ListItem","position":1,"name":"Accueil","item":"https:\/\/paracherkaoui.ma\/"},{"@type":"ListItem","position":2,"name":"Boutique","item":"https:\/\/paracherkaoui.ma\/index.php\/boutique\/"},{"@type":"ListItem","position":3,"name":"CATTIER SOIN DE NUIT REGENERANT"}]},{"@type":"WebSite","@id":"https:\/\/paracherkaoui.ma\/#website","url":"https:\/\/paracherkaoui.ma\/","name":"Paracherkaoui.ma","description":"Achetez en ligne sur Paracherkaoui.ma","potentialAction":[{"@type":"SearchAction","target":{"@type":"EntryPoint","urlTemplate":"https:\/\/paracherkaoui.ma\/?s={search_term_string}"},"query-input":{"@type":"PropertyValueSpecification","valueRequired":true,"valueName":"search_term_string"}}],"inLanguage":"fr-FR"}]}},"_links":{"self":[{"href":"https:\/\/paracherkaoui.ma\/index.php\/wp-json\/wp\/v2\/product\/50806","targetHints":{"allow":["GET"]}}],"collection":[{"href":"https:\/\/paracherkaoui.ma\/index.php\/wp-json\/wp\/v2\/product"}],"about":[{"href":"https:\/\/paracherkaoui.ma\/index.php\/wp-json\/wp\/v2\/types\/product"}],"replies":[{"embeddable":true,"href":"https:\/\/paracherkaoui.ma\/index.php\/wp-json\/wp\/v2\/comments?post=50806"}],"version-history":[{"count":1,"href":"https:\/\/paracherkaoui.ma\/index.php\/wp-json\/wp\/v2\/product\/50806\/revisions"}],"predecessor-version":[{"id":50844,"href":"https:\/\/paracherkaoui.ma\/index.php\/wp-json\/wp\/v2\/product\/50806\/revisions\/50844"}],"wp:featuredmedia":[{"embeddable":true,"href":"https:\/\/paracherkaoui.ma\/index.php\/wp-json\/wp\/v2\/media\/23456"}],"wp:attachment":[{"href":"https:\/\/paracherkaoui.ma\/index.php\/wp-json\/wp\/v2\/media?parent=50806"}],"wp:term":[{"taxonomy":"product_brand","embeddable":true,"href":"https:\/\/paracherkaoui.ma\/index.php\/wp-json\/wp\/v2\/product_brand?post=50806"},{"taxonomy":"product_cat","embeddable":true,"href":"https:\/\/paracherkaoui.ma\/index.php\/wp-json\/wp\/v2\/product_cat?post=50806"},{"taxonomy":"product_tag","embeddable":true,"href":"https:\/\/paracherkaoui.ma\/index.php\/wp-json\/wp\/v2\/product_tag?post=50806"}],"curies":[{"name":"wp","href":"https:\/\/api.w.org\/{rel}","templated":true}]}}