{"id":50795,"date":"2025-12-12T19:32:05","date_gmt":"2025-12-12T18:32:05","guid":{"rendered":"https:\/\/test.ecbeaute.com\/?post_type=product&#038;p=50795"},"modified":"2025-12-12T19:32:08","modified_gmt":"2025-12-12T18:32:08","slug":"biokera-fresh-yellow-shot-shampoing-300-ml-2","status":"publish","type":"product","link":"https:\/\/paracherkaoui.ma\/index.php\/produit\/biokera-fresh-yellow-shot-shampoing-300-ml-2\/","title":{"rendered":"BIOKERA FRESH YELLOW SHOT SHAMPOING 300 ML"},"content":{"rendered":"<p>Description:<br \/>\nGamme con\u00e7ue pour r\u00e9parer et prot\u00e9ger Pour des m\u00e8ches nourries, brillantes et sans frisottis.Shampooing r\u00e9parateur\u00a0avec une formule Yellow Cocktail qui r\u00e9pare les zones les plus ab\u00eem\u00e9es des cheveux et prot\u00e8ge des dommages suppl\u00e9mentaires.Pour des m\u00e8ches nourries, brillantes et sans frisottis.<br \/>\nConseils d&rsquo;utilisation:<br \/>\nAppliquer le shampooing sur cheveux mouill\u00e9s.\u00a0Masser doucement pour former une mousse g\u00e9n\u00e9reuse.\u00a0Rincez et r\u00e9p\u00e9tez si n\u00e9cessaire.\u00a0Proc\u00e9dez comme d\u2019habitude.<\/p>\n","protected":false},"excerpt":{"rendered":"<p>Description: Gamme con\u00e7ue pour r\u00e9parer et prot\u00e9ger Pour des m\u00e8ches nourries, brillantes et sans frisottis.Shampooing r\u00e9parateur\u00a0avec une formule Yellow Cocktail<\/p>\n","protected":false},"featured_media":18620,"comment_status":"open","ping_status":"closed","template":"","meta":[],"product_brand":[191],"product_cat":[940],"product_tag":[],"class_list":{"0":"post-50795","1":"product","2":"type-product","3":"status-publish","4":"has-post-thumbnail","6":"product_brand-biokera","7":"product_cat-cosmetique-bio","9":"first","10":"instock","11":"sale","12":"shipping-taxable","13":"purchasable","14":"product-type-simple"},"yoast_head":"<!-- This site is optimized with the Yoast SEO plugin v26.6 - https:\/\/yoast.com\/wordpress\/plugins\/seo\/ -->\r\n<title>BIOKERA FRESH YELLOW SHOT SHAMPOING 300 ML - Paracherkaoui.ma<\/title>\r\n<meta name=\"robots\" content=\"index, follow, max-snippet:-1, max-image-preview:large, max-video-preview:-1\" \/>\r\n<link rel=\"canonical\" href=\"https:\/\/paracherkaoui.ma\/index.php\/produit\/biokera-fresh-yellow-shot-shampoing-300-ml-2\/\" \/>\r\n<meta property=\"og:locale\" content=\"fr_FR\" \/>\r\n<meta property=\"og:type\" content=\"article\" \/>\r\n<meta property=\"og:title\" content=\"BIOKERA FRESH YELLOW SHOT SHAMPOING 300 ML - Paracherkaoui.ma\" \/>\r\n<meta property=\"og:description\" content=\"Description: Gamme con\u00e7ue pour r\u00e9parer et prot\u00e9ger Pour des m\u00e8ches nourries, brillantes et sans frisottis.Shampooing r\u00e9parateur\u00a0avec une formule Yellow Cocktail\" \/>\r\n<meta property=\"og:url\" content=\"https:\/\/paracherkaoui.ma\/index.php\/produit\/biokera-fresh-yellow-shot-shampoing-300-ml-2\/\" \/>\r\n<meta property=\"og:site_name\" content=\"Paracherkaoui.ma\" \/>\r\n<meta property=\"article:modified_time\" content=\"2025-12-12T18:32:08+00:00\" \/>\r\n<meta property=\"og:image\" content=\"https:\/\/paracherkaoui.ma\/wp-content\/uploads\/2025\/12\/biokera-biokera-fresh-yellow-shot-shampoing-300-ml-soins-visage-et-corps.jpg\" \/>\r\n\t<meta property=\"og:image:width\" content=\"700\" \/>\r\n\t<meta property=\"og:image:height\" content=\"700\" \/>\r\n\t<meta property=\"og:image:type\" content=\"image\/jpeg\" \/>\r\n<meta name=\"twitter:card\" content=\"summary_large_image\" \/>\r\n<script type=\"application\/ld+json\" class=\"yoast-schema-graph\">{\"@context\":\"https:\/\/schema.org\",\"@graph\":[{\"@type\":\"WebPage\",\"@id\":\"https:\/\/paracherkaoui.ma\/index.php\/produit\/biokera-fresh-yellow-shot-shampoing-300-ml-2\/\",\"url\":\"https:\/\/paracherkaoui.ma\/index.php\/produit\/biokera-fresh-yellow-shot-shampoing-300-ml-2\/\",\"name\":\"BIOKERA FRESH YELLOW SHOT SHAMPOING 300 ML - Paracherkaoui.ma\",\"isPartOf\":{\"@id\":\"https:\/\/paracherkaoui.ma\/#website\"},\"primaryImageOfPage\":{\"@id\":\"https:\/\/paracherkaoui.ma\/index.php\/produit\/biokera-fresh-yellow-shot-shampoing-300-ml-2\/#primaryimage\"},\"image\":{\"@id\":\"https:\/\/paracherkaoui.ma\/index.php\/produit\/biokera-fresh-yellow-shot-shampoing-300-ml-2\/#primaryimage\"},\"thumbnailUrl\":\"https:\/\/paracherkaoui.ma\/wp-content\/uploads\/2025\/12\/biokera-biokera-fresh-yellow-shot-shampoing-300-ml-soins-visage-et-corps.jpg\",\"datePublished\":\"2025-12-12T18:32:05+00:00\",\"dateModified\":\"2025-12-12T18:32:08+00:00\",\"breadcrumb\":{\"@id\":\"https:\/\/paracherkaoui.ma\/index.php\/produit\/biokera-fresh-yellow-shot-shampoing-300-ml-2\/#breadcrumb\"},\"inLanguage\":\"fr-FR\",\"potentialAction\":[{\"@type\":\"ReadAction\",\"target\":[\"https:\/\/paracherkaoui.ma\/index.php\/produit\/biokera-fresh-yellow-shot-shampoing-300-ml-2\/\"]}]},{\"@type\":\"ImageObject\",\"inLanguage\":\"fr-FR\",\"@id\":\"https:\/\/paracherkaoui.ma\/index.php\/produit\/biokera-fresh-yellow-shot-shampoing-300-ml-2\/#primaryimage\",\"url\":\"https:\/\/paracherkaoui.ma\/wp-content\/uploads\/2025\/12\/biokera-biokera-fresh-yellow-shot-shampoing-300-ml-soins-visage-et-corps.jpg\",\"contentUrl\":\"https:\/\/paracherkaoui.ma\/wp-content\/uploads\/2025\/12\/biokera-biokera-fresh-yellow-shot-shampoing-300-ml-soins-visage-et-corps.jpg\",\"width\":700,\"height\":700},{\"@type\":\"BreadcrumbList\",\"@id\":\"https:\/\/paracherkaoui.ma\/index.php\/produit\/biokera-fresh-yellow-shot-shampoing-300-ml-2\/#breadcrumb\",\"itemListElement\":[{\"@type\":\"ListItem\",\"position\":1,\"name\":\"Accueil\",\"item\":\"https:\/\/paracherkaoui.ma\/\"},{\"@type\":\"ListItem\",\"position\":2,\"name\":\"Boutique\",\"item\":\"https:\/\/paracherkaoui.ma\/index.php\/boutique\/\"},{\"@type\":\"ListItem\",\"position\":3,\"name\":\"BIOKERA FRESH YELLOW SHOT SHAMPOING 300 ML\"}]},{\"@type\":\"WebSite\",\"@id\":\"https:\/\/paracherkaoui.ma\/#website\",\"url\":\"https:\/\/paracherkaoui.ma\/\",\"name\":\"Paracherkaoui.ma\",\"description\":\"Achetez en ligne sur Paracherkaoui.ma\",\"potentialAction\":[{\"@type\":\"SearchAction\",\"target\":{\"@type\":\"EntryPoint\",\"urlTemplate\":\"https:\/\/paracherkaoui.ma\/?s={search_term_string}\"},\"query-input\":{\"@type\":\"PropertyValueSpecification\",\"valueRequired\":true,\"valueName\":\"search_term_string\"}}],\"inLanguage\":\"fr-FR\"}]}<\/script>\r\n<!-- \/ Yoast SEO plugin. -->","yoast_head_json":{"title":"BIOKERA FRESH YELLOW SHOT SHAMPOING 300 ML - Paracherkaoui.ma","robots":{"index":"index","follow":"follow","max-snippet":"max-snippet:-1","max-image-preview":"max-image-preview:large","max-video-preview":"max-video-preview:-1"},"canonical":"https:\/\/paracherkaoui.ma\/index.php\/produit\/biokera-fresh-yellow-shot-shampoing-300-ml-2\/","og_locale":"fr_FR","og_type":"article","og_title":"BIOKERA FRESH YELLOW SHOT SHAMPOING 300 ML - Paracherkaoui.ma","og_description":"Description: Gamme con\u00e7ue pour r\u00e9parer et prot\u00e9ger Pour des m\u00e8ches nourries, brillantes et sans frisottis.Shampooing r\u00e9parateur\u00a0avec une formule Yellow Cocktail","og_url":"https:\/\/paracherkaoui.ma\/index.php\/produit\/biokera-fresh-yellow-shot-shampoing-300-ml-2\/","og_site_name":"Paracherkaoui.ma","article_modified_time":"2025-12-12T18:32:08+00:00","og_image":[{"width":700,"height":700,"url":"https:\/\/paracherkaoui.ma\/wp-content\/uploads\/2025\/12\/biokera-biokera-fresh-yellow-shot-shampoing-300-ml-soins-visage-et-corps.jpg","type":"image\/jpeg"}],"twitter_card":"summary_large_image","schema":{"@context":"https:\/\/schema.org","@graph":[{"@type":"WebPage","@id":"https:\/\/paracherkaoui.ma\/index.php\/produit\/biokera-fresh-yellow-shot-shampoing-300-ml-2\/","url":"https:\/\/paracherkaoui.ma\/index.php\/produit\/biokera-fresh-yellow-shot-shampoing-300-ml-2\/","name":"BIOKERA FRESH YELLOW SHOT SHAMPOING 300 ML - Paracherkaoui.ma","isPartOf":{"@id":"https:\/\/paracherkaoui.ma\/#website"},"primaryImageOfPage":{"@id":"https:\/\/paracherkaoui.ma\/index.php\/produit\/biokera-fresh-yellow-shot-shampoing-300-ml-2\/#primaryimage"},"image":{"@id":"https:\/\/paracherkaoui.ma\/index.php\/produit\/biokera-fresh-yellow-shot-shampoing-300-ml-2\/#primaryimage"},"thumbnailUrl":"https:\/\/paracherkaoui.ma\/wp-content\/uploads\/2025\/12\/biokera-biokera-fresh-yellow-shot-shampoing-300-ml-soins-visage-et-corps.jpg","datePublished":"2025-12-12T18:32:05+00:00","dateModified":"2025-12-12T18:32:08+00:00","breadcrumb":{"@id":"https:\/\/paracherkaoui.ma\/index.php\/produit\/biokera-fresh-yellow-shot-shampoing-300-ml-2\/#breadcrumb"},"inLanguage":"fr-FR","potentialAction":[{"@type":"ReadAction","target":["https:\/\/paracherkaoui.ma\/index.php\/produit\/biokera-fresh-yellow-shot-shampoing-300-ml-2\/"]}]},{"@type":"ImageObject","inLanguage":"fr-FR","@id":"https:\/\/paracherkaoui.ma\/index.php\/produit\/biokera-fresh-yellow-shot-shampoing-300-ml-2\/#primaryimage","url":"https:\/\/paracherkaoui.ma\/wp-content\/uploads\/2025\/12\/biokera-biokera-fresh-yellow-shot-shampoing-300-ml-soins-visage-et-corps.jpg","contentUrl":"https:\/\/paracherkaoui.ma\/wp-content\/uploads\/2025\/12\/biokera-biokera-fresh-yellow-shot-shampoing-300-ml-soins-visage-et-corps.jpg","width":700,"height":700},{"@type":"BreadcrumbList","@id":"https:\/\/paracherkaoui.ma\/index.php\/produit\/biokera-fresh-yellow-shot-shampoing-300-ml-2\/#breadcrumb","itemListElement":[{"@type":"ListItem","position":1,"name":"Accueil","item":"https:\/\/paracherkaoui.ma\/"},{"@type":"ListItem","position":2,"name":"Boutique","item":"https:\/\/paracherkaoui.ma\/index.php\/boutique\/"},{"@type":"ListItem","position":3,"name":"BIOKERA FRESH YELLOW SHOT SHAMPOING 300 ML"}]},{"@type":"WebSite","@id":"https:\/\/paracherkaoui.ma\/#website","url":"https:\/\/paracherkaoui.ma\/","name":"Paracherkaoui.ma","description":"Achetez en ligne sur Paracherkaoui.ma","potentialAction":[{"@type":"SearchAction","target":{"@type":"EntryPoint","urlTemplate":"https:\/\/paracherkaoui.ma\/?s={search_term_string}"},"query-input":{"@type":"PropertyValueSpecification","valueRequired":true,"valueName":"search_term_string"}}],"inLanguage":"fr-FR"}]}},"_links":{"self":[{"href":"https:\/\/paracherkaoui.ma\/index.php\/wp-json\/wp\/v2\/product\/50795","targetHints":{"allow":["GET"]}}],"collection":[{"href":"https:\/\/paracherkaoui.ma\/index.php\/wp-json\/wp\/v2\/product"}],"about":[{"href":"https:\/\/paracherkaoui.ma\/index.php\/wp-json\/wp\/v2\/types\/product"}],"replies":[{"embeddable":true,"href":"https:\/\/paracherkaoui.ma\/index.php\/wp-json\/wp\/v2\/comments?post=50795"}],"version-history":[{"count":1,"href":"https:\/\/paracherkaoui.ma\/index.php\/wp-json\/wp\/v2\/product\/50795\/revisions"}],"predecessor-version":[{"id":50828,"href":"https:\/\/paracherkaoui.ma\/index.php\/wp-json\/wp\/v2\/product\/50795\/revisions\/50828"}],"wp:featuredmedia":[{"embeddable":true,"href":"https:\/\/paracherkaoui.ma\/index.php\/wp-json\/wp\/v2\/media\/18620"}],"wp:attachment":[{"href":"https:\/\/paracherkaoui.ma\/index.php\/wp-json\/wp\/v2\/media?parent=50795"}],"wp:term":[{"taxonomy":"product_brand","embeddable":true,"href":"https:\/\/paracherkaoui.ma\/index.php\/wp-json\/wp\/v2\/product_brand?post=50795"},{"taxonomy":"product_cat","embeddable":true,"href":"https:\/\/paracherkaoui.ma\/index.php\/wp-json\/wp\/v2\/product_cat?post=50795"},{"taxonomy":"product_tag","embeddable":true,"href":"https:\/\/paracherkaoui.ma\/index.php\/wp-json\/wp\/v2\/product_tag?post=50795"}],"curies":[{"name":"wp","href":"https:\/\/api.w.org\/{rel}","templated":true}]}}