{"id":50791,"date":"2025-12-12T19:32:05","date_gmt":"2025-12-12T18:32:05","guid":{"rendered":"https:\/\/test.ecbeaute.com\/?post_type=product&#038;p=50791"},"modified":"2025-12-12T19:32:07","modified_gmt":"2025-12-12T18:32:07","slug":"odarym-2-en-1-masque-et-apres-shampoing-a-lhuile-dargan-200-ml-2","status":"publish","type":"product","link":"https:\/\/paracherkaoui.ma\/index.php\/produit\/odarym-2-en-1-masque-et-apres-shampoing-a-lhuile-dargan-200-ml-2\/","title":{"rendered":"ODARYM 2 EN 1 MASQUE ET APRES SHAMPOING A L&rsquo;HUILE D&rsquo;ARGAN 200 ML"},"content":{"rendered":"<p>Oubliez les cheveux ternes, secs et ab\u00eem\u00e9s avec ce 2en1 masque &#038; apr\u00e8s-shampoing r\u00e9parateur 100% naturel aux hydrolats et au miel, l&rsquo;huile de Ricin\u00a0(puissant activateur de repousse), et aussi de beurre de Karit\u00e9, Avocat et Argan. Une composition tr\u00e8s riche, id\u00e9ale pour hydrater, nourrir intens\u00e9ment, r\u00e9g\u00e9n\u00e9rer la fibre capillaire et stimuler la repousse. Pratique, il s&rsquo;utilise en masque pour un soin en profondeur et aussi en apr\u00e8s-shampoing pour parfaire le lavage des cheveux. Ressortez avec des cheveux brillants, doux et souples!<br \/>\nConseils d&rsquo;utilisation:<br \/>\nEn masque: appliquez sur cheveux secs ou mouill\u00e9s (cuir chevelu et longueures) et laissez poser pendant environ 1h-2h puis rincez \u00e0 -l&rsquo;aide du shampoing.<br \/>\nEn apr\u00e8s-shampoing: appliquez sur les longueurs des cheveux, d\u00e9m\u00e9lez et brossez les cheveux. Laissez 5-10min puis rincer. ( \u00e0 l&rsquo;eau froide)<\/p>\n","protected":false},"excerpt":{"rendered":"<p>Oubliez les cheveux ternes, secs et ab\u00eem\u00e9s avec ce 2en1 masque &#038; apr\u00e8s-shampoing r\u00e9parateur 100% naturel aux hydrolats et au<\/p>\n","protected":false},"featured_media":16236,"comment_status":"open","ping_status":"closed","template":"","meta":[],"product_brand":[208],"product_cat":[940],"product_tag":[],"class_list":{"0":"post-50791","1":"product","2":"type-product","3":"status-publish","4":"has-post-thumbnail","6":"product_brand-odarym","7":"product_cat-cosmetique-bio","9":"first","10":"instock","11":"shipping-taxable","12":"purchasable","13":"product-type-simple"},"yoast_head":"<!-- This site is optimized with the Yoast SEO plugin v26.6 - https:\/\/yoast.com\/wordpress\/plugins\/seo\/ -->\r\n<title>ODARYM 2 EN 1 MASQUE ET APRES SHAMPOING A L&#039;HUILE D&#039;ARGAN 200 ML - Paracherkaoui.ma<\/title>\r\n<meta name=\"robots\" content=\"index, follow, max-snippet:-1, max-image-preview:large, max-video-preview:-1\" \/>\r\n<link rel=\"canonical\" href=\"https:\/\/paracherkaoui.ma\/index.php\/produit\/odarym-2-en-1-masque-et-apres-shampoing-a-lhuile-dargan-200-ml-2\/\" \/>\r\n<meta property=\"og:locale\" content=\"fr_FR\" \/>\r\n<meta property=\"og:type\" content=\"article\" \/>\r\n<meta property=\"og:title\" content=\"ODARYM 2 EN 1 MASQUE ET APRES SHAMPOING A L&#039;HUILE D&#039;ARGAN 200 ML - Paracherkaoui.ma\" \/>\r\n<meta property=\"og:description\" content=\"Oubliez les cheveux ternes, secs et ab\u00eem\u00e9s avec ce 2en1 masque &#038; apr\u00e8s-shampoing r\u00e9parateur 100% naturel aux hydrolats et au\" \/>\r\n<meta property=\"og:url\" content=\"https:\/\/paracherkaoui.ma\/index.php\/produit\/odarym-2-en-1-masque-et-apres-shampoing-a-lhuile-dargan-200-ml-2\/\" \/>\r\n<meta property=\"og:site_name\" content=\"Paracherkaoui.ma\" \/>\r\n<meta property=\"article:modified_time\" content=\"2025-12-12T18:32:07+00:00\" \/>\r\n<meta property=\"og:image\" content=\"https:\/\/paracherkaoui.ma\/wp-content\/uploads\/2025\/12\/odarym-odarym-2-en-1-masque-et-apres-shampoing-a-lhuile-dargan-200-ml-soins-cheveux.jpg\" \/>\r\n\t<meta property=\"og:image:width\" content=\"700\" \/>\r\n\t<meta property=\"og:image:height\" content=\"700\" \/>\r\n\t<meta property=\"og:image:type\" content=\"image\/jpeg\" \/>\r\n<meta name=\"twitter:card\" content=\"summary_large_image\" \/>\r\n<meta name=\"twitter:label1\" content=\"Dur\u00e9e de lecture estim\u00e9e\" \/>\n\t<meta name=\"twitter:data1\" content=\"1 minute\" \/>\r\n<script type=\"application\/ld+json\" class=\"yoast-schema-graph\">{\"@context\":\"https:\/\/schema.org\",\"@graph\":[{\"@type\":\"WebPage\",\"@id\":\"https:\/\/paracherkaoui.ma\/index.php\/produit\/odarym-2-en-1-masque-et-apres-shampoing-a-lhuile-dargan-200-ml-2\/\",\"url\":\"https:\/\/paracherkaoui.ma\/index.php\/produit\/odarym-2-en-1-masque-et-apres-shampoing-a-lhuile-dargan-200-ml-2\/\",\"name\":\"ODARYM 2 EN 1 MASQUE ET APRES SHAMPOING A L'HUILE D'ARGAN 200 ML - Paracherkaoui.ma\",\"isPartOf\":{\"@id\":\"https:\/\/paracherkaoui.ma\/#website\"},\"primaryImageOfPage\":{\"@id\":\"https:\/\/paracherkaoui.ma\/index.php\/produit\/odarym-2-en-1-masque-et-apres-shampoing-a-lhuile-dargan-200-ml-2\/#primaryimage\"},\"image\":{\"@id\":\"https:\/\/paracherkaoui.ma\/index.php\/produit\/odarym-2-en-1-masque-et-apres-shampoing-a-lhuile-dargan-200-ml-2\/#primaryimage\"},\"thumbnailUrl\":\"https:\/\/paracherkaoui.ma\/wp-content\/uploads\/2025\/12\/odarym-odarym-2-en-1-masque-et-apres-shampoing-a-lhuile-dargan-200-ml-soins-cheveux.jpg\",\"datePublished\":\"2025-12-12T18:32:05+00:00\",\"dateModified\":\"2025-12-12T18:32:07+00:00\",\"breadcrumb\":{\"@id\":\"https:\/\/paracherkaoui.ma\/index.php\/produit\/odarym-2-en-1-masque-et-apres-shampoing-a-lhuile-dargan-200-ml-2\/#breadcrumb\"},\"inLanguage\":\"fr-FR\",\"potentialAction\":[{\"@type\":\"ReadAction\",\"target\":[\"https:\/\/paracherkaoui.ma\/index.php\/produit\/odarym-2-en-1-masque-et-apres-shampoing-a-lhuile-dargan-200-ml-2\/\"]}]},{\"@type\":\"ImageObject\",\"inLanguage\":\"fr-FR\",\"@id\":\"https:\/\/paracherkaoui.ma\/index.php\/produit\/odarym-2-en-1-masque-et-apres-shampoing-a-lhuile-dargan-200-ml-2\/#primaryimage\",\"url\":\"https:\/\/paracherkaoui.ma\/wp-content\/uploads\/2025\/12\/odarym-odarym-2-en-1-masque-et-apres-shampoing-a-lhuile-dargan-200-ml-soins-cheveux.jpg\",\"contentUrl\":\"https:\/\/paracherkaoui.ma\/wp-content\/uploads\/2025\/12\/odarym-odarym-2-en-1-masque-et-apres-shampoing-a-lhuile-dargan-200-ml-soins-cheveux.jpg\",\"width\":700,\"height\":700},{\"@type\":\"BreadcrumbList\",\"@id\":\"https:\/\/paracherkaoui.ma\/index.php\/produit\/odarym-2-en-1-masque-et-apres-shampoing-a-lhuile-dargan-200-ml-2\/#breadcrumb\",\"itemListElement\":[{\"@type\":\"ListItem\",\"position\":1,\"name\":\"Accueil\",\"item\":\"https:\/\/paracherkaoui.ma\/\"},{\"@type\":\"ListItem\",\"position\":2,\"name\":\"Boutique\",\"item\":\"https:\/\/paracherkaoui.ma\/index.php\/boutique\/\"},{\"@type\":\"ListItem\",\"position\":3,\"name\":\"ODARYM 2 EN 1 MASQUE ET APRES SHAMPOING A L&rsquo;HUILE D&rsquo;ARGAN 200 ML\"}]},{\"@type\":\"WebSite\",\"@id\":\"https:\/\/paracherkaoui.ma\/#website\",\"url\":\"https:\/\/paracherkaoui.ma\/\",\"name\":\"Paracherkaoui.ma\",\"description\":\"Achetez en ligne sur Paracherkaoui.ma\",\"potentialAction\":[{\"@type\":\"SearchAction\",\"target\":{\"@type\":\"EntryPoint\",\"urlTemplate\":\"https:\/\/paracherkaoui.ma\/?s={search_term_string}\"},\"query-input\":{\"@type\":\"PropertyValueSpecification\",\"valueRequired\":true,\"valueName\":\"search_term_string\"}}],\"inLanguage\":\"fr-FR\"}]}<\/script>\r\n<!-- \/ Yoast SEO plugin. -->","yoast_head_json":{"title":"ODARYM 2 EN 1 MASQUE ET APRES SHAMPOING A L'HUILE D'ARGAN 200 ML - Paracherkaoui.ma","robots":{"index":"index","follow":"follow","max-snippet":"max-snippet:-1","max-image-preview":"max-image-preview:large","max-video-preview":"max-video-preview:-1"},"canonical":"https:\/\/paracherkaoui.ma\/index.php\/produit\/odarym-2-en-1-masque-et-apres-shampoing-a-lhuile-dargan-200-ml-2\/","og_locale":"fr_FR","og_type":"article","og_title":"ODARYM 2 EN 1 MASQUE ET APRES SHAMPOING A L'HUILE D'ARGAN 200 ML - Paracherkaoui.ma","og_description":"Oubliez les cheveux ternes, secs et ab\u00eem\u00e9s avec ce 2en1 masque &#038; apr\u00e8s-shampoing r\u00e9parateur 100% naturel aux hydrolats et au","og_url":"https:\/\/paracherkaoui.ma\/index.php\/produit\/odarym-2-en-1-masque-et-apres-shampoing-a-lhuile-dargan-200-ml-2\/","og_site_name":"Paracherkaoui.ma","article_modified_time":"2025-12-12T18:32:07+00:00","og_image":[{"width":700,"height":700,"url":"https:\/\/paracherkaoui.ma\/wp-content\/uploads\/2025\/12\/odarym-odarym-2-en-1-masque-et-apres-shampoing-a-lhuile-dargan-200-ml-soins-cheveux.jpg","type":"image\/jpeg"}],"twitter_card":"summary_large_image","twitter_misc":{"Dur\u00e9e de lecture estim\u00e9e":"1 minute"},"schema":{"@context":"https:\/\/schema.org","@graph":[{"@type":"WebPage","@id":"https:\/\/paracherkaoui.ma\/index.php\/produit\/odarym-2-en-1-masque-et-apres-shampoing-a-lhuile-dargan-200-ml-2\/","url":"https:\/\/paracherkaoui.ma\/index.php\/produit\/odarym-2-en-1-masque-et-apres-shampoing-a-lhuile-dargan-200-ml-2\/","name":"ODARYM 2 EN 1 MASQUE ET APRES SHAMPOING A L'HUILE D'ARGAN 200 ML - Paracherkaoui.ma","isPartOf":{"@id":"https:\/\/paracherkaoui.ma\/#website"},"primaryImageOfPage":{"@id":"https:\/\/paracherkaoui.ma\/index.php\/produit\/odarym-2-en-1-masque-et-apres-shampoing-a-lhuile-dargan-200-ml-2\/#primaryimage"},"image":{"@id":"https:\/\/paracherkaoui.ma\/index.php\/produit\/odarym-2-en-1-masque-et-apres-shampoing-a-lhuile-dargan-200-ml-2\/#primaryimage"},"thumbnailUrl":"https:\/\/paracherkaoui.ma\/wp-content\/uploads\/2025\/12\/odarym-odarym-2-en-1-masque-et-apres-shampoing-a-lhuile-dargan-200-ml-soins-cheveux.jpg","datePublished":"2025-12-12T18:32:05+00:00","dateModified":"2025-12-12T18:32:07+00:00","breadcrumb":{"@id":"https:\/\/paracherkaoui.ma\/index.php\/produit\/odarym-2-en-1-masque-et-apres-shampoing-a-lhuile-dargan-200-ml-2\/#breadcrumb"},"inLanguage":"fr-FR","potentialAction":[{"@type":"ReadAction","target":["https:\/\/paracherkaoui.ma\/index.php\/produit\/odarym-2-en-1-masque-et-apres-shampoing-a-lhuile-dargan-200-ml-2\/"]}]},{"@type":"ImageObject","inLanguage":"fr-FR","@id":"https:\/\/paracherkaoui.ma\/index.php\/produit\/odarym-2-en-1-masque-et-apres-shampoing-a-lhuile-dargan-200-ml-2\/#primaryimage","url":"https:\/\/paracherkaoui.ma\/wp-content\/uploads\/2025\/12\/odarym-odarym-2-en-1-masque-et-apres-shampoing-a-lhuile-dargan-200-ml-soins-cheveux.jpg","contentUrl":"https:\/\/paracherkaoui.ma\/wp-content\/uploads\/2025\/12\/odarym-odarym-2-en-1-masque-et-apres-shampoing-a-lhuile-dargan-200-ml-soins-cheveux.jpg","width":700,"height":700},{"@type":"BreadcrumbList","@id":"https:\/\/paracherkaoui.ma\/index.php\/produit\/odarym-2-en-1-masque-et-apres-shampoing-a-lhuile-dargan-200-ml-2\/#breadcrumb","itemListElement":[{"@type":"ListItem","position":1,"name":"Accueil","item":"https:\/\/paracherkaoui.ma\/"},{"@type":"ListItem","position":2,"name":"Boutique","item":"https:\/\/paracherkaoui.ma\/index.php\/boutique\/"},{"@type":"ListItem","position":3,"name":"ODARYM 2 EN 1 MASQUE ET APRES SHAMPOING A L&rsquo;HUILE D&rsquo;ARGAN 200 ML"}]},{"@type":"WebSite","@id":"https:\/\/paracherkaoui.ma\/#website","url":"https:\/\/paracherkaoui.ma\/","name":"Paracherkaoui.ma","description":"Achetez en ligne sur Paracherkaoui.ma","potentialAction":[{"@type":"SearchAction","target":{"@type":"EntryPoint","urlTemplate":"https:\/\/paracherkaoui.ma\/?s={search_term_string}"},"query-input":{"@type":"PropertyValueSpecification","valueRequired":true,"valueName":"search_term_string"}}],"inLanguage":"fr-FR"}]}},"_links":{"self":[{"href":"https:\/\/paracherkaoui.ma\/index.php\/wp-json\/wp\/v2\/product\/50791","targetHints":{"allow":["GET"]}}],"collection":[{"href":"https:\/\/paracherkaoui.ma\/index.php\/wp-json\/wp\/v2\/product"}],"about":[{"href":"https:\/\/paracherkaoui.ma\/index.php\/wp-json\/wp\/v2\/types\/product"}],"replies":[{"embeddable":true,"href":"https:\/\/paracherkaoui.ma\/index.php\/wp-json\/wp\/v2\/comments?post=50791"}],"version-history":[{"count":1,"href":"https:\/\/paracherkaoui.ma\/index.php\/wp-json\/wp\/v2\/product\/50791\/revisions"}],"predecessor-version":[{"id":50823,"href":"https:\/\/paracherkaoui.ma\/index.php\/wp-json\/wp\/v2\/product\/50791\/revisions\/50823"}],"wp:featuredmedia":[{"embeddable":true,"href":"https:\/\/paracherkaoui.ma\/index.php\/wp-json\/wp\/v2\/media\/16236"}],"wp:attachment":[{"href":"https:\/\/paracherkaoui.ma\/index.php\/wp-json\/wp\/v2\/media?parent=50791"}],"wp:term":[{"taxonomy":"product_brand","embeddable":true,"href":"https:\/\/paracherkaoui.ma\/index.php\/wp-json\/wp\/v2\/product_brand?post=50791"},{"taxonomy":"product_cat","embeddable":true,"href":"https:\/\/paracherkaoui.ma\/index.php\/wp-json\/wp\/v2\/product_cat?post=50791"},{"taxonomy":"product_tag","embeddable":true,"href":"https:\/\/paracherkaoui.ma\/index.php\/wp-json\/wp\/v2\/product_tag?post=50791"}],"curies":[{"name":"wp","href":"https:\/\/api.w.org\/{rel}","templated":true}]}}