{"id":50410,"date":"2025-12-12T19:31:23","date_gmt":"2025-12-12T18:31:23","guid":{"rendered":"https:\/\/test.ecbeaute.com\/?post_type=product&#038;p=50410"},"modified":"2025-12-12T19:31:26","modified_gmt":"2025-12-12T18:31:26","slug":"cattier-dentargile-a-lhuile-essentielle-danis-75-ml-2","status":"publish","type":"product","link":"https:\/\/paracherkaoui.ma\/index.php\/produit\/cattier-dentargile-a-lhuile-essentielle-danis-75-ml-2\/","title":{"rendered":"CATTIER DENTARGILE A L&rsquo;HUILE ESSENTIELLE D&rsquo;ANIS 75 ML"},"content":{"rendered":"<p>Le dentifrice Dentargile Anis de Cattier aide \u00e0 lutter contre la plaque dentaire et est remin\u00e9ralisant gr\u00e2ce \u00e0 sa formule naturelle sans fluor, ni sulfate.<br \/>\nElabor\u00e9 avec de l&rsquo;argile, du sel marin et de l&rsquo;huile essentielle d&rsquo;anis, ce dentifrice Cattier remin\u00e9ralisant nettoie efficacement vos dents tout en les prot\u00e9geant.<br \/>\nLes principes actifs du dentifrice Dentargile Anis :<br \/>\nLe\u00a0dentifrice Dentargile Anis Cattier contient de :<br \/>\n&#8211; argile connue pour sa richesse naturelle en min\u00e9raux, qui renforce l&rsquo;\u00e9mail des dents,<br \/>\n&#8211; huile essentielle d&rsquo;anis aux propri\u00e9t\u00e9s astringentes et rafra\u00eechissantes pour assainir la cavit\u00e9 buccale,<br \/>\n&#8211; sel marin, riche en oligo-\u00e9l\u00e9ments pour tonifier les gencives et stimuler le nettoyage naturel des dents.<br \/>\nR\u00e9sultat : vos dents et gencives restent saines et prot\u00e9g\u00e9es.<br \/>\nBon \u00e0 savoir : Dentargile Anis contient de la menthe et n&rsquo;est donc pas compatible avec un traitement hom\u00e9opathique.<br \/>\nComme tous les produits bio du laboratoire Cattier, ce dentifrice ne contient pas d&rsquo;ingr\u00e9dients issus de la p\u00e9trochimie, tels que PEG, silicone ou paraffine. Il est sans OGM, sans colorant artificiel, sans parfum de synth\u00e8se, sans mati\u00e8re grasse d&rsquo;origine animale, sans \u00e9ther de glycol, sans conservateur de synth\u00e8se tels que paraben, EDTA ou phenoxyethanol. Son emballage est non polluant et recyclable.<br \/>\nContenance : tube de 75 ml<br \/>\nBrossez doucement vos dents avec le dentifrice dentargile Anis en partant de la gencive vers la dent et ce pendant 3 minutes environ apr\u00e8s chaque repas. Rincez ensuite votre bouch<\/p>\n","protected":false},"excerpt":{"rendered":"<p>Le dentifrice Dentargile Anis de Cattier aide \u00e0 lutter contre la plaque dentaire et est remin\u00e9ralisant gr\u00e2ce \u00e0 sa formule<\/p>\n","protected":false},"featured_media":45783,"comment_status":"open","ping_status":"closed","template":"","meta":[],"product_brand":[187],"product_cat":[940],"product_tag":[],"class_list":{"0":"post-50410","1":"product","2":"type-product","3":"status-publish","4":"has-post-thumbnail","6":"product_brand-cattier","7":"product_cat-cosmetique-bio","9":"first","10":"instock","11":"shipping-taxable","12":"purchasable","13":"product-type-simple"},"yoast_head":"<!-- This site is optimized with the Yoast SEO plugin v26.6 - https:\/\/yoast.com\/wordpress\/plugins\/seo\/ -->\r\n<title>CATTIER DENTARGILE A L&#039;HUILE ESSENTIELLE D&#039;ANIS 75 ML - Paracherkaoui.ma<\/title>\r\n<meta name=\"robots\" content=\"index, follow, max-snippet:-1, max-image-preview:large, max-video-preview:-1\" \/>\r\n<link rel=\"canonical\" href=\"https:\/\/paracherkaoui.ma\/index.php\/produit\/cattier-dentargile-a-lhuile-essentielle-danis-75-ml-2\/\" \/>\r\n<meta property=\"og:locale\" content=\"fr_FR\" \/>\r\n<meta property=\"og:type\" content=\"article\" \/>\r\n<meta property=\"og:title\" content=\"CATTIER DENTARGILE A L&#039;HUILE ESSENTIELLE D&#039;ANIS 75 ML - Paracherkaoui.ma\" \/>\r\n<meta property=\"og:description\" content=\"Le dentifrice Dentargile Anis de Cattier aide \u00e0 lutter contre la plaque dentaire et est remin\u00e9ralisant gr\u00e2ce \u00e0 sa formule\" \/>\r\n<meta property=\"og:url\" content=\"https:\/\/paracherkaoui.ma\/index.php\/produit\/cattier-dentargile-a-lhuile-essentielle-danis-75-ml-2\/\" \/>\r\n<meta property=\"og:site_name\" content=\"Paracherkaoui.ma\" \/>\r\n<meta property=\"article:modified_time\" content=\"2025-12-12T18:31:26+00:00\" \/>\r\n<meta property=\"og:image\" content=\"https:\/\/paracherkaoui.ma\/wp-content\/uploads\/2025\/12\/cattier-dentargile-a-l-huile-essentielle-d-anis-75-ml.jpg\" \/>\r\n\t<meta property=\"og:image:width\" content=\"700\" \/>\r\n\t<meta property=\"og:image:height\" content=\"700\" \/>\r\n\t<meta property=\"og:image:type\" content=\"image\/jpeg\" \/>\r\n<meta name=\"twitter:card\" content=\"summary_large_image\" \/>\r\n<meta name=\"twitter:label1\" content=\"Dur\u00e9e de lecture estim\u00e9e\" \/>\n\t<meta name=\"twitter:data1\" content=\"1 minute\" \/>\r\n<script type=\"application\/ld+json\" class=\"yoast-schema-graph\">{\"@context\":\"https:\/\/schema.org\",\"@graph\":[{\"@type\":\"WebPage\",\"@id\":\"https:\/\/paracherkaoui.ma\/index.php\/produit\/cattier-dentargile-a-lhuile-essentielle-danis-75-ml-2\/\",\"url\":\"https:\/\/paracherkaoui.ma\/index.php\/produit\/cattier-dentargile-a-lhuile-essentielle-danis-75-ml-2\/\",\"name\":\"CATTIER DENTARGILE A L'HUILE ESSENTIELLE D'ANIS 75 ML - Paracherkaoui.ma\",\"isPartOf\":{\"@id\":\"https:\/\/paracherkaoui.ma\/#website\"},\"primaryImageOfPage\":{\"@id\":\"https:\/\/paracherkaoui.ma\/index.php\/produit\/cattier-dentargile-a-lhuile-essentielle-danis-75-ml-2\/#primaryimage\"},\"image\":{\"@id\":\"https:\/\/paracherkaoui.ma\/index.php\/produit\/cattier-dentargile-a-lhuile-essentielle-danis-75-ml-2\/#primaryimage\"},\"thumbnailUrl\":\"https:\/\/paracherkaoui.ma\/wp-content\/uploads\/2025\/12\/cattier-dentargile-a-l-huile-essentielle-d-anis-75-ml.jpg\",\"datePublished\":\"2025-12-12T18:31:23+00:00\",\"dateModified\":\"2025-12-12T18:31:26+00:00\",\"breadcrumb\":{\"@id\":\"https:\/\/paracherkaoui.ma\/index.php\/produit\/cattier-dentargile-a-lhuile-essentielle-danis-75-ml-2\/#breadcrumb\"},\"inLanguage\":\"fr-FR\",\"potentialAction\":[{\"@type\":\"ReadAction\",\"target\":[\"https:\/\/paracherkaoui.ma\/index.php\/produit\/cattier-dentargile-a-lhuile-essentielle-danis-75-ml-2\/\"]}]},{\"@type\":\"ImageObject\",\"inLanguage\":\"fr-FR\",\"@id\":\"https:\/\/paracherkaoui.ma\/index.php\/produit\/cattier-dentargile-a-lhuile-essentielle-danis-75-ml-2\/#primaryimage\",\"url\":\"https:\/\/paracherkaoui.ma\/wp-content\/uploads\/2025\/12\/cattier-dentargile-a-l-huile-essentielle-d-anis-75-ml.jpg\",\"contentUrl\":\"https:\/\/paracherkaoui.ma\/wp-content\/uploads\/2025\/12\/cattier-dentargile-a-l-huile-essentielle-d-anis-75-ml.jpg\",\"width\":700,\"height\":700},{\"@type\":\"BreadcrumbList\",\"@id\":\"https:\/\/paracherkaoui.ma\/index.php\/produit\/cattier-dentargile-a-lhuile-essentielle-danis-75-ml-2\/#breadcrumb\",\"itemListElement\":[{\"@type\":\"ListItem\",\"position\":1,\"name\":\"Accueil\",\"item\":\"https:\/\/paracherkaoui.ma\/\"},{\"@type\":\"ListItem\",\"position\":2,\"name\":\"Boutique\",\"item\":\"https:\/\/paracherkaoui.ma\/index.php\/boutique\/\"},{\"@type\":\"ListItem\",\"position\":3,\"name\":\"CATTIER DENTARGILE A L&rsquo;HUILE ESSENTIELLE D&rsquo;ANIS 75 ML\"}]},{\"@type\":\"WebSite\",\"@id\":\"https:\/\/paracherkaoui.ma\/#website\",\"url\":\"https:\/\/paracherkaoui.ma\/\",\"name\":\"Paracherkaoui.ma\",\"description\":\"Achetez en ligne sur Paracherkaoui.ma\",\"potentialAction\":[{\"@type\":\"SearchAction\",\"target\":{\"@type\":\"EntryPoint\",\"urlTemplate\":\"https:\/\/paracherkaoui.ma\/?s={search_term_string}\"},\"query-input\":{\"@type\":\"PropertyValueSpecification\",\"valueRequired\":true,\"valueName\":\"search_term_string\"}}],\"inLanguage\":\"fr-FR\"}]}<\/script>\r\n<!-- \/ Yoast SEO plugin. -->","yoast_head_json":{"title":"CATTIER DENTARGILE A L'HUILE ESSENTIELLE D'ANIS 75 ML - Paracherkaoui.ma","robots":{"index":"index","follow":"follow","max-snippet":"max-snippet:-1","max-image-preview":"max-image-preview:large","max-video-preview":"max-video-preview:-1"},"canonical":"https:\/\/paracherkaoui.ma\/index.php\/produit\/cattier-dentargile-a-lhuile-essentielle-danis-75-ml-2\/","og_locale":"fr_FR","og_type":"article","og_title":"CATTIER DENTARGILE A L'HUILE ESSENTIELLE D'ANIS 75 ML - Paracherkaoui.ma","og_description":"Le dentifrice Dentargile Anis de Cattier aide \u00e0 lutter contre la plaque dentaire et est remin\u00e9ralisant gr\u00e2ce \u00e0 sa formule","og_url":"https:\/\/paracherkaoui.ma\/index.php\/produit\/cattier-dentargile-a-lhuile-essentielle-danis-75-ml-2\/","og_site_name":"Paracherkaoui.ma","article_modified_time":"2025-12-12T18:31:26+00:00","og_image":[{"width":700,"height":700,"url":"https:\/\/paracherkaoui.ma\/wp-content\/uploads\/2025\/12\/cattier-dentargile-a-l-huile-essentielle-d-anis-75-ml.jpg","type":"image\/jpeg"}],"twitter_card":"summary_large_image","twitter_misc":{"Dur\u00e9e de lecture estim\u00e9e":"1 minute"},"schema":{"@context":"https:\/\/schema.org","@graph":[{"@type":"WebPage","@id":"https:\/\/paracherkaoui.ma\/index.php\/produit\/cattier-dentargile-a-lhuile-essentielle-danis-75-ml-2\/","url":"https:\/\/paracherkaoui.ma\/index.php\/produit\/cattier-dentargile-a-lhuile-essentielle-danis-75-ml-2\/","name":"CATTIER DENTARGILE A L'HUILE ESSENTIELLE D'ANIS 75 ML - Paracherkaoui.ma","isPartOf":{"@id":"https:\/\/paracherkaoui.ma\/#website"},"primaryImageOfPage":{"@id":"https:\/\/paracherkaoui.ma\/index.php\/produit\/cattier-dentargile-a-lhuile-essentielle-danis-75-ml-2\/#primaryimage"},"image":{"@id":"https:\/\/paracherkaoui.ma\/index.php\/produit\/cattier-dentargile-a-lhuile-essentielle-danis-75-ml-2\/#primaryimage"},"thumbnailUrl":"https:\/\/paracherkaoui.ma\/wp-content\/uploads\/2025\/12\/cattier-dentargile-a-l-huile-essentielle-d-anis-75-ml.jpg","datePublished":"2025-12-12T18:31:23+00:00","dateModified":"2025-12-12T18:31:26+00:00","breadcrumb":{"@id":"https:\/\/paracherkaoui.ma\/index.php\/produit\/cattier-dentargile-a-lhuile-essentielle-danis-75-ml-2\/#breadcrumb"},"inLanguage":"fr-FR","potentialAction":[{"@type":"ReadAction","target":["https:\/\/paracherkaoui.ma\/index.php\/produit\/cattier-dentargile-a-lhuile-essentielle-danis-75-ml-2\/"]}]},{"@type":"ImageObject","inLanguage":"fr-FR","@id":"https:\/\/paracherkaoui.ma\/index.php\/produit\/cattier-dentargile-a-lhuile-essentielle-danis-75-ml-2\/#primaryimage","url":"https:\/\/paracherkaoui.ma\/wp-content\/uploads\/2025\/12\/cattier-dentargile-a-l-huile-essentielle-d-anis-75-ml.jpg","contentUrl":"https:\/\/paracherkaoui.ma\/wp-content\/uploads\/2025\/12\/cattier-dentargile-a-l-huile-essentielle-d-anis-75-ml.jpg","width":700,"height":700},{"@type":"BreadcrumbList","@id":"https:\/\/paracherkaoui.ma\/index.php\/produit\/cattier-dentargile-a-lhuile-essentielle-danis-75-ml-2\/#breadcrumb","itemListElement":[{"@type":"ListItem","position":1,"name":"Accueil","item":"https:\/\/paracherkaoui.ma\/"},{"@type":"ListItem","position":2,"name":"Boutique","item":"https:\/\/paracherkaoui.ma\/index.php\/boutique\/"},{"@type":"ListItem","position":3,"name":"CATTIER DENTARGILE A L&rsquo;HUILE ESSENTIELLE D&rsquo;ANIS 75 ML"}]},{"@type":"WebSite","@id":"https:\/\/paracherkaoui.ma\/#website","url":"https:\/\/paracherkaoui.ma\/","name":"Paracherkaoui.ma","description":"Achetez en ligne sur Paracherkaoui.ma","potentialAction":[{"@type":"SearchAction","target":{"@type":"EntryPoint","urlTemplate":"https:\/\/paracherkaoui.ma\/?s={search_term_string}"},"query-input":{"@type":"PropertyValueSpecification","valueRequired":true,"valueName":"search_term_string"}}],"inLanguage":"fr-FR"}]}},"_links":{"self":[{"href":"https:\/\/paracherkaoui.ma\/index.php\/wp-json\/wp\/v2\/product\/50410","targetHints":{"allow":["GET"]}}],"collection":[{"href":"https:\/\/paracherkaoui.ma\/index.php\/wp-json\/wp\/v2\/product"}],"about":[{"href":"https:\/\/paracherkaoui.ma\/index.php\/wp-json\/wp\/v2\/types\/product"}],"replies":[{"embeddable":true,"href":"https:\/\/paracherkaoui.ma\/index.php\/wp-json\/wp\/v2\/comments?post=50410"}],"version-history":[{"count":1,"href":"https:\/\/paracherkaoui.ma\/index.php\/wp-json\/wp\/v2\/product\/50410\/revisions"}],"predecessor-version":[{"id":50445,"href":"https:\/\/paracherkaoui.ma\/index.php\/wp-json\/wp\/v2\/product\/50410\/revisions\/50445"}],"wp:featuredmedia":[{"embeddable":true,"href":"https:\/\/paracherkaoui.ma\/index.php\/wp-json\/wp\/v2\/media\/45783"}],"wp:attachment":[{"href":"https:\/\/paracherkaoui.ma\/index.php\/wp-json\/wp\/v2\/media?parent=50410"}],"wp:term":[{"taxonomy":"product_brand","embeddable":true,"href":"https:\/\/paracherkaoui.ma\/index.php\/wp-json\/wp\/v2\/product_brand?post=50410"},{"taxonomy":"product_cat","embeddable":true,"href":"https:\/\/paracherkaoui.ma\/index.php\/wp-json\/wp\/v2\/product_cat?post=50410"},{"taxonomy":"product_tag","embeddable":true,"href":"https:\/\/paracherkaoui.ma\/index.php\/wp-json\/wp\/v2\/product_tag?post=50410"}],"curies":[{"name":"wp","href":"https:\/\/api.w.org\/{rel}","templated":true}]}}