{"id":50405,"date":"2025-12-12T19:31:23","date_gmt":"2025-12-12T18:31:23","guid":{"rendered":"https:\/\/test.ecbeaute.com\/?post_type=product&#038;p=50405"},"modified":"2025-12-12T19:31:25","modified_gmt":"2025-12-12T18:31:25","slug":"savon-dalep-premium","status":"publish","type":"product","link":"https:\/\/paracherkaoui.ma\/index.php\/produit\/savon-dalep-premium\/","title":{"rendered":"SAVON D\u2019ALEP PREMIUM"},"content":{"rendered":"<p>Le savon d\u2019Alep est le plus ancien savon dur au monde. C\u2019est un produit authentique, naturel, dont la fabrication artisanale est issue d\u2019une tradition s\u00e9culaire.<br \/>\nEnrichi aux p\u00e9pins de figues de barbarie, le savon d\u2019Alep Premium est obtenu \u00e0 partir d\u2019une saponification \u00e0 froid, permettant de pr\u00e9server les qualit\u00e9s hydratantes et \u00e9mollientes des huiles d\u2019olive et de baies de laurier. Le savon d\u2019Alep Premium est un soin nettoyant, surgras, doux et respectueux de l\u2019environnement. Il convient \u00e0 tous les types de peaux, m\u00eame les plus sensibles.<br \/>\nGaranti sans colorant, conservateur, parfum, additifs chimiques et mati\u00e8res grasses animales, il est parfaitement adapt\u00e9 \u00e0 la toilette quotidienne de l\u2019adulte et de l\u2019enfant.<br \/>\nNB\u00a0: Mettre au sec apr\u00e8s chaque utilisation.<br \/>\n* Sa composition inclut 80% d\u2019huile d\u2019olive et 20% d\u2019huile de laurier en proportion d\u2019huile.<br \/>\nComposition\u00a0: huile d\u2019olive \u2013 huile de baie de laurier \u2013 p\u00e9pins de figues de barbarie \u2013 eau \u2013 hydroxyde de sodium.<br \/>\nPoids net\u00a0: 170 gr<\/p>\n","protected":false},"excerpt":{"rendered":"<p>Le savon d\u2019Alep est le plus ancien savon dur au monde. C\u2019est un produit authentique, naturel, dont la fabrication artisanale<\/p>\n","protected":false},"featured_media":50436,"comment_status":"open","ping_status":"closed","template":"","meta":[],"product_brand":[941],"product_cat":[940],"product_tag":[],"class_list":{"0":"post-50405","1":"product","2":"type-product","3":"status-publish","4":"has-post-thumbnail","6":"product_brand-savon-dalep","7":"product_cat-cosmetique-bio","9":"first","10":"instock","11":"shipping-taxable","12":"purchasable","13":"product-type-simple"},"yoast_head":"<!-- This site is optimized with the Yoast SEO plugin v26.6 - https:\/\/yoast.com\/wordpress\/plugins\/seo\/ -->\r\n<title>SAVON D\u2019ALEP PREMIUM - Paracherkaoui.ma<\/title>\r\n<meta name=\"robots\" content=\"index, follow, max-snippet:-1, max-image-preview:large, max-video-preview:-1\" \/>\r\n<link rel=\"canonical\" href=\"https:\/\/paracherkaoui.ma\/index.php\/produit\/savon-dalep-premium\/\" \/>\r\n<meta property=\"og:locale\" content=\"fr_FR\" \/>\r\n<meta property=\"og:type\" content=\"article\" \/>\r\n<meta property=\"og:title\" content=\"SAVON D\u2019ALEP PREMIUM - Paracherkaoui.ma\" \/>\r\n<meta property=\"og:description\" content=\"Le savon d\u2019Alep est le plus ancien savon dur au monde. C\u2019est un produit authentique, naturel, dont la fabrication artisanale\" \/>\r\n<meta property=\"og:url\" content=\"https:\/\/paracherkaoui.ma\/index.php\/produit\/savon-dalep-premium\/\" \/>\r\n<meta property=\"og:site_name\" content=\"Paracherkaoui.ma\" \/>\r\n<meta property=\"article:modified_time\" content=\"2025-12-12T18:31:25+00:00\" \/>\r\n<meta property=\"og:image\" content=\"https:\/\/paracherkaoui.ma\/wp-content\/uploads\/2025\/12\/savon-dalep-savon-dalep-premium-hygiene.jpg\" \/>\r\n\t<meta property=\"og:image:width\" content=\"700\" \/>\r\n\t<meta property=\"og:image:height\" content=\"700\" \/>\r\n\t<meta property=\"og:image:type\" content=\"image\/jpeg\" \/>\r\n<meta name=\"twitter:card\" content=\"summary_large_image\" \/>\r\n<meta name=\"twitter:label1\" content=\"Dur\u00e9e de lecture estim\u00e9e\" \/>\n\t<meta name=\"twitter:data1\" content=\"1 minute\" \/>\r\n<script type=\"application\/ld+json\" class=\"yoast-schema-graph\">{\"@context\":\"https:\/\/schema.org\",\"@graph\":[{\"@type\":\"WebPage\",\"@id\":\"https:\/\/paracherkaoui.ma\/index.php\/produit\/savon-dalep-premium\/\",\"url\":\"https:\/\/paracherkaoui.ma\/index.php\/produit\/savon-dalep-premium\/\",\"name\":\"SAVON D\u2019ALEP PREMIUM - Paracherkaoui.ma\",\"isPartOf\":{\"@id\":\"https:\/\/paracherkaoui.ma\/#website\"},\"primaryImageOfPage\":{\"@id\":\"https:\/\/paracherkaoui.ma\/index.php\/produit\/savon-dalep-premium\/#primaryimage\"},\"image\":{\"@id\":\"https:\/\/paracherkaoui.ma\/index.php\/produit\/savon-dalep-premium\/#primaryimage\"},\"thumbnailUrl\":\"https:\/\/paracherkaoui.ma\/wp-content\/uploads\/2025\/12\/savon-dalep-savon-dalep-premium-hygiene.jpg\",\"datePublished\":\"2025-12-12T18:31:23+00:00\",\"dateModified\":\"2025-12-12T18:31:25+00:00\",\"breadcrumb\":{\"@id\":\"https:\/\/paracherkaoui.ma\/index.php\/produit\/savon-dalep-premium\/#breadcrumb\"},\"inLanguage\":\"fr-FR\",\"potentialAction\":[{\"@type\":\"ReadAction\",\"target\":[\"https:\/\/paracherkaoui.ma\/index.php\/produit\/savon-dalep-premium\/\"]}]},{\"@type\":\"ImageObject\",\"inLanguage\":\"fr-FR\",\"@id\":\"https:\/\/paracherkaoui.ma\/index.php\/produit\/savon-dalep-premium\/#primaryimage\",\"url\":\"https:\/\/paracherkaoui.ma\/wp-content\/uploads\/2025\/12\/savon-dalep-savon-dalep-premium-hygiene.jpg\",\"contentUrl\":\"https:\/\/paracherkaoui.ma\/wp-content\/uploads\/2025\/12\/savon-dalep-savon-dalep-premium-hygiene.jpg\",\"width\":700,\"height\":700},{\"@type\":\"BreadcrumbList\",\"@id\":\"https:\/\/paracherkaoui.ma\/index.php\/produit\/savon-dalep-premium\/#breadcrumb\",\"itemListElement\":[{\"@type\":\"ListItem\",\"position\":1,\"name\":\"Accueil\",\"item\":\"https:\/\/paracherkaoui.ma\/\"},{\"@type\":\"ListItem\",\"position\":2,\"name\":\"Boutique\",\"item\":\"https:\/\/paracherkaoui.ma\/index.php\/boutique\/\"},{\"@type\":\"ListItem\",\"position\":3,\"name\":\"SAVON D\u2019ALEP PREMIUM\"}]},{\"@type\":\"WebSite\",\"@id\":\"https:\/\/paracherkaoui.ma\/#website\",\"url\":\"https:\/\/paracherkaoui.ma\/\",\"name\":\"Paracherkaoui.ma\",\"description\":\"Achetez en ligne sur Paracherkaoui.ma\",\"potentialAction\":[{\"@type\":\"SearchAction\",\"target\":{\"@type\":\"EntryPoint\",\"urlTemplate\":\"https:\/\/paracherkaoui.ma\/?s={search_term_string}\"},\"query-input\":{\"@type\":\"PropertyValueSpecification\",\"valueRequired\":true,\"valueName\":\"search_term_string\"}}],\"inLanguage\":\"fr-FR\"}]}<\/script>\r\n<!-- \/ Yoast SEO plugin. -->","yoast_head_json":{"title":"SAVON D\u2019ALEP PREMIUM - Paracherkaoui.ma","robots":{"index":"index","follow":"follow","max-snippet":"max-snippet:-1","max-image-preview":"max-image-preview:large","max-video-preview":"max-video-preview:-1"},"canonical":"https:\/\/paracherkaoui.ma\/index.php\/produit\/savon-dalep-premium\/","og_locale":"fr_FR","og_type":"article","og_title":"SAVON D\u2019ALEP PREMIUM - Paracherkaoui.ma","og_description":"Le savon d\u2019Alep est le plus ancien savon dur au monde. C\u2019est un produit authentique, naturel, dont la fabrication artisanale","og_url":"https:\/\/paracherkaoui.ma\/index.php\/produit\/savon-dalep-premium\/","og_site_name":"Paracherkaoui.ma","article_modified_time":"2025-12-12T18:31:25+00:00","og_image":[{"width":700,"height":700,"url":"https:\/\/paracherkaoui.ma\/wp-content\/uploads\/2025\/12\/savon-dalep-savon-dalep-premium-hygiene.jpg","type":"image\/jpeg"}],"twitter_card":"summary_large_image","twitter_misc":{"Dur\u00e9e de lecture estim\u00e9e":"1 minute"},"schema":{"@context":"https:\/\/schema.org","@graph":[{"@type":"WebPage","@id":"https:\/\/paracherkaoui.ma\/index.php\/produit\/savon-dalep-premium\/","url":"https:\/\/paracherkaoui.ma\/index.php\/produit\/savon-dalep-premium\/","name":"SAVON D\u2019ALEP PREMIUM - Paracherkaoui.ma","isPartOf":{"@id":"https:\/\/paracherkaoui.ma\/#website"},"primaryImageOfPage":{"@id":"https:\/\/paracherkaoui.ma\/index.php\/produit\/savon-dalep-premium\/#primaryimage"},"image":{"@id":"https:\/\/paracherkaoui.ma\/index.php\/produit\/savon-dalep-premium\/#primaryimage"},"thumbnailUrl":"https:\/\/paracherkaoui.ma\/wp-content\/uploads\/2025\/12\/savon-dalep-savon-dalep-premium-hygiene.jpg","datePublished":"2025-12-12T18:31:23+00:00","dateModified":"2025-12-12T18:31:25+00:00","breadcrumb":{"@id":"https:\/\/paracherkaoui.ma\/index.php\/produit\/savon-dalep-premium\/#breadcrumb"},"inLanguage":"fr-FR","potentialAction":[{"@type":"ReadAction","target":["https:\/\/paracherkaoui.ma\/index.php\/produit\/savon-dalep-premium\/"]}]},{"@type":"ImageObject","inLanguage":"fr-FR","@id":"https:\/\/paracherkaoui.ma\/index.php\/produit\/savon-dalep-premium\/#primaryimage","url":"https:\/\/paracherkaoui.ma\/wp-content\/uploads\/2025\/12\/savon-dalep-savon-dalep-premium-hygiene.jpg","contentUrl":"https:\/\/paracherkaoui.ma\/wp-content\/uploads\/2025\/12\/savon-dalep-savon-dalep-premium-hygiene.jpg","width":700,"height":700},{"@type":"BreadcrumbList","@id":"https:\/\/paracherkaoui.ma\/index.php\/produit\/savon-dalep-premium\/#breadcrumb","itemListElement":[{"@type":"ListItem","position":1,"name":"Accueil","item":"https:\/\/paracherkaoui.ma\/"},{"@type":"ListItem","position":2,"name":"Boutique","item":"https:\/\/paracherkaoui.ma\/index.php\/boutique\/"},{"@type":"ListItem","position":3,"name":"SAVON D\u2019ALEP PREMIUM"}]},{"@type":"WebSite","@id":"https:\/\/paracherkaoui.ma\/#website","url":"https:\/\/paracherkaoui.ma\/","name":"Paracherkaoui.ma","description":"Achetez en ligne sur Paracherkaoui.ma","potentialAction":[{"@type":"SearchAction","target":{"@type":"EntryPoint","urlTemplate":"https:\/\/paracherkaoui.ma\/?s={search_term_string}"},"query-input":{"@type":"PropertyValueSpecification","valueRequired":true,"valueName":"search_term_string"}}],"inLanguage":"fr-FR"}]}},"_links":{"self":[{"href":"https:\/\/paracherkaoui.ma\/index.php\/wp-json\/wp\/v2\/product\/50405","targetHints":{"allow":["GET"]}}],"collection":[{"href":"https:\/\/paracherkaoui.ma\/index.php\/wp-json\/wp\/v2\/product"}],"about":[{"href":"https:\/\/paracherkaoui.ma\/index.php\/wp-json\/wp\/v2\/types\/product"}],"replies":[{"embeddable":true,"href":"https:\/\/paracherkaoui.ma\/index.php\/wp-json\/wp\/v2\/comments?post=50405"}],"version-history":[{"count":1,"href":"https:\/\/paracherkaoui.ma\/index.php\/wp-json\/wp\/v2\/product\/50405\/revisions"}],"predecessor-version":[{"id":50437,"href":"https:\/\/paracherkaoui.ma\/index.php\/wp-json\/wp\/v2\/product\/50405\/revisions\/50437"}],"wp:featuredmedia":[{"embeddable":true,"href":"https:\/\/paracherkaoui.ma\/index.php\/wp-json\/wp\/v2\/media\/50436"}],"wp:attachment":[{"href":"https:\/\/paracherkaoui.ma\/index.php\/wp-json\/wp\/v2\/media?parent=50405"}],"wp:term":[{"taxonomy":"product_brand","embeddable":true,"href":"https:\/\/paracherkaoui.ma\/index.php\/wp-json\/wp\/v2\/product_brand?post=50405"},{"taxonomy":"product_cat","embeddable":true,"href":"https:\/\/paracherkaoui.ma\/index.php\/wp-json\/wp\/v2\/product_cat?post=50405"},{"taxonomy":"product_tag","embeddable":true,"href":"https:\/\/paracherkaoui.ma\/index.php\/wp-json\/wp\/v2\/product_tag?post=50405"}],"curies":[{"name":"wp","href":"https:\/\/api.w.org\/{rel}","templated":true}]}}