{"id":50370,"date":"2025-12-12T19:31:10","date_gmt":"2025-12-12T18:31:10","guid":{"rendered":"https:\/\/test.ecbeaute.com\/?post_type=product&#038;p=50370"},"modified":"2025-12-12T19:31:12","modified_gmt":"2025-12-12T18:31:12","slug":"acm-novophane-chronic-lotion-anti-chute-100-ml-3","status":"publish","type":"product","link":"https:\/\/paracherkaoui.ma\/index.php\/produit\/acm-novophane-chronic-lotion-anti-chute-100-ml-3\/","title":{"rendered":"ACM NOVOPHANE CHRONIC LOTION ANTI CHUTE 100 ML"},"content":{"rendered":"<p>La lotion anti-chute Novophane Chronic a \u00e9t\u00e9 sp\u00e9cialement formul\u00e9e pour freiner les chutes de cheveux chroniques, d\u2019origine hormonale ou h\u00e9r\u00e9ditaire, chez l\u2019homme et la femme. Elle contient un duo d\u2018actifs innovants NovoDensyl qui va r\u00e9veiller les cellules souches du follicule pileux, favoriser un meilleur ancrage des cheveux, acc\u00e9l\u00e9rer leur repousse et augmenter leur \u00e9paisseur. D\u00e8s 6 semaines, la chute est visiblement frein\u00e9e, la croissance stimul\u00e9e. La densit\u00e9 capillaire augmente, le capital cheveux est pr\u00e9serv\u00e9. La chevelure est plus \u00e9paisse, plus r\u00e9sistante et plus brillante.<br \/>\nConseils d&rsquo;utilisation:<br \/>\nAppliquer 5 \u00e0 6 pulv\u00e9risations, 1 fois par jour, raie par raie sur les zones d\u00e9garnies sur cheveux secs ou mouill\u00e9s. Bien masser. Ne pas rincer.<br \/>\nNe pas vaporiser vers les yeux. \u00c0 utiliser en cure de 3 mois minimum.<\/p>\n","protected":false},"excerpt":{"rendered":"<p>La lotion anti-chute Novophane Chronic a \u00e9t\u00e9 sp\u00e9cialement formul\u00e9e pour freiner les chutes de cheveux chroniques, d\u2019origine hormonale ou h\u00e9r\u00e9ditaire,<\/p>\n","protected":false},"featured_media":10895,"comment_status":"open","ping_status":"closed","template":"","meta":[],"product_brand":[142],"product_cat":[940],"product_tag":[],"class_list":{"0":"post-50370","1":"product","2":"type-product","3":"status-publish","4":"has-post-thumbnail","6":"product_brand-acm","7":"product_cat-cosmetique-bio","9":"first","10":"instock","11":"sale","12":"shipping-taxable","13":"purchasable","14":"product-type-simple"},"yoast_head":"<!-- This site is optimized with the Yoast SEO plugin v26.6 - https:\/\/yoast.com\/wordpress\/plugins\/seo\/ -->\r\n<title>ACM NOVOPHANE CHRONIC LOTION ANTI CHUTE 100 ML - Paracherkaoui.ma<\/title>\r\n<meta name=\"robots\" content=\"index, follow, max-snippet:-1, max-image-preview:large, max-video-preview:-1\" \/>\r\n<link rel=\"canonical\" href=\"https:\/\/paracherkaoui.ma\/index.php\/produit\/acm-novophane-chronic-lotion-anti-chute-100-ml-3\/\" \/>\r\n<meta property=\"og:locale\" content=\"fr_FR\" \/>\r\n<meta property=\"og:type\" content=\"article\" \/>\r\n<meta property=\"og:title\" content=\"ACM NOVOPHANE CHRONIC LOTION ANTI CHUTE 100 ML - Paracherkaoui.ma\" \/>\r\n<meta property=\"og:description\" content=\"La lotion anti-chute Novophane Chronic a \u00e9t\u00e9 sp\u00e9cialement formul\u00e9e pour freiner les chutes de cheveux chroniques, d\u2019origine hormonale ou h\u00e9r\u00e9ditaire,\" \/>\r\n<meta property=\"og:url\" content=\"https:\/\/paracherkaoui.ma\/index.php\/produit\/acm-novophane-chronic-lotion-anti-chute-100-ml-3\/\" \/>\r\n<meta property=\"og:site_name\" content=\"Paracherkaoui.ma\" \/>\r\n<meta property=\"article:modified_time\" content=\"2025-12-12T18:31:12+00:00\" \/>\r\n<meta property=\"og:image\" content=\"https:\/\/paracherkaoui.ma\/wp-content\/uploads\/2025\/12\/acm-acm-novophane-chronic-lotion-anti-chute-100-ml-produits-bio-visage-et-corps.jpg\" \/>\r\n\t<meta property=\"og:image:width\" content=\"700\" \/>\r\n\t<meta property=\"og:image:height\" content=\"700\" \/>\r\n\t<meta property=\"og:image:type\" content=\"image\/jpeg\" \/>\r\n<meta name=\"twitter:card\" content=\"summary_large_image\" \/>\r\n<meta name=\"twitter:label1\" content=\"Dur\u00e9e de lecture estim\u00e9e\" \/>\n\t<meta name=\"twitter:data1\" content=\"1 minute\" \/>\r\n<script type=\"application\/ld+json\" class=\"yoast-schema-graph\">{\"@context\":\"https:\/\/schema.org\",\"@graph\":[{\"@type\":\"WebPage\",\"@id\":\"https:\/\/paracherkaoui.ma\/index.php\/produit\/acm-novophane-chronic-lotion-anti-chute-100-ml-3\/\",\"url\":\"https:\/\/paracherkaoui.ma\/index.php\/produit\/acm-novophane-chronic-lotion-anti-chute-100-ml-3\/\",\"name\":\"ACM NOVOPHANE CHRONIC LOTION ANTI CHUTE 100 ML - Paracherkaoui.ma\",\"isPartOf\":{\"@id\":\"https:\/\/paracherkaoui.ma\/#website\"},\"primaryImageOfPage\":{\"@id\":\"https:\/\/paracherkaoui.ma\/index.php\/produit\/acm-novophane-chronic-lotion-anti-chute-100-ml-3\/#primaryimage\"},\"image\":{\"@id\":\"https:\/\/paracherkaoui.ma\/index.php\/produit\/acm-novophane-chronic-lotion-anti-chute-100-ml-3\/#primaryimage\"},\"thumbnailUrl\":\"https:\/\/paracherkaoui.ma\/wp-content\/uploads\/2025\/12\/acm-acm-novophane-chronic-lotion-anti-chute-100-ml-produits-bio-visage-et-corps.jpg\",\"datePublished\":\"2025-12-12T18:31:10+00:00\",\"dateModified\":\"2025-12-12T18:31:12+00:00\",\"breadcrumb\":{\"@id\":\"https:\/\/paracherkaoui.ma\/index.php\/produit\/acm-novophane-chronic-lotion-anti-chute-100-ml-3\/#breadcrumb\"},\"inLanguage\":\"fr-FR\",\"potentialAction\":[{\"@type\":\"ReadAction\",\"target\":[\"https:\/\/paracherkaoui.ma\/index.php\/produit\/acm-novophane-chronic-lotion-anti-chute-100-ml-3\/\"]}]},{\"@type\":\"ImageObject\",\"inLanguage\":\"fr-FR\",\"@id\":\"https:\/\/paracherkaoui.ma\/index.php\/produit\/acm-novophane-chronic-lotion-anti-chute-100-ml-3\/#primaryimage\",\"url\":\"https:\/\/paracherkaoui.ma\/wp-content\/uploads\/2025\/12\/acm-acm-novophane-chronic-lotion-anti-chute-100-ml-produits-bio-visage-et-corps.jpg\",\"contentUrl\":\"https:\/\/paracherkaoui.ma\/wp-content\/uploads\/2025\/12\/acm-acm-novophane-chronic-lotion-anti-chute-100-ml-produits-bio-visage-et-corps.jpg\",\"width\":700,\"height\":700},{\"@type\":\"BreadcrumbList\",\"@id\":\"https:\/\/paracherkaoui.ma\/index.php\/produit\/acm-novophane-chronic-lotion-anti-chute-100-ml-3\/#breadcrumb\",\"itemListElement\":[{\"@type\":\"ListItem\",\"position\":1,\"name\":\"Accueil\",\"item\":\"https:\/\/paracherkaoui.ma\/\"},{\"@type\":\"ListItem\",\"position\":2,\"name\":\"Boutique\",\"item\":\"https:\/\/paracherkaoui.ma\/index.php\/boutique\/\"},{\"@type\":\"ListItem\",\"position\":3,\"name\":\"ACM NOVOPHANE CHRONIC LOTION ANTI CHUTE 100 ML\"}]},{\"@type\":\"WebSite\",\"@id\":\"https:\/\/paracherkaoui.ma\/#website\",\"url\":\"https:\/\/paracherkaoui.ma\/\",\"name\":\"Paracherkaoui.ma\",\"description\":\"Achetez en ligne sur Paracherkaoui.ma\",\"potentialAction\":[{\"@type\":\"SearchAction\",\"target\":{\"@type\":\"EntryPoint\",\"urlTemplate\":\"https:\/\/paracherkaoui.ma\/?s={search_term_string}\"},\"query-input\":{\"@type\":\"PropertyValueSpecification\",\"valueRequired\":true,\"valueName\":\"search_term_string\"}}],\"inLanguage\":\"fr-FR\"}]}<\/script>\r\n<!-- \/ Yoast SEO plugin. -->","yoast_head_json":{"title":"ACM NOVOPHANE CHRONIC LOTION ANTI CHUTE 100 ML - Paracherkaoui.ma","robots":{"index":"index","follow":"follow","max-snippet":"max-snippet:-1","max-image-preview":"max-image-preview:large","max-video-preview":"max-video-preview:-1"},"canonical":"https:\/\/paracherkaoui.ma\/index.php\/produit\/acm-novophane-chronic-lotion-anti-chute-100-ml-3\/","og_locale":"fr_FR","og_type":"article","og_title":"ACM NOVOPHANE CHRONIC LOTION ANTI CHUTE 100 ML - Paracherkaoui.ma","og_description":"La lotion anti-chute Novophane Chronic a \u00e9t\u00e9 sp\u00e9cialement formul\u00e9e pour freiner les chutes de cheveux chroniques, d\u2019origine hormonale ou h\u00e9r\u00e9ditaire,","og_url":"https:\/\/paracherkaoui.ma\/index.php\/produit\/acm-novophane-chronic-lotion-anti-chute-100-ml-3\/","og_site_name":"Paracherkaoui.ma","article_modified_time":"2025-12-12T18:31:12+00:00","og_image":[{"width":700,"height":700,"url":"https:\/\/paracherkaoui.ma\/wp-content\/uploads\/2025\/12\/acm-acm-novophane-chronic-lotion-anti-chute-100-ml-produits-bio-visage-et-corps.jpg","type":"image\/jpeg"}],"twitter_card":"summary_large_image","twitter_misc":{"Dur\u00e9e de lecture estim\u00e9e":"1 minute"},"schema":{"@context":"https:\/\/schema.org","@graph":[{"@type":"WebPage","@id":"https:\/\/paracherkaoui.ma\/index.php\/produit\/acm-novophane-chronic-lotion-anti-chute-100-ml-3\/","url":"https:\/\/paracherkaoui.ma\/index.php\/produit\/acm-novophane-chronic-lotion-anti-chute-100-ml-3\/","name":"ACM NOVOPHANE CHRONIC LOTION ANTI CHUTE 100 ML - Paracherkaoui.ma","isPartOf":{"@id":"https:\/\/paracherkaoui.ma\/#website"},"primaryImageOfPage":{"@id":"https:\/\/paracherkaoui.ma\/index.php\/produit\/acm-novophane-chronic-lotion-anti-chute-100-ml-3\/#primaryimage"},"image":{"@id":"https:\/\/paracherkaoui.ma\/index.php\/produit\/acm-novophane-chronic-lotion-anti-chute-100-ml-3\/#primaryimage"},"thumbnailUrl":"https:\/\/paracherkaoui.ma\/wp-content\/uploads\/2025\/12\/acm-acm-novophane-chronic-lotion-anti-chute-100-ml-produits-bio-visage-et-corps.jpg","datePublished":"2025-12-12T18:31:10+00:00","dateModified":"2025-12-12T18:31:12+00:00","breadcrumb":{"@id":"https:\/\/paracherkaoui.ma\/index.php\/produit\/acm-novophane-chronic-lotion-anti-chute-100-ml-3\/#breadcrumb"},"inLanguage":"fr-FR","potentialAction":[{"@type":"ReadAction","target":["https:\/\/paracherkaoui.ma\/index.php\/produit\/acm-novophane-chronic-lotion-anti-chute-100-ml-3\/"]}]},{"@type":"ImageObject","inLanguage":"fr-FR","@id":"https:\/\/paracherkaoui.ma\/index.php\/produit\/acm-novophane-chronic-lotion-anti-chute-100-ml-3\/#primaryimage","url":"https:\/\/paracherkaoui.ma\/wp-content\/uploads\/2025\/12\/acm-acm-novophane-chronic-lotion-anti-chute-100-ml-produits-bio-visage-et-corps.jpg","contentUrl":"https:\/\/paracherkaoui.ma\/wp-content\/uploads\/2025\/12\/acm-acm-novophane-chronic-lotion-anti-chute-100-ml-produits-bio-visage-et-corps.jpg","width":700,"height":700},{"@type":"BreadcrumbList","@id":"https:\/\/paracherkaoui.ma\/index.php\/produit\/acm-novophane-chronic-lotion-anti-chute-100-ml-3\/#breadcrumb","itemListElement":[{"@type":"ListItem","position":1,"name":"Accueil","item":"https:\/\/paracherkaoui.ma\/"},{"@type":"ListItem","position":2,"name":"Boutique","item":"https:\/\/paracherkaoui.ma\/index.php\/boutique\/"},{"@type":"ListItem","position":3,"name":"ACM NOVOPHANE CHRONIC LOTION ANTI CHUTE 100 ML"}]},{"@type":"WebSite","@id":"https:\/\/paracherkaoui.ma\/#website","url":"https:\/\/paracherkaoui.ma\/","name":"Paracherkaoui.ma","description":"Achetez en ligne sur Paracherkaoui.ma","potentialAction":[{"@type":"SearchAction","target":{"@type":"EntryPoint","urlTemplate":"https:\/\/paracherkaoui.ma\/?s={search_term_string}"},"query-input":{"@type":"PropertyValueSpecification","valueRequired":true,"valueName":"search_term_string"}}],"inLanguage":"fr-FR"}]}},"_links":{"self":[{"href":"https:\/\/paracherkaoui.ma\/index.php\/wp-json\/wp\/v2\/product\/50370","targetHints":{"allow":["GET"]}}],"collection":[{"href":"https:\/\/paracherkaoui.ma\/index.php\/wp-json\/wp\/v2\/product"}],"about":[{"href":"https:\/\/paracherkaoui.ma\/index.php\/wp-json\/wp\/v2\/types\/product"}],"replies":[{"embeddable":true,"href":"https:\/\/paracherkaoui.ma\/index.php\/wp-json\/wp\/v2\/comments?post=50370"}],"version-history":[{"count":1,"href":"https:\/\/paracherkaoui.ma\/index.php\/wp-json\/wp\/v2\/product\/50370\/revisions"}],"predecessor-version":[{"id":50391,"href":"https:\/\/paracherkaoui.ma\/index.php\/wp-json\/wp\/v2\/product\/50370\/revisions\/50391"}],"wp:featuredmedia":[{"embeddable":true,"href":"https:\/\/paracherkaoui.ma\/index.php\/wp-json\/wp\/v2\/media\/10895"}],"wp:attachment":[{"href":"https:\/\/paracherkaoui.ma\/index.php\/wp-json\/wp\/v2\/media?parent=50370"}],"wp:term":[{"taxonomy":"product_brand","embeddable":true,"href":"https:\/\/paracherkaoui.ma\/index.php\/wp-json\/wp\/v2\/product_brand?post=50370"},{"taxonomy":"product_cat","embeddable":true,"href":"https:\/\/paracherkaoui.ma\/index.php\/wp-json\/wp\/v2\/product_cat?post=50370"},{"taxonomy":"product_tag","embeddable":true,"href":"https:\/\/paracherkaoui.ma\/index.php\/wp-json\/wp\/v2\/product_tag?post=50370"}],"curies":[{"name":"wp","href":"https:\/\/api.w.org\/{rel}","templated":true}]}}