{"id":50365,"date":"2025-12-12T19:31:09","date_gmt":"2025-12-12T18:31:09","guid":{"rendered":"https:\/\/test.ecbeaute.com\/?post_type=product&#038;p=50365"},"modified":"2025-12-12T19:31:11","modified_gmt":"2025-12-12T18:31:11","slug":"odarym-baume-deodorant-fruits-rouges-30-ml-3","status":"publish","type":"product","link":"https:\/\/paracherkaoui.ma\/index.php\/produit\/odarym-baume-deodorant-fruits-rouges-30-ml-3\/","title":{"rendered":"ODARYM BAUME DEODORANT FRUITS ROUGES 30 ML"},"content":{"rendered":"<p>Le baume d\u00e9odorant Odarym est un d\u00e9odorant naturel \u00e0 base d\u2019oxyde de zinc, qui est un min\u00e9ral qu\u2019on retrouve dans la nature. Il neutralise efficacement les mauvaises odeurs et absorbe l\u2019exc\u00e8s de transpiration. Il p\u00e9n\u00e8tre rapidement et ne laisse pas de fini gras ou collant sur votre peau, et pas de trace sur vos habits. Efficace tout en \u00e9tant sain pour votre corps ! Sans aluminium, propyl\u00e8ne glycol, parabens, phtalates\u2026 Ni autres vilaines substances !<br \/>\nCONSEILS D&rsquo;UTILISATION:<br \/>\nS\u2019utilise sur une peau s\u00e9ch\u00e9e et propre. Avec la spatule, prendre une noisette de baume et l\u2019appliquer sous les aisselles comme avec une cr\u00e8me en massant d\u00e9licatement de fa\u00e7on \u00e0 faire p\u00e9n\u00e9trer le baume d\u00e9odorant.<br \/>\nINGREDIENTS:<br \/>\nHuile v\u00e9g\u00e9tale de coco, Argile blanche, F\u00e9cule de ma\u00efs, Oxyde de zinc, Beurre de karit\u00e9, Huile Argan, Cire d\u2019abeille, Huile essentielle d&rsquo;arbre \u00e0 th\u00e9, Huile essentielle de palmarosa<\/p>\n","protected":false},"excerpt":{"rendered":"<p>Le baume d\u00e9odorant Odarym est un d\u00e9odorant naturel \u00e0 base d\u2019oxyde de zinc, qui est un min\u00e9ral qu\u2019on retrouve dans<\/p>\n","protected":false},"featured_media":34484,"comment_status":"open","ping_status":"closed","template":"","meta":[],"product_brand":[208],"product_cat":[940],"product_tag":[],"class_list":{"0":"post-50365","1":"product","2":"type-product","3":"status-publish","4":"has-post-thumbnail","6":"product_brand-odarym","7":"product_cat-cosmetique-bio","9":"first","10":"instock","11":"shipping-taxable","12":"purchasable","13":"product-type-simple"},"yoast_head":"<!-- This site is optimized with the Yoast SEO plugin v26.6 - https:\/\/yoast.com\/wordpress\/plugins\/seo\/ -->\r\n<title>ODARYM BAUME DEODORANT FRUITS ROUGES 30 ML - Paracherkaoui.ma<\/title>\r\n<meta name=\"robots\" content=\"index, follow, max-snippet:-1, max-image-preview:large, max-video-preview:-1\" \/>\r\n<link rel=\"canonical\" href=\"https:\/\/paracherkaoui.ma\/index.php\/produit\/odarym-baume-deodorant-fruits-rouges-30-ml-3\/\" \/>\r\n<meta property=\"og:locale\" content=\"fr_FR\" \/>\r\n<meta property=\"og:type\" content=\"article\" \/>\r\n<meta property=\"og:title\" content=\"ODARYM BAUME DEODORANT FRUITS ROUGES 30 ML - Paracherkaoui.ma\" \/>\r\n<meta property=\"og:description\" content=\"Le baume d\u00e9odorant Odarym est un d\u00e9odorant naturel \u00e0 base d\u2019oxyde de zinc, qui est un min\u00e9ral qu\u2019on retrouve dans\" \/>\r\n<meta property=\"og:url\" content=\"https:\/\/paracherkaoui.ma\/index.php\/produit\/odarym-baume-deodorant-fruits-rouges-30-ml-3\/\" \/>\r\n<meta property=\"og:site_name\" content=\"Paracherkaoui.ma\" \/>\r\n<meta property=\"article:modified_time\" content=\"2025-12-12T18:31:11+00:00\" \/>\r\n<meta property=\"og:image\" content=\"https:\/\/paracherkaoui.ma\/wp-content\/uploads\/2025\/12\/odarym-odarym-baume-deodorant-fruits-rouges-30-ml-anti-transpirants.jpg\" \/>\r\n\t<meta property=\"og:image:width\" content=\"700\" \/>\r\n\t<meta property=\"og:image:height\" content=\"700\" \/>\r\n\t<meta property=\"og:image:type\" content=\"image\/jpeg\" \/>\r\n<meta name=\"twitter:card\" content=\"summary_large_image\" \/>\r\n<meta name=\"twitter:label1\" content=\"Dur\u00e9e de lecture estim\u00e9e\" \/>\n\t<meta name=\"twitter:data1\" content=\"1 minute\" \/>\r\n<script type=\"application\/ld+json\" class=\"yoast-schema-graph\">{\"@context\":\"https:\/\/schema.org\",\"@graph\":[{\"@type\":\"WebPage\",\"@id\":\"https:\/\/paracherkaoui.ma\/index.php\/produit\/odarym-baume-deodorant-fruits-rouges-30-ml-3\/\",\"url\":\"https:\/\/paracherkaoui.ma\/index.php\/produit\/odarym-baume-deodorant-fruits-rouges-30-ml-3\/\",\"name\":\"ODARYM BAUME DEODORANT FRUITS ROUGES 30 ML - Paracherkaoui.ma\",\"isPartOf\":{\"@id\":\"https:\/\/paracherkaoui.ma\/#website\"},\"primaryImageOfPage\":{\"@id\":\"https:\/\/paracherkaoui.ma\/index.php\/produit\/odarym-baume-deodorant-fruits-rouges-30-ml-3\/#primaryimage\"},\"image\":{\"@id\":\"https:\/\/paracherkaoui.ma\/index.php\/produit\/odarym-baume-deodorant-fruits-rouges-30-ml-3\/#primaryimage\"},\"thumbnailUrl\":\"https:\/\/paracherkaoui.ma\/wp-content\/uploads\/2025\/12\/odarym-odarym-baume-deodorant-fruits-rouges-30-ml-anti-transpirants.jpg\",\"datePublished\":\"2025-12-12T18:31:09+00:00\",\"dateModified\":\"2025-12-12T18:31:11+00:00\",\"breadcrumb\":{\"@id\":\"https:\/\/paracherkaoui.ma\/index.php\/produit\/odarym-baume-deodorant-fruits-rouges-30-ml-3\/#breadcrumb\"},\"inLanguage\":\"fr-FR\",\"potentialAction\":[{\"@type\":\"ReadAction\",\"target\":[\"https:\/\/paracherkaoui.ma\/index.php\/produit\/odarym-baume-deodorant-fruits-rouges-30-ml-3\/\"]}]},{\"@type\":\"ImageObject\",\"inLanguage\":\"fr-FR\",\"@id\":\"https:\/\/paracherkaoui.ma\/index.php\/produit\/odarym-baume-deodorant-fruits-rouges-30-ml-3\/#primaryimage\",\"url\":\"https:\/\/paracherkaoui.ma\/wp-content\/uploads\/2025\/12\/odarym-odarym-baume-deodorant-fruits-rouges-30-ml-anti-transpirants.jpg\",\"contentUrl\":\"https:\/\/paracherkaoui.ma\/wp-content\/uploads\/2025\/12\/odarym-odarym-baume-deodorant-fruits-rouges-30-ml-anti-transpirants.jpg\",\"width\":700,\"height\":700},{\"@type\":\"BreadcrumbList\",\"@id\":\"https:\/\/paracherkaoui.ma\/index.php\/produit\/odarym-baume-deodorant-fruits-rouges-30-ml-3\/#breadcrumb\",\"itemListElement\":[{\"@type\":\"ListItem\",\"position\":1,\"name\":\"Accueil\",\"item\":\"https:\/\/paracherkaoui.ma\/\"},{\"@type\":\"ListItem\",\"position\":2,\"name\":\"Boutique\",\"item\":\"https:\/\/paracherkaoui.ma\/index.php\/boutique\/\"},{\"@type\":\"ListItem\",\"position\":3,\"name\":\"ODARYM BAUME DEODORANT FRUITS ROUGES 30 ML\"}]},{\"@type\":\"WebSite\",\"@id\":\"https:\/\/paracherkaoui.ma\/#website\",\"url\":\"https:\/\/paracherkaoui.ma\/\",\"name\":\"Paracherkaoui.ma\",\"description\":\"Achetez en ligne sur Paracherkaoui.ma\",\"potentialAction\":[{\"@type\":\"SearchAction\",\"target\":{\"@type\":\"EntryPoint\",\"urlTemplate\":\"https:\/\/paracherkaoui.ma\/?s={search_term_string}\"},\"query-input\":{\"@type\":\"PropertyValueSpecification\",\"valueRequired\":true,\"valueName\":\"search_term_string\"}}],\"inLanguage\":\"fr-FR\"}]}<\/script>\r\n<!-- \/ Yoast SEO plugin. -->","yoast_head_json":{"title":"ODARYM BAUME DEODORANT FRUITS ROUGES 30 ML - Paracherkaoui.ma","robots":{"index":"index","follow":"follow","max-snippet":"max-snippet:-1","max-image-preview":"max-image-preview:large","max-video-preview":"max-video-preview:-1"},"canonical":"https:\/\/paracherkaoui.ma\/index.php\/produit\/odarym-baume-deodorant-fruits-rouges-30-ml-3\/","og_locale":"fr_FR","og_type":"article","og_title":"ODARYM BAUME DEODORANT FRUITS ROUGES 30 ML - Paracherkaoui.ma","og_description":"Le baume d\u00e9odorant Odarym est un d\u00e9odorant naturel \u00e0 base d\u2019oxyde de zinc, qui est un min\u00e9ral qu\u2019on retrouve dans","og_url":"https:\/\/paracherkaoui.ma\/index.php\/produit\/odarym-baume-deodorant-fruits-rouges-30-ml-3\/","og_site_name":"Paracherkaoui.ma","article_modified_time":"2025-12-12T18:31:11+00:00","og_image":[{"width":700,"height":700,"url":"https:\/\/paracherkaoui.ma\/wp-content\/uploads\/2025\/12\/odarym-odarym-baume-deodorant-fruits-rouges-30-ml-anti-transpirants.jpg","type":"image\/jpeg"}],"twitter_card":"summary_large_image","twitter_misc":{"Dur\u00e9e de lecture estim\u00e9e":"1 minute"},"schema":{"@context":"https:\/\/schema.org","@graph":[{"@type":"WebPage","@id":"https:\/\/paracherkaoui.ma\/index.php\/produit\/odarym-baume-deodorant-fruits-rouges-30-ml-3\/","url":"https:\/\/paracherkaoui.ma\/index.php\/produit\/odarym-baume-deodorant-fruits-rouges-30-ml-3\/","name":"ODARYM BAUME DEODORANT FRUITS ROUGES 30 ML - Paracherkaoui.ma","isPartOf":{"@id":"https:\/\/paracherkaoui.ma\/#website"},"primaryImageOfPage":{"@id":"https:\/\/paracherkaoui.ma\/index.php\/produit\/odarym-baume-deodorant-fruits-rouges-30-ml-3\/#primaryimage"},"image":{"@id":"https:\/\/paracherkaoui.ma\/index.php\/produit\/odarym-baume-deodorant-fruits-rouges-30-ml-3\/#primaryimage"},"thumbnailUrl":"https:\/\/paracherkaoui.ma\/wp-content\/uploads\/2025\/12\/odarym-odarym-baume-deodorant-fruits-rouges-30-ml-anti-transpirants.jpg","datePublished":"2025-12-12T18:31:09+00:00","dateModified":"2025-12-12T18:31:11+00:00","breadcrumb":{"@id":"https:\/\/paracherkaoui.ma\/index.php\/produit\/odarym-baume-deodorant-fruits-rouges-30-ml-3\/#breadcrumb"},"inLanguage":"fr-FR","potentialAction":[{"@type":"ReadAction","target":["https:\/\/paracherkaoui.ma\/index.php\/produit\/odarym-baume-deodorant-fruits-rouges-30-ml-3\/"]}]},{"@type":"ImageObject","inLanguage":"fr-FR","@id":"https:\/\/paracherkaoui.ma\/index.php\/produit\/odarym-baume-deodorant-fruits-rouges-30-ml-3\/#primaryimage","url":"https:\/\/paracherkaoui.ma\/wp-content\/uploads\/2025\/12\/odarym-odarym-baume-deodorant-fruits-rouges-30-ml-anti-transpirants.jpg","contentUrl":"https:\/\/paracherkaoui.ma\/wp-content\/uploads\/2025\/12\/odarym-odarym-baume-deodorant-fruits-rouges-30-ml-anti-transpirants.jpg","width":700,"height":700},{"@type":"BreadcrumbList","@id":"https:\/\/paracherkaoui.ma\/index.php\/produit\/odarym-baume-deodorant-fruits-rouges-30-ml-3\/#breadcrumb","itemListElement":[{"@type":"ListItem","position":1,"name":"Accueil","item":"https:\/\/paracherkaoui.ma\/"},{"@type":"ListItem","position":2,"name":"Boutique","item":"https:\/\/paracherkaoui.ma\/index.php\/boutique\/"},{"@type":"ListItem","position":3,"name":"ODARYM BAUME DEODORANT FRUITS ROUGES 30 ML"}]},{"@type":"WebSite","@id":"https:\/\/paracherkaoui.ma\/#website","url":"https:\/\/paracherkaoui.ma\/","name":"Paracherkaoui.ma","description":"Achetez en ligne sur Paracherkaoui.ma","potentialAction":[{"@type":"SearchAction","target":{"@type":"EntryPoint","urlTemplate":"https:\/\/paracherkaoui.ma\/?s={search_term_string}"},"query-input":{"@type":"PropertyValueSpecification","valueRequired":true,"valueName":"search_term_string"}}],"inLanguage":"fr-FR"}]}},"_links":{"self":[{"href":"https:\/\/paracherkaoui.ma\/index.php\/wp-json\/wp\/v2\/product\/50365","targetHints":{"allow":["GET"]}}],"collection":[{"href":"https:\/\/paracherkaoui.ma\/index.php\/wp-json\/wp\/v2\/product"}],"about":[{"href":"https:\/\/paracherkaoui.ma\/index.php\/wp-json\/wp\/v2\/types\/product"}],"replies":[{"embeddable":true,"href":"https:\/\/paracherkaoui.ma\/index.php\/wp-json\/wp\/v2\/comments?post=50365"}],"version-history":[{"count":1,"href":"https:\/\/paracherkaoui.ma\/index.php\/wp-json\/wp\/v2\/product\/50365\/revisions"}],"predecessor-version":[{"id":50385,"href":"https:\/\/paracherkaoui.ma\/index.php\/wp-json\/wp\/v2\/product\/50365\/revisions\/50385"}],"wp:featuredmedia":[{"embeddable":true,"href":"https:\/\/paracherkaoui.ma\/index.php\/wp-json\/wp\/v2\/media\/34484"}],"wp:attachment":[{"href":"https:\/\/paracherkaoui.ma\/index.php\/wp-json\/wp\/v2\/media?parent=50365"}],"wp:term":[{"taxonomy":"product_brand","embeddable":true,"href":"https:\/\/paracherkaoui.ma\/index.php\/wp-json\/wp\/v2\/product_brand?post=50365"},{"taxonomy":"product_cat","embeddable":true,"href":"https:\/\/paracherkaoui.ma\/index.php\/wp-json\/wp\/v2\/product_cat?post=50365"},{"taxonomy":"product_tag","embeddable":true,"href":"https:\/\/paracherkaoui.ma\/index.php\/wp-json\/wp\/v2\/product_tag?post=50365"}],"curies":[{"name":"wp","href":"https:\/\/api.w.org\/{rel}","templated":true}]}}