{"id":50363,"date":"2025-12-12T19:31:09","date_gmt":"2025-12-12T18:31:09","guid":{"rendered":"https:\/\/test.ecbeaute.com\/?post_type=product&#038;p=50363"},"modified":"2025-12-12T19:31:11","modified_gmt":"2025-12-12T18:31:11","slug":"so-bio-homme-deodorant-24h-cedre-bio-50-ml-3","status":"publish","type":"product","link":"https:\/\/paracherkaoui.ma\/index.php\/produit\/so-bio-homme-deodorant-24h-cedre-bio-50-ml-3\/","title":{"rendered":"SO BIO HOMME DEODORANT 24H CEDRE BIO 50 ML"},"content":{"rendered":"<p>Avec le d\u00e9odorant So&rsquo;Bio Homme 24h C\u00e8dre Bio 50ml, prenez soin de votre peau tout en restant frais toute la journ\u00e9e ! Enrichi en huiles essentielles de c\u00e8dre bio et compos\u00e9 \u00e0 99 % d\u2019ingr\u00e9dients d&rsquo;origine naturelle, ce d\u00e9odorant est votre meilleur alli\u00e9 contre les odeurs corporelles. Gr\u00e2ce \u00e0 ses poudres absorbantes d&rsquo;origine naturelle, il garantit une protection durable sans entraver le processus naturel de transpiration.<br \/>\nContrairement aux d\u00e9odorants conventionnels, So&rsquo;Bio Homme D\u00e9odorant 24h est formul\u00e9 sans sels d&rsquo;aluminium, sans parabens ni alcool, assurant ainsi une tol\u00e9rance optimale pour tous les types de peaux, m\u00eame les plus sensibles. Son parfum bois\u00e9 de c\u00e8dre vous procure une sensation de fra\u00eecheur intense tout au long de la journ\u00e9e, tout en respectant votre peau et l\u2019environnement.<br \/>\nTest\u00e9 dermatologiquement, il s\u2019int\u00e8gre parfaitement \u00e0 une routine de soins naturels pour l\u2019homme moderne qui souhaite rester frais tout en utilisant des produits \u00e9co-responsables. Son format compact de 50 ml est id\u00e9al pour l\u2019emporter partout, afin d\u2019assurer une protection fiable \u00e0 chaque instant.<br \/>\nDites adieu aux mauvaises odeurs et aux sensations d\u2019inconfort gr\u00e2ce \u00e0 ce d\u00e9odorant qui respecte votre peau et la plan\u00e8te !<br \/>\nConseils d&rsquo;utilisation :<br \/>\nAppliquez sur une peau propre et s\u00e8che.<br \/>\nComposition :<br \/>\nAqua\/Water\/Eau, Caprylic\/Capric Triglyceride, Talc, Saccharomyces Ferment, Polyglyceryl-6 Stearate, Parfum (Fragrance), Microcrystalline Cellulose, Propanediol, Sodium Levulinate, Citric Acid, Cellulose Gum, Polyglyceryl-6 Behenate, Sodium Hydroxide, Glycerin, Aloe Barbadensis Leaf Juice Powder**, Sclerotium Gum, Glyceryl Caprylate, Sodium Benzoate, Pogostemon Cablin (Patchouli) Oil**, Lactobacillus Ferment, Leuconostoc\/Radish Root Ferment Filtrate, Limonene, Cedrus Atlantica Bark Oil**, Linalool, Decyl Glucoside, Silver Citrate, Lactic Acid<\/p>\n","protected":false},"excerpt":{"rendered":"<p>Avec le d\u00e9odorant So&rsquo;Bio Homme 24h C\u00e8dre Bio 50ml, prenez soin de votre peau tout en restant frais toute la<\/p>\n","protected":false},"featured_media":34550,"comment_status":"open","ping_status":"closed","template":"","meta":[],"product_brand":[212],"product_cat":[940],"product_tag":[],"class_list":{"0":"post-50363","1":"product","2":"type-product","3":"status-publish","4":"has-post-thumbnail","6":"product_brand-so-bio","7":"product_cat-cosmetique-bio","9":"first","10":"instock","11":"shipping-taxable","12":"purchasable","13":"product-type-simple"},"yoast_head":"<!-- This site is optimized with the Yoast SEO plugin v26.6 - https:\/\/yoast.com\/wordpress\/plugins\/seo\/ -->\r\n<title>SO BIO HOMME DEODORANT 24H CEDRE BIO 50 ML - Paracherkaoui.ma<\/title>\r\n<meta name=\"robots\" content=\"index, follow, max-snippet:-1, max-image-preview:large, max-video-preview:-1\" \/>\r\n<link rel=\"canonical\" href=\"https:\/\/paracherkaoui.ma\/index.php\/produit\/so-bio-homme-deodorant-24h-cedre-bio-50-ml-3\/\" \/>\r\n<meta property=\"og:locale\" content=\"fr_FR\" \/>\r\n<meta property=\"og:type\" content=\"article\" \/>\r\n<meta property=\"og:title\" content=\"SO BIO HOMME DEODORANT 24H CEDRE BIO 50 ML - Paracherkaoui.ma\" \/>\r\n<meta property=\"og:description\" content=\"Avec le d\u00e9odorant So&rsquo;Bio Homme 24h C\u00e8dre Bio 50ml, prenez soin de votre peau tout en restant frais toute la\" \/>\r\n<meta property=\"og:url\" content=\"https:\/\/paracherkaoui.ma\/index.php\/produit\/so-bio-homme-deodorant-24h-cedre-bio-50-ml-3\/\" \/>\r\n<meta property=\"og:site_name\" content=\"Paracherkaoui.ma\" \/>\r\n<meta property=\"article:modified_time\" content=\"2025-12-12T18:31:11+00:00\" \/>\r\n<meta property=\"og:image\" content=\"https:\/\/paracherkaoui.ma\/wp-content\/uploads\/2025\/12\/so-bio-so-bio-homme-deodorant-24h-cedre-bio-50-ml-hygiene-homme.jpg\" \/>\r\n\t<meta property=\"og:image:width\" content=\"700\" \/>\r\n\t<meta property=\"og:image:height\" content=\"700\" \/>\r\n\t<meta property=\"og:image:type\" content=\"image\/jpeg\" \/>\r\n<meta name=\"twitter:card\" content=\"summary_large_image\" \/>\r\n<meta name=\"twitter:label1\" content=\"Dur\u00e9e de lecture estim\u00e9e\" \/>\n\t<meta name=\"twitter:data1\" content=\"1 minute\" \/>\r\n<script type=\"application\/ld+json\" class=\"yoast-schema-graph\">{\"@context\":\"https:\/\/schema.org\",\"@graph\":[{\"@type\":\"WebPage\",\"@id\":\"https:\/\/paracherkaoui.ma\/index.php\/produit\/so-bio-homme-deodorant-24h-cedre-bio-50-ml-3\/\",\"url\":\"https:\/\/paracherkaoui.ma\/index.php\/produit\/so-bio-homme-deodorant-24h-cedre-bio-50-ml-3\/\",\"name\":\"SO BIO HOMME DEODORANT 24H CEDRE BIO 50 ML - Paracherkaoui.ma\",\"isPartOf\":{\"@id\":\"https:\/\/paracherkaoui.ma\/#website\"},\"primaryImageOfPage\":{\"@id\":\"https:\/\/paracherkaoui.ma\/index.php\/produit\/so-bio-homme-deodorant-24h-cedre-bio-50-ml-3\/#primaryimage\"},\"image\":{\"@id\":\"https:\/\/paracherkaoui.ma\/index.php\/produit\/so-bio-homme-deodorant-24h-cedre-bio-50-ml-3\/#primaryimage\"},\"thumbnailUrl\":\"https:\/\/paracherkaoui.ma\/wp-content\/uploads\/2025\/12\/so-bio-so-bio-homme-deodorant-24h-cedre-bio-50-ml-hygiene-homme.jpg\",\"datePublished\":\"2025-12-12T18:31:09+00:00\",\"dateModified\":\"2025-12-12T18:31:11+00:00\",\"breadcrumb\":{\"@id\":\"https:\/\/paracherkaoui.ma\/index.php\/produit\/so-bio-homme-deodorant-24h-cedre-bio-50-ml-3\/#breadcrumb\"},\"inLanguage\":\"fr-FR\",\"potentialAction\":[{\"@type\":\"ReadAction\",\"target\":[\"https:\/\/paracherkaoui.ma\/index.php\/produit\/so-bio-homme-deodorant-24h-cedre-bio-50-ml-3\/\"]}]},{\"@type\":\"ImageObject\",\"inLanguage\":\"fr-FR\",\"@id\":\"https:\/\/paracherkaoui.ma\/index.php\/produit\/so-bio-homme-deodorant-24h-cedre-bio-50-ml-3\/#primaryimage\",\"url\":\"https:\/\/paracherkaoui.ma\/wp-content\/uploads\/2025\/12\/so-bio-so-bio-homme-deodorant-24h-cedre-bio-50-ml-hygiene-homme.jpg\",\"contentUrl\":\"https:\/\/paracherkaoui.ma\/wp-content\/uploads\/2025\/12\/so-bio-so-bio-homme-deodorant-24h-cedre-bio-50-ml-hygiene-homme.jpg\",\"width\":700,\"height\":700},{\"@type\":\"BreadcrumbList\",\"@id\":\"https:\/\/paracherkaoui.ma\/index.php\/produit\/so-bio-homme-deodorant-24h-cedre-bio-50-ml-3\/#breadcrumb\",\"itemListElement\":[{\"@type\":\"ListItem\",\"position\":1,\"name\":\"Accueil\",\"item\":\"https:\/\/paracherkaoui.ma\/\"},{\"@type\":\"ListItem\",\"position\":2,\"name\":\"Boutique\",\"item\":\"https:\/\/paracherkaoui.ma\/index.php\/boutique\/\"},{\"@type\":\"ListItem\",\"position\":3,\"name\":\"SO BIO HOMME DEODORANT 24H CEDRE BIO 50 ML\"}]},{\"@type\":\"WebSite\",\"@id\":\"https:\/\/paracherkaoui.ma\/#website\",\"url\":\"https:\/\/paracherkaoui.ma\/\",\"name\":\"Paracherkaoui.ma\",\"description\":\"Achetez en ligne sur Paracherkaoui.ma\",\"potentialAction\":[{\"@type\":\"SearchAction\",\"target\":{\"@type\":\"EntryPoint\",\"urlTemplate\":\"https:\/\/paracherkaoui.ma\/?s={search_term_string}\"},\"query-input\":{\"@type\":\"PropertyValueSpecification\",\"valueRequired\":true,\"valueName\":\"search_term_string\"}}],\"inLanguage\":\"fr-FR\"}]}<\/script>\r\n<!-- \/ Yoast SEO plugin. -->","yoast_head_json":{"title":"SO BIO HOMME DEODORANT 24H CEDRE BIO 50 ML - Paracherkaoui.ma","robots":{"index":"index","follow":"follow","max-snippet":"max-snippet:-1","max-image-preview":"max-image-preview:large","max-video-preview":"max-video-preview:-1"},"canonical":"https:\/\/paracherkaoui.ma\/index.php\/produit\/so-bio-homme-deodorant-24h-cedre-bio-50-ml-3\/","og_locale":"fr_FR","og_type":"article","og_title":"SO BIO HOMME DEODORANT 24H CEDRE BIO 50 ML - Paracherkaoui.ma","og_description":"Avec le d\u00e9odorant So&rsquo;Bio Homme 24h C\u00e8dre Bio 50ml, prenez soin de votre peau tout en restant frais toute la","og_url":"https:\/\/paracherkaoui.ma\/index.php\/produit\/so-bio-homme-deodorant-24h-cedre-bio-50-ml-3\/","og_site_name":"Paracherkaoui.ma","article_modified_time":"2025-12-12T18:31:11+00:00","og_image":[{"width":700,"height":700,"url":"https:\/\/paracherkaoui.ma\/wp-content\/uploads\/2025\/12\/so-bio-so-bio-homme-deodorant-24h-cedre-bio-50-ml-hygiene-homme.jpg","type":"image\/jpeg"}],"twitter_card":"summary_large_image","twitter_misc":{"Dur\u00e9e de lecture estim\u00e9e":"1 minute"},"schema":{"@context":"https:\/\/schema.org","@graph":[{"@type":"WebPage","@id":"https:\/\/paracherkaoui.ma\/index.php\/produit\/so-bio-homme-deodorant-24h-cedre-bio-50-ml-3\/","url":"https:\/\/paracherkaoui.ma\/index.php\/produit\/so-bio-homme-deodorant-24h-cedre-bio-50-ml-3\/","name":"SO BIO HOMME DEODORANT 24H CEDRE BIO 50 ML - Paracherkaoui.ma","isPartOf":{"@id":"https:\/\/paracherkaoui.ma\/#website"},"primaryImageOfPage":{"@id":"https:\/\/paracherkaoui.ma\/index.php\/produit\/so-bio-homme-deodorant-24h-cedre-bio-50-ml-3\/#primaryimage"},"image":{"@id":"https:\/\/paracherkaoui.ma\/index.php\/produit\/so-bio-homme-deodorant-24h-cedre-bio-50-ml-3\/#primaryimage"},"thumbnailUrl":"https:\/\/paracherkaoui.ma\/wp-content\/uploads\/2025\/12\/so-bio-so-bio-homme-deodorant-24h-cedre-bio-50-ml-hygiene-homme.jpg","datePublished":"2025-12-12T18:31:09+00:00","dateModified":"2025-12-12T18:31:11+00:00","breadcrumb":{"@id":"https:\/\/paracherkaoui.ma\/index.php\/produit\/so-bio-homme-deodorant-24h-cedre-bio-50-ml-3\/#breadcrumb"},"inLanguage":"fr-FR","potentialAction":[{"@type":"ReadAction","target":["https:\/\/paracherkaoui.ma\/index.php\/produit\/so-bio-homme-deodorant-24h-cedre-bio-50-ml-3\/"]}]},{"@type":"ImageObject","inLanguage":"fr-FR","@id":"https:\/\/paracherkaoui.ma\/index.php\/produit\/so-bio-homme-deodorant-24h-cedre-bio-50-ml-3\/#primaryimage","url":"https:\/\/paracherkaoui.ma\/wp-content\/uploads\/2025\/12\/so-bio-so-bio-homme-deodorant-24h-cedre-bio-50-ml-hygiene-homme.jpg","contentUrl":"https:\/\/paracherkaoui.ma\/wp-content\/uploads\/2025\/12\/so-bio-so-bio-homme-deodorant-24h-cedre-bio-50-ml-hygiene-homme.jpg","width":700,"height":700},{"@type":"BreadcrumbList","@id":"https:\/\/paracherkaoui.ma\/index.php\/produit\/so-bio-homme-deodorant-24h-cedre-bio-50-ml-3\/#breadcrumb","itemListElement":[{"@type":"ListItem","position":1,"name":"Accueil","item":"https:\/\/paracherkaoui.ma\/"},{"@type":"ListItem","position":2,"name":"Boutique","item":"https:\/\/paracherkaoui.ma\/index.php\/boutique\/"},{"@type":"ListItem","position":3,"name":"SO BIO HOMME DEODORANT 24H CEDRE BIO 50 ML"}]},{"@type":"WebSite","@id":"https:\/\/paracherkaoui.ma\/#website","url":"https:\/\/paracherkaoui.ma\/","name":"Paracherkaoui.ma","description":"Achetez en ligne sur Paracherkaoui.ma","potentialAction":[{"@type":"SearchAction","target":{"@type":"EntryPoint","urlTemplate":"https:\/\/paracherkaoui.ma\/?s={search_term_string}"},"query-input":{"@type":"PropertyValueSpecification","valueRequired":true,"valueName":"search_term_string"}}],"inLanguage":"fr-FR"}]}},"_links":{"self":[{"href":"https:\/\/paracherkaoui.ma\/index.php\/wp-json\/wp\/v2\/product\/50363","targetHints":{"allow":["GET"]}}],"collection":[{"href":"https:\/\/paracherkaoui.ma\/index.php\/wp-json\/wp\/v2\/product"}],"about":[{"href":"https:\/\/paracherkaoui.ma\/index.php\/wp-json\/wp\/v2\/types\/product"}],"replies":[{"embeddable":true,"href":"https:\/\/paracherkaoui.ma\/index.php\/wp-json\/wp\/v2\/comments?post=50363"}],"version-history":[{"count":1,"href":"https:\/\/paracherkaoui.ma\/index.php\/wp-json\/wp\/v2\/product\/50363\/revisions"}],"predecessor-version":[{"id":50383,"href":"https:\/\/paracherkaoui.ma\/index.php\/wp-json\/wp\/v2\/product\/50363\/revisions\/50383"}],"wp:featuredmedia":[{"embeddable":true,"href":"https:\/\/paracherkaoui.ma\/index.php\/wp-json\/wp\/v2\/media\/34550"}],"wp:attachment":[{"href":"https:\/\/paracherkaoui.ma\/index.php\/wp-json\/wp\/v2\/media?parent=50363"}],"wp:term":[{"taxonomy":"product_brand","embeddable":true,"href":"https:\/\/paracherkaoui.ma\/index.php\/wp-json\/wp\/v2\/product_brand?post=50363"},{"taxonomy":"product_cat","embeddable":true,"href":"https:\/\/paracherkaoui.ma\/index.php\/wp-json\/wp\/v2\/product_cat?post=50363"},{"taxonomy":"product_tag","embeddable":true,"href":"https:\/\/paracherkaoui.ma\/index.php\/wp-json\/wp\/v2\/product_tag?post=50363"}],"curies":[{"name":"wp","href":"https:\/\/api.w.org\/{rel}","templated":true}]}}