{"id":50362,"date":"2025-12-12T19:31:09","date_gmt":"2025-12-12T18:31:09","guid":{"rendered":"https:\/\/test.ecbeaute.com\/?post_type=product&#038;p=50362"},"modified":"2025-12-12T19:31:11","modified_gmt":"2025-12-12T18:31:11","slug":"so-bio-lumilys-c-anti-taches-expert-soin-unifiant-jour-50-ml-2","status":"publish","type":"product","link":"https:\/\/paracherkaoui.ma\/index.php\/produit\/so-bio-lumilys-c-anti-taches-expert-soin-unifiant-jour-50-ml-2\/","title":{"rendered":"SO BIO LUMILYS C ANTI TACHES EXPERT SOIN UNIFIANT JOUR 50 ML"},"content":{"rendered":"<p>Le Soin Unifiant Jour Anti-Taches Expert LUMI&rsquo;LYS [C] 50 ml de SO&rsquo;BIO \u00e9tic est l&rsquo;alli\u00e9 indispensable pour celles et ceux qui souhaitent dire adieu aux taches pigmentaires et retrouver un teint \u00e9clatant. Con\u00e7u pour agir sur tous les types de taches (\u00e2ge, soleil, acn\u00e9, m\u00e9lasma), ce soin quotidien unifie le teint et pr\u00e9vient efficacement l&rsquo;apparition de nouvelles imperfections.<br \/>\nCe soin innovant se distingue par sa formule hautement concentr\u00e9e en trois actifs puissants qui agissent directement sur la m\u00e9lanine, la mol\u00e9cule responsable de la pigmentation irr\u00e9guli\u00e8re de la peau. Gr\u00e2ce \u00e0 l&rsquo;action combin\u00e9e de la vitamine C stabilis\u00e9e, qui illumine et redonne de l&rsquo;\u00e9clat au teint, et du complexe M\u00e9lanCorrect\u2122, qui att\u00e9nue visiblement les taches existantes, ce soin offre une solution compl\u00e8te pour une peau plus uniforme et lumineuse.<br \/>\nD\u00e8s 4 semaines, vous verrez des r\u00e9sultats visibles : vos taches sont r\u00e9duites et votre peau est plus \u00e9clatante. Apr\u00e8s 8 semaines, 95 % des femmes constatent une nette r\u00e9duction de la visibilit\u00e9 des taches, selon des \u00e9tudes cliniques. Le Soin Unifiant Jour LUMI&rsquo;LYS [C] est une solution douce mais efficace, adapt\u00e9e \u00e0 tous les types de peau, m\u00eame les plus sensibles.<br \/>\nConseils d&rsquo;utilisation :<br \/>\nAppliquez chaque matin sur une peau propre et s\u00e8che, apr\u00e8s votre s\u00e9rum habituel.<br \/>\nMassez d\u00e9licatement sur le visage et le cou, en \u00e9vitant le contour des yeux.<br \/>\nUtilisez quotidiennement pendant 8 semaines pour des r\u00e9sultats optimaux.<br \/>\nComposition :<br \/>\nAQUA\/WATER\/EAU : Eau purifi\u00e9e<br \/>\nHAMAMELIS VIRGIANA (WITCH HAZEL) LEAF WATER* : Eau florale d&rsquo;Hamam\u00e9lis bio unifiante(1), adoucissante(1)<br \/>\nGLYCERIN : Humectant d&rsquo;origine naturelle<br \/>\nCAPRYLIC\/CAPRIC TRIGLYCERIDE\/COCO-CAPRYLATE\/CAPRATE : Emolients d&rsquo;origine naturelle<br \/>\nGLYCERYL STEARATE CITRATE : Emulsionnant d&rsquo;origine naturelle<br \/>\nDICAPRYLYL ETHER, OCTYLDODECANOL : \u00c9mollients d&rsquo;origine naturelle<br \/>\nASCORBYL GLUCOSIDE : Vitamine C stabilis\u00e9e d&rsquo;origine naturelle, anti-Taches(1), \u00e9clat(1)<br \/>\nPENTYLENE GLYCOL : Humectant d&rsquo;origine naturelle<br \/>\nARGININE : Acide amin\u00e9 unifiant(1), raffermissant(1)<br \/>\nBEHENYL ALCOHOL, HYDROGENATED OLIVE OIL DECYL ESTERS, C12-16 ALCOHOLS : Agents de consistance, d&rsquo;origine naturelle<br \/>\nLILIUM CANDIDUM FLOWER EXTRACT, LILIUM CANDIDUM BULB EXTRACT* : Extrait de Lys blanc unifiant(1), \u00e9clat(1)<br \/>\nCYSTOSEIRA TAMARISCIFOLIA EXTRACT : Extrait d&rsquo;Algue iridescente anti-Taches(1),unifiant(1)<br \/>\nRICINUS COMMUNIS (CASTOR) SEED OIL* : Huile de Ricin bio<br \/>\nHELIANTHUS ANNUUS (SUNFLOWER) SEED OIL : Huile de Tournesol<br \/>\nTOCOPHEROL : Vitamine E d&rsquo;origine naturelle antioxydante(1)<br \/>\nLAUROYL LYSINE : Poudre de toucher d&rsquo;origine naturelle<br \/>\nJOJOBA ESTERS, HYDROGENATED COCONUT OIL : \u00c9mollients d&rsquo;origine naturelle<br \/>\nCHONDRUS CRISPUS (CARRAGEENAN) EXTRACT, XANTHAN GUM,SCLEROTIUM GUM, BENTONITE : G\u00e9lifiants d&rsquo;origine naturelle<br \/>\nHYDROGENATED LECITHIN, SODIUM STEAROYL GLUTAMATE : \u00c9mulsionnants d&rsquo;origine naturelle<\/p>\n","protected":false},"excerpt":{"rendered":"<p>Le Soin Unifiant Jour Anti-Taches Expert LUMI&rsquo;LYS [C] 50 ml de SO&rsquo;BIO \u00e9tic est l&rsquo;alli\u00e9 indispensable pour celles et ceux<\/p>\n","protected":false},"featured_media":30355,"comment_status":"open","ping_status":"closed","template":"","meta":[],"product_brand":[212],"product_cat":[940],"product_tag":[],"class_list":{"0":"post-50362","1":"product","2":"type-product","3":"status-publish","4":"has-post-thumbnail","6":"product_brand-so-bio","7":"product_cat-cosmetique-bio","9":"first","10":"instock","11":"shipping-taxable","12":"purchasable","13":"product-type-simple"},"yoast_head":"<!-- This site is optimized with the Yoast SEO plugin v26.6 - https:\/\/yoast.com\/wordpress\/plugins\/seo\/ -->\r\n<title>SO BIO LUMILYS C ANTI TACHES EXPERT SOIN UNIFIANT JOUR 50 ML - Paracherkaoui.ma<\/title>\r\n<meta name=\"robots\" content=\"index, follow, max-snippet:-1, max-image-preview:large, max-video-preview:-1\" \/>\r\n<link rel=\"canonical\" href=\"https:\/\/paracherkaoui.ma\/index.php\/produit\/so-bio-lumilys-c-anti-taches-expert-soin-unifiant-jour-50-ml-2\/\" \/>\r\n<meta property=\"og:locale\" content=\"fr_FR\" \/>\r\n<meta property=\"og:type\" content=\"article\" \/>\r\n<meta property=\"og:title\" content=\"SO BIO LUMILYS C ANTI TACHES EXPERT SOIN UNIFIANT JOUR 50 ML - Paracherkaoui.ma\" \/>\r\n<meta property=\"og:description\" content=\"Le Soin Unifiant Jour Anti-Taches Expert LUMI&rsquo;LYS [C] 50 ml de SO&rsquo;BIO \u00e9tic est l&rsquo;alli\u00e9 indispensable pour celles et ceux\" \/>\r\n<meta property=\"og:url\" content=\"https:\/\/paracherkaoui.ma\/index.php\/produit\/so-bio-lumilys-c-anti-taches-expert-soin-unifiant-jour-50-ml-2\/\" \/>\r\n<meta property=\"og:site_name\" content=\"Paracherkaoui.ma\" \/>\r\n<meta property=\"article:modified_time\" content=\"2025-12-12T18:31:11+00:00\" \/>\r\n<meta property=\"og:image\" content=\"https:\/\/paracherkaoui.ma\/wp-content\/uploads\/2025\/12\/so-bio-lumilys-c-anti-taches-expert-soin-unifiant-jour-50-ml.jpg\" \/>\r\n\t<meta property=\"og:image:width\" content=\"700\" \/>\r\n\t<meta property=\"og:image:height\" content=\"700\" \/>\r\n\t<meta property=\"og:image:type\" content=\"image\/jpeg\" \/>\r\n<meta name=\"twitter:card\" content=\"summary_large_image\" \/>\r\n<meta name=\"twitter:label1\" content=\"Dur\u00e9e de lecture estim\u00e9e\" \/>\n\t<meta name=\"twitter:data1\" content=\"2 minutes\" \/>\r\n<script type=\"application\/ld+json\" class=\"yoast-schema-graph\">{\"@context\":\"https:\/\/schema.org\",\"@graph\":[{\"@type\":\"WebPage\",\"@id\":\"https:\/\/paracherkaoui.ma\/index.php\/produit\/so-bio-lumilys-c-anti-taches-expert-soin-unifiant-jour-50-ml-2\/\",\"url\":\"https:\/\/paracherkaoui.ma\/index.php\/produit\/so-bio-lumilys-c-anti-taches-expert-soin-unifiant-jour-50-ml-2\/\",\"name\":\"SO BIO LUMILYS C ANTI TACHES EXPERT SOIN UNIFIANT JOUR 50 ML - Paracherkaoui.ma\",\"isPartOf\":{\"@id\":\"https:\/\/paracherkaoui.ma\/#website\"},\"primaryImageOfPage\":{\"@id\":\"https:\/\/paracherkaoui.ma\/index.php\/produit\/so-bio-lumilys-c-anti-taches-expert-soin-unifiant-jour-50-ml-2\/#primaryimage\"},\"image\":{\"@id\":\"https:\/\/paracherkaoui.ma\/index.php\/produit\/so-bio-lumilys-c-anti-taches-expert-soin-unifiant-jour-50-ml-2\/#primaryimage\"},\"thumbnailUrl\":\"https:\/\/paracherkaoui.ma\/wp-content\/uploads\/2025\/12\/so-bio-lumilys-c-anti-taches-expert-soin-unifiant-jour-50-ml.jpg\",\"datePublished\":\"2025-12-12T18:31:09+00:00\",\"dateModified\":\"2025-12-12T18:31:11+00:00\",\"breadcrumb\":{\"@id\":\"https:\/\/paracherkaoui.ma\/index.php\/produit\/so-bio-lumilys-c-anti-taches-expert-soin-unifiant-jour-50-ml-2\/#breadcrumb\"},\"inLanguage\":\"fr-FR\",\"potentialAction\":[{\"@type\":\"ReadAction\",\"target\":[\"https:\/\/paracherkaoui.ma\/index.php\/produit\/so-bio-lumilys-c-anti-taches-expert-soin-unifiant-jour-50-ml-2\/\"]}]},{\"@type\":\"ImageObject\",\"inLanguage\":\"fr-FR\",\"@id\":\"https:\/\/paracherkaoui.ma\/index.php\/produit\/so-bio-lumilys-c-anti-taches-expert-soin-unifiant-jour-50-ml-2\/#primaryimage\",\"url\":\"https:\/\/paracherkaoui.ma\/wp-content\/uploads\/2025\/12\/so-bio-lumilys-c-anti-taches-expert-soin-unifiant-jour-50-ml.jpg\",\"contentUrl\":\"https:\/\/paracherkaoui.ma\/wp-content\/uploads\/2025\/12\/so-bio-lumilys-c-anti-taches-expert-soin-unifiant-jour-50-ml.jpg\",\"width\":700,\"height\":700},{\"@type\":\"BreadcrumbList\",\"@id\":\"https:\/\/paracherkaoui.ma\/index.php\/produit\/so-bio-lumilys-c-anti-taches-expert-soin-unifiant-jour-50-ml-2\/#breadcrumb\",\"itemListElement\":[{\"@type\":\"ListItem\",\"position\":1,\"name\":\"Accueil\",\"item\":\"https:\/\/paracherkaoui.ma\/\"},{\"@type\":\"ListItem\",\"position\":2,\"name\":\"Boutique\",\"item\":\"https:\/\/paracherkaoui.ma\/index.php\/boutique\/\"},{\"@type\":\"ListItem\",\"position\":3,\"name\":\"SO BIO LUMILYS C ANTI TACHES EXPERT SOIN UNIFIANT JOUR 50 ML\"}]},{\"@type\":\"WebSite\",\"@id\":\"https:\/\/paracherkaoui.ma\/#website\",\"url\":\"https:\/\/paracherkaoui.ma\/\",\"name\":\"Paracherkaoui.ma\",\"description\":\"Achetez en ligne sur Paracherkaoui.ma\",\"potentialAction\":[{\"@type\":\"SearchAction\",\"target\":{\"@type\":\"EntryPoint\",\"urlTemplate\":\"https:\/\/paracherkaoui.ma\/?s={search_term_string}\"},\"query-input\":{\"@type\":\"PropertyValueSpecification\",\"valueRequired\":true,\"valueName\":\"search_term_string\"}}],\"inLanguage\":\"fr-FR\"}]}<\/script>\r\n<!-- \/ Yoast SEO plugin. -->","yoast_head_json":{"title":"SO BIO LUMILYS C ANTI TACHES EXPERT SOIN UNIFIANT JOUR 50 ML - Paracherkaoui.ma","robots":{"index":"index","follow":"follow","max-snippet":"max-snippet:-1","max-image-preview":"max-image-preview:large","max-video-preview":"max-video-preview:-1"},"canonical":"https:\/\/paracherkaoui.ma\/index.php\/produit\/so-bio-lumilys-c-anti-taches-expert-soin-unifiant-jour-50-ml-2\/","og_locale":"fr_FR","og_type":"article","og_title":"SO BIO LUMILYS C ANTI TACHES EXPERT SOIN UNIFIANT JOUR 50 ML - Paracherkaoui.ma","og_description":"Le Soin Unifiant Jour Anti-Taches Expert LUMI&rsquo;LYS [C] 50 ml de SO&rsquo;BIO \u00e9tic est l&rsquo;alli\u00e9 indispensable pour celles et ceux","og_url":"https:\/\/paracherkaoui.ma\/index.php\/produit\/so-bio-lumilys-c-anti-taches-expert-soin-unifiant-jour-50-ml-2\/","og_site_name":"Paracherkaoui.ma","article_modified_time":"2025-12-12T18:31:11+00:00","og_image":[{"width":700,"height":700,"url":"https:\/\/paracherkaoui.ma\/wp-content\/uploads\/2025\/12\/so-bio-lumilys-c-anti-taches-expert-soin-unifiant-jour-50-ml.jpg","type":"image\/jpeg"}],"twitter_card":"summary_large_image","twitter_misc":{"Dur\u00e9e de lecture estim\u00e9e":"2 minutes"},"schema":{"@context":"https:\/\/schema.org","@graph":[{"@type":"WebPage","@id":"https:\/\/paracherkaoui.ma\/index.php\/produit\/so-bio-lumilys-c-anti-taches-expert-soin-unifiant-jour-50-ml-2\/","url":"https:\/\/paracherkaoui.ma\/index.php\/produit\/so-bio-lumilys-c-anti-taches-expert-soin-unifiant-jour-50-ml-2\/","name":"SO BIO LUMILYS C ANTI TACHES EXPERT SOIN UNIFIANT JOUR 50 ML - Paracherkaoui.ma","isPartOf":{"@id":"https:\/\/paracherkaoui.ma\/#website"},"primaryImageOfPage":{"@id":"https:\/\/paracherkaoui.ma\/index.php\/produit\/so-bio-lumilys-c-anti-taches-expert-soin-unifiant-jour-50-ml-2\/#primaryimage"},"image":{"@id":"https:\/\/paracherkaoui.ma\/index.php\/produit\/so-bio-lumilys-c-anti-taches-expert-soin-unifiant-jour-50-ml-2\/#primaryimage"},"thumbnailUrl":"https:\/\/paracherkaoui.ma\/wp-content\/uploads\/2025\/12\/so-bio-lumilys-c-anti-taches-expert-soin-unifiant-jour-50-ml.jpg","datePublished":"2025-12-12T18:31:09+00:00","dateModified":"2025-12-12T18:31:11+00:00","breadcrumb":{"@id":"https:\/\/paracherkaoui.ma\/index.php\/produit\/so-bio-lumilys-c-anti-taches-expert-soin-unifiant-jour-50-ml-2\/#breadcrumb"},"inLanguage":"fr-FR","potentialAction":[{"@type":"ReadAction","target":["https:\/\/paracherkaoui.ma\/index.php\/produit\/so-bio-lumilys-c-anti-taches-expert-soin-unifiant-jour-50-ml-2\/"]}]},{"@type":"ImageObject","inLanguage":"fr-FR","@id":"https:\/\/paracherkaoui.ma\/index.php\/produit\/so-bio-lumilys-c-anti-taches-expert-soin-unifiant-jour-50-ml-2\/#primaryimage","url":"https:\/\/paracherkaoui.ma\/wp-content\/uploads\/2025\/12\/so-bio-lumilys-c-anti-taches-expert-soin-unifiant-jour-50-ml.jpg","contentUrl":"https:\/\/paracherkaoui.ma\/wp-content\/uploads\/2025\/12\/so-bio-lumilys-c-anti-taches-expert-soin-unifiant-jour-50-ml.jpg","width":700,"height":700},{"@type":"BreadcrumbList","@id":"https:\/\/paracherkaoui.ma\/index.php\/produit\/so-bio-lumilys-c-anti-taches-expert-soin-unifiant-jour-50-ml-2\/#breadcrumb","itemListElement":[{"@type":"ListItem","position":1,"name":"Accueil","item":"https:\/\/paracherkaoui.ma\/"},{"@type":"ListItem","position":2,"name":"Boutique","item":"https:\/\/paracherkaoui.ma\/index.php\/boutique\/"},{"@type":"ListItem","position":3,"name":"SO BIO LUMILYS C ANTI TACHES EXPERT SOIN UNIFIANT JOUR 50 ML"}]},{"@type":"WebSite","@id":"https:\/\/paracherkaoui.ma\/#website","url":"https:\/\/paracherkaoui.ma\/","name":"Paracherkaoui.ma","description":"Achetez en ligne sur Paracherkaoui.ma","potentialAction":[{"@type":"SearchAction","target":{"@type":"EntryPoint","urlTemplate":"https:\/\/paracherkaoui.ma\/?s={search_term_string}"},"query-input":{"@type":"PropertyValueSpecification","valueRequired":true,"valueName":"search_term_string"}}],"inLanguage":"fr-FR"}]}},"_links":{"self":[{"href":"https:\/\/paracherkaoui.ma\/index.php\/wp-json\/wp\/v2\/product\/50362","targetHints":{"allow":["GET"]}}],"collection":[{"href":"https:\/\/paracherkaoui.ma\/index.php\/wp-json\/wp\/v2\/product"}],"about":[{"href":"https:\/\/paracherkaoui.ma\/index.php\/wp-json\/wp\/v2\/types\/product"}],"replies":[{"embeddable":true,"href":"https:\/\/paracherkaoui.ma\/index.php\/wp-json\/wp\/v2\/comments?post=50362"}],"version-history":[{"count":1,"href":"https:\/\/paracherkaoui.ma\/index.php\/wp-json\/wp\/v2\/product\/50362\/revisions"}],"predecessor-version":[{"id":50382,"href":"https:\/\/paracherkaoui.ma\/index.php\/wp-json\/wp\/v2\/product\/50362\/revisions\/50382"}],"wp:featuredmedia":[{"embeddable":true,"href":"https:\/\/paracherkaoui.ma\/index.php\/wp-json\/wp\/v2\/media\/30355"}],"wp:attachment":[{"href":"https:\/\/paracherkaoui.ma\/index.php\/wp-json\/wp\/v2\/media?parent=50362"}],"wp:term":[{"taxonomy":"product_brand","embeddable":true,"href":"https:\/\/paracherkaoui.ma\/index.php\/wp-json\/wp\/v2\/product_brand?post=50362"},{"taxonomy":"product_cat","embeddable":true,"href":"https:\/\/paracherkaoui.ma\/index.php\/wp-json\/wp\/v2\/product_cat?post=50362"},{"taxonomy":"product_tag","embeddable":true,"href":"https:\/\/paracherkaoui.ma\/index.php\/wp-json\/wp\/v2\/product_tag?post=50362"}],"curies":[{"name":"wp","href":"https:\/\/api.w.org\/{rel}","templated":true}]}}