{"id":50361,"date":"2025-12-12T19:31:09","date_gmt":"2025-12-12T18:31:09","guid":{"rendered":"https:\/\/test.ecbeaute.com\/?post_type=product&#038;p=50361"},"modified":"2025-12-12T19:31:10","modified_gmt":"2025-12-12T18:31:10","slug":"so-bio-lumilys-c-anti-taches-expert-soin-peeling-doux-nuit-50-ml-3","status":"publish","type":"product","link":"https:\/\/paracherkaoui.ma\/index.php\/produit\/so-bio-lumilys-c-anti-taches-expert-soin-peeling-doux-nuit-50-ml-3\/","title":{"rendered":"SO BIO LUMILYS C ANTI TACHES EXPERT SOIN PEELING DOUX NUIT 50 ML"},"content":{"rendered":"<p>D\u00e9couvrez SO BIO LUMI&rsquo;LYS [C] Anti-Taches Expert Soin Peeling Doux Nuit 50 ml, votre alli\u00e9 incontournable pour une peau unifi\u00e9e et lumineuse. Ce soin de nuit agit efficacement contre tous les types de taches, qu&rsquo;il s&rsquo;agisse de taches li\u00e9es \u00e0 l&rsquo;\u00e2ge, au soleil, \u00e0 l&rsquo;acn\u00e9 ou au m\u00e9lasma. Gr\u00e2ce \u00e0 son action peeling doux, il permet d\u2019exfolier d\u00e9licatement la peau tout en favorisant la r\u00e9duction visible des taches.<br \/>\nSa formule innovante, concentr\u00e9e en quatre actifs puissants, cible la production de m\u00e9lanine pour un teint plus homog\u00e8ne et \u00e9clatant. L&rsquo;extrait de Lys Blanc, reconnu pour ses propri\u00e9t\u00e9s unifiantes, s&rsquo;associe \u00e0 la vitamine C stabilis\u00e9e, qui redonne \u00e9clat et vitalit\u00e9 \u00e0 la peau. Ensemble, ils agissent en synergie avec le complexe M\u00e9lanCorrect\u2122 pour pr\u00e9venir l&rsquo;apparition des taches et \u00e9claircir celles d\u00e9j\u00e0 pr\u00e9sentes.<br \/>\nDes r\u00e9sultats prouv\u00e9s : D\u00e8s 2 semaines, votre peau para\u00eet plus lumineuse et votre teint est visiblement unifi\u00e9. Apr\u00e8s 4 semaines, les taches sont visiblement att\u00e9nu\u00e9es, et en 8 semaines, 90% des femmes constatent des taches plus claires. Ce soin est con\u00e7u pour convenir \u00e0 tous les types de peaux, y compris les plus sensibles, et s\u2019utilise en toute s\u00e9r\u00e9nit\u00e9 gr\u00e2ce \u00e0 sa composition d\u2019origine naturelle.<br \/>\nConseils d&rsquo;utilisation :<br \/>\nAppliquez chaque soir sur une peau propre et s\u00e8che.<br \/>\nMassez d\u00e9licatement le visage en \u00e9vitant le contour des yeux.<br \/>\nPoursuivez l&rsquo;application pendant 4 \u00e0 8 semaines pour des r\u00e9sultats optimaux.<br \/>\nComposition :<br \/>\nAQUA\/WATER\/EAU : Eau purifi\u00e9e<br \/>\nHAMAMELIS VIRGIANA (WITCH HAZEL) LEAF WATER* : Eau florale d&rsquo;Hamam\u00e9lis bio unifiante(1), adoucissante(1)<br \/>\nGLYCERIN : Humectant d&rsquo;origine naturelle<br \/>\nCAPRYLIC\/CAPRIC TRIGLYCERIDE\/COCO-CAPRYLATE\/CAPRATE : Emolients d&rsquo;origine naturelle<br \/>\nGLYCERYL STEARATE CITRATE : Emulsionnant d&rsquo;origine naturelle<br \/>\nOCTYLDODECANOL : \u00c9mollients d&rsquo;origine naturelle<br \/>\nHELIANTHUS ANNUUS (SUNFLOWER) SEED OIL : Huile de Tournesol<br \/>\nASCORBYL GLUCOSIDE : Vitamine C stabilis\u00e9e d&rsquo;origine naturelle, anti-taches(1)), \u00e9clat(1)<br \/>\nBEHENYL ALCOHOL, HYDROGENATED OLIVE OIL DECYL ESTERS,: Agents de consistance, d&rsquo;origine naturelle<br \/>\nPENTYLENE GLYCOL : Humectant d&rsquo;origine naturelle<br \/>\nARGININE : Acide amin\u00e9 unifiant(1), raffermissant(1)<br \/>\nBUTYROSPERMUM PARKII (SHEA) BUTTER* : Beurre de karit\u00e9 bio nourrissant(1), protecteur(1)<br \/>\nRICINUS COMMUNIS (CASTOR) SEED OIL* : Huile de Ricin bio<br \/>\nLILIUM CANDIDUM FLOWER EXTRACT, LILIUM CANDIDUM BULB EXTRACT* : Extrait de Lys blanc unifiant(1), \u00e9clat(1)<br \/>\nCYSTOSEIRA TAMARISCIFOLIA EXTRACT : Extrait d&rsquo;Algue iridescente anti-Taches(1),unifiant(1)<br \/>\nCRITHMUM MARITIMUM EXTRACT* : Extrait de Criste marine bio, peeling doux(1),\u00e9clat(1), anti-rides(1)<br \/>\nTOCOPHEROL : Vitamine E d&rsquo;origine naturelle antioxydante(1)<br \/>\nJOJOBA ESTERS, HYDROGENATED COCONUT OIL : \u00c9mollients d&rsquo;origine naturelle<br \/>\nCHONDRUS CRISPUS (CARRAGEENAN) EXTRACT, XANTHAN GUM,SCLEROTIUM GUM, BENTONITE : G\u00e9lifiants d&rsquo;origine naturelle<br \/>\nCETEARYL GLUCOSIDE, SODIUM STEAROYL GLUTAMATE : \u00c9mulsionnants d&rsquo;origine naturelle<br \/>\nHYDROGENATED LECITHIN, SODIUM STEAROYL GLUTAMATE : \u00c9mulsionnants d&rsquo;origine naturelle<br \/>\nCETEARYL ALCOHOL : Agent de consistance d&rsquo;origine naturelle<br \/>\nPARFUM (FRAGRANCE) : Parfum 100% d&rsquo;origine naturelle<br \/>\nCAPRYLYL GLYCOL, LEVULINIC ACID, SODIUM LEVULINATE : Stabilisants d&rsquo;origine naturelle<br \/>\nSODIUM BENZOATE, BENZYL ALCOHOL : Conservateurs d&rsquo;origine synth\u00e9tique<br \/>\nLACTIC ACID, SODIUM HYDROXIDE : Ajusteurs de pH d&rsquo;origine naturelle<br \/>\nLIMONENE, LINALOOL, CITRONELLOL : Allerg\u00e8nes naturels issus des plantes, pr\u00e9sents dans la composition parfum\u00e9e 100% d&rsquo;origine naturelle<\/p>\n","protected":false},"excerpt":{"rendered":"<p>D\u00e9couvrez SO BIO LUMI&rsquo;LYS [C] Anti-Taches Expert Soin Peeling Doux Nuit 50 ml, votre alli\u00e9 incontournable pour une peau unifi\u00e9e<\/p>\n","protected":false},"featured_media":25162,"comment_status":"open","ping_status":"closed","template":"","meta":[],"product_brand":[212],"product_cat":[940],"product_tag":[],"class_list":{"0":"post-50361","1":"product","2":"type-product","3":"status-publish","4":"has-post-thumbnail","6":"product_brand-so-bio","7":"product_cat-cosmetique-bio","9":"first","10":"instock","11":"shipping-taxable","12":"purchasable","13":"product-type-simple"},"yoast_head":"<!-- This site is optimized with the Yoast SEO plugin v26.6 - https:\/\/yoast.com\/wordpress\/plugins\/seo\/ -->\r\n<title>SO BIO LUMILYS C ANTI TACHES EXPERT SOIN PEELING DOUX NUIT 50 ML - Paracherkaoui.ma<\/title>\r\n<meta name=\"robots\" content=\"index, follow, max-snippet:-1, max-image-preview:large, max-video-preview:-1\" \/>\r\n<link rel=\"canonical\" href=\"https:\/\/paracherkaoui.ma\/index.php\/produit\/so-bio-lumilys-c-anti-taches-expert-soin-peeling-doux-nuit-50-ml-3\/\" \/>\r\n<meta property=\"og:locale\" content=\"fr_FR\" \/>\r\n<meta property=\"og:type\" content=\"article\" \/>\r\n<meta property=\"og:title\" content=\"SO BIO LUMILYS C ANTI TACHES EXPERT SOIN PEELING DOUX NUIT 50 ML - Paracherkaoui.ma\" \/>\r\n<meta property=\"og:description\" content=\"D\u00e9couvrez SO BIO LUMI&rsquo;LYS [C] Anti-Taches Expert Soin Peeling Doux Nuit 50 ml, votre alli\u00e9 incontournable pour une peau unifi\u00e9e\" \/>\r\n<meta property=\"og:url\" content=\"https:\/\/paracherkaoui.ma\/index.php\/produit\/so-bio-lumilys-c-anti-taches-expert-soin-peeling-doux-nuit-50-ml-3\/\" \/>\r\n<meta property=\"og:site_name\" content=\"Paracherkaoui.ma\" \/>\r\n<meta property=\"article:modified_time\" content=\"2025-12-12T18:31:10+00:00\" \/>\r\n<meta property=\"og:image\" content=\"https:\/\/paracherkaoui.ma\/wp-content\/uploads\/2025\/12\/so-bio-lumilys-c-anti-taches-expert-soin-peeling-doux-nuit-50-ml.jpg\" \/>\r\n\t<meta property=\"og:image:width\" content=\"700\" \/>\r\n\t<meta property=\"og:image:height\" content=\"700\" \/>\r\n\t<meta property=\"og:image:type\" content=\"image\/jpeg\" \/>\r\n<meta name=\"twitter:card\" content=\"summary_large_image\" \/>\r\n<meta name=\"twitter:label1\" content=\"Dur\u00e9e de lecture estim\u00e9e\" \/>\n\t<meta name=\"twitter:data1\" content=\"2 minutes\" \/>\r\n<script type=\"application\/ld+json\" class=\"yoast-schema-graph\">{\"@context\":\"https:\/\/schema.org\",\"@graph\":[{\"@type\":\"WebPage\",\"@id\":\"https:\/\/paracherkaoui.ma\/index.php\/produit\/so-bio-lumilys-c-anti-taches-expert-soin-peeling-doux-nuit-50-ml-3\/\",\"url\":\"https:\/\/paracherkaoui.ma\/index.php\/produit\/so-bio-lumilys-c-anti-taches-expert-soin-peeling-doux-nuit-50-ml-3\/\",\"name\":\"SO BIO LUMILYS C ANTI TACHES EXPERT SOIN PEELING DOUX NUIT 50 ML - Paracherkaoui.ma\",\"isPartOf\":{\"@id\":\"https:\/\/paracherkaoui.ma\/#website\"},\"primaryImageOfPage\":{\"@id\":\"https:\/\/paracherkaoui.ma\/index.php\/produit\/so-bio-lumilys-c-anti-taches-expert-soin-peeling-doux-nuit-50-ml-3\/#primaryimage\"},\"image\":{\"@id\":\"https:\/\/paracherkaoui.ma\/index.php\/produit\/so-bio-lumilys-c-anti-taches-expert-soin-peeling-doux-nuit-50-ml-3\/#primaryimage\"},\"thumbnailUrl\":\"https:\/\/paracherkaoui.ma\/wp-content\/uploads\/2025\/12\/so-bio-lumilys-c-anti-taches-expert-soin-peeling-doux-nuit-50-ml.jpg\",\"datePublished\":\"2025-12-12T18:31:09+00:00\",\"dateModified\":\"2025-12-12T18:31:10+00:00\",\"breadcrumb\":{\"@id\":\"https:\/\/paracherkaoui.ma\/index.php\/produit\/so-bio-lumilys-c-anti-taches-expert-soin-peeling-doux-nuit-50-ml-3\/#breadcrumb\"},\"inLanguage\":\"fr-FR\",\"potentialAction\":[{\"@type\":\"ReadAction\",\"target\":[\"https:\/\/paracherkaoui.ma\/index.php\/produit\/so-bio-lumilys-c-anti-taches-expert-soin-peeling-doux-nuit-50-ml-3\/\"]}]},{\"@type\":\"ImageObject\",\"inLanguage\":\"fr-FR\",\"@id\":\"https:\/\/paracherkaoui.ma\/index.php\/produit\/so-bio-lumilys-c-anti-taches-expert-soin-peeling-doux-nuit-50-ml-3\/#primaryimage\",\"url\":\"https:\/\/paracherkaoui.ma\/wp-content\/uploads\/2025\/12\/so-bio-lumilys-c-anti-taches-expert-soin-peeling-doux-nuit-50-ml.jpg\",\"contentUrl\":\"https:\/\/paracherkaoui.ma\/wp-content\/uploads\/2025\/12\/so-bio-lumilys-c-anti-taches-expert-soin-peeling-doux-nuit-50-ml.jpg\",\"width\":700,\"height\":700},{\"@type\":\"BreadcrumbList\",\"@id\":\"https:\/\/paracherkaoui.ma\/index.php\/produit\/so-bio-lumilys-c-anti-taches-expert-soin-peeling-doux-nuit-50-ml-3\/#breadcrumb\",\"itemListElement\":[{\"@type\":\"ListItem\",\"position\":1,\"name\":\"Accueil\",\"item\":\"https:\/\/paracherkaoui.ma\/\"},{\"@type\":\"ListItem\",\"position\":2,\"name\":\"Boutique\",\"item\":\"https:\/\/paracherkaoui.ma\/index.php\/boutique\/\"},{\"@type\":\"ListItem\",\"position\":3,\"name\":\"SO BIO LUMILYS C ANTI TACHES EXPERT SOIN PEELING DOUX NUIT 50 ML\"}]},{\"@type\":\"WebSite\",\"@id\":\"https:\/\/paracherkaoui.ma\/#website\",\"url\":\"https:\/\/paracherkaoui.ma\/\",\"name\":\"Paracherkaoui.ma\",\"description\":\"Achetez en ligne sur Paracherkaoui.ma\",\"potentialAction\":[{\"@type\":\"SearchAction\",\"target\":{\"@type\":\"EntryPoint\",\"urlTemplate\":\"https:\/\/paracherkaoui.ma\/?s={search_term_string}\"},\"query-input\":{\"@type\":\"PropertyValueSpecification\",\"valueRequired\":true,\"valueName\":\"search_term_string\"}}],\"inLanguage\":\"fr-FR\"}]}<\/script>\r\n<!-- \/ Yoast SEO plugin. -->","yoast_head_json":{"title":"SO BIO LUMILYS C ANTI TACHES EXPERT SOIN PEELING DOUX NUIT 50 ML - Paracherkaoui.ma","robots":{"index":"index","follow":"follow","max-snippet":"max-snippet:-1","max-image-preview":"max-image-preview:large","max-video-preview":"max-video-preview:-1"},"canonical":"https:\/\/paracherkaoui.ma\/index.php\/produit\/so-bio-lumilys-c-anti-taches-expert-soin-peeling-doux-nuit-50-ml-3\/","og_locale":"fr_FR","og_type":"article","og_title":"SO BIO LUMILYS C ANTI TACHES EXPERT SOIN PEELING DOUX NUIT 50 ML - Paracherkaoui.ma","og_description":"D\u00e9couvrez SO BIO LUMI&rsquo;LYS [C] Anti-Taches Expert Soin Peeling Doux Nuit 50 ml, votre alli\u00e9 incontournable pour une peau unifi\u00e9e","og_url":"https:\/\/paracherkaoui.ma\/index.php\/produit\/so-bio-lumilys-c-anti-taches-expert-soin-peeling-doux-nuit-50-ml-3\/","og_site_name":"Paracherkaoui.ma","article_modified_time":"2025-12-12T18:31:10+00:00","og_image":[{"width":700,"height":700,"url":"https:\/\/paracherkaoui.ma\/wp-content\/uploads\/2025\/12\/so-bio-lumilys-c-anti-taches-expert-soin-peeling-doux-nuit-50-ml.jpg","type":"image\/jpeg"}],"twitter_card":"summary_large_image","twitter_misc":{"Dur\u00e9e de lecture estim\u00e9e":"2 minutes"},"schema":{"@context":"https:\/\/schema.org","@graph":[{"@type":"WebPage","@id":"https:\/\/paracherkaoui.ma\/index.php\/produit\/so-bio-lumilys-c-anti-taches-expert-soin-peeling-doux-nuit-50-ml-3\/","url":"https:\/\/paracherkaoui.ma\/index.php\/produit\/so-bio-lumilys-c-anti-taches-expert-soin-peeling-doux-nuit-50-ml-3\/","name":"SO BIO LUMILYS C ANTI TACHES EXPERT SOIN PEELING DOUX NUIT 50 ML - Paracherkaoui.ma","isPartOf":{"@id":"https:\/\/paracherkaoui.ma\/#website"},"primaryImageOfPage":{"@id":"https:\/\/paracherkaoui.ma\/index.php\/produit\/so-bio-lumilys-c-anti-taches-expert-soin-peeling-doux-nuit-50-ml-3\/#primaryimage"},"image":{"@id":"https:\/\/paracherkaoui.ma\/index.php\/produit\/so-bio-lumilys-c-anti-taches-expert-soin-peeling-doux-nuit-50-ml-3\/#primaryimage"},"thumbnailUrl":"https:\/\/paracherkaoui.ma\/wp-content\/uploads\/2025\/12\/so-bio-lumilys-c-anti-taches-expert-soin-peeling-doux-nuit-50-ml.jpg","datePublished":"2025-12-12T18:31:09+00:00","dateModified":"2025-12-12T18:31:10+00:00","breadcrumb":{"@id":"https:\/\/paracherkaoui.ma\/index.php\/produit\/so-bio-lumilys-c-anti-taches-expert-soin-peeling-doux-nuit-50-ml-3\/#breadcrumb"},"inLanguage":"fr-FR","potentialAction":[{"@type":"ReadAction","target":["https:\/\/paracherkaoui.ma\/index.php\/produit\/so-bio-lumilys-c-anti-taches-expert-soin-peeling-doux-nuit-50-ml-3\/"]}]},{"@type":"ImageObject","inLanguage":"fr-FR","@id":"https:\/\/paracherkaoui.ma\/index.php\/produit\/so-bio-lumilys-c-anti-taches-expert-soin-peeling-doux-nuit-50-ml-3\/#primaryimage","url":"https:\/\/paracherkaoui.ma\/wp-content\/uploads\/2025\/12\/so-bio-lumilys-c-anti-taches-expert-soin-peeling-doux-nuit-50-ml.jpg","contentUrl":"https:\/\/paracherkaoui.ma\/wp-content\/uploads\/2025\/12\/so-bio-lumilys-c-anti-taches-expert-soin-peeling-doux-nuit-50-ml.jpg","width":700,"height":700},{"@type":"BreadcrumbList","@id":"https:\/\/paracherkaoui.ma\/index.php\/produit\/so-bio-lumilys-c-anti-taches-expert-soin-peeling-doux-nuit-50-ml-3\/#breadcrumb","itemListElement":[{"@type":"ListItem","position":1,"name":"Accueil","item":"https:\/\/paracherkaoui.ma\/"},{"@type":"ListItem","position":2,"name":"Boutique","item":"https:\/\/paracherkaoui.ma\/index.php\/boutique\/"},{"@type":"ListItem","position":3,"name":"SO BIO LUMILYS C ANTI TACHES EXPERT SOIN PEELING DOUX NUIT 50 ML"}]},{"@type":"WebSite","@id":"https:\/\/paracherkaoui.ma\/#website","url":"https:\/\/paracherkaoui.ma\/","name":"Paracherkaoui.ma","description":"Achetez en ligne sur Paracherkaoui.ma","potentialAction":[{"@type":"SearchAction","target":{"@type":"EntryPoint","urlTemplate":"https:\/\/paracherkaoui.ma\/?s={search_term_string}"},"query-input":{"@type":"PropertyValueSpecification","valueRequired":true,"valueName":"search_term_string"}}],"inLanguage":"fr-FR"}]}},"_links":{"self":[{"href":"https:\/\/paracherkaoui.ma\/index.php\/wp-json\/wp\/v2\/product\/50361","targetHints":{"allow":["GET"]}}],"collection":[{"href":"https:\/\/paracherkaoui.ma\/index.php\/wp-json\/wp\/v2\/product"}],"about":[{"href":"https:\/\/paracherkaoui.ma\/index.php\/wp-json\/wp\/v2\/types\/product"}],"replies":[{"embeddable":true,"href":"https:\/\/paracherkaoui.ma\/index.php\/wp-json\/wp\/v2\/comments?post=50361"}],"version-history":[{"count":1,"href":"https:\/\/paracherkaoui.ma\/index.php\/wp-json\/wp\/v2\/product\/50361\/revisions"}],"predecessor-version":[{"id":50381,"href":"https:\/\/paracherkaoui.ma\/index.php\/wp-json\/wp\/v2\/product\/50361\/revisions\/50381"}],"wp:featuredmedia":[{"embeddable":true,"href":"https:\/\/paracherkaoui.ma\/index.php\/wp-json\/wp\/v2\/media\/25162"}],"wp:attachment":[{"href":"https:\/\/paracherkaoui.ma\/index.php\/wp-json\/wp\/v2\/media?parent=50361"}],"wp:term":[{"taxonomy":"product_brand","embeddable":true,"href":"https:\/\/paracherkaoui.ma\/index.php\/wp-json\/wp\/v2\/product_brand?post=50361"},{"taxonomy":"product_cat","embeddable":true,"href":"https:\/\/paracherkaoui.ma\/index.php\/wp-json\/wp\/v2\/product_cat?post=50361"},{"taxonomy":"product_tag","embeddable":true,"href":"https:\/\/paracherkaoui.ma\/index.php\/wp-json\/wp\/v2\/product_tag?post=50361"}],"curies":[{"name":"wp","href":"https:\/\/api.w.org\/{rel}","templated":true}]}}