{"id":50328,"date":"2025-12-12T19:31:05","date_gmt":"2025-12-12T18:31:05","guid":{"rendered":"https:\/\/test.ecbeaute.com\/?post_type=product&#038;p=50328"},"modified":"2025-12-12T19:31:09","modified_gmt":"2025-12-12T18:31:09","slug":"so-bio-lumilys-c-anti-taches-expert-serum-eclat-correcteur-30-ml-2","status":"publish","type":"product","link":"https:\/\/paracherkaoui.ma\/index.php\/produit\/so-bio-lumilys-c-anti-taches-expert-serum-eclat-correcteur-30-ml-2\/","title":{"rendered":"SO BIO LUMILYS C ANTI TACHES EXPERT SERUM ECLAT CORRECTEUR 30 ML"},"content":{"rendered":"<p>D\u00e9couvrez LUMI&rsquo;LYS [C], la nouvelle gamme experte anti-taches de SO&rsquo;BiO \u00e9tic, sp\u00e9cialement con\u00e7ue pour unifier le teint et r\u00e9duire visiblement l&rsquo;apparence des taches. Que ce soit des taches li\u00e9es \u00e0 l&rsquo;\u00e2ge, au soleil, \u00e0 l&rsquo;acn\u00e9 ou au m\u00e9lasma, LUMI&rsquo;LYS [C] agit avec efficacit\u00e9 gr\u00e2ce \u00e0 une formule naturelle, test\u00e9e cliniquement pour des r\u00e9sultats visibles d\u00e8s 4 semaines.<br \/>\nLa gamme LUMI&rsquo;LYS [C] repose sur un trio d&rsquo;actifs puissants :<br \/>\nExtrait de Lys Blanc, r\u00e9put\u00e9 pour ses propri\u00e9t\u00e9s unifiantes et apaisantes, il att\u00e9nue les taches et pr\u00e9vient leur r\u00e9apparition.<br \/>\nVitamine C stabilis\u00e9e, un ingr\u00e9dient phare pour raviver l\u2019\u00e9clat de la peau, uniformiser le teint et apporter luminosit\u00e9.<br \/>\nM\u00e9lanCorrect\u2122, un complexe innovant anti-taches, qui cible tous les types de taches pigmentaires pour les r\u00e9duire durablement.<br \/>\nAvec LUMI&rsquo;LYS [C], votre peau retrouve son \u00e9clat naturel et un teint unifi\u00e9. Sa formule douce et adapt\u00e9e \u00e0 tous les types de peaux, m\u00eame sensibles, permet de traiter les taches sans agresser l&rsquo;\u00e9piderme. En plus de corriger les taches existantes, cette gamme pr\u00e9vient \u00e9galement leur r\u00e9apparition pour un r\u00e9sultat durable et visible.<br \/>\nConseils d&rsquo;utilisation :<br \/>\nAppliquez le s\u00e9rum ou le soin unifiant LUMI&rsquo;LYS [C] sur une peau propre, matin et soir.<br \/>\nMassez d\u00e9licatement du bout des doigts jusqu\u2019\u00e0 absorption compl\u00e8te.<br \/>\nComposition :<br \/>\nAQUA\/WATER\/EAU : Eau purifi\u00e9e<br \/>\nGLYCERIN : Humectant d&rsquo;origine naturelle<br \/>\nCAPRYLIC\/CAPRIC TRIGLYCERIDE : Emolients d&rsquo;origine naturelle<br \/>\nHAMAMELIS VIRGIANA (WITCH HAZEL) LEAF WATER* : Eau florale d&rsquo;Hamam\u00e9lis bio unifiante(1), adoucissante(1)<br \/>\nHELIANTHUS ANNUUS (SUNFLOWER) SEED OIL : Huile de Tournesol<br \/>\nASCORBYL GLUCOSIDE : Vitamine C stabilis\u00e9e d&rsquo;origine naturelle, anti-taches(1)), \u00e9clat(1)<br \/>\nPENTYLENE GLYCOL : Humectant d&rsquo;origine naturelle<br \/>\nLAUROYL LYSINE : Poudre de toucher d&rsquo;origine naturelle<br \/>\nARGININE : Acide amin\u00e9<br \/>\nGLYCERYL STEARATE CITRATE : Emulsionnant d&rsquo;origine naturelle<br \/>\nLILIUM CANDIDUM FLOWER EXTRACT, LILIUM CANDIDUM BULB EXTRACT* : Extrait de Lys blanc unifiant(1), \u00e9clat(1)<br \/>\nCYSTOSEIRA TAMARISCIFOLIA EXTRACT : Extrait d&rsquo;Algue iridescente anti-Taches(1),unifiant(1)<br \/>\nALOE BARBADENSIS LEAF JUICE POWDER* : Poudre concentr\u00e9e d&rsquo;Aloe vera bio \u00e9quitable hydratante(2)<br \/>\nORYZA SATIVA (RICE) HULL POWDER : Poudre de Riz absorbante, matifiante d&rsquo;origine naturelle<br \/>\nPULLULAN : Agent filmog\u00e8ne d&rsquo;origine naturelle<br \/>\nTOCOPHEROL : Vitamine E d&rsquo;origine naturelle antioxydante(1)<br \/>\nXANTHAN GUM,SCLEROTIUM GUM : G\u00e9lifiants d&rsquo;origine naturelle<br \/>\nPOLYGLYCERYL-3 STEARATE, HYDROGENATED LECITHIN, SODIUM STEAROYL GLUTAMATE, LYSOLECITHIN : \u00c9mulsionnants d&rsquo;origine naturelle<br \/>\nPARFUM (FRAGRANCE) : Parfum 100% d&rsquo;origine naturelle<br \/>\nPHYTIC ACID, LEVULINIC ACID, SODIUM LEVULINATE : Stabilisants d&rsquo;origine naturelle<br \/>\nSODIUM BENZOATE, BENZYL ALCOHOL : Conservateurs d&rsquo;origine synth\u00e9tique<br \/>\nLACTIC ACID, SODIUM HYDROXIDE : Ajusteurs de pH d&rsquo;origine naturelle<br \/>\nLIMONENE, LINALOOL, CITRONELLOL : Allerg\u00e8nes naturels issus des plantes, pr\u00e9sents dans la composition parfum\u00e9e 100% d&rsquo;origine naturelle<\/p>\n","protected":false},"excerpt":{"rendered":"<p>D\u00e9couvrez LUMI&rsquo;LYS [C], la nouvelle gamme experte anti-taches de SO&rsquo;BiO \u00e9tic, sp\u00e9cialement con\u00e7ue pour unifier le teint et r\u00e9duire visiblement<\/p>\n","protected":false},"featured_media":30403,"comment_status":"open","ping_status":"closed","template":"","meta":[],"product_brand":[212],"product_cat":[940],"product_tag":[],"class_list":{"0":"post-50328","1":"product","2":"type-product","3":"status-publish","4":"has-post-thumbnail","6":"product_brand-so-bio","7":"product_cat-cosmetique-bio","9":"first","10":"instock","11":"shipping-taxable","12":"purchasable","13":"product-type-simple"},"yoast_head":"<!-- This site is optimized with the Yoast SEO plugin v26.6 - https:\/\/yoast.com\/wordpress\/plugins\/seo\/ -->\r\n<title>SO BIO LUMILYS C ANTI TACHES EXPERT SERUM ECLAT CORRECTEUR 30 ML - Paracherkaoui.ma<\/title>\r\n<meta name=\"robots\" content=\"index, follow, max-snippet:-1, max-image-preview:large, max-video-preview:-1\" \/>\r\n<link rel=\"canonical\" href=\"https:\/\/paracherkaoui.ma\/index.php\/produit\/so-bio-lumilys-c-anti-taches-expert-serum-eclat-correcteur-30-ml-2\/\" \/>\r\n<meta property=\"og:locale\" content=\"fr_FR\" \/>\r\n<meta property=\"og:type\" content=\"article\" \/>\r\n<meta property=\"og:title\" content=\"SO BIO LUMILYS C ANTI TACHES EXPERT SERUM ECLAT CORRECTEUR 30 ML - Paracherkaoui.ma\" \/>\r\n<meta property=\"og:description\" content=\"D\u00e9couvrez LUMI&rsquo;LYS [C], la nouvelle gamme experte anti-taches de SO&rsquo;BiO \u00e9tic, sp\u00e9cialement con\u00e7ue pour unifier le teint et r\u00e9duire visiblement\" \/>\r\n<meta property=\"og:url\" content=\"https:\/\/paracherkaoui.ma\/index.php\/produit\/so-bio-lumilys-c-anti-taches-expert-serum-eclat-correcteur-30-ml-2\/\" \/>\r\n<meta property=\"og:site_name\" content=\"Paracherkaoui.ma\" \/>\r\n<meta property=\"article:modified_time\" content=\"2025-12-12T18:31:09+00:00\" \/>\r\n<meta property=\"og:image\" content=\"https:\/\/paracherkaoui.ma\/wp-content\/uploads\/2025\/12\/so-bio-lumilys-c-anti-taches-expert-serum-eclat-correcteur-30-ml.jpg\" \/>\r\n\t<meta property=\"og:image:width\" content=\"700\" \/>\r\n\t<meta property=\"og:image:height\" content=\"700\" \/>\r\n\t<meta property=\"og:image:type\" content=\"image\/jpeg\" \/>\r\n<meta name=\"twitter:card\" content=\"summary_large_image\" \/>\r\n<meta name=\"twitter:label1\" content=\"Dur\u00e9e de lecture estim\u00e9e\" \/>\n\t<meta name=\"twitter:data1\" content=\"2 minutes\" \/>\r\n<script type=\"application\/ld+json\" class=\"yoast-schema-graph\">{\"@context\":\"https:\/\/schema.org\",\"@graph\":[{\"@type\":\"WebPage\",\"@id\":\"https:\/\/paracherkaoui.ma\/index.php\/produit\/so-bio-lumilys-c-anti-taches-expert-serum-eclat-correcteur-30-ml-2\/\",\"url\":\"https:\/\/paracherkaoui.ma\/index.php\/produit\/so-bio-lumilys-c-anti-taches-expert-serum-eclat-correcteur-30-ml-2\/\",\"name\":\"SO BIO LUMILYS C ANTI TACHES EXPERT SERUM ECLAT CORRECTEUR 30 ML - Paracherkaoui.ma\",\"isPartOf\":{\"@id\":\"https:\/\/paracherkaoui.ma\/#website\"},\"primaryImageOfPage\":{\"@id\":\"https:\/\/paracherkaoui.ma\/index.php\/produit\/so-bio-lumilys-c-anti-taches-expert-serum-eclat-correcteur-30-ml-2\/#primaryimage\"},\"image\":{\"@id\":\"https:\/\/paracherkaoui.ma\/index.php\/produit\/so-bio-lumilys-c-anti-taches-expert-serum-eclat-correcteur-30-ml-2\/#primaryimage\"},\"thumbnailUrl\":\"https:\/\/paracherkaoui.ma\/wp-content\/uploads\/2025\/12\/so-bio-lumilys-c-anti-taches-expert-serum-eclat-correcteur-30-ml.jpg\",\"datePublished\":\"2025-12-12T18:31:05+00:00\",\"dateModified\":\"2025-12-12T18:31:09+00:00\",\"breadcrumb\":{\"@id\":\"https:\/\/paracherkaoui.ma\/index.php\/produit\/so-bio-lumilys-c-anti-taches-expert-serum-eclat-correcteur-30-ml-2\/#breadcrumb\"},\"inLanguage\":\"fr-FR\",\"potentialAction\":[{\"@type\":\"ReadAction\",\"target\":[\"https:\/\/paracherkaoui.ma\/index.php\/produit\/so-bio-lumilys-c-anti-taches-expert-serum-eclat-correcteur-30-ml-2\/\"]}]},{\"@type\":\"ImageObject\",\"inLanguage\":\"fr-FR\",\"@id\":\"https:\/\/paracherkaoui.ma\/index.php\/produit\/so-bio-lumilys-c-anti-taches-expert-serum-eclat-correcteur-30-ml-2\/#primaryimage\",\"url\":\"https:\/\/paracherkaoui.ma\/wp-content\/uploads\/2025\/12\/so-bio-lumilys-c-anti-taches-expert-serum-eclat-correcteur-30-ml.jpg\",\"contentUrl\":\"https:\/\/paracherkaoui.ma\/wp-content\/uploads\/2025\/12\/so-bio-lumilys-c-anti-taches-expert-serum-eclat-correcteur-30-ml.jpg\",\"width\":700,\"height\":700},{\"@type\":\"BreadcrumbList\",\"@id\":\"https:\/\/paracherkaoui.ma\/index.php\/produit\/so-bio-lumilys-c-anti-taches-expert-serum-eclat-correcteur-30-ml-2\/#breadcrumb\",\"itemListElement\":[{\"@type\":\"ListItem\",\"position\":1,\"name\":\"Accueil\",\"item\":\"https:\/\/paracherkaoui.ma\/\"},{\"@type\":\"ListItem\",\"position\":2,\"name\":\"Boutique\",\"item\":\"https:\/\/paracherkaoui.ma\/index.php\/boutique\/\"},{\"@type\":\"ListItem\",\"position\":3,\"name\":\"SO BIO LUMILYS C ANTI TACHES EXPERT SERUM ECLAT CORRECTEUR 30 ML\"}]},{\"@type\":\"WebSite\",\"@id\":\"https:\/\/paracherkaoui.ma\/#website\",\"url\":\"https:\/\/paracherkaoui.ma\/\",\"name\":\"Paracherkaoui.ma\",\"description\":\"Achetez en ligne sur Paracherkaoui.ma\",\"potentialAction\":[{\"@type\":\"SearchAction\",\"target\":{\"@type\":\"EntryPoint\",\"urlTemplate\":\"https:\/\/paracherkaoui.ma\/?s={search_term_string}\"},\"query-input\":{\"@type\":\"PropertyValueSpecification\",\"valueRequired\":true,\"valueName\":\"search_term_string\"}}],\"inLanguage\":\"fr-FR\"}]}<\/script>\r\n<!-- \/ Yoast SEO plugin. -->","yoast_head_json":{"title":"SO BIO LUMILYS C ANTI TACHES EXPERT SERUM ECLAT CORRECTEUR 30 ML - Paracherkaoui.ma","robots":{"index":"index","follow":"follow","max-snippet":"max-snippet:-1","max-image-preview":"max-image-preview:large","max-video-preview":"max-video-preview:-1"},"canonical":"https:\/\/paracherkaoui.ma\/index.php\/produit\/so-bio-lumilys-c-anti-taches-expert-serum-eclat-correcteur-30-ml-2\/","og_locale":"fr_FR","og_type":"article","og_title":"SO BIO LUMILYS C ANTI TACHES EXPERT SERUM ECLAT CORRECTEUR 30 ML - Paracherkaoui.ma","og_description":"D\u00e9couvrez LUMI&rsquo;LYS [C], la nouvelle gamme experte anti-taches de SO&rsquo;BiO \u00e9tic, sp\u00e9cialement con\u00e7ue pour unifier le teint et r\u00e9duire visiblement","og_url":"https:\/\/paracherkaoui.ma\/index.php\/produit\/so-bio-lumilys-c-anti-taches-expert-serum-eclat-correcteur-30-ml-2\/","og_site_name":"Paracherkaoui.ma","article_modified_time":"2025-12-12T18:31:09+00:00","og_image":[{"width":700,"height":700,"url":"https:\/\/paracherkaoui.ma\/wp-content\/uploads\/2025\/12\/so-bio-lumilys-c-anti-taches-expert-serum-eclat-correcteur-30-ml.jpg","type":"image\/jpeg"}],"twitter_card":"summary_large_image","twitter_misc":{"Dur\u00e9e de lecture estim\u00e9e":"2 minutes"},"schema":{"@context":"https:\/\/schema.org","@graph":[{"@type":"WebPage","@id":"https:\/\/paracherkaoui.ma\/index.php\/produit\/so-bio-lumilys-c-anti-taches-expert-serum-eclat-correcteur-30-ml-2\/","url":"https:\/\/paracherkaoui.ma\/index.php\/produit\/so-bio-lumilys-c-anti-taches-expert-serum-eclat-correcteur-30-ml-2\/","name":"SO BIO LUMILYS C ANTI TACHES EXPERT SERUM ECLAT CORRECTEUR 30 ML - Paracherkaoui.ma","isPartOf":{"@id":"https:\/\/paracherkaoui.ma\/#website"},"primaryImageOfPage":{"@id":"https:\/\/paracherkaoui.ma\/index.php\/produit\/so-bio-lumilys-c-anti-taches-expert-serum-eclat-correcteur-30-ml-2\/#primaryimage"},"image":{"@id":"https:\/\/paracherkaoui.ma\/index.php\/produit\/so-bio-lumilys-c-anti-taches-expert-serum-eclat-correcteur-30-ml-2\/#primaryimage"},"thumbnailUrl":"https:\/\/paracherkaoui.ma\/wp-content\/uploads\/2025\/12\/so-bio-lumilys-c-anti-taches-expert-serum-eclat-correcteur-30-ml.jpg","datePublished":"2025-12-12T18:31:05+00:00","dateModified":"2025-12-12T18:31:09+00:00","breadcrumb":{"@id":"https:\/\/paracherkaoui.ma\/index.php\/produit\/so-bio-lumilys-c-anti-taches-expert-serum-eclat-correcteur-30-ml-2\/#breadcrumb"},"inLanguage":"fr-FR","potentialAction":[{"@type":"ReadAction","target":["https:\/\/paracherkaoui.ma\/index.php\/produit\/so-bio-lumilys-c-anti-taches-expert-serum-eclat-correcteur-30-ml-2\/"]}]},{"@type":"ImageObject","inLanguage":"fr-FR","@id":"https:\/\/paracherkaoui.ma\/index.php\/produit\/so-bio-lumilys-c-anti-taches-expert-serum-eclat-correcteur-30-ml-2\/#primaryimage","url":"https:\/\/paracherkaoui.ma\/wp-content\/uploads\/2025\/12\/so-bio-lumilys-c-anti-taches-expert-serum-eclat-correcteur-30-ml.jpg","contentUrl":"https:\/\/paracherkaoui.ma\/wp-content\/uploads\/2025\/12\/so-bio-lumilys-c-anti-taches-expert-serum-eclat-correcteur-30-ml.jpg","width":700,"height":700},{"@type":"BreadcrumbList","@id":"https:\/\/paracherkaoui.ma\/index.php\/produit\/so-bio-lumilys-c-anti-taches-expert-serum-eclat-correcteur-30-ml-2\/#breadcrumb","itemListElement":[{"@type":"ListItem","position":1,"name":"Accueil","item":"https:\/\/paracherkaoui.ma\/"},{"@type":"ListItem","position":2,"name":"Boutique","item":"https:\/\/paracherkaoui.ma\/index.php\/boutique\/"},{"@type":"ListItem","position":3,"name":"SO BIO LUMILYS C ANTI TACHES EXPERT SERUM ECLAT CORRECTEUR 30 ML"}]},{"@type":"WebSite","@id":"https:\/\/paracherkaoui.ma\/#website","url":"https:\/\/paracherkaoui.ma\/","name":"Paracherkaoui.ma","description":"Achetez en ligne sur Paracherkaoui.ma","potentialAction":[{"@type":"SearchAction","target":{"@type":"EntryPoint","urlTemplate":"https:\/\/paracherkaoui.ma\/?s={search_term_string}"},"query-input":{"@type":"PropertyValueSpecification","valueRequired":true,"valueName":"search_term_string"}}],"inLanguage":"fr-FR"}]}},"_links":{"self":[{"href":"https:\/\/paracherkaoui.ma\/index.php\/wp-json\/wp\/v2\/product\/50328","targetHints":{"allow":["GET"]}}],"collection":[{"href":"https:\/\/paracherkaoui.ma\/index.php\/wp-json\/wp\/v2\/product"}],"about":[{"href":"https:\/\/paracherkaoui.ma\/index.php\/wp-json\/wp\/v2\/types\/product"}],"replies":[{"embeddable":true,"href":"https:\/\/paracherkaoui.ma\/index.php\/wp-json\/wp\/v2\/comments?post=50328"}],"version-history":[{"count":1,"href":"https:\/\/paracherkaoui.ma\/index.php\/wp-json\/wp\/v2\/product\/50328\/revisions"}],"predecessor-version":[{"id":50360,"href":"https:\/\/paracherkaoui.ma\/index.php\/wp-json\/wp\/v2\/product\/50328\/revisions\/50360"}],"wp:featuredmedia":[{"embeddable":true,"href":"https:\/\/paracherkaoui.ma\/index.php\/wp-json\/wp\/v2\/media\/30403"}],"wp:attachment":[{"href":"https:\/\/paracherkaoui.ma\/index.php\/wp-json\/wp\/v2\/media?parent=50328"}],"wp:term":[{"taxonomy":"product_brand","embeddable":true,"href":"https:\/\/paracherkaoui.ma\/index.php\/wp-json\/wp\/v2\/product_brand?post=50328"},{"taxonomy":"product_cat","embeddable":true,"href":"https:\/\/paracherkaoui.ma\/index.php\/wp-json\/wp\/v2\/product_cat?post=50328"},{"taxonomy":"product_tag","embeddable":true,"href":"https:\/\/paracherkaoui.ma\/index.php\/wp-json\/wp\/v2\/product_tag?post=50328"}],"curies":[{"name":"wp","href":"https:\/\/api.w.org\/{rel}","templated":true}]}}