{"id":50248,"date":"2025-12-12T19:30:56","date_gmt":"2025-12-12T18:30:56","guid":{"rendered":"https:\/\/test.ecbeaute.com\/?post_type=product&#038;p=50248"},"modified":"2025-12-12T19:31:01","modified_gmt":"2025-12-12T18:31:01","slug":"odarym-serum-et-huile-de-soin-cheveux-secs-et-cassants-a-lhuile-vegetale-de-jojoba-50-ml-3","status":"publish","type":"product","link":"https:\/\/paracherkaoui.ma\/index.php\/produit\/odarym-serum-et-huile-de-soin-cheveux-secs-et-cassants-a-lhuile-vegetale-de-jojoba-50-ml-3\/","title":{"rendered":"ODARYM SERUM ET HUILE DE SOIN CHEVEUX SECS ET CASSANTS A L&rsquo;HUILE VEGETALE DE JOJOBA 50 ML"},"content":{"rendered":"<p>Assouplissant et r\u00e9g\u00e9n\u00e9rant, ce s\u00e9rum r\u00e9pare toute la longueur des cheveux et les pointes s\u00e8ches et abim\u00e9es gr\u00e2ce au pouvoir nourrissant des huiles de ricin et jojoba. L&rsquo;huile de jojoba permet aux cheveux de s&rsquo;assouplir et de se reg\u00e9n\u00e9rer pendant que l&rsquo;huile de ricin apporte des amino-acides et nourrit le cheveux en profondeur pour lui redonner force et vitalit\u00e9. Avec un s\u00e9rum, vous scellez l&rsquo;hydratation apport\u00e9e grace au leave in et \u00e0 l&rsquo;apr\u00e8s shampoing, avec un s\u00e9rum vous fixez toutes les vertus hydratantes pour qu&rsquo;elles ne s&rsquo;\u00e9vaporent pas!<br \/>\nConseils d&rsquo;utilisation :<br \/>\nPeut s&rsquo;utiliser en bain d&rsquo;huile ou en s\u00e9rum sans rin\u00e7age.<br \/>\nMasque bain d&rsquo;huile: Appliquez sur toute la chevelure inclus le cuir chevelu, faites un massage cranien et laisser reposer 1-2hr pour une bonne p\u00e9netration. Rincez.<br \/>\nEn s\u00e9rum: Appliquez quelques gouttes sur les pointes des cheveux puis massez pour faciliter la p\u00e9n\u00e9tration du soin dans la fibre capillaire, ne pas rincer.<br \/>\nComposition:<br \/>\nHuile de graine de jojoba, Huile de noisette, Huile de germe de bl\u00e9, vitamine e, vitamine C<\/p>\n","protected":false},"excerpt":{"rendered":"<p>Assouplissant et r\u00e9g\u00e9n\u00e9rant, ce s\u00e9rum r\u00e9pare toute la longueur des cheveux et les pointes s\u00e8ches et abim\u00e9es gr\u00e2ce au pouvoir<\/p>\n","protected":false},"featured_media":16256,"comment_status":"open","ping_status":"closed","template":"","meta":[],"product_brand":[208],"product_cat":[940],"product_tag":[],"class_list":{"0":"post-50248","1":"product","2":"type-product","3":"status-publish","4":"has-post-thumbnail","6":"product_brand-odarym","7":"product_cat-cosmetique-bio","9":"first","10":"instock","11":"shipping-taxable","12":"purchasable","13":"product-type-simple"},"yoast_head":"<!-- This site is optimized with the Yoast SEO plugin v26.6 - https:\/\/yoast.com\/wordpress\/plugins\/seo\/ -->\r\n<title>ODARYM SERUM ET HUILE DE SOIN CHEVEUX SECS ET CASSANTS A L&#039;HUILE VEGETALE DE JOJOBA 50 ML - Paracherkaoui.ma<\/title>\r\n<meta name=\"robots\" content=\"index, follow, max-snippet:-1, max-image-preview:large, max-video-preview:-1\" \/>\r\n<link rel=\"canonical\" href=\"https:\/\/paracherkaoui.ma\/index.php\/produit\/odarym-serum-et-huile-de-soin-cheveux-secs-et-cassants-a-lhuile-vegetale-de-jojoba-50-ml-3\/\" \/>\r\n<meta property=\"og:locale\" content=\"fr_FR\" \/>\r\n<meta property=\"og:type\" content=\"article\" \/>\r\n<meta property=\"og:title\" content=\"ODARYM SERUM ET HUILE DE SOIN CHEVEUX SECS ET CASSANTS A L&#039;HUILE VEGETALE DE JOJOBA 50 ML - Paracherkaoui.ma\" \/>\r\n<meta property=\"og:description\" content=\"Assouplissant et r\u00e9g\u00e9n\u00e9rant, ce s\u00e9rum r\u00e9pare toute la longueur des cheveux et les pointes s\u00e8ches et abim\u00e9es gr\u00e2ce au pouvoir\" \/>\r\n<meta property=\"og:url\" content=\"https:\/\/paracherkaoui.ma\/index.php\/produit\/odarym-serum-et-huile-de-soin-cheveux-secs-et-cassants-a-lhuile-vegetale-de-jojoba-50-ml-3\/\" \/>\r\n<meta property=\"og:site_name\" content=\"Paracherkaoui.ma\" \/>\r\n<meta property=\"article:modified_time\" content=\"2025-12-12T18:31:01+00:00\" \/>\r\n<meta property=\"og:image\" content=\"https:\/\/paracherkaoui.ma\/wp-content\/uploads\/2025\/12\/odarym-odarym-serum-et-huile-de-soin-cheveux-secs-et-cassants-a-lhuile-vegetale-de-jojoba-50-ml-soins-cheveux.jpg\" \/>\r\n\t<meta property=\"og:image:width\" content=\"700\" \/>\r\n\t<meta property=\"og:image:height\" content=\"700\" \/>\r\n\t<meta property=\"og:image:type\" content=\"image\/jpeg\" \/>\r\n<meta name=\"twitter:card\" content=\"summary_large_image\" \/>\r\n<meta name=\"twitter:label1\" content=\"Dur\u00e9e de lecture estim\u00e9e\" \/>\n\t<meta name=\"twitter:data1\" content=\"1 minute\" \/>\r\n<script type=\"application\/ld+json\" class=\"yoast-schema-graph\">{\"@context\":\"https:\/\/schema.org\",\"@graph\":[{\"@type\":\"WebPage\",\"@id\":\"https:\/\/paracherkaoui.ma\/index.php\/produit\/odarym-serum-et-huile-de-soin-cheveux-secs-et-cassants-a-lhuile-vegetale-de-jojoba-50-ml-3\/\",\"url\":\"https:\/\/paracherkaoui.ma\/index.php\/produit\/odarym-serum-et-huile-de-soin-cheveux-secs-et-cassants-a-lhuile-vegetale-de-jojoba-50-ml-3\/\",\"name\":\"ODARYM SERUM ET HUILE DE SOIN CHEVEUX SECS ET CASSANTS A L'HUILE VEGETALE DE JOJOBA 50 ML - Paracherkaoui.ma\",\"isPartOf\":{\"@id\":\"https:\/\/paracherkaoui.ma\/#website\"},\"primaryImageOfPage\":{\"@id\":\"https:\/\/paracherkaoui.ma\/index.php\/produit\/odarym-serum-et-huile-de-soin-cheveux-secs-et-cassants-a-lhuile-vegetale-de-jojoba-50-ml-3\/#primaryimage\"},\"image\":{\"@id\":\"https:\/\/paracherkaoui.ma\/index.php\/produit\/odarym-serum-et-huile-de-soin-cheveux-secs-et-cassants-a-lhuile-vegetale-de-jojoba-50-ml-3\/#primaryimage\"},\"thumbnailUrl\":\"https:\/\/paracherkaoui.ma\/wp-content\/uploads\/2025\/12\/odarym-odarym-serum-et-huile-de-soin-cheveux-secs-et-cassants-a-lhuile-vegetale-de-jojoba-50-ml-soins-cheveux.jpg\",\"datePublished\":\"2025-12-12T18:30:56+00:00\",\"dateModified\":\"2025-12-12T18:31:01+00:00\",\"breadcrumb\":{\"@id\":\"https:\/\/paracherkaoui.ma\/index.php\/produit\/odarym-serum-et-huile-de-soin-cheveux-secs-et-cassants-a-lhuile-vegetale-de-jojoba-50-ml-3\/#breadcrumb\"},\"inLanguage\":\"fr-FR\",\"potentialAction\":[{\"@type\":\"ReadAction\",\"target\":[\"https:\/\/paracherkaoui.ma\/index.php\/produit\/odarym-serum-et-huile-de-soin-cheveux-secs-et-cassants-a-lhuile-vegetale-de-jojoba-50-ml-3\/\"]}]},{\"@type\":\"ImageObject\",\"inLanguage\":\"fr-FR\",\"@id\":\"https:\/\/paracherkaoui.ma\/index.php\/produit\/odarym-serum-et-huile-de-soin-cheveux-secs-et-cassants-a-lhuile-vegetale-de-jojoba-50-ml-3\/#primaryimage\",\"url\":\"https:\/\/paracherkaoui.ma\/wp-content\/uploads\/2025\/12\/odarym-odarym-serum-et-huile-de-soin-cheveux-secs-et-cassants-a-lhuile-vegetale-de-jojoba-50-ml-soins-cheveux.jpg\",\"contentUrl\":\"https:\/\/paracherkaoui.ma\/wp-content\/uploads\/2025\/12\/odarym-odarym-serum-et-huile-de-soin-cheveux-secs-et-cassants-a-lhuile-vegetale-de-jojoba-50-ml-soins-cheveux.jpg\",\"width\":700,\"height\":700},{\"@type\":\"BreadcrumbList\",\"@id\":\"https:\/\/paracherkaoui.ma\/index.php\/produit\/odarym-serum-et-huile-de-soin-cheveux-secs-et-cassants-a-lhuile-vegetale-de-jojoba-50-ml-3\/#breadcrumb\",\"itemListElement\":[{\"@type\":\"ListItem\",\"position\":1,\"name\":\"Accueil\",\"item\":\"https:\/\/paracherkaoui.ma\/\"},{\"@type\":\"ListItem\",\"position\":2,\"name\":\"Boutique\",\"item\":\"https:\/\/paracherkaoui.ma\/index.php\/boutique\/\"},{\"@type\":\"ListItem\",\"position\":3,\"name\":\"ODARYM SERUM ET HUILE DE SOIN CHEVEUX SECS ET CASSANTS A L&rsquo;HUILE VEGETALE DE JOJOBA 50 ML\"}]},{\"@type\":\"WebSite\",\"@id\":\"https:\/\/paracherkaoui.ma\/#website\",\"url\":\"https:\/\/paracherkaoui.ma\/\",\"name\":\"Paracherkaoui.ma\",\"description\":\"Achetez en ligne sur Paracherkaoui.ma\",\"potentialAction\":[{\"@type\":\"SearchAction\",\"target\":{\"@type\":\"EntryPoint\",\"urlTemplate\":\"https:\/\/paracherkaoui.ma\/?s={search_term_string}\"},\"query-input\":{\"@type\":\"PropertyValueSpecification\",\"valueRequired\":true,\"valueName\":\"search_term_string\"}}],\"inLanguage\":\"fr-FR\"}]}<\/script>\r\n<!-- \/ Yoast SEO plugin. -->","yoast_head_json":{"title":"ODARYM SERUM ET HUILE DE SOIN CHEVEUX SECS ET CASSANTS A L'HUILE VEGETALE DE JOJOBA 50 ML - Paracherkaoui.ma","robots":{"index":"index","follow":"follow","max-snippet":"max-snippet:-1","max-image-preview":"max-image-preview:large","max-video-preview":"max-video-preview:-1"},"canonical":"https:\/\/paracherkaoui.ma\/index.php\/produit\/odarym-serum-et-huile-de-soin-cheveux-secs-et-cassants-a-lhuile-vegetale-de-jojoba-50-ml-3\/","og_locale":"fr_FR","og_type":"article","og_title":"ODARYM SERUM ET HUILE DE SOIN CHEVEUX SECS ET CASSANTS A L'HUILE VEGETALE DE JOJOBA 50 ML - Paracherkaoui.ma","og_description":"Assouplissant et r\u00e9g\u00e9n\u00e9rant, ce s\u00e9rum r\u00e9pare toute la longueur des cheveux et les pointes s\u00e8ches et abim\u00e9es gr\u00e2ce au pouvoir","og_url":"https:\/\/paracherkaoui.ma\/index.php\/produit\/odarym-serum-et-huile-de-soin-cheveux-secs-et-cassants-a-lhuile-vegetale-de-jojoba-50-ml-3\/","og_site_name":"Paracherkaoui.ma","article_modified_time":"2025-12-12T18:31:01+00:00","og_image":[{"width":700,"height":700,"url":"https:\/\/paracherkaoui.ma\/wp-content\/uploads\/2025\/12\/odarym-odarym-serum-et-huile-de-soin-cheveux-secs-et-cassants-a-lhuile-vegetale-de-jojoba-50-ml-soins-cheveux.jpg","type":"image\/jpeg"}],"twitter_card":"summary_large_image","twitter_misc":{"Dur\u00e9e de lecture estim\u00e9e":"1 minute"},"schema":{"@context":"https:\/\/schema.org","@graph":[{"@type":"WebPage","@id":"https:\/\/paracherkaoui.ma\/index.php\/produit\/odarym-serum-et-huile-de-soin-cheveux-secs-et-cassants-a-lhuile-vegetale-de-jojoba-50-ml-3\/","url":"https:\/\/paracherkaoui.ma\/index.php\/produit\/odarym-serum-et-huile-de-soin-cheveux-secs-et-cassants-a-lhuile-vegetale-de-jojoba-50-ml-3\/","name":"ODARYM SERUM ET HUILE DE SOIN CHEVEUX SECS ET CASSANTS A L'HUILE VEGETALE DE JOJOBA 50 ML - Paracherkaoui.ma","isPartOf":{"@id":"https:\/\/paracherkaoui.ma\/#website"},"primaryImageOfPage":{"@id":"https:\/\/paracherkaoui.ma\/index.php\/produit\/odarym-serum-et-huile-de-soin-cheveux-secs-et-cassants-a-lhuile-vegetale-de-jojoba-50-ml-3\/#primaryimage"},"image":{"@id":"https:\/\/paracherkaoui.ma\/index.php\/produit\/odarym-serum-et-huile-de-soin-cheveux-secs-et-cassants-a-lhuile-vegetale-de-jojoba-50-ml-3\/#primaryimage"},"thumbnailUrl":"https:\/\/paracherkaoui.ma\/wp-content\/uploads\/2025\/12\/odarym-odarym-serum-et-huile-de-soin-cheveux-secs-et-cassants-a-lhuile-vegetale-de-jojoba-50-ml-soins-cheveux.jpg","datePublished":"2025-12-12T18:30:56+00:00","dateModified":"2025-12-12T18:31:01+00:00","breadcrumb":{"@id":"https:\/\/paracherkaoui.ma\/index.php\/produit\/odarym-serum-et-huile-de-soin-cheveux-secs-et-cassants-a-lhuile-vegetale-de-jojoba-50-ml-3\/#breadcrumb"},"inLanguage":"fr-FR","potentialAction":[{"@type":"ReadAction","target":["https:\/\/paracherkaoui.ma\/index.php\/produit\/odarym-serum-et-huile-de-soin-cheveux-secs-et-cassants-a-lhuile-vegetale-de-jojoba-50-ml-3\/"]}]},{"@type":"ImageObject","inLanguage":"fr-FR","@id":"https:\/\/paracherkaoui.ma\/index.php\/produit\/odarym-serum-et-huile-de-soin-cheveux-secs-et-cassants-a-lhuile-vegetale-de-jojoba-50-ml-3\/#primaryimage","url":"https:\/\/paracherkaoui.ma\/wp-content\/uploads\/2025\/12\/odarym-odarym-serum-et-huile-de-soin-cheveux-secs-et-cassants-a-lhuile-vegetale-de-jojoba-50-ml-soins-cheveux.jpg","contentUrl":"https:\/\/paracherkaoui.ma\/wp-content\/uploads\/2025\/12\/odarym-odarym-serum-et-huile-de-soin-cheveux-secs-et-cassants-a-lhuile-vegetale-de-jojoba-50-ml-soins-cheveux.jpg","width":700,"height":700},{"@type":"BreadcrumbList","@id":"https:\/\/paracherkaoui.ma\/index.php\/produit\/odarym-serum-et-huile-de-soin-cheveux-secs-et-cassants-a-lhuile-vegetale-de-jojoba-50-ml-3\/#breadcrumb","itemListElement":[{"@type":"ListItem","position":1,"name":"Accueil","item":"https:\/\/paracherkaoui.ma\/"},{"@type":"ListItem","position":2,"name":"Boutique","item":"https:\/\/paracherkaoui.ma\/index.php\/boutique\/"},{"@type":"ListItem","position":3,"name":"ODARYM SERUM ET HUILE DE SOIN CHEVEUX SECS ET CASSANTS A L&rsquo;HUILE VEGETALE DE JOJOBA 50 ML"}]},{"@type":"WebSite","@id":"https:\/\/paracherkaoui.ma\/#website","url":"https:\/\/paracherkaoui.ma\/","name":"Paracherkaoui.ma","description":"Achetez en ligne sur Paracherkaoui.ma","potentialAction":[{"@type":"SearchAction","target":{"@type":"EntryPoint","urlTemplate":"https:\/\/paracherkaoui.ma\/?s={search_term_string}"},"query-input":{"@type":"PropertyValueSpecification","valueRequired":true,"valueName":"search_term_string"}}],"inLanguage":"fr-FR"}]}},"_links":{"self":[{"href":"https:\/\/paracherkaoui.ma\/index.php\/wp-json\/wp\/v2\/product\/50248","targetHints":{"allow":["GET"]}}],"collection":[{"href":"https:\/\/paracherkaoui.ma\/index.php\/wp-json\/wp\/v2\/product"}],"about":[{"href":"https:\/\/paracherkaoui.ma\/index.php\/wp-json\/wp\/v2\/types\/product"}],"replies":[{"embeddable":true,"href":"https:\/\/paracherkaoui.ma\/index.php\/wp-json\/wp\/v2\/comments?post=50248"}],"version-history":[{"count":1,"href":"https:\/\/paracherkaoui.ma\/index.php\/wp-json\/wp\/v2\/product\/50248\/revisions"}],"predecessor-version":[{"id":50294,"href":"https:\/\/paracherkaoui.ma\/index.php\/wp-json\/wp\/v2\/product\/50248\/revisions\/50294"}],"wp:featuredmedia":[{"embeddable":true,"href":"https:\/\/paracherkaoui.ma\/index.php\/wp-json\/wp\/v2\/media\/16256"}],"wp:attachment":[{"href":"https:\/\/paracherkaoui.ma\/index.php\/wp-json\/wp\/v2\/media?parent=50248"}],"wp:term":[{"taxonomy":"product_brand","embeddable":true,"href":"https:\/\/paracherkaoui.ma\/index.php\/wp-json\/wp\/v2\/product_brand?post=50248"},{"taxonomy":"product_cat","embeddable":true,"href":"https:\/\/paracherkaoui.ma\/index.php\/wp-json\/wp\/v2\/product_cat?post=50248"},{"taxonomy":"product_tag","embeddable":true,"href":"https:\/\/paracherkaoui.ma\/index.php\/wp-json\/wp\/v2\/product_tag?post=50248"}],"curies":[{"name":"wp","href":"https:\/\/api.w.org\/{rel}","templated":true}]}}