{"id":50237,"date":"2025-12-12T19:30:55","date_gmt":"2025-12-12T18:30:55","guid":{"rendered":"https:\/\/test.ecbeaute.com\/?post_type=product&#038;p=50237"},"modified":"2025-12-12T19:30:59","modified_gmt":"2025-12-12T18:30:59","slug":"odarym-huile-bronzante-scintillante-100-ml","status":"publish","type":"product","link":"https:\/\/paracherkaoui.ma\/index.php\/produit\/odarym-huile-bronzante-scintillante-100-ml\/","title":{"rendered":"ODARYM HUILE BRONZANTE SCINTILLANTE 100 ML"},"content":{"rendered":"<p>Cette Huile bronzante pr\u00e9serve la beaut\u00e9 de la peau et offre une teinte bronz\u00e9e brillante, de plus, elle fournit, d\u00e8s la premi\u00e8re utilisation, des hydratants et des nutriments actifs. Le m\u00e9lange d\u2019huiles bronzantes (huile de carotte, huile de coco et huile d&rsquo;olive) regorge d\u2019ingr\u00e9dients essentiels pour la sant\u00e9 de la peau. Elle stimule le processus de bronzage et hydrate votre peau qui fait face \u00e0 des tiraillements et \u00e0 la d\u00e9shydratation dus \u00e0 un exc\u00e8s d\u2019exposition au soleil, \u00e0 l\u2019eau sal\u00e9e et au chlore! Elle laisse un doux parfum aux senteurs de coco.<br \/>\nConseils d&rsquo;utilisation :<br \/>\nPour un teint bronz\u00e9 intense, vous devez appliquer l\u2019huile bronzante 15 min avant toute exposition au soleil, sur tout le corps et bien \u00e9taler! il est recommand\u00e9 d\u2019utiliser notre soin solaire 15 minutes apr\u00e8s pour prot\u00e9ger sa peau du soleil!<br \/>\nComposition:<br \/>\nHuile de coco, Macerat huileux de carotte dans l&rsquo;Huile d\u2019olive, vitamine<\/p>\n","protected":false},"excerpt":{"rendered":"<p>Cette Huile bronzante pr\u00e9serve la beaut\u00e9 de la peau et offre une teinte bronz\u00e9e brillante, de plus, elle fournit, d\u00e8s<\/p>\n","protected":false},"featured_media":50277,"comment_status":"open","ping_status":"closed","template":"","meta":[],"product_brand":[208],"product_cat":[940],"product_tag":[],"class_list":{"0":"post-50237","1":"product","2":"type-product","3":"status-publish","4":"has-post-thumbnail","6":"product_brand-odarym","7":"product_cat-cosmetique-bio","9":"first","10":"instock","11":"shipping-taxable","12":"purchasable","13":"product-type-simple"},"yoast_head":"<!-- This site is optimized with the Yoast SEO plugin v26.6 - https:\/\/yoast.com\/wordpress\/plugins\/seo\/ -->\r\n<title>ODARYM HUILE BRONZANTE SCINTILLANTE 100 ML - Paracherkaoui.ma<\/title>\r\n<meta name=\"robots\" content=\"index, follow, max-snippet:-1, max-image-preview:large, max-video-preview:-1\" \/>\r\n<link rel=\"canonical\" href=\"https:\/\/paracherkaoui.ma\/index.php\/produit\/odarym-huile-bronzante-scintillante-100-ml\/\" \/>\r\n<meta property=\"og:locale\" content=\"fr_FR\" \/>\r\n<meta property=\"og:type\" content=\"article\" \/>\r\n<meta property=\"og:title\" content=\"ODARYM HUILE BRONZANTE SCINTILLANTE 100 ML - Paracherkaoui.ma\" \/>\r\n<meta property=\"og:description\" content=\"Cette Huile bronzante pr\u00e9serve la beaut\u00e9 de la peau et offre une teinte bronz\u00e9e brillante, de plus, elle fournit, d\u00e8s\" \/>\r\n<meta property=\"og:url\" content=\"https:\/\/paracherkaoui.ma\/index.php\/produit\/odarym-huile-bronzante-scintillante-100-ml\/\" \/>\r\n<meta property=\"og:site_name\" content=\"Paracherkaoui.ma\" \/>\r\n<meta property=\"article:modified_time\" content=\"2025-12-12T18:30:59+00:00\" \/>\r\n<meta property=\"og:image\" content=\"https:\/\/paracherkaoui.ma\/wp-content\/uploads\/2025\/12\/odarym-odarym-huile-bronzante-scintillante-100-ml-produits-bio-visage-et-corps.jpg\" \/>\r\n\t<meta property=\"og:image:width\" content=\"700\" \/>\r\n\t<meta property=\"og:image:height\" content=\"700\" \/>\r\n\t<meta property=\"og:image:type\" content=\"image\/jpeg\" \/>\r\n<meta name=\"twitter:card\" content=\"summary_large_image\" \/>\r\n<meta name=\"twitter:label1\" content=\"Dur\u00e9e de lecture estim\u00e9e\" \/>\n\t<meta name=\"twitter:data1\" content=\"1 minute\" \/>\r\n<script type=\"application\/ld+json\" class=\"yoast-schema-graph\">{\"@context\":\"https:\/\/schema.org\",\"@graph\":[{\"@type\":\"WebPage\",\"@id\":\"https:\/\/paracherkaoui.ma\/index.php\/produit\/odarym-huile-bronzante-scintillante-100-ml\/\",\"url\":\"https:\/\/paracherkaoui.ma\/index.php\/produit\/odarym-huile-bronzante-scintillante-100-ml\/\",\"name\":\"ODARYM HUILE BRONZANTE SCINTILLANTE 100 ML - Paracherkaoui.ma\",\"isPartOf\":{\"@id\":\"https:\/\/paracherkaoui.ma\/#website\"},\"primaryImageOfPage\":{\"@id\":\"https:\/\/paracherkaoui.ma\/index.php\/produit\/odarym-huile-bronzante-scintillante-100-ml\/#primaryimage\"},\"image\":{\"@id\":\"https:\/\/paracherkaoui.ma\/index.php\/produit\/odarym-huile-bronzante-scintillante-100-ml\/#primaryimage\"},\"thumbnailUrl\":\"https:\/\/paracherkaoui.ma\/wp-content\/uploads\/2025\/12\/odarym-odarym-huile-bronzante-scintillante-100-ml-produits-bio-visage-et-corps.jpg\",\"datePublished\":\"2025-12-12T18:30:55+00:00\",\"dateModified\":\"2025-12-12T18:30:59+00:00\",\"breadcrumb\":{\"@id\":\"https:\/\/paracherkaoui.ma\/index.php\/produit\/odarym-huile-bronzante-scintillante-100-ml\/#breadcrumb\"},\"inLanguage\":\"fr-FR\",\"potentialAction\":[{\"@type\":\"ReadAction\",\"target\":[\"https:\/\/paracherkaoui.ma\/index.php\/produit\/odarym-huile-bronzante-scintillante-100-ml\/\"]}]},{\"@type\":\"ImageObject\",\"inLanguage\":\"fr-FR\",\"@id\":\"https:\/\/paracherkaoui.ma\/index.php\/produit\/odarym-huile-bronzante-scintillante-100-ml\/#primaryimage\",\"url\":\"https:\/\/paracherkaoui.ma\/wp-content\/uploads\/2025\/12\/odarym-odarym-huile-bronzante-scintillante-100-ml-produits-bio-visage-et-corps.jpg\",\"contentUrl\":\"https:\/\/paracherkaoui.ma\/wp-content\/uploads\/2025\/12\/odarym-odarym-huile-bronzante-scintillante-100-ml-produits-bio-visage-et-corps.jpg\",\"width\":700,\"height\":700},{\"@type\":\"BreadcrumbList\",\"@id\":\"https:\/\/paracherkaoui.ma\/index.php\/produit\/odarym-huile-bronzante-scintillante-100-ml\/#breadcrumb\",\"itemListElement\":[{\"@type\":\"ListItem\",\"position\":1,\"name\":\"Accueil\",\"item\":\"https:\/\/paracherkaoui.ma\/\"},{\"@type\":\"ListItem\",\"position\":2,\"name\":\"Boutique\",\"item\":\"https:\/\/paracherkaoui.ma\/index.php\/boutique\/\"},{\"@type\":\"ListItem\",\"position\":3,\"name\":\"ODARYM HUILE BRONZANTE SCINTILLANTE 100 ML\"}]},{\"@type\":\"WebSite\",\"@id\":\"https:\/\/paracherkaoui.ma\/#website\",\"url\":\"https:\/\/paracherkaoui.ma\/\",\"name\":\"Paracherkaoui.ma\",\"description\":\"Achetez en ligne sur Paracherkaoui.ma\",\"potentialAction\":[{\"@type\":\"SearchAction\",\"target\":{\"@type\":\"EntryPoint\",\"urlTemplate\":\"https:\/\/paracherkaoui.ma\/?s={search_term_string}\"},\"query-input\":{\"@type\":\"PropertyValueSpecification\",\"valueRequired\":true,\"valueName\":\"search_term_string\"}}],\"inLanguage\":\"fr-FR\"}]}<\/script>\r\n<!-- \/ Yoast SEO plugin. -->","yoast_head_json":{"title":"ODARYM HUILE BRONZANTE SCINTILLANTE 100 ML - Paracherkaoui.ma","robots":{"index":"index","follow":"follow","max-snippet":"max-snippet:-1","max-image-preview":"max-image-preview:large","max-video-preview":"max-video-preview:-1"},"canonical":"https:\/\/paracherkaoui.ma\/index.php\/produit\/odarym-huile-bronzante-scintillante-100-ml\/","og_locale":"fr_FR","og_type":"article","og_title":"ODARYM HUILE BRONZANTE SCINTILLANTE 100 ML - Paracherkaoui.ma","og_description":"Cette Huile bronzante pr\u00e9serve la beaut\u00e9 de la peau et offre une teinte bronz\u00e9e brillante, de plus, elle fournit, d\u00e8s","og_url":"https:\/\/paracherkaoui.ma\/index.php\/produit\/odarym-huile-bronzante-scintillante-100-ml\/","og_site_name":"Paracherkaoui.ma","article_modified_time":"2025-12-12T18:30:59+00:00","og_image":[{"width":700,"height":700,"url":"https:\/\/paracherkaoui.ma\/wp-content\/uploads\/2025\/12\/odarym-odarym-huile-bronzante-scintillante-100-ml-produits-bio-visage-et-corps.jpg","type":"image\/jpeg"}],"twitter_card":"summary_large_image","twitter_misc":{"Dur\u00e9e de lecture estim\u00e9e":"1 minute"},"schema":{"@context":"https:\/\/schema.org","@graph":[{"@type":"WebPage","@id":"https:\/\/paracherkaoui.ma\/index.php\/produit\/odarym-huile-bronzante-scintillante-100-ml\/","url":"https:\/\/paracherkaoui.ma\/index.php\/produit\/odarym-huile-bronzante-scintillante-100-ml\/","name":"ODARYM HUILE BRONZANTE SCINTILLANTE 100 ML - Paracherkaoui.ma","isPartOf":{"@id":"https:\/\/paracherkaoui.ma\/#website"},"primaryImageOfPage":{"@id":"https:\/\/paracherkaoui.ma\/index.php\/produit\/odarym-huile-bronzante-scintillante-100-ml\/#primaryimage"},"image":{"@id":"https:\/\/paracherkaoui.ma\/index.php\/produit\/odarym-huile-bronzante-scintillante-100-ml\/#primaryimage"},"thumbnailUrl":"https:\/\/paracherkaoui.ma\/wp-content\/uploads\/2025\/12\/odarym-odarym-huile-bronzante-scintillante-100-ml-produits-bio-visage-et-corps.jpg","datePublished":"2025-12-12T18:30:55+00:00","dateModified":"2025-12-12T18:30:59+00:00","breadcrumb":{"@id":"https:\/\/paracherkaoui.ma\/index.php\/produit\/odarym-huile-bronzante-scintillante-100-ml\/#breadcrumb"},"inLanguage":"fr-FR","potentialAction":[{"@type":"ReadAction","target":["https:\/\/paracherkaoui.ma\/index.php\/produit\/odarym-huile-bronzante-scintillante-100-ml\/"]}]},{"@type":"ImageObject","inLanguage":"fr-FR","@id":"https:\/\/paracherkaoui.ma\/index.php\/produit\/odarym-huile-bronzante-scintillante-100-ml\/#primaryimage","url":"https:\/\/paracherkaoui.ma\/wp-content\/uploads\/2025\/12\/odarym-odarym-huile-bronzante-scintillante-100-ml-produits-bio-visage-et-corps.jpg","contentUrl":"https:\/\/paracherkaoui.ma\/wp-content\/uploads\/2025\/12\/odarym-odarym-huile-bronzante-scintillante-100-ml-produits-bio-visage-et-corps.jpg","width":700,"height":700},{"@type":"BreadcrumbList","@id":"https:\/\/paracherkaoui.ma\/index.php\/produit\/odarym-huile-bronzante-scintillante-100-ml\/#breadcrumb","itemListElement":[{"@type":"ListItem","position":1,"name":"Accueil","item":"https:\/\/paracherkaoui.ma\/"},{"@type":"ListItem","position":2,"name":"Boutique","item":"https:\/\/paracherkaoui.ma\/index.php\/boutique\/"},{"@type":"ListItem","position":3,"name":"ODARYM HUILE BRONZANTE SCINTILLANTE 100 ML"}]},{"@type":"WebSite","@id":"https:\/\/paracherkaoui.ma\/#website","url":"https:\/\/paracherkaoui.ma\/","name":"Paracherkaoui.ma","description":"Achetez en ligne sur Paracherkaoui.ma","potentialAction":[{"@type":"SearchAction","target":{"@type":"EntryPoint","urlTemplate":"https:\/\/paracherkaoui.ma\/?s={search_term_string}"},"query-input":{"@type":"PropertyValueSpecification","valueRequired":true,"valueName":"search_term_string"}}],"inLanguage":"fr-FR"}]}},"_links":{"self":[{"href":"https:\/\/paracherkaoui.ma\/index.php\/wp-json\/wp\/v2\/product\/50237","targetHints":{"allow":["GET"]}}],"collection":[{"href":"https:\/\/paracherkaoui.ma\/index.php\/wp-json\/wp\/v2\/product"}],"about":[{"href":"https:\/\/paracherkaoui.ma\/index.php\/wp-json\/wp\/v2\/types\/product"}],"replies":[{"embeddable":true,"href":"https:\/\/paracherkaoui.ma\/index.php\/wp-json\/wp\/v2\/comments?post=50237"}],"version-history":[{"count":1,"href":"https:\/\/paracherkaoui.ma\/index.php\/wp-json\/wp\/v2\/product\/50237\/revisions"}],"predecessor-version":[{"id":50278,"href":"https:\/\/paracherkaoui.ma\/index.php\/wp-json\/wp\/v2\/product\/50237\/revisions\/50278"}],"wp:featuredmedia":[{"embeddable":true,"href":"https:\/\/paracherkaoui.ma\/index.php\/wp-json\/wp\/v2\/media\/50277"}],"wp:attachment":[{"href":"https:\/\/paracherkaoui.ma\/index.php\/wp-json\/wp\/v2\/media?parent=50237"}],"wp:term":[{"taxonomy":"product_brand","embeddable":true,"href":"https:\/\/paracherkaoui.ma\/index.php\/wp-json\/wp\/v2\/product_brand?post=50237"},{"taxonomy":"product_cat","embeddable":true,"href":"https:\/\/paracherkaoui.ma\/index.php\/wp-json\/wp\/v2\/product_cat?post=50237"},{"taxonomy":"product_tag","embeddable":true,"href":"https:\/\/paracherkaoui.ma\/index.php\/wp-json\/wp\/v2\/product_tag?post=50237"}],"curies":[{"name":"wp","href":"https:\/\/api.w.org\/{rel}","templated":true}]}}