{"id":50230,"date":"2025-12-12T19:30:55","date_gmt":"2025-12-12T18:30:55","guid":{"rendered":"https:\/\/test.ecbeaute.com\/?post_type=product&#038;p=50230"},"modified":"2025-12-12T19:30:58","modified_gmt":"2025-12-12T18:30:58","slug":"so-bio-lait-demaquillant-soyeux-lait-danesse-200ml-sobio","status":"publish","type":"product","link":"https:\/\/paracherkaoui.ma\/index.php\/produit\/so-bio-lait-demaquillant-soyeux-lait-danesse-200ml-sobio\/","title":{"rendered":"SO BIO Lait d\u00e9maquillant soyeux LAIT D&rsquo;ANESSE 200ML &#8211; SOBIO"},"content":{"rendered":"<p>Le Lait d\u00e9maquillant \u00e9limine en douceur toutes les traces de maquillage et d&rsquo;impuret\u00e9s. Sa texture l\u00e9g\u00e8re et non grasse laisse la peau nette, douce et hydrat\u00e9e(1).<br \/>\nFormul\u00e9 avec(2) du Lait d&rsquo;\u00c2nesse bio adoucissant et r\u00e9g\u00e9n\u00e9rant et de l&rsquo;eau florale de Camomille bio apaisante.<br \/>\nTest\u00e9 sous contr\u00f4le dermatologique.<br \/>\nVisage, yeux, l\u00e8vres<br \/>\nLait d&rsquo;\u00c2nesse bio, eau florale de Camomille<br \/>\n99% d&rsquo;origine naturelle<br \/>\n0% silicone, 0% parfum de synth\u00e8se<\/p>\n","protected":false},"excerpt":{"rendered":"<p>Le Lait d\u00e9maquillant \u00e9limine en douceur toutes les traces de maquillage et d&rsquo;impuret\u00e9s. Sa texture l\u00e9g\u00e8re et non grasse laisse<\/p>\n","protected":false},"featured_media":50266,"comment_status":"open","ping_status":"closed","template":"","meta":[],"product_brand":[212],"product_cat":[940],"product_tag":[],"class_list":{"0":"post-50230","1":"product","2":"type-product","3":"status-publish","4":"has-post-thumbnail","6":"product_brand-so-bio","7":"product_cat-cosmetique-bio","9":"first","10":"instock","11":"shipping-taxable","12":"purchasable","13":"product-type-simple"},"yoast_head":"<!-- This site is optimized with the Yoast SEO plugin v26.6 - https:\/\/yoast.com\/wordpress\/plugins\/seo\/ -->\r\n<title>SO BIO Lait d\u00e9maquillant soyeux LAIT D&#039;ANESSE 200ML - SOBIO - Paracherkaoui.ma<\/title>\r\n<meta name=\"robots\" content=\"index, follow, max-snippet:-1, max-image-preview:large, max-video-preview:-1\" \/>\r\n<link rel=\"canonical\" href=\"https:\/\/paracherkaoui.ma\/index.php\/produit\/so-bio-lait-demaquillant-soyeux-lait-danesse-200ml-sobio\/\" \/>\r\n<meta property=\"og:locale\" content=\"fr_FR\" \/>\r\n<meta property=\"og:type\" content=\"article\" \/>\r\n<meta property=\"og:title\" content=\"SO BIO Lait d\u00e9maquillant soyeux LAIT D&#039;ANESSE 200ML - SOBIO - Paracherkaoui.ma\" \/>\r\n<meta property=\"og:description\" content=\"Le Lait d\u00e9maquillant \u00e9limine en douceur toutes les traces de maquillage et d&rsquo;impuret\u00e9s. Sa texture l\u00e9g\u00e8re et non grasse laisse\" \/>\r\n<meta property=\"og:url\" content=\"https:\/\/paracherkaoui.ma\/index.php\/produit\/so-bio-lait-demaquillant-soyeux-lait-danesse-200ml-sobio\/\" \/>\r\n<meta property=\"og:site_name\" content=\"Paracherkaoui.ma\" \/>\r\n<meta property=\"article:modified_time\" content=\"2025-12-12T18:30:58+00:00\" \/>\r\n<meta property=\"og:image\" content=\"https:\/\/paracherkaoui.ma\/wp-content\/uploads\/2025\/12\/so-bio-so-bio-lait-demaquillant-soyeux-lait-danesse-200ml-sobio-soins-visage-et-corps.jpg\" \/>\r\n\t<meta property=\"og:image:width\" content=\"700\" \/>\r\n\t<meta property=\"og:image:height\" content=\"700\" \/>\r\n\t<meta property=\"og:image:type\" content=\"image\/jpeg\" \/>\r\n<meta name=\"twitter:card\" content=\"summary_large_image\" \/>\r\n<script type=\"application\/ld+json\" class=\"yoast-schema-graph\">{\"@context\":\"https:\/\/schema.org\",\"@graph\":[{\"@type\":\"WebPage\",\"@id\":\"https:\/\/paracherkaoui.ma\/index.php\/produit\/so-bio-lait-demaquillant-soyeux-lait-danesse-200ml-sobio\/\",\"url\":\"https:\/\/paracherkaoui.ma\/index.php\/produit\/so-bio-lait-demaquillant-soyeux-lait-danesse-200ml-sobio\/\",\"name\":\"SO BIO Lait d\u00e9maquillant soyeux LAIT D'ANESSE 200ML - SOBIO - Paracherkaoui.ma\",\"isPartOf\":{\"@id\":\"https:\/\/paracherkaoui.ma\/#website\"},\"primaryImageOfPage\":{\"@id\":\"https:\/\/paracherkaoui.ma\/index.php\/produit\/so-bio-lait-demaquillant-soyeux-lait-danesse-200ml-sobio\/#primaryimage\"},\"image\":{\"@id\":\"https:\/\/paracherkaoui.ma\/index.php\/produit\/so-bio-lait-demaquillant-soyeux-lait-danesse-200ml-sobio\/#primaryimage\"},\"thumbnailUrl\":\"https:\/\/paracherkaoui.ma\/wp-content\/uploads\/2025\/12\/so-bio-so-bio-lait-demaquillant-soyeux-lait-danesse-200ml-sobio-soins-visage-et-corps.jpg\",\"datePublished\":\"2025-12-12T18:30:55+00:00\",\"dateModified\":\"2025-12-12T18:30:58+00:00\",\"breadcrumb\":{\"@id\":\"https:\/\/paracherkaoui.ma\/index.php\/produit\/so-bio-lait-demaquillant-soyeux-lait-danesse-200ml-sobio\/#breadcrumb\"},\"inLanguage\":\"fr-FR\",\"potentialAction\":[{\"@type\":\"ReadAction\",\"target\":[\"https:\/\/paracherkaoui.ma\/index.php\/produit\/so-bio-lait-demaquillant-soyeux-lait-danesse-200ml-sobio\/\"]}]},{\"@type\":\"ImageObject\",\"inLanguage\":\"fr-FR\",\"@id\":\"https:\/\/paracherkaoui.ma\/index.php\/produit\/so-bio-lait-demaquillant-soyeux-lait-danesse-200ml-sobio\/#primaryimage\",\"url\":\"https:\/\/paracherkaoui.ma\/wp-content\/uploads\/2025\/12\/so-bio-so-bio-lait-demaquillant-soyeux-lait-danesse-200ml-sobio-soins-visage-et-corps.jpg\",\"contentUrl\":\"https:\/\/paracherkaoui.ma\/wp-content\/uploads\/2025\/12\/so-bio-so-bio-lait-demaquillant-soyeux-lait-danesse-200ml-sobio-soins-visage-et-corps.jpg\",\"width\":700,\"height\":700},{\"@type\":\"BreadcrumbList\",\"@id\":\"https:\/\/paracherkaoui.ma\/index.php\/produit\/so-bio-lait-demaquillant-soyeux-lait-danesse-200ml-sobio\/#breadcrumb\",\"itemListElement\":[{\"@type\":\"ListItem\",\"position\":1,\"name\":\"Accueil\",\"item\":\"https:\/\/paracherkaoui.ma\/\"},{\"@type\":\"ListItem\",\"position\":2,\"name\":\"Boutique\",\"item\":\"https:\/\/paracherkaoui.ma\/index.php\/boutique\/\"},{\"@type\":\"ListItem\",\"position\":3,\"name\":\"SO BIO Lait d\u00e9maquillant soyeux LAIT D&rsquo;ANESSE 200ML &#8211; SOBIO\"}]},{\"@type\":\"WebSite\",\"@id\":\"https:\/\/paracherkaoui.ma\/#website\",\"url\":\"https:\/\/paracherkaoui.ma\/\",\"name\":\"Paracherkaoui.ma\",\"description\":\"Achetez en ligne sur Paracherkaoui.ma\",\"potentialAction\":[{\"@type\":\"SearchAction\",\"target\":{\"@type\":\"EntryPoint\",\"urlTemplate\":\"https:\/\/paracherkaoui.ma\/?s={search_term_string}\"},\"query-input\":{\"@type\":\"PropertyValueSpecification\",\"valueRequired\":true,\"valueName\":\"search_term_string\"}}],\"inLanguage\":\"fr-FR\"}]}<\/script>\r\n<!-- \/ Yoast SEO plugin. -->","yoast_head_json":{"title":"SO BIO Lait d\u00e9maquillant soyeux LAIT D'ANESSE 200ML - SOBIO - Paracherkaoui.ma","robots":{"index":"index","follow":"follow","max-snippet":"max-snippet:-1","max-image-preview":"max-image-preview:large","max-video-preview":"max-video-preview:-1"},"canonical":"https:\/\/paracherkaoui.ma\/index.php\/produit\/so-bio-lait-demaquillant-soyeux-lait-danesse-200ml-sobio\/","og_locale":"fr_FR","og_type":"article","og_title":"SO BIO Lait d\u00e9maquillant soyeux LAIT D'ANESSE 200ML - SOBIO - Paracherkaoui.ma","og_description":"Le Lait d\u00e9maquillant \u00e9limine en douceur toutes les traces de maquillage et d&rsquo;impuret\u00e9s. Sa texture l\u00e9g\u00e8re et non grasse laisse","og_url":"https:\/\/paracherkaoui.ma\/index.php\/produit\/so-bio-lait-demaquillant-soyeux-lait-danesse-200ml-sobio\/","og_site_name":"Paracherkaoui.ma","article_modified_time":"2025-12-12T18:30:58+00:00","og_image":[{"width":700,"height":700,"url":"https:\/\/paracherkaoui.ma\/wp-content\/uploads\/2025\/12\/so-bio-so-bio-lait-demaquillant-soyeux-lait-danesse-200ml-sobio-soins-visage-et-corps.jpg","type":"image\/jpeg"}],"twitter_card":"summary_large_image","schema":{"@context":"https:\/\/schema.org","@graph":[{"@type":"WebPage","@id":"https:\/\/paracherkaoui.ma\/index.php\/produit\/so-bio-lait-demaquillant-soyeux-lait-danesse-200ml-sobio\/","url":"https:\/\/paracherkaoui.ma\/index.php\/produit\/so-bio-lait-demaquillant-soyeux-lait-danesse-200ml-sobio\/","name":"SO BIO Lait d\u00e9maquillant soyeux LAIT D'ANESSE 200ML - SOBIO - Paracherkaoui.ma","isPartOf":{"@id":"https:\/\/paracherkaoui.ma\/#website"},"primaryImageOfPage":{"@id":"https:\/\/paracherkaoui.ma\/index.php\/produit\/so-bio-lait-demaquillant-soyeux-lait-danesse-200ml-sobio\/#primaryimage"},"image":{"@id":"https:\/\/paracherkaoui.ma\/index.php\/produit\/so-bio-lait-demaquillant-soyeux-lait-danesse-200ml-sobio\/#primaryimage"},"thumbnailUrl":"https:\/\/paracherkaoui.ma\/wp-content\/uploads\/2025\/12\/so-bio-so-bio-lait-demaquillant-soyeux-lait-danesse-200ml-sobio-soins-visage-et-corps.jpg","datePublished":"2025-12-12T18:30:55+00:00","dateModified":"2025-12-12T18:30:58+00:00","breadcrumb":{"@id":"https:\/\/paracherkaoui.ma\/index.php\/produit\/so-bio-lait-demaquillant-soyeux-lait-danesse-200ml-sobio\/#breadcrumb"},"inLanguage":"fr-FR","potentialAction":[{"@type":"ReadAction","target":["https:\/\/paracherkaoui.ma\/index.php\/produit\/so-bio-lait-demaquillant-soyeux-lait-danesse-200ml-sobio\/"]}]},{"@type":"ImageObject","inLanguage":"fr-FR","@id":"https:\/\/paracherkaoui.ma\/index.php\/produit\/so-bio-lait-demaquillant-soyeux-lait-danesse-200ml-sobio\/#primaryimage","url":"https:\/\/paracherkaoui.ma\/wp-content\/uploads\/2025\/12\/so-bio-so-bio-lait-demaquillant-soyeux-lait-danesse-200ml-sobio-soins-visage-et-corps.jpg","contentUrl":"https:\/\/paracherkaoui.ma\/wp-content\/uploads\/2025\/12\/so-bio-so-bio-lait-demaquillant-soyeux-lait-danesse-200ml-sobio-soins-visage-et-corps.jpg","width":700,"height":700},{"@type":"BreadcrumbList","@id":"https:\/\/paracherkaoui.ma\/index.php\/produit\/so-bio-lait-demaquillant-soyeux-lait-danesse-200ml-sobio\/#breadcrumb","itemListElement":[{"@type":"ListItem","position":1,"name":"Accueil","item":"https:\/\/paracherkaoui.ma\/"},{"@type":"ListItem","position":2,"name":"Boutique","item":"https:\/\/paracherkaoui.ma\/index.php\/boutique\/"},{"@type":"ListItem","position":3,"name":"SO BIO Lait d\u00e9maquillant soyeux LAIT D&rsquo;ANESSE 200ML &#8211; SOBIO"}]},{"@type":"WebSite","@id":"https:\/\/paracherkaoui.ma\/#website","url":"https:\/\/paracherkaoui.ma\/","name":"Paracherkaoui.ma","description":"Achetez en ligne sur Paracherkaoui.ma","potentialAction":[{"@type":"SearchAction","target":{"@type":"EntryPoint","urlTemplate":"https:\/\/paracherkaoui.ma\/?s={search_term_string}"},"query-input":{"@type":"PropertyValueSpecification","valueRequired":true,"valueName":"search_term_string"}}],"inLanguage":"fr-FR"}]}},"_links":{"self":[{"href":"https:\/\/paracherkaoui.ma\/index.php\/wp-json\/wp\/v2\/product\/50230","targetHints":{"allow":["GET"]}}],"collection":[{"href":"https:\/\/paracherkaoui.ma\/index.php\/wp-json\/wp\/v2\/product"}],"about":[{"href":"https:\/\/paracherkaoui.ma\/index.php\/wp-json\/wp\/v2\/types\/product"}],"replies":[{"embeddable":true,"href":"https:\/\/paracherkaoui.ma\/index.php\/wp-json\/wp\/v2\/comments?post=50230"}],"version-history":[{"count":1,"href":"https:\/\/paracherkaoui.ma\/index.php\/wp-json\/wp\/v2\/product\/50230\/revisions"}],"predecessor-version":[{"id":50267,"href":"https:\/\/paracherkaoui.ma\/index.php\/wp-json\/wp\/v2\/product\/50230\/revisions\/50267"}],"wp:featuredmedia":[{"embeddable":true,"href":"https:\/\/paracherkaoui.ma\/index.php\/wp-json\/wp\/v2\/media\/50266"}],"wp:attachment":[{"href":"https:\/\/paracherkaoui.ma\/index.php\/wp-json\/wp\/v2\/media?parent=50230"}],"wp:term":[{"taxonomy":"product_brand","embeddable":true,"href":"https:\/\/paracherkaoui.ma\/index.php\/wp-json\/wp\/v2\/product_brand?post=50230"},{"taxonomy":"product_cat","embeddable":true,"href":"https:\/\/paracherkaoui.ma\/index.php\/wp-json\/wp\/v2\/product_cat?post=50230"},{"taxonomy":"product_tag","embeddable":true,"href":"https:\/\/paracherkaoui.ma\/index.php\/wp-json\/wp\/v2\/product_tag?post=50230"}],"curies":[{"name":"wp","href":"https:\/\/api.w.org\/{rel}","templated":true}]}}