{"id":50224,"date":"2025-12-12T19:30:54","date_gmt":"2025-12-12T18:30:54","guid":{"rendered":"https:\/\/test.ecbeaute.com\/?post_type=product&#038;p=50224"},"modified":"2025-12-12T19:30:57","modified_gmt":"2025-12-12T18:30:57","slug":"so-bio-apres-shampooing-cheveux-hydrates-coco-bio-et-acide-hyaluronique-200ml","status":"publish","type":"product","link":"https:\/\/paracherkaoui.ma\/index.php\/produit\/so-bio-apres-shampooing-cheveux-hydrates-coco-bio-et-acide-hyaluronique-200ml\/","title":{"rendered":"SO BIO APRES SHAMPOOING CHEVEUX HYDRATES COCO BIO ET ACIDE HYALURONIQUE 200ML"},"content":{"rendered":"<p>Pour des CHEVEUX HYDRAT\u00c9S, l&rsquo;apr\u00e8s-shampooing \u00e0 l&rsquo;huile de Coco &#038; Acide hyaluronique est adapt\u00e9<br \/>\n\u00e0 tous les types de cheveux et particuli\u00e8rement aux cheveux dess\u00e9ch\u00e9s (vent, pluie, pollution, mauvaise alimentation, stress ou encore tabac). Il d\u00e9m\u00eale et hydrate d\u00e9licatement votre chevelure.<br \/>\nLe coiffage est facilit\u00e9, vos cheveux retrouvent souplesse et douceur instantan\u00e9ment !<br \/>\nContenance : 200mL &#8211; 6.76 Fl.Oz<br \/>\nConseils :<br \/>\nAppliquer apr\u00e8s votre shampooing sur mi-longueurs et pointes.<br \/>\nLaisser agir 1 \u00e0 2 minutes. Rincer tr\u00e8s soigneusement.<\/p>\n","protected":false},"excerpt":{"rendered":"<p>Pour des CHEVEUX HYDRAT\u00c9S, l&rsquo;apr\u00e8s-shampooing \u00e0 l&rsquo;huile de Coco &#038; Acide hyaluronique est adapt\u00e9 \u00e0 tous les types de cheveux<\/p>\n","protected":false},"featured_media":50255,"comment_status":"open","ping_status":"closed","template":"","meta":[],"product_brand":[212],"product_cat":[940],"product_tag":[],"class_list":{"0":"post-50224","1":"product","2":"type-product","3":"status-publish","4":"has-post-thumbnail","6":"product_brand-so-bio","7":"product_cat-cosmetique-bio","9":"first","10":"instock","11":"shipping-taxable","12":"purchasable","13":"product-type-simple"},"yoast_head":"<!-- This site is optimized with the Yoast SEO plugin v26.6 - https:\/\/yoast.com\/wordpress\/plugins\/seo\/ -->\r\n<title>SO BIO APRES SHAMPOOING CHEVEUX HYDRATES COCO BIO ET ACIDE HYALURONIQUE 200ML - Paracherkaoui.ma<\/title>\r\n<meta name=\"robots\" content=\"index, follow, max-snippet:-1, max-image-preview:large, max-video-preview:-1\" \/>\r\n<link rel=\"canonical\" href=\"https:\/\/paracherkaoui.ma\/index.php\/produit\/so-bio-apres-shampooing-cheveux-hydrates-coco-bio-et-acide-hyaluronique-200ml\/\" \/>\r\n<meta property=\"og:locale\" content=\"fr_FR\" \/>\r\n<meta property=\"og:type\" content=\"article\" \/>\r\n<meta property=\"og:title\" content=\"SO BIO APRES SHAMPOOING CHEVEUX HYDRATES COCO BIO ET ACIDE HYALURONIQUE 200ML - Paracherkaoui.ma\" \/>\r\n<meta property=\"og:description\" content=\"Pour des CHEVEUX HYDRAT\u00c9S, l&rsquo;apr\u00e8s-shampooing \u00e0 l&rsquo;huile de Coco &#038; Acide hyaluronique est adapt\u00e9 \u00e0 tous les types de cheveux\" \/>\r\n<meta property=\"og:url\" content=\"https:\/\/paracherkaoui.ma\/index.php\/produit\/so-bio-apres-shampooing-cheveux-hydrates-coco-bio-et-acide-hyaluronique-200ml\/\" \/>\r\n<meta property=\"og:site_name\" content=\"Paracherkaoui.ma\" \/>\r\n<meta property=\"article:modified_time\" content=\"2025-12-12T18:30:57+00:00\" \/>\r\n<meta property=\"og:image\" content=\"https:\/\/paracherkaoui.ma\/wp-content\/uploads\/2025\/12\/so-bio-so-bio-apres-shampooing-cheveux-hydrates-coco-bio-et-acide-hyaluronique-200ml-soins-cheveux.jpg\" \/>\r\n\t<meta property=\"og:image:width\" content=\"700\" \/>\r\n\t<meta property=\"og:image:height\" content=\"700\" \/>\r\n\t<meta property=\"og:image:type\" content=\"image\/jpeg\" \/>\r\n<meta name=\"twitter:card\" content=\"summary_large_image\" \/>\r\n<script type=\"application\/ld+json\" class=\"yoast-schema-graph\">{\"@context\":\"https:\/\/schema.org\",\"@graph\":[{\"@type\":\"WebPage\",\"@id\":\"https:\/\/paracherkaoui.ma\/index.php\/produit\/so-bio-apres-shampooing-cheveux-hydrates-coco-bio-et-acide-hyaluronique-200ml\/\",\"url\":\"https:\/\/paracherkaoui.ma\/index.php\/produit\/so-bio-apres-shampooing-cheveux-hydrates-coco-bio-et-acide-hyaluronique-200ml\/\",\"name\":\"SO BIO APRES SHAMPOOING CHEVEUX HYDRATES COCO BIO ET ACIDE HYALURONIQUE 200ML - Paracherkaoui.ma\",\"isPartOf\":{\"@id\":\"https:\/\/paracherkaoui.ma\/#website\"},\"primaryImageOfPage\":{\"@id\":\"https:\/\/paracherkaoui.ma\/index.php\/produit\/so-bio-apres-shampooing-cheveux-hydrates-coco-bio-et-acide-hyaluronique-200ml\/#primaryimage\"},\"image\":{\"@id\":\"https:\/\/paracherkaoui.ma\/index.php\/produit\/so-bio-apres-shampooing-cheveux-hydrates-coco-bio-et-acide-hyaluronique-200ml\/#primaryimage\"},\"thumbnailUrl\":\"https:\/\/paracherkaoui.ma\/wp-content\/uploads\/2025\/12\/so-bio-so-bio-apres-shampooing-cheveux-hydrates-coco-bio-et-acide-hyaluronique-200ml-soins-cheveux.jpg\",\"datePublished\":\"2025-12-12T18:30:54+00:00\",\"dateModified\":\"2025-12-12T18:30:57+00:00\",\"breadcrumb\":{\"@id\":\"https:\/\/paracherkaoui.ma\/index.php\/produit\/so-bio-apres-shampooing-cheveux-hydrates-coco-bio-et-acide-hyaluronique-200ml\/#breadcrumb\"},\"inLanguage\":\"fr-FR\",\"potentialAction\":[{\"@type\":\"ReadAction\",\"target\":[\"https:\/\/paracherkaoui.ma\/index.php\/produit\/so-bio-apres-shampooing-cheveux-hydrates-coco-bio-et-acide-hyaluronique-200ml\/\"]}]},{\"@type\":\"ImageObject\",\"inLanguage\":\"fr-FR\",\"@id\":\"https:\/\/paracherkaoui.ma\/index.php\/produit\/so-bio-apres-shampooing-cheveux-hydrates-coco-bio-et-acide-hyaluronique-200ml\/#primaryimage\",\"url\":\"https:\/\/paracherkaoui.ma\/wp-content\/uploads\/2025\/12\/so-bio-so-bio-apres-shampooing-cheveux-hydrates-coco-bio-et-acide-hyaluronique-200ml-soins-cheveux.jpg\",\"contentUrl\":\"https:\/\/paracherkaoui.ma\/wp-content\/uploads\/2025\/12\/so-bio-so-bio-apres-shampooing-cheveux-hydrates-coco-bio-et-acide-hyaluronique-200ml-soins-cheveux.jpg\",\"width\":700,\"height\":700},{\"@type\":\"BreadcrumbList\",\"@id\":\"https:\/\/paracherkaoui.ma\/index.php\/produit\/so-bio-apres-shampooing-cheveux-hydrates-coco-bio-et-acide-hyaluronique-200ml\/#breadcrumb\",\"itemListElement\":[{\"@type\":\"ListItem\",\"position\":1,\"name\":\"Accueil\",\"item\":\"https:\/\/paracherkaoui.ma\/\"},{\"@type\":\"ListItem\",\"position\":2,\"name\":\"Boutique\",\"item\":\"https:\/\/paracherkaoui.ma\/index.php\/boutique\/\"},{\"@type\":\"ListItem\",\"position\":3,\"name\":\"SO BIO APRES SHAMPOOING CHEVEUX HYDRATES COCO BIO ET ACIDE HYALURONIQUE 200ML\"}]},{\"@type\":\"WebSite\",\"@id\":\"https:\/\/paracherkaoui.ma\/#website\",\"url\":\"https:\/\/paracherkaoui.ma\/\",\"name\":\"Paracherkaoui.ma\",\"description\":\"Achetez en ligne sur Paracherkaoui.ma\",\"potentialAction\":[{\"@type\":\"SearchAction\",\"target\":{\"@type\":\"EntryPoint\",\"urlTemplate\":\"https:\/\/paracherkaoui.ma\/?s={search_term_string}\"},\"query-input\":{\"@type\":\"PropertyValueSpecification\",\"valueRequired\":true,\"valueName\":\"search_term_string\"}}],\"inLanguage\":\"fr-FR\"}]}<\/script>\r\n<!-- \/ Yoast SEO plugin. -->","yoast_head_json":{"title":"SO BIO APRES SHAMPOOING CHEVEUX HYDRATES COCO BIO ET ACIDE HYALURONIQUE 200ML - Paracherkaoui.ma","robots":{"index":"index","follow":"follow","max-snippet":"max-snippet:-1","max-image-preview":"max-image-preview:large","max-video-preview":"max-video-preview:-1"},"canonical":"https:\/\/paracherkaoui.ma\/index.php\/produit\/so-bio-apres-shampooing-cheveux-hydrates-coco-bio-et-acide-hyaluronique-200ml\/","og_locale":"fr_FR","og_type":"article","og_title":"SO BIO APRES SHAMPOOING CHEVEUX HYDRATES COCO BIO ET ACIDE HYALURONIQUE 200ML - Paracherkaoui.ma","og_description":"Pour des CHEVEUX HYDRAT\u00c9S, l&rsquo;apr\u00e8s-shampooing \u00e0 l&rsquo;huile de Coco &#038; Acide hyaluronique est adapt\u00e9 \u00e0 tous les types de cheveux","og_url":"https:\/\/paracherkaoui.ma\/index.php\/produit\/so-bio-apres-shampooing-cheveux-hydrates-coco-bio-et-acide-hyaluronique-200ml\/","og_site_name":"Paracherkaoui.ma","article_modified_time":"2025-12-12T18:30:57+00:00","og_image":[{"width":700,"height":700,"url":"https:\/\/paracherkaoui.ma\/wp-content\/uploads\/2025\/12\/so-bio-so-bio-apres-shampooing-cheveux-hydrates-coco-bio-et-acide-hyaluronique-200ml-soins-cheveux.jpg","type":"image\/jpeg"}],"twitter_card":"summary_large_image","schema":{"@context":"https:\/\/schema.org","@graph":[{"@type":"WebPage","@id":"https:\/\/paracherkaoui.ma\/index.php\/produit\/so-bio-apres-shampooing-cheveux-hydrates-coco-bio-et-acide-hyaluronique-200ml\/","url":"https:\/\/paracherkaoui.ma\/index.php\/produit\/so-bio-apres-shampooing-cheveux-hydrates-coco-bio-et-acide-hyaluronique-200ml\/","name":"SO BIO APRES SHAMPOOING CHEVEUX HYDRATES COCO BIO ET ACIDE HYALURONIQUE 200ML - Paracherkaoui.ma","isPartOf":{"@id":"https:\/\/paracherkaoui.ma\/#website"},"primaryImageOfPage":{"@id":"https:\/\/paracherkaoui.ma\/index.php\/produit\/so-bio-apres-shampooing-cheveux-hydrates-coco-bio-et-acide-hyaluronique-200ml\/#primaryimage"},"image":{"@id":"https:\/\/paracherkaoui.ma\/index.php\/produit\/so-bio-apres-shampooing-cheveux-hydrates-coco-bio-et-acide-hyaluronique-200ml\/#primaryimage"},"thumbnailUrl":"https:\/\/paracherkaoui.ma\/wp-content\/uploads\/2025\/12\/so-bio-so-bio-apres-shampooing-cheveux-hydrates-coco-bio-et-acide-hyaluronique-200ml-soins-cheveux.jpg","datePublished":"2025-12-12T18:30:54+00:00","dateModified":"2025-12-12T18:30:57+00:00","breadcrumb":{"@id":"https:\/\/paracherkaoui.ma\/index.php\/produit\/so-bio-apres-shampooing-cheveux-hydrates-coco-bio-et-acide-hyaluronique-200ml\/#breadcrumb"},"inLanguage":"fr-FR","potentialAction":[{"@type":"ReadAction","target":["https:\/\/paracherkaoui.ma\/index.php\/produit\/so-bio-apres-shampooing-cheveux-hydrates-coco-bio-et-acide-hyaluronique-200ml\/"]}]},{"@type":"ImageObject","inLanguage":"fr-FR","@id":"https:\/\/paracherkaoui.ma\/index.php\/produit\/so-bio-apres-shampooing-cheveux-hydrates-coco-bio-et-acide-hyaluronique-200ml\/#primaryimage","url":"https:\/\/paracherkaoui.ma\/wp-content\/uploads\/2025\/12\/so-bio-so-bio-apres-shampooing-cheveux-hydrates-coco-bio-et-acide-hyaluronique-200ml-soins-cheveux.jpg","contentUrl":"https:\/\/paracherkaoui.ma\/wp-content\/uploads\/2025\/12\/so-bio-so-bio-apres-shampooing-cheveux-hydrates-coco-bio-et-acide-hyaluronique-200ml-soins-cheveux.jpg","width":700,"height":700},{"@type":"BreadcrumbList","@id":"https:\/\/paracherkaoui.ma\/index.php\/produit\/so-bio-apres-shampooing-cheveux-hydrates-coco-bio-et-acide-hyaluronique-200ml\/#breadcrumb","itemListElement":[{"@type":"ListItem","position":1,"name":"Accueil","item":"https:\/\/paracherkaoui.ma\/"},{"@type":"ListItem","position":2,"name":"Boutique","item":"https:\/\/paracherkaoui.ma\/index.php\/boutique\/"},{"@type":"ListItem","position":3,"name":"SO BIO APRES SHAMPOOING CHEVEUX HYDRATES COCO BIO ET ACIDE HYALURONIQUE 200ML"}]},{"@type":"WebSite","@id":"https:\/\/paracherkaoui.ma\/#website","url":"https:\/\/paracherkaoui.ma\/","name":"Paracherkaoui.ma","description":"Achetez en ligne sur Paracherkaoui.ma","potentialAction":[{"@type":"SearchAction","target":{"@type":"EntryPoint","urlTemplate":"https:\/\/paracherkaoui.ma\/?s={search_term_string}"},"query-input":{"@type":"PropertyValueSpecification","valueRequired":true,"valueName":"search_term_string"}}],"inLanguage":"fr-FR"}]}},"_links":{"self":[{"href":"https:\/\/paracherkaoui.ma\/index.php\/wp-json\/wp\/v2\/product\/50224","targetHints":{"allow":["GET"]}}],"collection":[{"href":"https:\/\/paracherkaoui.ma\/index.php\/wp-json\/wp\/v2\/product"}],"about":[{"href":"https:\/\/paracherkaoui.ma\/index.php\/wp-json\/wp\/v2\/types\/product"}],"replies":[{"embeddable":true,"href":"https:\/\/paracherkaoui.ma\/index.php\/wp-json\/wp\/v2\/comments?post=50224"}],"version-history":[{"count":1,"href":"https:\/\/paracherkaoui.ma\/index.php\/wp-json\/wp\/v2\/product\/50224\/revisions"}],"predecessor-version":[{"id":50256,"href":"https:\/\/paracherkaoui.ma\/index.php\/wp-json\/wp\/v2\/product\/50224\/revisions\/50256"}],"wp:featuredmedia":[{"embeddable":true,"href":"https:\/\/paracherkaoui.ma\/index.php\/wp-json\/wp\/v2\/media\/50255"}],"wp:attachment":[{"href":"https:\/\/paracherkaoui.ma\/index.php\/wp-json\/wp\/v2\/media?parent=50224"}],"wp:term":[{"taxonomy":"product_brand","embeddable":true,"href":"https:\/\/paracherkaoui.ma\/index.php\/wp-json\/wp\/v2\/product_brand?post=50224"},{"taxonomy":"product_cat","embeddable":true,"href":"https:\/\/paracherkaoui.ma\/index.php\/wp-json\/wp\/v2\/product_cat?post=50224"},{"taxonomy":"product_tag","embeddable":true,"href":"https:\/\/paracherkaoui.ma\/index.php\/wp-json\/wp\/v2\/product_tag?post=50224"}],"curies":[{"name":"wp","href":"https:\/\/api.w.org\/{rel}","templated":true}]}}