{"id":50151,"date":"2025-12-12T19:30:46","date_gmt":"2025-12-12T18:30:46","guid":{"rendered":"https:\/\/test.ecbeaute.com\/?post_type=product&#038;p=50151"},"modified":"2025-12-12T19:30:50","modified_gmt":"2025-12-12T18:30:50","slug":"biokera-fresh-green-shot-balsam-300-ml-2","status":"publish","type":"product","link":"https:\/\/paracherkaoui.ma\/index.php\/produit\/biokera-fresh-green-shot-balsam-300-ml-2\/","title":{"rendered":"BIOKERA FRESH GREEN SHOT BALSAM 300 ML"},"content":{"rendered":"<p>Description:<br \/>\nLe baume Green Shot hydrate et d\u00e9toxifie gr\u00e2ce \u00e0 sa formule contenant jusqu&rsquo;\u00e0 97% d&rsquo;ingr\u00e9dients naturels pour des cheveux plus doux et plus hydrat\u00e9s.Il est formul\u00e9 avec des ingr\u00e9dients s\u00e9lectionn\u00e9s pour une exp\u00e9rience plus naturelle et confortable. C&rsquo;est un baume v\u00e9g\u00e9talien purifiant et d\u00e9toxifiant qui combat le stress de notre quotidien, avec lequel obtenir des cheveux plus hydrat\u00e9s et naturels, avec plus de vitalit\u00e9 et de fra\u00eecheur. Pomme parfum\u00e9e pour une exp\u00e9rience &#8230; Miam!<br \/>\nConseils d&rsquo;utilisation:<br \/>\nApr\u00e8s le lavage, appliquez le baume Green Shot et massez doucement la tige, en particulier au niveau des pointes. Rincer et peigner comme d&rsquo;habitude.<\/p>\n","protected":false},"excerpt":{"rendered":"<p>Description: Le baume Green Shot hydrate et d\u00e9toxifie gr\u00e2ce \u00e0 sa formule contenant jusqu&rsquo;\u00e0 97% d&rsquo;ingr\u00e9dients naturels pour des cheveux<\/p>\n","protected":false},"featured_media":14843,"comment_status":"open","ping_status":"closed","template":"","meta":[],"product_brand":[191],"product_cat":[940],"product_tag":[],"class_list":{"0":"post-50151","1":"product","2":"type-product","3":"status-publish","4":"has-post-thumbnail","6":"product_brand-biokera","7":"product_cat-cosmetique-bio","9":"first","10":"instock","11":"sale","12":"shipping-taxable","13":"purchasable","14":"product-type-simple"},"yoast_head":"<!-- This site is optimized with the Yoast SEO plugin v26.6 - https:\/\/yoast.com\/wordpress\/plugins\/seo\/ -->\r\n<title>BIOKERA FRESH GREEN SHOT BALSAM 300 ML - Paracherkaoui.ma<\/title>\r\n<meta name=\"robots\" content=\"index, follow, max-snippet:-1, max-image-preview:large, max-video-preview:-1\" \/>\r\n<link rel=\"canonical\" href=\"https:\/\/paracherkaoui.ma\/index.php\/produit\/biokera-fresh-green-shot-balsam-300-ml-2\/\" \/>\r\n<meta property=\"og:locale\" content=\"fr_FR\" \/>\r\n<meta property=\"og:type\" content=\"article\" \/>\r\n<meta property=\"og:title\" content=\"BIOKERA FRESH GREEN SHOT BALSAM 300 ML - Paracherkaoui.ma\" \/>\r\n<meta property=\"og:description\" content=\"Description: Le baume Green Shot hydrate et d\u00e9toxifie gr\u00e2ce \u00e0 sa formule contenant jusqu&rsquo;\u00e0 97% d&rsquo;ingr\u00e9dients naturels pour des cheveux\" \/>\r\n<meta property=\"og:url\" content=\"https:\/\/paracherkaoui.ma\/index.php\/produit\/biokera-fresh-green-shot-balsam-300-ml-2\/\" \/>\r\n<meta property=\"og:site_name\" content=\"Paracherkaoui.ma\" \/>\r\n<meta property=\"article:modified_time\" content=\"2025-12-12T18:30:50+00:00\" \/>\r\n<meta property=\"og:image\" content=\"https:\/\/paracherkaoui.ma\/wp-content\/uploads\/2025\/12\/biokera-biokera-fresh-green-shot-balsam-300-ml-apres-shampooing-soin-des-cheveux.jpg\" \/>\r\n\t<meta property=\"og:image:width\" content=\"700\" \/>\r\n\t<meta property=\"og:image:height\" content=\"700\" \/>\r\n\t<meta property=\"og:image:type\" content=\"image\/jpeg\" \/>\r\n<meta name=\"twitter:card\" content=\"summary_large_image\" \/>\r\n<meta name=\"twitter:label1\" content=\"Dur\u00e9e de lecture estim\u00e9e\" \/>\n\t<meta name=\"twitter:data1\" content=\"1 minute\" \/>\r\n<script type=\"application\/ld+json\" class=\"yoast-schema-graph\">{\"@context\":\"https:\/\/schema.org\",\"@graph\":[{\"@type\":\"WebPage\",\"@id\":\"https:\/\/paracherkaoui.ma\/index.php\/produit\/biokera-fresh-green-shot-balsam-300-ml-2\/\",\"url\":\"https:\/\/paracherkaoui.ma\/index.php\/produit\/biokera-fresh-green-shot-balsam-300-ml-2\/\",\"name\":\"BIOKERA FRESH GREEN SHOT BALSAM 300 ML - Paracherkaoui.ma\",\"isPartOf\":{\"@id\":\"https:\/\/paracherkaoui.ma\/#website\"},\"primaryImageOfPage\":{\"@id\":\"https:\/\/paracherkaoui.ma\/index.php\/produit\/biokera-fresh-green-shot-balsam-300-ml-2\/#primaryimage\"},\"image\":{\"@id\":\"https:\/\/paracherkaoui.ma\/index.php\/produit\/biokera-fresh-green-shot-balsam-300-ml-2\/#primaryimage\"},\"thumbnailUrl\":\"https:\/\/paracherkaoui.ma\/wp-content\/uploads\/2025\/12\/biokera-biokera-fresh-green-shot-balsam-300-ml-apres-shampooing-soin-des-cheveux.jpg\",\"datePublished\":\"2025-12-12T18:30:46+00:00\",\"dateModified\":\"2025-12-12T18:30:50+00:00\",\"breadcrumb\":{\"@id\":\"https:\/\/paracherkaoui.ma\/index.php\/produit\/biokera-fresh-green-shot-balsam-300-ml-2\/#breadcrumb\"},\"inLanguage\":\"fr-FR\",\"potentialAction\":[{\"@type\":\"ReadAction\",\"target\":[\"https:\/\/paracherkaoui.ma\/index.php\/produit\/biokera-fresh-green-shot-balsam-300-ml-2\/\"]}]},{\"@type\":\"ImageObject\",\"inLanguage\":\"fr-FR\",\"@id\":\"https:\/\/paracherkaoui.ma\/index.php\/produit\/biokera-fresh-green-shot-balsam-300-ml-2\/#primaryimage\",\"url\":\"https:\/\/paracherkaoui.ma\/wp-content\/uploads\/2025\/12\/biokera-biokera-fresh-green-shot-balsam-300-ml-apres-shampooing-soin-des-cheveux.jpg\",\"contentUrl\":\"https:\/\/paracherkaoui.ma\/wp-content\/uploads\/2025\/12\/biokera-biokera-fresh-green-shot-balsam-300-ml-apres-shampooing-soin-des-cheveux.jpg\",\"width\":700,\"height\":700},{\"@type\":\"BreadcrumbList\",\"@id\":\"https:\/\/paracherkaoui.ma\/index.php\/produit\/biokera-fresh-green-shot-balsam-300-ml-2\/#breadcrumb\",\"itemListElement\":[{\"@type\":\"ListItem\",\"position\":1,\"name\":\"Accueil\",\"item\":\"https:\/\/paracherkaoui.ma\/\"},{\"@type\":\"ListItem\",\"position\":2,\"name\":\"Boutique\",\"item\":\"https:\/\/paracherkaoui.ma\/index.php\/boutique\/\"},{\"@type\":\"ListItem\",\"position\":3,\"name\":\"BIOKERA FRESH GREEN SHOT BALSAM 300 ML\"}]},{\"@type\":\"WebSite\",\"@id\":\"https:\/\/paracherkaoui.ma\/#website\",\"url\":\"https:\/\/paracherkaoui.ma\/\",\"name\":\"Paracherkaoui.ma\",\"description\":\"Achetez en ligne sur Paracherkaoui.ma\",\"potentialAction\":[{\"@type\":\"SearchAction\",\"target\":{\"@type\":\"EntryPoint\",\"urlTemplate\":\"https:\/\/paracherkaoui.ma\/?s={search_term_string}\"},\"query-input\":{\"@type\":\"PropertyValueSpecification\",\"valueRequired\":true,\"valueName\":\"search_term_string\"}}],\"inLanguage\":\"fr-FR\"}]}<\/script>\r\n<!-- \/ Yoast SEO plugin. -->","yoast_head_json":{"title":"BIOKERA FRESH GREEN SHOT BALSAM 300 ML - Paracherkaoui.ma","robots":{"index":"index","follow":"follow","max-snippet":"max-snippet:-1","max-image-preview":"max-image-preview:large","max-video-preview":"max-video-preview:-1"},"canonical":"https:\/\/paracherkaoui.ma\/index.php\/produit\/biokera-fresh-green-shot-balsam-300-ml-2\/","og_locale":"fr_FR","og_type":"article","og_title":"BIOKERA FRESH GREEN SHOT BALSAM 300 ML - Paracherkaoui.ma","og_description":"Description: Le baume Green Shot hydrate et d\u00e9toxifie gr\u00e2ce \u00e0 sa formule contenant jusqu&rsquo;\u00e0 97% d&rsquo;ingr\u00e9dients naturels pour des cheveux","og_url":"https:\/\/paracherkaoui.ma\/index.php\/produit\/biokera-fresh-green-shot-balsam-300-ml-2\/","og_site_name":"Paracherkaoui.ma","article_modified_time":"2025-12-12T18:30:50+00:00","og_image":[{"width":700,"height":700,"url":"https:\/\/paracherkaoui.ma\/wp-content\/uploads\/2025\/12\/biokera-biokera-fresh-green-shot-balsam-300-ml-apres-shampooing-soin-des-cheveux.jpg","type":"image\/jpeg"}],"twitter_card":"summary_large_image","twitter_misc":{"Dur\u00e9e de lecture estim\u00e9e":"1 minute"},"schema":{"@context":"https:\/\/schema.org","@graph":[{"@type":"WebPage","@id":"https:\/\/paracherkaoui.ma\/index.php\/produit\/biokera-fresh-green-shot-balsam-300-ml-2\/","url":"https:\/\/paracherkaoui.ma\/index.php\/produit\/biokera-fresh-green-shot-balsam-300-ml-2\/","name":"BIOKERA FRESH GREEN SHOT BALSAM 300 ML - Paracherkaoui.ma","isPartOf":{"@id":"https:\/\/paracherkaoui.ma\/#website"},"primaryImageOfPage":{"@id":"https:\/\/paracherkaoui.ma\/index.php\/produit\/biokera-fresh-green-shot-balsam-300-ml-2\/#primaryimage"},"image":{"@id":"https:\/\/paracherkaoui.ma\/index.php\/produit\/biokera-fresh-green-shot-balsam-300-ml-2\/#primaryimage"},"thumbnailUrl":"https:\/\/paracherkaoui.ma\/wp-content\/uploads\/2025\/12\/biokera-biokera-fresh-green-shot-balsam-300-ml-apres-shampooing-soin-des-cheveux.jpg","datePublished":"2025-12-12T18:30:46+00:00","dateModified":"2025-12-12T18:30:50+00:00","breadcrumb":{"@id":"https:\/\/paracherkaoui.ma\/index.php\/produit\/biokera-fresh-green-shot-balsam-300-ml-2\/#breadcrumb"},"inLanguage":"fr-FR","potentialAction":[{"@type":"ReadAction","target":["https:\/\/paracherkaoui.ma\/index.php\/produit\/biokera-fresh-green-shot-balsam-300-ml-2\/"]}]},{"@type":"ImageObject","inLanguage":"fr-FR","@id":"https:\/\/paracherkaoui.ma\/index.php\/produit\/biokera-fresh-green-shot-balsam-300-ml-2\/#primaryimage","url":"https:\/\/paracherkaoui.ma\/wp-content\/uploads\/2025\/12\/biokera-biokera-fresh-green-shot-balsam-300-ml-apres-shampooing-soin-des-cheveux.jpg","contentUrl":"https:\/\/paracherkaoui.ma\/wp-content\/uploads\/2025\/12\/biokera-biokera-fresh-green-shot-balsam-300-ml-apres-shampooing-soin-des-cheveux.jpg","width":700,"height":700},{"@type":"BreadcrumbList","@id":"https:\/\/paracherkaoui.ma\/index.php\/produit\/biokera-fresh-green-shot-balsam-300-ml-2\/#breadcrumb","itemListElement":[{"@type":"ListItem","position":1,"name":"Accueil","item":"https:\/\/paracherkaoui.ma\/"},{"@type":"ListItem","position":2,"name":"Boutique","item":"https:\/\/paracherkaoui.ma\/index.php\/boutique\/"},{"@type":"ListItem","position":3,"name":"BIOKERA FRESH GREEN SHOT BALSAM 300 ML"}]},{"@type":"WebSite","@id":"https:\/\/paracherkaoui.ma\/#website","url":"https:\/\/paracherkaoui.ma\/","name":"Paracherkaoui.ma","description":"Achetez en ligne sur Paracherkaoui.ma","potentialAction":[{"@type":"SearchAction","target":{"@type":"EntryPoint","urlTemplate":"https:\/\/paracherkaoui.ma\/?s={search_term_string}"},"query-input":{"@type":"PropertyValueSpecification","valueRequired":true,"valueName":"search_term_string"}}],"inLanguage":"fr-FR"}]}},"_links":{"self":[{"href":"https:\/\/paracherkaoui.ma\/index.php\/wp-json\/wp\/v2\/product\/50151","targetHints":{"allow":["GET"]}}],"collection":[{"href":"https:\/\/paracherkaoui.ma\/index.php\/wp-json\/wp\/v2\/product"}],"about":[{"href":"https:\/\/paracherkaoui.ma\/index.php\/wp-json\/wp\/v2\/types\/product"}],"replies":[{"embeddable":true,"href":"https:\/\/paracherkaoui.ma\/index.php\/wp-json\/wp\/v2\/comments?post=50151"}],"version-history":[{"count":1,"href":"https:\/\/paracherkaoui.ma\/index.php\/wp-json\/wp\/v2\/product\/50151\/revisions"}],"predecessor-version":[{"id":50189,"href":"https:\/\/paracherkaoui.ma\/index.php\/wp-json\/wp\/v2\/product\/50151\/revisions\/50189"}],"wp:featuredmedia":[{"embeddable":true,"href":"https:\/\/paracherkaoui.ma\/index.php\/wp-json\/wp\/v2\/media\/14843"}],"wp:attachment":[{"href":"https:\/\/paracherkaoui.ma\/index.php\/wp-json\/wp\/v2\/media?parent=50151"}],"wp:term":[{"taxonomy":"product_brand","embeddable":true,"href":"https:\/\/paracherkaoui.ma\/index.php\/wp-json\/wp\/v2\/product_brand?post=50151"},{"taxonomy":"product_cat","embeddable":true,"href":"https:\/\/paracherkaoui.ma\/index.php\/wp-json\/wp\/v2\/product_cat?post=50151"},{"taxonomy":"product_tag","embeddable":true,"href":"https:\/\/paracherkaoui.ma\/index.php\/wp-json\/wp\/v2\/product_tag?post=50151"}],"curies":[{"name":"wp","href":"https:\/\/api.w.org\/{rel}","templated":true}]}}