{"id":50143,"date":"2025-12-12T19:30:46","date_gmt":"2025-12-12T18:30:46","guid":{"rendered":"https:\/\/test.ecbeaute.com\/?post_type=product&#038;p=50143"},"modified":"2025-12-12T19:30:48","modified_gmt":"2025-12-12T18:30:48","slug":"so-bio-creme-mains-hydratante-adoucit-75-ml-2","status":"publish","type":"product","link":"https:\/\/paracherkaoui.ma\/index.php\/produit\/so-bio-creme-mains-hydratante-adoucit-75-ml-2\/","title":{"rendered":"SO BIO CREME MAINS HYDRATANTE ADOUCIT 75 ML"},"content":{"rendered":"<p>La Cr\u00e8me mains au Lait d\u2019\u00e2nesse hydrate\u00a0, nourrit et prot\u00e8ge les mains du dess\u00e8chement. Sa texture non grasse et non collante p\u00e9n\u00e8tre instantan\u00e9ment tout en parfumant d\u00e9licieusement la peau.Formul\u00e9 avec du Lait d\u2019\u00e2nesse bio adoucissant et r\u00e9g\u00e9n\u00e9rant, et de l\u2019Aloe vera bio apaisant.<br \/>\nConseils d&rsquo;utilisation:<br \/>\nAppliquez une noisette de la Cr\u00e8me hydratante pour les mains \u00e0 tout moment de la journ\u00e9e et massez jusqu\u2019\u00e0 p\u00e9n\u00e9tration totale. \u00c0 renouveler aussi souvent que n\u00e9cessaire.<\/p>\n","protected":false},"excerpt":{"rendered":"<p>La Cr\u00e8me mains au Lait d\u2019\u00e2nesse hydrate\u00a0, nourrit et prot\u00e8ge les mains du dess\u00e8chement. Sa texture non grasse et non<\/p>\n","protected":false},"featured_media":32649,"comment_status":"open","ping_status":"closed","template":"","meta":[],"product_brand":[212],"product_cat":[940],"product_tag":[],"class_list":{"0":"post-50143","1":"product","2":"type-product","3":"status-publish","4":"has-post-thumbnail","6":"product_brand-so-bio","7":"product_cat-cosmetique-bio","9":"first","10":"instock","11":"shipping-taxable","12":"purchasable","13":"product-type-simple"},"yoast_head":"<!-- This site is optimized with the Yoast SEO plugin v26.6 - https:\/\/yoast.com\/wordpress\/plugins\/seo\/ -->\r\n<title>SO BIO CREME MAINS HYDRATANTE ADOUCIT 75 ML - Paracherkaoui.ma<\/title>\r\n<meta name=\"robots\" content=\"index, follow, max-snippet:-1, max-image-preview:large, max-video-preview:-1\" \/>\r\n<link rel=\"canonical\" href=\"https:\/\/paracherkaoui.ma\/index.php\/produit\/so-bio-creme-mains-hydratante-adoucit-75-ml-2\/\" \/>\r\n<meta property=\"og:locale\" content=\"fr_FR\" \/>\r\n<meta property=\"og:type\" content=\"article\" \/>\r\n<meta property=\"og:title\" content=\"SO BIO CREME MAINS HYDRATANTE ADOUCIT 75 ML - Paracherkaoui.ma\" \/>\r\n<meta property=\"og:description\" content=\"La Cr\u00e8me mains au Lait d\u2019\u00e2nesse hydrate\u00a0, nourrit et prot\u00e8ge les mains du dess\u00e8chement. Sa texture non grasse et non\" \/>\r\n<meta property=\"og:url\" content=\"https:\/\/paracherkaoui.ma\/index.php\/produit\/so-bio-creme-mains-hydratante-adoucit-75-ml-2\/\" \/>\r\n<meta property=\"og:site_name\" content=\"Paracherkaoui.ma\" \/>\r\n<meta property=\"article:modified_time\" content=\"2025-12-12T18:30:48+00:00\" \/>\r\n<meta property=\"og:image\" content=\"https:\/\/paracherkaoui.ma\/wp-content\/uploads\/2025\/12\/so-bio-so-bio-creme-mains-hydratante-adoucit-75-ml-mains.jpg\" \/>\r\n\t<meta property=\"og:image:width\" content=\"700\" \/>\r\n\t<meta property=\"og:image:height\" content=\"700\" \/>\r\n\t<meta property=\"og:image:type\" content=\"image\/jpeg\" \/>\r\n<meta name=\"twitter:card\" content=\"summary_large_image\" \/>\r\n<script type=\"application\/ld+json\" class=\"yoast-schema-graph\">{\"@context\":\"https:\/\/schema.org\",\"@graph\":[{\"@type\":\"WebPage\",\"@id\":\"https:\/\/paracherkaoui.ma\/index.php\/produit\/so-bio-creme-mains-hydratante-adoucit-75-ml-2\/\",\"url\":\"https:\/\/paracherkaoui.ma\/index.php\/produit\/so-bio-creme-mains-hydratante-adoucit-75-ml-2\/\",\"name\":\"SO BIO CREME MAINS HYDRATANTE ADOUCIT 75 ML - Paracherkaoui.ma\",\"isPartOf\":{\"@id\":\"https:\/\/paracherkaoui.ma\/#website\"},\"primaryImageOfPage\":{\"@id\":\"https:\/\/paracherkaoui.ma\/index.php\/produit\/so-bio-creme-mains-hydratante-adoucit-75-ml-2\/#primaryimage\"},\"image\":{\"@id\":\"https:\/\/paracherkaoui.ma\/index.php\/produit\/so-bio-creme-mains-hydratante-adoucit-75-ml-2\/#primaryimage\"},\"thumbnailUrl\":\"https:\/\/paracherkaoui.ma\/wp-content\/uploads\/2025\/12\/so-bio-so-bio-creme-mains-hydratante-adoucit-75-ml-mains.jpg\",\"datePublished\":\"2025-12-12T18:30:46+00:00\",\"dateModified\":\"2025-12-12T18:30:48+00:00\",\"breadcrumb\":{\"@id\":\"https:\/\/paracherkaoui.ma\/index.php\/produit\/so-bio-creme-mains-hydratante-adoucit-75-ml-2\/#breadcrumb\"},\"inLanguage\":\"fr-FR\",\"potentialAction\":[{\"@type\":\"ReadAction\",\"target\":[\"https:\/\/paracherkaoui.ma\/index.php\/produit\/so-bio-creme-mains-hydratante-adoucit-75-ml-2\/\"]}]},{\"@type\":\"ImageObject\",\"inLanguage\":\"fr-FR\",\"@id\":\"https:\/\/paracherkaoui.ma\/index.php\/produit\/so-bio-creme-mains-hydratante-adoucit-75-ml-2\/#primaryimage\",\"url\":\"https:\/\/paracherkaoui.ma\/wp-content\/uploads\/2025\/12\/so-bio-so-bio-creme-mains-hydratante-adoucit-75-ml-mains.jpg\",\"contentUrl\":\"https:\/\/paracherkaoui.ma\/wp-content\/uploads\/2025\/12\/so-bio-so-bio-creme-mains-hydratante-adoucit-75-ml-mains.jpg\",\"width\":700,\"height\":700},{\"@type\":\"BreadcrumbList\",\"@id\":\"https:\/\/paracherkaoui.ma\/index.php\/produit\/so-bio-creme-mains-hydratante-adoucit-75-ml-2\/#breadcrumb\",\"itemListElement\":[{\"@type\":\"ListItem\",\"position\":1,\"name\":\"Accueil\",\"item\":\"https:\/\/paracherkaoui.ma\/\"},{\"@type\":\"ListItem\",\"position\":2,\"name\":\"Boutique\",\"item\":\"https:\/\/paracherkaoui.ma\/index.php\/boutique\/\"},{\"@type\":\"ListItem\",\"position\":3,\"name\":\"SO BIO CREME MAINS HYDRATANTE ADOUCIT 75 ML\"}]},{\"@type\":\"WebSite\",\"@id\":\"https:\/\/paracherkaoui.ma\/#website\",\"url\":\"https:\/\/paracherkaoui.ma\/\",\"name\":\"Paracherkaoui.ma\",\"description\":\"Achetez en ligne sur Paracherkaoui.ma\",\"potentialAction\":[{\"@type\":\"SearchAction\",\"target\":{\"@type\":\"EntryPoint\",\"urlTemplate\":\"https:\/\/paracherkaoui.ma\/?s={search_term_string}\"},\"query-input\":{\"@type\":\"PropertyValueSpecification\",\"valueRequired\":true,\"valueName\":\"search_term_string\"}}],\"inLanguage\":\"fr-FR\"}]}<\/script>\r\n<!-- \/ Yoast SEO plugin. -->","yoast_head_json":{"title":"SO BIO CREME MAINS HYDRATANTE ADOUCIT 75 ML - Paracherkaoui.ma","robots":{"index":"index","follow":"follow","max-snippet":"max-snippet:-1","max-image-preview":"max-image-preview:large","max-video-preview":"max-video-preview:-1"},"canonical":"https:\/\/paracherkaoui.ma\/index.php\/produit\/so-bio-creme-mains-hydratante-adoucit-75-ml-2\/","og_locale":"fr_FR","og_type":"article","og_title":"SO BIO CREME MAINS HYDRATANTE ADOUCIT 75 ML - Paracherkaoui.ma","og_description":"La Cr\u00e8me mains au Lait d\u2019\u00e2nesse hydrate\u00a0, nourrit et prot\u00e8ge les mains du dess\u00e8chement. Sa texture non grasse et non","og_url":"https:\/\/paracherkaoui.ma\/index.php\/produit\/so-bio-creme-mains-hydratante-adoucit-75-ml-2\/","og_site_name":"Paracherkaoui.ma","article_modified_time":"2025-12-12T18:30:48+00:00","og_image":[{"width":700,"height":700,"url":"https:\/\/paracherkaoui.ma\/wp-content\/uploads\/2025\/12\/so-bio-so-bio-creme-mains-hydratante-adoucit-75-ml-mains.jpg","type":"image\/jpeg"}],"twitter_card":"summary_large_image","schema":{"@context":"https:\/\/schema.org","@graph":[{"@type":"WebPage","@id":"https:\/\/paracherkaoui.ma\/index.php\/produit\/so-bio-creme-mains-hydratante-adoucit-75-ml-2\/","url":"https:\/\/paracherkaoui.ma\/index.php\/produit\/so-bio-creme-mains-hydratante-adoucit-75-ml-2\/","name":"SO BIO CREME MAINS HYDRATANTE ADOUCIT 75 ML - Paracherkaoui.ma","isPartOf":{"@id":"https:\/\/paracherkaoui.ma\/#website"},"primaryImageOfPage":{"@id":"https:\/\/paracherkaoui.ma\/index.php\/produit\/so-bio-creme-mains-hydratante-adoucit-75-ml-2\/#primaryimage"},"image":{"@id":"https:\/\/paracherkaoui.ma\/index.php\/produit\/so-bio-creme-mains-hydratante-adoucit-75-ml-2\/#primaryimage"},"thumbnailUrl":"https:\/\/paracherkaoui.ma\/wp-content\/uploads\/2025\/12\/so-bio-so-bio-creme-mains-hydratante-adoucit-75-ml-mains.jpg","datePublished":"2025-12-12T18:30:46+00:00","dateModified":"2025-12-12T18:30:48+00:00","breadcrumb":{"@id":"https:\/\/paracherkaoui.ma\/index.php\/produit\/so-bio-creme-mains-hydratante-adoucit-75-ml-2\/#breadcrumb"},"inLanguage":"fr-FR","potentialAction":[{"@type":"ReadAction","target":["https:\/\/paracherkaoui.ma\/index.php\/produit\/so-bio-creme-mains-hydratante-adoucit-75-ml-2\/"]}]},{"@type":"ImageObject","inLanguage":"fr-FR","@id":"https:\/\/paracherkaoui.ma\/index.php\/produit\/so-bio-creme-mains-hydratante-adoucit-75-ml-2\/#primaryimage","url":"https:\/\/paracherkaoui.ma\/wp-content\/uploads\/2025\/12\/so-bio-so-bio-creme-mains-hydratante-adoucit-75-ml-mains.jpg","contentUrl":"https:\/\/paracherkaoui.ma\/wp-content\/uploads\/2025\/12\/so-bio-so-bio-creme-mains-hydratante-adoucit-75-ml-mains.jpg","width":700,"height":700},{"@type":"BreadcrumbList","@id":"https:\/\/paracherkaoui.ma\/index.php\/produit\/so-bio-creme-mains-hydratante-adoucit-75-ml-2\/#breadcrumb","itemListElement":[{"@type":"ListItem","position":1,"name":"Accueil","item":"https:\/\/paracherkaoui.ma\/"},{"@type":"ListItem","position":2,"name":"Boutique","item":"https:\/\/paracherkaoui.ma\/index.php\/boutique\/"},{"@type":"ListItem","position":3,"name":"SO BIO CREME MAINS HYDRATANTE ADOUCIT 75 ML"}]},{"@type":"WebSite","@id":"https:\/\/paracherkaoui.ma\/#website","url":"https:\/\/paracherkaoui.ma\/","name":"Paracherkaoui.ma","description":"Achetez en ligne sur Paracherkaoui.ma","potentialAction":[{"@type":"SearchAction","target":{"@type":"EntryPoint","urlTemplate":"https:\/\/paracherkaoui.ma\/?s={search_term_string}"},"query-input":{"@type":"PropertyValueSpecification","valueRequired":true,"valueName":"search_term_string"}}],"inLanguage":"fr-FR"}]}},"_links":{"self":[{"href":"https:\/\/paracherkaoui.ma\/index.php\/wp-json\/wp\/v2\/product\/50143","targetHints":{"allow":["GET"]}}],"collection":[{"href":"https:\/\/paracherkaoui.ma\/index.php\/wp-json\/wp\/v2\/product"}],"about":[{"href":"https:\/\/paracherkaoui.ma\/index.php\/wp-json\/wp\/v2\/types\/product"}],"replies":[{"embeddable":true,"href":"https:\/\/paracherkaoui.ma\/index.php\/wp-json\/wp\/v2\/comments?post=50143"}],"version-history":[{"count":1,"href":"https:\/\/paracherkaoui.ma\/index.php\/wp-json\/wp\/v2\/product\/50143\/revisions"}],"predecessor-version":[{"id":50174,"href":"https:\/\/paracherkaoui.ma\/index.php\/wp-json\/wp\/v2\/product\/50143\/revisions\/50174"}],"wp:featuredmedia":[{"embeddable":true,"href":"https:\/\/paracherkaoui.ma\/index.php\/wp-json\/wp\/v2\/media\/32649"}],"wp:attachment":[{"href":"https:\/\/paracherkaoui.ma\/index.php\/wp-json\/wp\/v2\/media?parent=50143"}],"wp:term":[{"taxonomy":"product_brand","embeddable":true,"href":"https:\/\/paracherkaoui.ma\/index.php\/wp-json\/wp\/v2\/product_brand?post=50143"},{"taxonomy":"product_cat","embeddable":true,"href":"https:\/\/paracherkaoui.ma\/index.php\/wp-json\/wp\/v2\/product_cat?post=50143"},{"taxonomy":"product_tag","embeddable":true,"href":"https:\/\/paracherkaoui.ma\/index.php\/wp-json\/wp\/v2\/product_tag?post=50143"}],"curies":[{"name":"wp","href":"https:\/\/api.w.org\/{rel}","templated":true}]}}