{"id":50070,"date":"2025-12-12T19:30:37","date_gmt":"2025-12-12T18:30:37","guid":{"rendered":"https:\/\/test.ecbeaute.com\/?post_type=product&#038;p=50070"},"modified":"2025-12-12T19:30:41","modified_gmt":"2025-12-12T18:30:41","slug":"odarym-shampoing-solide-naturel-cheveux-secs-ou-boucles-100-g-2","status":"publish","type":"product","link":"https:\/\/paracherkaoui.ma\/index.php\/produit\/odarym-shampoing-solide-naturel-cheveux-secs-ou-boucles-100-g-2\/","title":{"rendered":"ODARYM SHAMPOING SOLIDE NATUREL CHEVEUX SECS OU BOUCLES 100 G"},"content":{"rendered":"<p>Parfait pour les cheveux secs et fourchus, ce shampoing solide bio nourrit en profondeur la fibre capillaire et apporte de la brillance aux cheveux. Respectueux, il nettoie en douceur le cuir chevelu sans l\u2019agresser. Vos cheveux retrouvent vitalit\u00e9 et \u00e9clat!<br \/>\nEn format rond pour \u00e9pouser la forme de votre main et une utilisation pratique et facile. Les bosses permettent une p\u00e9n\u00e9tration plus rapide du shampoings, ainsi qu&rsquo;un massage du cuir chevelu stimulant la microcirculation et la repousse du cheveux.<br \/>\nConseils d&rsquo;utilisation:<br \/>\nBien Faire mousser le savon sur les cheveux pr\u00e9alablement mouill\u00e9s. Masser en mouvements circulaires en laissant p\u00e9n\u00e9trer jusqu\u2019au cuir chevelu, pendant quelques instants. Rincer abondamment \u00e0 l\u2019eau claire. Terminez par un soin rin\u00e7age (1l d&rsquo;eau+ 1cuill\u00e8re \u00e0 soupe de vinaigre de cidre) pour apporter brillance et volume au cheveu. ( \u00e0 utiliser 1 fois par mois)<br \/>\nEntre 2 usages, laissez le s\u00e9cher sur notre porte savon puis refermez-le.<br \/>\nSi c&rsquo;est votre premier usage de notre shampoing solide, nous<\/p>\n","protected":false},"excerpt":{"rendered":"<p>Parfait pour les cheveux secs et fourchus, ce shampoing solide bio nourrit en profondeur la fibre capillaire et apporte de<\/p>\n","protected":false},"featured_media":17718,"comment_status":"open","ping_status":"closed","template":"","meta":[],"product_brand":[208],"product_cat":[940],"product_tag":[],"class_list":{"0":"post-50070","1":"product","2":"type-product","3":"status-publish","4":"has-post-thumbnail","6":"product_brand-odarym","7":"product_cat-cosmetique-bio","9":"first","10":"instock","11":"shipping-taxable","12":"purchasable","13":"product-type-simple"},"yoast_head":"<!-- This site is optimized with the Yoast SEO plugin v26.6 - https:\/\/yoast.com\/wordpress\/plugins\/seo\/ -->\r\n<title>ODARYM SHAMPOING SOLIDE NATUREL CHEVEUX SECS OU BOUCLES 100 G - Paracherkaoui.ma<\/title>\r\n<meta name=\"robots\" content=\"index, follow, max-snippet:-1, max-image-preview:large, max-video-preview:-1\" \/>\r\n<link rel=\"canonical\" href=\"https:\/\/paracherkaoui.ma\/index.php\/produit\/odarym-shampoing-solide-naturel-cheveux-secs-ou-boucles-100-g-2\/\" \/>\r\n<meta property=\"og:locale\" content=\"fr_FR\" \/>\r\n<meta property=\"og:type\" content=\"article\" \/>\r\n<meta property=\"og:title\" content=\"ODARYM SHAMPOING SOLIDE NATUREL CHEVEUX SECS OU BOUCLES 100 G - Paracherkaoui.ma\" \/>\r\n<meta property=\"og:description\" content=\"Parfait pour les cheveux secs et fourchus, ce shampoing solide bio nourrit en profondeur la fibre capillaire et apporte de\" \/>\r\n<meta property=\"og:url\" content=\"https:\/\/paracherkaoui.ma\/index.php\/produit\/odarym-shampoing-solide-naturel-cheveux-secs-ou-boucles-100-g-2\/\" \/>\r\n<meta property=\"og:site_name\" content=\"Paracherkaoui.ma\" \/>\r\n<meta property=\"article:modified_time\" content=\"2025-12-12T18:30:41+00:00\" \/>\r\n<meta property=\"og:image\" content=\"https:\/\/paracherkaoui.ma\/wp-content\/uploads\/2025\/12\/odarym-odarym-shampoing-solide-naturel-cheveux-secs-ou-boucles-100-g-soins-cheveux.jpg\" \/>\r\n\t<meta property=\"og:image:width\" content=\"700\" \/>\r\n\t<meta property=\"og:image:height\" content=\"700\" \/>\r\n\t<meta property=\"og:image:type\" content=\"image\/jpeg\" \/>\r\n<meta name=\"twitter:card\" content=\"summary_large_image\" \/>\r\n<meta name=\"twitter:label1\" content=\"Dur\u00e9e de lecture estim\u00e9e\" \/>\n\t<meta name=\"twitter:data1\" content=\"1 minute\" \/>\r\n<script type=\"application\/ld+json\" class=\"yoast-schema-graph\">{\"@context\":\"https:\/\/schema.org\",\"@graph\":[{\"@type\":\"WebPage\",\"@id\":\"https:\/\/paracherkaoui.ma\/index.php\/produit\/odarym-shampoing-solide-naturel-cheveux-secs-ou-boucles-100-g-2\/\",\"url\":\"https:\/\/paracherkaoui.ma\/index.php\/produit\/odarym-shampoing-solide-naturel-cheveux-secs-ou-boucles-100-g-2\/\",\"name\":\"ODARYM SHAMPOING SOLIDE NATUREL CHEVEUX SECS OU BOUCLES 100 G - Paracherkaoui.ma\",\"isPartOf\":{\"@id\":\"https:\/\/paracherkaoui.ma\/#website\"},\"primaryImageOfPage\":{\"@id\":\"https:\/\/paracherkaoui.ma\/index.php\/produit\/odarym-shampoing-solide-naturel-cheveux-secs-ou-boucles-100-g-2\/#primaryimage\"},\"image\":{\"@id\":\"https:\/\/paracherkaoui.ma\/index.php\/produit\/odarym-shampoing-solide-naturel-cheveux-secs-ou-boucles-100-g-2\/#primaryimage\"},\"thumbnailUrl\":\"https:\/\/paracherkaoui.ma\/wp-content\/uploads\/2025\/12\/odarym-odarym-shampoing-solide-naturel-cheveux-secs-ou-boucles-100-g-soins-cheveux.jpg\",\"datePublished\":\"2025-12-12T18:30:37+00:00\",\"dateModified\":\"2025-12-12T18:30:41+00:00\",\"breadcrumb\":{\"@id\":\"https:\/\/paracherkaoui.ma\/index.php\/produit\/odarym-shampoing-solide-naturel-cheveux-secs-ou-boucles-100-g-2\/#breadcrumb\"},\"inLanguage\":\"fr-FR\",\"potentialAction\":[{\"@type\":\"ReadAction\",\"target\":[\"https:\/\/paracherkaoui.ma\/index.php\/produit\/odarym-shampoing-solide-naturel-cheveux-secs-ou-boucles-100-g-2\/\"]}]},{\"@type\":\"ImageObject\",\"inLanguage\":\"fr-FR\",\"@id\":\"https:\/\/paracherkaoui.ma\/index.php\/produit\/odarym-shampoing-solide-naturel-cheveux-secs-ou-boucles-100-g-2\/#primaryimage\",\"url\":\"https:\/\/paracherkaoui.ma\/wp-content\/uploads\/2025\/12\/odarym-odarym-shampoing-solide-naturel-cheveux-secs-ou-boucles-100-g-soins-cheveux.jpg\",\"contentUrl\":\"https:\/\/paracherkaoui.ma\/wp-content\/uploads\/2025\/12\/odarym-odarym-shampoing-solide-naturel-cheveux-secs-ou-boucles-100-g-soins-cheveux.jpg\",\"width\":700,\"height\":700},{\"@type\":\"BreadcrumbList\",\"@id\":\"https:\/\/paracherkaoui.ma\/index.php\/produit\/odarym-shampoing-solide-naturel-cheveux-secs-ou-boucles-100-g-2\/#breadcrumb\",\"itemListElement\":[{\"@type\":\"ListItem\",\"position\":1,\"name\":\"Accueil\",\"item\":\"https:\/\/paracherkaoui.ma\/\"},{\"@type\":\"ListItem\",\"position\":2,\"name\":\"Boutique\",\"item\":\"https:\/\/paracherkaoui.ma\/index.php\/boutique\/\"},{\"@type\":\"ListItem\",\"position\":3,\"name\":\"ODARYM SHAMPOING SOLIDE NATUREL CHEVEUX SECS OU BOUCLES 100 G\"}]},{\"@type\":\"WebSite\",\"@id\":\"https:\/\/paracherkaoui.ma\/#website\",\"url\":\"https:\/\/paracherkaoui.ma\/\",\"name\":\"Paracherkaoui.ma\",\"description\":\"Achetez en ligne sur Paracherkaoui.ma\",\"potentialAction\":[{\"@type\":\"SearchAction\",\"target\":{\"@type\":\"EntryPoint\",\"urlTemplate\":\"https:\/\/paracherkaoui.ma\/?s={search_term_string}\"},\"query-input\":{\"@type\":\"PropertyValueSpecification\",\"valueRequired\":true,\"valueName\":\"search_term_string\"}}],\"inLanguage\":\"fr-FR\"}]}<\/script>\r\n<!-- \/ Yoast SEO plugin. -->","yoast_head_json":{"title":"ODARYM SHAMPOING SOLIDE NATUREL CHEVEUX SECS OU BOUCLES 100 G - Paracherkaoui.ma","robots":{"index":"index","follow":"follow","max-snippet":"max-snippet:-1","max-image-preview":"max-image-preview:large","max-video-preview":"max-video-preview:-1"},"canonical":"https:\/\/paracherkaoui.ma\/index.php\/produit\/odarym-shampoing-solide-naturel-cheveux-secs-ou-boucles-100-g-2\/","og_locale":"fr_FR","og_type":"article","og_title":"ODARYM SHAMPOING SOLIDE NATUREL CHEVEUX SECS OU BOUCLES 100 G - Paracherkaoui.ma","og_description":"Parfait pour les cheveux secs et fourchus, ce shampoing solide bio nourrit en profondeur la fibre capillaire et apporte de","og_url":"https:\/\/paracherkaoui.ma\/index.php\/produit\/odarym-shampoing-solide-naturel-cheveux-secs-ou-boucles-100-g-2\/","og_site_name":"Paracherkaoui.ma","article_modified_time":"2025-12-12T18:30:41+00:00","og_image":[{"width":700,"height":700,"url":"https:\/\/paracherkaoui.ma\/wp-content\/uploads\/2025\/12\/odarym-odarym-shampoing-solide-naturel-cheveux-secs-ou-boucles-100-g-soins-cheveux.jpg","type":"image\/jpeg"}],"twitter_card":"summary_large_image","twitter_misc":{"Dur\u00e9e de lecture estim\u00e9e":"1 minute"},"schema":{"@context":"https:\/\/schema.org","@graph":[{"@type":"WebPage","@id":"https:\/\/paracherkaoui.ma\/index.php\/produit\/odarym-shampoing-solide-naturel-cheveux-secs-ou-boucles-100-g-2\/","url":"https:\/\/paracherkaoui.ma\/index.php\/produit\/odarym-shampoing-solide-naturel-cheveux-secs-ou-boucles-100-g-2\/","name":"ODARYM SHAMPOING SOLIDE NATUREL CHEVEUX SECS OU BOUCLES 100 G - Paracherkaoui.ma","isPartOf":{"@id":"https:\/\/paracherkaoui.ma\/#website"},"primaryImageOfPage":{"@id":"https:\/\/paracherkaoui.ma\/index.php\/produit\/odarym-shampoing-solide-naturel-cheveux-secs-ou-boucles-100-g-2\/#primaryimage"},"image":{"@id":"https:\/\/paracherkaoui.ma\/index.php\/produit\/odarym-shampoing-solide-naturel-cheveux-secs-ou-boucles-100-g-2\/#primaryimage"},"thumbnailUrl":"https:\/\/paracherkaoui.ma\/wp-content\/uploads\/2025\/12\/odarym-odarym-shampoing-solide-naturel-cheveux-secs-ou-boucles-100-g-soins-cheveux.jpg","datePublished":"2025-12-12T18:30:37+00:00","dateModified":"2025-12-12T18:30:41+00:00","breadcrumb":{"@id":"https:\/\/paracherkaoui.ma\/index.php\/produit\/odarym-shampoing-solide-naturel-cheveux-secs-ou-boucles-100-g-2\/#breadcrumb"},"inLanguage":"fr-FR","potentialAction":[{"@type":"ReadAction","target":["https:\/\/paracherkaoui.ma\/index.php\/produit\/odarym-shampoing-solide-naturel-cheveux-secs-ou-boucles-100-g-2\/"]}]},{"@type":"ImageObject","inLanguage":"fr-FR","@id":"https:\/\/paracherkaoui.ma\/index.php\/produit\/odarym-shampoing-solide-naturel-cheveux-secs-ou-boucles-100-g-2\/#primaryimage","url":"https:\/\/paracherkaoui.ma\/wp-content\/uploads\/2025\/12\/odarym-odarym-shampoing-solide-naturel-cheveux-secs-ou-boucles-100-g-soins-cheveux.jpg","contentUrl":"https:\/\/paracherkaoui.ma\/wp-content\/uploads\/2025\/12\/odarym-odarym-shampoing-solide-naturel-cheveux-secs-ou-boucles-100-g-soins-cheveux.jpg","width":700,"height":700},{"@type":"BreadcrumbList","@id":"https:\/\/paracherkaoui.ma\/index.php\/produit\/odarym-shampoing-solide-naturel-cheveux-secs-ou-boucles-100-g-2\/#breadcrumb","itemListElement":[{"@type":"ListItem","position":1,"name":"Accueil","item":"https:\/\/paracherkaoui.ma\/"},{"@type":"ListItem","position":2,"name":"Boutique","item":"https:\/\/paracherkaoui.ma\/index.php\/boutique\/"},{"@type":"ListItem","position":3,"name":"ODARYM SHAMPOING SOLIDE NATUREL CHEVEUX SECS OU BOUCLES 100 G"}]},{"@type":"WebSite","@id":"https:\/\/paracherkaoui.ma\/#website","url":"https:\/\/paracherkaoui.ma\/","name":"Paracherkaoui.ma","description":"Achetez en ligne sur Paracherkaoui.ma","potentialAction":[{"@type":"SearchAction","target":{"@type":"EntryPoint","urlTemplate":"https:\/\/paracherkaoui.ma\/?s={search_term_string}"},"query-input":{"@type":"PropertyValueSpecification","valueRequired":true,"valueName":"search_term_string"}}],"inLanguage":"fr-FR"}]}},"_links":{"self":[{"href":"https:\/\/paracherkaoui.ma\/index.php\/wp-json\/wp\/v2\/product\/50070","targetHints":{"allow":["GET"]}}],"collection":[{"href":"https:\/\/paracherkaoui.ma\/index.php\/wp-json\/wp\/v2\/product"}],"about":[{"href":"https:\/\/paracherkaoui.ma\/index.php\/wp-json\/wp\/v2\/types\/product"}],"replies":[{"embeddable":true,"href":"https:\/\/paracherkaoui.ma\/index.php\/wp-json\/wp\/v2\/comments?post=50070"}],"version-history":[{"count":1,"href":"https:\/\/paracherkaoui.ma\/index.php\/wp-json\/wp\/v2\/product\/50070\/revisions"}],"predecessor-version":[{"id":50108,"href":"https:\/\/paracherkaoui.ma\/index.php\/wp-json\/wp\/v2\/product\/50070\/revisions\/50108"}],"wp:featuredmedia":[{"embeddable":true,"href":"https:\/\/paracherkaoui.ma\/index.php\/wp-json\/wp\/v2\/media\/17718"}],"wp:attachment":[{"href":"https:\/\/paracherkaoui.ma\/index.php\/wp-json\/wp\/v2\/media?parent=50070"}],"wp:term":[{"taxonomy":"product_brand","embeddable":true,"href":"https:\/\/paracherkaoui.ma\/index.php\/wp-json\/wp\/v2\/product_brand?post=50070"},{"taxonomy":"product_cat","embeddable":true,"href":"https:\/\/paracherkaoui.ma\/index.php\/wp-json\/wp\/v2\/product_cat?post=50070"},{"taxonomy":"product_tag","embeddable":true,"href":"https:\/\/paracherkaoui.ma\/index.php\/wp-json\/wp\/v2\/product_tag?post=50070"}],"curies":[{"name":"wp","href":"https:\/\/api.w.org\/{rel}","templated":true}]}}