{"id":49990,"date":"2025-12-12T19:30:29","date_gmt":"2025-12-12T18:30:29","guid":{"rendered":"https:\/\/test.ecbeaute.com\/?post_type=product&#038;p=49990"},"modified":"2025-12-12T19:30:32","modified_gmt":"2025-12-12T18:30:32","slug":"odarym-creme-coiffante-a-lhuile-dargan-et-aloe-vera-250-ml","status":"publish","type":"product","link":"https:\/\/paracherkaoui.ma\/index.php\/produit\/odarym-creme-coiffante-a-lhuile-dargan-et-aloe-vera-250-ml\/","title":{"rendered":"ODARYM CREME COIFFANTE A L&rsquo;HUILE D&rsquo;ARGAN ET ALOE VERA 250 ML"},"content":{"rendered":"<p>D\u00e9finissez vos boucles avec le soin sans rin\u00e7age \u00e0 base de gel de lin . Compos\u00e9 d&rsquo;ingr\u00e9dients hydratants, ce soin nourrit les cheveux fris\u00e9s, boucl\u00e9s ou ondul\u00e9s.<br \/>\nCe soin nourrissant sans rin\u00e7age est enrichi en huile d\u2019avocat, aloe vera et miel, qui contribuent \u00e0 limiter les fourches, les cheveux cassants et facilite le coiffage. Sa formule l\u00e9g\u00e8re n\u2019alourdit pas les cheveux et r\u00e9v\u00e8le un fini brillant et \u00e9clatant. Une utilisation continue de cette cr\u00e8me contribue \u00e0 favoriser des cheveux plus forts et plus r\u00e9sistant face aux agressions ext\u00e9rieures!<br \/>\nConseils d&rsquo;utilisation:<br \/>\nApr\u00e8s votre shampoing et apr\u00e8s-shampoing, Utilisez une quantit\u00e9 qui correspond \u00e0 l\u2019\u00e9paisseur et \u00e0 la longueur de vos cheveux ,appliquez le produit sur cheveux mouill\u00e9s uniquement sur vos longueurs avec vos mains. Brossez pour r\u00e9partir et gainer la fibre capillaire. Ensuite vous pouvez commencer l\u2019\u00e9tape du styling!<\/p>\n","protected":false},"excerpt":{"rendered":"<p>D\u00e9finissez vos boucles avec le soin sans rin\u00e7age \u00e0 base de gel de lin . Compos\u00e9 d&rsquo;ingr\u00e9dients hydratants, ce soin<\/p>\n","protected":false},"featured_media":50024,"comment_status":"open","ping_status":"closed","template":"","meta":[],"product_brand":[208],"product_cat":[940],"product_tag":[],"class_list":{"0":"post-49990","1":"product","2":"type-product","3":"status-publish","4":"has-post-thumbnail","6":"product_brand-odarym","7":"product_cat-cosmetique-bio","9":"first","10":"instock","11":"shipping-taxable","12":"purchasable","13":"product-type-simple"},"yoast_head":"<!-- This site is optimized with the Yoast SEO plugin v26.6 - https:\/\/yoast.com\/wordpress\/plugins\/seo\/ -->\r\n<title>ODARYM CREME COIFFANTE A L&#039;HUILE D&#039;ARGAN ET ALOE VERA 250 ML - Paracherkaoui.ma<\/title>\r\n<meta name=\"robots\" content=\"index, follow, max-snippet:-1, max-image-preview:large, max-video-preview:-1\" \/>\r\n<link rel=\"canonical\" href=\"https:\/\/paracherkaoui.ma\/index.php\/produit\/odarym-creme-coiffante-a-lhuile-dargan-et-aloe-vera-250-ml\/\" \/>\r\n<meta property=\"og:locale\" content=\"fr_FR\" \/>\r\n<meta property=\"og:type\" content=\"article\" \/>\r\n<meta property=\"og:title\" content=\"ODARYM CREME COIFFANTE A L&#039;HUILE D&#039;ARGAN ET ALOE VERA 250 ML - Paracherkaoui.ma\" \/>\r\n<meta property=\"og:description\" content=\"D\u00e9finissez vos boucles avec le soin sans rin\u00e7age \u00e0 base de gel de lin . Compos\u00e9 d&rsquo;ingr\u00e9dients hydratants, ce soin\" \/>\r\n<meta property=\"og:url\" content=\"https:\/\/paracherkaoui.ma\/index.php\/produit\/odarym-creme-coiffante-a-lhuile-dargan-et-aloe-vera-250-ml\/\" \/>\r\n<meta property=\"og:site_name\" content=\"Paracherkaoui.ma\" \/>\r\n<meta property=\"article:modified_time\" content=\"2025-12-12T18:30:32+00:00\" \/>\r\n<meta property=\"og:image\" content=\"https:\/\/paracherkaoui.ma\/wp-content\/uploads\/2025\/12\/odarym-odarym-creme-coiffante-a-lhuile-dargan-et-aloe-vera-250-ml-soins-cheveux.jpg\" \/>\r\n\t<meta property=\"og:image:width\" content=\"700\" \/>\r\n\t<meta property=\"og:image:height\" content=\"700\" \/>\r\n\t<meta property=\"og:image:type\" content=\"image\/jpeg\" \/>\r\n<meta name=\"twitter:card\" content=\"summary_large_image\" \/>\r\n<meta name=\"twitter:label1\" content=\"Dur\u00e9e de lecture estim\u00e9e\" \/>\n\t<meta name=\"twitter:data1\" content=\"1 minute\" \/>\r\n<script type=\"application\/ld+json\" class=\"yoast-schema-graph\">{\"@context\":\"https:\/\/schema.org\",\"@graph\":[{\"@type\":\"WebPage\",\"@id\":\"https:\/\/paracherkaoui.ma\/index.php\/produit\/odarym-creme-coiffante-a-lhuile-dargan-et-aloe-vera-250-ml\/\",\"url\":\"https:\/\/paracherkaoui.ma\/index.php\/produit\/odarym-creme-coiffante-a-lhuile-dargan-et-aloe-vera-250-ml\/\",\"name\":\"ODARYM CREME COIFFANTE A L'HUILE D'ARGAN ET ALOE VERA 250 ML - Paracherkaoui.ma\",\"isPartOf\":{\"@id\":\"https:\/\/paracherkaoui.ma\/#website\"},\"primaryImageOfPage\":{\"@id\":\"https:\/\/paracherkaoui.ma\/index.php\/produit\/odarym-creme-coiffante-a-lhuile-dargan-et-aloe-vera-250-ml\/#primaryimage\"},\"image\":{\"@id\":\"https:\/\/paracherkaoui.ma\/index.php\/produit\/odarym-creme-coiffante-a-lhuile-dargan-et-aloe-vera-250-ml\/#primaryimage\"},\"thumbnailUrl\":\"https:\/\/paracherkaoui.ma\/wp-content\/uploads\/2025\/12\/odarym-odarym-creme-coiffante-a-lhuile-dargan-et-aloe-vera-250-ml-soins-cheveux.jpg\",\"datePublished\":\"2025-12-12T18:30:29+00:00\",\"dateModified\":\"2025-12-12T18:30:32+00:00\",\"breadcrumb\":{\"@id\":\"https:\/\/paracherkaoui.ma\/index.php\/produit\/odarym-creme-coiffante-a-lhuile-dargan-et-aloe-vera-250-ml\/#breadcrumb\"},\"inLanguage\":\"fr-FR\",\"potentialAction\":[{\"@type\":\"ReadAction\",\"target\":[\"https:\/\/paracherkaoui.ma\/index.php\/produit\/odarym-creme-coiffante-a-lhuile-dargan-et-aloe-vera-250-ml\/\"]}]},{\"@type\":\"ImageObject\",\"inLanguage\":\"fr-FR\",\"@id\":\"https:\/\/paracherkaoui.ma\/index.php\/produit\/odarym-creme-coiffante-a-lhuile-dargan-et-aloe-vera-250-ml\/#primaryimage\",\"url\":\"https:\/\/paracherkaoui.ma\/wp-content\/uploads\/2025\/12\/odarym-odarym-creme-coiffante-a-lhuile-dargan-et-aloe-vera-250-ml-soins-cheveux.jpg\",\"contentUrl\":\"https:\/\/paracherkaoui.ma\/wp-content\/uploads\/2025\/12\/odarym-odarym-creme-coiffante-a-lhuile-dargan-et-aloe-vera-250-ml-soins-cheveux.jpg\",\"width\":700,\"height\":700},{\"@type\":\"BreadcrumbList\",\"@id\":\"https:\/\/paracherkaoui.ma\/index.php\/produit\/odarym-creme-coiffante-a-lhuile-dargan-et-aloe-vera-250-ml\/#breadcrumb\",\"itemListElement\":[{\"@type\":\"ListItem\",\"position\":1,\"name\":\"Accueil\",\"item\":\"https:\/\/paracherkaoui.ma\/\"},{\"@type\":\"ListItem\",\"position\":2,\"name\":\"Boutique\",\"item\":\"https:\/\/paracherkaoui.ma\/index.php\/boutique\/\"},{\"@type\":\"ListItem\",\"position\":3,\"name\":\"ODARYM CREME COIFFANTE A L&rsquo;HUILE D&rsquo;ARGAN ET ALOE VERA 250 ML\"}]},{\"@type\":\"WebSite\",\"@id\":\"https:\/\/paracherkaoui.ma\/#website\",\"url\":\"https:\/\/paracherkaoui.ma\/\",\"name\":\"Paracherkaoui.ma\",\"description\":\"Achetez en ligne sur Paracherkaoui.ma\",\"potentialAction\":[{\"@type\":\"SearchAction\",\"target\":{\"@type\":\"EntryPoint\",\"urlTemplate\":\"https:\/\/paracherkaoui.ma\/?s={search_term_string}\"},\"query-input\":{\"@type\":\"PropertyValueSpecification\",\"valueRequired\":true,\"valueName\":\"search_term_string\"}}],\"inLanguage\":\"fr-FR\"}]}<\/script>\r\n<!-- \/ Yoast SEO plugin. -->","yoast_head_json":{"title":"ODARYM CREME COIFFANTE A L'HUILE D'ARGAN ET ALOE VERA 250 ML - Paracherkaoui.ma","robots":{"index":"index","follow":"follow","max-snippet":"max-snippet:-1","max-image-preview":"max-image-preview:large","max-video-preview":"max-video-preview:-1"},"canonical":"https:\/\/paracherkaoui.ma\/index.php\/produit\/odarym-creme-coiffante-a-lhuile-dargan-et-aloe-vera-250-ml\/","og_locale":"fr_FR","og_type":"article","og_title":"ODARYM CREME COIFFANTE A L'HUILE D'ARGAN ET ALOE VERA 250 ML - Paracherkaoui.ma","og_description":"D\u00e9finissez vos boucles avec le soin sans rin\u00e7age \u00e0 base de gel de lin . Compos\u00e9 d&rsquo;ingr\u00e9dients hydratants, ce soin","og_url":"https:\/\/paracherkaoui.ma\/index.php\/produit\/odarym-creme-coiffante-a-lhuile-dargan-et-aloe-vera-250-ml\/","og_site_name":"Paracherkaoui.ma","article_modified_time":"2025-12-12T18:30:32+00:00","og_image":[{"width":700,"height":700,"url":"https:\/\/paracherkaoui.ma\/wp-content\/uploads\/2025\/12\/odarym-odarym-creme-coiffante-a-lhuile-dargan-et-aloe-vera-250-ml-soins-cheveux.jpg","type":"image\/jpeg"}],"twitter_card":"summary_large_image","twitter_misc":{"Dur\u00e9e de lecture estim\u00e9e":"1 minute"},"schema":{"@context":"https:\/\/schema.org","@graph":[{"@type":"WebPage","@id":"https:\/\/paracherkaoui.ma\/index.php\/produit\/odarym-creme-coiffante-a-lhuile-dargan-et-aloe-vera-250-ml\/","url":"https:\/\/paracherkaoui.ma\/index.php\/produit\/odarym-creme-coiffante-a-lhuile-dargan-et-aloe-vera-250-ml\/","name":"ODARYM CREME COIFFANTE A L'HUILE D'ARGAN ET ALOE VERA 250 ML - Paracherkaoui.ma","isPartOf":{"@id":"https:\/\/paracherkaoui.ma\/#website"},"primaryImageOfPage":{"@id":"https:\/\/paracherkaoui.ma\/index.php\/produit\/odarym-creme-coiffante-a-lhuile-dargan-et-aloe-vera-250-ml\/#primaryimage"},"image":{"@id":"https:\/\/paracherkaoui.ma\/index.php\/produit\/odarym-creme-coiffante-a-lhuile-dargan-et-aloe-vera-250-ml\/#primaryimage"},"thumbnailUrl":"https:\/\/paracherkaoui.ma\/wp-content\/uploads\/2025\/12\/odarym-odarym-creme-coiffante-a-lhuile-dargan-et-aloe-vera-250-ml-soins-cheveux.jpg","datePublished":"2025-12-12T18:30:29+00:00","dateModified":"2025-12-12T18:30:32+00:00","breadcrumb":{"@id":"https:\/\/paracherkaoui.ma\/index.php\/produit\/odarym-creme-coiffante-a-lhuile-dargan-et-aloe-vera-250-ml\/#breadcrumb"},"inLanguage":"fr-FR","potentialAction":[{"@type":"ReadAction","target":["https:\/\/paracherkaoui.ma\/index.php\/produit\/odarym-creme-coiffante-a-lhuile-dargan-et-aloe-vera-250-ml\/"]}]},{"@type":"ImageObject","inLanguage":"fr-FR","@id":"https:\/\/paracherkaoui.ma\/index.php\/produit\/odarym-creme-coiffante-a-lhuile-dargan-et-aloe-vera-250-ml\/#primaryimage","url":"https:\/\/paracherkaoui.ma\/wp-content\/uploads\/2025\/12\/odarym-odarym-creme-coiffante-a-lhuile-dargan-et-aloe-vera-250-ml-soins-cheveux.jpg","contentUrl":"https:\/\/paracherkaoui.ma\/wp-content\/uploads\/2025\/12\/odarym-odarym-creme-coiffante-a-lhuile-dargan-et-aloe-vera-250-ml-soins-cheveux.jpg","width":700,"height":700},{"@type":"BreadcrumbList","@id":"https:\/\/paracherkaoui.ma\/index.php\/produit\/odarym-creme-coiffante-a-lhuile-dargan-et-aloe-vera-250-ml\/#breadcrumb","itemListElement":[{"@type":"ListItem","position":1,"name":"Accueil","item":"https:\/\/paracherkaoui.ma\/"},{"@type":"ListItem","position":2,"name":"Boutique","item":"https:\/\/paracherkaoui.ma\/index.php\/boutique\/"},{"@type":"ListItem","position":3,"name":"ODARYM CREME COIFFANTE A L&rsquo;HUILE D&rsquo;ARGAN ET ALOE VERA 250 ML"}]},{"@type":"WebSite","@id":"https:\/\/paracherkaoui.ma\/#website","url":"https:\/\/paracherkaoui.ma\/","name":"Paracherkaoui.ma","description":"Achetez en ligne sur Paracherkaoui.ma","potentialAction":[{"@type":"SearchAction","target":{"@type":"EntryPoint","urlTemplate":"https:\/\/paracherkaoui.ma\/?s={search_term_string}"},"query-input":{"@type":"PropertyValueSpecification","valueRequired":true,"valueName":"search_term_string"}}],"inLanguage":"fr-FR"}]}},"_links":{"self":[{"href":"https:\/\/paracherkaoui.ma\/index.php\/wp-json\/wp\/v2\/product\/49990","targetHints":{"allow":["GET"]}}],"collection":[{"href":"https:\/\/paracherkaoui.ma\/index.php\/wp-json\/wp\/v2\/product"}],"about":[{"href":"https:\/\/paracherkaoui.ma\/index.php\/wp-json\/wp\/v2\/types\/product"}],"replies":[{"embeddable":true,"href":"https:\/\/paracherkaoui.ma\/index.php\/wp-json\/wp\/v2\/comments?post=49990"}],"version-history":[{"count":1,"href":"https:\/\/paracherkaoui.ma\/index.php\/wp-json\/wp\/v2\/product\/49990\/revisions"}],"predecessor-version":[{"id":50025,"href":"https:\/\/paracherkaoui.ma\/index.php\/wp-json\/wp\/v2\/product\/49990\/revisions\/50025"}],"wp:featuredmedia":[{"embeddable":true,"href":"https:\/\/paracherkaoui.ma\/index.php\/wp-json\/wp\/v2\/media\/50024"}],"wp:attachment":[{"href":"https:\/\/paracherkaoui.ma\/index.php\/wp-json\/wp\/v2\/media?parent=49990"}],"wp:term":[{"taxonomy":"product_brand","embeddable":true,"href":"https:\/\/paracherkaoui.ma\/index.php\/wp-json\/wp\/v2\/product_brand?post=49990"},{"taxonomy":"product_cat","embeddable":true,"href":"https:\/\/paracherkaoui.ma\/index.php\/wp-json\/wp\/v2\/product_cat?post=49990"},{"taxonomy":"product_tag","embeddable":true,"href":"https:\/\/paracherkaoui.ma\/index.php\/wp-json\/wp\/v2\/product_tag?post=49990"}],"curies":[{"name":"wp","href":"https:\/\/api.w.org\/{rel}","templated":true}]}}