{"id":49922,"date":"2025-12-12T19:30:20","date_gmt":"2025-12-12T18:30:20","guid":{"rendered":"https:\/\/test.ecbeaute.com\/?post_type=product&#038;p=49922"},"modified":"2025-12-12T19:30:27","modified_gmt":"2025-12-12T18:30:27","slug":"biokera-fresh-yellow-shot-masque-250-ml-2","status":"publish","type":"product","link":"https:\/\/paracherkaoui.ma\/index.php\/produit\/biokera-fresh-yellow-shot-masque-250-ml-2\/","title":{"rendered":"BIOKERA FRESH YELLOW SHOT MASQUE 250 ML"},"content":{"rendered":"<p>Description:<br \/>\nLe masque Yellow Shot est la th\u00e9rapie r\u00e9paratrice et protectrice intensive pour une chevelure hydrat\u00e9e, brillante et sans frisottis. Le compl\u00e9ment parfait pour r\u00e9parer et prot\u00e9ger les cheveux ab\u00eem\u00e9s et tr\u00e8s ab\u00eem\u00e9s. Formule\u00a0100% vegan,\u00a0R\u00e9pare et prot\u00e8ge. Cocktail jaune:\u00a0ingr\u00e9dients naturels jaunes,Test\u00e9 dermatologiquement\u00a0Sans sulfate ni paraben\u00a0Biokera Fresh est le traitement capillaire bio n\u00e9 du besoin de soins capillaires durables, vegan et avec des ingr\u00e9dients naturels. La formule jaune du traitement Yellow Shot r\u00e9pare et prot\u00e8ge les cheveux.D\u00e9couvrez ses ingr\u00e9dients naturels!Banane des Canaries:\u00a0riche en\u00a0vitamines, min\u00e9raux et huiles naturelles. Fournit des propri\u00e9t\u00e9s nutritionnelles pour avoir une\u00a0chevelure douce et saine. Il contient des min\u00e9raux essentiels pour reconstruire et reconstituer les composants des cheveux et du cuir chevelu, offrant des conditions id\u00e9ales pour faciliter la croissance et arr\u00eater la chute des cheveux, obtenant une\u00a0chevelure plus forte et plus r\u00e9sistante. Les nutriments naturels tels que les prot\u00e9ines, les sucres et les glucides que l\u2019on trouve dans la banane am\u00e9liorent la structure des cheveux, les hydratent en profondeur et r\u00e9duisent les frisottis.Ginseng:\u00a0sa teneur en Gins\u00e9nosides (compos\u00e9s chimiques naturels) assure une\u00a0action stimulante sur la pousse des cheveux et \u00e9nergisante au niveau cellulaire.Huile d\u2019Abyssinie:\u00a0consid\u00e9r\u00e9e comme une cire r\u00e9paratrice naturelle \u00e0 l\u2019\u00e9tat liquide, en raison de sa teneur \u00e9lev\u00e9e en acides gras \u00e0 longue cha\u00eene et de son poids mol\u00e9culaire \u00e9lev\u00e9. Il reconstitue la perte naturelle d\u2019acide gras 18-m\u00e9thyleicosano\u00efque, le plus abondant \u00e0 la surface de la fibre capillaire,\u00a0augmentant la r\u00e9sistance des cheveux\u00a0au frottement et \u00e0 l\u2019abrasion.Beurre de mangue:\u00a0composition caract\u00e9ristique d\u2019acides gras qui conditionnent et nourrissent intens\u00e9ment la fibre capillaire. Teneur \u00e9lev\u00e9e en glucides et en ?-hydroxyacides (AHA) qui exercent une action r\u00e9gulatrice de la perte d\u2019eau (TEWL), pour atteindre une\u00a0hydratation maximale.Huile d\u2019amande:\u00a0r\u00e9pare les cheveux secs et ab\u00eem\u00e9s. Combat le stress environnemental, tout en\u00a0nourrissant et hydratant les cheveux, leur donnant une apparence plus jeune et plus saine.Fleur d\u2019Ylang Ylang:\u00a0son activit\u00e9 est due \u00e0 la teneur en huile essentielle. Les huiles essentielles sont connues pour leur pouvoir stimulant et revitalisant, id\u00e9al pour le follicule pileux. De plus, il contient des composants qui apportent\u00a0douceur et brillance\u00a0naturelle \u00e0 la fibre capillaire.<\/p>\n","protected":false},"excerpt":{"rendered":"<p>Description: Le masque Yellow Shot est la th\u00e9rapie r\u00e9paratrice et protectrice intensive pour une chevelure hydrat\u00e9e, brillante et sans frisottis.<\/p>\n","protected":false},"featured_media":15438,"comment_status":"open","ping_status":"closed","template":"","meta":[],"product_brand":[191],"product_cat":[940],"product_tag":[],"class_list":{"0":"post-49922","1":"product","2":"type-product","3":"status-publish","4":"has-post-thumbnail","6":"product_brand-biokera","7":"product_cat-cosmetique-bio","9":"first","10":"instock","11":"sale","12":"shipping-taxable","13":"purchasable","14":"product-type-simple"},"yoast_head":"<!-- This site is optimized with the Yoast SEO plugin v26.6 - https:\/\/yoast.com\/wordpress\/plugins\/seo\/ -->\r\n<title>BIOKERA FRESH YELLOW SHOT MASQUE 250 ML - Paracherkaoui.ma<\/title>\r\n<meta name=\"robots\" content=\"index, follow, max-snippet:-1, max-image-preview:large, max-video-preview:-1\" \/>\r\n<link rel=\"canonical\" href=\"https:\/\/paracherkaoui.ma\/index.php\/produit\/biokera-fresh-yellow-shot-masque-250-ml-2\/\" \/>\r\n<meta property=\"og:locale\" content=\"fr_FR\" \/>\r\n<meta property=\"og:type\" content=\"article\" \/>\r\n<meta property=\"og:title\" content=\"BIOKERA FRESH YELLOW SHOT MASQUE 250 ML - Paracherkaoui.ma\" \/>\r\n<meta property=\"og:description\" content=\"Description: Le masque Yellow Shot est la th\u00e9rapie r\u00e9paratrice et protectrice intensive pour une chevelure hydrat\u00e9e, brillante et sans frisottis.\" \/>\r\n<meta property=\"og:url\" content=\"https:\/\/paracherkaoui.ma\/index.php\/produit\/biokera-fresh-yellow-shot-masque-250-ml-2\/\" \/>\r\n<meta property=\"og:site_name\" content=\"Paracherkaoui.ma\" \/>\r\n<meta property=\"article:modified_time\" content=\"2025-12-12T18:30:27+00:00\" \/>\r\n<meta property=\"og:image\" content=\"https:\/\/paracherkaoui.ma\/wp-content\/uploads\/2025\/12\/biokera-biokera-fresh-yellow-shot-masque-250-ml-masque-creme-et-soins.jpg\" \/>\r\n\t<meta property=\"og:image:width\" content=\"700\" \/>\r\n\t<meta property=\"og:image:height\" content=\"700\" \/>\r\n\t<meta property=\"og:image:type\" content=\"image\/jpeg\" \/>\r\n<meta name=\"twitter:card\" content=\"summary_large_image\" \/>\r\n<meta name=\"twitter:label1\" content=\"Dur\u00e9e de lecture estim\u00e9e\" \/>\n\t<meta name=\"twitter:data1\" content=\"2 minutes\" \/>\r\n<script type=\"application\/ld+json\" class=\"yoast-schema-graph\">{\"@context\":\"https:\/\/schema.org\",\"@graph\":[{\"@type\":\"WebPage\",\"@id\":\"https:\/\/paracherkaoui.ma\/index.php\/produit\/biokera-fresh-yellow-shot-masque-250-ml-2\/\",\"url\":\"https:\/\/paracherkaoui.ma\/index.php\/produit\/biokera-fresh-yellow-shot-masque-250-ml-2\/\",\"name\":\"BIOKERA FRESH YELLOW SHOT MASQUE 250 ML - Paracherkaoui.ma\",\"isPartOf\":{\"@id\":\"https:\/\/paracherkaoui.ma\/#website\"},\"primaryImageOfPage\":{\"@id\":\"https:\/\/paracherkaoui.ma\/index.php\/produit\/biokera-fresh-yellow-shot-masque-250-ml-2\/#primaryimage\"},\"image\":{\"@id\":\"https:\/\/paracherkaoui.ma\/index.php\/produit\/biokera-fresh-yellow-shot-masque-250-ml-2\/#primaryimage\"},\"thumbnailUrl\":\"https:\/\/paracherkaoui.ma\/wp-content\/uploads\/2025\/12\/biokera-biokera-fresh-yellow-shot-masque-250-ml-masque-creme-et-soins.jpg\",\"datePublished\":\"2025-12-12T18:30:20+00:00\",\"dateModified\":\"2025-12-12T18:30:27+00:00\",\"breadcrumb\":{\"@id\":\"https:\/\/paracherkaoui.ma\/index.php\/produit\/biokera-fresh-yellow-shot-masque-250-ml-2\/#breadcrumb\"},\"inLanguage\":\"fr-FR\",\"potentialAction\":[{\"@type\":\"ReadAction\",\"target\":[\"https:\/\/paracherkaoui.ma\/index.php\/produit\/biokera-fresh-yellow-shot-masque-250-ml-2\/\"]}]},{\"@type\":\"ImageObject\",\"inLanguage\":\"fr-FR\",\"@id\":\"https:\/\/paracherkaoui.ma\/index.php\/produit\/biokera-fresh-yellow-shot-masque-250-ml-2\/#primaryimage\",\"url\":\"https:\/\/paracherkaoui.ma\/wp-content\/uploads\/2025\/12\/biokera-biokera-fresh-yellow-shot-masque-250-ml-masque-creme-et-soins.jpg\",\"contentUrl\":\"https:\/\/paracherkaoui.ma\/wp-content\/uploads\/2025\/12\/biokera-biokera-fresh-yellow-shot-masque-250-ml-masque-creme-et-soins.jpg\",\"width\":700,\"height\":700},{\"@type\":\"BreadcrumbList\",\"@id\":\"https:\/\/paracherkaoui.ma\/index.php\/produit\/biokera-fresh-yellow-shot-masque-250-ml-2\/#breadcrumb\",\"itemListElement\":[{\"@type\":\"ListItem\",\"position\":1,\"name\":\"Accueil\",\"item\":\"https:\/\/paracherkaoui.ma\/\"},{\"@type\":\"ListItem\",\"position\":2,\"name\":\"Boutique\",\"item\":\"https:\/\/paracherkaoui.ma\/index.php\/boutique\/\"},{\"@type\":\"ListItem\",\"position\":3,\"name\":\"BIOKERA FRESH YELLOW SHOT MASQUE 250 ML\"}]},{\"@type\":\"WebSite\",\"@id\":\"https:\/\/paracherkaoui.ma\/#website\",\"url\":\"https:\/\/paracherkaoui.ma\/\",\"name\":\"Paracherkaoui.ma\",\"description\":\"Achetez en ligne sur Paracherkaoui.ma\",\"potentialAction\":[{\"@type\":\"SearchAction\",\"target\":{\"@type\":\"EntryPoint\",\"urlTemplate\":\"https:\/\/paracherkaoui.ma\/?s={search_term_string}\"},\"query-input\":{\"@type\":\"PropertyValueSpecification\",\"valueRequired\":true,\"valueName\":\"search_term_string\"}}],\"inLanguage\":\"fr-FR\"}]}<\/script>\r\n<!-- \/ Yoast SEO plugin. -->","yoast_head_json":{"title":"BIOKERA FRESH YELLOW SHOT MASQUE 250 ML - Paracherkaoui.ma","robots":{"index":"index","follow":"follow","max-snippet":"max-snippet:-1","max-image-preview":"max-image-preview:large","max-video-preview":"max-video-preview:-1"},"canonical":"https:\/\/paracherkaoui.ma\/index.php\/produit\/biokera-fresh-yellow-shot-masque-250-ml-2\/","og_locale":"fr_FR","og_type":"article","og_title":"BIOKERA FRESH YELLOW SHOT MASQUE 250 ML - Paracherkaoui.ma","og_description":"Description: Le masque Yellow Shot est la th\u00e9rapie r\u00e9paratrice et protectrice intensive pour une chevelure hydrat\u00e9e, brillante et sans frisottis.","og_url":"https:\/\/paracherkaoui.ma\/index.php\/produit\/biokera-fresh-yellow-shot-masque-250-ml-2\/","og_site_name":"Paracherkaoui.ma","article_modified_time":"2025-12-12T18:30:27+00:00","og_image":[{"width":700,"height":700,"url":"https:\/\/paracherkaoui.ma\/wp-content\/uploads\/2025\/12\/biokera-biokera-fresh-yellow-shot-masque-250-ml-masque-creme-et-soins.jpg","type":"image\/jpeg"}],"twitter_card":"summary_large_image","twitter_misc":{"Dur\u00e9e de lecture estim\u00e9e":"2 minutes"},"schema":{"@context":"https:\/\/schema.org","@graph":[{"@type":"WebPage","@id":"https:\/\/paracherkaoui.ma\/index.php\/produit\/biokera-fresh-yellow-shot-masque-250-ml-2\/","url":"https:\/\/paracherkaoui.ma\/index.php\/produit\/biokera-fresh-yellow-shot-masque-250-ml-2\/","name":"BIOKERA FRESH YELLOW SHOT MASQUE 250 ML - Paracherkaoui.ma","isPartOf":{"@id":"https:\/\/paracherkaoui.ma\/#website"},"primaryImageOfPage":{"@id":"https:\/\/paracherkaoui.ma\/index.php\/produit\/biokera-fresh-yellow-shot-masque-250-ml-2\/#primaryimage"},"image":{"@id":"https:\/\/paracherkaoui.ma\/index.php\/produit\/biokera-fresh-yellow-shot-masque-250-ml-2\/#primaryimage"},"thumbnailUrl":"https:\/\/paracherkaoui.ma\/wp-content\/uploads\/2025\/12\/biokera-biokera-fresh-yellow-shot-masque-250-ml-masque-creme-et-soins.jpg","datePublished":"2025-12-12T18:30:20+00:00","dateModified":"2025-12-12T18:30:27+00:00","breadcrumb":{"@id":"https:\/\/paracherkaoui.ma\/index.php\/produit\/biokera-fresh-yellow-shot-masque-250-ml-2\/#breadcrumb"},"inLanguage":"fr-FR","potentialAction":[{"@type":"ReadAction","target":["https:\/\/paracherkaoui.ma\/index.php\/produit\/biokera-fresh-yellow-shot-masque-250-ml-2\/"]}]},{"@type":"ImageObject","inLanguage":"fr-FR","@id":"https:\/\/paracherkaoui.ma\/index.php\/produit\/biokera-fresh-yellow-shot-masque-250-ml-2\/#primaryimage","url":"https:\/\/paracherkaoui.ma\/wp-content\/uploads\/2025\/12\/biokera-biokera-fresh-yellow-shot-masque-250-ml-masque-creme-et-soins.jpg","contentUrl":"https:\/\/paracherkaoui.ma\/wp-content\/uploads\/2025\/12\/biokera-biokera-fresh-yellow-shot-masque-250-ml-masque-creme-et-soins.jpg","width":700,"height":700},{"@type":"BreadcrumbList","@id":"https:\/\/paracherkaoui.ma\/index.php\/produit\/biokera-fresh-yellow-shot-masque-250-ml-2\/#breadcrumb","itemListElement":[{"@type":"ListItem","position":1,"name":"Accueil","item":"https:\/\/paracherkaoui.ma\/"},{"@type":"ListItem","position":2,"name":"Boutique","item":"https:\/\/paracherkaoui.ma\/index.php\/boutique\/"},{"@type":"ListItem","position":3,"name":"BIOKERA FRESH YELLOW SHOT MASQUE 250 ML"}]},{"@type":"WebSite","@id":"https:\/\/paracherkaoui.ma\/#website","url":"https:\/\/paracherkaoui.ma\/","name":"Paracherkaoui.ma","description":"Achetez en ligne sur Paracherkaoui.ma","potentialAction":[{"@type":"SearchAction","target":{"@type":"EntryPoint","urlTemplate":"https:\/\/paracherkaoui.ma\/?s={search_term_string}"},"query-input":{"@type":"PropertyValueSpecification","valueRequired":true,"valueName":"search_term_string"}}],"inLanguage":"fr-FR"}]}},"_links":{"self":[{"href":"https:\/\/paracherkaoui.ma\/index.php\/wp-json\/wp\/v2\/product\/49922","targetHints":{"allow":["GET"]}}],"collection":[{"href":"https:\/\/paracherkaoui.ma\/index.php\/wp-json\/wp\/v2\/product"}],"about":[{"href":"https:\/\/paracherkaoui.ma\/index.php\/wp-json\/wp\/v2\/types\/product"}],"replies":[{"embeddable":true,"href":"https:\/\/paracherkaoui.ma\/index.php\/wp-json\/wp\/v2\/comments?post=49922"}],"version-history":[{"count":1,"href":"https:\/\/paracherkaoui.ma\/index.php\/wp-json\/wp\/v2\/product\/49922\/revisions"}],"predecessor-version":[{"id":49977,"href":"https:\/\/paracherkaoui.ma\/index.php\/wp-json\/wp\/v2\/product\/49922\/revisions\/49977"}],"wp:featuredmedia":[{"embeddable":true,"href":"https:\/\/paracherkaoui.ma\/index.php\/wp-json\/wp\/v2\/media\/15438"}],"wp:attachment":[{"href":"https:\/\/paracherkaoui.ma\/index.php\/wp-json\/wp\/v2\/media?parent=49922"}],"wp:term":[{"taxonomy":"product_brand","embeddable":true,"href":"https:\/\/paracherkaoui.ma\/index.php\/wp-json\/wp\/v2\/product_brand?post=49922"},{"taxonomy":"product_cat","embeddable":true,"href":"https:\/\/paracherkaoui.ma\/index.php\/wp-json\/wp\/v2\/product_cat?post=49922"},{"taxonomy":"product_tag","embeddable":true,"href":"https:\/\/paracherkaoui.ma\/index.php\/wp-json\/wp\/v2\/product_tag?post=49922"}],"curies":[{"name":"wp","href":"https:\/\/api.w.org\/{rel}","templated":true}]}}