{"id":49840,"date":"2025-12-12T19:30:04","date_gmt":"2025-12-12T18:30:04","guid":{"rendered":"https:\/\/test.ecbeaute.com\/?post_type=product&#038;p=49840"},"modified":"2025-12-12T19:30:06","modified_gmt":"2025-12-12T18:30:06","slug":"la-maison-du-coco-huile-de-coco-vierge-300-ml","status":"publish","type":"product","link":"https:\/\/paracherkaoui.ma\/index.php\/produit\/la-maison-du-coco-huile-de-coco-vierge-300-ml\/","title":{"rendered":"LA MAISON DU COCO HUILE DE COCO VIERGE 300 ML"},"content":{"rendered":"<p>D\u00e9couvrez l\u2019huile de coco vierge 300 ml de La Maison du Coco, une huile biologique et \u00e9quitable, id\u00e9ale pour un usage alimentaire et cosm\u00e9tique. Obtenue par pression \u00e0 froid et d\u00e9cantation naturelle, cette huile crue pr\u00e9serve toutes ses propri\u00e9t\u00e9s nutritives. Sa texture onctueuse et l\u00e9g\u00e8rement humide hydrate profond\u00e9ment la peau tout en la prot\u00e9geant. Elle est parfaite pour apaiser les peaux s\u00e8ches et sensibles gr\u00e2ce \u00e0 ses vertus r\u00e9paratrices et antioxydantes.<br \/>\nUtilis\u00e9e en soin corporel, cette huile est une alli\u00e9e pr\u00e9cieuse pour nourrir les cheveux secs et redonner brillance et douceur. En cuisine, elle apporte une d\u00e9licieuse saveur exotique et r\u00e9siste bien \u00e0 la cuisson. Riche en acides gras essentiels et en vitamines E et K, elle contribue \u00e0 une alimentation saine et \u00e9quilibr\u00e9e.<br \/>\nQue vous souhaitiez pr\u00e9parer un masque capillaire, d\u00e9maquiller votre visage ou enrichir vos plats, cette huile polyvalente deviendra vite un indispensable de votre routine beaut\u00e9 et bien-\u00eatre. Gr\u00e2ce \u00e0 son proc\u00e9d\u00e9 de fabrication \u00e0 froid, elle conserve toutes ses qualit\u00e9s naturelles pour vous offrir un produit pur et authentique.<br \/>\nConseils d&rsquo;Utilisation<br \/>\nPour le visage : Appliquez quelques gouttes le soir pour une peau hydrat\u00e9e et apais\u00e9e.<br \/>\nPour les cheveux : Faites un masque capillaire, laissez poser 30 min puis rincez.<br \/>\nEn cuisine : Utilisez-la pour vos plats saut\u00e9s ou p\u00e2tisseries pour une touche exotique.<\/p>\n","protected":false},"excerpt":{"rendered":"<p>D\u00e9couvrez l\u2019huile de coco vierge 300 ml de La Maison du Coco, une huile biologique et \u00e9quitable, id\u00e9ale pour un<\/p>\n","protected":false},"featured_media":49865,"comment_status":"open","ping_status":"closed","template":"","meta":[],"product_brand":[936],"product_cat":[877],"product_tag":[],"class_list":{"0":"post-49840","1":"product","2":"type-product","3":"status-publish","4":"has-post-thumbnail","6":"product_brand-la-maison-du-coco","7":"product_cat-alimentation-bio-et-naturel","9":"first","10":"instock","11":"shipping-taxable","12":"purchasable","13":"product-type-simple"},"yoast_head":"<!-- This site is optimized with the Yoast SEO plugin v26.6 - https:\/\/yoast.com\/wordpress\/plugins\/seo\/ -->\r\n<title>LA MAISON DU COCO HUILE DE COCO VIERGE 300 ML - Paracherkaoui.ma<\/title>\r\n<meta name=\"robots\" content=\"index, follow, max-snippet:-1, max-image-preview:large, max-video-preview:-1\" \/>\r\n<link rel=\"canonical\" href=\"https:\/\/paracherkaoui.ma\/index.php\/produit\/la-maison-du-coco-huile-de-coco-vierge-300-ml\/\" \/>\r\n<meta property=\"og:locale\" content=\"fr_FR\" \/>\r\n<meta property=\"og:type\" content=\"article\" \/>\r\n<meta property=\"og:title\" content=\"LA MAISON DU COCO HUILE DE COCO VIERGE 300 ML - Paracherkaoui.ma\" \/>\r\n<meta property=\"og:description\" content=\"D\u00e9couvrez l\u2019huile de coco vierge 300 ml de La Maison du Coco, une huile biologique et \u00e9quitable, id\u00e9ale pour un\" \/>\r\n<meta property=\"og:url\" content=\"https:\/\/paracherkaoui.ma\/index.php\/produit\/la-maison-du-coco-huile-de-coco-vierge-300-ml\/\" \/>\r\n<meta property=\"og:site_name\" content=\"Paracherkaoui.ma\" \/>\r\n<meta property=\"article:modified_time\" content=\"2025-12-12T18:30:06+00:00\" \/>\r\n<meta property=\"og:image\" content=\"https:\/\/paracherkaoui.ma\/wp-content\/uploads\/2025\/12\/la-maison-du-coco-la-maison-du-coco-huile-de-coco-vierge-300-ml-produits-alimentaires-bio.jpg\" \/>\r\n\t<meta property=\"og:image:width\" content=\"700\" \/>\r\n\t<meta property=\"og:image:height\" content=\"700\" \/>\r\n\t<meta property=\"og:image:type\" content=\"image\/jpeg\" \/>\r\n<meta name=\"twitter:card\" content=\"summary_large_image\" \/>\r\n<meta name=\"twitter:label1\" content=\"Dur\u00e9e de lecture estim\u00e9e\" \/>\n\t<meta name=\"twitter:data1\" content=\"1 minute\" \/>\r\n<script type=\"application\/ld+json\" class=\"yoast-schema-graph\">{\"@context\":\"https:\/\/schema.org\",\"@graph\":[{\"@type\":\"WebPage\",\"@id\":\"https:\/\/paracherkaoui.ma\/index.php\/produit\/la-maison-du-coco-huile-de-coco-vierge-300-ml\/\",\"url\":\"https:\/\/paracherkaoui.ma\/index.php\/produit\/la-maison-du-coco-huile-de-coco-vierge-300-ml\/\",\"name\":\"LA MAISON DU COCO HUILE DE COCO VIERGE 300 ML - Paracherkaoui.ma\",\"isPartOf\":{\"@id\":\"https:\/\/paracherkaoui.ma\/#website\"},\"primaryImageOfPage\":{\"@id\":\"https:\/\/paracherkaoui.ma\/index.php\/produit\/la-maison-du-coco-huile-de-coco-vierge-300-ml\/#primaryimage\"},\"image\":{\"@id\":\"https:\/\/paracherkaoui.ma\/index.php\/produit\/la-maison-du-coco-huile-de-coco-vierge-300-ml\/#primaryimage\"},\"thumbnailUrl\":\"https:\/\/paracherkaoui.ma\/wp-content\/uploads\/2025\/12\/la-maison-du-coco-la-maison-du-coco-huile-de-coco-vierge-300-ml-produits-alimentaires-bio.jpg\",\"datePublished\":\"2025-12-12T18:30:04+00:00\",\"dateModified\":\"2025-12-12T18:30:06+00:00\",\"breadcrumb\":{\"@id\":\"https:\/\/paracherkaoui.ma\/index.php\/produit\/la-maison-du-coco-huile-de-coco-vierge-300-ml\/#breadcrumb\"},\"inLanguage\":\"fr-FR\",\"potentialAction\":[{\"@type\":\"ReadAction\",\"target\":[\"https:\/\/paracherkaoui.ma\/index.php\/produit\/la-maison-du-coco-huile-de-coco-vierge-300-ml\/\"]}]},{\"@type\":\"ImageObject\",\"inLanguage\":\"fr-FR\",\"@id\":\"https:\/\/paracherkaoui.ma\/index.php\/produit\/la-maison-du-coco-huile-de-coco-vierge-300-ml\/#primaryimage\",\"url\":\"https:\/\/paracherkaoui.ma\/wp-content\/uploads\/2025\/12\/la-maison-du-coco-la-maison-du-coco-huile-de-coco-vierge-300-ml-produits-alimentaires-bio.jpg\",\"contentUrl\":\"https:\/\/paracherkaoui.ma\/wp-content\/uploads\/2025\/12\/la-maison-du-coco-la-maison-du-coco-huile-de-coco-vierge-300-ml-produits-alimentaires-bio.jpg\",\"width\":700,\"height\":700},{\"@type\":\"BreadcrumbList\",\"@id\":\"https:\/\/paracherkaoui.ma\/index.php\/produit\/la-maison-du-coco-huile-de-coco-vierge-300-ml\/#breadcrumb\",\"itemListElement\":[{\"@type\":\"ListItem\",\"position\":1,\"name\":\"Accueil\",\"item\":\"https:\/\/paracherkaoui.ma\/\"},{\"@type\":\"ListItem\",\"position\":2,\"name\":\"Boutique\",\"item\":\"https:\/\/paracherkaoui.ma\/index.php\/boutique\/\"},{\"@type\":\"ListItem\",\"position\":3,\"name\":\"LA MAISON DU COCO HUILE DE COCO VIERGE 300 ML\"}]},{\"@type\":\"WebSite\",\"@id\":\"https:\/\/paracherkaoui.ma\/#website\",\"url\":\"https:\/\/paracherkaoui.ma\/\",\"name\":\"Paracherkaoui.ma\",\"description\":\"Achetez en ligne sur Paracherkaoui.ma\",\"potentialAction\":[{\"@type\":\"SearchAction\",\"target\":{\"@type\":\"EntryPoint\",\"urlTemplate\":\"https:\/\/paracherkaoui.ma\/?s={search_term_string}\"},\"query-input\":{\"@type\":\"PropertyValueSpecification\",\"valueRequired\":true,\"valueName\":\"search_term_string\"}}],\"inLanguage\":\"fr-FR\"}]}<\/script>\r\n<!-- \/ Yoast SEO plugin. -->","yoast_head_json":{"title":"LA MAISON DU COCO HUILE DE COCO VIERGE 300 ML - Paracherkaoui.ma","robots":{"index":"index","follow":"follow","max-snippet":"max-snippet:-1","max-image-preview":"max-image-preview:large","max-video-preview":"max-video-preview:-1"},"canonical":"https:\/\/paracherkaoui.ma\/index.php\/produit\/la-maison-du-coco-huile-de-coco-vierge-300-ml\/","og_locale":"fr_FR","og_type":"article","og_title":"LA MAISON DU COCO HUILE DE COCO VIERGE 300 ML - Paracherkaoui.ma","og_description":"D\u00e9couvrez l\u2019huile de coco vierge 300 ml de La Maison du Coco, une huile biologique et \u00e9quitable, id\u00e9ale pour un","og_url":"https:\/\/paracherkaoui.ma\/index.php\/produit\/la-maison-du-coco-huile-de-coco-vierge-300-ml\/","og_site_name":"Paracherkaoui.ma","article_modified_time":"2025-12-12T18:30:06+00:00","og_image":[{"width":700,"height":700,"url":"https:\/\/paracherkaoui.ma\/wp-content\/uploads\/2025\/12\/la-maison-du-coco-la-maison-du-coco-huile-de-coco-vierge-300-ml-produits-alimentaires-bio.jpg","type":"image\/jpeg"}],"twitter_card":"summary_large_image","twitter_misc":{"Dur\u00e9e de lecture estim\u00e9e":"1 minute"},"schema":{"@context":"https:\/\/schema.org","@graph":[{"@type":"WebPage","@id":"https:\/\/paracherkaoui.ma\/index.php\/produit\/la-maison-du-coco-huile-de-coco-vierge-300-ml\/","url":"https:\/\/paracherkaoui.ma\/index.php\/produit\/la-maison-du-coco-huile-de-coco-vierge-300-ml\/","name":"LA MAISON DU COCO HUILE DE COCO VIERGE 300 ML - Paracherkaoui.ma","isPartOf":{"@id":"https:\/\/paracherkaoui.ma\/#website"},"primaryImageOfPage":{"@id":"https:\/\/paracherkaoui.ma\/index.php\/produit\/la-maison-du-coco-huile-de-coco-vierge-300-ml\/#primaryimage"},"image":{"@id":"https:\/\/paracherkaoui.ma\/index.php\/produit\/la-maison-du-coco-huile-de-coco-vierge-300-ml\/#primaryimage"},"thumbnailUrl":"https:\/\/paracherkaoui.ma\/wp-content\/uploads\/2025\/12\/la-maison-du-coco-la-maison-du-coco-huile-de-coco-vierge-300-ml-produits-alimentaires-bio.jpg","datePublished":"2025-12-12T18:30:04+00:00","dateModified":"2025-12-12T18:30:06+00:00","breadcrumb":{"@id":"https:\/\/paracherkaoui.ma\/index.php\/produit\/la-maison-du-coco-huile-de-coco-vierge-300-ml\/#breadcrumb"},"inLanguage":"fr-FR","potentialAction":[{"@type":"ReadAction","target":["https:\/\/paracherkaoui.ma\/index.php\/produit\/la-maison-du-coco-huile-de-coco-vierge-300-ml\/"]}]},{"@type":"ImageObject","inLanguage":"fr-FR","@id":"https:\/\/paracherkaoui.ma\/index.php\/produit\/la-maison-du-coco-huile-de-coco-vierge-300-ml\/#primaryimage","url":"https:\/\/paracherkaoui.ma\/wp-content\/uploads\/2025\/12\/la-maison-du-coco-la-maison-du-coco-huile-de-coco-vierge-300-ml-produits-alimentaires-bio.jpg","contentUrl":"https:\/\/paracherkaoui.ma\/wp-content\/uploads\/2025\/12\/la-maison-du-coco-la-maison-du-coco-huile-de-coco-vierge-300-ml-produits-alimentaires-bio.jpg","width":700,"height":700},{"@type":"BreadcrumbList","@id":"https:\/\/paracherkaoui.ma\/index.php\/produit\/la-maison-du-coco-huile-de-coco-vierge-300-ml\/#breadcrumb","itemListElement":[{"@type":"ListItem","position":1,"name":"Accueil","item":"https:\/\/paracherkaoui.ma\/"},{"@type":"ListItem","position":2,"name":"Boutique","item":"https:\/\/paracherkaoui.ma\/index.php\/boutique\/"},{"@type":"ListItem","position":3,"name":"LA MAISON DU COCO HUILE DE COCO VIERGE 300 ML"}]},{"@type":"WebSite","@id":"https:\/\/paracherkaoui.ma\/#website","url":"https:\/\/paracherkaoui.ma\/","name":"Paracherkaoui.ma","description":"Achetez en ligne sur Paracherkaoui.ma","potentialAction":[{"@type":"SearchAction","target":{"@type":"EntryPoint","urlTemplate":"https:\/\/paracherkaoui.ma\/?s={search_term_string}"},"query-input":{"@type":"PropertyValueSpecification","valueRequired":true,"valueName":"search_term_string"}}],"inLanguage":"fr-FR"}]}},"_links":{"self":[{"href":"https:\/\/paracherkaoui.ma\/index.php\/wp-json\/wp\/v2\/product\/49840","targetHints":{"allow":["GET"]}}],"collection":[{"href":"https:\/\/paracherkaoui.ma\/index.php\/wp-json\/wp\/v2\/product"}],"about":[{"href":"https:\/\/paracherkaoui.ma\/index.php\/wp-json\/wp\/v2\/types\/product"}],"replies":[{"embeddable":true,"href":"https:\/\/paracherkaoui.ma\/index.php\/wp-json\/wp\/v2\/comments?post=49840"}],"version-history":[{"count":1,"href":"https:\/\/paracherkaoui.ma\/index.php\/wp-json\/wp\/v2\/product\/49840\/revisions"}],"predecessor-version":[{"id":49866,"href":"https:\/\/paracherkaoui.ma\/index.php\/wp-json\/wp\/v2\/product\/49840\/revisions\/49866"}],"wp:featuredmedia":[{"embeddable":true,"href":"https:\/\/paracherkaoui.ma\/index.php\/wp-json\/wp\/v2\/media\/49865"}],"wp:attachment":[{"href":"https:\/\/paracherkaoui.ma\/index.php\/wp-json\/wp\/v2\/media?parent=49840"}],"wp:term":[{"taxonomy":"product_brand","embeddable":true,"href":"https:\/\/paracherkaoui.ma\/index.php\/wp-json\/wp\/v2\/product_brand?post=49840"},{"taxonomy":"product_cat","embeddable":true,"href":"https:\/\/paracherkaoui.ma\/index.php\/wp-json\/wp\/v2\/product_cat?post=49840"},{"taxonomy":"product_tag","embeddable":true,"href":"https:\/\/paracherkaoui.ma\/index.php\/wp-json\/wp\/v2\/product_tag?post=49840"}],"curies":[{"name":"wp","href":"https:\/\/api.w.org\/{rel}","templated":true}]}}