{"id":49673,"date":"2025-12-12T19:29:44","date_gmt":"2025-12-12T18:29:44","guid":{"rendered":"https:\/\/test.ecbeaute.com\/?post_type=product&#038;p=49673"},"modified":"2025-12-12T19:29:51","modified_gmt":"2025-12-12T18:29:51","slug":"perfect-ted-capsules-matcha-vanille-boite-de-10","status":"publish","type":"product","link":"https:\/\/paracherkaoui.ma\/index.php\/produit\/perfect-ted-capsules-matcha-vanille-boite-de-10\/","title":{"rendered":"PERFECT TED CAPSULES MATCHA VANILLE BOITE DE 10"},"content":{"rendered":"<p>PerfectTed, la marque de matcha britannique acclam\u00e9e, vous offre d\u00e9sormais cette exp\u00e9rience unique, alliant la tradition japonaise du matcha \u00e0 la douceur exquise de la vanille, le tout encapsul\u00e9 pour une commodit\u00e9 absolue.<br \/>\nFatigu\u00e9 des coups de fouet caf\u00e9in\u00e9s qui s&rsquo;accompagnent souvent d&rsquo;une sensation d&rsquo;anxi\u00e9t\u00e9 ? Le matcha est la solution id\u00e9ale ! Naturellement riche en antioxydants, il est un v\u00e9ritable alli\u00e9 pour votre bien-\u00eatre. Contrairement au caf\u00e9, le matcha diffuse sa caf\u00e9ine de mani\u00e8re progressive gr\u00e2ce \u00e0 la L-th\u00e9anine qu&rsquo;il contient, vous offrant un regain d&rsquo;\u00e9nergie stable et durable, sans la nervosit\u00e9 ou les pics et chutes d&rsquo;\u00e9nergie. C&rsquo;est la boisson parfaite pour vos moments de d\u00e9tente, quand vous avez besoin d&rsquo;un coup de pouce pour rester concentr\u00e9, ou simplement pour savourer une boisson d\u00e9licieuse et saine.<br \/>\nChaque capsule en aluminium, con\u00e7ue pour pr\u00e9server toute la fra\u00eecheur et les ar\u00f4mes du matcha, est une invitation \u00e0 l&rsquo;\u00e9quilibre. Le mariage subtil du matcha japonais traditionnel et de la vanille cr\u00e9e une symphonie de saveurs douces et profondes, pour un th\u00e9 riche et cr\u00e9meux qui ravira vos papilles. Que vous soyez un connaisseur de matcha ou un nouveau venu, cette version \u00e0 la vanille est une porte d&rsquo;entr\u00e9e gourmande vers les nombreux bienfaits de cette poudre verte ancestrale.<br \/>\nAvec PerfectTed, la pr\u00e9paration d&rsquo;un matcha de qualit\u00e9 devient un jeu d&rsquo;enfant. Fini les fouets compliqu\u00e9s et les pr\u00e9parations minutieuses ! En quelques secondes, votre boisson est pr\u00eate, vous permettant de profiter pleinement de ses vertus relaxantes et \u00e9nergisantes. C&rsquo;est l&rsquo;occasion d&rsquo;essayer quelque chose de nouveau, de d\u00e9licieux et d&rsquo;incroyablement sain, qui s&rsquo;int\u00e8gre parfaitement \u00e0 votre rythme de vie. Faites le choix de l&rsquo;\u00e9nergie sereine et de la saveur exquise avec les capsules Matcha Vanille PerfectTed.<br \/>\nConseils d&rsquo;utilisation :<br \/>\nFaites fonctionner votre machine Nespresso\u00ae sans capsule en appuyant sur le bouton lungo (op\u00e9ration \u00e0 faire deux fois).<br \/>\nPr\u00e9parez votre capsule de Matcha Vanille comme un espresso. Faites couler un espresso avec la m\u00eame capsule.<br \/>\nSi vous voulez un latte, versez le matcha sur du lait (chaud ou glac\u00e9 !)<br \/>\nRefaites fonctionner votre machine sans capsule pour retirer les traces de matcha.<br \/>\nComposition :<br \/>\nSucre de coco, matcha de c\u00e9r\u00e9monie japonais, ar\u00f4me naturel.<\/p>\n","protected":false},"excerpt":{"rendered":"<p>PerfectTed, la marque de matcha britannique acclam\u00e9e, vous offre d\u00e9sormais cette exp\u00e9rience unique, alliant la tradition japonaise du matcha \u00e0<\/p>\n","protected":false},"featured_media":49721,"comment_status":"open","ping_status":"closed","template":"","meta":[],"product_brand":[931],"product_cat":[877],"product_tag":[],"class_list":{"0":"post-49673","1":"product","2":"type-product","3":"status-publish","4":"has-post-thumbnail","6":"product_brand-perfect-ted","7":"product_cat-alimentation-bio-et-naturel","9":"first","10":"instock","11":"shipping-taxable","12":"purchasable","13":"product-type-simple"},"yoast_head":"<!-- This site is optimized with the Yoast SEO plugin v26.6 - https:\/\/yoast.com\/wordpress\/plugins\/seo\/ -->\r\n<title>PERFECT TED CAPSULES MATCHA VANILLE BOITE DE 10 - Paracherkaoui.ma<\/title>\r\n<meta name=\"robots\" content=\"index, follow, max-snippet:-1, max-image-preview:large, max-video-preview:-1\" \/>\r\n<link rel=\"canonical\" href=\"https:\/\/paracherkaoui.ma\/index.php\/produit\/perfect-ted-capsules-matcha-vanille-boite-de-10\/\" \/>\r\n<meta property=\"og:locale\" content=\"fr_FR\" \/>\r\n<meta property=\"og:type\" content=\"article\" \/>\r\n<meta property=\"og:title\" content=\"PERFECT TED CAPSULES MATCHA VANILLE BOITE DE 10 - Paracherkaoui.ma\" \/>\r\n<meta property=\"og:description\" content=\"PerfectTed, la marque de matcha britannique acclam\u00e9e, vous offre d\u00e9sormais cette exp\u00e9rience unique, alliant la tradition japonaise du matcha \u00e0\" \/>\r\n<meta property=\"og:url\" content=\"https:\/\/paracherkaoui.ma\/index.php\/produit\/perfect-ted-capsules-matcha-vanille-boite-de-10\/\" \/>\r\n<meta property=\"og:site_name\" content=\"Paracherkaoui.ma\" \/>\r\n<meta property=\"article:modified_time\" content=\"2025-12-12T18:29:51+00:00\" \/>\r\n<meta property=\"og:image\" content=\"https:\/\/paracherkaoui.ma\/wp-content\/uploads\/2025\/12\/perfect-ted-capsules-matcha-vanille-boite-de-10.jpg\" \/>\r\n\t<meta property=\"og:image:width\" content=\"700\" \/>\r\n\t<meta property=\"og:image:height\" content=\"700\" \/>\r\n\t<meta property=\"og:image:type\" content=\"image\/jpeg\" \/>\r\n<meta name=\"twitter:card\" content=\"summary_large_image\" \/>\r\n<meta name=\"twitter:label1\" content=\"Dur\u00e9e de lecture estim\u00e9e\" \/>\n\t<meta name=\"twitter:data1\" content=\"2 minutes\" \/>\r\n<script type=\"application\/ld+json\" class=\"yoast-schema-graph\">{\"@context\":\"https:\/\/schema.org\",\"@graph\":[{\"@type\":\"WebPage\",\"@id\":\"https:\/\/paracherkaoui.ma\/index.php\/produit\/perfect-ted-capsules-matcha-vanille-boite-de-10\/\",\"url\":\"https:\/\/paracherkaoui.ma\/index.php\/produit\/perfect-ted-capsules-matcha-vanille-boite-de-10\/\",\"name\":\"PERFECT TED CAPSULES MATCHA VANILLE BOITE DE 10 - Paracherkaoui.ma\",\"isPartOf\":{\"@id\":\"https:\/\/paracherkaoui.ma\/#website\"},\"primaryImageOfPage\":{\"@id\":\"https:\/\/paracherkaoui.ma\/index.php\/produit\/perfect-ted-capsules-matcha-vanille-boite-de-10\/#primaryimage\"},\"image\":{\"@id\":\"https:\/\/paracherkaoui.ma\/index.php\/produit\/perfect-ted-capsules-matcha-vanille-boite-de-10\/#primaryimage\"},\"thumbnailUrl\":\"https:\/\/paracherkaoui.ma\/wp-content\/uploads\/2025\/12\/perfect-ted-capsules-matcha-vanille-boite-de-10.jpg\",\"datePublished\":\"2025-12-12T18:29:44+00:00\",\"dateModified\":\"2025-12-12T18:29:51+00:00\",\"breadcrumb\":{\"@id\":\"https:\/\/paracherkaoui.ma\/index.php\/produit\/perfect-ted-capsules-matcha-vanille-boite-de-10\/#breadcrumb\"},\"inLanguage\":\"fr-FR\",\"potentialAction\":[{\"@type\":\"ReadAction\",\"target\":[\"https:\/\/paracherkaoui.ma\/index.php\/produit\/perfect-ted-capsules-matcha-vanille-boite-de-10\/\"]}]},{\"@type\":\"ImageObject\",\"inLanguage\":\"fr-FR\",\"@id\":\"https:\/\/paracherkaoui.ma\/index.php\/produit\/perfect-ted-capsules-matcha-vanille-boite-de-10\/#primaryimage\",\"url\":\"https:\/\/paracherkaoui.ma\/wp-content\/uploads\/2025\/12\/perfect-ted-capsules-matcha-vanille-boite-de-10.jpg\",\"contentUrl\":\"https:\/\/paracherkaoui.ma\/wp-content\/uploads\/2025\/12\/perfect-ted-capsules-matcha-vanille-boite-de-10.jpg\",\"width\":700,\"height\":700},{\"@type\":\"BreadcrumbList\",\"@id\":\"https:\/\/paracherkaoui.ma\/index.php\/produit\/perfect-ted-capsules-matcha-vanille-boite-de-10\/#breadcrumb\",\"itemListElement\":[{\"@type\":\"ListItem\",\"position\":1,\"name\":\"Accueil\",\"item\":\"https:\/\/paracherkaoui.ma\/\"},{\"@type\":\"ListItem\",\"position\":2,\"name\":\"Boutique\",\"item\":\"https:\/\/paracherkaoui.ma\/index.php\/boutique\/\"},{\"@type\":\"ListItem\",\"position\":3,\"name\":\"PERFECT TED CAPSULES MATCHA VANILLE BOITE DE 10\"}]},{\"@type\":\"WebSite\",\"@id\":\"https:\/\/paracherkaoui.ma\/#website\",\"url\":\"https:\/\/paracherkaoui.ma\/\",\"name\":\"Paracherkaoui.ma\",\"description\":\"Achetez en ligne sur Paracherkaoui.ma\",\"potentialAction\":[{\"@type\":\"SearchAction\",\"target\":{\"@type\":\"EntryPoint\",\"urlTemplate\":\"https:\/\/paracherkaoui.ma\/?s={search_term_string}\"},\"query-input\":{\"@type\":\"PropertyValueSpecification\",\"valueRequired\":true,\"valueName\":\"search_term_string\"}}],\"inLanguage\":\"fr-FR\"}]}<\/script>\r\n<!-- \/ Yoast SEO plugin. -->","yoast_head_json":{"title":"PERFECT TED CAPSULES MATCHA VANILLE BOITE DE 10 - Paracherkaoui.ma","robots":{"index":"index","follow":"follow","max-snippet":"max-snippet:-1","max-image-preview":"max-image-preview:large","max-video-preview":"max-video-preview:-1"},"canonical":"https:\/\/paracherkaoui.ma\/index.php\/produit\/perfect-ted-capsules-matcha-vanille-boite-de-10\/","og_locale":"fr_FR","og_type":"article","og_title":"PERFECT TED CAPSULES MATCHA VANILLE BOITE DE 10 - Paracherkaoui.ma","og_description":"PerfectTed, la marque de matcha britannique acclam\u00e9e, vous offre d\u00e9sormais cette exp\u00e9rience unique, alliant la tradition japonaise du matcha \u00e0","og_url":"https:\/\/paracherkaoui.ma\/index.php\/produit\/perfect-ted-capsules-matcha-vanille-boite-de-10\/","og_site_name":"Paracherkaoui.ma","article_modified_time":"2025-12-12T18:29:51+00:00","og_image":[{"width":700,"height":700,"url":"https:\/\/paracherkaoui.ma\/wp-content\/uploads\/2025\/12\/perfect-ted-capsules-matcha-vanille-boite-de-10.jpg","type":"image\/jpeg"}],"twitter_card":"summary_large_image","twitter_misc":{"Dur\u00e9e de lecture estim\u00e9e":"2 minutes"},"schema":{"@context":"https:\/\/schema.org","@graph":[{"@type":"WebPage","@id":"https:\/\/paracherkaoui.ma\/index.php\/produit\/perfect-ted-capsules-matcha-vanille-boite-de-10\/","url":"https:\/\/paracherkaoui.ma\/index.php\/produit\/perfect-ted-capsules-matcha-vanille-boite-de-10\/","name":"PERFECT TED CAPSULES MATCHA VANILLE BOITE DE 10 - Paracherkaoui.ma","isPartOf":{"@id":"https:\/\/paracherkaoui.ma\/#website"},"primaryImageOfPage":{"@id":"https:\/\/paracherkaoui.ma\/index.php\/produit\/perfect-ted-capsules-matcha-vanille-boite-de-10\/#primaryimage"},"image":{"@id":"https:\/\/paracherkaoui.ma\/index.php\/produit\/perfect-ted-capsules-matcha-vanille-boite-de-10\/#primaryimage"},"thumbnailUrl":"https:\/\/paracherkaoui.ma\/wp-content\/uploads\/2025\/12\/perfect-ted-capsules-matcha-vanille-boite-de-10.jpg","datePublished":"2025-12-12T18:29:44+00:00","dateModified":"2025-12-12T18:29:51+00:00","breadcrumb":{"@id":"https:\/\/paracherkaoui.ma\/index.php\/produit\/perfect-ted-capsules-matcha-vanille-boite-de-10\/#breadcrumb"},"inLanguage":"fr-FR","potentialAction":[{"@type":"ReadAction","target":["https:\/\/paracherkaoui.ma\/index.php\/produit\/perfect-ted-capsules-matcha-vanille-boite-de-10\/"]}]},{"@type":"ImageObject","inLanguage":"fr-FR","@id":"https:\/\/paracherkaoui.ma\/index.php\/produit\/perfect-ted-capsules-matcha-vanille-boite-de-10\/#primaryimage","url":"https:\/\/paracherkaoui.ma\/wp-content\/uploads\/2025\/12\/perfect-ted-capsules-matcha-vanille-boite-de-10.jpg","contentUrl":"https:\/\/paracherkaoui.ma\/wp-content\/uploads\/2025\/12\/perfect-ted-capsules-matcha-vanille-boite-de-10.jpg","width":700,"height":700},{"@type":"BreadcrumbList","@id":"https:\/\/paracherkaoui.ma\/index.php\/produit\/perfect-ted-capsules-matcha-vanille-boite-de-10\/#breadcrumb","itemListElement":[{"@type":"ListItem","position":1,"name":"Accueil","item":"https:\/\/paracherkaoui.ma\/"},{"@type":"ListItem","position":2,"name":"Boutique","item":"https:\/\/paracherkaoui.ma\/index.php\/boutique\/"},{"@type":"ListItem","position":3,"name":"PERFECT TED CAPSULES MATCHA VANILLE BOITE DE 10"}]},{"@type":"WebSite","@id":"https:\/\/paracherkaoui.ma\/#website","url":"https:\/\/paracherkaoui.ma\/","name":"Paracherkaoui.ma","description":"Achetez en ligne sur Paracherkaoui.ma","potentialAction":[{"@type":"SearchAction","target":{"@type":"EntryPoint","urlTemplate":"https:\/\/paracherkaoui.ma\/?s={search_term_string}"},"query-input":{"@type":"PropertyValueSpecification","valueRequired":true,"valueName":"search_term_string"}}],"inLanguage":"fr-FR"}]}},"_links":{"self":[{"href":"https:\/\/paracherkaoui.ma\/index.php\/wp-json\/wp\/v2\/product\/49673","targetHints":{"allow":["GET"]}}],"collection":[{"href":"https:\/\/paracherkaoui.ma\/index.php\/wp-json\/wp\/v2\/product"}],"about":[{"href":"https:\/\/paracherkaoui.ma\/index.php\/wp-json\/wp\/v2\/types\/product"}],"replies":[{"embeddable":true,"href":"https:\/\/paracherkaoui.ma\/index.php\/wp-json\/wp\/v2\/comments?post=49673"}],"version-history":[{"count":1,"href":"https:\/\/paracherkaoui.ma\/index.php\/wp-json\/wp\/v2\/product\/49673\/revisions"}],"predecessor-version":[{"id":49722,"href":"https:\/\/paracherkaoui.ma\/index.php\/wp-json\/wp\/v2\/product\/49673\/revisions\/49722"}],"wp:featuredmedia":[{"embeddable":true,"href":"https:\/\/paracherkaoui.ma\/index.php\/wp-json\/wp\/v2\/media\/49721"}],"wp:attachment":[{"href":"https:\/\/paracherkaoui.ma\/index.php\/wp-json\/wp\/v2\/media?parent=49673"}],"wp:term":[{"taxonomy":"product_brand","embeddable":true,"href":"https:\/\/paracherkaoui.ma\/index.php\/wp-json\/wp\/v2\/product_brand?post=49673"},{"taxonomy":"product_cat","embeddable":true,"href":"https:\/\/paracherkaoui.ma\/index.php\/wp-json\/wp\/v2\/product_cat?post=49673"},{"taxonomy":"product_tag","embeddable":true,"href":"https:\/\/paracherkaoui.ma\/index.php\/wp-json\/wp\/v2\/product_tag?post=49673"}],"curies":[{"name":"wp","href":"https:\/\/api.w.org\/{rel}","templated":true}]}}