{"id":48517,"date":"2025-12-12T19:27:21","date_gmt":"2025-12-12T18:27:21","guid":{"rendered":"https:\/\/test.ecbeaute.com\/?post_type=product&#038;p=48517"},"modified":"2025-12-12T19:27:25","modified_gmt":"2025-12-12T18:27:25","slug":"biotherm-homme-basics-line-nettoyant-125-ml","status":"publish","type":"product","link":"https:\/\/paracherkaoui.ma\/index.php\/produit\/biotherm-homme-basics-line-nettoyant-125-ml\/","title":{"rendered":"BIOTHERM HOMME BASICS LINE NETTOYANT 125 ML"},"content":{"rendered":"<p>Le Biotherm Homme Basics Line Nettoyant 125 ml est le soin incontournable pour l&rsquo;homme moderne en qu\u00eate d&rsquo;une peau nette et revitalis\u00e9e. Ce gel exfoliant est sp\u00e9cialement formul\u00e9 pour \u00e9liminer en douceur les impuret\u00e9s et les exc\u00e8s de s\u00e9bum qui obstruent les pores au quotidien. Gr\u00e2ce \u00e0 ses grains polisseurs, il affine le grain de peau tout en offrant une sensation de fra\u00eecheur imm\u00e9diate.<br \/>\nSa texture l\u00e9g\u00e8rement moussante lib\u00e8re la peau des toxines, laissant une sensation de propret\u00e9 in\u00e9gal\u00e9e. Enrichi en agents hydratants, ce gel ne se contente pas de purifier : il prend \u00e9galement soin de la peau en pr\u00e9servant son hydratation naturelle. L&rsquo;\u00e9piderme est adouci et semble instantan\u00e9ment plus lisse, plus souple. C\u2019est le geste beaut\u00e9 id\u00e9al \u00e0 int\u00e9grer \u00e0 votre routine quotidienne pour un visage qui respire la sant\u00e9 et la vitalit\u00e9.<br \/>\nCon\u00e7u pour r\u00e9pondre aux besoins des hommes actifs, le Biotherm Homme Basics Line Nettoyant s\u2019int\u00e8gre facilement dans n\u2019importe quelle routine de soin, qu\u2019il s\u2019agisse de nettoyer en profondeur apr\u00e8s une longue journ\u00e9e ou de pr\u00e9parer la peau au rasage. En une seule utilisation, votre teint est rafra\u00eechi et votre peau retrouve son \u00e9clat naturel.<br \/>\nConseils d\u2019utilisation :<br \/>\nUtilisez une petite quantit\u00e9 de gel sur une peau humide, matin ou soir.<br \/>\nMassez d\u00e9licatement en \u00e9vitant le contour des yeux pour activer l&rsquo;action exfoliante des grains polisseurs.<br \/>\nRincez abondamment \u00e0 l\u2019eau ti\u00e8de pour r\u00e9v\u00e9ler une peau douce et hydrat\u00e9e.<br \/>\nComposition :<br \/>\nAQUA \/ WATER \u2022 BUTYLENE GLYCOL \u2022 SODIUM LAURETH SULFATE \u2022 HYDRATED SILICA \u2022 COCO-BETAINE \u2022 ACRYLATES\/C10-30 ALKYL ACRYLATE CROSSPOLYMER \u2022 CARRAGEENAN \u2022 SODIUM CHLORIDE \u2022 SODIUM HYDROXIDE \u2022 VITREOSCILLA FERMENT \u2022 CITRIC ACID \u2022 SALICYLIC ACID \u2022 PHENOXYETHANOL \u2022 CI 42053 \/ GREEN 3 \u2022 CI 77891 \/ TITANIUM DIOXIDE \u2022 CI 19140 \/ YELLOW 5 \u2022 CI 60730 \/ EXT. VIOLET 2 \u2022 LINALOOL \u2022 PARFUM \/ FRAGRANCE<\/p>\n","protected":false},"excerpt":{"rendered":"<p>Le Biotherm Homme Basics Line Nettoyant 125 ml est le soin incontournable pour l&rsquo;homme moderne en qu\u00eate d&rsquo;une peau nette<\/p>\n","protected":false},"featured_media":48556,"comment_status":"open","ping_status":"closed","template":"","meta":[],"product_brand":[391],"product_cat":[875],"product_tag":[],"class_list":{"0":"post-48517","1":"product","2":"type-product","3":"status-publish","4":"has-post-thumbnail","6":"product_brand-biotherm","7":"product_cat-visage-et-corps","9":"first","10":"instock","11":"shipping-taxable","12":"purchasable","13":"product-type-simple"},"yoast_head":"<!-- This site is optimized with the Yoast SEO plugin v26.6 - https:\/\/yoast.com\/wordpress\/plugins\/seo\/ -->\r\n<title>BIOTHERM HOMME BASICS LINE NETTOYANT 125 ML - Paracherkaoui.ma<\/title>\r\n<meta name=\"robots\" content=\"index, follow, max-snippet:-1, max-image-preview:large, max-video-preview:-1\" \/>\r\n<link rel=\"canonical\" href=\"https:\/\/paracherkaoui.ma\/index.php\/produit\/biotherm-homme-basics-line-nettoyant-125-ml\/\" \/>\r\n<meta property=\"og:locale\" content=\"fr_FR\" \/>\r\n<meta property=\"og:type\" content=\"article\" \/>\r\n<meta property=\"og:title\" content=\"BIOTHERM HOMME BASICS LINE NETTOYANT 125 ML - Paracherkaoui.ma\" \/>\r\n<meta property=\"og:description\" content=\"Le Biotherm Homme Basics Line Nettoyant 125 ml est le soin incontournable pour l&rsquo;homme moderne en qu\u00eate d&rsquo;une peau nette\" \/>\r\n<meta property=\"og:url\" content=\"https:\/\/paracherkaoui.ma\/index.php\/produit\/biotherm-homme-basics-line-nettoyant-125-ml\/\" \/>\r\n<meta property=\"og:site_name\" content=\"Paracherkaoui.ma\" \/>\r\n<meta property=\"article:modified_time\" content=\"2025-12-12T18:27:25+00:00\" \/>\r\n<meta property=\"og:image\" content=\"https:\/\/paracherkaoui.ma\/wp-content\/uploads\/2025\/12\/biotherm-homme-basics-line-nettoyant-125-ml.jpg\" \/>\r\n\t<meta property=\"og:image:width\" content=\"700\" \/>\r\n\t<meta property=\"og:image:height\" content=\"700\" \/>\r\n\t<meta property=\"og:image:type\" content=\"image\/jpeg\" \/>\r\n<meta name=\"twitter:card\" content=\"summary_large_image\" \/>\r\n<meta name=\"twitter:label1\" content=\"Dur\u00e9e de lecture estim\u00e9e\" \/>\n\t<meta name=\"twitter:data1\" content=\"2 minutes\" \/>\r\n<script type=\"application\/ld+json\" class=\"yoast-schema-graph\">{\"@context\":\"https:\/\/schema.org\",\"@graph\":[{\"@type\":\"WebPage\",\"@id\":\"https:\/\/paracherkaoui.ma\/index.php\/produit\/biotherm-homme-basics-line-nettoyant-125-ml\/\",\"url\":\"https:\/\/paracherkaoui.ma\/index.php\/produit\/biotherm-homme-basics-line-nettoyant-125-ml\/\",\"name\":\"BIOTHERM HOMME BASICS LINE NETTOYANT 125 ML - Paracherkaoui.ma\",\"isPartOf\":{\"@id\":\"https:\/\/paracherkaoui.ma\/#website\"},\"primaryImageOfPage\":{\"@id\":\"https:\/\/paracherkaoui.ma\/index.php\/produit\/biotherm-homme-basics-line-nettoyant-125-ml\/#primaryimage\"},\"image\":{\"@id\":\"https:\/\/paracherkaoui.ma\/index.php\/produit\/biotherm-homme-basics-line-nettoyant-125-ml\/#primaryimage\"},\"thumbnailUrl\":\"https:\/\/paracherkaoui.ma\/wp-content\/uploads\/2025\/12\/biotherm-homme-basics-line-nettoyant-125-ml.jpg\",\"datePublished\":\"2025-12-12T18:27:21+00:00\",\"dateModified\":\"2025-12-12T18:27:25+00:00\",\"breadcrumb\":{\"@id\":\"https:\/\/paracherkaoui.ma\/index.php\/produit\/biotherm-homme-basics-line-nettoyant-125-ml\/#breadcrumb\"},\"inLanguage\":\"fr-FR\",\"potentialAction\":[{\"@type\":\"ReadAction\",\"target\":[\"https:\/\/paracherkaoui.ma\/index.php\/produit\/biotherm-homme-basics-line-nettoyant-125-ml\/\"]}]},{\"@type\":\"ImageObject\",\"inLanguage\":\"fr-FR\",\"@id\":\"https:\/\/paracherkaoui.ma\/index.php\/produit\/biotherm-homme-basics-line-nettoyant-125-ml\/#primaryimage\",\"url\":\"https:\/\/paracherkaoui.ma\/wp-content\/uploads\/2025\/12\/biotherm-homme-basics-line-nettoyant-125-ml.jpg\",\"contentUrl\":\"https:\/\/paracherkaoui.ma\/wp-content\/uploads\/2025\/12\/biotherm-homme-basics-line-nettoyant-125-ml.jpg\",\"width\":700,\"height\":700},{\"@type\":\"BreadcrumbList\",\"@id\":\"https:\/\/paracherkaoui.ma\/index.php\/produit\/biotherm-homme-basics-line-nettoyant-125-ml\/#breadcrumb\",\"itemListElement\":[{\"@type\":\"ListItem\",\"position\":1,\"name\":\"Accueil\",\"item\":\"https:\/\/paracherkaoui.ma\/\"},{\"@type\":\"ListItem\",\"position\":2,\"name\":\"Boutique\",\"item\":\"https:\/\/paracherkaoui.ma\/index.php\/boutique\/\"},{\"@type\":\"ListItem\",\"position\":3,\"name\":\"BIOTHERM HOMME BASICS LINE NETTOYANT 125 ML\"}]},{\"@type\":\"WebSite\",\"@id\":\"https:\/\/paracherkaoui.ma\/#website\",\"url\":\"https:\/\/paracherkaoui.ma\/\",\"name\":\"Paracherkaoui.ma\",\"description\":\"Achetez en ligne sur Paracherkaoui.ma\",\"potentialAction\":[{\"@type\":\"SearchAction\",\"target\":{\"@type\":\"EntryPoint\",\"urlTemplate\":\"https:\/\/paracherkaoui.ma\/?s={search_term_string}\"},\"query-input\":{\"@type\":\"PropertyValueSpecification\",\"valueRequired\":true,\"valueName\":\"search_term_string\"}}],\"inLanguage\":\"fr-FR\"}]}<\/script>\r\n<!-- \/ Yoast SEO plugin. -->","yoast_head_json":{"title":"BIOTHERM HOMME BASICS LINE NETTOYANT 125 ML - Paracherkaoui.ma","robots":{"index":"index","follow":"follow","max-snippet":"max-snippet:-1","max-image-preview":"max-image-preview:large","max-video-preview":"max-video-preview:-1"},"canonical":"https:\/\/paracherkaoui.ma\/index.php\/produit\/biotherm-homme-basics-line-nettoyant-125-ml\/","og_locale":"fr_FR","og_type":"article","og_title":"BIOTHERM HOMME BASICS LINE NETTOYANT 125 ML - Paracherkaoui.ma","og_description":"Le Biotherm Homme Basics Line Nettoyant 125 ml est le soin incontournable pour l&rsquo;homme moderne en qu\u00eate d&rsquo;une peau nette","og_url":"https:\/\/paracherkaoui.ma\/index.php\/produit\/biotherm-homme-basics-line-nettoyant-125-ml\/","og_site_name":"Paracherkaoui.ma","article_modified_time":"2025-12-12T18:27:25+00:00","og_image":[{"width":700,"height":700,"url":"https:\/\/paracherkaoui.ma\/wp-content\/uploads\/2025\/12\/biotherm-homme-basics-line-nettoyant-125-ml.jpg","type":"image\/jpeg"}],"twitter_card":"summary_large_image","twitter_misc":{"Dur\u00e9e de lecture estim\u00e9e":"2 minutes"},"schema":{"@context":"https:\/\/schema.org","@graph":[{"@type":"WebPage","@id":"https:\/\/paracherkaoui.ma\/index.php\/produit\/biotherm-homme-basics-line-nettoyant-125-ml\/","url":"https:\/\/paracherkaoui.ma\/index.php\/produit\/biotherm-homme-basics-line-nettoyant-125-ml\/","name":"BIOTHERM HOMME BASICS LINE NETTOYANT 125 ML - Paracherkaoui.ma","isPartOf":{"@id":"https:\/\/paracherkaoui.ma\/#website"},"primaryImageOfPage":{"@id":"https:\/\/paracherkaoui.ma\/index.php\/produit\/biotherm-homme-basics-line-nettoyant-125-ml\/#primaryimage"},"image":{"@id":"https:\/\/paracherkaoui.ma\/index.php\/produit\/biotherm-homme-basics-line-nettoyant-125-ml\/#primaryimage"},"thumbnailUrl":"https:\/\/paracherkaoui.ma\/wp-content\/uploads\/2025\/12\/biotherm-homme-basics-line-nettoyant-125-ml.jpg","datePublished":"2025-12-12T18:27:21+00:00","dateModified":"2025-12-12T18:27:25+00:00","breadcrumb":{"@id":"https:\/\/paracherkaoui.ma\/index.php\/produit\/biotherm-homme-basics-line-nettoyant-125-ml\/#breadcrumb"},"inLanguage":"fr-FR","potentialAction":[{"@type":"ReadAction","target":["https:\/\/paracherkaoui.ma\/index.php\/produit\/biotherm-homme-basics-line-nettoyant-125-ml\/"]}]},{"@type":"ImageObject","inLanguage":"fr-FR","@id":"https:\/\/paracherkaoui.ma\/index.php\/produit\/biotherm-homme-basics-line-nettoyant-125-ml\/#primaryimage","url":"https:\/\/paracherkaoui.ma\/wp-content\/uploads\/2025\/12\/biotherm-homme-basics-line-nettoyant-125-ml.jpg","contentUrl":"https:\/\/paracherkaoui.ma\/wp-content\/uploads\/2025\/12\/biotherm-homme-basics-line-nettoyant-125-ml.jpg","width":700,"height":700},{"@type":"BreadcrumbList","@id":"https:\/\/paracherkaoui.ma\/index.php\/produit\/biotherm-homme-basics-line-nettoyant-125-ml\/#breadcrumb","itemListElement":[{"@type":"ListItem","position":1,"name":"Accueil","item":"https:\/\/paracherkaoui.ma\/"},{"@type":"ListItem","position":2,"name":"Boutique","item":"https:\/\/paracherkaoui.ma\/index.php\/boutique\/"},{"@type":"ListItem","position":3,"name":"BIOTHERM HOMME BASICS LINE NETTOYANT 125 ML"}]},{"@type":"WebSite","@id":"https:\/\/paracherkaoui.ma\/#website","url":"https:\/\/paracherkaoui.ma\/","name":"Paracherkaoui.ma","description":"Achetez en ligne sur Paracherkaoui.ma","potentialAction":[{"@type":"SearchAction","target":{"@type":"EntryPoint","urlTemplate":"https:\/\/paracherkaoui.ma\/?s={search_term_string}"},"query-input":{"@type":"PropertyValueSpecification","valueRequired":true,"valueName":"search_term_string"}}],"inLanguage":"fr-FR"}]}},"_links":{"self":[{"href":"https:\/\/paracherkaoui.ma\/index.php\/wp-json\/wp\/v2\/product\/48517","targetHints":{"allow":["GET"]}}],"collection":[{"href":"https:\/\/paracherkaoui.ma\/index.php\/wp-json\/wp\/v2\/product"}],"about":[{"href":"https:\/\/paracherkaoui.ma\/index.php\/wp-json\/wp\/v2\/types\/product"}],"replies":[{"embeddable":true,"href":"https:\/\/paracherkaoui.ma\/index.php\/wp-json\/wp\/v2\/comments?post=48517"}],"version-history":[{"count":1,"href":"https:\/\/paracherkaoui.ma\/index.php\/wp-json\/wp\/v2\/product\/48517\/revisions"}],"predecessor-version":[{"id":48557,"href":"https:\/\/paracherkaoui.ma\/index.php\/wp-json\/wp\/v2\/product\/48517\/revisions\/48557"}],"wp:featuredmedia":[{"embeddable":true,"href":"https:\/\/paracherkaoui.ma\/index.php\/wp-json\/wp\/v2\/media\/48556"}],"wp:attachment":[{"href":"https:\/\/paracherkaoui.ma\/index.php\/wp-json\/wp\/v2\/media?parent=48517"}],"wp:term":[{"taxonomy":"product_brand","embeddable":true,"href":"https:\/\/paracherkaoui.ma\/index.php\/wp-json\/wp\/v2\/product_brand?post=48517"},{"taxonomy":"product_cat","embeddable":true,"href":"https:\/\/paracherkaoui.ma\/index.php\/wp-json\/wp\/v2\/product_cat?post=48517"},{"taxonomy":"product_tag","embeddable":true,"href":"https:\/\/paracherkaoui.ma\/index.php\/wp-json\/wp\/v2\/product_tag?post=48517"}],"curies":[{"name":"wp","href":"https:\/\/api.w.org\/{rel}","templated":true}]}}