{"id":48508,"date":"2025-12-12T19:27:21","date_gmt":"2025-12-12T18:27:21","guid":{"rendered":"https:\/\/test.ecbeaute.com\/?post_type=product&#038;p=48508"},"modified":"2025-12-12T19:27:24","modified_gmt":"2025-12-12T18:27:24","slug":"vichy-homme-hydra-mag-c-soin-hydratant-anti-fatigue-visage-yeux-50ml-2","status":"publish","type":"product","link":"https:\/\/paracherkaoui.ma\/index.php\/produit\/vichy-homme-hydra-mag-c-soin-hydratant-anti-fatigue-visage-yeux-50ml-2\/","title":{"rendered":"VICHY HOMME HYDRA MAG C + SOIN HYDRATANT ANTI FATIGUE VISAGE + YEUX 50ML"},"content":{"rendered":"<p>L\u2019association d\u2019actifs puissants agit en synergie :<br \/>\nLa Vitamine C illumine le teint et lutte contre le vieillissement cutan\u00e9.<br \/>\nLe Magn\u00e9sium, reconnu pour ses propri\u00e9t\u00e9s \u00e9nergisantes, revitalise les traits fatigu\u00e9s.<br \/>\nLe Dextran apaise et d\u00e9congestionne les yeux gonfl\u00e9s.<br \/>\nL\u2019Eau Thermale de Vichy, apaisante et fortifiante, contribue \u00e0 renforcer la barri\u00e8re cutan\u00e9e.<br \/>\nCe soin visage et yeux 2-en-1 est une solution pratique pour les hommes press\u00e9s, qui souhaitent une routine minimaliste mais efficace. Test\u00e9 sous contr\u00f4le dermatologique et ophtalmologique, il est hypoallerg\u00e9nique et sans parab\u00e8ne, respectant ainsi les peaux les plus sensibles.<br \/>\nD\u00e8s l\u2019application, la peau est tonifi\u00e9e (91%), douce (98%) et hydrat\u00e9e (99%) selon des auto-\u00e9valuations sur 129 hommes. Jour apr\u00e8s jour, le visage para\u00eet plus repos\u00e9 et les signes de fatigue s\u2019att\u00e9nuent visiblement.<br \/>\nConseils d\u2019utilisation<br \/>\nAppliquer matin et\/ou soir sur une peau propre et s\u00e8che. Ce soin peut \u00e9galement s&rsquo;utiliser en apr\u00e8s-rasage pour apaiser la peau et lui redonner de la vitalit\u00e9.<br \/>\nComposition<br \/>\nAqua \/ Water, Glycerin, Alcohol Denat., Propanediol, Dimethicone, Phenyl Trimethicone, Propylene Glycol, C13-14 Isoparaffin, CI 15985 \/ Yellow 6, CI 77499 \/ Iron Oxides, CI 77492, CI 77491, CI 77491, CI 77492, CI 77499 \/ Iron Oxides, CI 77891 \/ Titanium Dioxide, Triethanolamine, Triethyl Citrate, Silica, Escin, Phenoxyethanol, Magnesium Sulfate, Magnesium Ascorbyl Phosphate, Boron Nitride, Ascorbyl Glucoside, Caprylyl Glycol, Laureth-7, Dextran Sulfate, Acrylates\/C10-30 Alkyl Acrylate Crosspolymer, Polyacrylamide, Acrylates\/Ammonium Methacrylate Copolymer, Parfum \/ Fragrance<\/p>\n","protected":false},"excerpt":{"rendered":"<p>L\u2019association d\u2019actifs puissants agit en synergie : La Vitamine C illumine le teint et lutte contre le vieillissement cutan\u00e9. Le<\/p>\n","protected":false},"featured_media":13523,"comment_status":"open","ping_status":"closed","template":"","meta":[],"product_brand":[139],"product_cat":[875],"product_tag":[],"class_list":{"0":"post-48508","1":"product","2":"type-product","3":"status-publish","4":"has-post-thumbnail","6":"product_brand-vichy","7":"product_cat-visage-et-corps","9":"first","10":"instock","11":"sale","12":"shipping-taxable","13":"purchasable","14":"product-type-simple"},"yoast_head":"<!-- This site is optimized with the Yoast SEO plugin v26.6 - https:\/\/yoast.com\/wordpress\/plugins\/seo\/ -->\r\n<title>VICHY HOMME HYDRA MAG C + SOIN HYDRATANT ANTI FATIGUE VISAGE + YEUX 50ML - Paracherkaoui.ma<\/title>\r\n<meta name=\"robots\" content=\"index, follow, max-snippet:-1, max-image-preview:large, max-video-preview:-1\" \/>\r\n<link rel=\"canonical\" href=\"https:\/\/paracherkaoui.ma\/index.php\/produit\/vichy-homme-hydra-mag-c-soin-hydratant-anti-fatigue-visage-yeux-50ml-2\/\" \/>\r\n<meta property=\"og:locale\" content=\"fr_FR\" \/>\r\n<meta property=\"og:type\" content=\"article\" \/>\r\n<meta property=\"og:title\" content=\"VICHY HOMME HYDRA MAG C + SOIN HYDRATANT ANTI FATIGUE VISAGE + YEUX 50ML - Paracherkaoui.ma\" \/>\r\n<meta property=\"og:description\" content=\"L\u2019association d\u2019actifs puissants agit en synergie : La Vitamine C illumine le teint et lutte contre le vieillissement cutan\u00e9. Le\" \/>\r\n<meta property=\"og:url\" content=\"https:\/\/paracherkaoui.ma\/index.php\/produit\/vichy-homme-hydra-mag-c-soin-hydratant-anti-fatigue-visage-yeux-50ml-2\/\" \/>\r\n<meta property=\"og:site_name\" content=\"Paracherkaoui.ma\" \/>\r\n<meta property=\"article:modified_time\" content=\"2025-12-12T18:27:24+00:00\" \/>\r\n<meta property=\"og:image\" content=\"https:\/\/paracherkaoui.ma\/wp-content\/uploads\/2025\/12\/vichy-vichy-homme-hydra-mag-c-soin-hydratant-anti-fatigue-visage-yeux-50ml-visage-et-corps.jpg\" \/>\r\n\t<meta property=\"og:image:width\" content=\"700\" \/>\r\n\t<meta property=\"og:image:height\" content=\"700\" \/>\r\n\t<meta property=\"og:image:type\" content=\"image\/jpeg\" \/>\r\n<meta name=\"twitter:card\" content=\"summary_large_image\" \/>\r\n<meta name=\"twitter:label1\" content=\"Dur\u00e9e de lecture estim\u00e9e\" \/>\n\t<meta name=\"twitter:data1\" content=\"1 minute\" \/>\r\n<script type=\"application\/ld+json\" class=\"yoast-schema-graph\">{\"@context\":\"https:\/\/schema.org\",\"@graph\":[{\"@type\":\"WebPage\",\"@id\":\"https:\/\/paracherkaoui.ma\/index.php\/produit\/vichy-homme-hydra-mag-c-soin-hydratant-anti-fatigue-visage-yeux-50ml-2\/\",\"url\":\"https:\/\/paracherkaoui.ma\/index.php\/produit\/vichy-homme-hydra-mag-c-soin-hydratant-anti-fatigue-visage-yeux-50ml-2\/\",\"name\":\"VICHY HOMME HYDRA MAG C + SOIN HYDRATANT ANTI FATIGUE VISAGE + YEUX 50ML - Paracherkaoui.ma\",\"isPartOf\":{\"@id\":\"https:\/\/paracherkaoui.ma\/#website\"},\"primaryImageOfPage\":{\"@id\":\"https:\/\/paracherkaoui.ma\/index.php\/produit\/vichy-homme-hydra-mag-c-soin-hydratant-anti-fatigue-visage-yeux-50ml-2\/#primaryimage\"},\"image\":{\"@id\":\"https:\/\/paracherkaoui.ma\/index.php\/produit\/vichy-homme-hydra-mag-c-soin-hydratant-anti-fatigue-visage-yeux-50ml-2\/#primaryimage\"},\"thumbnailUrl\":\"https:\/\/paracherkaoui.ma\/wp-content\/uploads\/2025\/12\/vichy-vichy-homme-hydra-mag-c-soin-hydratant-anti-fatigue-visage-yeux-50ml-visage-et-corps.jpg\",\"datePublished\":\"2025-12-12T18:27:21+00:00\",\"dateModified\":\"2025-12-12T18:27:24+00:00\",\"breadcrumb\":{\"@id\":\"https:\/\/paracherkaoui.ma\/index.php\/produit\/vichy-homme-hydra-mag-c-soin-hydratant-anti-fatigue-visage-yeux-50ml-2\/#breadcrumb\"},\"inLanguage\":\"fr-FR\",\"potentialAction\":[{\"@type\":\"ReadAction\",\"target\":[\"https:\/\/paracherkaoui.ma\/index.php\/produit\/vichy-homme-hydra-mag-c-soin-hydratant-anti-fatigue-visage-yeux-50ml-2\/\"]}]},{\"@type\":\"ImageObject\",\"inLanguage\":\"fr-FR\",\"@id\":\"https:\/\/paracherkaoui.ma\/index.php\/produit\/vichy-homme-hydra-mag-c-soin-hydratant-anti-fatigue-visage-yeux-50ml-2\/#primaryimage\",\"url\":\"https:\/\/paracherkaoui.ma\/wp-content\/uploads\/2025\/12\/vichy-vichy-homme-hydra-mag-c-soin-hydratant-anti-fatigue-visage-yeux-50ml-visage-et-corps.jpg\",\"contentUrl\":\"https:\/\/paracherkaoui.ma\/wp-content\/uploads\/2025\/12\/vichy-vichy-homme-hydra-mag-c-soin-hydratant-anti-fatigue-visage-yeux-50ml-visage-et-corps.jpg\",\"width\":700,\"height\":700},{\"@type\":\"BreadcrumbList\",\"@id\":\"https:\/\/paracherkaoui.ma\/index.php\/produit\/vichy-homme-hydra-mag-c-soin-hydratant-anti-fatigue-visage-yeux-50ml-2\/#breadcrumb\",\"itemListElement\":[{\"@type\":\"ListItem\",\"position\":1,\"name\":\"Accueil\",\"item\":\"https:\/\/paracherkaoui.ma\/\"},{\"@type\":\"ListItem\",\"position\":2,\"name\":\"Boutique\",\"item\":\"https:\/\/paracherkaoui.ma\/index.php\/boutique\/\"},{\"@type\":\"ListItem\",\"position\":3,\"name\":\"VICHY HOMME HYDRA MAG C + SOIN HYDRATANT ANTI FATIGUE VISAGE + YEUX 50ML\"}]},{\"@type\":\"WebSite\",\"@id\":\"https:\/\/paracherkaoui.ma\/#website\",\"url\":\"https:\/\/paracherkaoui.ma\/\",\"name\":\"Paracherkaoui.ma\",\"description\":\"Achetez en ligne sur Paracherkaoui.ma\",\"potentialAction\":[{\"@type\":\"SearchAction\",\"target\":{\"@type\":\"EntryPoint\",\"urlTemplate\":\"https:\/\/paracherkaoui.ma\/?s={search_term_string}\"},\"query-input\":{\"@type\":\"PropertyValueSpecification\",\"valueRequired\":true,\"valueName\":\"search_term_string\"}}],\"inLanguage\":\"fr-FR\"}]}<\/script>\r\n<!-- \/ Yoast SEO plugin. -->","yoast_head_json":{"title":"VICHY HOMME HYDRA MAG C + SOIN HYDRATANT ANTI FATIGUE VISAGE + YEUX 50ML - Paracherkaoui.ma","robots":{"index":"index","follow":"follow","max-snippet":"max-snippet:-1","max-image-preview":"max-image-preview:large","max-video-preview":"max-video-preview:-1"},"canonical":"https:\/\/paracherkaoui.ma\/index.php\/produit\/vichy-homme-hydra-mag-c-soin-hydratant-anti-fatigue-visage-yeux-50ml-2\/","og_locale":"fr_FR","og_type":"article","og_title":"VICHY HOMME HYDRA MAG C + SOIN HYDRATANT ANTI FATIGUE VISAGE + YEUX 50ML - Paracherkaoui.ma","og_description":"L\u2019association d\u2019actifs puissants agit en synergie : La Vitamine C illumine le teint et lutte contre le vieillissement cutan\u00e9. Le","og_url":"https:\/\/paracherkaoui.ma\/index.php\/produit\/vichy-homme-hydra-mag-c-soin-hydratant-anti-fatigue-visage-yeux-50ml-2\/","og_site_name":"Paracherkaoui.ma","article_modified_time":"2025-12-12T18:27:24+00:00","og_image":[{"width":700,"height":700,"url":"https:\/\/paracherkaoui.ma\/wp-content\/uploads\/2025\/12\/vichy-vichy-homme-hydra-mag-c-soin-hydratant-anti-fatigue-visage-yeux-50ml-visage-et-corps.jpg","type":"image\/jpeg"}],"twitter_card":"summary_large_image","twitter_misc":{"Dur\u00e9e de lecture estim\u00e9e":"1 minute"},"schema":{"@context":"https:\/\/schema.org","@graph":[{"@type":"WebPage","@id":"https:\/\/paracherkaoui.ma\/index.php\/produit\/vichy-homme-hydra-mag-c-soin-hydratant-anti-fatigue-visage-yeux-50ml-2\/","url":"https:\/\/paracherkaoui.ma\/index.php\/produit\/vichy-homme-hydra-mag-c-soin-hydratant-anti-fatigue-visage-yeux-50ml-2\/","name":"VICHY HOMME HYDRA MAG C + SOIN HYDRATANT ANTI FATIGUE VISAGE + YEUX 50ML - Paracherkaoui.ma","isPartOf":{"@id":"https:\/\/paracherkaoui.ma\/#website"},"primaryImageOfPage":{"@id":"https:\/\/paracherkaoui.ma\/index.php\/produit\/vichy-homme-hydra-mag-c-soin-hydratant-anti-fatigue-visage-yeux-50ml-2\/#primaryimage"},"image":{"@id":"https:\/\/paracherkaoui.ma\/index.php\/produit\/vichy-homme-hydra-mag-c-soin-hydratant-anti-fatigue-visage-yeux-50ml-2\/#primaryimage"},"thumbnailUrl":"https:\/\/paracherkaoui.ma\/wp-content\/uploads\/2025\/12\/vichy-vichy-homme-hydra-mag-c-soin-hydratant-anti-fatigue-visage-yeux-50ml-visage-et-corps.jpg","datePublished":"2025-12-12T18:27:21+00:00","dateModified":"2025-12-12T18:27:24+00:00","breadcrumb":{"@id":"https:\/\/paracherkaoui.ma\/index.php\/produit\/vichy-homme-hydra-mag-c-soin-hydratant-anti-fatigue-visage-yeux-50ml-2\/#breadcrumb"},"inLanguage":"fr-FR","potentialAction":[{"@type":"ReadAction","target":["https:\/\/paracherkaoui.ma\/index.php\/produit\/vichy-homme-hydra-mag-c-soin-hydratant-anti-fatigue-visage-yeux-50ml-2\/"]}]},{"@type":"ImageObject","inLanguage":"fr-FR","@id":"https:\/\/paracherkaoui.ma\/index.php\/produit\/vichy-homme-hydra-mag-c-soin-hydratant-anti-fatigue-visage-yeux-50ml-2\/#primaryimage","url":"https:\/\/paracherkaoui.ma\/wp-content\/uploads\/2025\/12\/vichy-vichy-homme-hydra-mag-c-soin-hydratant-anti-fatigue-visage-yeux-50ml-visage-et-corps.jpg","contentUrl":"https:\/\/paracherkaoui.ma\/wp-content\/uploads\/2025\/12\/vichy-vichy-homme-hydra-mag-c-soin-hydratant-anti-fatigue-visage-yeux-50ml-visage-et-corps.jpg","width":700,"height":700},{"@type":"BreadcrumbList","@id":"https:\/\/paracherkaoui.ma\/index.php\/produit\/vichy-homme-hydra-mag-c-soin-hydratant-anti-fatigue-visage-yeux-50ml-2\/#breadcrumb","itemListElement":[{"@type":"ListItem","position":1,"name":"Accueil","item":"https:\/\/paracherkaoui.ma\/"},{"@type":"ListItem","position":2,"name":"Boutique","item":"https:\/\/paracherkaoui.ma\/index.php\/boutique\/"},{"@type":"ListItem","position":3,"name":"VICHY HOMME HYDRA MAG C + SOIN HYDRATANT ANTI FATIGUE VISAGE + YEUX 50ML"}]},{"@type":"WebSite","@id":"https:\/\/paracherkaoui.ma\/#website","url":"https:\/\/paracherkaoui.ma\/","name":"Paracherkaoui.ma","description":"Achetez en ligne sur Paracherkaoui.ma","potentialAction":[{"@type":"SearchAction","target":{"@type":"EntryPoint","urlTemplate":"https:\/\/paracherkaoui.ma\/?s={search_term_string}"},"query-input":{"@type":"PropertyValueSpecification","valueRequired":true,"valueName":"search_term_string"}}],"inLanguage":"fr-FR"}]}},"_links":{"self":[{"href":"https:\/\/paracherkaoui.ma\/index.php\/wp-json\/wp\/v2\/product\/48508","targetHints":{"allow":["GET"]}}],"collection":[{"href":"https:\/\/paracherkaoui.ma\/index.php\/wp-json\/wp\/v2\/product"}],"about":[{"href":"https:\/\/paracherkaoui.ma\/index.php\/wp-json\/wp\/v2\/types\/product"}],"replies":[{"embeddable":true,"href":"https:\/\/paracherkaoui.ma\/index.php\/wp-json\/wp\/v2\/comments?post=48508"}],"version-history":[{"count":1,"href":"https:\/\/paracherkaoui.ma\/index.php\/wp-json\/wp\/v2\/product\/48508\/revisions"}],"predecessor-version":[{"id":48543,"href":"https:\/\/paracherkaoui.ma\/index.php\/wp-json\/wp\/v2\/product\/48508\/revisions\/48543"}],"wp:featuredmedia":[{"embeddable":true,"href":"https:\/\/paracherkaoui.ma\/index.php\/wp-json\/wp\/v2\/media\/13523"}],"wp:attachment":[{"href":"https:\/\/paracherkaoui.ma\/index.php\/wp-json\/wp\/v2\/media?parent=48508"}],"wp:term":[{"taxonomy":"product_brand","embeddable":true,"href":"https:\/\/paracherkaoui.ma\/index.php\/wp-json\/wp\/v2\/product_brand?post=48508"},{"taxonomy":"product_cat","embeddable":true,"href":"https:\/\/paracherkaoui.ma\/index.php\/wp-json\/wp\/v2\/product_cat?post=48508"},{"taxonomy":"product_tag","embeddable":true,"href":"https:\/\/paracherkaoui.ma\/index.php\/wp-json\/wp\/v2\/product_tag?post=48508"}],"curies":[{"name":"wp","href":"https:\/\/api.w.org\/{rel}","templated":true}]}}