{"id":48506,"date":"2025-12-12T19:27:20","date_gmt":"2025-12-12T18:27:20","guid":{"rendered":"https:\/\/test.ecbeaute.com\/?post_type=product&#038;p=48506"},"modified":"2025-12-12T19:27:24","modified_gmt":"2025-12-12T18:27:24","slug":"nuxe-men-rasage-de-reve-150-ml-3","status":"publish","type":"product","link":"https:\/\/paracherkaoui.ma\/index.php\/produit\/nuxe-men-rasage-de-reve-150-ml-3\/","title":{"rendered":"NUXE MEN, RASAGE DE REVE 150 ML"},"content":{"rendered":"<p>INDICATIONS :<br \/>\nRincer apr\u00e8s rasage. Attention : contient 5.5% en masse de composants inflammables. Tenir \u00e0 l\u2019\u00e9cart de la chaleur, des surfaces chaudes, des \u00e9tincelles, des flammes nues et de toute autre source d\u2019inflammation. Ne pas fumer. Tenir hors de port\u00e9e des enfants. R\u00e9cipient sous pression: peut \u00e9clater sous l\u2019effet de la chaleur. Ne pas perforer, ni br\u00fbler, m\u00eame apr\u00e8s usage. Prot\u00e9ger du rayonnement solaire. Ne pas exposer \u00e0 une temp\u00e9rature sup\u00e9rieure \u00e0 50\u00b0C\/122\u00b0F. Sans paraben.<br \/>\nPR\u00c9SENTATION :<br \/>\n1 Flacon de 150 ml<br \/>\nCOMPOSITION :<br \/>\nAQUA\/WATER, PALMITIC ACID, TRIETHANOLAMINE, OLETH-20, ISOPENTANE, SORBITOL, GLYCERIN, ISOBUTANE, CAPRYLIC\/CAPRIC TRIGLYCERIDE, COCAMIDE MIPA, HYDROXYETHYLCELLULOSE, PHENOXYETHANOL, HYDROGENATED POLYISOBUTENE, HYDROXYETHYL UREA, PARFUM\/FRAGRANCE, 1,2-HEXANEDIOL, CAPRYLYL GLYCOL, TOCOPHERYL ACETATE, ALLANTOIN, BISABOLOL, PEG-14M, ETHYLHEXYLGLYCERIN, HORDEUM DISTICHON (BARLEY) EXTRACT, BHT, AMMONIUM LACTATE, PHELLODENDRON AMURENSE BARK EXTRACT, SANTALUM ALBUM (SANDALWOOD) EXTRACT, BIOSACCHARIDE GUM-1, TROPOLONE, SILICA, TOCOPHEROL [N1904\/D].<\/p>\n","protected":false},"excerpt":{"rendered":"<p>INDICATIONS : Rincer apr\u00e8s rasage. Attention : contient 5.5% en masse de composants inflammables. Tenir \u00e0 l\u2019\u00e9cart de la chaleur,<\/p>\n","protected":false},"featured_media":48385,"comment_status":"open","ping_status":"closed","template":"","meta":[],"product_brand":[230],"product_cat":[875],"product_tag":[],"class_list":{"0":"post-48506","1":"product","2":"type-product","3":"status-publish","4":"has-post-thumbnail","6":"product_brand-nuxe","7":"product_cat-visage-et-corps","9":"first","10":"instock","11":"sale","12":"shipping-taxable","13":"purchasable","14":"product-type-simple"},"yoast_head":"<!-- This site is optimized with the Yoast SEO plugin v26.6 - https:\/\/yoast.com\/wordpress\/plugins\/seo\/ -->\r\n<title>NUXE MEN, RASAGE DE REVE 150 ML - Paracherkaoui.ma<\/title>\r\n<meta name=\"robots\" content=\"index, follow, max-snippet:-1, max-image-preview:large, max-video-preview:-1\" \/>\r\n<link rel=\"canonical\" href=\"https:\/\/paracherkaoui.ma\/index.php\/produit\/nuxe-men-rasage-de-reve-150-ml-3\/\" \/>\r\n<meta property=\"og:locale\" content=\"fr_FR\" \/>\r\n<meta property=\"og:type\" content=\"article\" \/>\r\n<meta property=\"og:title\" content=\"NUXE MEN, RASAGE DE REVE 150 ML - Paracherkaoui.ma\" \/>\r\n<meta property=\"og:description\" content=\"INDICATIONS : Rincer apr\u00e8s rasage. Attention : contient 5.5% en masse de composants inflammables. Tenir \u00e0 l\u2019\u00e9cart de la chaleur,\" \/>\r\n<meta property=\"og:url\" content=\"https:\/\/paracherkaoui.ma\/index.php\/produit\/nuxe-men-rasage-de-reve-150-ml-3\/\" \/>\r\n<meta property=\"og:site_name\" content=\"Paracherkaoui.ma\" \/>\r\n<meta property=\"article:modified_time\" content=\"2025-12-12T18:27:24+00:00\" \/>\r\n<meta property=\"og:image\" content=\"https:\/\/paracherkaoui.ma\/wp-content\/uploads\/2025\/12\/nuxe-nuxe-men-rasage-de-reve-150-ml-rasage-et-barbe.jpg\" \/>\r\n\t<meta property=\"og:image:width\" content=\"700\" \/>\r\n\t<meta property=\"og:image:height\" content=\"700\" \/>\r\n\t<meta property=\"og:image:type\" content=\"image\/jpeg\" \/>\r\n<meta name=\"twitter:card\" content=\"summary_large_image\" \/>\r\n<meta name=\"twitter:label1\" content=\"Dur\u00e9e de lecture estim\u00e9e\" \/>\n\t<meta name=\"twitter:data1\" content=\"1 minute\" \/>\r\n<script type=\"application\/ld+json\" class=\"yoast-schema-graph\">{\"@context\":\"https:\/\/schema.org\",\"@graph\":[{\"@type\":\"WebPage\",\"@id\":\"https:\/\/paracherkaoui.ma\/index.php\/produit\/nuxe-men-rasage-de-reve-150-ml-3\/\",\"url\":\"https:\/\/paracherkaoui.ma\/index.php\/produit\/nuxe-men-rasage-de-reve-150-ml-3\/\",\"name\":\"NUXE MEN, RASAGE DE REVE 150 ML - Paracherkaoui.ma\",\"isPartOf\":{\"@id\":\"https:\/\/paracherkaoui.ma\/#website\"},\"primaryImageOfPage\":{\"@id\":\"https:\/\/paracherkaoui.ma\/index.php\/produit\/nuxe-men-rasage-de-reve-150-ml-3\/#primaryimage\"},\"image\":{\"@id\":\"https:\/\/paracherkaoui.ma\/index.php\/produit\/nuxe-men-rasage-de-reve-150-ml-3\/#primaryimage\"},\"thumbnailUrl\":\"https:\/\/paracherkaoui.ma\/wp-content\/uploads\/2025\/12\/nuxe-nuxe-men-rasage-de-reve-150-ml-rasage-et-barbe.jpg\",\"datePublished\":\"2025-12-12T18:27:20+00:00\",\"dateModified\":\"2025-12-12T18:27:24+00:00\",\"breadcrumb\":{\"@id\":\"https:\/\/paracherkaoui.ma\/index.php\/produit\/nuxe-men-rasage-de-reve-150-ml-3\/#breadcrumb\"},\"inLanguage\":\"fr-FR\",\"potentialAction\":[{\"@type\":\"ReadAction\",\"target\":[\"https:\/\/paracherkaoui.ma\/index.php\/produit\/nuxe-men-rasage-de-reve-150-ml-3\/\"]}]},{\"@type\":\"ImageObject\",\"inLanguage\":\"fr-FR\",\"@id\":\"https:\/\/paracherkaoui.ma\/index.php\/produit\/nuxe-men-rasage-de-reve-150-ml-3\/#primaryimage\",\"url\":\"https:\/\/paracherkaoui.ma\/wp-content\/uploads\/2025\/12\/nuxe-nuxe-men-rasage-de-reve-150-ml-rasage-et-barbe.jpg\",\"contentUrl\":\"https:\/\/paracherkaoui.ma\/wp-content\/uploads\/2025\/12\/nuxe-nuxe-men-rasage-de-reve-150-ml-rasage-et-barbe.jpg\",\"width\":700,\"height\":700},{\"@type\":\"BreadcrumbList\",\"@id\":\"https:\/\/paracherkaoui.ma\/index.php\/produit\/nuxe-men-rasage-de-reve-150-ml-3\/#breadcrumb\",\"itemListElement\":[{\"@type\":\"ListItem\",\"position\":1,\"name\":\"Accueil\",\"item\":\"https:\/\/paracherkaoui.ma\/\"},{\"@type\":\"ListItem\",\"position\":2,\"name\":\"Boutique\",\"item\":\"https:\/\/paracherkaoui.ma\/index.php\/boutique\/\"},{\"@type\":\"ListItem\",\"position\":3,\"name\":\"NUXE MEN, RASAGE DE REVE 150 ML\"}]},{\"@type\":\"WebSite\",\"@id\":\"https:\/\/paracherkaoui.ma\/#website\",\"url\":\"https:\/\/paracherkaoui.ma\/\",\"name\":\"Paracherkaoui.ma\",\"description\":\"Achetez en ligne sur Paracherkaoui.ma\",\"potentialAction\":[{\"@type\":\"SearchAction\",\"target\":{\"@type\":\"EntryPoint\",\"urlTemplate\":\"https:\/\/paracherkaoui.ma\/?s={search_term_string}\"},\"query-input\":{\"@type\":\"PropertyValueSpecification\",\"valueRequired\":true,\"valueName\":\"search_term_string\"}}],\"inLanguage\":\"fr-FR\"}]}<\/script>\r\n<!-- \/ Yoast SEO plugin. -->","yoast_head_json":{"title":"NUXE MEN, RASAGE DE REVE 150 ML - Paracherkaoui.ma","robots":{"index":"index","follow":"follow","max-snippet":"max-snippet:-1","max-image-preview":"max-image-preview:large","max-video-preview":"max-video-preview:-1"},"canonical":"https:\/\/paracherkaoui.ma\/index.php\/produit\/nuxe-men-rasage-de-reve-150-ml-3\/","og_locale":"fr_FR","og_type":"article","og_title":"NUXE MEN, RASAGE DE REVE 150 ML - Paracherkaoui.ma","og_description":"INDICATIONS : Rincer apr\u00e8s rasage. Attention : contient 5.5% en masse de composants inflammables. Tenir \u00e0 l\u2019\u00e9cart de la chaleur,","og_url":"https:\/\/paracherkaoui.ma\/index.php\/produit\/nuxe-men-rasage-de-reve-150-ml-3\/","og_site_name":"Paracherkaoui.ma","article_modified_time":"2025-12-12T18:27:24+00:00","og_image":[{"width":700,"height":700,"url":"https:\/\/paracherkaoui.ma\/wp-content\/uploads\/2025\/12\/nuxe-nuxe-men-rasage-de-reve-150-ml-rasage-et-barbe.jpg","type":"image\/jpeg"}],"twitter_card":"summary_large_image","twitter_misc":{"Dur\u00e9e de lecture estim\u00e9e":"1 minute"},"schema":{"@context":"https:\/\/schema.org","@graph":[{"@type":"WebPage","@id":"https:\/\/paracherkaoui.ma\/index.php\/produit\/nuxe-men-rasage-de-reve-150-ml-3\/","url":"https:\/\/paracherkaoui.ma\/index.php\/produit\/nuxe-men-rasage-de-reve-150-ml-3\/","name":"NUXE MEN, RASAGE DE REVE 150 ML - Paracherkaoui.ma","isPartOf":{"@id":"https:\/\/paracherkaoui.ma\/#website"},"primaryImageOfPage":{"@id":"https:\/\/paracherkaoui.ma\/index.php\/produit\/nuxe-men-rasage-de-reve-150-ml-3\/#primaryimage"},"image":{"@id":"https:\/\/paracherkaoui.ma\/index.php\/produit\/nuxe-men-rasage-de-reve-150-ml-3\/#primaryimage"},"thumbnailUrl":"https:\/\/paracherkaoui.ma\/wp-content\/uploads\/2025\/12\/nuxe-nuxe-men-rasage-de-reve-150-ml-rasage-et-barbe.jpg","datePublished":"2025-12-12T18:27:20+00:00","dateModified":"2025-12-12T18:27:24+00:00","breadcrumb":{"@id":"https:\/\/paracherkaoui.ma\/index.php\/produit\/nuxe-men-rasage-de-reve-150-ml-3\/#breadcrumb"},"inLanguage":"fr-FR","potentialAction":[{"@type":"ReadAction","target":["https:\/\/paracherkaoui.ma\/index.php\/produit\/nuxe-men-rasage-de-reve-150-ml-3\/"]}]},{"@type":"ImageObject","inLanguage":"fr-FR","@id":"https:\/\/paracherkaoui.ma\/index.php\/produit\/nuxe-men-rasage-de-reve-150-ml-3\/#primaryimage","url":"https:\/\/paracherkaoui.ma\/wp-content\/uploads\/2025\/12\/nuxe-nuxe-men-rasage-de-reve-150-ml-rasage-et-barbe.jpg","contentUrl":"https:\/\/paracherkaoui.ma\/wp-content\/uploads\/2025\/12\/nuxe-nuxe-men-rasage-de-reve-150-ml-rasage-et-barbe.jpg","width":700,"height":700},{"@type":"BreadcrumbList","@id":"https:\/\/paracherkaoui.ma\/index.php\/produit\/nuxe-men-rasage-de-reve-150-ml-3\/#breadcrumb","itemListElement":[{"@type":"ListItem","position":1,"name":"Accueil","item":"https:\/\/paracherkaoui.ma\/"},{"@type":"ListItem","position":2,"name":"Boutique","item":"https:\/\/paracherkaoui.ma\/index.php\/boutique\/"},{"@type":"ListItem","position":3,"name":"NUXE MEN, RASAGE DE REVE 150 ML"}]},{"@type":"WebSite","@id":"https:\/\/paracherkaoui.ma\/#website","url":"https:\/\/paracherkaoui.ma\/","name":"Paracherkaoui.ma","description":"Achetez en ligne sur Paracherkaoui.ma","potentialAction":[{"@type":"SearchAction","target":{"@type":"EntryPoint","urlTemplate":"https:\/\/paracherkaoui.ma\/?s={search_term_string}"},"query-input":{"@type":"PropertyValueSpecification","valueRequired":true,"valueName":"search_term_string"}}],"inLanguage":"fr-FR"}]}},"_links":{"self":[{"href":"https:\/\/paracherkaoui.ma\/index.php\/wp-json\/wp\/v2\/product\/48506","targetHints":{"allow":["GET"]}}],"collection":[{"href":"https:\/\/paracherkaoui.ma\/index.php\/wp-json\/wp\/v2\/product"}],"about":[{"href":"https:\/\/paracherkaoui.ma\/index.php\/wp-json\/wp\/v2\/types\/product"}],"replies":[{"embeddable":true,"href":"https:\/\/paracherkaoui.ma\/index.php\/wp-json\/wp\/v2\/comments?post=48506"}],"version-history":[{"count":1,"href":"https:\/\/paracherkaoui.ma\/index.php\/wp-json\/wp\/v2\/product\/48506\/revisions"}],"predecessor-version":[{"id":48541,"href":"https:\/\/paracherkaoui.ma\/index.php\/wp-json\/wp\/v2\/product\/48506\/revisions\/48541"}],"wp:featuredmedia":[{"embeddable":true,"href":"https:\/\/paracherkaoui.ma\/index.php\/wp-json\/wp\/v2\/media\/48385"}],"wp:attachment":[{"href":"https:\/\/paracherkaoui.ma\/index.php\/wp-json\/wp\/v2\/media?parent=48506"}],"wp:term":[{"taxonomy":"product_brand","embeddable":true,"href":"https:\/\/paracherkaoui.ma\/index.php\/wp-json\/wp\/v2\/product_brand?post=48506"},{"taxonomy":"product_cat","embeddable":true,"href":"https:\/\/paracherkaoui.ma\/index.php\/wp-json\/wp\/v2\/product_cat?post=48506"},{"taxonomy":"product_tag","embeddable":true,"href":"https:\/\/paracherkaoui.ma\/index.php\/wp-json\/wp\/v2\/product_tag?post=48506"}],"curies":[{"name":"wp","href":"https:\/\/api.w.org\/{rel}","templated":true}]}}