{"id":48505,"date":"2025-12-12T19:27:20","date_gmt":"2025-12-12T18:27:20","guid":{"rendered":"https:\/\/test.ecbeaute.com\/?post_type=product&#038;p=48505"},"modified":"2025-12-12T19:27:24","modified_gmt":"2025-12-12T18:27:24","slug":"vichy-homme-sensi-baume-baume-apres-rasage-fortifiant-peaux-sensibles-75-ml-4","status":"publish","type":"product","link":"https:\/\/paracherkaoui.ma\/index.php\/produit\/vichy-homme-sensi-baume-baume-apres-rasage-fortifiant-peaux-sensibles-75-ml-4\/","title":{"rendered":"VICHY HOMME SENSI BAUME \/ BAUME APRES RASAGE FORTIFIANT PEAUX SENSIBLES 75 ML"},"content":{"rendered":"<p>Sa formule unique contient du Calcium Dermo-R\u00e9parateur, qui agit directement sur les irritations post-rasage et pr\u00e9pare la peau \u00e0 mieux tol\u00e9rer les agressions futures. L\u2019extrait d\u2019\u00e9corce de Wapa, ingr\u00e9dient naturel aux vertus fortifiantes, renforce durablement l\u2019\u00e9piderme, r\u00e9duisant la sensibilit\u00e9 au fil des utilisations.<br \/>\nCe soin apr\u00e8s-rasage hypoallerg\u00e9nique est sans alcool, sans parfum et sans parab\u00e8ne, pour un confort optimal, m\u00eame sur les peaux les plus sensibles. D\u00e8s la premi\u00e8re application, les r\u00e9sultats sont visibles :<br \/>\n-60 % d\u2019irritations,<br \/>\n-62 % de rougeurs,<br \/>\n-79 % d\u2019\u00e9chauffements*.<br \/>\nEn seulement 15 jours**, la peau est visiblement plus r\u00e9sistante, moins r\u00e9active et mieux pr\u00e9par\u00e9e au rasage quotidien.<br \/>\nSa texture fluide et non grasse p\u00e9n\u00e8tre rapidement sans laisser de film collant, rendant ce baume id\u00e9al pour une routine matinale efficace.<br \/>\nConseils d&rsquo;utilisation<br \/>\nAppliquer le VICHY HOMME Sensi-Baume chaque matin, juste apr\u00e8s le rasage, sur une peau propre et s\u00e8che. R\u00e9partir sur l\u2019ensemble du visage et du cou, en insistant sur les zones sensibilis\u00e9es. \u00c9viter le contour des yeux. Peut s&rsquo;utiliser quotidiennement.<br \/>\nComposition<br \/>\nAQUA \/ WATER, DIMETHICONE, GLYCERIN, ZEA MAYS STARCH \/ CORN STARCH, ISOHEXADECANE, SORBITAN STEARATE, C13-14 ISOPARAFFIN, 2,6-DIMETHYL-7-OCTEN-2-OL, STEARYL ALCOHOL, AMMONIUM POLYACRYLDIMETHYLTAURAMIDE \/ AMMONIUM POLYACRYLOYLDIMETHYL TAURATE, POLOXAMER 338, DISODIUM EDTA, SUCROSE COCOATE, CAPRYLYL GLYCOL, HYDROXYAPATITE, LAURETH-7, EPERUA FALCATA BARK EXTRACT, DEXTRIN, LACTIC ACID, POLYACRYLAMIDE<\/p>\n","protected":false},"excerpt":{"rendered":"<p>Sa formule unique contient du Calcium Dermo-R\u00e9parateur, qui agit directement sur les irritations post-rasage et pr\u00e9pare la peau \u00e0 mieux<\/p>\n","protected":false},"featured_media":13412,"comment_status":"open","ping_status":"closed","template":"","meta":[],"product_brand":[139],"product_cat":[875],"product_tag":[],"class_list":{"0":"post-48505","1":"product","2":"type-product","3":"status-publish","4":"has-post-thumbnail","6":"product_brand-vichy","7":"product_cat-visage-et-corps","9":"first","10":"instock","11":"sale","12":"shipping-taxable","13":"purchasable","14":"product-type-simple"},"yoast_head":"<!-- This site is optimized with the Yoast SEO plugin v26.6 - https:\/\/yoast.com\/wordpress\/plugins\/seo\/ -->\r\n<title>VICHY HOMME SENSI BAUME \/ BAUME APRES RASAGE FORTIFIANT PEAUX SENSIBLES 75 ML - Paracherkaoui.ma<\/title>\r\n<meta name=\"robots\" content=\"index, follow, max-snippet:-1, max-image-preview:large, max-video-preview:-1\" \/>\r\n<link rel=\"canonical\" href=\"https:\/\/paracherkaoui.ma\/index.php\/produit\/vichy-homme-sensi-baume-baume-apres-rasage-fortifiant-peaux-sensibles-75-ml-4\/\" \/>\r\n<meta property=\"og:locale\" content=\"fr_FR\" \/>\r\n<meta property=\"og:type\" content=\"article\" \/>\r\n<meta property=\"og:title\" content=\"VICHY HOMME SENSI BAUME \/ BAUME APRES RASAGE FORTIFIANT PEAUX SENSIBLES 75 ML - Paracherkaoui.ma\" \/>\r\n<meta property=\"og:description\" content=\"Sa formule unique contient du Calcium Dermo-R\u00e9parateur, qui agit directement sur les irritations post-rasage et pr\u00e9pare la peau \u00e0 mieux\" \/>\r\n<meta property=\"og:url\" content=\"https:\/\/paracherkaoui.ma\/index.php\/produit\/vichy-homme-sensi-baume-baume-apres-rasage-fortifiant-peaux-sensibles-75-ml-4\/\" \/>\r\n<meta property=\"og:site_name\" content=\"Paracherkaoui.ma\" \/>\r\n<meta property=\"article:modified_time\" content=\"2025-12-12T18:27:24+00:00\" \/>\r\n<meta property=\"og:image\" content=\"https:\/\/paracherkaoui.ma\/wp-content\/uploads\/2025\/12\/vichy-vichy-homme-sensi-baume-baume-apres-rasage-fortifiant-peaux-sensibles-75-ml-rasage-et-barbe.jpg\" \/>\r\n\t<meta property=\"og:image:width\" content=\"700\" \/>\r\n\t<meta property=\"og:image:height\" content=\"700\" \/>\r\n\t<meta property=\"og:image:type\" content=\"image\/jpeg\" \/>\r\n<meta name=\"twitter:card\" content=\"summary_large_image\" \/>\r\n<meta name=\"twitter:label1\" content=\"Dur\u00e9e de lecture estim\u00e9e\" \/>\n\t<meta name=\"twitter:data1\" content=\"1 minute\" \/>\r\n<script type=\"application\/ld+json\" class=\"yoast-schema-graph\">{\"@context\":\"https:\/\/schema.org\",\"@graph\":[{\"@type\":\"WebPage\",\"@id\":\"https:\/\/paracherkaoui.ma\/index.php\/produit\/vichy-homme-sensi-baume-baume-apres-rasage-fortifiant-peaux-sensibles-75-ml-4\/\",\"url\":\"https:\/\/paracherkaoui.ma\/index.php\/produit\/vichy-homme-sensi-baume-baume-apres-rasage-fortifiant-peaux-sensibles-75-ml-4\/\",\"name\":\"VICHY HOMME SENSI BAUME \/ BAUME APRES RASAGE FORTIFIANT PEAUX SENSIBLES 75 ML - Paracherkaoui.ma\",\"isPartOf\":{\"@id\":\"https:\/\/paracherkaoui.ma\/#website\"},\"primaryImageOfPage\":{\"@id\":\"https:\/\/paracherkaoui.ma\/index.php\/produit\/vichy-homme-sensi-baume-baume-apres-rasage-fortifiant-peaux-sensibles-75-ml-4\/#primaryimage\"},\"image\":{\"@id\":\"https:\/\/paracherkaoui.ma\/index.php\/produit\/vichy-homme-sensi-baume-baume-apres-rasage-fortifiant-peaux-sensibles-75-ml-4\/#primaryimage\"},\"thumbnailUrl\":\"https:\/\/paracherkaoui.ma\/wp-content\/uploads\/2025\/12\/vichy-vichy-homme-sensi-baume-baume-apres-rasage-fortifiant-peaux-sensibles-75-ml-rasage-et-barbe.jpg\",\"datePublished\":\"2025-12-12T18:27:20+00:00\",\"dateModified\":\"2025-12-12T18:27:24+00:00\",\"breadcrumb\":{\"@id\":\"https:\/\/paracherkaoui.ma\/index.php\/produit\/vichy-homme-sensi-baume-baume-apres-rasage-fortifiant-peaux-sensibles-75-ml-4\/#breadcrumb\"},\"inLanguage\":\"fr-FR\",\"potentialAction\":[{\"@type\":\"ReadAction\",\"target\":[\"https:\/\/paracherkaoui.ma\/index.php\/produit\/vichy-homme-sensi-baume-baume-apres-rasage-fortifiant-peaux-sensibles-75-ml-4\/\"]}]},{\"@type\":\"ImageObject\",\"inLanguage\":\"fr-FR\",\"@id\":\"https:\/\/paracherkaoui.ma\/index.php\/produit\/vichy-homme-sensi-baume-baume-apres-rasage-fortifiant-peaux-sensibles-75-ml-4\/#primaryimage\",\"url\":\"https:\/\/paracherkaoui.ma\/wp-content\/uploads\/2025\/12\/vichy-vichy-homme-sensi-baume-baume-apres-rasage-fortifiant-peaux-sensibles-75-ml-rasage-et-barbe.jpg\",\"contentUrl\":\"https:\/\/paracherkaoui.ma\/wp-content\/uploads\/2025\/12\/vichy-vichy-homme-sensi-baume-baume-apres-rasage-fortifiant-peaux-sensibles-75-ml-rasage-et-barbe.jpg\",\"width\":700,\"height\":700},{\"@type\":\"BreadcrumbList\",\"@id\":\"https:\/\/paracherkaoui.ma\/index.php\/produit\/vichy-homme-sensi-baume-baume-apres-rasage-fortifiant-peaux-sensibles-75-ml-4\/#breadcrumb\",\"itemListElement\":[{\"@type\":\"ListItem\",\"position\":1,\"name\":\"Accueil\",\"item\":\"https:\/\/paracherkaoui.ma\/\"},{\"@type\":\"ListItem\",\"position\":2,\"name\":\"Boutique\",\"item\":\"https:\/\/paracherkaoui.ma\/index.php\/boutique\/\"},{\"@type\":\"ListItem\",\"position\":3,\"name\":\"VICHY HOMME SENSI BAUME \/ BAUME APRES RASAGE FORTIFIANT PEAUX SENSIBLES 75 ML\"}]},{\"@type\":\"WebSite\",\"@id\":\"https:\/\/paracherkaoui.ma\/#website\",\"url\":\"https:\/\/paracherkaoui.ma\/\",\"name\":\"Paracherkaoui.ma\",\"description\":\"Achetez en ligne sur Paracherkaoui.ma\",\"potentialAction\":[{\"@type\":\"SearchAction\",\"target\":{\"@type\":\"EntryPoint\",\"urlTemplate\":\"https:\/\/paracherkaoui.ma\/?s={search_term_string}\"},\"query-input\":{\"@type\":\"PropertyValueSpecification\",\"valueRequired\":true,\"valueName\":\"search_term_string\"}}],\"inLanguage\":\"fr-FR\"}]}<\/script>\r\n<!-- \/ Yoast SEO plugin. -->","yoast_head_json":{"title":"VICHY HOMME SENSI BAUME \/ BAUME APRES RASAGE FORTIFIANT PEAUX SENSIBLES 75 ML - Paracherkaoui.ma","robots":{"index":"index","follow":"follow","max-snippet":"max-snippet:-1","max-image-preview":"max-image-preview:large","max-video-preview":"max-video-preview:-1"},"canonical":"https:\/\/paracherkaoui.ma\/index.php\/produit\/vichy-homme-sensi-baume-baume-apres-rasage-fortifiant-peaux-sensibles-75-ml-4\/","og_locale":"fr_FR","og_type":"article","og_title":"VICHY HOMME SENSI BAUME \/ BAUME APRES RASAGE FORTIFIANT PEAUX SENSIBLES 75 ML - Paracherkaoui.ma","og_description":"Sa formule unique contient du Calcium Dermo-R\u00e9parateur, qui agit directement sur les irritations post-rasage et pr\u00e9pare la peau \u00e0 mieux","og_url":"https:\/\/paracherkaoui.ma\/index.php\/produit\/vichy-homme-sensi-baume-baume-apres-rasage-fortifiant-peaux-sensibles-75-ml-4\/","og_site_name":"Paracherkaoui.ma","article_modified_time":"2025-12-12T18:27:24+00:00","og_image":[{"width":700,"height":700,"url":"https:\/\/paracherkaoui.ma\/wp-content\/uploads\/2025\/12\/vichy-vichy-homme-sensi-baume-baume-apres-rasage-fortifiant-peaux-sensibles-75-ml-rasage-et-barbe.jpg","type":"image\/jpeg"}],"twitter_card":"summary_large_image","twitter_misc":{"Dur\u00e9e de lecture estim\u00e9e":"1 minute"},"schema":{"@context":"https:\/\/schema.org","@graph":[{"@type":"WebPage","@id":"https:\/\/paracherkaoui.ma\/index.php\/produit\/vichy-homme-sensi-baume-baume-apres-rasage-fortifiant-peaux-sensibles-75-ml-4\/","url":"https:\/\/paracherkaoui.ma\/index.php\/produit\/vichy-homme-sensi-baume-baume-apres-rasage-fortifiant-peaux-sensibles-75-ml-4\/","name":"VICHY HOMME SENSI BAUME \/ BAUME APRES RASAGE FORTIFIANT PEAUX SENSIBLES 75 ML - Paracherkaoui.ma","isPartOf":{"@id":"https:\/\/paracherkaoui.ma\/#website"},"primaryImageOfPage":{"@id":"https:\/\/paracherkaoui.ma\/index.php\/produit\/vichy-homme-sensi-baume-baume-apres-rasage-fortifiant-peaux-sensibles-75-ml-4\/#primaryimage"},"image":{"@id":"https:\/\/paracherkaoui.ma\/index.php\/produit\/vichy-homme-sensi-baume-baume-apres-rasage-fortifiant-peaux-sensibles-75-ml-4\/#primaryimage"},"thumbnailUrl":"https:\/\/paracherkaoui.ma\/wp-content\/uploads\/2025\/12\/vichy-vichy-homme-sensi-baume-baume-apres-rasage-fortifiant-peaux-sensibles-75-ml-rasage-et-barbe.jpg","datePublished":"2025-12-12T18:27:20+00:00","dateModified":"2025-12-12T18:27:24+00:00","breadcrumb":{"@id":"https:\/\/paracherkaoui.ma\/index.php\/produit\/vichy-homme-sensi-baume-baume-apres-rasage-fortifiant-peaux-sensibles-75-ml-4\/#breadcrumb"},"inLanguage":"fr-FR","potentialAction":[{"@type":"ReadAction","target":["https:\/\/paracherkaoui.ma\/index.php\/produit\/vichy-homme-sensi-baume-baume-apres-rasage-fortifiant-peaux-sensibles-75-ml-4\/"]}]},{"@type":"ImageObject","inLanguage":"fr-FR","@id":"https:\/\/paracherkaoui.ma\/index.php\/produit\/vichy-homme-sensi-baume-baume-apres-rasage-fortifiant-peaux-sensibles-75-ml-4\/#primaryimage","url":"https:\/\/paracherkaoui.ma\/wp-content\/uploads\/2025\/12\/vichy-vichy-homme-sensi-baume-baume-apres-rasage-fortifiant-peaux-sensibles-75-ml-rasage-et-barbe.jpg","contentUrl":"https:\/\/paracherkaoui.ma\/wp-content\/uploads\/2025\/12\/vichy-vichy-homme-sensi-baume-baume-apres-rasage-fortifiant-peaux-sensibles-75-ml-rasage-et-barbe.jpg","width":700,"height":700},{"@type":"BreadcrumbList","@id":"https:\/\/paracherkaoui.ma\/index.php\/produit\/vichy-homme-sensi-baume-baume-apres-rasage-fortifiant-peaux-sensibles-75-ml-4\/#breadcrumb","itemListElement":[{"@type":"ListItem","position":1,"name":"Accueil","item":"https:\/\/paracherkaoui.ma\/"},{"@type":"ListItem","position":2,"name":"Boutique","item":"https:\/\/paracherkaoui.ma\/index.php\/boutique\/"},{"@type":"ListItem","position":3,"name":"VICHY HOMME SENSI BAUME \/ BAUME APRES RASAGE FORTIFIANT PEAUX SENSIBLES 75 ML"}]},{"@type":"WebSite","@id":"https:\/\/paracherkaoui.ma\/#website","url":"https:\/\/paracherkaoui.ma\/","name":"Paracherkaoui.ma","description":"Achetez en ligne sur Paracherkaoui.ma","potentialAction":[{"@type":"SearchAction","target":{"@type":"EntryPoint","urlTemplate":"https:\/\/paracherkaoui.ma\/?s={search_term_string}"},"query-input":{"@type":"PropertyValueSpecification","valueRequired":true,"valueName":"search_term_string"}}],"inLanguage":"fr-FR"}]}},"_links":{"self":[{"href":"https:\/\/paracherkaoui.ma\/index.php\/wp-json\/wp\/v2\/product\/48505","targetHints":{"allow":["GET"]}}],"collection":[{"href":"https:\/\/paracherkaoui.ma\/index.php\/wp-json\/wp\/v2\/product"}],"about":[{"href":"https:\/\/paracherkaoui.ma\/index.php\/wp-json\/wp\/v2\/types\/product"}],"replies":[{"embeddable":true,"href":"https:\/\/paracherkaoui.ma\/index.php\/wp-json\/wp\/v2\/comments?post=48505"}],"version-history":[{"count":1,"href":"https:\/\/paracherkaoui.ma\/index.php\/wp-json\/wp\/v2\/product\/48505\/revisions"}],"predecessor-version":[{"id":48540,"href":"https:\/\/paracherkaoui.ma\/index.php\/wp-json\/wp\/v2\/product\/48505\/revisions\/48540"}],"wp:featuredmedia":[{"embeddable":true,"href":"https:\/\/paracherkaoui.ma\/index.php\/wp-json\/wp\/v2\/media\/13412"}],"wp:attachment":[{"href":"https:\/\/paracherkaoui.ma\/index.php\/wp-json\/wp\/v2\/media?parent=48505"}],"wp:term":[{"taxonomy":"product_brand","embeddable":true,"href":"https:\/\/paracherkaoui.ma\/index.php\/wp-json\/wp\/v2\/product_brand?post=48505"},{"taxonomy":"product_cat","embeddable":true,"href":"https:\/\/paracherkaoui.ma\/index.php\/wp-json\/wp\/v2\/product_cat?post=48505"},{"taxonomy":"product_tag","embeddable":true,"href":"https:\/\/paracherkaoui.ma\/index.php\/wp-json\/wp\/v2\/product_tag?post=48505"}],"curies":[{"name":"wp","href":"https:\/\/api.w.org\/{rel}","templated":true}]}}