{"id":48503,"date":"2025-12-12T19:27:20","date_gmt":"2025-12-12T18:27:20","guid":{"rendered":"https:\/\/test.ecbeaute.com\/?post_type=product&#038;p=48503"},"modified":"2025-12-12T19:27:23","modified_gmt":"2025-12-12T18:27:23","slug":"biotherm-homme-basics-line-after-shave-emulsion-75ml","status":"publish","type":"product","link":"https:\/\/paracherkaoui.ma\/index.php\/produit\/biotherm-homme-basics-line-after-shave-emulsion-75ml\/","title":{"rendered":"BIOTHERM HOMME BASICS LINE AFTER SHAVE EMULSION 75ML"},"content":{"rendered":"<p>La BIOTHERM HOMME BASICS LINE AFTER SHAVE \u00c9MULSION est test\u00e9e sous contr\u00f4le dermatologique sur peaux sensibles, une garantie de sa haute tol\u00e9rance. Elle est sp\u00e9cifiquement formul\u00e9e pour apaiser les sensations de br\u00fblure post-rasage, procurant une fra\u00eecheur bienvenue qui calme instantan\u00e9ment l&rsquo;\u00e9piderme. De plus, elle r\u00e9duit les irritations qui peuvent appara\u00eetre, qu&rsquo;il s&rsquo;agisse de rougeurs diffuses ou de petits boutons de rasage. En agissant sur ces d\u00e9sagr\u00e9ments, elle permet \u00e0 la peau de retrouver rapidement son \u00e9quilibre et sa s\u00e9r\u00e9nit\u00e9.<br \/>\nAvec l&rsquo;\u00c9mulsion Apr\u00e8s-Rasage BIOTHERM HOMME BASICS LINE, transformez l&rsquo;apr\u00e8s-rasage en un moment de pur plaisir. Offrez \u00e0 votre peau le confort et la protection dont elle a besoin pour affronter la journ\u00e9e avec confiance et une douceur incomparable.<br \/>\nConseils d&rsquo;utilisation :<br \/>\nUtilisez l&rsquo;\u00e9mulsion apr\u00e8s chaque rasage, d\u00e8s que vous avez rinc\u00e9 et s\u00e9ch\u00e9 votre visage.<\/p>\n","protected":false},"excerpt":{"rendered":"<p>La BIOTHERM HOMME BASICS LINE AFTER SHAVE \u00c9MULSION est test\u00e9e sous contr\u00f4le dermatologique sur peaux sensibles, une garantie de sa<\/p>\n","protected":false},"featured_media":48537,"comment_status":"open","ping_status":"closed","template":"","meta":[],"product_brand":[391],"product_cat":[874],"product_tag":[],"class_list":{"0":"post-48503","1":"product","2":"type-product","3":"status-publish","4":"has-post-thumbnail","6":"product_brand-biotherm","7":"product_cat-rasage-et-barbe","9":"first","10":"instock","11":"shipping-taxable","12":"purchasable","13":"product-type-simple"},"yoast_head":"<!-- This site is optimized with the Yoast SEO plugin v26.6 - https:\/\/yoast.com\/wordpress\/plugins\/seo\/ -->\r\n<title>BIOTHERM HOMME BASICS LINE AFTER SHAVE EMULSION 75ML - Paracherkaoui.ma<\/title>\r\n<meta name=\"robots\" content=\"index, follow, max-snippet:-1, max-image-preview:large, max-video-preview:-1\" \/>\r\n<link rel=\"canonical\" href=\"https:\/\/paracherkaoui.ma\/index.php\/produit\/biotherm-homme-basics-line-after-shave-emulsion-75ml\/\" \/>\r\n<meta property=\"og:locale\" content=\"fr_FR\" \/>\r\n<meta property=\"og:type\" content=\"article\" \/>\r\n<meta property=\"og:title\" content=\"BIOTHERM HOMME BASICS LINE AFTER SHAVE EMULSION 75ML - Paracherkaoui.ma\" \/>\r\n<meta property=\"og:description\" content=\"La BIOTHERM HOMME BASICS LINE AFTER SHAVE \u00c9MULSION est test\u00e9e sous contr\u00f4le dermatologique sur peaux sensibles, une garantie de sa\" \/>\r\n<meta property=\"og:url\" content=\"https:\/\/paracherkaoui.ma\/index.php\/produit\/biotherm-homme-basics-line-after-shave-emulsion-75ml\/\" \/>\r\n<meta property=\"og:site_name\" content=\"Paracherkaoui.ma\" \/>\r\n<meta property=\"article:modified_time\" content=\"2025-12-12T18:27:23+00:00\" \/>\r\n<meta property=\"og:image\" content=\"https:\/\/paracherkaoui.ma\/wp-content\/uploads\/2025\/12\/biotherm-biotherm-homme-basics-line-after-shave-emulsion-75ml-rasage-et-barbe.jpg\" \/>\r\n\t<meta property=\"og:image:width\" content=\"700\" \/>\r\n\t<meta property=\"og:image:height\" content=\"700\" \/>\r\n\t<meta property=\"og:image:type\" content=\"image\/jpeg\" \/>\r\n<meta name=\"twitter:card\" content=\"summary_large_image\" \/>\r\n<meta name=\"twitter:label1\" content=\"Dur\u00e9e de lecture estim\u00e9e\" \/>\n\t<meta name=\"twitter:data1\" content=\"1 minute\" \/>\r\n<script type=\"application\/ld+json\" class=\"yoast-schema-graph\">{\"@context\":\"https:\/\/schema.org\",\"@graph\":[{\"@type\":\"WebPage\",\"@id\":\"https:\/\/paracherkaoui.ma\/index.php\/produit\/biotherm-homme-basics-line-after-shave-emulsion-75ml\/\",\"url\":\"https:\/\/paracherkaoui.ma\/index.php\/produit\/biotherm-homme-basics-line-after-shave-emulsion-75ml\/\",\"name\":\"BIOTHERM HOMME BASICS LINE AFTER SHAVE EMULSION 75ML - Paracherkaoui.ma\",\"isPartOf\":{\"@id\":\"https:\/\/paracherkaoui.ma\/#website\"},\"primaryImageOfPage\":{\"@id\":\"https:\/\/paracherkaoui.ma\/index.php\/produit\/biotherm-homme-basics-line-after-shave-emulsion-75ml\/#primaryimage\"},\"image\":{\"@id\":\"https:\/\/paracherkaoui.ma\/index.php\/produit\/biotherm-homme-basics-line-after-shave-emulsion-75ml\/#primaryimage\"},\"thumbnailUrl\":\"https:\/\/paracherkaoui.ma\/wp-content\/uploads\/2025\/12\/biotherm-biotherm-homme-basics-line-after-shave-emulsion-75ml-rasage-et-barbe.jpg\",\"datePublished\":\"2025-12-12T18:27:20+00:00\",\"dateModified\":\"2025-12-12T18:27:23+00:00\",\"breadcrumb\":{\"@id\":\"https:\/\/paracherkaoui.ma\/index.php\/produit\/biotherm-homme-basics-line-after-shave-emulsion-75ml\/#breadcrumb\"},\"inLanguage\":\"fr-FR\",\"potentialAction\":[{\"@type\":\"ReadAction\",\"target\":[\"https:\/\/paracherkaoui.ma\/index.php\/produit\/biotherm-homme-basics-line-after-shave-emulsion-75ml\/\"]}]},{\"@type\":\"ImageObject\",\"inLanguage\":\"fr-FR\",\"@id\":\"https:\/\/paracherkaoui.ma\/index.php\/produit\/biotherm-homme-basics-line-after-shave-emulsion-75ml\/#primaryimage\",\"url\":\"https:\/\/paracherkaoui.ma\/wp-content\/uploads\/2025\/12\/biotherm-biotherm-homme-basics-line-after-shave-emulsion-75ml-rasage-et-barbe.jpg\",\"contentUrl\":\"https:\/\/paracherkaoui.ma\/wp-content\/uploads\/2025\/12\/biotherm-biotherm-homme-basics-line-after-shave-emulsion-75ml-rasage-et-barbe.jpg\",\"width\":700,\"height\":700},{\"@type\":\"BreadcrumbList\",\"@id\":\"https:\/\/paracherkaoui.ma\/index.php\/produit\/biotherm-homme-basics-line-after-shave-emulsion-75ml\/#breadcrumb\",\"itemListElement\":[{\"@type\":\"ListItem\",\"position\":1,\"name\":\"Accueil\",\"item\":\"https:\/\/paracherkaoui.ma\/\"},{\"@type\":\"ListItem\",\"position\":2,\"name\":\"Boutique\",\"item\":\"https:\/\/paracherkaoui.ma\/index.php\/boutique\/\"},{\"@type\":\"ListItem\",\"position\":3,\"name\":\"BIOTHERM HOMME BASICS LINE AFTER SHAVE EMULSION 75ML\"}]},{\"@type\":\"WebSite\",\"@id\":\"https:\/\/paracherkaoui.ma\/#website\",\"url\":\"https:\/\/paracherkaoui.ma\/\",\"name\":\"Paracherkaoui.ma\",\"description\":\"Achetez en ligne sur Paracherkaoui.ma\",\"potentialAction\":[{\"@type\":\"SearchAction\",\"target\":{\"@type\":\"EntryPoint\",\"urlTemplate\":\"https:\/\/paracherkaoui.ma\/?s={search_term_string}\"},\"query-input\":{\"@type\":\"PropertyValueSpecification\",\"valueRequired\":true,\"valueName\":\"search_term_string\"}}],\"inLanguage\":\"fr-FR\"}]}<\/script>\r\n<!-- \/ Yoast SEO plugin. -->","yoast_head_json":{"title":"BIOTHERM HOMME BASICS LINE AFTER SHAVE EMULSION 75ML - Paracherkaoui.ma","robots":{"index":"index","follow":"follow","max-snippet":"max-snippet:-1","max-image-preview":"max-image-preview:large","max-video-preview":"max-video-preview:-1"},"canonical":"https:\/\/paracherkaoui.ma\/index.php\/produit\/biotherm-homme-basics-line-after-shave-emulsion-75ml\/","og_locale":"fr_FR","og_type":"article","og_title":"BIOTHERM HOMME BASICS LINE AFTER SHAVE EMULSION 75ML - Paracherkaoui.ma","og_description":"La BIOTHERM HOMME BASICS LINE AFTER SHAVE \u00c9MULSION est test\u00e9e sous contr\u00f4le dermatologique sur peaux sensibles, une garantie de sa","og_url":"https:\/\/paracherkaoui.ma\/index.php\/produit\/biotherm-homme-basics-line-after-shave-emulsion-75ml\/","og_site_name":"Paracherkaoui.ma","article_modified_time":"2025-12-12T18:27:23+00:00","og_image":[{"width":700,"height":700,"url":"https:\/\/paracherkaoui.ma\/wp-content\/uploads\/2025\/12\/biotherm-biotherm-homme-basics-line-after-shave-emulsion-75ml-rasage-et-barbe.jpg","type":"image\/jpeg"}],"twitter_card":"summary_large_image","twitter_misc":{"Dur\u00e9e de lecture estim\u00e9e":"1 minute"},"schema":{"@context":"https:\/\/schema.org","@graph":[{"@type":"WebPage","@id":"https:\/\/paracherkaoui.ma\/index.php\/produit\/biotherm-homme-basics-line-after-shave-emulsion-75ml\/","url":"https:\/\/paracherkaoui.ma\/index.php\/produit\/biotherm-homme-basics-line-after-shave-emulsion-75ml\/","name":"BIOTHERM HOMME BASICS LINE AFTER SHAVE EMULSION 75ML - Paracherkaoui.ma","isPartOf":{"@id":"https:\/\/paracherkaoui.ma\/#website"},"primaryImageOfPage":{"@id":"https:\/\/paracherkaoui.ma\/index.php\/produit\/biotherm-homme-basics-line-after-shave-emulsion-75ml\/#primaryimage"},"image":{"@id":"https:\/\/paracherkaoui.ma\/index.php\/produit\/biotherm-homme-basics-line-after-shave-emulsion-75ml\/#primaryimage"},"thumbnailUrl":"https:\/\/paracherkaoui.ma\/wp-content\/uploads\/2025\/12\/biotherm-biotherm-homme-basics-line-after-shave-emulsion-75ml-rasage-et-barbe.jpg","datePublished":"2025-12-12T18:27:20+00:00","dateModified":"2025-12-12T18:27:23+00:00","breadcrumb":{"@id":"https:\/\/paracherkaoui.ma\/index.php\/produit\/biotherm-homme-basics-line-after-shave-emulsion-75ml\/#breadcrumb"},"inLanguage":"fr-FR","potentialAction":[{"@type":"ReadAction","target":["https:\/\/paracherkaoui.ma\/index.php\/produit\/biotherm-homme-basics-line-after-shave-emulsion-75ml\/"]}]},{"@type":"ImageObject","inLanguage":"fr-FR","@id":"https:\/\/paracherkaoui.ma\/index.php\/produit\/biotherm-homme-basics-line-after-shave-emulsion-75ml\/#primaryimage","url":"https:\/\/paracherkaoui.ma\/wp-content\/uploads\/2025\/12\/biotherm-biotherm-homme-basics-line-after-shave-emulsion-75ml-rasage-et-barbe.jpg","contentUrl":"https:\/\/paracherkaoui.ma\/wp-content\/uploads\/2025\/12\/biotherm-biotherm-homme-basics-line-after-shave-emulsion-75ml-rasage-et-barbe.jpg","width":700,"height":700},{"@type":"BreadcrumbList","@id":"https:\/\/paracherkaoui.ma\/index.php\/produit\/biotherm-homme-basics-line-after-shave-emulsion-75ml\/#breadcrumb","itemListElement":[{"@type":"ListItem","position":1,"name":"Accueil","item":"https:\/\/paracherkaoui.ma\/"},{"@type":"ListItem","position":2,"name":"Boutique","item":"https:\/\/paracherkaoui.ma\/index.php\/boutique\/"},{"@type":"ListItem","position":3,"name":"BIOTHERM HOMME BASICS LINE AFTER SHAVE EMULSION 75ML"}]},{"@type":"WebSite","@id":"https:\/\/paracherkaoui.ma\/#website","url":"https:\/\/paracherkaoui.ma\/","name":"Paracherkaoui.ma","description":"Achetez en ligne sur Paracherkaoui.ma","potentialAction":[{"@type":"SearchAction","target":{"@type":"EntryPoint","urlTemplate":"https:\/\/paracherkaoui.ma\/?s={search_term_string}"},"query-input":{"@type":"PropertyValueSpecification","valueRequired":true,"valueName":"search_term_string"}}],"inLanguage":"fr-FR"}]}},"_links":{"self":[{"href":"https:\/\/paracherkaoui.ma\/index.php\/wp-json\/wp\/v2\/product\/48503","targetHints":{"allow":["GET"]}}],"collection":[{"href":"https:\/\/paracherkaoui.ma\/index.php\/wp-json\/wp\/v2\/product"}],"about":[{"href":"https:\/\/paracherkaoui.ma\/index.php\/wp-json\/wp\/v2\/types\/product"}],"replies":[{"embeddable":true,"href":"https:\/\/paracherkaoui.ma\/index.php\/wp-json\/wp\/v2\/comments?post=48503"}],"version-history":[{"count":1,"href":"https:\/\/paracherkaoui.ma\/index.php\/wp-json\/wp\/v2\/product\/48503\/revisions"}],"predecessor-version":[{"id":48538,"href":"https:\/\/paracherkaoui.ma\/index.php\/wp-json\/wp\/v2\/product\/48503\/revisions\/48538"}],"wp:featuredmedia":[{"embeddable":true,"href":"https:\/\/paracherkaoui.ma\/index.php\/wp-json\/wp\/v2\/media\/48537"}],"wp:attachment":[{"href":"https:\/\/paracherkaoui.ma\/index.php\/wp-json\/wp\/v2\/media?parent=48503"}],"wp:term":[{"taxonomy":"product_brand","embeddable":true,"href":"https:\/\/paracherkaoui.ma\/index.php\/wp-json\/wp\/v2\/product_brand?post=48503"},{"taxonomy":"product_cat","embeddable":true,"href":"https:\/\/paracherkaoui.ma\/index.php\/wp-json\/wp\/v2\/product_cat?post=48503"},{"taxonomy":"product_tag","embeddable":true,"href":"https:\/\/paracherkaoui.ma\/index.php\/wp-json\/wp\/v2\/product_tag?post=48503"}],"curies":[{"name":"wp","href":"https:\/\/api.w.org\/{rel}","templated":true}]}}