{"id":48443,"date":"2025-12-12T19:27:14","date_gmt":"2025-12-12T18:27:14","guid":{"rendered":"https:\/\/test.ecbeaute.com\/?post_type=product&#038;p=48443"},"modified":"2025-12-12T19:27:19","modified_gmt":"2025-12-12T18:27:19","slug":"beter-coffee-o-clock-pinceau-de-rasage-ref-20004","status":"publish","type":"product","link":"https:\/\/paracherkaoui.ma\/index.php\/produit\/beter-coffee-o-clock-pinceau-de-rasage-ref-20004\/","title":{"rendered":"BETER COFFEE O CLOCK PINCEAU DE RASAGE REF 20004"},"content":{"rendered":"<p>Blaireau en poils synth\u00e9tiques qui permet d&rsquo;am\u00e9liorer le rasage sans irriter la peau. Il est dot\u00e9 d&rsquo;un manche ergonomique fabriqu\u00e9 \u00e0 partir de marc de caf\u00e9 et de plastique recycl\u00e9s, et de poils synth\u00e9tiques. Il aide \u00e0 r\u00e9partir la mousse de rasage ou les savons et assouplit les poils, r\u00e9duisant ainsi le risque de coupures. En outre, il est facile \u00e0 laver et 100 % r\u00e9utilisable. Convient \u00e0 tous les types de peau. Sans cruaut\u00e9 envers les animaux.<\/p>\n","protected":false},"excerpt":{"rendered":"<p>Blaireau en poils synth\u00e9tiques qui permet d&rsquo;am\u00e9liorer le rasage sans irriter la peau. Il est dot\u00e9 d&rsquo;un manche ergonomique fabriqu\u00e9<\/p>\n","protected":false},"featured_media":48488,"comment_status":"open","ping_status":"closed","template":"","meta":[],"product_brand":[400],"product_cat":[874],"product_tag":[],"class_list":{"0":"post-48443","1":"product","2":"type-product","3":"status-publish","4":"has-post-thumbnail","6":"product_brand-beter","7":"product_cat-rasage-et-barbe","9":"first","10":"instock","11":"sale","12":"shipping-taxable","13":"purchasable","14":"product-type-simple"},"yoast_head":"<!-- This site is optimized with the Yoast SEO plugin v26.6 - https:\/\/yoast.com\/wordpress\/plugins\/seo\/ -->\r\n<title>BETER COFFEE O CLOCK PINCEAU DE RASAGE REF 20004 - Paracherkaoui.ma<\/title>\r\n<meta name=\"robots\" content=\"index, follow, max-snippet:-1, max-image-preview:large, max-video-preview:-1\" \/>\r\n<link rel=\"canonical\" href=\"https:\/\/paracherkaoui.ma\/index.php\/produit\/beter-coffee-o-clock-pinceau-de-rasage-ref-20004\/\" \/>\r\n<meta property=\"og:locale\" content=\"fr_FR\" \/>\r\n<meta property=\"og:type\" content=\"article\" \/>\r\n<meta property=\"og:title\" content=\"BETER COFFEE O CLOCK PINCEAU DE RASAGE REF 20004 - Paracherkaoui.ma\" \/>\r\n<meta property=\"og:description\" content=\"Blaireau en poils synth\u00e9tiques qui permet d&rsquo;am\u00e9liorer le rasage sans irriter la peau. Il est dot\u00e9 d&rsquo;un manche ergonomique fabriqu\u00e9\" \/>\r\n<meta property=\"og:url\" content=\"https:\/\/paracherkaoui.ma\/index.php\/produit\/beter-coffee-o-clock-pinceau-de-rasage-ref-20004\/\" \/>\r\n<meta property=\"og:site_name\" content=\"Paracherkaoui.ma\" \/>\r\n<meta property=\"article:modified_time\" content=\"2025-12-12T18:27:19+00:00\" \/>\r\n<meta property=\"og:image\" content=\"https:\/\/paracherkaoui.ma\/wp-content\/uploads\/2025\/12\/beter-beter-coffee-o-clock-pinceau-de-rasage-ref-20004-rasage-et-barbe.jpg\" \/>\r\n\t<meta property=\"og:image:width\" content=\"700\" \/>\r\n\t<meta property=\"og:image:height\" content=\"700\" \/>\r\n\t<meta property=\"og:image:type\" content=\"image\/jpeg\" \/>\r\n<meta name=\"twitter:card\" content=\"summary_large_image\" \/>\r\n<script type=\"application\/ld+json\" class=\"yoast-schema-graph\">{\"@context\":\"https:\/\/schema.org\",\"@graph\":[{\"@type\":\"WebPage\",\"@id\":\"https:\/\/paracherkaoui.ma\/index.php\/produit\/beter-coffee-o-clock-pinceau-de-rasage-ref-20004\/\",\"url\":\"https:\/\/paracherkaoui.ma\/index.php\/produit\/beter-coffee-o-clock-pinceau-de-rasage-ref-20004\/\",\"name\":\"BETER COFFEE O CLOCK PINCEAU DE RASAGE REF 20004 - Paracherkaoui.ma\",\"isPartOf\":{\"@id\":\"https:\/\/paracherkaoui.ma\/#website\"},\"primaryImageOfPage\":{\"@id\":\"https:\/\/paracherkaoui.ma\/index.php\/produit\/beter-coffee-o-clock-pinceau-de-rasage-ref-20004\/#primaryimage\"},\"image\":{\"@id\":\"https:\/\/paracherkaoui.ma\/index.php\/produit\/beter-coffee-o-clock-pinceau-de-rasage-ref-20004\/#primaryimage\"},\"thumbnailUrl\":\"https:\/\/paracherkaoui.ma\/wp-content\/uploads\/2025\/12\/beter-beter-coffee-o-clock-pinceau-de-rasage-ref-20004-rasage-et-barbe.jpg\",\"datePublished\":\"2025-12-12T18:27:14+00:00\",\"dateModified\":\"2025-12-12T18:27:19+00:00\",\"breadcrumb\":{\"@id\":\"https:\/\/paracherkaoui.ma\/index.php\/produit\/beter-coffee-o-clock-pinceau-de-rasage-ref-20004\/#breadcrumb\"},\"inLanguage\":\"fr-FR\",\"potentialAction\":[{\"@type\":\"ReadAction\",\"target\":[\"https:\/\/paracherkaoui.ma\/index.php\/produit\/beter-coffee-o-clock-pinceau-de-rasage-ref-20004\/\"]}]},{\"@type\":\"ImageObject\",\"inLanguage\":\"fr-FR\",\"@id\":\"https:\/\/paracherkaoui.ma\/index.php\/produit\/beter-coffee-o-clock-pinceau-de-rasage-ref-20004\/#primaryimage\",\"url\":\"https:\/\/paracherkaoui.ma\/wp-content\/uploads\/2025\/12\/beter-beter-coffee-o-clock-pinceau-de-rasage-ref-20004-rasage-et-barbe.jpg\",\"contentUrl\":\"https:\/\/paracherkaoui.ma\/wp-content\/uploads\/2025\/12\/beter-beter-coffee-o-clock-pinceau-de-rasage-ref-20004-rasage-et-barbe.jpg\",\"width\":700,\"height\":700},{\"@type\":\"BreadcrumbList\",\"@id\":\"https:\/\/paracherkaoui.ma\/index.php\/produit\/beter-coffee-o-clock-pinceau-de-rasage-ref-20004\/#breadcrumb\",\"itemListElement\":[{\"@type\":\"ListItem\",\"position\":1,\"name\":\"Accueil\",\"item\":\"https:\/\/paracherkaoui.ma\/\"},{\"@type\":\"ListItem\",\"position\":2,\"name\":\"Boutique\",\"item\":\"https:\/\/paracherkaoui.ma\/index.php\/boutique\/\"},{\"@type\":\"ListItem\",\"position\":3,\"name\":\"BETER COFFEE O CLOCK PINCEAU DE RASAGE REF 20004\"}]},{\"@type\":\"WebSite\",\"@id\":\"https:\/\/paracherkaoui.ma\/#website\",\"url\":\"https:\/\/paracherkaoui.ma\/\",\"name\":\"Paracherkaoui.ma\",\"description\":\"Achetez en ligne sur Paracherkaoui.ma\",\"potentialAction\":[{\"@type\":\"SearchAction\",\"target\":{\"@type\":\"EntryPoint\",\"urlTemplate\":\"https:\/\/paracherkaoui.ma\/?s={search_term_string}\"},\"query-input\":{\"@type\":\"PropertyValueSpecification\",\"valueRequired\":true,\"valueName\":\"search_term_string\"}}],\"inLanguage\":\"fr-FR\"}]}<\/script>\r\n<!-- \/ Yoast SEO plugin. -->","yoast_head_json":{"title":"BETER COFFEE O CLOCK PINCEAU DE RASAGE REF 20004 - Paracherkaoui.ma","robots":{"index":"index","follow":"follow","max-snippet":"max-snippet:-1","max-image-preview":"max-image-preview:large","max-video-preview":"max-video-preview:-1"},"canonical":"https:\/\/paracherkaoui.ma\/index.php\/produit\/beter-coffee-o-clock-pinceau-de-rasage-ref-20004\/","og_locale":"fr_FR","og_type":"article","og_title":"BETER COFFEE O CLOCK PINCEAU DE RASAGE REF 20004 - Paracherkaoui.ma","og_description":"Blaireau en poils synth\u00e9tiques qui permet d&rsquo;am\u00e9liorer le rasage sans irriter la peau. Il est dot\u00e9 d&rsquo;un manche ergonomique fabriqu\u00e9","og_url":"https:\/\/paracherkaoui.ma\/index.php\/produit\/beter-coffee-o-clock-pinceau-de-rasage-ref-20004\/","og_site_name":"Paracherkaoui.ma","article_modified_time":"2025-12-12T18:27:19+00:00","og_image":[{"width":700,"height":700,"url":"https:\/\/paracherkaoui.ma\/wp-content\/uploads\/2025\/12\/beter-beter-coffee-o-clock-pinceau-de-rasage-ref-20004-rasage-et-barbe.jpg","type":"image\/jpeg"}],"twitter_card":"summary_large_image","schema":{"@context":"https:\/\/schema.org","@graph":[{"@type":"WebPage","@id":"https:\/\/paracherkaoui.ma\/index.php\/produit\/beter-coffee-o-clock-pinceau-de-rasage-ref-20004\/","url":"https:\/\/paracherkaoui.ma\/index.php\/produit\/beter-coffee-o-clock-pinceau-de-rasage-ref-20004\/","name":"BETER COFFEE O CLOCK PINCEAU DE RASAGE REF 20004 - Paracherkaoui.ma","isPartOf":{"@id":"https:\/\/paracherkaoui.ma\/#website"},"primaryImageOfPage":{"@id":"https:\/\/paracherkaoui.ma\/index.php\/produit\/beter-coffee-o-clock-pinceau-de-rasage-ref-20004\/#primaryimage"},"image":{"@id":"https:\/\/paracherkaoui.ma\/index.php\/produit\/beter-coffee-o-clock-pinceau-de-rasage-ref-20004\/#primaryimage"},"thumbnailUrl":"https:\/\/paracherkaoui.ma\/wp-content\/uploads\/2025\/12\/beter-beter-coffee-o-clock-pinceau-de-rasage-ref-20004-rasage-et-barbe.jpg","datePublished":"2025-12-12T18:27:14+00:00","dateModified":"2025-12-12T18:27:19+00:00","breadcrumb":{"@id":"https:\/\/paracherkaoui.ma\/index.php\/produit\/beter-coffee-o-clock-pinceau-de-rasage-ref-20004\/#breadcrumb"},"inLanguage":"fr-FR","potentialAction":[{"@type":"ReadAction","target":["https:\/\/paracherkaoui.ma\/index.php\/produit\/beter-coffee-o-clock-pinceau-de-rasage-ref-20004\/"]}]},{"@type":"ImageObject","inLanguage":"fr-FR","@id":"https:\/\/paracherkaoui.ma\/index.php\/produit\/beter-coffee-o-clock-pinceau-de-rasage-ref-20004\/#primaryimage","url":"https:\/\/paracherkaoui.ma\/wp-content\/uploads\/2025\/12\/beter-beter-coffee-o-clock-pinceau-de-rasage-ref-20004-rasage-et-barbe.jpg","contentUrl":"https:\/\/paracherkaoui.ma\/wp-content\/uploads\/2025\/12\/beter-beter-coffee-o-clock-pinceau-de-rasage-ref-20004-rasage-et-barbe.jpg","width":700,"height":700},{"@type":"BreadcrumbList","@id":"https:\/\/paracherkaoui.ma\/index.php\/produit\/beter-coffee-o-clock-pinceau-de-rasage-ref-20004\/#breadcrumb","itemListElement":[{"@type":"ListItem","position":1,"name":"Accueil","item":"https:\/\/paracherkaoui.ma\/"},{"@type":"ListItem","position":2,"name":"Boutique","item":"https:\/\/paracherkaoui.ma\/index.php\/boutique\/"},{"@type":"ListItem","position":3,"name":"BETER COFFEE O CLOCK PINCEAU DE RASAGE REF 20004"}]},{"@type":"WebSite","@id":"https:\/\/paracherkaoui.ma\/#website","url":"https:\/\/paracherkaoui.ma\/","name":"Paracherkaoui.ma","description":"Achetez en ligne sur Paracherkaoui.ma","potentialAction":[{"@type":"SearchAction","target":{"@type":"EntryPoint","urlTemplate":"https:\/\/paracherkaoui.ma\/?s={search_term_string}"},"query-input":{"@type":"PropertyValueSpecification","valueRequired":true,"valueName":"search_term_string"}}],"inLanguage":"fr-FR"}]}},"_links":{"self":[{"href":"https:\/\/paracherkaoui.ma\/index.php\/wp-json\/wp\/v2\/product\/48443","targetHints":{"allow":["GET"]}}],"collection":[{"href":"https:\/\/paracherkaoui.ma\/index.php\/wp-json\/wp\/v2\/product"}],"about":[{"href":"https:\/\/paracherkaoui.ma\/index.php\/wp-json\/wp\/v2\/types\/product"}],"replies":[{"embeddable":true,"href":"https:\/\/paracherkaoui.ma\/index.php\/wp-json\/wp\/v2\/comments?post=48443"}],"version-history":[{"count":1,"href":"https:\/\/paracherkaoui.ma\/index.php\/wp-json\/wp\/v2\/product\/48443\/revisions"}],"predecessor-version":[{"id":48489,"href":"https:\/\/paracherkaoui.ma\/index.php\/wp-json\/wp\/v2\/product\/48443\/revisions\/48489"}],"wp:featuredmedia":[{"embeddable":true,"href":"https:\/\/paracherkaoui.ma\/index.php\/wp-json\/wp\/v2\/media\/48488"}],"wp:attachment":[{"href":"https:\/\/paracherkaoui.ma\/index.php\/wp-json\/wp\/v2\/media?parent=48443"}],"wp:term":[{"taxonomy":"product_brand","embeddable":true,"href":"https:\/\/paracherkaoui.ma\/index.php\/wp-json\/wp\/v2\/product_brand?post=48443"},{"taxonomy":"product_cat","embeddable":true,"href":"https:\/\/paracherkaoui.ma\/index.php\/wp-json\/wp\/v2\/product_cat?post=48443"},{"taxonomy":"product_tag","embeddable":true,"href":"https:\/\/paracherkaoui.ma\/index.php\/wp-json\/wp\/v2\/product_tag?post=48443"}],"curies":[{"name":"wp","href":"https:\/\/api.w.org\/{rel}","templated":true}]}}