{"id":48435,"date":"2025-12-12T19:27:13","date_gmt":"2025-12-12T18:27:13","guid":{"rendered":"https:\/\/test.ecbeaute.com\/?post_type=product&#038;p=48435"},"modified":"2025-12-12T19:27:17","modified_gmt":"2025-12-12T18:27:17","slug":"so-bio-homme-huile-a-barbe-50ml","status":"publish","type":"product","link":"https:\/\/paracherkaoui.ma\/index.php\/produit\/so-bio-homme-huile-a-barbe-50ml\/","title":{"rendered":"SO BIO HOMME HUILE A BARBE 50ML"},"content":{"rendered":"<p>L&rsquo;entretien de votre barbe devient un v\u00e9ritable plaisir avec So&rsquo;Bio Homme Huile \u00e0 Barbe 50ml ! Cette huile 100 % d&rsquo;origine naturelle est l&rsquo;alli\u00e9e parfaite pour sublimer votre barbe et moustache au quotidien. Enrichie en huiles v\u00e9g\u00e9tales, elle hydrate et adoucit les poils tout en prenant soin de la peau sous la barbe, souvent d\u00e9laiss\u00e9e. Fini les tiraillements et d\u00e9mangeaisons, place \u00e0 une barbe douce, soyeuse et disciplin\u00e9e.<br \/>\nQue vous ayez une barbe courte, longue, dense ou clairsem\u00e9e, cette huile nourrit profond\u00e9ment vos poils, leur apportant brillance et souplesse. Adapt\u00e9e \u00e0 tous les types de barbes, elle permet de garder un look impeccable tout en respectant la morphologie de votre visage et le style que vous souhaitez adopter. De plus, l&rsquo;huile p\u00e9n\u00e8tre rapidement sans laisser de film gras, pour un confort optimal.<br \/>\nGr\u00e2ce \u00e0 sa formule naturelle, vous prenez soin de votre barbe tout en respectant l\u2019environnement. Dites adieu aux poils r\u00eaches et emm\u00eal\u00e9s, et bonjour \u00e0 une barbe plus facile \u00e0 coiffer et \u00e0 tailler. Offrez-vous une routine de soin compl\u00e8te avec cette huile nourrissante qui embellit et renforce vos poils jour apr\u00e8s jour.<br \/>\nConseils d&rsquo;utilisation :<br \/>\nAppliquer : Versez quelques gouttes dans vos mains et chauffez l\u2019huile entre vos paumes.<br \/>\nMasser : Appliquez l\u2019huile sur la barbe en massant d\u00e9licatement jusqu\u2019\u00e0 la peau.<br \/>\nCoiffer : Utilisez un peigne pour r\u00e9partir l&rsquo;huile uniform\u00e9ment et coiffer la barbe.<br \/>\nFr\u00e9quence : Appliquer quotidiennement ou apr\u00e8s chaque lavage de barbe pour des r\u00e9sultats optimaux.<br \/>\nComposition :<br \/>\nSesamum Indicum (Sesame) Seed Oil, Helianthus Annuus (Sunflower) Seed Oil, Ricinus Communis (Castor) Seed Oil, Cocos Nucifera (Coconut) Oil, Simmondsia Chinensis (Jojoba) Seed Oil, Olea Europaea (Olive) Fruit Oil, Persea Gratissima (Avocado) Oil, Parfum (Fragrance), Tocopherol, Limonene, Linalool, Citronellol<\/p>\n","protected":false},"excerpt":{"rendered":"<p>L&rsquo;entretien de votre barbe devient un v\u00e9ritable plaisir avec So&rsquo;Bio Homme Huile \u00e0 Barbe 50ml ! Cette huile 100 %<\/p>\n","protected":false},"featured_media":48476,"comment_status":"open","ping_status":"closed","template":"","meta":[],"product_brand":[212],"product_cat":[874],"product_tag":[],"class_list":{"0":"post-48435","1":"product","2":"type-product","3":"status-publish","4":"has-post-thumbnail","6":"product_brand-so-bio","7":"product_cat-rasage-et-barbe","9":"first","10":"instock","11":"shipping-taxable","12":"purchasable","13":"product-type-simple"},"yoast_head":"<!-- This site is optimized with the Yoast SEO plugin v26.6 - https:\/\/yoast.com\/wordpress\/plugins\/seo\/ -->\r\n<title>SO BIO HOMME HUILE A BARBE 50ML - Paracherkaoui.ma<\/title>\r\n<meta name=\"robots\" content=\"index, follow, max-snippet:-1, max-image-preview:large, max-video-preview:-1\" \/>\r\n<link rel=\"canonical\" href=\"https:\/\/paracherkaoui.ma\/index.php\/produit\/so-bio-homme-huile-a-barbe-50ml\/\" \/>\r\n<meta property=\"og:locale\" content=\"fr_FR\" \/>\r\n<meta property=\"og:type\" content=\"article\" \/>\r\n<meta property=\"og:title\" content=\"SO BIO HOMME HUILE A BARBE 50ML - Paracherkaoui.ma\" \/>\r\n<meta property=\"og:description\" content=\"L&rsquo;entretien de votre barbe devient un v\u00e9ritable plaisir avec So&rsquo;Bio Homme Huile \u00e0 Barbe 50ml ! Cette huile 100 %\" \/>\r\n<meta property=\"og:url\" content=\"https:\/\/paracherkaoui.ma\/index.php\/produit\/so-bio-homme-huile-a-barbe-50ml\/\" \/>\r\n<meta property=\"og:site_name\" content=\"Paracherkaoui.ma\" \/>\r\n<meta property=\"article:modified_time\" content=\"2025-12-12T18:27:17+00:00\" \/>\r\n<meta property=\"og:image\" content=\"https:\/\/paracherkaoui.ma\/wp-content\/uploads\/2025\/12\/so-bio-homme-huile-a-barbe-50ml.jpg\" \/>\r\n\t<meta property=\"og:image:width\" content=\"700\" \/>\r\n\t<meta property=\"og:image:height\" content=\"700\" \/>\r\n\t<meta property=\"og:image:type\" content=\"image\/jpeg\" \/>\r\n<meta name=\"twitter:card\" content=\"summary_large_image\" \/>\r\n<meta name=\"twitter:label1\" content=\"Dur\u00e9e de lecture estim\u00e9e\" \/>\n\t<meta name=\"twitter:data1\" content=\"1 minute\" \/>\r\n<script type=\"application\/ld+json\" class=\"yoast-schema-graph\">{\"@context\":\"https:\/\/schema.org\",\"@graph\":[{\"@type\":\"WebPage\",\"@id\":\"https:\/\/paracherkaoui.ma\/index.php\/produit\/so-bio-homme-huile-a-barbe-50ml\/\",\"url\":\"https:\/\/paracherkaoui.ma\/index.php\/produit\/so-bio-homme-huile-a-barbe-50ml\/\",\"name\":\"SO BIO HOMME HUILE A BARBE 50ML - Paracherkaoui.ma\",\"isPartOf\":{\"@id\":\"https:\/\/paracherkaoui.ma\/#website\"},\"primaryImageOfPage\":{\"@id\":\"https:\/\/paracherkaoui.ma\/index.php\/produit\/so-bio-homme-huile-a-barbe-50ml\/#primaryimage\"},\"image\":{\"@id\":\"https:\/\/paracherkaoui.ma\/index.php\/produit\/so-bio-homme-huile-a-barbe-50ml\/#primaryimage\"},\"thumbnailUrl\":\"https:\/\/paracherkaoui.ma\/wp-content\/uploads\/2025\/12\/so-bio-homme-huile-a-barbe-50ml.jpg\",\"datePublished\":\"2025-12-12T18:27:13+00:00\",\"dateModified\":\"2025-12-12T18:27:17+00:00\",\"breadcrumb\":{\"@id\":\"https:\/\/paracherkaoui.ma\/index.php\/produit\/so-bio-homme-huile-a-barbe-50ml\/#breadcrumb\"},\"inLanguage\":\"fr-FR\",\"potentialAction\":[{\"@type\":\"ReadAction\",\"target\":[\"https:\/\/paracherkaoui.ma\/index.php\/produit\/so-bio-homme-huile-a-barbe-50ml\/\"]}]},{\"@type\":\"ImageObject\",\"inLanguage\":\"fr-FR\",\"@id\":\"https:\/\/paracherkaoui.ma\/index.php\/produit\/so-bio-homme-huile-a-barbe-50ml\/#primaryimage\",\"url\":\"https:\/\/paracherkaoui.ma\/wp-content\/uploads\/2025\/12\/so-bio-homme-huile-a-barbe-50ml.jpg\",\"contentUrl\":\"https:\/\/paracherkaoui.ma\/wp-content\/uploads\/2025\/12\/so-bio-homme-huile-a-barbe-50ml.jpg\",\"width\":700,\"height\":700},{\"@type\":\"BreadcrumbList\",\"@id\":\"https:\/\/paracherkaoui.ma\/index.php\/produit\/so-bio-homme-huile-a-barbe-50ml\/#breadcrumb\",\"itemListElement\":[{\"@type\":\"ListItem\",\"position\":1,\"name\":\"Accueil\",\"item\":\"https:\/\/paracherkaoui.ma\/\"},{\"@type\":\"ListItem\",\"position\":2,\"name\":\"Boutique\",\"item\":\"https:\/\/paracherkaoui.ma\/index.php\/boutique\/\"},{\"@type\":\"ListItem\",\"position\":3,\"name\":\"SO BIO HOMME HUILE A BARBE 50ML\"}]},{\"@type\":\"WebSite\",\"@id\":\"https:\/\/paracherkaoui.ma\/#website\",\"url\":\"https:\/\/paracherkaoui.ma\/\",\"name\":\"Paracherkaoui.ma\",\"description\":\"Achetez en ligne sur Paracherkaoui.ma\",\"potentialAction\":[{\"@type\":\"SearchAction\",\"target\":{\"@type\":\"EntryPoint\",\"urlTemplate\":\"https:\/\/paracherkaoui.ma\/?s={search_term_string}\"},\"query-input\":{\"@type\":\"PropertyValueSpecification\",\"valueRequired\":true,\"valueName\":\"search_term_string\"}}],\"inLanguage\":\"fr-FR\"}]}<\/script>\r\n<!-- \/ Yoast SEO plugin. -->","yoast_head_json":{"title":"SO BIO HOMME HUILE A BARBE 50ML - Paracherkaoui.ma","robots":{"index":"index","follow":"follow","max-snippet":"max-snippet:-1","max-image-preview":"max-image-preview:large","max-video-preview":"max-video-preview:-1"},"canonical":"https:\/\/paracherkaoui.ma\/index.php\/produit\/so-bio-homme-huile-a-barbe-50ml\/","og_locale":"fr_FR","og_type":"article","og_title":"SO BIO HOMME HUILE A BARBE 50ML - Paracherkaoui.ma","og_description":"L&rsquo;entretien de votre barbe devient un v\u00e9ritable plaisir avec So&rsquo;Bio Homme Huile \u00e0 Barbe 50ml ! Cette huile 100 %","og_url":"https:\/\/paracherkaoui.ma\/index.php\/produit\/so-bio-homme-huile-a-barbe-50ml\/","og_site_name":"Paracherkaoui.ma","article_modified_time":"2025-12-12T18:27:17+00:00","og_image":[{"width":700,"height":700,"url":"https:\/\/paracherkaoui.ma\/wp-content\/uploads\/2025\/12\/so-bio-homme-huile-a-barbe-50ml.jpg","type":"image\/jpeg"}],"twitter_card":"summary_large_image","twitter_misc":{"Dur\u00e9e de lecture estim\u00e9e":"1 minute"},"schema":{"@context":"https:\/\/schema.org","@graph":[{"@type":"WebPage","@id":"https:\/\/paracherkaoui.ma\/index.php\/produit\/so-bio-homme-huile-a-barbe-50ml\/","url":"https:\/\/paracherkaoui.ma\/index.php\/produit\/so-bio-homme-huile-a-barbe-50ml\/","name":"SO BIO HOMME HUILE A BARBE 50ML - Paracherkaoui.ma","isPartOf":{"@id":"https:\/\/paracherkaoui.ma\/#website"},"primaryImageOfPage":{"@id":"https:\/\/paracherkaoui.ma\/index.php\/produit\/so-bio-homme-huile-a-barbe-50ml\/#primaryimage"},"image":{"@id":"https:\/\/paracherkaoui.ma\/index.php\/produit\/so-bio-homme-huile-a-barbe-50ml\/#primaryimage"},"thumbnailUrl":"https:\/\/paracherkaoui.ma\/wp-content\/uploads\/2025\/12\/so-bio-homme-huile-a-barbe-50ml.jpg","datePublished":"2025-12-12T18:27:13+00:00","dateModified":"2025-12-12T18:27:17+00:00","breadcrumb":{"@id":"https:\/\/paracherkaoui.ma\/index.php\/produit\/so-bio-homme-huile-a-barbe-50ml\/#breadcrumb"},"inLanguage":"fr-FR","potentialAction":[{"@type":"ReadAction","target":["https:\/\/paracherkaoui.ma\/index.php\/produit\/so-bio-homme-huile-a-barbe-50ml\/"]}]},{"@type":"ImageObject","inLanguage":"fr-FR","@id":"https:\/\/paracherkaoui.ma\/index.php\/produit\/so-bio-homme-huile-a-barbe-50ml\/#primaryimage","url":"https:\/\/paracherkaoui.ma\/wp-content\/uploads\/2025\/12\/so-bio-homme-huile-a-barbe-50ml.jpg","contentUrl":"https:\/\/paracherkaoui.ma\/wp-content\/uploads\/2025\/12\/so-bio-homme-huile-a-barbe-50ml.jpg","width":700,"height":700},{"@type":"BreadcrumbList","@id":"https:\/\/paracherkaoui.ma\/index.php\/produit\/so-bio-homme-huile-a-barbe-50ml\/#breadcrumb","itemListElement":[{"@type":"ListItem","position":1,"name":"Accueil","item":"https:\/\/paracherkaoui.ma\/"},{"@type":"ListItem","position":2,"name":"Boutique","item":"https:\/\/paracherkaoui.ma\/index.php\/boutique\/"},{"@type":"ListItem","position":3,"name":"SO BIO HOMME HUILE A BARBE 50ML"}]},{"@type":"WebSite","@id":"https:\/\/paracherkaoui.ma\/#website","url":"https:\/\/paracherkaoui.ma\/","name":"Paracherkaoui.ma","description":"Achetez en ligne sur Paracherkaoui.ma","potentialAction":[{"@type":"SearchAction","target":{"@type":"EntryPoint","urlTemplate":"https:\/\/paracherkaoui.ma\/?s={search_term_string}"},"query-input":{"@type":"PropertyValueSpecification","valueRequired":true,"valueName":"search_term_string"}}],"inLanguage":"fr-FR"}]}},"_links":{"self":[{"href":"https:\/\/paracherkaoui.ma\/index.php\/wp-json\/wp\/v2\/product\/48435","targetHints":{"allow":["GET"]}}],"collection":[{"href":"https:\/\/paracherkaoui.ma\/index.php\/wp-json\/wp\/v2\/product"}],"about":[{"href":"https:\/\/paracherkaoui.ma\/index.php\/wp-json\/wp\/v2\/types\/product"}],"replies":[{"embeddable":true,"href":"https:\/\/paracherkaoui.ma\/index.php\/wp-json\/wp\/v2\/comments?post=48435"}],"version-history":[{"count":1,"href":"https:\/\/paracherkaoui.ma\/index.php\/wp-json\/wp\/v2\/product\/48435\/revisions"}],"predecessor-version":[{"id":48477,"href":"https:\/\/paracherkaoui.ma\/index.php\/wp-json\/wp\/v2\/product\/48435\/revisions\/48477"}],"wp:featuredmedia":[{"embeddable":true,"href":"https:\/\/paracherkaoui.ma\/index.php\/wp-json\/wp\/v2\/media\/48476"}],"wp:attachment":[{"href":"https:\/\/paracherkaoui.ma\/index.php\/wp-json\/wp\/v2\/media?parent=48435"}],"wp:term":[{"taxonomy":"product_brand","embeddable":true,"href":"https:\/\/paracherkaoui.ma\/index.php\/wp-json\/wp\/v2\/product_brand?post=48435"},{"taxonomy":"product_cat","embeddable":true,"href":"https:\/\/paracherkaoui.ma\/index.php\/wp-json\/wp\/v2\/product_cat?post=48435"},{"taxonomy":"product_tag","embeddable":true,"href":"https:\/\/paracherkaoui.ma\/index.php\/wp-json\/wp\/v2\/product_tag?post=48435"}],"curies":[{"name":"wp","href":"https:\/\/api.w.org\/{rel}","templated":true}]}}