{"id":48432,"date":"2025-12-12T19:27:13","date_gmt":"2025-12-12T18:27:13","guid":{"rendered":"https:\/\/test.ecbeaute.com\/?post_type=product&#038;p=48432"},"modified":"2025-12-12T19:27:17","modified_gmt":"2025-12-12T18:27:17","slug":"biotherm-homme-deodorant-stick-day-control-72h-75ml","status":"publish","type":"product","link":"https:\/\/paracherkaoui.ma\/index.php\/produit\/biotherm-homme-deodorant-stick-day-control-72h-75ml\/","title":{"rendered":"BIOTHERM HOMME DEODORANT STICK DAY CONTROL 72H 75ML"},"content":{"rendered":"<p>D\u00e9couvrez le Biotherm Homme D\u00e9odorant Stick Day Control 72H, votre nouvel alli\u00e9 pour une protection optimale contre la transpiration. Ce d\u00e9odorant innovant, enrichi de la Protect-Technology\u2122, vous offre une efficacit\u00e9 redoutable, garantissant une fra\u00eecheur intense et un confort durable durant 72 heures. Con\u00e7u pour les hommes actifs, il forme un bouclier puissant contre la transpiration, m\u00eame dans les situations les plus stressantes.<br \/>\nComment fonctionne-t-il ? Sa formule unique associe des sels d&rsquo;aluminium et de la perlite, permettant de limiter le d\u00e9veloppement des bact\u00e9ries responsables des odeurs. Ces ingr\u00e9dients agissent en synergie pour assurer une protection maximale. La perlite, un d\u00e9shumidificateur intelligent, absorbe plus de 3,5 fois son poids en eau, r\u00e9duisant ainsi la sensation d&rsquo;humidit\u00e9 tout au long de la journ\u00e9e sans laisser de r\u00e9sidu collant.<br \/>\nEnrichi en allanto\u00efne, ce d\u00e9odorant est particuli\u00e8rement adapt\u00e9 aux peaux sensibles et irrit\u00e9es. L&rsquo;allanto\u00efne favorise la r\u00e9paration et l&rsquo;apaisement de la peau, garantissant une application douce et confortable. Dites adieu aux irritations et bonjour \u00e0 une peau fra\u00eeche et hydrat\u00e9e !<br \/>\nConseils d&rsquo;utilisation :<br \/>\nUtilisez sur des aisselles propres et s\u00e8ches pour une efficacit\u00e9 optimale.<br \/>\nComposition :<br \/>\nQUA \/ WATER \u2022 ALUMINUM CHLOROHYDRATE \u2022 DIMETHICONE \u2022 C14-22 ALCOHOLS \u2022 STEARETH-100\/PEG-136\/HDI COPOLYMER \u2022 PARFUM \/ FRAGRANCE \u2022 PERLITE \u2022 C12-20 ALKYL GLUCOSIDE \u2022 ALLANTOIN \u2022 PEG-4 DILAURATE \u2022 PEG-4 LAURATE \u2022 PEG-4 \u2022 IODOPROPYNYL BUTYLCARBAMATE \u2022 VITREOSCILLA FERMENT \u2022 EUGENOL \u2022 CITRAL (F.I.L. C226165\/1).<\/p>\n","protected":false},"excerpt":{"rendered":"<p>D\u00e9couvrez le Biotherm Homme D\u00e9odorant Stick Day Control 72H, votre nouvel alli\u00e9 pour une protection optimale contre la transpiration. Ce<\/p>\n","protected":false},"featured_media":48472,"comment_status":"open","ping_status":"closed","template":"","meta":[],"product_brand":[391],"product_cat":[873],"product_tag":[],"class_list":{"0":"post-48432","1":"product","2":"type-product","3":"status-publish","4":"has-post-thumbnail","6":"product_brand-biotherm","7":"product_cat-hygiene-homme","9":"first","10":"instock","11":"shipping-taxable","12":"purchasable","13":"product-type-simple"},"yoast_head":"<!-- This site is optimized with the Yoast SEO plugin v26.6 - https:\/\/yoast.com\/wordpress\/plugins\/seo\/ -->\r\n<title>BIOTHERM HOMME DEODORANT STICK DAY CONTROL 72H 75ML - Paracherkaoui.ma<\/title>\r\n<meta name=\"robots\" content=\"index, follow, max-snippet:-1, max-image-preview:large, max-video-preview:-1\" \/>\r\n<link rel=\"canonical\" href=\"https:\/\/paracherkaoui.ma\/index.php\/produit\/biotherm-homme-deodorant-stick-day-control-72h-75ml\/\" \/>\r\n<meta property=\"og:locale\" content=\"fr_FR\" \/>\r\n<meta property=\"og:type\" content=\"article\" \/>\r\n<meta property=\"og:title\" content=\"BIOTHERM HOMME DEODORANT STICK DAY CONTROL 72H 75ML - Paracherkaoui.ma\" \/>\r\n<meta property=\"og:description\" content=\"D\u00e9couvrez le Biotherm Homme D\u00e9odorant Stick Day Control 72H, votre nouvel alli\u00e9 pour une protection optimale contre la transpiration. Ce\" \/>\r\n<meta property=\"og:url\" content=\"https:\/\/paracherkaoui.ma\/index.php\/produit\/biotherm-homme-deodorant-stick-day-control-72h-75ml\/\" \/>\r\n<meta property=\"og:site_name\" content=\"Paracherkaoui.ma\" \/>\r\n<meta property=\"article:modified_time\" content=\"2025-12-12T18:27:17+00:00\" \/>\r\n<meta property=\"og:image\" content=\"https:\/\/paracherkaoui.ma\/wp-content\/uploads\/2025\/12\/biotherm-homme-deodorant-stick-day-control-72h-75ml.jpg\" \/>\r\n\t<meta property=\"og:image:width\" content=\"700\" \/>\r\n\t<meta property=\"og:image:height\" content=\"700\" \/>\r\n\t<meta property=\"og:image:type\" content=\"image\/jpeg\" \/>\r\n<meta name=\"twitter:card\" content=\"summary_large_image\" \/>\r\n<meta name=\"twitter:label1\" content=\"Dur\u00e9e de lecture estim\u00e9e\" \/>\n\t<meta name=\"twitter:data1\" content=\"1 minute\" \/>\r\n<script type=\"application\/ld+json\" class=\"yoast-schema-graph\">{\"@context\":\"https:\/\/schema.org\",\"@graph\":[{\"@type\":\"WebPage\",\"@id\":\"https:\/\/paracherkaoui.ma\/index.php\/produit\/biotherm-homme-deodorant-stick-day-control-72h-75ml\/\",\"url\":\"https:\/\/paracherkaoui.ma\/index.php\/produit\/biotherm-homme-deodorant-stick-day-control-72h-75ml\/\",\"name\":\"BIOTHERM HOMME DEODORANT STICK DAY CONTROL 72H 75ML - Paracherkaoui.ma\",\"isPartOf\":{\"@id\":\"https:\/\/paracherkaoui.ma\/#website\"},\"primaryImageOfPage\":{\"@id\":\"https:\/\/paracherkaoui.ma\/index.php\/produit\/biotherm-homme-deodorant-stick-day-control-72h-75ml\/#primaryimage\"},\"image\":{\"@id\":\"https:\/\/paracherkaoui.ma\/index.php\/produit\/biotherm-homme-deodorant-stick-day-control-72h-75ml\/#primaryimage\"},\"thumbnailUrl\":\"https:\/\/paracherkaoui.ma\/wp-content\/uploads\/2025\/12\/biotherm-homme-deodorant-stick-day-control-72h-75ml.jpg\",\"datePublished\":\"2025-12-12T18:27:13+00:00\",\"dateModified\":\"2025-12-12T18:27:17+00:00\",\"breadcrumb\":{\"@id\":\"https:\/\/paracherkaoui.ma\/index.php\/produit\/biotherm-homme-deodorant-stick-day-control-72h-75ml\/#breadcrumb\"},\"inLanguage\":\"fr-FR\",\"potentialAction\":[{\"@type\":\"ReadAction\",\"target\":[\"https:\/\/paracherkaoui.ma\/index.php\/produit\/biotherm-homme-deodorant-stick-day-control-72h-75ml\/\"]}]},{\"@type\":\"ImageObject\",\"inLanguage\":\"fr-FR\",\"@id\":\"https:\/\/paracherkaoui.ma\/index.php\/produit\/biotherm-homme-deodorant-stick-day-control-72h-75ml\/#primaryimage\",\"url\":\"https:\/\/paracherkaoui.ma\/wp-content\/uploads\/2025\/12\/biotherm-homme-deodorant-stick-day-control-72h-75ml.jpg\",\"contentUrl\":\"https:\/\/paracherkaoui.ma\/wp-content\/uploads\/2025\/12\/biotherm-homme-deodorant-stick-day-control-72h-75ml.jpg\",\"width\":700,\"height\":700},{\"@type\":\"BreadcrumbList\",\"@id\":\"https:\/\/paracherkaoui.ma\/index.php\/produit\/biotherm-homme-deodorant-stick-day-control-72h-75ml\/#breadcrumb\",\"itemListElement\":[{\"@type\":\"ListItem\",\"position\":1,\"name\":\"Accueil\",\"item\":\"https:\/\/paracherkaoui.ma\/\"},{\"@type\":\"ListItem\",\"position\":2,\"name\":\"Boutique\",\"item\":\"https:\/\/paracherkaoui.ma\/index.php\/boutique\/\"},{\"@type\":\"ListItem\",\"position\":3,\"name\":\"BIOTHERM HOMME DEODORANT STICK DAY CONTROL 72H 75ML\"}]},{\"@type\":\"WebSite\",\"@id\":\"https:\/\/paracherkaoui.ma\/#website\",\"url\":\"https:\/\/paracherkaoui.ma\/\",\"name\":\"Paracherkaoui.ma\",\"description\":\"Achetez en ligne sur Paracherkaoui.ma\",\"potentialAction\":[{\"@type\":\"SearchAction\",\"target\":{\"@type\":\"EntryPoint\",\"urlTemplate\":\"https:\/\/paracherkaoui.ma\/?s={search_term_string}\"},\"query-input\":{\"@type\":\"PropertyValueSpecification\",\"valueRequired\":true,\"valueName\":\"search_term_string\"}}],\"inLanguage\":\"fr-FR\"}]}<\/script>\r\n<!-- \/ Yoast SEO plugin. -->","yoast_head_json":{"title":"BIOTHERM HOMME DEODORANT STICK DAY CONTROL 72H 75ML - Paracherkaoui.ma","robots":{"index":"index","follow":"follow","max-snippet":"max-snippet:-1","max-image-preview":"max-image-preview:large","max-video-preview":"max-video-preview:-1"},"canonical":"https:\/\/paracherkaoui.ma\/index.php\/produit\/biotherm-homme-deodorant-stick-day-control-72h-75ml\/","og_locale":"fr_FR","og_type":"article","og_title":"BIOTHERM HOMME DEODORANT STICK DAY CONTROL 72H 75ML - Paracherkaoui.ma","og_description":"D\u00e9couvrez le Biotherm Homme D\u00e9odorant Stick Day Control 72H, votre nouvel alli\u00e9 pour une protection optimale contre la transpiration. Ce","og_url":"https:\/\/paracherkaoui.ma\/index.php\/produit\/biotherm-homme-deodorant-stick-day-control-72h-75ml\/","og_site_name":"Paracherkaoui.ma","article_modified_time":"2025-12-12T18:27:17+00:00","og_image":[{"width":700,"height":700,"url":"https:\/\/paracherkaoui.ma\/wp-content\/uploads\/2025\/12\/biotherm-homme-deodorant-stick-day-control-72h-75ml.jpg","type":"image\/jpeg"}],"twitter_card":"summary_large_image","twitter_misc":{"Dur\u00e9e de lecture estim\u00e9e":"1 minute"},"schema":{"@context":"https:\/\/schema.org","@graph":[{"@type":"WebPage","@id":"https:\/\/paracherkaoui.ma\/index.php\/produit\/biotherm-homme-deodorant-stick-day-control-72h-75ml\/","url":"https:\/\/paracherkaoui.ma\/index.php\/produit\/biotherm-homme-deodorant-stick-day-control-72h-75ml\/","name":"BIOTHERM HOMME DEODORANT STICK DAY CONTROL 72H 75ML - Paracherkaoui.ma","isPartOf":{"@id":"https:\/\/paracherkaoui.ma\/#website"},"primaryImageOfPage":{"@id":"https:\/\/paracherkaoui.ma\/index.php\/produit\/biotherm-homme-deodorant-stick-day-control-72h-75ml\/#primaryimage"},"image":{"@id":"https:\/\/paracherkaoui.ma\/index.php\/produit\/biotherm-homme-deodorant-stick-day-control-72h-75ml\/#primaryimage"},"thumbnailUrl":"https:\/\/paracherkaoui.ma\/wp-content\/uploads\/2025\/12\/biotherm-homme-deodorant-stick-day-control-72h-75ml.jpg","datePublished":"2025-12-12T18:27:13+00:00","dateModified":"2025-12-12T18:27:17+00:00","breadcrumb":{"@id":"https:\/\/paracherkaoui.ma\/index.php\/produit\/biotherm-homme-deodorant-stick-day-control-72h-75ml\/#breadcrumb"},"inLanguage":"fr-FR","potentialAction":[{"@type":"ReadAction","target":["https:\/\/paracherkaoui.ma\/index.php\/produit\/biotherm-homme-deodorant-stick-day-control-72h-75ml\/"]}]},{"@type":"ImageObject","inLanguage":"fr-FR","@id":"https:\/\/paracherkaoui.ma\/index.php\/produit\/biotherm-homme-deodorant-stick-day-control-72h-75ml\/#primaryimage","url":"https:\/\/paracherkaoui.ma\/wp-content\/uploads\/2025\/12\/biotherm-homme-deodorant-stick-day-control-72h-75ml.jpg","contentUrl":"https:\/\/paracherkaoui.ma\/wp-content\/uploads\/2025\/12\/biotherm-homme-deodorant-stick-day-control-72h-75ml.jpg","width":700,"height":700},{"@type":"BreadcrumbList","@id":"https:\/\/paracherkaoui.ma\/index.php\/produit\/biotherm-homme-deodorant-stick-day-control-72h-75ml\/#breadcrumb","itemListElement":[{"@type":"ListItem","position":1,"name":"Accueil","item":"https:\/\/paracherkaoui.ma\/"},{"@type":"ListItem","position":2,"name":"Boutique","item":"https:\/\/paracherkaoui.ma\/index.php\/boutique\/"},{"@type":"ListItem","position":3,"name":"BIOTHERM HOMME DEODORANT STICK DAY CONTROL 72H 75ML"}]},{"@type":"WebSite","@id":"https:\/\/paracherkaoui.ma\/#website","url":"https:\/\/paracherkaoui.ma\/","name":"Paracherkaoui.ma","description":"Achetez en ligne sur Paracherkaoui.ma","potentialAction":[{"@type":"SearchAction","target":{"@type":"EntryPoint","urlTemplate":"https:\/\/paracherkaoui.ma\/?s={search_term_string}"},"query-input":{"@type":"PropertyValueSpecification","valueRequired":true,"valueName":"search_term_string"}}],"inLanguage":"fr-FR"}]}},"_links":{"self":[{"href":"https:\/\/paracherkaoui.ma\/index.php\/wp-json\/wp\/v2\/product\/48432","targetHints":{"allow":["GET"]}}],"collection":[{"href":"https:\/\/paracherkaoui.ma\/index.php\/wp-json\/wp\/v2\/product"}],"about":[{"href":"https:\/\/paracherkaoui.ma\/index.php\/wp-json\/wp\/v2\/types\/product"}],"replies":[{"embeddable":true,"href":"https:\/\/paracherkaoui.ma\/index.php\/wp-json\/wp\/v2\/comments?post=48432"}],"version-history":[{"count":1,"href":"https:\/\/paracherkaoui.ma\/index.php\/wp-json\/wp\/v2\/product\/48432\/revisions"}],"predecessor-version":[{"id":48473,"href":"https:\/\/paracherkaoui.ma\/index.php\/wp-json\/wp\/v2\/product\/48432\/revisions\/48473"}],"wp:featuredmedia":[{"embeddable":true,"href":"https:\/\/paracherkaoui.ma\/index.php\/wp-json\/wp\/v2\/media\/48472"}],"wp:attachment":[{"href":"https:\/\/paracherkaoui.ma\/index.php\/wp-json\/wp\/v2\/media?parent=48432"}],"wp:term":[{"taxonomy":"product_brand","embeddable":true,"href":"https:\/\/paracherkaoui.ma\/index.php\/wp-json\/wp\/v2\/product_brand?post=48432"},{"taxonomy":"product_cat","embeddable":true,"href":"https:\/\/paracherkaoui.ma\/index.php\/wp-json\/wp\/v2\/product_cat?post=48432"},{"taxonomy":"product_tag","embeddable":true,"href":"https:\/\/paracherkaoui.ma\/index.php\/wp-json\/wp\/v2\/product_tag?post=48432"}],"curies":[{"name":"wp","href":"https:\/\/api.w.org\/{rel}","templated":true}]}}