{"id":48423,"date":"2025-12-12T19:27:12","date_gmt":"2025-12-12T18:27:12","guid":{"rendered":"https:\/\/test.ecbeaute.com\/?post_type=product&#038;p=48423"},"modified":"2025-12-12T19:27:15","modified_gmt":"2025-12-12T18:27:15","slug":"so-bio-homme-deodorant-24h-gingembre-bio-50-ml-2","status":"publish","type":"product","link":"https:\/\/paracherkaoui.ma\/index.php\/produit\/so-bio-homme-deodorant-24h-gingembre-bio-50-ml-2\/","title":{"rendered":"SO BIO HOMME DEODORANT 24H GINGEMBRE BIO 50 ML"},"content":{"rendered":"<p>D\u00e9couvrez le D\u00e9odorant 24h So&rsquo;Bio Homme Gingembre Bio, une solution naturelle et efficace pour une fra\u00eecheur longue dur\u00e9e. Con\u00e7u pour offrir une protection optimale sans compromettre le bien-\u00eatre de votre peau, ce d\u00e9odorant vous garantit une efficacit\u00e9 de 24 heures sans bloquer le processus naturel de transpiration.<br \/>\nEnrichi en poudres absorbantes d&rsquo;origine naturelle et en huile essentielle de gingembre bio, il neutralise les odeurs corporelles tout en apportant une sensation de fra\u00eecheur \u00e9nergisante tout au long de la journ\u00e9e. Sa formule douce est compos\u00e9e \u00e0 99 % d&rsquo;ingr\u00e9dients d&rsquo;origine naturelle et ne contient ni sels d&rsquo;aluminium, ni parabens, ni alcool, pour une tol\u00e9rance maximale, m\u00eame sur les peaux les plus sensibles.<br \/>\nTest\u00e9 dermatologiquement, ce d\u00e9odorant respecte la peau tout en agissant efficacement contre les odeurs. Le parfum naturel du gingembre bio, aux propri\u00e9t\u00e9s vivifiantes, vous accompagne tout au long de la journ\u00e9e, vous offrant une sensation de confort et de bien-\u00eatre.<br \/>\nPratique et compact avec son format 50 ml, il se glisse facilement dans votre sac pour vous suivre partout. Optez pour une solution de soin respectueuse de votre peau et de l&rsquo;environnement, sans compromis sur l&rsquo;efficacit\u00e9.<br \/>\nConseils d&rsquo;utilisation :<br \/>\nAppliquez sur une peau propre et s\u00e8che.<br \/>\nComposition :<br \/>\nAqua\/Water\/Eau, Caprylic\/Capric Triglyceride, Talc, Saccharomyces Ferment, Polyglyceryl-6 Stearate, Parfum (Fragrance), Microcrystalline Cellulose, Propanediol, Sodium Levulinate, Citric Acid, Cellulose Gum, Polyglyceryl-6 Behenate, Sodium Hydroxide, Glycerin, Aloe Barbadensis Leaf Juice Powder**, Sclerotium Gum, Glyceryl Caprylate, Zingiber Officinale (Ginger) Root Oil**, Sodium Benzoate, Lactobacillus Ferment, Leuconostoc\/Radish Root Ferment Filtrate, Limonene, Linalool, Decyl Glucoside, Silver Citrate, Citral, Lactic Acid<\/p>\n","protected":false},"excerpt":{"rendered":"<p>D\u00e9couvrez le D\u00e9odorant 24h So&rsquo;Bio Homme Gingembre Bio, une solution naturelle et efficace pour une fra\u00eecheur longue dur\u00e9e. Con\u00e7u pour<\/p>\n","protected":false},"featured_media":34763,"comment_status":"open","ping_status":"closed","template":"","meta":[],"product_brand":[212],"product_cat":[873],"product_tag":[],"class_list":{"0":"post-48423","1":"product","2":"type-product","3":"status-publish","4":"has-post-thumbnail","6":"product_brand-so-bio","7":"product_cat-hygiene-homme","9":"first","10":"instock","11":"shipping-taxable","12":"purchasable","13":"product-type-simple"},"yoast_head":"<!-- This site is optimized with the Yoast SEO plugin v26.6 - https:\/\/yoast.com\/wordpress\/plugins\/seo\/ -->\r\n<title>SO BIO HOMME DEODORANT 24H GINGEMBRE BIO 50 ML - Paracherkaoui.ma<\/title>\r\n<meta name=\"robots\" content=\"index, follow, max-snippet:-1, max-image-preview:large, max-video-preview:-1\" \/>\r\n<link rel=\"canonical\" href=\"https:\/\/paracherkaoui.ma\/index.php\/produit\/so-bio-homme-deodorant-24h-gingembre-bio-50-ml-2\/\" \/>\r\n<meta property=\"og:locale\" content=\"fr_FR\" \/>\r\n<meta property=\"og:type\" content=\"article\" \/>\r\n<meta property=\"og:title\" content=\"SO BIO HOMME DEODORANT 24H GINGEMBRE BIO 50 ML - Paracherkaoui.ma\" \/>\r\n<meta property=\"og:description\" content=\"D\u00e9couvrez le D\u00e9odorant 24h So&rsquo;Bio Homme Gingembre Bio, une solution naturelle et efficace pour une fra\u00eecheur longue dur\u00e9e. Con\u00e7u pour\" \/>\r\n<meta property=\"og:url\" content=\"https:\/\/paracherkaoui.ma\/index.php\/produit\/so-bio-homme-deodorant-24h-gingembre-bio-50-ml-2\/\" \/>\r\n<meta property=\"og:site_name\" content=\"Paracherkaoui.ma\" \/>\r\n<meta property=\"article:modified_time\" content=\"2025-12-12T18:27:15+00:00\" \/>\r\n<meta property=\"og:image\" content=\"https:\/\/paracherkaoui.ma\/wp-content\/uploads\/2025\/12\/so-bio-homme-deodorant-24h-gingembre-bio-50-ml.jpg\" \/>\r\n\t<meta property=\"og:image:width\" content=\"700\" \/>\r\n\t<meta property=\"og:image:height\" content=\"700\" \/>\r\n\t<meta property=\"og:image:type\" content=\"image\/jpeg\" \/>\r\n<meta name=\"twitter:card\" content=\"summary_large_image\" \/>\r\n<meta name=\"twitter:label1\" content=\"Dur\u00e9e de lecture estim\u00e9e\" \/>\n\t<meta name=\"twitter:data1\" content=\"1 minute\" \/>\r\n<script type=\"application\/ld+json\" class=\"yoast-schema-graph\">{\"@context\":\"https:\/\/schema.org\",\"@graph\":[{\"@type\":\"WebPage\",\"@id\":\"https:\/\/paracherkaoui.ma\/index.php\/produit\/so-bio-homme-deodorant-24h-gingembre-bio-50-ml-2\/\",\"url\":\"https:\/\/paracherkaoui.ma\/index.php\/produit\/so-bio-homme-deodorant-24h-gingembre-bio-50-ml-2\/\",\"name\":\"SO BIO HOMME DEODORANT 24H GINGEMBRE BIO 50 ML - Paracherkaoui.ma\",\"isPartOf\":{\"@id\":\"https:\/\/paracherkaoui.ma\/#website\"},\"primaryImageOfPage\":{\"@id\":\"https:\/\/paracherkaoui.ma\/index.php\/produit\/so-bio-homme-deodorant-24h-gingembre-bio-50-ml-2\/#primaryimage\"},\"image\":{\"@id\":\"https:\/\/paracherkaoui.ma\/index.php\/produit\/so-bio-homme-deodorant-24h-gingembre-bio-50-ml-2\/#primaryimage\"},\"thumbnailUrl\":\"https:\/\/paracherkaoui.ma\/wp-content\/uploads\/2025\/12\/so-bio-homme-deodorant-24h-gingembre-bio-50-ml.jpg\",\"datePublished\":\"2025-12-12T18:27:12+00:00\",\"dateModified\":\"2025-12-12T18:27:15+00:00\",\"breadcrumb\":{\"@id\":\"https:\/\/paracherkaoui.ma\/index.php\/produit\/so-bio-homme-deodorant-24h-gingembre-bio-50-ml-2\/#breadcrumb\"},\"inLanguage\":\"fr-FR\",\"potentialAction\":[{\"@type\":\"ReadAction\",\"target\":[\"https:\/\/paracherkaoui.ma\/index.php\/produit\/so-bio-homme-deodorant-24h-gingembre-bio-50-ml-2\/\"]}]},{\"@type\":\"ImageObject\",\"inLanguage\":\"fr-FR\",\"@id\":\"https:\/\/paracherkaoui.ma\/index.php\/produit\/so-bio-homme-deodorant-24h-gingembre-bio-50-ml-2\/#primaryimage\",\"url\":\"https:\/\/paracherkaoui.ma\/wp-content\/uploads\/2025\/12\/so-bio-homme-deodorant-24h-gingembre-bio-50-ml.jpg\",\"contentUrl\":\"https:\/\/paracherkaoui.ma\/wp-content\/uploads\/2025\/12\/so-bio-homme-deodorant-24h-gingembre-bio-50-ml.jpg\",\"width\":700,\"height\":700},{\"@type\":\"BreadcrumbList\",\"@id\":\"https:\/\/paracherkaoui.ma\/index.php\/produit\/so-bio-homme-deodorant-24h-gingembre-bio-50-ml-2\/#breadcrumb\",\"itemListElement\":[{\"@type\":\"ListItem\",\"position\":1,\"name\":\"Accueil\",\"item\":\"https:\/\/paracherkaoui.ma\/\"},{\"@type\":\"ListItem\",\"position\":2,\"name\":\"Boutique\",\"item\":\"https:\/\/paracherkaoui.ma\/index.php\/boutique\/\"},{\"@type\":\"ListItem\",\"position\":3,\"name\":\"SO BIO HOMME DEODORANT 24H GINGEMBRE BIO 50 ML\"}]},{\"@type\":\"WebSite\",\"@id\":\"https:\/\/paracherkaoui.ma\/#website\",\"url\":\"https:\/\/paracherkaoui.ma\/\",\"name\":\"Paracherkaoui.ma\",\"description\":\"Achetez en ligne sur Paracherkaoui.ma\",\"potentialAction\":[{\"@type\":\"SearchAction\",\"target\":{\"@type\":\"EntryPoint\",\"urlTemplate\":\"https:\/\/paracherkaoui.ma\/?s={search_term_string}\"},\"query-input\":{\"@type\":\"PropertyValueSpecification\",\"valueRequired\":true,\"valueName\":\"search_term_string\"}}],\"inLanguage\":\"fr-FR\"}]}<\/script>\r\n<!-- \/ Yoast SEO plugin. -->","yoast_head_json":{"title":"SO BIO HOMME DEODORANT 24H GINGEMBRE BIO 50 ML - Paracherkaoui.ma","robots":{"index":"index","follow":"follow","max-snippet":"max-snippet:-1","max-image-preview":"max-image-preview:large","max-video-preview":"max-video-preview:-1"},"canonical":"https:\/\/paracherkaoui.ma\/index.php\/produit\/so-bio-homme-deodorant-24h-gingembre-bio-50-ml-2\/","og_locale":"fr_FR","og_type":"article","og_title":"SO BIO HOMME DEODORANT 24H GINGEMBRE BIO 50 ML - Paracherkaoui.ma","og_description":"D\u00e9couvrez le D\u00e9odorant 24h So&rsquo;Bio Homme Gingembre Bio, une solution naturelle et efficace pour une fra\u00eecheur longue dur\u00e9e. Con\u00e7u pour","og_url":"https:\/\/paracherkaoui.ma\/index.php\/produit\/so-bio-homme-deodorant-24h-gingembre-bio-50-ml-2\/","og_site_name":"Paracherkaoui.ma","article_modified_time":"2025-12-12T18:27:15+00:00","og_image":[{"width":700,"height":700,"url":"https:\/\/paracherkaoui.ma\/wp-content\/uploads\/2025\/12\/so-bio-homme-deodorant-24h-gingembre-bio-50-ml.jpg","type":"image\/jpeg"}],"twitter_card":"summary_large_image","twitter_misc":{"Dur\u00e9e de lecture estim\u00e9e":"1 minute"},"schema":{"@context":"https:\/\/schema.org","@graph":[{"@type":"WebPage","@id":"https:\/\/paracherkaoui.ma\/index.php\/produit\/so-bio-homme-deodorant-24h-gingembre-bio-50-ml-2\/","url":"https:\/\/paracherkaoui.ma\/index.php\/produit\/so-bio-homme-deodorant-24h-gingembre-bio-50-ml-2\/","name":"SO BIO HOMME DEODORANT 24H GINGEMBRE BIO 50 ML - Paracherkaoui.ma","isPartOf":{"@id":"https:\/\/paracherkaoui.ma\/#website"},"primaryImageOfPage":{"@id":"https:\/\/paracherkaoui.ma\/index.php\/produit\/so-bio-homme-deodorant-24h-gingembre-bio-50-ml-2\/#primaryimage"},"image":{"@id":"https:\/\/paracherkaoui.ma\/index.php\/produit\/so-bio-homme-deodorant-24h-gingembre-bio-50-ml-2\/#primaryimage"},"thumbnailUrl":"https:\/\/paracherkaoui.ma\/wp-content\/uploads\/2025\/12\/so-bio-homme-deodorant-24h-gingembre-bio-50-ml.jpg","datePublished":"2025-12-12T18:27:12+00:00","dateModified":"2025-12-12T18:27:15+00:00","breadcrumb":{"@id":"https:\/\/paracherkaoui.ma\/index.php\/produit\/so-bio-homme-deodorant-24h-gingembre-bio-50-ml-2\/#breadcrumb"},"inLanguage":"fr-FR","potentialAction":[{"@type":"ReadAction","target":["https:\/\/paracherkaoui.ma\/index.php\/produit\/so-bio-homme-deodorant-24h-gingembre-bio-50-ml-2\/"]}]},{"@type":"ImageObject","inLanguage":"fr-FR","@id":"https:\/\/paracherkaoui.ma\/index.php\/produit\/so-bio-homme-deodorant-24h-gingembre-bio-50-ml-2\/#primaryimage","url":"https:\/\/paracherkaoui.ma\/wp-content\/uploads\/2025\/12\/so-bio-homme-deodorant-24h-gingembre-bio-50-ml.jpg","contentUrl":"https:\/\/paracherkaoui.ma\/wp-content\/uploads\/2025\/12\/so-bio-homme-deodorant-24h-gingembre-bio-50-ml.jpg","width":700,"height":700},{"@type":"BreadcrumbList","@id":"https:\/\/paracherkaoui.ma\/index.php\/produit\/so-bio-homme-deodorant-24h-gingembre-bio-50-ml-2\/#breadcrumb","itemListElement":[{"@type":"ListItem","position":1,"name":"Accueil","item":"https:\/\/paracherkaoui.ma\/"},{"@type":"ListItem","position":2,"name":"Boutique","item":"https:\/\/paracherkaoui.ma\/index.php\/boutique\/"},{"@type":"ListItem","position":3,"name":"SO BIO HOMME DEODORANT 24H GINGEMBRE BIO 50 ML"}]},{"@type":"WebSite","@id":"https:\/\/paracherkaoui.ma\/#website","url":"https:\/\/paracherkaoui.ma\/","name":"Paracherkaoui.ma","description":"Achetez en ligne sur Paracherkaoui.ma","potentialAction":[{"@type":"SearchAction","target":{"@type":"EntryPoint","urlTemplate":"https:\/\/paracherkaoui.ma\/?s={search_term_string}"},"query-input":{"@type":"PropertyValueSpecification","valueRequired":true,"valueName":"search_term_string"}}],"inLanguage":"fr-FR"}]}},"_links":{"self":[{"href":"https:\/\/paracherkaoui.ma\/index.php\/wp-json\/wp\/v2\/product\/48423","targetHints":{"allow":["GET"]}}],"collection":[{"href":"https:\/\/paracherkaoui.ma\/index.php\/wp-json\/wp\/v2\/product"}],"about":[{"href":"https:\/\/paracherkaoui.ma\/index.php\/wp-json\/wp\/v2\/types\/product"}],"replies":[{"embeddable":true,"href":"https:\/\/paracherkaoui.ma\/index.php\/wp-json\/wp\/v2\/comments?post=48423"}],"version-history":[{"count":1,"href":"https:\/\/paracherkaoui.ma\/index.php\/wp-json\/wp\/v2\/product\/48423\/revisions"}],"predecessor-version":[{"id":48457,"href":"https:\/\/paracherkaoui.ma\/index.php\/wp-json\/wp\/v2\/product\/48423\/revisions\/48457"}],"wp:featuredmedia":[{"embeddable":true,"href":"https:\/\/paracherkaoui.ma\/index.php\/wp-json\/wp\/v2\/media\/34763"}],"wp:attachment":[{"href":"https:\/\/paracherkaoui.ma\/index.php\/wp-json\/wp\/v2\/media?parent=48423"}],"wp:term":[{"taxonomy":"product_brand","embeddable":true,"href":"https:\/\/paracherkaoui.ma\/index.php\/wp-json\/wp\/v2\/product_brand?post=48423"},{"taxonomy":"product_cat","embeddable":true,"href":"https:\/\/paracherkaoui.ma\/index.php\/wp-json\/wp\/v2\/product_cat?post=48423"},{"taxonomy":"product_tag","embeddable":true,"href":"https:\/\/paracherkaoui.ma\/index.php\/wp-json\/wp\/v2\/product_tag?post=48423"}],"curies":[{"name":"wp","href":"https:\/\/api.w.org\/{rel}","templated":true}]}}