{"id":48372,"date":"2025-12-12T19:27:04","date_gmt":"2025-12-12T18:27:04","guid":{"rendered":"https:\/\/test.ecbeaute.com\/?post_type=product&#038;p=48372"},"modified":"2025-12-12T19:27:10","modified_gmt":"2025-12-12T18:27:10","slug":"vichy-homme-clinical-control-detranspirant-96-h-2","status":"publish","type":"product","link":"https:\/\/paracherkaoui.ma\/index.php\/produit\/vichy-homme-clinical-control-detranspirant-96-h-2\/","title":{"rendered":"VICHY HOMME CLINICAL CONTROL DETRANSPIRANT 96 H"},"content":{"rendered":"<p>Formul\u00e9 sans alcool, il associe Perlite, un min\u00e9ral volcanique \u00e0 fort pouvoir absorbant, et Zinc PCA, reconnu pour ses vertus purifiantes et s\u00e9bor\u00e9gulatrices. Ensemble, ils agissent en profondeur pour lutter contre l\u2019humidit\u00e9, neutraliser les mauvaises odeurs et pr\u00e9server une sensation de fra\u00eecheur durable. Sa texture au toucher sec s\u00e8che rapidement sans laisser de r\u00e9sidus, assurant un confort optimal tout au long de la journ\u00e9e.<br \/>\nCe d\u00e9odorant a \u00e9t\u00e9 test\u00e9 sous contr\u00f4le dermatologique sur peaux sensibles. Il est hypoallerg\u00e9nique, antibact\u00e9rien, et respecte parfaitement la peau fragile des aisselles. D\u2019apr\u00e8s une auto-\u00e9valuation sur 100 hommes, 81 % trouvent leur peau plus douce et 84 % estiment que leur peau est plus saine apr\u00e8s utilisation.<br \/>\nVICHY HOMME CLINICAL CONTROL 96H est bien plus qu\u2019un simple d\u00e9odorant : c\u2019est un soin quotidien qui combine efficacit\u00e9 clinique et tol\u00e9rance optimale.<br \/>\nConseils d&rsquo;utilisation<br \/>\nAppliquez le d\u00e9odorant quotidiennement sur des aisselles propres et s\u00e8ches. Pour les peaux tr\u00e8s sensibles, vous pouvez alterner avec le d\u00e9odorant spray Tol\u00e9rance Optimale 72h de Vichy.<br \/>\nComposition<br \/>\nAqua \/ Water, Aluminum Chlorohydrate, Dimethicone, C14-22 Alcohols, Parfum \/ Fragrance, Steareth-100\/PEG-136\/HDI Copolymer, Perlite, Zinc PCA, C12-20 Alkyl Glucoside, Pentylene Glycol<\/p>\n","protected":false},"excerpt":{"rendered":"<p>Formul\u00e9 sans alcool, il associe Perlite, un min\u00e9ral volcanique \u00e0 fort pouvoir absorbant, et Zinc PCA, reconnu pour ses vertus<\/p>\n","protected":false},"featured_media":14222,"comment_status":"open","ping_status":"closed","template":"","meta":[],"product_brand":[139],"product_cat":[873],"product_tag":[],"class_list":{"0":"post-48372","1":"product","2":"type-product","3":"status-publish","4":"has-post-thumbnail","6":"product_brand-vichy","7":"product_cat-hygiene-homme","9":"first","10":"instock","11":"sale","12":"shipping-taxable","13":"purchasable","14":"product-type-simple"},"yoast_head":"<!-- This site is optimized with the Yoast SEO plugin v26.6 - https:\/\/yoast.com\/wordpress\/plugins\/seo\/ -->\r\n<title>VICHY HOMME CLINICAL CONTROL DETRANSPIRANT 96 H - Paracherkaoui.ma<\/title>\r\n<meta name=\"robots\" content=\"index, follow, max-snippet:-1, max-image-preview:large, max-video-preview:-1\" \/>\r\n<link rel=\"canonical\" href=\"https:\/\/paracherkaoui.ma\/index.php\/produit\/vichy-homme-clinical-control-detranspirant-96-h-2\/\" \/>\r\n<meta property=\"og:locale\" content=\"fr_FR\" \/>\r\n<meta property=\"og:type\" content=\"article\" \/>\r\n<meta property=\"og:title\" content=\"VICHY HOMME CLINICAL CONTROL DETRANSPIRANT 96 H - Paracherkaoui.ma\" \/>\r\n<meta property=\"og:description\" content=\"Formul\u00e9 sans alcool, il associe Perlite, un min\u00e9ral volcanique \u00e0 fort pouvoir absorbant, et Zinc PCA, reconnu pour ses vertus\" \/>\r\n<meta property=\"og:url\" content=\"https:\/\/paracherkaoui.ma\/index.php\/produit\/vichy-homme-clinical-control-detranspirant-96-h-2\/\" \/>\r\n<meta property=\"og:site_name\" content=\"Paracherkaoui.ma\" \/>\r\n<meta property=\"article:modified_time\" content=\"2025-12-12T18:27:10+00:00\" \/>\r\n<meta property=\"og:image\" content=\"https:\/\/paracherkaoui.ma\/wp-content\/uploads\/2025\/12\/vichy-vichy-homme-clinical-control-detranspirant-96-h-hygiene-homme.jpg\" \/>\r\n\t<meta property=\"og:image:width\" content=\"700\" \/>\r\n\t<meta property=\"og:image:height\" content=\"700\" \/>\r\n\t<meta property=\"og:image:type\" content=\"image\/jpeg\" \/>\r\n<meta name=\"twitter:card\" content=\"summary_large_image\" \/>\r\n<meta name=\"twitter:label1\" content=\"Dur\u00e9e de lecture estim\u00e9e\" \/>\n\t<meta name=\"twitter:data1\" content=\"1 minute\" \/>\r\n<script type=\"application\/ld+json\" class=\"yoast-schema-graph\">{\"@context\":\"https:\/\/schema.org\",\"@graph\":[{\"@type\":\"WebPage\",\"@id\":\"https:\/\/paracherkaoui.ma\/index.php\/produit\/vichy-homme-clinical-control-detranspirant-96-h-2\/\",\"url\":\"https:\/\/paracherkaoui.ma\/index.php\/produit\/vichy-homme-clinical-control-detranspirant-96-h-2\/\",\"name\":\"VICHY HOMME CLINICAL CONTROL DETRANSPIRANT 96 H - Paracherkaoui.ma\",\"isPartOf\":{\"@id\":\"https:\/\/paracherkaoui.ma\/#website\"},\"primaryImageOfPage\":{\"@id\":\"https:\/\/paracherkaoui.ma\/index.php\/produit\/vichy-homme-clinical-control-detranspirant-96-h-2\/#primaryimage\"},\"image\":{\"@id\":\"https:\/\/paracherkaoui.ma\/index.php\/produit\/vichy-homme-clinical-control-detranspirant-96-h-2\/#primaryimage\"},\"thumbnailUrl\":\"https:\/\/paracherkaoui.ma\/wp-content\/uploads\/2025\/12\/vichy-vichy-homme-clinical-control-detranspirant-96-h-hygiene-homme.jpg\",\"datePublished\":\"2025-12-12T18:27:04+00:00\",\"dateModified\":\"2025-12-12T18:27:10+00:00\",\"breadcrumb\":{\"@id\":\"https:\/\/paracherkaoui.ma\/index.php\/produit\/vichy-homme-clinical-control-detranspirant-96-h-2\/#breadcrumb\"},\"inLanguage\":\"fr-FR\",\"potentialAction\":[{\"@type\":\"ReadAction\",\"target\":[\"https:\/\/paracherkaoui.ma\/index.php\/produit\/vichy-homme-clinical-control-detranspirant-96-h-2\/\"]}]},{\"@type\":\"ImageObject\",\"inLanguage\":\"fr-FR\",\"@id\":\"https:\/\/paracherkaoui.ma\/index.php\/produit\/vichy-homme-clinical-control-detranspirant-96-h-2\/#primaryimage\",\"url\":\"https:\/\/paracherkaoui.ma\/wp-content\/uploads\/2025\/12\/vichy-vichy-homme-clinical-control-detranspirant-96-h-hygiene-homme.jpg\",\"contentUrl\":\"https:\/\/paracherkaoui.ma\/wp-content\/uploads\/2025\/12\/vichy-vichy-homme-clinical-control-detranspirant-96-h-hygiene-homme.jpg\",\"width\":700,\"height\":700},{\"@type\":\"BreadcrumbList\",\"@id\":\"https:\/\/paracherkaoui.ma\/index.php\/produit\/vichy-homme-clinical-control-detranspirant-96-h-2\/#breadcrumb\",\"itemListElement\":[{\"@type\":\"ListItem\",\"position\":1,\"name\":\"Accueil\",\"item\":\"https:\/\/paracherkaoui.ma\/\"},{\"@type\":\"ListItem\",\"position\":2,\"name\":\"Boutique\",\"item\":\"https:\/\/paracherkaoui.ma\/index.php\/boutique\/\"},{\"@type\":\"ListItem\",\"position\":3,\"name\":\"VICHY HOMME CLINICAL CONTROL DETRANSPIRANT 96 H\"}]},{\"@type\":\"WebSite\",\"@id\":\"https:\/\/paracherkaoui.ma\/#website\",\"url\":\"https:\/\/paracherkaoui.ma\/\",\"name\":\"Paracherkaoui.ma\",\"description\":\"Achetez en ligne sur Paracherkaoui.ma\",\"potentialAction\":[{\"@type\":\"SearchAction\",\"target\":{\"@type\":\"EntryPoint\",\"urlTemplate\":\"https:\/\/paracherkaoui.ma\/?s={search_term_string}\"},\"query-input\":{\"@type\":\"PropertyValueSpecification\",\"valueRequired\":true,\"valueName\":\"search_term_string\"}}],\"inLanguage\":\"fr-FR\"}]}<\/script>\r\n<!-- \/ Yoast SEO plugin. -->","yoast_head_json":{"title":"VICHY HOMME CLINICAL CONTROL DETRANSPIRANT 96 H - Paracherkaoui.ma","robots":{"index":"index","follow":"follow","max-snippet":"max-snippet:-1","max-image-preview":"max-image-preview:large","max-video-preview":"max-video-preview:-1"},"canonical":"https:\/\/paracherkaoui.ma\/index.php\/produit\/vichy-homme-clinical-control-detranspirant-96-h-2\/","og_locale":"fr_FR","og_type":"article","og_title":"VICHY HOMME CLINICAL CONTROL DETRANSPIRANT 96 H - Paracherkaoui.ma","og_description":"Formul\u00e9 sans alcool, il associe Perlite, un min\u00e9ral volcanique \u00e0 fort pouvoir absorbant, et Zinc PCA, reconnu pour ses vertus","og_url":"https:\/\/paracherkaoui.ma\/index.php\/produit\/vichy-homme-clinical-control-detranspirant-96-h-2\/","og_site_name":"Paracherkaoui.ma","article_modified_time":"2025-12-12T18:27:10+00:00","og_image":[{"width":700,"height":700,"url":"https:\/\/paracherkaoui.ma\/wp-content\/uploads\/2025\/12\/vichy-vichy-homme-clinical-control-detranspirant-96-h-hygiene-homme.jpg","type":"image\/jpeg"}],"twitter_card":"summary_large_image","twitter_misc":{"Dur\u00e9e de lecture estim\u00e9e":"1 minute"},"schema":{"@context":"https:\/\/schema.org","@graph":[{"@type":"WebPage","@id":"https:\/\/paracherkaoui.ma\/index.php\/produit\/vichy-homme-clinical-control-detranspirant-96-h-2\/","url":"https:\/\/paracherkaoui.ma\/index.php\/produit\/vichy-homme-clinical-control-detranspirant-96-h-2\/","name":"VICHY HOMME CLINICAL CONTROL DETRANSPIRANT 96 H - Paracherkaoui.ma","isPartOf":{"@id":"https:\/\/paracherkaoui.ma\/#website"},"primaryImageOfPage":{"@id":"https:\/\/paracherkaoui.ma\/index.php\/produit\/vichy-homme-clinical-control-detranspirant-96-h-2\/#primaryimage"},"image":{"@id":"https:\/\/paracherkaoui.ma\/index.php\/produit\/vichy-homme-clinical-control-detranspirant-96-h-2\/#primaryimage"},"thumbnailUrl":"https:\/\/paracherkaoui.ma\/wp-content\/uploads\/2025\/12\/vichy-vichy-homme-clinical-control-detranspirant-96-h-hygiene-homme.jpg","datePublished":"2025-12-12T18:27:04+00:00","dateModified":"2025-12-12T18:27:10+00:00","breadcrumb":{"@id":"https:\/\/paracherkaoui.ma\/index.php\/produit\/vichy-homme-clinical-control-detranspirant-96-h-2\/#breadcrumb"},"inLanguage":"fr-FR","potentialAction":[{"@type":"ReadAction","target":["https:\/\/paracherkaoui.ma\/index.php\/produit\/vichy-homme-clinical-control-detranspirant-96-h-2\/"]}]},{"@type":"ImageObject","inLanguage":"fr-FR","@id":"https:\/\/paracherkaoui.ma\/index.php\/produit\/vichy-homme-clinical-control-detranspirant-96-h-2\/#primaryimage","url":"https:\/\/paracherkaoui.ma\/wp-content\/uploads\/2025\/12\/vichy-vichy-homme-clinical-control-detranspirant-96-h-hygiene-homme.jpg","contentUrl":"https:\/\/paracherkaoui.ma\/wp-content\/uploads\/2025\/12\/vichy-vichy-homme-clinical-control-detranspirant-96-h-hygiene-homme.jpg","width":700,"height":700},{"@type":"BreadcrumbList","@id":"https:\/\/paracherkaoui.ma\/index.php\/produit\/vichy-homme-clinical-control-detranspirant-96-h-2\/#breadcrumb","itemListElement":[{"@type":"ListItem","position":1,"name":"Accueil","item":"https:\/\/paracherkaoui.ma\/"},{"@type":"ListItem","position":2,"name":"Boutique","item":"https:\/\/paracherkaoui.ma\/index.php\/boutique\/"},{"@type":"ListItem","position":3,"name":"VICHY HOMME CLINICAL CONTROL DETRANSPIRANT 96 H"}]},{"@type":"WebSite","@id":"https:\/\/paracherkaoui.ma\/#website","url":"https:\/\/paracherkaoui.ma\/","name":"Paracherkaoui.ma","description":"Achetez en ligne sur Paracherkaoui.ma","potentialAction":[{"@type":"SearchAction","target":{"@type":"EntryPoint","urlTemplate":"https:\/\/paracherkaoui.ma\/?s={search_term_string}"},"query-input":{"@type":"PropertyValueSpecification","valueRequired":true,"valueName":"search_term_string"}}],"inLanguage":"fr-FR"}]}},"_links":{"self":[{"href":"https:\/\/paracherkaoui.ma\/index.php\/wp-json\/wp\/v2\/product\/48372","targetHints":{"allow":["GET"]}}],"collection":[{"href":"https:\/\/paracherkaoui.ma\/index.php\/wp-json\/wp\/v2\/product"}],"about":[{"href":"https:\/\/paracherkaoui.ma\/index.php\/wp-json\/wp\/v2\/types\/product"}],"replies":[{"embeddable":true,"href":"https:\/\/paracherkaoui.ma\/index.php\/wp-json\/wp\/v2\/comments?post=48372"}],"version-history":[{"count":1,"href":"https:\/\/paracherkaoui.ma\/index.php\/wp-json\/wp\/v2\/product\/48372\/revisions"}],"predecessor-version":[{"id":48416,"href":"https:\/\/paracherkaoui.ma\/index.php\/wp-json\/wp\/v2\/product\/48372\/revisions\/48416"}],"wp:featuredmedia":[{"embeddable":true,"href":"https:\/\/paracherkaoui.ma\/index.php\/wp-json\/wp\/v2\/media\/14222"}],"wp:attachment":[{"href":"https:\/\/paracherkaoui.ma\/index.php\/wp-json\/wp\/v2\/media?parent=48372"}],"wp:term":[{"taxonomy":"product_brand","embeddable":true,"href":"https:\/\/paracherkaoui.ma\/index.php\/wp-json\/wp\/v2\/product_brand?post=48372"},{"taxonomy":"product_cat","embeddable":true,"href":"https:\/\/paracherkaoui.ma\/index.php\/wp-json\/wp\/v2\/product_cat?post=48372"},{"taxonomy":"product_tag","embeddable":true,"href":"https:\/\/paracherkaoui.ma\/index.php\/wp-json\/wp\/v2\/product_tag?post=48372"}],"curies":[{"name":"wp","href":"https:\/\/api.w.org\/{rel}","templated":true}]}}