{"id":48357,"date":"2025-12-12T19:27:03","date_gmt":"2025-12-12T18:27:03","guid":{"rendered":"https:\/\/test.ecbeaute.com\/?post_type=product&#038;p=48357"},"modified":"2025-12-12T19:27:07","modified_gmt":"2025-12-12T18:27:07","slug":"vichy-homme-deodorant-anti-transpirant-72-h-roll-on-50-ml-4","status":"publish","type":"product","link":"https:\/\/paracherkaoui.ma\/index.php\/produit\/vichy-homme-deodorant-anti-transpirant-72-h-roll-on-50-ml-4\/","title":{"rendered":"VICHY HOMME DEODORANT ANTI TRANSPIRANT 72 H ROLL ON 50 ML"},"content":{"rendered":"<p>Ce soin prot\u00e8ge non seulement contre les mauvaises odeurs, mais il offre aussi une protection durable et confortable, sans effet collant ni sensation d\u2019irritation. Gr\u00e2ce \u00e0 sa texture fluide et son format bille, l\u2019application est simple, rapide et pr\u00e9cise, avec une p\u00e9n\u00e9tration imm\u00e9diate, assurant une fra\u00eecheur longue dur\u00e9e tout au long de la journ\u00e9e.<br \/>\nCe d\u00e9odorant ne laisse aucune trace blanche sur les v\u00eatements sombres ni de marques jaunes sur les habits clairs, ce qui le rend id\u00e9al pour une utilisation quotidienne. En plus de son efficacit\u00e9, il est formul\u00e9 pour minimiser les risques d\u2019allergies : hypoallerg\u00e9nique, sans parab\u00e8ne et sans alcool, il a \u00e9t\u00e9 rigoureusement test\u00e9 sous contr\u00f4le dermatologique pour garantir une tol\u00e9rance optimale, m\u00eame sur les peaux sensibles et r\u00e9actives.<br \/>\nLes min\u00e9raux ultra-absorbants pr\u00e9sents dans la formule apaisent et hydratent l\u2019\u00e9piderme, r\u00e9duisant rougeurs, tiraillements et sensations d\u2019inconfort. Parfum\u00e9 avec une fragrance masculine intense, ce d\u00e9odorant Vichy procure une sensation de fra\u00eecheur agr\u00e9able tout en respectant votre peau.<br \/>\nConseils d\u2019utilisation<br \/>\nPour un maximum d\u2019efficacit\u00e9, appliquez le d\u00e9odorant Vichy Homme Anti-Transpirant 72H sur des aisselles propres et s\u00e8ches, id\u00e9alement une \u00e0 deux fois par jour. Son s\u00e9chage rapide permet de s\u2019habiller imm\u00e9diatement sans crainte de traces ou d\u2019inconfort.<br \/>\nComposition<br \/>\nAQUA, ALUMINUM CHLOROHYDRATE, DIMETHICONE, ALUMINUM SESQUICHLOROHYDRATE, C14-22 ALCOHOLS, STEARETH-100\/PEG-136\/HDI COPOLYMER, PARFUM, PERLITE, C12-20 ALKYL GLUCOSIDE, IODOPROPYNYL BUTYLCARBAMATE<\/p>\n","protected":false},"excerpt":{"rendered":"<p>Ce soin prot\u00e8ge non seulement contre les mauvaises odeurs, mais il offre aussi une protection durable et confortable, sans effet<\/p>\n","protected":false},"featured_media":14220,"comment_status":"open","ping_status":"closed","template":"","meta":[],"product_brand":[139],"product_cat":[873],"product_tag":[],"class_list":{"0":"post-48357","1":"product","2":"type-product","3":"status-publish","4":"has-post-thumbnail","6":"product_brand-vichy","7":"product_cat-hygiene-homme","9":"first","10":"instock","11":"sale","12":"shipping-taxable","13":"purchasable","14":"product-type-simple"},"yoast_head":"<!-- This site is optimized with the Yoast SEO plugin v26.6 - https:\/\/yoast.com\/wordpress\/plugins\/seo\/ -->\r\n<title>VICHY HOMME DEODORANT ANTI TRANSPIRANT 72 H ROLL ON 50 ML - Paracherkaoui.ma<\/title>\r\n<meta name=\"robots\" content=\"index, follow, max-snippet:-1, max-image-preview:large, max-video-preview:-1\" \/>\r\n<link rel=\"canonical\" href=\"https:\/\/paracherkaoui.ma\/index.php\/produit\/vichy-homme-deodorant-anti-transpirant-72-h-roll-on-50-ml-4\/\" \/>\r\n<meta property=\"og:locale\" content=\"fr_FR\" \/>\r\n<meta property=\"og:type\" content=\"article\" \/>\r\n<meta property=\"og:title\" content=\"VICHY HOMME DEODORANT ANTI TRANSPIRANT 72 H ROLL ON 50 ML - Paracherkaoui.ma\" \/>\r\n<meta property=\"og:description\" content=\"Ce soin prot\u00e8ge non seulement contre les mauvaises odeurs, mais il offre aussi une protection durable et confortable, sans effet\" \/>\r\n<meta property=\"og:url\" content=\"https:\/\/paracherkaoui.ma\/index.php\/produit\/vichy-homme-deodorant-anti-transpirant-72-h-roll-on-50-ml-4\/\" \/>\r\n<meta property=\"og:site_name\" content=\"Paracherkaoui.ma\" \/>\r\n<meta property=\"article:modified_time\" content=\"2025-12-12T18:27:07+00:00\" \/>\r\n<meta property=\"og:image\" content=\"https:\/\/paracherkaoui.ma\/wp-content\/uploads\/2025\/12\/vichy-vichy-homme-deodorant-anti-transpirant-72-h-roll-on-50-ml-deodorants.jpg\" \/>\r\n\t<meta property=\"og:image:width\" content=\"700\" \/>\r\n\t<meta property=\"og:image:height\" content=\"700\" \/>\r\n\t<meta property=\"og:image:type\" content=\"image\/jpeg\" \/>\r\n<meta name=\"twitter:card\" content=\"summary_large_image\" \/>\r\n<meta name=\"twitter:label1\" content=\"Dur\u00e9e de lecture estim\u00e9e\" \/>\n\t<meta name=\"twitter:data1\" content=\"1 minute\" \/>\r\n<script type=\"application\/ld+json\" class=\"yoast-schema-graph\">{\"@context\":\"https:\/\/schema.org\",\"@graph\":[{\"@type\":\"WebPage\",\"@id\":\"https:\/\/paracherkaoui.ma\/index.php\/produit\/vichy-homme-deodorant-anti-transpirant-72-h-roll-on-50-ml-4\/\",\"url\":\"https:\/\/paracherkaoui.ma\/index.php\/produit\/vichy-homme-deodorant-anti-transpirant-72-h-roll-on-50-ml-4\/\",\"name\":\"VICHY HOMME DEODORANT ANTI TRANSPIRANT 72 H ROLL ON 50 ML - Paracherkaoui.ma\",\"isPartOf\":{\"@id\":\"https:\/\/paracherkaoui.ma\/#website\"},\"primaryImageOfPage\":{\"@id\":\"https:\/\/paracherkaoui.ma\/index.php\/produit\/vichy-homme-deodorant-anti-transpirant-72-h-roll-on-50-ml-4\/#primaryimage\"},\"image\":{\"@id\":\"https:\/\/paracherkaoui.ma\/index.php\/produit\/vichy-homme-deodorant-anti-transpirant-72-h-roll-on-50-ml-4\/#primaryimage\"},\"thumbnailUrl\":\"https:\/\/paracherkaoui.ma\/wp-content\/uploads\/2025\/12\/vichy-vichy-homme-deodorant-anti-transpirant-72-h-roll-on-50-ml-deodorants.jpg\",\"datePublished\":\"2025-12-12T18:27:03+00:00\",\"dateModified\":\"2025-12-12T18:27:07+00:00\",\"breadcrumb\":{\"@id\":\"https:\/\/paracherkaoui.ma\/index.php\/produit\/vichy-homme-deodorant-anti-transpirant-72-h-roll-on-50-ml-4\/#breadcrumb\"},\"inLanguage\":\"fr-FR\",\"potentialAction\":[{\"@type\":\"ReadAction\",\"target\":[\"https:\/\/paracherkaoui.ma\/index.php\/produit\/vichy-homme-deodorant-anti-transpirant-72-h-roll-on-50-ml-4\/\"]}]},{\"@type\":\"ImageObject\",\"inLanguage\":\"fr-FR\",\"@id\":\"https:\/\/paracherkaoui.ma\/index.php\/produit\/vichy-homme-deodorant-anti-transpirant-72-h-roll-on-50-ml-4\/#primaryimage\",\"url\":\"https:\/\/paracherkaoui.ma\/wp-content\/uploads\/2025\/12\/vichy-vichy-homme-deodorant-anti-transpirant-72-h-roll-on-50-ml-deodorants.jpg\",\"contentUrl\":\"https:\/\/paracherkaoui.ma\/wp-content\/uploads\/2025\/12\/vichy-vichy-homme-deodorant-anti-transpirant-72-h-roll-on-50-ml-deodorants.jpg\",\"width\":700,\"height\":700},{\"@type\":\"BreadcrumbList\",\"@id\":\"https:\/\/paracherkaoui.ma\/index.php\/produit\/vichy-homme-deodorant-anti-transpirant-72-h-roll-on-50-ml-4\/#breadcrumb\",\"itemListElement\":[{\"@type\":\"ListItem\",\"position\":1,\"name\":\"Accueil\",\"item\":\"https:\/\/paracherkaoui.ma\/\"},{\"@type\":\"ListItem\",\"position\":2,\"name\":\"Boutique\",\"item\":\"https:\/\/paracherkaoui.ma\/index.php\/boutique\/\"},{\"@type\":\"ListItem\",\"position\":3,\"name\":\"VICHY HOMME DEODORANT ANTI TRANSPIRANT 72 H ROLL ON 50 ML\"}]},{\"@type\":\"WebSite\",\"@id\":\"https:\/\/paracherkaoui.ma\/#website\",\"url\":\"https:\/\/paracherkaoui.ma\/\",\"name\":\"Paracherkaoui.ma\",\"description\":\"Achetez en ligne sur Paracherkaoui.ma\",\"potentialAction\":[{\"@type\":\"SearchAction\",\"target\":{\"@type\":\"EntryPoint\",\"urlTemplate\":\"https:\/\/paracherkaoui.ma\/?s={search_term_string}\"},\"query-input\":{\"@type\":\"PropertyValueSpecification\",\"valueRequired\":true,\"valueName\":\"search_term_string\"}}],\"inLanguage\":\"fr-FR\"}]}<\/script>\r\n<!-- \/ Yoast SEO plugin. -->","yoast_head_json":{"title":"VICHY HOMME DEODORANT ANTI TRANSPIRANT 72 H ROLL ON 50 ML - Paracherkaoui.ma","robots":{"index":"index","follow":"follow","max-snippet":"max-snippet:-1","max-image-preview":"max-image-preview:large","max-video-preview":"max-video-preview:-1"},"canonical":"https:\/\/paracherkaoui.ma\/index.php\/produit\/vichy-homme-deodorant-anti-transpirant-72-h-roll-on-50-ml-4\/","og_locale":"fr_FR","og_type":"article","og_title":"VICHY HOMME DEODORANT ANTI TRANSPIRANT 72 H ROLL ON 50 ML - Paracherkaoui.ma","og_description":"Ce soin prot\u00e8ge non seulement contre les mauvaises odeurs, mais il offre aussi une protection durable et confortable, sans effet","og_url":"https:\/\/paracherkaoui.ma\/index.php\/produit\/vichy-homme-deodorant-anti-transpirant-72-h-roll-on-50-ml-4\/","og_site_name":"Paracherkaoui.ma","article_modified_time":"2025-12-12T18:27:07+00:00","og_image":[{"width":700,"height":700,"url":"https:\/\/paracherkaoui.ma\/wp-content\/uploads\/2025\/12\/vichy-vichy-homme-deodorant-anti-transpirant-72-h-roll-on-50-ml-deodorants.jpg","type":"image\/jpeg"}],"twitter_card":"summary_large_image","twitter_misc":{"Dur\u00e9e de lecture estim\u00e9e":"1 minute"},"schema":{"@context":"https:\/\/schema.org","@graph":[{"@type":"WebPage","@id":"https:\/\/paracherkaoui.ma\/index.php\/produit\/vichy-homme-deodorant-anti-transpirant-72-h-roll-on-50-ml-4\/","url":"https:\/\/paracherkaoui.ma\/index.php\/produit\/vichy-homme-deodorant-anti-transpirant-72-h-roll-on-50-ml-4\/","name":"VICHY HOMME DEODORANT ANTI TRANSPIRANT 72 H ROLL ON 50 ML - Paracherkaoui.ma","isPartOf":{"@id":"https:\/\/paracherkaoui.ma\/#website"},"primaryImageOfPage":{"@id":"https:\/\/paracherkaoui.ma\/index.php\/produit\/vichy-homme-deodorant-anti-transpirant-72-h-roll-on-50-ml-4\/#primaryimage"},"image":{"@id":"https:\/\/paracherkaoui.ma\/index.php\/produit\/vichy-homme-deodorant-anti-transpirant-72-h-roll-on-50-ml-4\/#primaryimage"},"thumbnailUrl":"https:\/\/paracherkaoui.ma\/wp-content\/uploads\/2025\/12\/vichy-vichy-homme-deodorant-anti-transpirant-72-h-roll-on-50-ml-deodorants.jpg","datePublished":"2025-12-12T18:27:03+00:00","dateModified":"2025-12-12T18:27:07+00:00","breadcrumb":{"@id":"https:\/\/paracherkaoui.ma\/index.php\/produit\/vichy-homme-deodorant-anti-transpirant-72-h-roll-on-50-ml-4\/#breadcrumb"},"inLanguage":"fr-FR","potentialAction":[{"@type":"ReadAction","target":["https:\/\/paracherkaoui.ma\/index.php\/produit\/vichy-homme-deodorant-anti-transpirant-72-h-roll-on-50-ml-4\/"]}]},{"@type":"ImageObject","inLanguage":"fr-FR","@id":"https:\/\/paracherkaoui.ma\/index.php\/produit\/vichy-homme-deodorant-anti-transpirant-72-h-roll-on-50-ml-4\/#primaryimage","url":"https:\/\/paracherkaoui.ma\/wp-content\/uploads\/2025\/12\/vichy-vichy-homme-deodorant-anti-transpirant-72-h-roll-on-50-ml-deodorants.jpg","contentUrl":"https:\/\/paracherkaoui.ma\/wp-content\/uploads\/2025\/12\/vichy-vichy-homme-deodorant-anti-transpirant-72-h-roll-on-50-ml-deodorants.jpg","width":700,"height":700},{"@type":"BreadcrumbList","@id":"https:\/\/paracherkaoui.ma\/index.php\/produit\/vichy-homme-deodorant-anti-transpirant-72-h-roll-on-50-ml-4\/#breadcrumb","itemListElement":[{"@type":"ListItem","position":1,"name":"Accueil","item":"https:\/\/paracherkaoui.ma\/"},{"@type":"ListItem","position":2,"name":"Boutique","item":"https:\/\/paracherkaoui.ma\/index.php\/boutique\/"},{"@type":"ListItem","position":3,"name":"VICHY HOMME DEODORANT ANTI TRANSPIRANT 72 H ROLL ON 50 ML"}]},{"@type":"WebSite","@id":"https:\/\/paracherkaoui.ma\/#website","url":"https:\/\/paracherkaoui.ma\/","name":"Paracherkaoui.ma","description":"Achetez en ligne sur Paracherkaoui.ma","potentialAction":[{"@type":"SearchAction","target":{"@type":"EntryPoint","urlTemplate":"https:\/\/paracherkaoui.ma\/?s={search_term_string}"},"query-input":{"@type":"PropertyValueSpecification","valueRequired":true,"valueName":"search_term_string"}}],"inLanguage":"fr-FR"}]}},"_links":{"self":[{"href":"https:\/\/paracherkaoui.ma\/index.php\/wp-json\/wp\/v2\/product\/48357","targetHints":{"allow":["GET"]}}],"collection":[{"href":"https:\/\/paracherkaoui.ma\/index.php\/wp-json\/wp\/v2\/product"}],"about":[{"href":"https:\/\/paracherkaoui.ma\/index.php\/wp-json\/wp\/v2\/types\/product"}],"replies":[{"embeddable":true,"href":"https:\/\/paracherkaoui.ma\/index.php\/wp-json\/wp\/v2\/comments?post=48357"}],"version-history":[{"count":1,"href":"https:\/\/paracherkaoui.ma\/index.php\/wp-json\/wp\/v2\/product\/48357\/revisions"}],"predecessor-version":[{"id":48392,"href":"https:\/\/paracherkaoui.ma\/index.php\/wp-json\/wp\/v2\/product\/48357\/revisions\/48392"}],"wp:featuredmedia":[{"embeddable":true,"href":"https:\/\/paracherkaoui.ma\/index.php\/wp-json\/wp\/v2\/media\/14220"}],"wp:attachment":[{"href":"https:\/\/paracherkaoui.ma\/index.php\/wp-json\/wp\/v2\/media?parent=48357"}],"wp:term":[{"taxonomy":"product_brand","embeddable":true,"href":"https:\/\/paracherkaoui.ma\/index.php\/wp-json\/wp\/v2\/product_brand?post=48357"},{"taxonomy":"product_cat","embeddable":true,"href":"https:\/\/paracherkaoui.ma\/index.php\/wp-json\/wp\/v2\/product_cat?post=48357"},{"taxonomy":"product_tag","embeddable":true,"href":"https:\/\/paracherkaoui.ma\/index.php\/wp-json\/wp\/v2\/product_tag?post=48357"}],"curies":[{"name":"wp","href":"https:\/\/api.w.org\/{rel}","templated":true}]}}