{"id":48356,"date":"2025-12-12T19:27:02","date_gmt":"2025-12-12T18:27:02","guid":{"rendered":"https:\/\/test.ecbeaute.com\/?post_type=product&#038;p=48356"},"modified":"2025-12-12T19:27:07","modified_gmt":"2025-12-12T18:27:07","slug":"vichy-homme-deo-vapo-assainissant-24h-100-ml-3","status":"publish","type":"product","link":"https:\/\/paracherkaoui.ma\/index.php\/produit\/vichy-homme-deo-vapo-assainissant-24h-100-ml-3\/","title":{"rendered":"VICHY HOMME DEO VAPO ASSAINISSANT 24H 100 ML"},"content":{"rendered":"<p>Gr\u00e2ce \u00e0 sa formule enrichie en actifs d\u00e9odorants et antibact\u00e9riens, il agit efficacement pour neutraliser les mauvaises odeurs tout au long de la journ\u00e9e. Son parfum l\u00e9ger et frais procure une agr\u00e9able sensation de propret\u00e9 imm\u00e9diate, tandis que sa texture cristalline ne laisse aucune trace blanche sur la peau ni sur les v\u00eatements.<br \/>\nSans parab\u00e8ne et hypoallerg\u00e9nique, il a \u00e9t\u00e9 test\u00e9 sous contr\u00f4le dermatologique pour garantir une tol\u00e9rance optimale, m\u00eame sur les peaux les plus r\u00e9actives. Ce d\u00e9odorant respecte le pH de la peau et convient parfaitement \u00e0 une utilisation quotidienne.<br \/>\nContrairement aux anti-transpirants classiques qui bloquent la transpiration, VICHY HOMME D\u00e9odorant Assainissant agit tout en laissant respirer la peau. Son efficacit\u00e9 est due \u00e0 la pr\u00e9sence de Zinc Ricinoleate, un actif purifiant et absorbant, ainsi qu\u2019\u00e0 l\u2019acide lactique, connu pour ses propri\u00e9t\u00e9s r\u00e9\u00e9quilibrantes.<br \/>\nSa diffusion en spray facilite une application rapide, propre et homog\u00e8ne sur toute la zone des aisselles.<br \/>\nConseils d\u2019utilisation<br \/>\nAppliquer chaque matin sur une peau propre et s\u00e8che.<br \/>\nBien agiter avant utilisation.<br \/>\nNe pas vaporiser sur une peau irrit\u00e9e ou ab\u00eem\u00e9e.<br \/>\n\u00c9viter le contact avec les yeux.<br \/>\nComposition<br \/>\nALCOHOL DENAT., AQUA \/ WATER, PARFUM \/ FRAGRANCE, DIPROPYLENE GLYCOL, LACTIC ACID, TRIETHANOLAMINE, ZINC RICINOLEATE<\/p>\n","protected":false},"excerpt":{"rendered":"<p>Gr\u00e2ce \u00e0 sa formule enrichie en actifs d\u00e9odorants et antibact\u00e9riens, il agit efficacement pour neutraliser les mauvaises odeurs tout au<\/p>\n","protected":false},"featured_media":14218,"comment_status":"open","ping_status":"closed","template":"","meta":[],"product_brand":[139],"product_cat":[873],"product_tag":[],"class_list":{"0":"post-48356","1":"product","2":"type-product","3":"status-publish","4":"has-post-thumbnail","6":"product_brand-vichy","7":"product_cat-hygiene-homme","9":"first","10":"instock","11":"sale","12":"shipping-taxable","13":"purchasable","14":"product-type-simple"},"yoast_head":"<!-- This site is optimized with the Yoast SEO plugin v26.6 - https:\/\/yoast.com\/wordpress\/plugins\/seo\/ -->\r\n<title>VICHY HOMME DEO VAPO ASSAINISSANT 24H 100 ML - Paracherkaoui.ma<\/title>\r\n<meta name=\"robots\" content=\"index, follow, max-snippet:-1, max-image-preview:large, max-video-preview:-1\" \/>\r\n<link rel=\"canonical\" href=\"https:\/\/paracherkaoui.ma\/index.php\/produit\/vichy-homme-deo-vapo-assainissant-24h-100-ml-3\/\" \/>\r\n<meta property=\"og:locale\" content=\"fr_FR\" \/>\r\n<meta property=\"og:type\" content=\"article\" \/>\r\n<meta property=\"og:title\" content=\"VICHY HOMME DEO VAPO ASSAINISSANT 24H 100 ML - Paracherkaoui.ma\" \/>\r\n<meta property=\"og:description\" content=\"Gr\u00e2ce \u00e0 sa formule enrichie en actifs d\u00e9odorants et antibact\u00e9riens, il agit efficacement pour neutraliser les mauvaises odeurs tout au\" \/>\r\n<meta property=\"og:url\" content=\"https:\/\/paracherkaoui.ma\/index.php\/produit\/vichy-homme-deo-vapo-assainissant-24h-100-ml-3\/\" \/>\r\n<meta property=\"og:site_name\" content=\"Paracherkaoui.ma\" \/>\r\n<meta property=\"article:modified_time\" content=\"2025-12-12T18:27:07+00:00\" \/>\r\n<meta property=\"og:image\" content=\"https:\/\/paracherkaoui.ma\/wp-content\/uploads\/2025\/12\/vichy-vichy-homme-deo-vapo-assainissant-24h-100-ml-accueil.jpg\" \/>\r\n\t<meta property=\"og:image:width\" content=\"700\" \/>\r\n\t<meta property=\"og:image:height\" content=\"700\" \/>\r\n\t<meta property=\"og:image:type\" content=\"image\/jpeg\" \/>\r\n<meta name=\"twitter:card\" content=\"summary_large_image\" \/>\r\n<meta name=\"twitter:label1\" content=\"Dur\u00e9e de lecture estim\u00e9e\" \/>\n\t<meta name=\"twitter:data1\" content=\"1 minute\" \/>\r\n<script type=\"application\/ld+json\" class=\"yoast-schema-graph\">{\"@context\":\"https:\/\/schema.org\",\"@graph\":[{\"@type\":\"WebPage\",\"@id\":\"https:\/\/paracherkaoui.ma\/index.php\/produit\/vichy-homme-deo-vapo-assainissant-24h-100-ml-3\/\",\"url\":\"https:\/\/paracherkaoui.ma\/index.php\/produit\/vichy-homme-deo-vapo-assainissant-24h-100-ml-3\/\",\"name\":\"VICHY HOMME DEO VAPO ASSAINISSANT 24H 100 ML - Paracherkaoui.ma\",\"isPartOf\":{\"@id\":\"https:\/\/paracherkaoui.ma\/#website\"},\"primaryImageOfPage\":{\"@id\":\"https:\/\/paracherkaoui.ma\/index.php\/produit\/vichy-homme-deo-vapo-assainissant-24h-100-ml-3\/#primaryimage\"},\"image\":{\"@id\":\"https:\/\/paracherkaoui.ma\/index.php\/produit\/vichy-homme-deo-vapo-assainissant-24h-100-ml-3\/#primaryimage\"},\"thumbnailUrl\":\"https:\/\/paracherkaoui.ma\/wp-content\/uploads\/2025\/12\/vichy-vichy-homme-deo-vapo-assainissant-24h-100-ml-accueil.jpg\",\"datePublished\":\"2025-12-12T18:27:02+00:00\",\"dateModified\":\"2025-12-12T18:27:07+00:00\",\"breadcrumb\":{\"@id\":\"https:\/\/paracherkaoui.ma\/index.php\/produit\/vichy-homme-deo-vapo-assainissant-24h-100-ml-3\/#breadcrumb\"},\"inLanguage\":\"fr-FR\",\"potentialAction\":[{\"@type\":\"ReadAction\",\"target\":[\"https:\/\/paracherkaoui.ma\/index.php\/produit\/vichy-homme-deo-vapo-assainissant-24h-100-ml-3\/\"]}]},{\"@type\":\"ImageObject\",\"inLanguage\":\"fr-FR\",\"@id\":\"https:\/\/paracherkaoui.ma\/index.php\/produit\/vichy-homme-deo-vapo-assainissant-24h-100-ml-3\/#primaryimage\",\"url\":\"https:\/\/paracherkaoui.ma\/wp-content\/uploads\/2025\/12\/vichy-vichy-homme-deo-vapo-assainissant-24h-100-ml-accueil.jpg\",\"contentUrl\":\"https:\/\/paracherkaoui.ma\/wp-content\/uploads\/2025\/12\/vichy-vichy-homme-deo-vapo-assainissant-24h-100-ml-accueil.jpg\",\"width\":700,\"height\":700},{\"@type\":\"BreadcrumbList\",\"@id\":\"https:\/\/paracherkaoui.ma\/index.php\/produit\/vichy-homme-deo-vapo-assainissant-24h-100-ml-3\/#breadcrumb\",\"itemListElement\":[{\"@type\":\"ListItem\",\"position\":1,\"name\":\"Accueil\",\"item\":\"https:\/\/paracherkaoui.ma\/\"},{\"@type\":\"ListItem\",\"position\":2,\"name\":\"Boutique\",\"item\":\"https:\/\/paracherkaoui.ma\/index.php\/boutique\/\"},{\"@type\":\"ListItem\",\"position\":3,\"name\":\"VICHY HOMME DEO VAPO ASSAINISSANT 24H 100 ML\"}]},{\"@type\":\"WebSite\",\"@id\":\"https:\/\/paracherkaoui.ma\/#website\",\"url\":\"https:\/\/paracherkaoui.ma\/\",\"name\":\"Paracherkaoui.ma\",\"description\":\"Achetez en ligne sur Paracherkaoui.ma\",\"potentialAction\":[{\"@type\":\"SearchAction\",\"target\":{\"@type\":\"EntryPoint\",\"urlTemplate\":\"https:\/\/paracherkaoui.ma\/?s={search_term_string}\"},\"query-input\":{\"@type\":\"PropertyValueSpecification\",\"valueRequired\":true,\"valueName\":\"search_term_string\"}}],\"inLanguage\":\"fr-FR\"}]}<\/script>\r\n<!-- \/ Yoast SEO plugin. -->","yoast_head_json":{"title":"VICHY HOMME DEO VAPO ASSAINISSANT 24H 100 ML - Paracherkaoui.ma","robots":{"index":"index","follow":"follow","max-snippet":"max-snippet:-1","max-image-preview":"max-image-preview:large","max-video-preview":"max-video-preview:-1"},"canonical":"https:\/\/paracherkaoui.ma\/index.php\/produit\/vichy-homme-deo-vapo-assainissant-24h-100-ml-3\/","og_locale":"fr_FR","og_type":"article","og_title":"VICHY HOMME DEO VAPO ASSAINISSANT 24H 100 ML - Paracherkaoui.ma","og_description":"Gr\u00e2ce \u00e0 sa formule enrichie en actifs d\u00e9odorants et antibact\u00e9riens, il agit efficacement pour neutraliser les mauvaises odeurs tout au","og_url":"https:\/\/paracherkaoui.ma\/index.php\/produit\/vichy-homme-deo-vapo-assainissant-24h-100-ml-3\/","og_site_name":"Paracherkaoui.ma","article_modified_time":"2025-12-12T18:27:07+00:00","og_image":[{"width":700,"height":700,"url":"https:\/\/paracherkaoui.ma\/wp-content\/uploads\/2025\/12\/vichy-vichy-homme-deo-vapo-assainissant-24h-100-ml-accueil.jpg","type":"image\/jpeg"}],"twitter_card":"summary_large_image","twitter_misc":{"Dur\u00e9e de lecture estim\u00e9e":"1 minute"},"schema":{"@context":"https:\/\/schema.org","@graph":[{"@type":"WebPage","@id":"https:\/\/paracherkaoui.ma\/index.php\/produit\/vichy-homme-deo-vapo-assainissant-24h-100-ml-3\/","url":"https:\/\/paracherkaoui.ma\/index.php\/produit\/vichy-homme-deo-vapo-assainissant-24h-100-ml-3\/","name":"VICHY HOMME DEO VAPO ASSAINISSANT 24H 100 ML - Paracherkaoui.ma","isPartOf":{"@id":"https:\/\/paracherkaoui.ma\/#website"},"primaryImageOfPage":{"@id":"https:\/\/paracherkaoui.ma\/index.php\/produit\/vichy-homme-deo-vapo-assainissant-24h-100-ml-3\/#primaryimage"},"image":{"@id":"https:\/\/paracherkaoui.ma\/index.php\/produit\/vichy-homme-deo-vapo-assainissant-24h-100-ml-3\/#primaryimage"},"thumbnailUrl":"https:\/\/paracherkaoui.ma\/wp-content\/uploads\/2025\/12\/vichy-vichy-homme-deo-vapo-assainissant-24h-100-ml-accueil.jpg","datePublished":"2025-12-12T18:27:02+00:00","dateModified":"2025-12-12T18:27:07+00:00","breadcrumb":{"@id":"https:\/\/paracherkaoui.ma\/index.php\/produit\/vichy-homme-deo-vapo-assainissant-24h-100-ml-3\/#breadcrumb"},"inLanguage":"fr-FR","potentialAction":[{"@type":"ReadAction","target":["https:\/\/paracherkaoui.ma\/index.php\/produit\/vichy-homme-deo-vapo-assainissant-24h-100-ml-3\/"]}]},{"@type":"ImageObject","inLanguage":"fr-FR","@id":"https:\/\/paracherkaoui.ma\/index.php\/produit\/vichy-homme-deo-vapo-assainissant-24h-100-ml-3\/#primaryimage","url":"https:\/\/paracherkaoui.ma\/wp-content\/uploads\/2025\/12\/vichy-vichy-homme-deo-vapo-assainissant-24h-100-ml-accueil.jpg","contentUrl":"https:\/\/paracherkaoui.ma\/wp-content\/uploads\/2025\/12\/vichy-vichy-homme-deo-vapo-assainissant-24h-100-ml-accueil.jpg","width":700,"height":700},{"@type":"BreadcrumbList","@id":"https:\/\/paracherkaoui.ma\/index.php\/produit\/vichy-homme-deo-vapo-assainissant-24h-100-ml-3\/#breadcrumb","itemListElement":[{"@type":"ListItem","position":1,"name":"Accueil","item":"https:\/\/paracherkaoui.ma\/"},{"@type":"ListItem","position":2,"name":"Boutique","item":"https:\/\/paracherkaoui.ma\/index.php\/boutique\/"},{"@type":"ListItem","position":3,"name":"VICHY HOMME DEO VAPO ASSAINISSANT 24H 100 ML"}]},{"@type":"WebSite","@id":"https:\/\/paracherkaoui.ma\/#website","url":"https:\/\/paracherkaoui.ma\/","name":"Paracherkaoui.ma","description":"Achetez en ligne sur Paracherkaoui.ma","potentialAction":[{"@type":"SearchAction","target":{"@type":"EntryPoint","urlTemplate":"https:\/\/paracherkaoui.ma\/?s={search_term_string}"},"query-input":{"@type":"PropertyValueSpecification","valueRequired":true,"valueName":"search_term_string"}}],"inLanguage":"fr-FR"}]}},"_links":{"self":[{"href":"https:\/\/paracherkaoui.ma\/index.php\/wp-json\/wp\/v2\/product\/48356","targetHints":{"allow":["GET"]}}],"collection":[{"href":"https:\/\/paracherkaoui.ma\/index.php\/wp-json\/wp\/v2\/product"}],"about":[{"href":"https:\/\/paracherkaoui.ma\/index.php\/wp-json\/wp\/v2\/types\/product"}],"replies":[{"embeddable":true,"href":"https:\/\/paracherkaoui.ma\/index.php\/wp-json\/wp\/v2\/comments?post=48356"}],"version-history":[{"count":1,"href":"https:\/\/paracherkaoui.ma\/index.php\/wp-json\/wp\/v2\/product\/48356\/revisions"}],"predecessor-version":[{"id":48391,"href":"https:\/\/paracherkaoui.ma\/index.php\/wp-json\/wp\/v2\/product\/48356\/revisions\/48391"}],"wp:featuredmedia":[{"embeddable":true,"href":"https:\/\/paracherkaoui.ma\/index.php\/wp-json\/wp\/v2\/media\/14218"}],"wp:attachment":[{"href":"https:\/\/paracherkaoui.ma\/index.php\/wp-json\/wp\/v2\/media?parent=48356"}],"wp:term":[{"taxonomy":"product_brand","embeddable":true,"href":"https:\/\/paracherkaoui.ma\/index.php\/wp-json\/wp\/v2\/product_brand?post=48356"},{"taxonomy":"product_cat","embeddable":true,"href":"https:\/\/paracherkaoui.ma\/index.php\/wp-json\/wp\/v2\/product_cat?post=48356"},{"taxonomy":"product_tag","embeddable":true,"href":"https:\/\/paracherkaoui.ma\/index.php\/wp-json\/wp\/v2\/product_tag?post=48356"}],"curies":[{"name":"wp","href":"https:\/\/api.w.org\/{rel}","templated":true}]}}