{"id":48350,"date":"2025-12-12T19:27:02","date_gmt":"2025-12-12T18:27:02","guid":{"rendered":"https:\/\/test.ecbeaute.com\/?post_type=product&#038;p=48350"},"modified":"2025-12-12T19:27:06","modified_gmt":"2025-12-12T18:27:06","slug":"nuxe-men-gel-multi-fonctions-hydratant-50-ml","status":"publish","type":"product","link":"https:\/\/paracherkaoui.ma\/index.php\/produit\/nuxe-men-gel-multi-fonctions-hydratant-50-ml\/","title":{"rendered":"NUXE MEN GEL MULTI FONCTIONS HYDRATANT 50 ML"},"content":{"rendered":"<p>INDICATIONS :<br \/>\nPour toutes les peaux m\u00eame sensibles, ce soin multi-fonctions : hydrate, redonne de l\u2019\u00e9nergie \u00e0 la peau et la fortifie, matifie les zones \u00e0 tendance grasse. Sa texture fluide et l\u00e9g\u00e8re p\u00e9n\u00e8tre imm\u00e9diatement sans effet gras. Parfaitement hydrat\u00e9e, la peau retrouve vitalit\u00e9 et confort, sans briller. Appliquer le matin apr\u00e8s le rasage et\/ou le soir. Contient 91% d\u2019ingr\u00e9dients d\u2019origine naturelle, (dont Bois de Santal, Ecorce de Phellodendron, Ecorce de Ch\u00eane et bourgeons de Charme, Mucilages de Feuilles de Baobab, Graines d\u2019Araucaria, Ecorce d\u2019Enanthia Chlorantha&#8230;). Sans paraben. Non com\u00e9dog\u00e8ne. BREVET NUXE (FR)<br \/>\nPR\u00c9SENTATION :<br \/>\n1 Flacon de 50 ml<br \/>\nCOMPOSITION :<br \/>\nAQUA\/WATER, GLYCERIN, DICAPRYLYL CARBONATE, HYDROLYZED ADANSONIA DIGITATA EXTRACT, DIMETHICONE, HYDROXYETHYL UREA, ACRYLATES\/C10-30 ALKYL ACRYLATE CROSSPOLYMER, BUTYLENE GLYCOL, BENZYL ALCOHOL, CAPRYLOYL GLYCINE, HORDEUM DISTICHON (BARLEY) EXTRACT, SODIUM HYDROXIDE, PARFUM\/FRAGRANCE, RIBOSE, TOCOPHERYL ACETATE, CITRIC ACID, DIMETHICONE CROSSPOLYMER, ALCOHOL, ALLANTOIN, PHELLODENDRON AMURENSE BARK EXTRACT, SANTALUM ALBUM (SANDALWOOD) EXTRACT, TETRASODIUM EDTA, DEHYDROACETIC ACID, AMMONIUM LACTATE, PHENOXYETHANOL, ENANTIA CHLORANTHA BARK EXTRACT, SODIUM HYALURONATE, CARBOMER, TOCOPHEROL, ARAUCARIA ANGUSTIFOLIA SEED EXTRACT, CARPINUS BETULUS BUD EXTRACT, QUERCUS ROBUR BARK EXTRACT, OLEANOLIC ACID, LIMONENE [N1906\/B].<\/p>\n","protected":false},"excerpt":{"rendered":"<p>INDICATIONS : Pour toutes les peaux m\u00eame sensibles, ce soin multi-fonctions : hydrate, redonne de l\u2019\u00e9nergie \u00e0 la peau et<\/p>\n","protected":false},"featured_media":48383,"comment_status":"open","ping_status":"closed","template":"","meta":[],"product_brand":[230],"product_cat":[873],"product_tag":[],"class_list":{"0":"post-48350","1":"product","2":"type-product","3":"status-publish","4":"has-post-thumbnail","6":"product_brand-nuxe","7":"product_cat-hygiene-homme","9":"first","10":"instock","11":"sale","12":"shipping-taxable","13":"purchasable","14":"product-type-simple"},"yoast_head":"<!-- This site is optimized with the Yoast SEO plugin v26.6 - https:\/\/yoast.com\/wordpress\/plugins\/seo\/ -->\r\n<title>NUXE MEN GEL MULTI FONCTIONS HYDRATANT 50 ML - Paracherkaoui.ma<\/title>\r\n<meta name=\"robots\" content=\"index, follow, max-snippet:-1, max-image-preview:large, max-video-preview:-1\" \/>\r\n<link rel=\"canonical\" href=\"https:\/\/paracherkaoui.ma\/index.php\/produit\/nuxe-men-gel-multi-fonctions-hydratant-50-ml\/\" \/>\r\n<meta property=\"og:locale\" content=\"fr_FR\" \/>\r\n<meta property=\"og:type\" content=\"article\" \/>\r\n<meta property=\"og:title\" content=\"NUXE MEN GEL MULTI FONCTIONS HYDRATANT 50 ML - Paracherkaoui.ma\" \/>\r\n<meta property=\"og:description\" content=\"INDICATIONS : Pour toutes les peaux m\u00eame sensibles, ce soin multi-fonctions : hydrate, redonne de l\u2019\u00e9nergie \u00e0 la peau et\" \/>\r\n<meta property=\"og:url\" content=\"https:\/\/paracherkaoui.ma\/index.php\/produit\/nuxe-men-gel-multi-fonctions-hydratant-50-ml\/\" \/>\r\n<meta property=\"og:site_name\" content=\"Paracherkaoui.ma\" \/>\r\n<meta property=\"article:modified_time\" content=\"2025-12-12T18:27:06+00:00\" \/>\r\n<meta property=\"og:image\" content=\"https:\/\/paracherkaoui.ma\/wp-content\/uploads\/2025\/12\/nuxe-nuxe-men-gel-multi-fonctions-hydratant-50-ml-visage-et-corps.jpg\" \/>\r\n\t<meta property=\"og:image:width\" content=\"700\" \/>\r\n\t<meta property=\"og:image:height\" content=\"700\" \/>\r\n\t<meta property=\"og:image:type\" content=\"image\/jpeg\" \/>\r\n<meta name=\"twitter:card\" content=\"summary_large_image\" \/>\r\n<meta name=\"twitter:label1\" content=\"Dur\u00e9e de lecture estim\u00e9e\" \/>\n\t<meta name=\"twitter:data1\" content=\"1 minute\" \/>\r\n<script type=\"application\/ld+json\" class=\"yoast-schema-graph\">{\"@context\":\"https:\/\/schema.org\",\"@graph\":[{\"@type\":\"WebPage\",\"@id\":\"https:\/\/paracherkaoui.ma\/index.php\/produit\/nuxe-men-gel-multi-fonctions-hydratant-50-ml\/\",\"url\":\"https:\/\/paracherkaoui.ma\/index.php\/produit\/nuxe-men-gel-multi-fonctions-hydratant-50-ml\/\",\"name\":\"NUXE MEN GEL MULTI FONCTIONS HYDRATANT 50 ML - Paracherkaoui.ma\",\"isPartOf\":{\"@id\":\"https:\/\/paracherkaoui.ma\/#website\"},\"primaryImageOfPage\":{\"@id\":\"https:\/\/paracherkaoui.ma\/index.php\/produit\/nuxe-men-gel-multi-fonctions-hydratant-50-ml\/#primaryimage\"},\"image\":{\"@id\":\"https:\/\/paracherkaoui.ma\/index.php\/produit\/nuxe-men-gel-multi-fonctions-hydratant-50-ml\/#primaryimage\"},\"thumbnailUrl\":\"https:\/\/paracherkaoui.ma\/wp-content\/uploads\/2025\/12\/nuxe-nuxe-men-gel-multi-fonctions-hydratant-50-ml-visage-et-corps.jpg\",\"datePublished\":\"2025-12-12T18:27:02+00:00\",\"dateModified\":\"2025-12-12T18:27:06+00:00\",\"breadcrumb\":{\"@id\":\"https:\/\/paracherkaoui.ma\/index.php\/produit\/nuxe-men-gel-multi-fonctions-hydratant-50-ml\/#breadcrumb\"},\"inLanguage\":\"fr-FR\",\"potentialAction\":[{\"@type\":\"ReadAction\",\"target\":[\"https:\/\/paracherkaoui.ma\/index.php\/produit\/nuxe-men-gel-multi-fonctions-hydratant-50-ml\/\"]}]},{\"@type\":\"ImageObject\",\"inLanguage\":\"fr-FR\",\"@id\":\"https:\/\/paracherkaoui.ma\/index.php\/produit\/nuxe-men-gel-multi-fonctions-hydratant-50-ml\/#primaryimage\",\"url\":\"https:\/\/paracherkaoui.ma\/wp-content\/uploads\/2025\/12\/nuxe-nuxe-men-gel-multi-fonctions-hydratant-50-ml-visage-et-corps.jpg\",\"contentUrl\":\"https:\/\/paracherkaoui.ma\/wp-content\/uploads\/2025\/12\/nuxe-nuxe-men-gel-multi-fonctions-hydratant-50-ml-visage-et-corps.jpg\",\"width\":700,\"height\":700},{\"@type\":\"BreadcrumbList\",\"@id\":\"https:\/\/paracherkaoui.ma\/index.php\/produit\/nuxe-men-gel-multi-fonctions-hydratant-50-ml\/#breadcrumb\",\"itemListElement\":[{\"@type\":\"ListItem\",\"position\":1,\"name\":\"Accueil\",\"item\":\"https:\/\/paracherkaoui.ma\/\"},{\"@type\":\"ListItem\",\"position\":2,\"name\":\"Boutique\",\"item\":\"https:\/\/paracherkaoui.ma\/index.php\/boutique\/\"},{\"@type\":\"ListItem\",\"position\":3,\"name\":\"NUXE MEN GEL MULTI FONCTIONS HYDRATANT 50 ML\"}]},{\"@type\":\"WebSite\",\"@id\":\"https:\/\/paracherkaoui.ma\/#website\",\"url\":\"https:\/\/paracherkaoui.ma\/\",\"name\":\"Paracherkaoui.ma\",\"description\":\"Achetez en ligne sur Paracherkaoui.ma\",\"potentialAction\":[{\"@type\":\"SearchAction\",\"target\":{\"@type\":\"EntryPoint\",\"urlTemplate\":\"https:\/\/paracherkaoui.ma\/?s={search_term_string}\"},\"query-input\":{\"@type\":\"PropertyValueSpecification\",\"valueRequired\":true,\"valueName\":\"search_term_string\"}}],\"inLanguage\":\"fr-FR\"}]}<\/script>\r\n<!-- \/ Yoast SEO plugin. -->","yoast_head_json":{"title":"NUXE MEN GEL MULTI FONCTIONS HYDRATANT 50 ML - Paracherkaoui.ma","robots":{"index":"index","follow":"follow","max-snippet":"max-snippet:-1","max-image-preview":"max-image-preview:large","max-video-preview":"max-video-preview:-1"},"canonical":"https:\/\/paracherkaoui.ma\/index.php\/produit\/nuxe-men-gel-multi-fonctions-hydratant-50-ml\/","og_locale":"fr_FR","og_type":"article","og_title":"NUXE MEN GEL MULTI FONCTIONS HYDRATANT 50 ML - Paracherkaoui.ma","og_description":"INDICATIONS : Pour toutes les peaux m\u00eame sensibles, ce soin multi-fonctions : hydrate, redonne de l\u2019\u00e9nergie \u00e0 la peau et","og_url":"https:\/\/paracherkaoui.ma\/index.php\/produit\/nuxe-men-gel-multi-fonctions-hydratant-50-ml\/","og_site_name":"Paracherkaoui.ma","article_modified_time":"2025-12-12T18:27:06+00:00","og_image":[{"width":700,"height":700,"url":"https:\/\/paracherkaoui.ma\/wp-content\/uploads\/2025\/12\/nuxe-nuxe-men-gel-multi-fonctions-hydratant-50-ml-visage-et-corps.jpg","type":"image\/jpeg"}],"twitter_card":"summary_large_image","twitter_misc":{"Dur\u00e9e de lecture estim\u00e9e":"1 minute"},"schema":{"@context":"https:\/\/schema.org","@graph":[{"@type":"WebPage","@id":"https:\/\/paracherkaoui.ma\/index.php\/produit\/nuxe-men-gel-multi-fonctions-hydratant-50-ml\/","url":"https:\/\/paracherkaoui.ma\/index.php\/produit\/nuxe-men-gel-multi-fonctions-hydratant-50-ml\/","name":"NUXE MEN GEL MULTI FONCTIONS HYDRATANT 50 ML - Paracherkaoui.ma","isPartOf":{"@id":"https:\/\/paracherkaoui.ma\/#website"},"primaryImageOfPage":{"@id":"https:\/\/paracherkaoui.ma\/index.php\/produit\/nuxe-men-gel-multi-fonctions-hydratant-50-ml\/#primaryimage"},"image":{"@id":"https:\/\/paracherkaoui.ma\/index.php\/produit\/nuxe-men-gel-multi-fonctions-hydratant-50-ml\/#primaryimage"},"thumbnailUrl":"https:\/\/paracherkaoui.ma\/wp-content\/uploads\/2025\/12\/nuxe-nuxe-men-gel-multi-fonctions-hydratant-50-ml-visage-et-corps.jpg","datePublished":"2025-12-12T18:27:02+00:00","dateModified":"2025-12-12T18:27:06+00:00","breadcrumb":{"@id":"https:\/\/paracherkaoui.ma\/index.php\/produit\/nuxe-men-gel-multi-fonctions-hydratant-50-ml\/#breadcrumb"},"inLanguage":"fr-FR","potentialAction":[{"@type":"ReadAction","target":["https:\/\/paracherkaoui.ma\/index.php\/produit\/nuxe-men-gel-multi-fonctions-hydratant-50-ml\/"]}]},{"@type":"ImageObject","inLanguage":"fr-FR","@id":"https:\/\/paracherkaoui.ma\/index.php\/produit\/nuxe-men-gel-multi-fonctions-hydratant-50-ml\/#primaryimage","url":"https:\/\/paracherkaoui.ma\/wp-content\/uploads\/2025\/12\/nuxe-nuxe-men-gel-multi-fonctions-hydratant-50-ml-visage-et-corps.jpg","contentUrl":"https:\/\/paracherkaoui.ma\/wp-content\/uploads\/2025\/12\/nuxe-nuxe-men-gel-multi-fonctions-hydratant-50-ml-visage-et-corps.jpg","width":700,"height":700},{"@type":"BreadcrumbList","@id":"https:\/\/paracherkaoui.ma\/index.php\/produit\/nuxe-men-gel-multi-fonctions-hydratant-50-ml\/#breadcrumb","itemListElement":[{"@type":"ListItem","position":1,"name":"Accueil","item":"https:\/\/paracherkaoui.ma\/"},{"@type":"ListItem","position":2,"name":"Boutique","item":"https:\/\/paracherkaoui.ma\/index.php\/boutique\/"},{"@type":"ListItem","position":3,"name":"NUXE MEN GEL MULTI FONCTIONS HYDRATANT 50 ML"}]},{"@type":"WebSite","@id":"https:\/\/paracherkaoui.ma\/#website","url":"https:\/\/paracherkaoui.ma\/","name":"Paracherkaoui.ma","description":"Achetez en ligne sur Paracherkaoui.ma","potentialAction":[{"@type":"SearchAction","target":{"@type":"EntryPoint","urlTemplate":"https:\/\/paracherkaoui.ma\/?s={search_term_string}"},"query-input":{"@type":"PropertyValueSpecification","valueRequired":true,"valueName":"search_term_string"}}],"inLanguage":"fr-FR"}]}},"_links":{"self":[{"href":"https:\/\/paracherkaoui.ma\/index.php\/wp-json\/wp\/v2\/product\/48350","targetHints":{"allow":["GET"]}}],"collection":[{"href":"https:\/\/paracherkaoui.ma\/index.php\/wp-json\/wp\/v2\/product"}],"about":[{"href":"https:\/\/paracherkaoui.ma\/index.php\/wp-json\/wp\/v2\/types\/product"}],"replies":[{"embeddable":true,"href":"https:\/\/paracherkaoui.ma\/index.php\/wp-json\/wp\/v2\/comments?post=48350"}],"version-history":[{"count":1,"href":"https:\/\/paracherkaoui.ma\/index.php\/wp-json\/wp\/v2\/product\/48350\/revisions"}],"predecessor-version":[{"id":48384,"href":"https:\/\/paracherkaoui.ma\/index.php\/wp-json\/wp\/v2\/product\/48350\/revisions\/48384"}],"wp:featuredmedia":[{"embeddable":true,"href":"https:\/\/paracherkaoui.ma\/index.php\/wp-json\/wp\/v2\/media\/48383"}],"wp:attachment":[{"href":"https:\/\/paracherkaoui.ma\/index.php\/wp-json\/wp\/v2\/media?parent=48350"}],"wp:term":[{"taxonomy":"product_brand","embeddable":true,"href":"https:\/\/paracherkaoui.ma\/index.php\/wp-json\/wp\/v2\/product_brand?post=48350"},{"taxonomy":"product_cat","embeddable":true,"href":"https:\/\/paracherkaoui.ma\/index.php\/wp-json\/wp\/v2\/product_cat?post=48350"},{"taxonomy":"product_tag","embeddable":true,"href":"https:\/\/paracherkaoui.ma\/index.php\/wp-json\/wp\/v2\/product_tag?post=48350"}],"curies":[{"name":"wp","href":"https:\/\/api.w.org\/{rel}","templated":true}]}}