{"id":48277,"date":"2025-12-12T19:26:53","date_gmt":"2025-12-12T18:26:53","guid":{"rendered":"https:\/\/test.ecbeaute.com\/?post_type=product&#038;p=48277"},"modified":"2025-12-12T19:26:56","modified_gmt":"2025-12-12T18:26:56","slug":"forte-pharma-offre-expert-cheveux-levure-de-biere-56-comprimes-expert-cheveux-28-comprimes-offert","status":"publish","type":"product","link":"https:\/\/paracherkaoui.ma\/index.php\/produit\/forte-pharma-offre-expert-cheveux-levure-de-biere-56-comprimes-expert-cheveux-28-comprimes-offert\/","title":{"rendered":"FORTE PHARMA OFFRE EXPERT CHEVEUX LEVURE DE BIERE 56 COMPRIMES + EXPERT CHEVEUX 28 COMPRIMES OFFERT"},"content":{"rendered":"<p>Prenez soin de vos cheveux, ongles et peau gr\u00e2ce \u00e0 Fort\u00e9 Pharma Expert Levure de Bi\u00e8re ! Cette formule hautement dos\u00e9e associe les bienfaits naturels de la levure de bi\u00e8re, riche en vitamines B et en prot\u00e9ines, \u00e0 des actifs essentiels comme la vitamine B8 et le zinc. Connue depuis des mill\u00e9naires pour ses vertus nutritives, la levure de bi\u00e8re est une alli\u00e9e pr\u00e9cieuse pour fortifier les cheveux, embellir la peau et renforcer les ongles.<br \/>\nChaque comprim\u00e9 contient une dose optimis\u00e9e de Saccharomyces cerevisiae, apportant pas moins de 7 vitamines B, indispensables au bon fonctionnement de vos phan\u00e8res. La vitamine B8 favorise des cheveux plus sains et une peau \u00e9clatante, tandis que le zinc prot\u00e8ge vos cellules contre le stress oxydatif et soutient la solidit\u00e9 des ongles. Que vos cheveux manquent de vitalit\u00e9 ou que vos ongles soient fragiles, cette solution compl\u00e8te aide \u00e0 revitaliser vos phan\u00e8res et \u00e0 restaurer leur \u00e9clat naturel.<br \/>\nFaciles \u00e0 int\u00e9grer dans votre routine quotidienne, ces comprim\u00e9s repr\u00e9sentent une solution efficace pour une beaut\u00e9 renforc\u00e9e de l\u2019int\u00e9rieur. Donnez \u00e0 vos cheveux et ongles l\u2019attention qu\u2019ils m\u00e9ritent avec Fort\u00e9 Pharma Expert Levure de Bi\u00e8re !<br \/>\nConseils d\u2019utilisation :<br \/>\nPrenez 2 comprim\u00e9s par jour, de pr\u00e9f\u00e9rence pendant les repas, avec un grand verre d\u2019eau.<br \/>\nSuivez une cure de 28 jours renouvelable pour des r\u00e9sultats optimaux.<\/p>\n","protected":false},"excerpt":{"rendered":"<p>Prenez soin de vos cheveux, ongles et peau gr\u00e2ce \u00e0 Fort\u00e9 Pharma Expert Levure de Bi\u00e8re ! Cette formule hautement<\/p>\n","protected":false},"featured_media":48314,"comment_status":"open","ping_status":"closed","template":"","meta":[],"product_brand":[684],"product_cat":[858],"product_tag":[],"class_list":{"0":"post-48277","1":"product","2":"type-product","3":"status-publish","4":"has-post-thumbnail","6":"product_brand-forte-pharma","7":"product_cat-les-bons-deals","9":"first","10":"instock","11":"sale","12":"shipping-taxable","13":"purchasable","14":"product-type-simple"},"yoast_head":"<!-- This site is optimized with the Yoast SEO plugin v26.6 - https:\/\/yoast.com\/wordpress\/plugins\/seo\/ -->\r\n<title>FORTE PHARMA OFFRE EXPERT CHEVEUX LEVURE DE BIERE 56 COMPRIMES + EXPERT CHEVEUX 28 COMPRIMES OFFERT - Paracherkaoui.ma<\/title>\r\n<meta name=\"robots\" content=\"index, follow, max-snippet:-1, max-image-preview:large, max-video-preview:-1\" \/>\r\n<link rel=\"canonical\" href=\"https:\/\/paracherkaoui.ma\/index.php\/produit\/forte-pharma-offre-expert-cheveux-levure-de-biere-56-comprimes-expert-cheveux-28-comprimes-offert\/\" \/>\r\n<meta property=\"og:locale\" content=\"fr_FR\" \/>\r\n<meta property=\"og:type\" content=\"article\" \/>\r\n<meta property=\"og:title\" content=\"FORTE PHARMA OFFRE EXPERT CHEVEUX LEVURE DE BIERE 56 COMPRIMES + EXPERT CHEVEUX 28 COMPRIMES OFFERT - Paracherkaoui.ma\" \/>\r\n<meta property=\"og:description\" content=\"Prenez soin de vos cheveux, ongles et peau gr\u00e2ce \u00e0 Fort\u00e9 Pharma Expert Levure de Bi\u00e8re ! Cette formule hautement\" \/>\r\n<meta property=\"og:url\" content=\"https:\/\/paracherkaoui.ma\/index.php\/produit\/forte-pharma-offre-expert-cheveux-levure-de-biere-56-comprimes-expert-cheveux-28-comprimes-offert\/\" \/>\r\n<meta property=\"og:site_name\" content=\"Paracherkaoui.ma\" \/>\r\n<meta property=\"article:modified_time\" content=\"2025-12-12T18:26:56+00:00\" \/>\r\n<meta property=\"og:image\" content=\"https:\/\/paracherkaoui.ma\/wp-content\/uploads\/2025\/12\/forte-pharma-offre-expert-cheveux-levure-de-biere-56-comprimes-expert-cheveux-28-comprimes-offert.jpg\" \/>\r\n\t<meta property=\"og:image:width\" content=\"700\" \/>\r\n\t<meta property=\"og:image:height\" content=\"700\" \/>\r\n\t<meta property=\"og:image:type\" content=\"image\/jpeg\" \/>\r\n<meta name=\"twitter:card\" content=\"summary_large_image\" \/>\r\n<meta name=\"twitter:label1\" content=\"Dur\u00e9e de lecture estim\u00e9e\" \/>\n\t<meta name=\"twitter:data1\" content=\"1 minute\" \/>\r\n<script type=\"application\/ld+json\" class=\"yoast-schema-graph\">{\"@context\":\"https:\/\/schema.org\",\"@graph\":[{\"@type\":\"WebPage\",\"@id\":\"https:\/\/paracherkaoui.ma\/index.php\/produit\/forte-pharma-offre-expert-cheveux-levure-de-biere-56-comprimes-expert-cheveux-28-comprimes-offert\/\",\"url\":\"https:\/\/paracherkaoui.ma\/index.php\/produit\/forte-pharma-offre-expert-cheveux-levure-de-biere-56-comprimes-expert-cheveux-28-comprimes-offert\/\",\"name\":\"FORTE PHARMA OFFRE EXPERT CHEVEUX LEVURE DE BIERE 56 COMPRIMES + EXPERT CHEVEUX 28 COMPRIMES OFFERT - Paracherkaoui.ma\",\"isPartOf\":{\"@id\":\"https:\/\/paracherkaoui.ma\/#website\"},\"primaryImageOfPage\":{\"@id\":\"https:\/\/paracherkaoui.ma\/index.php\/produit\/forte-pharma-offre-expert-cheveux-levure-de-biere-56-comprimes-expert-cheveux-28-comprimes-offert\/#primaryimage\"},\"image\":{\"@id\":\"https:\/\/paracherkaoui.ma\/index.php\/produit\/forte-pharma-offre-expert-cheveux-levure-de-biere-56-comprimes-expert-cheveux-28-comprimes-offert\/#primaryimage\"},\"thumbnailUrl\":\"https:\/\/paracherkaoui.ma\/wp-content\/uploads\/2025\/12\/forte-pharma-offre-expert-cheveux-levure-de-biere-56-comprimes-expert-cheveux-28-comprimes-offert.jpg\",\"datePublished\":\"2025-12-12T18:26:53+00:00\",\"dateModified\":\"2025-12-12T18:26:56+00:00\",\"breadcrumb\":{\"@id\":\"https:\/\/paracherkaoui.ma\/index.php\/produit\/forte-pharma-offre-expert-cheveux-levure-de-biere-56-comprimes-expert-cheveux-28-comprimes-offert\/#breadcrumb\"},\"inLanguage\":\"fr-FR\",\"potentialAction\":[{\"@type\":\"ReadAction\",\"target\":[\"https:\/\/paracherkaoui.ma\/index.php\/produit\/forte-pharma-offre-expert-cheveux-levure-de-biere-56-comprimes-expert-cheveux-28-comprimes-offert\/\"]}]},{\"@type\":\"ImageObject\",\"inLanguage\":\"fr-FR\",\"@id\":\"https:\/\/paracherkaoui.ma\/index.php\/produit\/forte-pharma-offre-expert-cheveux-levure-de-biere-56-comprimes-expert-cheveux-28-comprimes-offert\/#primaryimage\",\"url\":\"https:\/\/paracherkaoui.ma\/wp-content\/uploads\/2025\/12\/forte-pharma-offre-expert-cheveux-levure-de-biere-56-comprimes-expert-cheveux-28-comprimes-offert.jpg\",\"contentUrl\":\"https:\/\/paracherkaoui.ma\/wp-content\/uploads\/2025\/12\/forte-pharma-offre-expert-cheveux-levure-de-biere-56-comprimes-expert-cheveux-28-comprimes-offert.jpg\",\"width\":700,\"height\":700},{\"@type\":\"BreadcrumbList\",\"@id\":\"https:\/\/paracherkaoui.ma\/index.php\/produit\/forte-pharma-offre-expert-cheveux-levure-de-biere-56-comprimes-expert-cheveux-28-comprimes-offert\/#breadcrumb\",\"itemListElement\":[{\"@type\":\"ListItem\",\"position\":1,\"name\":\"Accueil\",\"item\":\"https:\/\/paracherkaoui.ma\/\"},{\"@type\":\"ListItem\",\"position\":2,\"name\":\"Boutique\",\"item\":\"https:\/\/paracherkaoui.ma\/index.php\/boutique\/\"},{\"@type\":\"ListItem\",\"position\":3,\"name\":\"FORTE PHARMA OFFRE EXPERT CHEVEUX LEVURE DE BIERE 56 COMPRIMES + EXPERT CHEVEUX 28 COMPRIMES OFFERT\"}]},{\"@type\":\"WebSite\",\"@id\":\"https:\/\/paracherkaoui.ma\/#website\",\"url\":\"https:\/\/paracherkaoui.ma\/\",\"name\":\"Paracherkaoui.ma\",\"description\":\"Achetez en ligne sur Paracherkaoui.ma\",\"potentialAction\":[{\"@type\":\"SearchAction\",\"target\":{\"@type\":\"EntryPoint\",\"urlTemplate\":\"https:\/\/paracherkaoui.ma\/?s={search_term_string}\"},\"query-input\":{\"@type\":\"PropertyValueSpecification\",\"valueRequired\":true,\"valueName\":\"search_term_string\"}}],\"inLanguage\":\"fr-FR\"}]}<\/script>\r\n<!-- \/ Yoast SEO plugin. -->","yoast_head_json":{"title":"FORTE PHARMA OFFRE EXPERT CHEVEUX LEVURE DE BIERE 56 COMPRIMES + EXPERT CHEVEUX 28 COMPRIMES OFFERT - Paracherkaoui.ma","robots":{"index":"index","follow":"follow","max-snippet":"max-snippet:-1","max-image-preview":"max-image-preview:large","max-video-preview":"max-video-preview:-1"},"canonical":"https:\/\/paracherkaoui.ma\/index.php\/produit\/forte-pharma-offre-expert-cheveux-levure-de-biere-56-comprimes-expert-cheveux-28-comprimes-offert\/","og_locale":"fr_FR","og_type":"article","og_title":"FORTE PHARMA OFFRE EXPERT CHEVEUX LEVURE DE BIERE 56 COMPRIMES + EXPERT CHEVEUX 28 COMPRIMES OFFERT - Paracherkaoui.ma","og_description":"Prenez soin de vos cheveux, ongles et peau gr\u00e2ce \u00e0 Fort\u00e9 Pharma Expert Levure de Bi\u00e8re ! Cette formule hautement","og_url":"https:\/\/paracherkaoui.ma\/index.php\/produit\/forte-pharma-offre-expert-cheveux-levure-de-biere-56-comprimes-expert-cheveux-28-comprimes-offert\/","og_site_name":"Paracherkaoui.ma","article_modified_time":"2025-12-12T18:26:56+00:00","og_image":[{"width":700,"height":700,"url":"https:\/\/paracherkaoui.ma\/wp-content\/uploads\/2025\/12\/forte-pharma-offre-expert-cheveux-levure-de-biere-56-comprimes-expert-cheveux-28-comprimes-offert.jpg","type":"image\/jpeg"}],"twitter_card":"summary_large_image","twitter_misc":{"Dur\u00e9e de lecture estim\u00e9e":"1 minute"},"schema":{"@context":"https:\/\/schema.org","@graph":[{"@type":"WebPage","@id":"https:\/\/paracherkaoui.ma\/index.php\/produit\/forte-pharma-offre-expert-cheveux-levure-de-biere-56-comprimes-expert-cheveux-28-comprimes-offert\/","url":"https:\/\/paracherkaoui.ma\/index.php\/produit\/forte-pharma-offre-expert-cheveux-levure-de-biere-56-comprimes-expert-cheveux-28-comprimes-offert\/","name":"FORTE PHARMA OFFRE EXPERT CHEVEUX LEVURE DE BIERE 56 COMPRIMES + EXPERT CHEVEUX 28 COMPRIMES OFFERT - Paracherkaoui.ma","isPartOf":{"@id":"https:\/\/paracherkaoui.ma\/#website"},"primaryImageOfPage":{"@id":"https:\/\/paracherkaoui.ma\/index.php\/produit\/forte-pharma-offre-expert-cheveux-levure-de-biere-56-comprimes-expert-cheveux-28-comprimes-offert\/#primaryimage"},"image":{"@id":"https:\/\/paracherkaoui.ma\/index.php\/produit\/forte-pharma-offre-expert-cheveux-levure-de-biere-56-comprimes-expert-cheveux-28-comprimes-offert\/#primaryimage"},"thumbnailUrl":"https:\/\/paracherkaoui.ma\/wp-content\/uploads\/2025\/12\/forte-pharma-offre-expert-cheveux-levure-de-biere-56-comprimes-expert-cheveux-28-comprimes-offert.jpg","datePublished":"2025-12-12T18:26:53+00:00","dateModified":"2025-12-12T18:26:56+00:00","breadcrumb":{"@id":"https:\/\/paracherkaoui.ma\/index.php\/produit\/forte-pharma-offre-expert-cheveux-levure-de-biere-56-comprimes-expert-cheveux-28-comprimes-offert\/#breadcrumb"},"inLanguage":"fr-FR","potentialAction":[{"@type":"ReadAction","target":["https:\/\/paracherkaoui.ma\/index.php\/produit\/forte-pharma-offre-expert-cheveux-levure-de-biere-56-comprimes-expert-cheveux-28-comprimes-offert\/"]}]},{"@type":"ImageObject","inLanguage":"fr-FR","@id":"https:\/\/paracherkaoui.ma\/index.php\/produit\/forte-pharma-offre-expert-cheveux-levure-de-biere-56-comprimes-expert-cheveux-28-comprimes-offert\/#primaryimage","url":"https:\/\/paracherkaoui.ma\/wp-content\/uploads\/2025\/12\/forte-pharma-offre-expert-cheveux-levure-de-biere-56-comprimes-expert-cheveux-28-comprimes-offert.jpg","contentUrl":"https:\/\/paracherkaoui.ma\/wp-content\/uploads\/2025\/12\/forte-pharma-offre-expert-cheveux-levure-de-biere-56-comprimes-expert-cheveux-28-comprimes-offert.jpg","width":700,"height":700},{"@type":"BreadcrumbList","@id":"https:\/\/paracherkaoui.ma\/index.php\/produit\/forte-pharma-offre-expert-cheveux-levure-de-biere-56-comprimes-expert-cheveux-28-comprimes-offert\/#breadcrumb","itemListElement":[{"@type":"ListItem","position":1,"name":"Accueil","item":"https:\/\/paracherkaoui.ma\/"},{"@type":"ListItem","position":2,"name":"Boutique","item":"https:\/\/paracherkaoui.ma\/index.php\/boutique\/"},{"@type":"ListItem","position":3,"name":"FORTE PHARMA OFFRE EXPERT CHEVEUX LEVURE DE BIERE 56 COMPRIMES + EXPERT CHEVEUX 28 COMPRIMES OFFERT"}]},{"@type":"WebSite","@id":"https:\/\/paracherkaoui.ma\/#website","url":"https:\/\/paracherkaoui.ma\/","name":"Paracherkaoui.ma","description":"Achetez en ligne sur Paracherkaoui.ma","potentialAction":[{"@type":"SearchAction","target":{"@type":"EntryPoint","urlTemplate":"https:\/\/paracherkaoui.ma\/?s={search_term_string}"},"query-input":{"@type":"PropertyValueSpecification","valueRequired":true,"valueName":"search_term_string"}}],"inLanguage":"fr-FR"}]}},"_links":{"self":[{"href":"https:\/\/paracherkaoui.ma\/index.php\/wp-json\/wp\/v2\/product\/48277","targetHints":{"allow":["GET"]}}],"collection":[{"href":"https:\/\/paracherkaoui.ma\/index.php\/wp-json\/wp\/v2\/product"}],"about":[{"href":"https:\/\/paracherkaoui.ma\/index.php\/wp-json\/wp\/v2\/types\/product"}],"replies":[{"embeddable":true,"href":"https:\/\/paracherkaoui.ma\/index.php\/wp-json\/wp\/v2\/comments?post=48277"}],"version-history":[{"count":1,"href":"https:\/\/paracherkaoui.ma\/index.php\/wp-json\/wp\/v2\/product\/48277\/revisions"}],"predecessor-version":[{"id":48315,"href":"https:\/\/paracherkaoui.ma\/index.php\/wp-json\/wp\/v2\/product\/48277\/revisions\/48315"}],"wp:featuredmedia":[{"embeddable":true,"href":"https:\/\/paracherkaoui.ma\/index.php\/wp-json\/wp\/v2\/media\/48314"}],"wp:attachment":[{"href":"https:\/\/paracherkaoui.ma\/index.php\/wp-json\/wp\/v2\/media?parent=48277"}],"wp:term":[{"taxonomy":"product_brand","embeddable":true,"href":"https:\/\/paracherkaoui.ma\/index.php\/wp-json\/wp\/v2\/product_brand?post=48277"},{"taxonomy":"product_cat","embeddable":true,"href":"https:\/\/paracherkaoui.ma\/index.php\/wp-json\/wp\/v2\/product_cat?post=48277"},{"taxonomy":"product_tag","embeddable":true,"href":"https:\/\/paracherkaoui.ma\/index.php\/wp-json\/wp\/v2\/product_tag?post=48277"}],"curies":[{"name":"wp","href":"https:\/\/api.w.org\/{rel}","templated":true}]}}