{"id":48276,"date":"2025-12-12T19:26:53","date_gmt":"2025-12-12T18:26:53","guid":{"rendered":"https:\/\/test.ecbeaute.com\/?post_type=product&#038;p=48276"},"modified":"2025-12-12T19:26:56","modified_gmt":"2025-12-12T18:26:56","slug":"forte-pharma-offre-2-expert-hyaluronic-intense-achete-1-offerte","status":"publish","type":"product","link":"https:\/\/paracherkaoui.ma\/index.php\/produit\/forte-pharma-offre-2-expert-hyaluronic-intense-achete-1-offerte\/","title":{"rendered":"FORTE PHARMA OFFRE 2 EXPERT HYALURONIC INTENSE ACHETE 1 OFFERTE"},"content":{"rendered":"<p>Fort\u00e9 Pharma Expert Hyaluronic Intense est un compl\u00e9ment anti-\u00e2ge r\u00e9volutionnaire, con\u00e7u pour revitaliser la peau en profondeur et lui redonner toute sa souplesse et son \u00e9clat. Avec sa concentration puissante de 300 mg d\u2019acide hyaluronique, il offre une hydratation optimale qui contribue \u00e0 repulper la peau et \u00e0 att\u00e9nuer visiblement les signes de vieillissement. Enrichi en vitamines A, C, et E ainsi qu\u2019en s\u00e9l\u00e9nium, ce suppl\u00e9ment fournit des antioxydants essentiels qui prot\u00e8gent la peau des agressions ext\u00e9rieures et pr\u00e9viennent la formation des rides et ridules. Les vitamines A et C jouent un r\u00f4le cl\u00e9 dans la r\u00e9g\u00e9n\u00e9ration cellulaire et l\u2019\u00e9clat du teint, tandis que la vitamine E et le s\u00e9l\u00e9nium agissent ensemble pour renforcer les d\u00e9fenses naturelles de la peau.<br \/>\nAvec Expert Hyaluronic Intense, la peau est non seulement plus ferme et rebondie, mais elle retrouve \u00e9galement une texture douce et uniforme. Id\u00e9al pour les personnes souhaitant pr\u00e9server la jeunesse de leur peau, ce compl\u00e9ment alimentaire soutient le renouvellement des cellules cutan\u00e9es et aide \u00e0 lutter contre le rel\u00e2chement cutan\u00e9. Gr\u00e2ce \u00e0 une prise quotidienne, vous b\u00e9n\u00e9ficiez d\u2019un soin complet qui agit de l\u2019int\u00e9rieur pour un effet repulpant visible.<br \/>\nConseils d\u2019utilisation :<br \/>\nPrenez une g\u00e9lule d\u2019Expert Hyaluronic Intense par jour, de pr\u00e9f\u00e9rence avec un verre d\u2019eau au cours d\u2019un repas. Pour des r\u00e9sultats optimaux, utilisez ce compl\u00e9ment en cure continue de plusieurs semaines. Il est recommand\u00e9 de consulter un professionnel de sant\u00e9 avant de commencer si vous suivez un autre traitement.<\/p>\n","protected":false},"excerpt":{"rendered":"<p>Fort\u00e9 Pharma Expert Hyaluronic Intense est un compl\u00e9ment anti-\u00e2ge r\u00e9volutionnaire, con\u00e7u pour revitaliser la peau en profondeur et lui redonner<\/p>\n","protected":false},"featured_media":48312,"comment_status":"open","ping_status":"closed","template":"","meta":[],"product_brand":[684],"product_cat":[858],"product_tag":[],"class_list":{"0":"post-48276","1":"product","2":"type-product","3":"status-publish","4":"has-post-thumbnail","6":"product_brand-forte-pharma","7":"product_cat-les-bons-deals","9":"first","10":"instock","11":"sale","12":"shipping-taxable","13":"purchasable","14":"product-type-simple"},"yoast_head":"<!-- This site is optimized with the Yoast SEO plugin v26.6 - https:\/\/yoast.com\/wordpress\/plugins\/seo\/ -->\r\n<title>FORTE PHARMA OFFRE 2 EXPERT HYALURONIC INTENSE ACHETE 1 OFFERTE - Paracherkaoui.ma<\/title>\r\n<meta name=\"robots\" content=\"index, follow, max-snippet:-1, max-image-preview:large, max-video-preview:-1\" \/>\r\n<link rel=\"canonical\" href=\"https:\/\/paracherkaoui.ma\/index.php\/produit\/forte-pharma-offre-2-expert-hyaluronic-intense-achete-1-offerte\/\" \/>\r\n<meta property=\"og:locale\" content=\"fr_FR\" \/>\r\n<meta property=\"og:type\" content=\"article\" \/>\r\n<meta property=\"og:title\" content=\"FORTE PHARMA OFFRE 2 EXPERT HYALURONIC INTENSE ACHETE 1 OFFERTE - Paracherkaoui.ma\" \/>\r\n<meta property=\"og:description\" content=\"Fort\u00e9 Pharma Expert Hyaluronic Intense est un compl\u00e9ment anti-\u00e2ge r\u00e9volutionnaire, con\u00e7u pour revitaliser la peau en profondeur et lui redonner\" \/>\r\n<meta property=\"og:url\" content=\"https:\/\/paracherkaoui.ma\/index.php\/produit\/forte-pharma-offre-2-expert-hyaluronic-intense-achete-1-offerte\/\" \/>\r\n<meta property=\"og:site_name\" content=\"Paracherkaoui.ma\" \/>\r\n<meta property=\"article:modified_time\" content=\"2025-12-12T18:26:56+00:00\" \/>\r\n<meta property=\"og:image\" content=\"https:\/\/paracherkaoui.ma\/wp-content\/uploads\/2025\/12\/forte-pharma-offre-2-expert-hyaluronic-intense-achete-1-offerte.jpg\" \/>\r\n\t<meta property=\"og:image:width\" content=\"700\" \/>\r\n\t<meta property=\"og:image:height\" content=\"700\" \/>\r\n\t<meta property=\"og:image:type\" content=\"image\/jpeg\" \/>\r\n<meta name=\"twitter:card\" content=\"summary_large_image\" \/>\r\n<meta name=\"twitter:label1\" content=\"Dur\u00e9e de lecture estim\u00e9e\" \/>\n\t<meta name=\"twitter:data1\" content=\"1 minute\" \/>\r\n<script type=\"application\/ld+json\" class=\"yoast-schema-graph\">{\"@context\":\"https:\/\/schema.org\",\"@graph\":[{\"@type\":\"WebPage\",\"@id\":\"https:\/\/paracherkaoui.ma\/index.php\/produit\/forte-pharma-offre-2-expert-hyaluronic-intense-achete-1-offerte\/\",\"url\":\"https:\/\/paracherkaoui.ma\/index.php\/produit\/forte-pharma-offre-2-expert-hyaluronic-intense-achete-1-offerte\/\",\"name\":\"FORTE PHARMA OFFRE 2 EXPERT HYALURONIC INTENSE ACHETE 1 OFFERTE - Paracherkaoui.ma\",\"isPartOf\":{\"@id\":\"https:\/\/paracherkaoui.ma\/#website\"},\"primaryImageOfPage\":{\"@id\":\"https:\/\/paracherkaoui.ma\/index.php\/produit\/forte-pharma-offre-2-expert-hyaluronic-intense-achete-1-offerte\/#primaryimage\"},\"image\":{\"@id\":\"https:\/\/paracherkaoui.ma\/index.php\/produit\/forte-pharma-offre-2-expert-hyaluronic-intense-achete-1-offerte\/#primaryimage\"},\"thumbnailUrl\":\"https:\/\/paracherkaoui.ma\/wp-content\/uploads\/2025\/12\/forte-pharma-offre-2-expert-hyaluronic-intense-achete-1-offerte.jpg\",\"datePublished\":\"2025-12-12T18:26:53+00:00\",\"dateModified\":\"2025-12-12T18:26:56+00:00\",\"breadcrumb\":{\"@id\":\"https:\/\/paracherkaoui.ma\/index.php\/produit\/forte-pharma-offre-2-expert-hyaluronic-intense-achete-1-offerte\/#breadcrumb\"},\"inLanguage\":\"fr-FR\",\"potentialAction\":[{\"@type\":\"ReadAction\",\"target\":[\"https:\/\/paracherkaoui.ma\/index.php\/produit\/forte-pharma-offre-2-expert-hyaluronic-intense-achete-1-offerte\/\"]}]},{\"@type\":\"ImageObject\",\"inLanguage\":\"fr-FR\",\"@id\":\"https:\/\/paracherkaoui.ma\/index.php\/produit\/forte-pharma-offre-2-expert-hyaluronic-intense-achete-1-offerte\/#primaryimage\",\"url\":\"https:\/\/paracherkaoui.ma\/wp-content\/uploads\/2025\/12\/forte-pharma-offre-2-expert-hyaluronic-intense-achete-1-offerte.jpg\",\"contentUrl\":\"https:\/\/paracherkaoui.ma\/wp-content\/uploads\/2025\/12\/forte-pharma-offre-2-expert-hyaluronic-intense-achete-1-offerte.jpg\",\"width\":700,\"height\":700},{\"@type\":\"BreadcrumbList\",\"@id\":\"https:\/\/paracherkaoui.ma\/index.php\/produit\/forte-pharma-offre-2-expert-hyaluronic-intense-achete-1-offerte\/#breadcrumb\",\"itemListElement\":[{\"@type\":\"ListItem\",\"position\":1,\"name\":\"Accueil\",\"item\":\"https:\/\/paracherkaoui.ma\/\"},{\"@type\":\"ListItem\",\"position\":2,\"name\":\"Boutique\",\"item\":\"https:\/\/paracherkaoui.ma\/index.php\/boutique\/\"},{\"@type\":\"ListItem\",\"position\":3,\"name\":\"FORTE PHARMA OFFRE 2 EXPERT HYALURONIC INTENSE ACHETE 1 OFFERTE\"}]},{\"@type\":\"WebSite\",\"@id\":\"https:\/\/paracherkaoui.ma\/#website\",\"url\":\"https:\/\/paracherkaoui.ma\/\",\"name\":\"Paracherkaoui.ma\",\"description\":\"Achetez en ligne sur Paracherkaoui.ma\",\"potentialAction\":[{\"@type\":\"SearchAction\",\"target\":{\"@type\":\"EntryPoint\",\"urlTemplate\":\"https:\/\/paracherkaoui.ma\/?s={search_term_string}\"},\"query-input\":{\"@type\":\"PropertyValueSpecification\",\"valueRequired\":true,\"valueName\":\"search_term_string\"}}],\"inLanguage\":\"fr-FR\"}]}<\/script>\r\n<!-- \/ Yoast SEO plugin. -->","yoast_head_json":{"title":"FORTE PHARMA OFFRE 2 EXPERT HYALURONIC INTENSE ACHETE 1 OFFERTE - Paracherkaoui.ma","robots":{"index":"index","follow":"follow","max-snippet":"max-snippet:-1","max-image-preview":"max-image-preview:large","max-video-preview":"max-video-preview:-1"},"canonical":"https:\/\/paracherkaoui.ma\/index.php\/produit\/forte-pharma-offre-2-expert-hyaluronic-intense-achete-1-offerte\/","og_locale":"fr_FR","og_type":"article","og_title":"FORTE PHARMA OFFRE 2 EXPERT HYALURONIC INTENSE ACHETE 1 OFFERTE - Paracherkaoui.ma","og_description":"Fort\u00e9 Pharma Expert Hyaluronic Intense est un compl\u00e9ment anti-\u00e2ge r\u00e9volutionnaire, con\u00e7u pour revitaliser la peau en profondeur et lui redonner","og_url":"https:\/\/paracherkaoui.ma\/index.php\/produit\/forte-pharma-offre-2-expert-hyaluronic-intense-achete-1-offerte\/","og_site_name":"Paracherkaoui.ma","article_modified_time":"2025-12-12T18:26:56+00:00","og_image":[{"width":700,"height":700,"url":"https:\/\/paracherkaoui.ma\/wp-content\/uploads\/2025\/12\/forte-pharma-offre-2-expert-hyaluronic-intense-achete-1-offerte.jpg","type":"image\/jpeg"}],"twitter_card":"summary_large_image","twitter_misc":{"Dur\u00e9e de lecture estim\u00e9e":"1 minute"},"schema":{"@context":"https:\/\/schema.org","@graph":[{"@type":"WebPage","@id":"https:\/\/paracherkaoui.ma\/index.php\/produit\/forte-pharma-offre-2-expert-hyaluronic-intense-achete-1-offerte\/","url":"https:\/\/paracherkaoui.ma\/index.php\/produit\/forte-pharma-offre-2-expert-hyaluronic-intense-achete-1-offerte\/","name":"FORTE PHARMA OFFRE 2 EXPERT HYALURONIC INTENSE ACHETE 1 OFFERTE - Paracherkaoui.ma","isPartOf":{"@id":"https:\/\/paracherkaoui.ma\/#website"},"primaryImageOfPage":{"@id":"https:\/\/paracherkaoui.ma\/index.php\/produit\/forte-pharma-offre-2-expert-hyaluronic-intense-achete-1-offerte\/#primaryimage"},"image":{"@id":"https:\/\/paracherkaoui.ma\/index.php\/produit\/forte-pharma-offre-2-expert-hyaluronic-intense-achete-1-offerte\/#primaryimage"},"thumbnailUrl":"https:\/\/paracherkaoui.ma\/wp-content\/uploads\/2025\/12\/forte-pharma-offre-2-expert-hyaluronic-intense-achete-1-offerte.jpg","datePublished":"2025-12-12T18:26:53+00:00","dateModified":"2025-12-12T18:26:56+00:00","breadcrumb":{"@id":"https:\/\/paracherkaoui.ma\/index.php\/produit\/forte-pharma-offre-2-expert-hyaluronic-intense-achete-1-offerte\/#breadcrumb"},"inLanguage":"fr-FR","potentialAction":[{"@type":"ReadAction","target":["https:\/\/paracherkaoui.ma\/index.php\/produit\/forte-pharma-offre-2-expert-hyaluronic-intense-achete-1-offerte\/"]}]},{"@type":"ImageObject","inLanguage":"fr-FR","@id":"https:\/\/paracherkaoui.ma\/index.php\/produit\/forte-pharma-offre-2-expert-hyaluronic-intense-achete-1-offerte\/#primaryimage","url":"https:\/\/paracherkaoui.ma\/wp-content\/uploads\/2025\/12\/forte-pharma-offre-2-expert-hyaluronic-intense-achete-1-offerte.jpg","contentUrl":"https:\/\/paracherkaoui.ma\/wp-content\/uploads\/2025\/12\/forte-pharma-offre-2-expert-hyaluronic-intense-achete-1-offerte.jpg","width":700,"height":700},{"@type":"BreadcrumbList","@id":"https:\/\/paracherkaoui.ma\/index.php\/produit\/forte-pharma-offre-2-expert-hyaluronic-intense-achete-1-offerte\/#breadcrumb","itemListElement":[{"@type":"ListItem","position":1,"name":"Accueil","item":"https:\/\/paracherkaoui.ma\/"},{"@type":"ListItem","position":2,"name":"Boutique","item":"https:\/\/paracherkaoui.ma\/index.php\/boutique\/"},{"@type":"ListItem","position":3,"name":"FORTE PHARMA OFFRE 2 EXPERT HYALURONIC INTENSE ACHETE 1 OFFERTE"}]},{"@type":"WebSite","@id":"https:\/\/paracherkaoui.ma\/#website","url":"https:\/\/paracherkaoui.ma\/","name":"Paracherkaoui.ma","description":"Achetez en ligne sur Paracherkaoui.ma","potentialAction":[{"@type":"SearchAction","target":{"@type":"EntryPoint","urlTemplate":"https:\/\/paracherkaoui.ma\/?s={search_term_string}"},"query-input":{"@type":"PropertyValueSpecification","valueRequired":true,"valueName":"search_term_string"}}],"inLanguage":"fr-FR"}]}},"_links":{"self":[{"href":"https:\/\/paracherkaoui.ma\/index.php\/wp-json\/wp\/v2\/product\/48276","targetHints":{"allow":["GET"]}}],"collection":[{"href":"https:\/\/paracherkaoui.ma\/index.php\/wp-json\/wp\/v2\/product"}],"about":[{"href":"https:\/\/paracherkaoui.ma\/index.php\/wp-json\/wp\/v2\/types\/product"}],"replies":[{"embeddable":true,"href":"https:\/\/paracherkaoui.ma\/index.php\/wp-json\/wp\/v2\/comments?post=48276"}],"version-history":[{"count":1,"href":"https:\/\/paracherkaoui.ma\/index.php\/wp-json\/wp\/v2\/product\/48276\/revisions"}],"predecessor-version":[{"id":48313,"href":"https:\/\/paracherkaoui.ma\/index.php\/wp-json\/wp\/v2\/product\/48276\/revisions\/48313"}],"wp:featuredmedia":[{"embeddable":true,"href":"https:\/\/paracherkaoui.ma\/index.php\/wp-json\/wp\/v2\/media\/48312"}],"wp:attachment":[{"href":"https:\/\/paracherkaoui.ma\/index.php\/wp-json\/wp\/v2\/media?parent=48276"}],"wp:term":[{"taxonomy":"product_brand","embeddable":true,"href":"https:\/\/paracherkaoui.ma\/index.php\/wp-json\/wp\/v2\/product_brand?post=48276"},{"taxonomy":"product_cat","embeddable":true,"href":"https:\/\/paracherkaoui.ma\/index.php\/wp-json\/wp\/v2\/product_cat?post=48276"},{"taxonomy":"product_tag","embeddable":true,"href":"https:\/\/paracherkaoui.ma\/index.php\/wp-json\/wp\/v2\/product_tag?post=48276"}],"curies":[{"name":"wp","href":"https:\/\/api.w.org\/{rel}","templated":true}]}}